{"id":47983,"date":"2026-01-04T01:37:04","date_gmt":"2026-01-04T00:37:04","guid":{"rendered":"https:\/\/paragaleriedetalborjt.com\/?post_type=product&#038;p=47983"},"modified":"2026-01-04T14:33:10","modified_gmt":"2026-01-04T13:33:10","slug":"fipabim-tender-heart-brume-parfumee-100ml","status":"publish","type":"product","link":"https:\/\/paragaleriedetalborjt.com\/en\/boutique\/fipabim-tender-heart-brume-parfumee-100ml\/","title":{"rendered":"Fipabim Tender Heart Brume Parfumee 100ml"},"content":{"rendered":"<div aria-labelledby=\"tab-title-description\" class=\"woocommerce-Tabs-panel woocommerce-Tabs-panel--description panel entry-content wc-tab\" id=\"tab-description\" role=\"tabpanel\" style=\"\">\n<h2>Description<\/h2>\n<div class=\"box-inner1\">\n<div class=\"box-info-des\">\n<div class=\"product attibute overview\">\n<div class=\"desc-product\">\n<p>\u00a0Nos brumes color\u00e9es et enchanteresses sont inspir\u00e9es d\u2019ingr\u00e9dients du monde entier pour vous rafra\u00eechir o\u00f9 que vous soyez.<\/p>\n<\/div>\n<\/div>\n<\/div>\n<\/div>\n<h3 class=\"title-product-box\">Conseils d\u2019utilisation<\/h3>\n<p>Vaporiser en brumisation sur tout le corps \u00e0 environ 15 cm de la peau. Pour une tenue efficace de votre brume parfum\u00e9e, vaporiser sur votre nuque, l\u2019arri\u00e8re des oreilles et l\u2019int\u00e9rieur des poignets.<\/p>\n<h3 class=\"title-product-box\">Pr\u00e9cautions d\u2019emploi<\/h3>\n<p>Avant la premi\u00e8re utilisation, tester d\u2019abord la brume sur le pli de votre coude, attendre quelques minutes pour s\u2019assurer de l\u2019absence d\u2019une \u00e9ventuelle allergie.<\/p>\n<h3 class=\"title-product-box\">INGREDIENTS<\/h3>\n<p>Alcool, aqua, fragrance, polysorbat-20, glycerin, niacinamide, capryly\/capryl glucoside, phenoxyethanol, diisopropyl adipate, triethyl citrate, ethylhexylglycerin, ci 17200.<\/p>\n<\/div>","protected":false},"excerpt":{"rendered":"<p>Highlights:Plongez dans la gaiet\u00e9 et l\u2019insouciance de votre enfance avec cette brume aux notes florales et fruit\u00e9es.<\/p>","protected":false},"featured_media":47984,"comment_status":"open","ping_status":"closed","template":"","meta":[],"pwb-brand":[2076],"product_cat":[16],"product_tag":[],"class_list":{"0":"post-47983","1":"product","2":"type-product","3":"status-publish","4":"has-post-thumbnail","6":"pwb-brand-fipabim","7":"product_cat-non-classe","8":"pa_brands-fipabim","10":"first","11":"instock","12":"sale","13":"shipping-taxable","14":"purchasable","15":"product-type-simple"},"yoast_head":"<!-- This site is optimized with the Yoast SEO plugin v26.9 - https:\/\/yoast.com\/product\/yoast-seo-wordpress\/ -->\n<title>Fipabim Tender Heart Brume Parfumee 100ml - paragaleriedetalborjt<\/title>\n<meta name=\"robots\" content=\"index, follow, max-snippet:-1, max-image-preview:large, max-video-preview:-1\" \/>\n<link rel=\"canonical\" href=\"https:\/\/paragaleriedetalborjt.com\/en\/boutique\/fipabim-tender-heart-brume-parfumee-100ml\/\" \/>\n<meta property=\"og:locale\" content=\"en_US\" \/>\n<meta property=\"og:type\" content=\"article\" \/>\n<meta property=\"og:title\" content=\"Fipabim Tender Heart Brume Parfumee 100ml - paragaleriedetalborjt\" \/>\n<meta property=\"og:description\" content=\"Highlights:Plongez dans la gaiet\u00e9 et l\u2019insouciance de votre enfance avec cette brume aux notes florales et fruit\u00e9es.\" \/>\n<meta property=\"og:url\" content=\"https:\/\/paragaleriedetalborjt.com\/en\/boutique\/fipabim-tender-heart-brume-parfumee-100ml\/\" \/>\n<meta property=\"og:site_name\" content=\"paragaleriedetalborjt\" \/>\n<meta property=\"article:modified_time\" content=\"2026-01-04T13:33:10+00:00\" \/>\n<meta property=\"og:image\" content=\"https:\/\/paragaleriedetalborjt.com\/wp-content\/uploads\/2026\/01\/Fipabim-tenderheart-Brume-parfumee-100ml.jpg\" \/>\n\t<meta property=\"og:image:width\" content=\"595\" \/>\n\t<meta property=\"og:image:height\" content=\"656\" \/>\n\t<meta property=\"og:image:type\" content=\"image\/jpeg\" \/>\n<meta name=\"twitter:card\" content=\"summary_large_image\" \/>\n<meta name=\"twitter:label1\" content=\"Est. reading time\" \/>\n\t<meta name=\"twitter:data1\" content=\"1 minute\" \/>\n<script type=\"application\/ld+json\" class=\"yoast-schema-graph\">{\"@context\":\"https:\/\/schema.org\",\"@graph\":[{\"@type\":\"WebPage\",\"@id\":\"https:\/\/paragaleriedetalborjt.com\/boutique\/fipabim-tender-heart-brume-parfumee-100ml\/\",\"url\":\"https:\/\/paragaleriedetalborjt.com\/boutique\/fipabim-tender-heart-brume-parfumee-100ml\/\",\"name\":\"Fipabim Tender Heart Brume Parfumee 100ml - paragaleriedetalborjt\",\"isPartOf\":{\"@id\":\"https:\/\/paragaleriedetalborjt.com\/#website\"},\"primaryImageOfPage\":{\"@id\":\"https:\/\/paragaleriedetalborjt.com\/boutique\/fipabim-tender-heart-brume-parfumee-100ml\/#primaryimage\"},\"image\":{\"@id\":\"https:\/\/paragaleriedetalborjt.com\/boutique\/fipabim-tender-heart-brume-parfumee-100ml\/#primaryimage\"},\"thumbnailUrl\":\"https:\/\/paragaleriedetalborjt.com\/wp-content\/uploads\/2026\/01\/Fipabim-tenderheart-Brume-parfumee-100ml.jpg\",\"datePublished\":\"2026-01-04T00:37:04+00:00\",\"dateModified\":\"2026-01-04T13:33:10+00:00\",\"breadcrumb\":{\"@id\":\"https:\/\/paragaleriedetalborjt.com\/boutique\/fipabim-tender-heart-brume-parfumee-100ml\/#breadcrumb\"},\"inLanguage\":\"en-US\",\"potentialAction\":[{\"@type\":\"ReadAction\",\"target\":[\"https:\/\/paragaleriedetalborjt.com\/boutique\/fipabim-tender-heart-brume-parfumee-100ml\/\"]}]},{\"@type\":\"ImageObject\",\"inLanguage\":\"en-US\",\"@id\":\"https:\/\/paragaleriedetalborjt.com\/boutique\/fipabim-tender-heart-brume-parfumee-100ml\/#primaryimage\",\"url\":\"https:\/\/paragaleriedetalborjt.com\/wp-content\/uploads\/2026\/01\/Fipabim-tenderheart-Brume-parfumee-100ml.jpg\",\"contentUrl\":\"https:\/\/paragaleriedetalborjt.com\/wp-content\/uploads\/2026\/01\/Fipabim-tenderheart-Brume-parfumee-100ml.jpg\",\"width\":595,\"height\":656},{\"@type\":\"BreadcrumbList\",\"@id\":\"https:\/\/paragaleriedetalborjt.com\/boutique\/fipabim-tender-heart-brume-parfumee-100ml\/#breadcrumb\",\"itemListElement\":[{\"@type\":\"ListItem\",\"position\":1,\"name\":\"Accueil\",\"item\":\"https:\/\/paragaleriedetalborjt.com\/\"},{\"@type\":\"ListItem\",\"position\":2,\"name\":\"Boutique\",\"item\":\"https:\/\/paragaleriedetalborjt.com\/boutique\/\"},{\"@type\":\"ListItem\",\"position\":3,\"name\":\"Fipabim Tender Heart Brume Parfumee 100ml\"}]},{\"@type\":\"WebSite\",\"@id\":\"https:\/\/paragaleriedetalborjt.com\/#website\",\"url\":\"https:\/\/paragaleriedetalborjt.com\/\",\"name\":\"paragaleriedetalborjt\",\"description\":\"\",\"potentialAction\":[{\"@type\":\"SearchAction\",\"target\":{\"@type\":\"EntryPoint\",\"urlTemplate\":\"https:\/\/paragaleriedetalborjt.com\/?s={search_term_string}\"},\"query-input\":{\"@type\":\"PropertyValueSpecification\",\"valueRequired\":true,\"valueName\":\"search_term_string\"}}],\"inLanguage\":\"en-US\"}]}<\/script>\n<!-- \/ Yoast SEO plugin. -->","yoast_head_json":{"title":"Fipabim Tender Heart Brume Parfumee 100ml - paragaleriedetalborjt","robots":{"index":"index","follow":"follow","max-snippet":"max-snippet:-1","max-image-preview":"max-image-preview:large","max-video-preview":"max-video-preview:-1"},"canonical":"https:\/\/paragaleriedetalborjt.com\/en\/boutique\/fipabim-tender-heart-brume-parfumee-100ml\/","og_locale":"en_US","og_type":"article","og_title":"Fipabim Tender Heart Brume Parfumee 100ml - paragaleriedetalborjt","og_description":"Highlights:Plongez dans la gaiet\u00e9 et l\u2019insouciance de votre enfance avec cette brume aux notes florales et fruit\u00e9es.","og_url":"https:\/\/paragaleriedetalborjt.com\/en\/boutique\/fipabim-tender-heart-brume-parfumee-100ml\/","og_site_name":"paragaleriedetalborjt","article_modified_time":"2026-01-04T13:33:10+00:00","og_image":[{"width":595,"height":656,"url":"https:\/\/paragaleriedetalborjt.com\/wp-content\/uploads\/2026\/01\/Fipabim-tenderheart-Brume-parfumee-100ml.jpg","type":"image\/jpeg"}],"twitter_card":"summary_large_image","twitter_misc":{"Est. reading time":"1 minute"},"schema":{"@context":"https:\/\/schema.org","@graph":[{"@type":"WebPage","@id":"https:\/\/paragaleriedetalborjt.com\/boutique\/fipabim-tender-heart-brume-parfumee-100ml\/","url":"https:\/\/paragaleriedetalborjt.com\/boutique\/fipabim-tender-heart-brume-parfumee-100ml\/","name":"Fipabim Tender Heart Brume Parfumee 100ml - paragaleriedetalborjt","isPartOf":{"@id":"https:\/\/paragaleriedetalborjt.com\/#website"},"primaryImageOfPage":{"@id":"https:\/\/paragaleriedetalborjt.com\/boutique\/fipabim-tender-heart-brume-parfumee-100ml\/#primaryimage"},"image":{"@id":"https:\/\/paragaleriedetalborjt.com\/boutique\/fipabim-tender-heart-brume-parfumee-100ml\/#primaryimage"},"thumbnailUrl":"https:\/\/paragaleriedetalborjt.com\/wp-content\/uploads\/2026\/01\/Fipabim-tenderheart-Brume-parfumee-100ml.jpg","datePublished":"2026-01-04T00:37:04+00:00","dateModified":"2026-01-04T13:33:10+00:00","breadcrumb":{"@id":"https:\/\/paragaleriedetalborjt.com\/boutique\/fipabim-tender-heart-brume-parfumee-100ml\/#breadcrumb"},"inLanguage":"en-US","potentialAction":[{"@type":"ReadAction","target":["https:\/\/paragaleriedetalborjt.com\/boutique\/fipabim-tender-heart-brume-parfumee-100ml\/"]}]},{"@type":"ImageObject","inLanguage":"en-US","@id":"https:\/\/paragaleriedetalborjt.com\/boutique\/fipabim-tender-heart-brume-parfumee-100ml\/#primaryimage","url":"https:\/\/paragaleriedetalborjt.com\/wp-content\/uploads\/2026\/01\/Fipabim-tenderheart-Brume-parfumee-100ml.jpg","contentUrl":"https:\/\/paragaleriedetalborjt.com\/wp-content\/uploads\/2026\/01\/Fipabim-tenderheart-Brume-parfumee-100ml.jpg","width":595,"height":656},{"@type":"BreadcrumbList","@id":"https:\/\/paragaleriedetalborjt.com\/boutique\/fipabim-tender-heart-brume-parfumee-100ml\/#breadcrumb","itemListElement":[{"@type":"ListItem","position":1,"name":"Accueil","item":"https:\/\/paragaleriedetalborjt.com\/"},{"@type":"ListItem","position":2,"name":"Boutique","item":"https:\/\/paragaleriedetalborjt.com\/boutique\/"},{"@type":"ListItem","position":3,"name":"Fipabim Tender Heart Brume Parfumee 100ml"}]},{"@type":"WebSite","@id":"https:\/\/paragaleriedetalborjt.com\/#website","url":"https:\/\/paragaleriedetalborjt.com\/","name":"paragaleriedetalborjt","description":"","potentialAction":[{"@type":"SearchAction","target":{"@type":"EntryPoint","urlTemplate":"https:\/\/paragaleriedetalborjt.com\/?s={search_term_string}"},"query-input":{"@type":"PropertyValueSpecification","valueRequired":true,"valueName":"search_term_string"}}],"inLanguage":"en-US"}]}},"brands":[{"id":2076,"name":"FIPABIM","slug":"fipabim"}],"_links":{"self":[{"href":"https:\/\/paragaleriedetalborjt.com\/en\/wp-json\/wp\/v2\/product\/47983","targetHints":{"allow":["GET"]}}],"collection":[{"href":"https:\/\/paragaleriedetalborjt.com\/en\/wp-json\/wp\/v2\/product"}],"about":[{"href":"https:\/\/paragaleriedetalborjt.com\/en\/wp-json\/wp\/v2\/types\/product"}],"replies":[{"embeddable":true,"href":"https:\/\/paragaleriedetalborjt.com\/en\/wp-json\/wp\/v2\/comments?post=47983"}],"version-history":[{"count":1,"href":"https:\/\/paragaleriedetalborjt.com\/en\/wp-json\/wp\/v2\/product\/47983\/revisions"}],"predecessor-version":[{"id":47985,"href":"https:\/\/paragaleriedetalborjt.com\/en\/wp-json\/wp\/v2\/product\/47983\/revisions\/47985"}],"wp:featuredmedia":[{"embeddable":true,"href":"https:\/\/paragaleriedetalborjt.com\/en\/wp-json\/wp\/v2\/media\/47984"}],"wp:attachment":[{"href":"https:\/\/paragaleriedetalborjt.com\/en\/wp-json\/wp\/v2\/media?parent=47983"}],"wp:term":[{"taxonomy":"pwb-brand","embeddable":true,"href":"https:\/\/paragaleriedetalborjt.com\/en\/wp-json\/wp\/v2\/pwb-brand?post=47983"},{"taxonomy":"product_cat","embeddable":true,"href":"https:\/\/paragaleriedetalborjt.com\/en\/wp-json\/wp\/v2\/product_cat?post=47983"},{"taxonomy":"product_tag","embeddable":true,"href":"https:\/\/paragaleriedetalborjt.com\/en\/wp-json\/wp\/v2\/product_tag?post=47983"}],"curies":[{"name":"wp","href":"https:\/\/api.w.org\/{rel}","templated":true}]}}