{"id":47959,"date":"2026-01-04T01:36:10","date_gmt":"2026-01-04T00:36:10","guid":{"rendered":"https:\/\/paragaleriedetalborjt.com\/?post_type=product&#038;p=47959"},"modified":"2026-01-04T14:33:07","modified_gmt":"2026-01-04T13:33:07","slug":"biokap-delicato-rapid-4-05-140ml-shampoing-restructurant-100ml-pack","status":"publish","type":"product","link":"https:\/\/paragaleriedetalborjt.com\/en\/boutique\/biokap-delicato-rapid-4-05-140ml-shampoing-restructurant-100ml-pack\/","title":{"rendered":"Biokap Delicato Rapid 4.05 140ml+ Shampoing Restructurant 100ml Pack"},"content":{"rendered":"<div aria-labelledby=\"tab-title-description\" class=\"woocommerce-Tabs-panel woocommerce-Tabs-panel--description panel entry-content wc-tab\" id=\"tab-description\" role=\"tabpanel\" style=\"\">\n<h2>Description<\/h2>\n<p>BioKap Nutricolor est une coloration formul\u00e9e \u00e0 base d\u2019extraits v\u00e9g\u00e9taux qui couvre parfaitement les cheveux blancs, d\u00e8s la premi\u00e8re application et pour une longue dur\u00e9e. Sa formulation exclusive alliant complexe TRICOREPAIR et HUILE D\u2019ARGAN biologique, nourrit et r\u00e9pare les cheveux pendant la coloration.<\/p>\n<\/div>","protected":false},"excerpt":{"rendered":"<p>Highlights:une coloration soin pour la beaut\u00e9 et la sant\u00e9 de vos cheveux<\/p>","protected":false},"featured_media":47960,"comment_status":"open","ping_status":"closed","template":"","meta":[],"pwb-brand":[1853],"product_cat":[16],"product_tag":[],"class_list":{"0":"post-47959","1":"product","2":"type-product","3":"status-publish","4":"has-post-thumbnail","6":"pwb-brand-biokap","7":"product_cat-non-classe","8":"pa_brands-biokap","10":"first","11":"instock","12":"sale","13":"shipping-taxable","14":"purchasable","15":"product-type-simple"},"yoast_head":"<!-- This site is optimized with the Yoast SEO plugin v27.5 - https:\/\/yoast.com\/product\/yoast-seo-wordpress\/ -->\n<title>Biokap Delicato Rapid 4.05 140ml+ Shampoing Restructurant 100ml Pack - paragaleriedetalborjt<\/title>\n<meta name=\"robots\" content=\"index, follow, max-snippet:-1, max-image-preview:large, max-video-preview:-1\" \/>\n<link rel=\"canonical\" href=\"https:\/\/paragaleriedetalborjt.com\/en\/boutique\/biokap-delicato-rapid-4-05-140ml-shampoing-restructurant-100ml-pack\/\" \/>\n<meta property=\"og:locale\" content=\"en_US\" \/>\n<meta property=\"og:type\" content=\"article\" \/>\n<meta property=\"og:title\" content=\"Biokap Delicato Rapid 4.05 140ml+ Shampoing Restructurant 100ml Pack - paragaleriedetalborjt\" \/>\n<meta property=\"og:description\" content=\"Highlights:une coloration soin pour la beaut\u00e9 et la sant\u00e9 de vos cheveux\" \/>\n<meta property=\"og:url\" content=\"https:\/\/paragaleriedetalborjt.com\/en\/boutique\/biokap-delicato-rapid-4-05-140ml-shampoing-restructurant-100ml-pack\/\" \/>\n<meta property=\"og:site_name\" content=\"paragaleriedetalborjt\" \/>\n<meta property=\"article:modified_time\" content=\"2026-01-04T13:33:07+00:00\" \/>\n<meta property=\"og:image\" content=\"https:\/\/paragaleriedetalborjt.com\/wp-content\/uploads\/2026\/01\/Biokap-delicato-rapid-8.03-140mlshamp-restructurant-100ml-pack-600x600-1.jpg\" \/>\n\t<meta property=\"og:image:width\" content=\"600\" \/>\n\t<meta property=\"og:image:height\" content=\"600\" \/>\n\t<meta property=\"og:image:type\" content=\"image\/jpeg\" \/>\n<meta name=\"twitter:card\" content=\"summary_large_image\" \/>\n<script type=\"application\/ld+json\" class=\"yoast-schema-graph\">{\"@context\":\"https:\\\/\\\/schema.org\",\"@graph\":[{\"@type\":\"WebPage\",\"@id\":\"https:\\\/\\\/paragaleriedetalborjt.com\\\/boutique\\\/biokap-delicato-rapid-4-05-140ml-shampoing-restructurant-100ml-pack\\\/\",\"url\":\"https:\\\/\\\/paragaleriedetalborjt.com\\\/boutique\\\/biokap-delicato-rapid-4-05-140ml-shampoing-restructurant-100ml-pack\\\/\",\"name\":\"Biokap Delicato Rapid 4.05 140ml+ Shampoing Restructurant 100ml Pack - paragaleriedetalborjt\",\"isPartOf\":{\"@id\":\"https:\\\/\\\/paragaleriedetalborjt.com\\\/#website\"},\"primaryImageOfPage\":{\"@id\":\"https:\\\/\\\/paragaleriedetalborjt.com\\\/boutique\\\/biokap-delicato-rapid-4-05-140ml-shampoing-restructurant-100ml-pack\\\/#primaryimage\"},\"image\":{\"@id\":\"https:\\\/\\\/paragaleriedetalborjt.com\\\/boutique\\\/biokap-delicato-rapid-4-05-140ml-shampoing-restructurant-100ml-pack\\\/#primaryimage\"},\"thumbnailUrl\":\"https:\\\/\\\/paragaleriedetalborjt.com\\\/wp-content\\\/uploads\\\/2026\\\/01\\\/Biokap-delicato-rapid-8.03-140mlshamp-restructurant-100ml-pack-600x600-1.jpg\",\"datePublished\":\"2026-01-04T00:36:10+00:00\",\"dateModified\":\"2026-01-04T13:33:07+00:00\",\"breadcrumb\":{\"@id\":\"https:\\\/\\\/paragaleriedetalborjt.com\\\/boutique\\\/biokap-delicato-rapid-4-05-140ml-shampoing-restructurant-100ml-pack\\\/#breadcrumb\"},\"inLanguage\":\"en-US\",\"potentialAction\":[{\"@type\":\"ReadAction\",\"target\":[\"https:\\\/\\\/paragaleriedetalborjt.com\\\/boutique\\\/biokap-delicato-rapid-4-05-140ml-shampoing-restructurant-100ml-pack\\\/\"]}]},{\"@type\":\"ImageObject\",\"inLanguage\":\"en-US\",\"@id\":\"https:\\\/\\\/paragaleriedetalborjt.com\\\/boutique\\\/biokap-delicato-rapid-4-05-140ml-shampoing-restructurant-100ml-pack\\\/#primaryimage\",\"url\":\"https:\\\/\\\/paragaleriedetalborjt.com\\\/wp-content\\\/uploads\\\/2026\\\/01\\\/Biokap-delicato-rapid-8.03-140mlshamp-restructurant-100ml-pack-600x600-1.jpg\",\"contentUrl\":\"https:\\\/\\\/paragaleriedetalborjt.com\\\/wp-content\\\/uploads\\\/2026\\\/01\\\/Biokap-delicato-rapid-8.03-140mlshamp-restructurant-100ml-pack-600x600-1.jpg\",\"width\":600,\"height\":600},{\"@type\":\"BreadcrumbList\",\"@id\":\"https:\\\/\\\/paragaleriedetalborjt.com\\\/boutique\\\/biokap-delicato-rapid-4-05-140ml-shampoing-restructurant-100ml-pack\\\/#breadcrumb\",\"itemListElement\":[{\"@type\":\"ListItem\",\"position\":1,\"name\":\"Accueil\",\"item\":\"https:\\\/\\\/paragaleriedetalborjt.com\\\/\"},{\"@type\":\"ListItem\",\"position\":2,\"name\":\"Boutique\",\"item\":\"https:\\\/\\\/paragaleriedetalborjt.com\\\/boutique\\\/\"},{\"@type\":\"ListItem\",\"position\":3,\"name\":\"Biokap Delicato Rapid 4.05 140ml+ Shampoing Restructurant 100ml Pack\"}]},{\"@type\":\"WebSite\",\"@id\":\"https:\\\/\\\/paragaleriedetalborjt.com\\\/#website\",\"url\":\"https:\\\/\\\/paragaleriedetalborjt.com\\\/\",\"name\":\"paragaleriedetalborjt\",\"description\":\"\",\"potentialAction\":[{\"@type\":\"SearchAction\",\"target\":{\"@type\":\"EntryPoint\",\"urlTemplate\":\"https:\\\/\\\/paragaleriedetalborjt.com\\\/?s={search_term_string}\"},\"query-input\":{\"@type\":\"PropertyValueSpecification\",\"valueRequired\":true,\"valueName\":\"search_term_string\"}}],\"inLanguage\":\"en-US\"}]}<\/script>\n<!-- \/ Yoast SEO plugin. -->","yoast_head_json":{"title":"Biokap Delicato Rapid 4.05 140ml+ Shampoing Restructurant 100ml Pack - paragaleriedetalborjt","robots":{"index":"index","follow":"follow","max-snippet":"max-snippet:-1","max-image-preview":"max-image-preview:large","max-video-preview":"max-video-preview:-1"},"canonical":"https:\/\/paragaleriedetalborjt.com\/en\/boutique\/biokap-delicato-rapid-4-05-140ml-shampoing-restructurant-100ml-pack\/","og_locale":"en_US","og_type":"article","og_title":"Biokap Delicato Rapid 4.05 140ml+ Shampoing Restructurant 100ml Pack - paragaleriedetalborjt","og_description":"Highlights:une coloration soin pour la beaut\u00e9 et la sant\u00e9 de vos cheveux","og_url":"https:\/\/paragaleriedetalborjt.com\/en\/boutique\/biokap-delicato-rapid-4-05-140ml-shampoing-restructurant-100ml-pack\/","og_site_name":"paragaleriedetalborjt","article_modified_time":"2026-01-04T13:33:07+00:00","og_image":[{"width":600,"height":600,"url":"https:\/\/paragaleriedetalborjt.com\/wp-content\/uploads\/2026\/01\/Biokap-delicato-rapid-8.03-140mlshamp-restructurant-100ml-pack-600x600-1.jpg","type":"image\/jpeg"}],"twitter_card":"summary_large_image","schema":{"@context":"https:\/\/schema.org","@graph":[{"@type":"WebPage","@id":"https:\/\/paragaleriedetalborjt.com\/boutique\/biokap-delicato-rapid-4-05-140ml-shampoing-restructurant-100ml-pack\/","url":"https:\/\/paragaleriedetalborjt.com\/boutique\/biokap-delicato-rapid-4-05-140ml-shampoing-restructurant-100ml-pack\/","name":"Biokap Delicato Rapid 4.05 140ml+ Shampoing Restructurant 100ml Pack - paragaleriedetalborjt","isPartOf":{"@id":"https:\/\/paragaleriedetalborjt.com\/#website"},"primaryImageOfPage":{"@id":"https:\/\/paragaleriedetalborjt.com\/boutique\/biokap-delicato-rapid-4-05-140ml-shampoing-restructurant-100ml-pack\/#primaryimage"},"image":{"@id":"https:\/\/paragaleriedetalborjt.com\/boutique\/biokap-delicato-rapid-4-05-140ml-shampoing-restructurant-100ml-pack\/#primaryimage"},"thumbnailUrl":"https:\/\/paragaleriedetalborjt.com\/wp-content\/uploads\/2026\/01\/Biokap-delicato-rapid-8.03-140mlshamp-restructurant-100ml-pack-600x600-1.jpg","datePublished":"2026-01-04T00:36:10+00:00","dateModified":"2026-01-04T13:33:07+00:00","breadcrumb":{"@id":"https:\/\/paragaleriedetalborjt.com\/boutique\/biokap-delicato-rapid-4-05-140ml-shampoing-restructurant-100ml-pack\/#breadcrumb"},"inLanguage":"en-US","potentialAction":[{"@type":"ReadAction","target":["https:\/\/paragaleriedetalborjt.com\/boutique\/biokap-delicato-rapid-4-05-140ml-shampoing-restructurant-100ml-pack\/"]}]},{"@type":"ImageObject","inLanguage":"en-US","@id":"https:\/\/paragaleriedetalborjt.com\/boutique\/biokap-delicato-rapid-4-05-140ml-shampoing-restructurant-100ml-pack\/#primaryimage","url":"https:\/\/paragaleriedetalborjt.com\/wp-content\/uploads\/2026\/01\/Biokap-delicato-rapid-8.03-140mlshamp-restructurant-100ml-pack-600x600-1.jpg","contentUrl":"https:\/\/paragaleriedetalborjt.com\/wp-content\/uploads\/2026\/01\/Biokap-delicato-rapid-8.03-140mlshamp-restructurant-100ml-pack-600x600-1.jpg","width":600,"height":600},{"@type":"BreadcrumbList","@id":"https:\/\/paragaleriedetalborjt.com\/boutique\/biokap-delicato-rapid-4-05-140ml-shampoing-restructurant-100ml-pack\/#breadcrumb","itemListElement":[{"@type":"ListItem","position":1,"name":"Accueil","item":"https:\/\/paragaleriedetalborjt.com\/"},{"@type":"ListItem","position":2,"name":"Boutique","item":"https:\/\/paragaleriedetalborjt.com\/boutique\/"},{"@type":"ListItem","position":3,"name":"Biokap Delicato Rapid 4.05 140ml+ Shampoing Restructurant 100ml Pack"}]},{"@type":"WebSite","@id":"https:\/\/paragaleriedetalborjt.com\/#website","url":"https:\/\/paragaleriedetalborjt.com\/","name":"paragaleriedetalborjt","description":"","potentialAction":[{"@type":"SearchAction","target":{"@type":"EntryPoint","urlTemplate":"https:\/\/paragaleriedetalborjt.com\/?s={search_term_string}"},"query-input":{"@type":"PropertyValueSpecification","valueRequired":true,"valueName":"search_term_string"}}],"inLanguage":"en-US"}]}},"brands":[{"id":1853,"name":"BIOKAP","slug":"biokap"}],"_links":{"self":[{"href":"https:\/\/paragaleriedetalborjt.com\/en\/wp-json\/wp\/v2\/product\/47959","targetHints":{"allow":["GET"]}}],"collection":[{"href":"https:\/\/paragaleriedetalborjt.com\/en\/wp-json\/wp\/v2\/product"}],"about":[{"href":"https:\/\/paragaleriedetalborjt.com\/en\/wp-json\/wp\/v2\/types\/product"}],"replies":[{"embeddable":true,"href":"https:\/\/paragaleriedetalborjt.com\/en\/wp-json\/wp\/v2\/comments?post=47959"}],"version-history":[{"count":1,"href":"https:\/\/paragaleriedetalborjt.com\/en\/wp-json\/wp\/v2\/product\/47959\/revisions"}],"predecessor-version":[{"id":47961,"href":"https:\/\/paragaleriedetalborjt.com\/en\/wp-json\/wp\/v2\/product\/47959\/revisions\/47961"}],"wp:featuredmedia":[{"embeddable":true,"href":"https:\/\/paragaleriedetalborjt.com\/en\/wp-json\/wp\/v2\/media\/47960"}],"wp:attachment":[{"href":"https:\/\/paragaleriedetalborjt.com\/en\/wp-json\/wp\/v2\/media?parent=47959"}],"wp:term":[{"taxonomy":"pwb-brand","embeddable":true,"href":"https:\/\/paragaleriedetalborjt.com\/en\/wp-json\/wp\/v2\/pwb-brand?post=47959"},{"taxonomy":"product_cat","embeddable":true,"href":"https:\/\/paragaleriedetalborjt.com\/en\/wp-json\/wp\/v2\/product_cat?post=47959"},{"taxonomy":"product_tag","embeddable":true,"href":"https:\/\/paragaleriedetalborjt.com\/en\/wp-json\/wp\/v2\/product_tag?post=47959"}],"curies":[{"name":"wp","href":"https:\/\/api.w.org\/{rel}","templated":true}]}}