{"id":47920,"date":"2026-01-04T01:34:33","date_gmt":"2026-01-04T00:34:33","guid":{"rendered":"https:\/\/paragaleriedetalborjt.com\/?post_type=product&#038;p=47920"},"modified":"2026-01-04T14:32:59","modified_gmt":"2026-01-04T13:32:59","slug":"ziaja-sun-huile-solaire-spray-spf6-125ml","status":"publish","type":"product","link":"https:\/\/paragaleriedetalborjt.com\/en\/boutique\/ziaja-sun-huile-solaire-spray-spf6-125ml\/","title":{"rendered":"Ziaja Sun Huile Solaire Spray Spf6 125ml"},"content":{"rendered":"<div aria-labelledby=\"tab-title-description\" class=\"woocommerce-Tabs-panel woocommerce-Tabs-panel--description panel entry-content wc-tab\" id=\"tab-description\" role=\"tabpanel\" style=\"\">\n<h2>Description<\/h2>\n<p>Huile solaire r\u00e9sistante \u00e0 l\u2019eau en spray SPF 6 pour les peaux fonc\u00e9es ou d\u00e9j\u00e0 bronz\u00e9es. Prot\u00e8ge la peau contre les rayons UV nocifs.<\/p>\n<p>Pr\u00e9vient les br\u00fblures et le vieillissement de la peau dus \u00e0 l\u2019exposition au soleil.<\/p>\n<p>Prot\u00e8ge contre la d\u00e9shydratation et ne provoque pas d\u2019irritations de la peau.<\/p>\n<p>Appliquez une grande quantit\u00e9 d\u2019huile 15 minutes avant l\u2019exposition au soleil. Renouvelez fr\u00e9quemment l\u2019application pendant le bain de soleil, surtout apr\u00e8s avoir nag\u00e9, s\u2019\u00eatre essuy\u00e9 ou avoir transpir\u00e9.<\/p>\n<p>Evitez le contact avec les yeux et les textiles.<\/p>\n<p>Une exposition excessive au soleil peut entra\u00eener des risques pour la sant\u00e9.<\/p>\n<p>Le produit ne garantit pas une protection \u00e0 100 % contre les rayons UV.<\/p>\n<div id=\"gtx-trans\">\n<div class=\"gtx-trans-icon\"><\/div>\n<\/div>\n<\/div>","protected":false},"excerpt":{"rendered":"<p>Highlights:Pr\u00e9vient les br\u00fblures et le vieillissement de la peau dus \u00e0 l\u2019exposition au soleil.Prot\u00e8ge contre la d\u00e9shydratation et ne provoque pas d\u2019irritations de la peau.<\/p>","protected":false},"featured_media":47921,"comment_status":"open","ping_status":"closed","template":"","meta":[],"pwb-brand":[1637],"product_cat":[16],"product_tag":[],"class_list":{"0":"post-47920","1":"product","2":"type-product","3":"status-publish","4":"has-post-thumbnail","6":"pwb-brand-ziaja","7":"product_cat-non-classe","8":"pa_brands-ziaja","10":"first","11":"instock","12":"sale","13":"shipping-taxable","14":"purchasable","15":"product-type-simple"},"yoast_head":"<!-- This site is optimized with the Yoast SEO plugin v27.5 - https:\/\/yoast.com\/product\/yoast-seo-wordpress\/ -->\n<title>Ziaja Sun Huile Solaire Spray Spf6 125ml - paragaleriedetalborjt<\/title>\n<meta name=\"robots\" content=\"index, follow, max-snippet:-1, max-image-preview:large, max-video-preview:-1\" \/>\n<link rel=\"canonical\" href=\"https:\/\/paragaleriedetalborjt.com\/en\/boutique\/ziaja-sun-huile-solaire-spray-spf6-125ml\/\" \/>\n<meta property=\"og:locale\" content=\"en_US\" \/>\n<meta property=\"og:type\" content=\"article\" \/>\n<meta property=\"og:title\" content=\"Ziaja Sun Huile Solaire Spray Spf6 125ml - paragaleriedetalborjt\" \/>\n<meta property=\"og:description\" content=\"Highlights:Pr\u00e9vient les br\u00fblures et le vieillissement de la peau dus \u00e0 l\u2019exposition au soleil.Prot\u00e8ge contre la d\u00e9shydratation et ne provoque pas d\u2019irritations de la peau.\" \/>\n<meta property=\"og:url\" content=\"https:\/\/paragaleriedetalborjt.com\/en\/boutique\/ziaja-sun-huile-solaire-spray-spf6-125ml\/\" \/>\n<meta property=\"og:site_name\" content=\"paragaleriedetalborjt\" \/>\n<meta property=\"article:modified_time\" content=\"2026-01-04T13:32:59+00:00\" \/>\n<meta property=\"og:image\" content=\"https:\/\/paragaleriedetalborjt.com\/wp-content\/uploads\/2026\/01\/Ziaja-sun-Huile-solaire-spray-spf6-125ml.jpg\" \/>\n\t<meta property=\"og:image:width\" content=\"595\" \/>\n\t<meta property=\"og:image:height\" content=\"655\" \/>\n\t<meta property=\"og:image:type\" content=\"image\/jpeg\" \/>\n<meta name=\"twitter:card\" content=\"summary_large_image\" \/>\n<meta name=\"twitter:label1\" content=\"Est. reading time\" \/>\n\t<meta name=\"twitter:data1\" content=\"1 minute\" \/>\n<script type=\"application\/ld+json\" class=\"yoast-schema-graph\">{\"@context\":\"https:\\\/\\\/schema.org\",\"@graph\":[{\"@type\":\"WebPage\",\"@id\":\"https:\\\/\\\/paragaleriedetalborjt.com\\\/boutique\\\/ziaja-sun-huile-solaire-spray-spf6-125ml\\\/\",\"url\":\"https:\\\/\\\/paragaleriedetalborjt.com\\\/boutique\\\/ziaja-sun-huile-solaire-spray-spf6-125ml\\\/\",\"name\":\"Ziaja Sun Huile Solaire Spray Spf6 125ml - paragaleriedetalborjt\",\"isPartOf\":{\"@id\":\"https:\\\/\\\/paragaleriedetalborjt.com\\\/#website\"},\"primaryImageOfPage\":{\"@id\":\"https:\\\/\\\/paragaleriedetalborjt.com\\\/boutique\\\/ziaja-sun-huile-solaire-spray-spf6-125ml\\\/#primaryimage\"},\"image\":{\"@id\":\"https:\\\/\\\/paragaleriedetalborjt.com\\\/boutique\\\/ziaja-sun-huile-solaire-spray-spf6-125ml\\\/#primaryimage\"},\"thumbnailUrl\":\"https:\\\/\\\/paragaleriedetalborjt.com\\\/wp-content\\\/uploads\\\/2026\\\/01\\\/Ziaja-sun-Huile-solaire-spray-spf6-125ml.jpg\",\"datePublished\":\"2026-01-04T00:34:33+00:00\",\"dateModified\":\"2026-01-04T13:32:59+00:00\",\"breadcrumb\":{\"@id\":\"https:\\\/\\\/paragaleriedetalborjt.com\\\/boutique\\\/ziaja-sun-huile-solaire-spray-spf6-125ml\\\/#breadcrumb\"},\"inLanguage\":\"en-US\",\"potentialAction\":[{\"@type\":\"ReadAction\",\"target\":[\"https:\\\/\\\/paragaleriedetalborjt.com\\\/boutique\\\/ziaja-sun-huile-solaire-spray-spf6-125ml\\\/\"]}]},{\"@type\":\"ImageObject\",\"inLanguage\":\"en-US\",\"@id\":\"https:\\\/\\\/paragaleriedetalborjt.com\\\/boutique\\\/ziaja-sun-huile-solaire-spray-spf6-125ml\\\/#primaryimage\",\"url\":\"https:\\\/\\\/paragaleriedetalborjt.com\\\/wp-content\\\/uploads\\\/2026\\\/01\\\/Ziaja-sun-Huile-solaire-spray-spf6-125ml.jpg\",\"contentUrl\":\"https:\\\/\\\/paragaleriedetalborjt.com\\\/wp-content\\\/uploads\\\/2026\\\/01\\\/Ziaja-sun-Huile-solaire-spray-spf6-125ml.jpg\",\"width\":595,\"height\":655},{\"@type\":\"BreadcrumbList\",\"@id\":\"https:\\\/\\\/paragaleriedetalborjt.com\\\/boutique\\\/ziaja-sun-huile-solaire-spray-spf6-125ml\\\/#breadcrumb\",\"itemListElement\":[{\"@type\":\"ListItem\",\"position\":1,\"name\":\"Accueil\",\"item\":\"https:\\\/\\\/paragaleriedetalborjt.com\\\/\"},{\"@type\":\"ListItem\",\"position\":2,\"name\":\"Boutique\",\"item\":\"https:\\\/\\\/paragaleriedetalborjt.com\\\/boutique\\\/\"},{\"@type\":\"ListItem\",\"position\":3,\"name\":\"Ziaja Sun Huile Solaire Spray Spf6 125ml\"}]},{\"@type\":\"WebSite\",\"@id\":\"https:\\\/\\\/paragaleriedetalborjt.com\\\/#website\",\"url\":\"https:\\\/\\\/paragaleriedetalborjt.com\\\/\",\"name\":\"paragaleriedetalborjt\",\"description\":\"\",\"potentialAction\":[{\"@type\":\"SearchAction\",\"target\":{\"@type\":\"EntryPoint\",\"urlTemplate\":\"https:\\\/\\\/paragaleriedetalborjt.com\\\/?s={search_term_string}\"},\"query-input\":{\"@type\":\"PropertyValueSpecification\",\"valueRequired\":true,\"valueName\":\"search_term_string\"}}],\"inLanguage\":\"en-US\"}]}<\/script>\n<!-- \/ Yoast SEO plugin. -->","yoast_head_json":{"title":"Ziaja Sun Huile Solaire Spray Spf6 125ml - paragaleriedetalborjt","robots":{"index":"index","follow":"follow","max-snippet":"max-snippet:-1","max-image-preview":"max-image-preview:large","max-video-preview":"max-video-preview:-1"},"canonical":"https:\/\/paragaleriedetalborjt.com\/en\/boutique\/ziaja-sun-huile-solaire-spray-spf6-125ml\/","og_locale":"en_US","og_type":"article","og_title":"Ziaja Sun Huile Solaire Spray Spf6 125ml - paragaleriedetalborjt","og_description":"Highlights:Pr\u00e9vient les br\u00fblures et le vieillissement de la peau dus \u00e0 l\u2019exposition au soleil.Prot\u00e8ge contre la d\u00e9shydratation et ne provoque pas d\u2019irritations de la peau.","og_url":"https:\/\/paragaleriedetalborjt.com\/en\/boutique\/ziaja-sun-huile-solaire-spray-spf6-125ml\/","og_site_name":"paragaleriedetalborjt","article_modified_time":"2026-01-04T13:32:59+00:00","og_image":[{"width":595,"height":655,"url":"https:\/\/paragaleriedetalborjt.com\/wp-content\/uploads\/2026\/01\/Ziaja-sun-Huile-solaire-spray-spf6-125ml.jpg","type":"image\/jpeg"}],"twitter_card":"summary_large_image","twitter_misc":{"Est. reading time":"1 minute"},"schema":{"@context":"https:\/\/schema.org","@graph":[{"@type":"WebPage","@id":"https:\/\/paragaleriedetalborjt.com\/boutique\/ziaja-sun-huile-solaire-spray-spf6-125ml\/","url":"https:\/\/paragaleriedetalborjt.com\/boutique\/ziaja-sun-huile-solaire-spray-spf6-125ml\/","name":"Ziaja Sun Huile Solaire Spray Spf6 125ml - paragaleriedetalborjt","isPartOf":{"@id":"https:\/\/paragaleriedetalborjt.com\/#website"},"primaryImageOfPage":{"@id":"https:\/\/paragaleriedetalborjt.com\/boutique\/ziaja-sun-huile-solaire-spray-spf6-125ml\/#primaryimage"},"image":{"@id":"https:\/\/paragaleriedetalborjt.com\/boutique\/ziaja-sun-huile-solaire-spray-spf6-125ml\/#primaryimage"},"thumbnailUrl":"https:\/\/paragaleriedetalborjt.com\/wp-content\/uploads\/2026\/01\/Ziaja-sun-Huile-solaire-spray-spf6-125ml.jpg","datePublished":"2026-01-04T00:34:33+00:00","dateModified":"2026-01-04T13:32:59+00:00","breadcrumb":{"@id":"https:\/\/paragaleriedetalborjt.com\/boutique\/ziaja-sun-huile-solaire-spray-spf6-125ml\/#breadcrumb"},"inLanguage":"en-US","potentialAction":[{"@type":"ReadAction","target":["https:\/\/paragaleriedetalborjt.com\/boutique\/ziaja-sun-huile-solaire-spray-spf6-125ml\/"]}]},{"@type":"ImageObject","inLanguage":"en-US","@id":"https:\/\/paragaleriedetalborjt.com\/boutique\/ziaja-sun-huile-solaire-spray-spf6-125ml\/#primaryimage","url":"https:\/\/paragaleriedetalborjt.com\/wp-content\/uploads\/2026\/01\/Ziaja-sun-Huile-solaire-spray-spf6-125ml.jpg","contentUrl":"https:\/\/paragaleriedetalborjt.com\/wp-content\/uploads\/2026\/01\/Ziaja-sun-Huile-solaire-spray-spf6-125ml.jpg","width":595,"height":655},{"@type":"BreadcrumbList","@id":"https:\/\/paragaleriedetalborjt.com\/boutique\/ziaja-sun-huile-solaire-spray-spf6-125ml\/#breadcrumb","itemListElement":[{"@type":"ListItem","position":1,"name":"Accueil","item":"https:\/\/paragaleriedetalborjt.com\/"},{"@type":"ListItem","position":2,"name":"Boutique","item":"https:\/\/paragaleriedetalborjt.com\/boutique\/"},{"@type":"ListItem","position":3,"name":"Ziaja Sun Huile Solaire Spray Spf6 125ml"}]},{"@type":"WebSite","@id":"https:\/\/paragaleriedetalborjt.com\/#website","url":"https:\/\/paragaleriedetalborjt.com\/","name":"paragaleriedetalborjt","description":"","potentialAction":[{"@type":"SearchAction","target":{"@type":"EntryPoint","urlTemplate":"https:\/\/paragaleriedetalborjt.com\/?s={search_term_string}"},"query-input":{"@type":"PropertyValueSpecification","valueRequired":true,"valueName":"search_term_string"}}],"inLanguage":"en-US"}]}},"brands":[{"id":1637,"name":"ZIAJA","slug":"ziaja"}],"_links":{"self":[{"href":"https:\/\/paragaleriedetalborjt.com\/en\/wp-json\/wp\/v2\/product\/47920","targetHints":{"allow":["GET"]}}],"collection":[{"href":"https:\/\/paragaleriedetalborjt.com\/en\/wp-json\/wp\/v2\/product"}],"about":[{"href":"https:\/\/paragaleriedetalborjt.com\/en\/wp-json\/wp\/v2\/types\/product"}],"replies":[{"embeddable":true,"href":"https:\/\/paragaleriedetalborjt.com\/en\/wp-json\/wp\/v2\/comments?post=47920"}],"version-history":[{"count":1,"href":"https:\/\/paragaleriedetalborjt.com\/en\/wp-json\/wp\/v2\/product\/47920\/revisions"}],"predecessor-version":[{"id":47922,"href":"https:\/\/paragaleriedetalborjt.com\/en\/wp-json\/wp\/v2\/product\/47920\/revisions\/47922"}],"wp:featuredmedia":[{"embeddable":true,"href":"https:\/\/paragaleriedetalborjt.com\/en\/wp-json\/wp\/v2\/media\/47921"}],"wp:attachment":[{"href":"https:\/\/paragaleriedetalborjt.com\/en\/wp-json\/wp\/v2\/media?parent=47920"}],"wp:term":[{"taxonomy":"pwb-brand","embeddable":true,"href":"https:\/\/paragaleriedetalborjt.com\/en\/wp-json\/wp\/v2\/pwb-brand?post=47920"},{"taxonomy":"product_cat","embeddable":true,"href":"https:\/\/paragaleriedetalborjt.com\/en\/wp-json\/wp\/v2\/product_cat?post=47920"},{"taxonomy":"product_tag","embeddable":true,"href":"https:\/\/paragaleriedetalborjt.com\/en\/wp-json\/wp\/v2\/product_tag?post=47920"}],"curies":[{"name":"wp","href":"https:\/\/api.w.org\/{rel}","templated":true}]}}