{"id":47899,"date":"2026-01-04T01:33:46","date_gmt":"2026-01-04T00:33:46","guid":{"rendered":"https:\/\/paragaleriedetalborjt.com\/?post_type=product&#038;p=47899"},"modified":"2026-01-04T14:32:56","modified_gmt":"2026-01-04T13:32:56","slug":"avene-antirougeurs-jour-emulsion-hydratante-protectrice-spf-20-40-ml","status":"publish","type":"product","link":"https:\/\/paragaleriedetalborjt.com\/en\/boutique\/avene-antirougeurs-jour-emulsion-hydratante-protectrice-spf-20-40-ml\/","title":{"rendered":"Av\u00e8ne Antirougeurs Jour \u2013 Emulsion Hydratante Protectrice Spf 20 \u2013 40 ml"},"content":{"rendered":"<div aria-labelledby=\"tab-title-description\" class=\"woocommerce-Tabs-panel woocommerce-Tabs-panel--description panel entry-content wc-tab\" id=\"tab-description\" role=\"tabpanel\" style=\"\">\n<h2>Description<\/h2>\n<p>Antirougeurs JOUR Emulsion apaisante est particuli\u00e8rement indiqu\u00e9e pour les peaux sensibles, normales \u00e0 mixtes sujettes aux rougeurs et \u00e0 tendance couperosique. Chaque jour, Antirougeurs JOUR Emulsion apaise, att\u00e9nue et pr\u00e9vient les rougeurs cutan\u00e9es.<br \/>\nAdapt\u00e9e aux peaux normales \u00e0 mixtes, sa texture l\u00e9g\u00e8re non grasse laisse la peau douce et confortable toute la journ\u00e9e.<\/p>\n<\/div>","protected":false},"excerpt":{"rendered":"<p>Highlights:Chaque jour, Antirougeurs JOUR Emulsion apaise, att\u00e9nue et pr\u00e9venient les rougeurs cutan\u00e9es.Adapt\u00e9e aux peaux normales \u00e0 mixtes, sa texture l\u00e9g\u00e8re non grasse laisse la peau douce et confortable toute la journ\u00e9e.<\/p>","protected":false},"featured_media":47900,"comment_status":"open","ping_status":"closed","template":"","meta":[],"pwb-brand":[1771],"product_cat":[16],"product_tag":[],"class_list":{"0":"post-47899","1":"product","2":"type-product","3":"status-publish","4":"has-post-thumbnail","6":"pwb-brand-avene","7":"product_cat-non-classe","8":"pa_brands-avene","10":"first","11":"instock","12":"sale","13":"shipping-taxable","14":"purchasable","15":"product-type-simple"},"yoast_head":"<!-- This site is optimized with the Yoast SEO plugin v27.5 - https:\/\/yoast.com\/product\/yoast-seo-wordpress\/ -->\n<title>Av\u00e8ne Antirougeurs Jour \u2013 Emulsion Hydratante Protectrice Spf 20 \u2013 40 ml - paragaleriedetalborjt<\/title>\n<meta name=\"robots\" content=\"index, follow, max-snippet:-1, max-image-preview:large, max-video-preview:-1\" \/>\n<link rel=\"canonical\" href=\"https:\/\/paragaleriedetalborjt.com\/en\/boutique\/avene-antirougeurs-jour-emulsion-hydratante-protectrice-spf-20-40-ml\/\" \/>\n<meta property=\"og:locale\" content=\"en_US\" \/>\n<meta property=\"og:type\" content=\"article\" \/>\n<meta property=\"og:title\" content=\"Av\u00e8ne Antirougeurs Jour \u2013 Emulsion Hydratante Protectrice Spf 20 \u2013 40 ml - paragaleriedetalborjt\" \/>\n<meta property=\"og:description\" content=\"Highlights:Chaque jour, Antirougeurs JOUR Emulsion apaise, att\u00e9nue et pr\u00e9venient les rougeurs cutan\u00e9es.Adapt\u00e9e aux peaux normales \u00e0 mixtes, sa texture l\u00e9g\u00e8re non grasse laisse la peau douce et confortable toute la journ\u00e9e.\" \/>\n<meta property=\"og:url\" content=\"https:\/\/paragaleriedetalborjt.com\/en\/boutique\/avene-antirougeurs-jour-emulsion-hydratante-protectrice-spf-20-40-ml\/\" \/>\n<meta property=\"og:site_name\" content=\"paragaleriedetalborjt\" \/>\n<meta property=\"article:modified_time\" content=\"2026-01-04T13:32:56+00:00\" \/>\n<meta property=\"og:image\" content=\"https:\/\/paragaleriedetalborjt.com\/wp-content\/uploads\/2026\/01\/Antirougeurs-JOUR-Emulsion-Hydratante-Protectrice-40ml-3282779310673-avene.jpg\" \/>\n\t<meta property=\"og:image:width\" content=\"595\" \/>\n\t<meta property=\"og:image:height\" content=\"655\" \/>\n\t<meta property=\"og:image:type\" content=\"image\/jpeg\" \/>\n<meta name=\"twitter:card\" content=\"summary_large_image\" \/>\n<script type=\"application\/ld+json\" class=\"yoast-schema-graph\">{\"@context\":\"https:\\\/\\\/schema.org\",\"@graph\":[{\"@type\":\"WebPage\",\"@id\":\"https:\\\/\\\/paragaleriedetalborjt.com\\\/boutique\\\/avene-antirougeurs-jour-emulsion-hydratante-protectrice-spf-20-40-ml\\\/\",\"url\":\"https:\\\/\\\/paragaleriedetalborjt.com\\\/boutique\\\/avene-antirougeurs-jour-emulsion-hydratante-protectrice-spf-20-40-ml\\\/\",\"name\":\"Av\u00e8ne Antirougeurs Jour \u2013 Emulsion Hydratante Protectrice Spf 20 \u2013 40 ml - paragaleriedetalborjt\",\"isPartOf\":{\"@id\":\"https:\\\/\\\/paragaleriedetalborjt.com\\\/#website\"},\"primaryImageOfPage\":{\"@id\":\"https:\\\/\\\/paragaleriedetalborjt.com\\\/boutique\\\/avene-antirougeurs-jour-emulsion-hydratante-protectrice-spf-20-40-ml\\\/#primaryimage\"},\"image\":{\"@id\":\"https:\\\/\\\/paragaleriedetalborjt.com\\\/boutique\\\/avene-antirougeurs-jour-emulsion-hydratante-protectrice-spf-20-40-ml\\\/#primaryimage\"},\"thumbnailUrl\":\"https:\\\/\\\/paragaleriedetalborjt.com\\\/wp-content\\\/uploads\\\/2026\\\/01\\\/Antirougeurs-JOUR-Emulsion-Hydratante-Protectrice-40ml-3282779310673-avene.jpg\",\"datePublished\":\"2026-01-04T00:33:46+00:00\",\"dateModified\":\"2026-01-04T13:32:56+00:00\",\"breadcrumb\":{\"@id\":\"https:\\\/\\\/paragaleriedetalborjt.com\\\/boutique\\\/avene-antirougeurs-jour-emulsion-hydratante-protectrice-spf-20-40-ml\\\/#breadcrumb\"},\"inLanguage\":\"en-US\",\"potentialAction\":[{\"@type\":\"ReadAction\",\"target\":[\"https:\\\/\\\/paragaleriedetalborjt.com\\\/boutique\\\/avene-antirougeurs-jour-emulsion-hydratante-protectrice-spf-20-40-ml\\\/\"]}]},{\"@type\":\"ImageObject\",\"inLanguage\":\"en-US\",\"@id\":\"https:\\\/\\\/paragaleriedetalborjt.com\\\/boutique\\\/avene-antirougeurs-jour-emulsion-hydratante-protectrice-spf-20-40-ml\\\/#primaryimage\",\"url\":\"https:\\\/\\\/paragaleriedetalborjt.com\\\/wp-content\\\/uploads\\\/2026\\\/01\\\/Antirougeurs-JOUR-Emulsion-Hydratante-Protectrice-40ml-3282779310673-avene.jpg\",\"contentUrl\":\"https:\\\/\\\/paragaleriedetalborjt.com\\\/wp-content\\\/uploads\\\/2026\\\/01\\\/Antirougeurs-JOUR-Emulsion-Hydratante-Protectrice-40ml-3282779310673-avene.jpg\",\"width\":595,\"height\":655},{\"@type\":\"BreadcrumbList\",\"@id\":\"https:\\\/\\\/paragaleriedetalborjt.com\\\/boutique\\\/avene-antirougeurs-jour-emulsion-hydratante-protectrice-spf-20-40-ml\\\/#breadcrumb\",\"itemListElement\":[{\"@type\":\"ListItem\",\"position\":1,\"name\":\"Accueil\",\"item\":\"https:\\\/\\\/paragaleriedetalborjt.com\\\/\"},{\"@type\":\"ListItem\",\"position\":2,\"name\":\"Boutique\",\"item\":\"https:\\\/\\\/paragaleriedetalborjt.com\\\/boutique\\\/\"},{\"@type\":\"ListItem\",\"position\":3,\"name\":\"Av\u00e8ne Antirougeurs Jour \u2013 Emulsion Hydratante Protectrice Spf 20 \u2013 40 ml\"}]},{\"@type\":\"WebSite\",\"@id\":\"https:\\\/\\\/paragaleriedetalborjt.com\\\/#website\",\"url\":\"https:\\\/\\\/paragaleriedetalborjt.com\\\/\",\"name\":\"paragaleriedetalborjt\",\"description\":\"\",\"potentialAction\":[{\"@type\":\"SearchAction\",\"target\":{\"@type\":\"EntryPoint\",\"urlTemplate\":\"https:\\\/\\\/paragaleriedetalborjt.com\\\/?s={search_term_string}\"},\"query-input\":{\"@type\":\"PropertyValueSpecification\",\"valueRequired\":true,\"valueName\":\"search_term_string\"}}],\"inLanguage\":\"en-US\"}]}<\/script>\n<!-- \/ Yoast SEO plugin. -->","yoast_head_json":{"title":"Av\u00e8ne Antirougeurs Jour \u2013 Emulsion Hydratante Protectrice Spf 20 \u2013 40 ml - paragaleriedetalborjt","robots":{"index":"index","follow":"follow","max-snippet":"max-snippet:-1","max-image-preview":"max-image-preview:large","max-video-preview":"max-video-preview:-1"},"canonical":"https:\/\/paragaleriedetalborjt.com\/en\/boutique\/avene-antirougeurs-jour-emulsion-hydratante-protectrice-spf-20-40-ml\/","og_locale":"en_US","og_type":"article","og_title":"Av\u00e8ne Antirougeurs Jour \u2013 Emulsion Hydratante Protectrice Spf 20 \u2013 40 ml - paragaleriedetalborjt","og_description":"Highlights:Chaque jour, Antirougeurs JOUR Emulsion apaise, att\u00e9nue et pr\u00e9venient les rougeurs cutan\u00e9es.Adapt\u00e9e aux peaux normales \u00e0 mixtes, sa texture l\u00e9g\u00e8re non grasse laisse la peau douce et confortable toute la journ\u00e9e.","og_url":"https:\/\/paragaleriedetalborjt.com\/en\/boutique\/avene-antirougeurs-jour-emulsion-hydratante-protectrice-spf-20-40-ml\/","og_site_name":"paragaleriedetalborjt","article_modified_time":"2026-01-04T13:32:56+00:00","og_image":[{"width":595,"height":655,"url":"https:\/\/paragaleriedetalborjt.com\/wp-content\/uploads\/2026\/01\/Antirougeurs-JOUR-Emulsion-Hydratante-Protectrice-40ml-3282779310673-avene.jpg","type":"image\/jpeg"}],"twitter_card":"summary_large_image","schema":{"@context":"https:\/\/schema.org","@graph":[{"@type":"WebPage","@id":"https:\/\/paragaleriedetalborjt.com\/boutique\/avene-antirougeurs-jour-emulsion-hydratante-protectrice-spf-20-40-ml\/","url":"https:\/\/paragaleriedetalborjt.com\/boutique\/avene-antirougeurs-jour-emulsion-hydratante-protectrice-spf-20-40-ml\/","name":"Av\u00e8ne Antirougeurs Jour \u2013 Emulsion Hydratante Protectrice Spf 20 \u2013 40 ml - paragaleriedetalborjt","isPartOf":{"@id":"https:\/\/paragaleriedetalborjt.com\/#website"},"primaryImageOfPage":{"@id":"https:\/\/paragaleriedetalborjt.com\/boutique\/avene-antirougeurs-jour-emulsion-hydratante-protectrice-spf-20-40-ml\/#primaryimage"},"image":{"@id":"https:\/\/paragaleriedetalborjt.com\/boutique\/avene-antirougeurs-jour-emulsion-hydratante-protectrice-spf-20-40-ml\/#primaryimage"},"thumbnailUrl":"https:\/\/paragaleriedetalborjt.com\/wp-content\/uploads\/2026\/01\/Antirougeurs-JOUR-Emulsion-Hydratante-Protectrice-40ml-3282779310673-avene.jpg","datePublished":"2026-01-04T00:33:46+00:00","dateModified":"2026-01-04T13:32:56+00:00","breadcrumb":{"@id":"https:\/\/paragaleriedetalborjt.com\/boutique\/avene-antirougeurs-jour-emulsion-hydratante-protectrice-spf-20-40-ml\/#breadcrumb"},"inLanguage":"en-US","potentialAction":[{"@type":"ReadAction","target":["https:\/\/paragaleriedetalborjt.com\/boutique\/avene-antirougeurs-jour-emulsion-hydratante-protectrice-spf-20-40-ml\/"]}]},{"@type":"ImageObject","inLanguage":"en-US","@id":"https:\/\/paragaleriedetalborjt.com\/boutique\/avene-antirougeurs-jour-emulsion-hydratante-protectrice-spf-20-40-ml\/#primaryimage","url":"https:\/\/paragaleriedetalborjt.com\/wp-content\/uploads\/2026\/01\/Antirougeurs-JOUR-Emulsion-Hydratante-Protectrice-40ml-3282779310673-avene.jpg","contentUrl":"https:\/\/paragaleriedetalborjt.com\/wp-content\/uploads\/2026\/01\/Antirougeurs-JOUR-Emulsion-Hydratante-Protectrice-40ml-3282779310673-avene.jpg","width":595,"height":655},{"@type":"BreadcrumbList","@id":"https:\/\/paragaleriedetalborjt.com\/boutique\/avene-antirougeurs-jour-emulsion-hydratante-protectrice-spf-20-40-ml\/#breadcrumb","itemListElement":[{"@type":"ListItem","position":1,"name":"Accueil","item":"https:\/\/paragaleriedetalborjt.com\/"},{"@type":"ListItem","position":2,"name":"Boutique","item":"https:\/\/paragaleriedetalborjt.com\/boutique\/"},{"@type":"ListItem","position":3,"name":"Av\u00e8ne Antirougeurs Jour \u2013 Emulsion Hydratante Protectrice Spf 20 \u2013 40 ml"}]},{"@type":"WebSite","@id":"https:\/\/paragaleriedetalborjt.com\/#website","url":"https:\/\/paragaleriedetalborjt.com\/","name":"paragaleriedetalborjt","description":"","potentialAction":[{"@type":"SearchAction","target":{"@type":"EntryPoint","urlTemplate":"https:\/\/paragaleriedetalborjt.com\/?s={search_term_string}"},"query-input":{"@type":"PropertyValueSpecification","valueRequired":true,"valueName":"search_term_string"}}],"inLanguage":"en-US"}]}},"brands":[{"id":1771,"name":"AV\u00c8NE","slug":"avene"}],"_links":{"self":[{"href":"https:\/\/paragaleriedetalborjt.com\/en\/wp-json\/wp\/v2\/product\/47899","targetHints":{"allow":["GET"]}}],"collection":[{"href":"https:\/\/paragaleriedetalborjt.com\/en\/wp-json\/wp\/v2\/product"}],"about":[{"href":"https:\/\/paragaleriedetalborjt.com\/en\/wp-json\/wp\/v2\/types\/product"}],"replies":[{"embeddable":true,"href":"https:\/\/paragaleriedetalborjt.com\/en\/wp-json\/wp\/v2\/comments?post=47899"}],"version-history":[{"count":1,"href":"https:\/\/paragaleriedetalborjt.com\/en\/wp-json\/wp\/v2\/product\/47899\/revisions"}],"predecessor-version":[{"id":47901,"href":"https:\/\/paragaleriedetalborjt.com\/en\/wp-json\/wp\/v2\/product\/47899\/revisions\/47901"}],"wp:featuredmedia":[{"embeddable":true,"href":"https:\/\/paragaleriedetalborjt.com\/en\/wp-json\/wp\/v2\/media\/47900"}],"wp:attachment":[{"href":"https:\/\/paragaleriedetalborjt.com\/en\/wp-json\/wp\/v2\/media?parent=47899"}],"wp:term":[{"taxonomy":"pwb-brand","embeddable":true,"href":"https:\/\/paragaleriedetalborjt.com\/en\/wp-json\/wp\/v2\/pwb-brand?post=47899"},{"taxonomy":"product_cat","embeddable":true,"href":"https:\/\/paragaleriedetalborjt.com\/en\/wp-json\/wp\/v2\/product_cat?post=47899"},{"taxonomy":"product_tag","embeddable":true,"href":"https:\/\/paragaleriedetalborjt.com\/en\/wp-json\/wp\/v2\/product_tag?post=47899"}],"curies":[{"name":"wp","href":"https:\/\/api.w.org\/{rel}","templated":true}]}}