{"id":47443,"date":"2026-01-04T01:15:27","date_gmt":"2026-01-04T00:15:27","guid":{"rendered":"https:\/\/paragaleriedetalborjt.com\/?post_type=product&#038;p=47443"},"modified":"2026-01-04T14:31:37","modified_gmt":"2026-01-04T13:31:37","slug":"puressentiel-anti-poux-traitement-complet-lotion-flacon-de-100-ml","status":"publish","type":"product","link":"https:\/\/paragaleriedetalborjt.com\/en\/boutique\/puressentiel-anti-poux-traitement-complet-lotion-flacon-de-100-ml\/","title":{"rendered":"Puressentiel anti-poux traitement complet lotion \u2013 flacon de 100 ml"},"content":{"rendered":"<div aria-labelledby=\"tab-title-description\" class=\"woocommerce-Tabs-panel woocommerce-Tabs-panel--description panel entry-content wc-tab\" id=\"tab-description\" role=\"tabpanel\" style=\"\">\n<h2>Description<\/h2>\n<p><strong>Puressentiel anti-poux<\/strong>\u00a0\u00e9limine poux, larves et lentes en toute s\u00e9curit\u00e9. Sa formule 100% naturelle, sans insecticide neurotoxique associe :<\/p>\n<p>des huiles v\u00e9g\u00e9tales de coco, calophyllum, jojoba, tournesol, amande douce, ricin, qui agissent de fa\u00e7on m\u00e9canique, par obstruction des orifices respiratoires des poux, larves et lentes. Gr\u00e2ce \u00e0 ce m\u00e9canisme d\u2019asphyxie, les poux ne peuvent pas d\u00e9velopper de r\u00e9sistance.<\/p>\n<h2>UTILISATION<\/h2>\n<p>Appliquer g\u00e9n\u00e9reusement raide par raie\u00a0<strong>Puressentiel anti-poux<\/strong>\u00a0sur cheveux secs de fa\u00e7on \u00e0 obtenir une impr\u00e9gnation compl\u00e8te.\u00a0Laisser agir 10 minutes. Laver les cheveux avec le shampooing Puressentiel Pouxdoux ou avec votre shampooing habituel. passer soigneusement le peigne \u00e0 poux pour retirer les lentes, les larves et les poux morts.<\/p>\n<p>Une deuxi\u00e8me application 3 jours plus tard est n\u00e9cessaire.<\/p>\n<\/div>","protected":false},"excerpt":{"rendered":"<p>Highlights:Puressentiel anti-poux traitement complet lotion\u00a0se pr\u00e9sente sous la forme d\u2019un flacon de 100 ml.<\/p>","protected":false},"featured_media":47444,"comment_status":"open","ping_status":"closed","template":"","meta":[],"pwb-brand":[1824],"product_cat":[16],"product_tag":[],"class_list":{"0":"post-47443","1":"product","2":"type-product","3":"status-publish","4":"has-post-thumbnail","6":"pwb-brand-puressentiel","7":"product_cat-non-classe","8":"pa_brands-puressentiel","10":"first","11":"instock","12":"sale","13":"shipping-taxable","14":"purchasable","15":"product-type-simple"},"yoast_head":"<!-- This site is optimized with the Yoast SEO plugin v27.5 - https:\/\/yoast.com\/product\/yoast-seo-wordpress\/ -->\n<title>Puressentiel anti-poux traitement complet lotion \u2013 flacon de 100 ml - paragaleriedetalborjt<\/title>\n<meta name=\"robots\" content=\"index, follow, max-snippet:-1, max-image-preview:large, max-video-preview:-1\" \/>\n<link rel=\"canonical\" href=\"https:\/\/paragaleriedetalborjt.com\/en\/boutique\/puressentiel-anti-poux-traitement-complet-lotion-flacon-de-100-ml\/\" \/>\n<meta property=\"og:locale\" content=\"en_US\" \/>\n<meta property=\"og:type\" content=\"article\" \/>\n<meta property=\"og:title\" content=\"Puressentiel anti-poux traitement complet lotion \u2013 flacon de 100 ml - paragaleriedetalborjt\" \/>\n<meta property=\"og:description\" content=\"Highlights:Puressentiel anti-poux traitement complet lotion\u00a0se pr\u00e9sente sous la forme d\u2019un flacon de 100 ml.\" \/>\n<meta property=\"og:url\" content=\"https:\/\/paragaleriedetalborjt.com\/en\/boutique\/puressentiel-anti-poux-traitement-complet-lotion-flacon-de-100-ml\/\" \/>\n<meta property=\"og:site_name\" content=\"paragaleriedetalborjt\" \/>\n<meta property=\"article:modified_time\" content=\"2026-01-04T13:31:37+00:00\" \/>\n<meta property=\"og:image\" content=\"https:\/\/paragaleriedetalborjt.com\/wp-content\/uploads\/2026\/01\/Layer-1-17.jpg\" \/>\n\t<meta property=\"og:image:width\" content=\"595\" \/>\n\t<meta property=\"og:image:height\" content=\"735\" \/>\n\t<meta property=\"og:image:type\" content=\"image\/jpeg\" \/>\n<meta name=\"twitter:card\" content=\"summary_large_image\" \/>\n<meta name=\"twitter:label1\" content=\"Est. reading time\" \/>\n\t<meta name=\"twitter:data1\" content=\"1 minute\" \/>\n<script type=\"application\/ld+json\" class=\"yoast-schema-graph\">{\"@context\":\"https:\\\/\\\/schema.org\",\"@graph\":[{\"@type\":\"WebPage\",\"@id\":\"https:\\\/\\\/paragaleriedetalborjt.com\\\/boutique\\\/puressentiel-anti-poux-traitement-complet-lotion-flacon-de-100-ml\\\/\",\"url\":\"https:\\\/\\\/paragaleriedetalborjt.com\\\/boutique\\\/puressentiel-anti-poux-traitement-complet-lotion-flacon-de-100-ml\\\/\",\"name\":\"Puressentiel anti-poux traitement complet lotion \u2013 flacon de 100 ml - paragaleriedetalborjt\",\"isPartOf\":{\"@id\":\"https:\\\/\\\/paragaleriedetalborjt.com\\\/#website\"},\"primaryImageOfPage\":{\"@id\":\"https:\\\/\\\/paragaleriedetalborjt.com\\\/boutique\\\/puressentiel-anti-poux-traitement-complet-lotion-flacon-de-100-ml\\\/#primaryimage\"},\"image\":{\"@id\":\"https:\\\/\\\/paragaleriedetalborjt.com\\\/boutique\\\/puressentiel-anti-poux-traitement-complet-lotion-flacon-de-100-ml\\\/#primaryimage\"},\"thumbnailUrl\":\"https:\\\/\\\/paragaleriedetalborjt.com\\\/wp-content\\\/uploads\\\/2026\\\/01\\\/Layer-1-17.jpg\",\"datePublished\":\"2026-01-04T00:15:27+00:00\",\"dateModified\":\"2026-01-04T13:31:37+00:00\",\"breadcrumb\":{\"@id\":\"https:\\\/\\\/paragaleriedetalborjt.com\\\/boutique\\\/puressentiel-anti-poux-traitement-complet-lotion-flacon-de-100-ml\\\/#breadcrumb\"},\"inLanguage\":\"en-US\",\"potentialAction\":[{\"@type\":\"ReadAction\",\"target\":[\"https:\\\/\\\/paragaleriedetalborjt.com\\\/boutique\\\/puressentiel-anti-poux-traitement-complet-lotion-flacon-de-100-ml\\\/\"]}]},{\"@type\":\"ImageObject\",\"inLanguage\":\"en-US\",\"@id\":\"https:\\\/\\\/paragaleriedetalborjt.com\\\/boutique\\\/puressentiel-anti-poux-traitement-complet-lotion-flacon-de-100-ml\\\/#primaryimage\",\"url\":\"https:\\\/\\\/paragaleriedetalborjt.com\\\/wp-content\\\/uploads\\\/2026\\\/01\\\/Layer-1-17.jpg\",\"contentUrl\":\"https:\\\/\\\/paragaleriedetalborjt.com\\\/wp-content\\\/uploads\\\/2026\\\/01\\\/Layer-1-17.jpg\",\"width\":595,\"height\":735},{\"@type\":\"BreadcrumbList\",\"@id\":\"https:\\\/\\\/paragaleriedetalborjt.com\\\/boutique\\\/puressentiel-anti-poux-traitement-complet-lotion-flacon-de-100-ml\\\/#breadcrumb\",\"itemListElement\":[{\"@type\":\"ListItem\",\"position\":1,\"name\":\"Accueil\",\"item\":\"https:\\\/\\\/paragaleriedetalborjt.com\\\/\"},{\"@type\":\"ListItem\",\"position\":2,\"name\":\"Boutique\",\"item\":\"https:\\\/\\\/paragaleriedetalborjt.com\\\/boutique\\\/\"},{\"@type\":\"ListItem\",\"position\":3,\"name\":\"Puressentiel anti-poux traitement complet lotion \u2013 flacon de 100 ml\"}]},{\"@type\":\"WebSite\",\"@id\":\"https:\\\/\\\/paragaleriedetalborjt.com\\\/#website\",\"url\":\"https:\\\/\\\/paragaleriedetalborjt.com\\\/\",\"name\":\"paragaleriedetalborjt\",\"description\":\"\",\"potentialAction\":[{\"@type\":\"SearchAction\",\"target\":{\"@type\":\"EntryPoint\",\"urlTemplate\":\"https:\\\/\\\/paragaleriedetalborjt.com\\\/?s={search_term_string}\"},\"query-input\":{\"@type\":\"PropertyValueSpecification\",\"valueRequired\":true,\"valueName\":\"search_term_string\"}}],\"inLanguage\":\"en-US\"}]}<\/script>\n<!-- \/ Yoast SEO plugin. -->","yoast_head_json":{"title":"Puressentiel anti-poux traitement complet lotion \u2013 flacon de 100 ml - paragaleriedetalborjt","robots":{"index":"index","follow":"follow","max-snippet":"max-snippet:-1","max-image-preview":"max-image-preview:large","max-video-preview":"max-video-preview:-1"},"canonical":"https:\/\/paragaleriedetalborjt.com\/en\/boutique\/puressentiel-anti-poux-traitement-complet-lotion-flacon-de-100-ml\/","og_locale":"en_US","og_type":"article","og_title":"Puressentiel anti-poux traitement complet lotion \u2013 flacon de 100 ml - paragaleriedetalborjt","og_description":"Highlights:Puressentiel anti-poux traitement complet lotion\u00a0se pr\u00e9sente sous la forme d\u2019un flacon de 100 ml.","og_url":"https:\/\/paragaleriedetalborjt.com\/en\/boutique\/puressentiel-anti-poux-traitement-complet-lotion-flacon-de-100-ml\/","og_site_name":"paragaleriedetalborjt","article_modified_time":"2026-01-04T13:31:37+00:00","og_image":[{"width":595,"height":735,"url":"https:\/\/paragaleriedetalborjt.com\/wp-content\/uploads\/2026\/01\/Layer-1-17.jpg","type":"image\/jpeg"}],"twitter_card":"summary_large_image","twitter_misc":{"Est. reading time":"1 minute"},"schema":{"@context":"https:\/\/schema.org","@graph":[{"@type":"WebPage","@id":"https:\/\/paragaleriedetalborjt.com\/boutique\/puressentiel-anti-poux-traitement-complet-lotion-flacon-de-100-ml\/","url":"https:\/\/paragaleriedetalborjt.com\/boutique\/puressentiel-anti-poux-traitement-complet-lotion-flacon-de-100-ml\/","name":"Puressentiel anti-poux traitement complet lotion \u2013 flacon de 100 ml - paragaleriedetalborjt","isPartOf":{"@id":"https:\/\/paragaleriedetalborjt.com\/#website"},"primaryImageOfPage":{"@id":"https:\/\/paragaleriedetalborjt.com\/boutique\/puressentiel-anti-poux-traitement-complet-lotion-flacon-de-100-ml\/#primaryimage"},"image":{"@id":"https:\/\/paragaleriedetalborjt.com\/boutique\/puressentiel-anti-poux-traitement-complet-lotion-flacon-de-100-ml\/#primaryimage"},"thumbnailUrl":"https:\/\/paragaleriedetalborjt.com\/wp-content\/uploads\/2026\/01\/Layer-1-17.jpg","datePublished":"2026-01-04T00:15:27+00:00","dateModified":"2026-01-04T13:31:37+00:00","breadcrumb":{"@id":"https:\/\/paragaleriedetalborjt.com\/boutique\/puressentiel-anti-poux-traitement-complet-lotion-flacon-de-100-ml\/#breadcrumb"},"inLanguage":"en-US","potentialAction":[{"@type":"ReadAction","target":["https:\/\/paragaleriedetalborjt.com\/boutique\/puressentiel-anti-poux-traitement-complet-lotion-flacon-de-100-ml\/"]}]},{"@type":"ImageObject","inLanguage":"en-US","@id":"https:\/\/paragaleriedetalborjt.com\/boutique\/puressentiel-anti-poux-traitement-complet-lotion-flacon-de-100-ml\/#primaryimage","url":"https:\/\/paragaleriedetalborjt.com\/wp-content\/uploads\/2026\/01\/Layer-1-17.jpg","contentUrl":"https:\/\/paragaleriedetalborjt.com\/wp-content\/uploads\/2026\/01\/Layer-1-17.jpg","width":595,"height":735},{"@type":"BreadcrumbList","@id":"https:\/\/paragaleriedetalborjt.com\/boutique\/puressentiel-anti-poux-traitement-complet-lotion-flacon-de-100-ml\/#breadcrumb","itemListElement":[{"@type":"ListItem","position":1,"name":"Accueil","item":"https:\/\/paragaleriedetalborjt.com\/"},{"@type":"ListItem","position":2,"name":"Boutique","item":"https:\/\/paragaleriedetalborjt.com\/boutique\/"},{"@type":"ListItem","position":3,"name":"Puressentiel anti-poux traitement complet lotion \u2013 flacon de 100 ml"}]},{"@type":"WebSite","@id":"https:\/\/paragaleriedetalborjt.com\/#website","url":"https:\/\/paragaleriedetalborjt.com\/","name":"paragaleriedetalborjt","description":"","potentialAction":[{"@type":"SearchAction","target":{"@type":"EntryPoint","urlTemplate":"https:\/\/paragaleriedetalborjt.com\/?s={search_term_string}"},"query-input":{"@type":"PropertyValueSpecification","valueRequired":true,"valueName":"search_term_string"}}],"inLanguage":"en-US"}]}},"brands":[{"id":1824,"name":"PURESSENTIEL","slug":"puressentiel"}],"_links":{"self":[{"href":"https:\/\/paragaleriedetalborjt.com\/en\/wp-json\/wp\/v2\/product\/47443","targetHints":{"allow":["GET"]}}],"collection":[{"href":"https:\/\/paragaleriedetalborjt.com\/en\/wp-json\/wp\/v2\/product"}],"about":[{"href":"https:\/\/paragaleriedetalborjt.com\/en\/wp-json\/wp\/v2\/types\/product"}],"replies":[{"embeddable":true,"href":"https:\/\/paragaleriedetalborjt.com\/en\/wp-json\/wp\/v2\/comments?post=47443"}],"version-history":[{"count":1,"href":"https:\/\/paragaleriedetalborjt.com\/en\/wp-json\/wp\/v2\/product\/47443\/revisions"}],"predecessor-version":[{"id":47445,"href":"https:\/\/paragaleriedetalborjt.com\/en\/wp-json\/wp\/v2\/product\/47443\/revisions\/47445"}],"wp:featuredmedia":[{"embeddable":true,"href":"https:\/\/paragaleriedetalborjt.com\/en\/wp-json\/wp\/v2\/media\/47444"}],"wp:attachment":[{"href":"https:\/\/paragaleriedetalborjt.com\/en\/wp-json\/wp\/v2\/media?parent=47443"}],"wp:term":[{"taxonomy":"pwb-brand","embeddable":true,"href":"https:\/\/paragaleriedetalborjt.com\/en\/wp-json\/wp\/v2\/pwb-brand?post=47443"},{"taxonomy":"product_cat","embeddable":true,"href":"https:\/\/paragaleriedetalborjt.com\/en\/wp-json\/wp\/v2\/product_cat?post=47443"},{"taxonomy":"product_tag","embeddable":true,"href":"https:\/\/paragaleriedetalborjt.com\/en\/wp-json\/wp\/v2\/product_tag?post=47443"}],"curies":[{"name":"wp","href":"https:\/\/api.w.org\/{rel}","templated":true}]}}