{"id":47422,"date":"2026-01-04T01:14:43","date_gmt":"2026-01-04T00:14:43","guid":{"rendered":"https:\/\/paragaleriedetalborjt.com\/?post_type=product&#038;p=47422"},"modified":"2026-01-04T14:31:34","modified_gmt":"2026-01-04T13:31:34","slug":"puressentiel-assainissant-spray-aerien-41-huiles-essentielles-spray-de-500-ml","status":"publish","type":"product","link":"https:\/\/paragaleriedetalborjt.com\/en\/boutique\/puressentiel-assainissant-spray-aerien-41-huiles-essentielles-spray-de-500-ml\/","title":{"rendered":"Puressentiel assainissant spray a\u00e9rien 41 huiles essentielles \u2013 spray de 500 ml"},"content":{"rendered":"<div aria-labelledby=\"tab-title-description\" class=\"woocommerce-Tabs-panel woocommerce-Tabs-panel--description panel entry-content wc-tab\" id=\"tab-description\" role=\"tabpanel\" style=\"\">\n<h2>Description<\/h2>\n<p>Puisque plusieurs facteurs peuvent venir polluer l\u2019air, m\u00eame \u00e0 l\u2019int\u00e9rieur de la maison, il convient de recourir \u00e0 un produit assainissant. Il y a ici l\u2019Assainissant Spray Aerien 41 Huiles Essentielles 500ml Puressentiel qui vous permet de mieux purifier l\u2019air chez vous. Ce\u00a0Spray Assainissant contient\u00a041\u00a0Huiles Essentielles.<\/p>\n<p>\u00a0<\/p>\n<p>Ce spray a\u00e9rien de 500\u00a0ml vous offre \u00e9galement l\u2019opportunit\u00e9 de vous d\u00e9barrasser des sources d\u2019allergie qui stagnent dans votre logement. Vous aurez ainsi un environnement assaini et purifi\u00e9 qui vous apporte bien-\u00eatre et confort. L\u2019association des 41 huiles v\u00e9g\u00e9tales lib\u00e8re les bact\u00e9ries et les microbes environnants.<\/p>\n<\/div>","protected":false},"excerpt":{"rendered":"<p>Highlights:Puressentiel assainissant spray a\u00e9rien 41 huiles essentiellesse pr\u00e9sente sous la forme d\u2019un spray de 500 ml<\/p>","protected":false},"featured_media":47423,"comment_status":"open","ping_status":"closed","template":"","meta":[],"pwb-brand":[1824],"product_cat":[16],"product_tag":[],"class_list":{"0":"post-47422","1":"product","2":"type-product","3":"status-publish","4":"has-post-thumbnail","6":"pwb-brand-puressentiel","7":"product_cat-non-classe","8":"pa_brands-puressentiel","10":"first","11":"instock","12":"sale","13":"shipping-taxable","14":"purchasable","15":"product-type-simple"},"yoast_head":"<!-- This site is optimized with the Yoast SEO plugin v27.5 - https:\/\/yoast.com\/product\/yoast-seo-wordpress\/ -->\n<title>Puressentiel assainissant spray a\u00e9rien 41 huiles essentielles \u2013 spray de 500 ml - paragaleriedetalborjt<\/title>\n<meta name=\"robots\" content=\"index, follow, max-snippet:-1, max-image-preview:large, max-video-preview:-1\" \/>\n<link rel=\"canonical\" href=\"https:\/\/paragaleriedetalborjt.com\/en\/boutique\/puressentiel-assainissant-spray-aerien-41-huiles-essentielles-spray-de-500-ml\/\" \/>\n<meta property=\"og:locale\" content=\"en_US\" \/>\n<meta property=\"og:type\" content=\"article\" \/>\n<meta property=\"og:title\" content=\"Puressentiel assainissant spray a\u00e9rien 41 huiles essentielles \u2013 spray de 500 ml - paragaleriedetalborjt\" \/>\n<meta property=\"og:description\" content=\"Highlights:Puressentiel assainissant spray a\u00e9rien 41 huiles essentiellesse pr\u00e9sente sous la forme d\u2019un spray de 500 ml\" \/>\n<meta property=\"og:url\" content=\"https:\/\/paragaleriedetalborjt.com\/en\/boutique\/puressentiel-assainissant-spray-aerien-41-huiles-essentielles-spray-de-500-ml\/\" \/>\n<meta property=\"og:site_name\" content=\"paragaleriedetalborjt\" \/>\n<meta property=\"article:modified_time\" content=\"2026-01-04T13:31:34+00:00\" \/>\n<meta property=\"og:image\" content=\"https:\/\/paragaleriedetalborjt.com\/wp-content\/uploads\/2026\/01\/Layer-1-25.jpg\" \/>\n\t<meta property=\"og:image:width\" content=\"595\" \/>\n\t<meta property=\"og:image:height\" content=\"735\" \/>\n\t<meta property=\"og:image:type\" content=\"image\/jpeg\" \/>\n<meta name=\"twitter:card\" content=\"summary_large_image\" \/>\n<meta name=\"twitter:label1\" content=\"Est. reading time\" \/>\n\t<meta name=\"twitter:data1\" content=\"1 minute\" \/>\n<script type=\"application\/ld+json\" class=\"yoast-schema-graph\">{\"@context\":\"https:\\\/\\\/schema.org\",\"@graph\":[{\"@type\":\"WebPage\",\"@id\":\"https:\\\/\\\/paragaleriedetalborjt.com\\\/boutique\\\/puressentiel-assainissant-spray-aerien-41-huiles-essentielles-spray-de-500-ml\\\/\",\"url\":\"https:\\\/\\\/paragaleriedetalborjt.com\\\/boutique\\\/puressentiel-assainissant-spray-aerien-41-huiles-essentielles-spray-de-500-ml\\\/\",\"name\":\"Puressentiel assainissant spray a\u00e9rien 41 huiles essentielles \u2013 spray de 500 ml - paragaleriedetalborjt\",\"isPartOf\":{\"@id\":\"https:\\\/\\\/paragaleriedetalborjt.com\\\/#website\"},\"primaryImageOfPage\":{\"@id\":\"https:\\\/\\\/paragaleriedetalborjt.com\\\/boutique\\\/puressentiel-assainissant-spray-aerien-41-huiles-essentielles-spray-de-500-ml\\\/#primaryimage\"},\"image\":{\"@id\":\"https:\\\/\\\/paragaleriedetalborjt.com\\\/boutique\\\/puressentiel-assainissant-spray-aerien-41-huiles-essentielles-spray-de-500-ml\\\/#primaryimage\"},\"thumbnailUrl\":\"https:\\\/\\\/paragaleriedetalborjt.com\\\/wp-content\\\/uploads\\\/2026\\\/01\\\/Layer-1-25.jpg\",\"datePublished\":\"2026-01-04T00:14:43+00:00\",\"dateModified\":\"2026-01-04T13:31:34+00:00\",\"breadcrumb\":{\"@id\":\"https:\\\/\\\/paragaleriedetalborjt.com\\\/boutique\\\/puressentiel-assainissant-spray-aerien-41-huiles-essentielles-spray-de-500-ml\\\/#breadcrumb\"},\"inLanguage\":\"en-US\",\"potentialAction\":[{\"@type\":\"ReadAction\",\"target\":[\"https:\\\/\\\/paragaleriedetalborjt.com\\\/boutique\\\/puressentiel-assainissant-spray-aerien-41-huiles-essentielles-spray-de-500-ml\\\/\"]}]},{\"@type\":\"ImageObject\",\"inLanguage\":\"en-US\",\"@id\":\"https:\\\/\\\/paragaleriedetalborjt.com\\\/boutique\\\/puressentiel-assainissant-spray-aerien-41-huiles-essentielles-spray-de-500-ml\\\/#primaryimage\",\"url\":\"https:\\\/\\\/paragaleriedetalborjt.com\\\/wp-content\\\/uploads\\\/2026\\\/01\\\/Layer-1-25.jpg\",\"contentUrl\":\"https:\\\/\\\/paragaleriedetalborjt.com\\\/wp-content\\\/uploads\\\/2026\\\/01\\\/Layer-1-25.jpg\",\"width\":595,\"height\":735},{\"@type\":\"BreadcrumbList\",\"@id\":\"https:\\\/\\\/paragaleriedetalborjt.com\\\/boutique\\\/puressentiel-assainissant-spray-aerien-41-huiles-essentielles-spray-de-500-ml\\\/#breadcrumb\",\"itemListElement\":[{\"@type\":\"ListItem\",\"position\":1,\"name\":\"Accueil\",\"item\":\"https:\\\/\\\/paragaleriedetalborjt.com\\\/\"},{\"@type\":\"ListItem\",\"position\":2,\"name\":\"Boutique\",\"item\":\"https:\\\/\\\/paragaleriedetalborjt.com\\\/boutique\\\/\"},{\"@type\":\"ListItem\",\"position\":3,\"name\":\"Puressentiel assainissant spray a\u00e9rien 41 huiles essentielles \u2013 spray de 500 ml\"}]},{\"@type\":\"WebSite\",\"@id\":\"https:\\\/\\\/paragaleriedetalborjt.com\\\/#website\",\"url\":\"https:\\\/\\\/paragaleriedetalborjt.com\\\/\",\"name\":\"paragaleriedetalborjt\",\"description\":\"\",\"potentialAction\":[{\"@type\":\"SearchAction\",\"target\":{\"@type\":\"EntryPoint\",\"urlTemplate\":\"https:\\\/\\\/paragaleriedetalborjt.com\\\/?s={search_term_string}\"},\"query-input\":{\"@type\":\"PropertyValueSpecification\",\"valueRequired\":true,\"valueName\":\"search_term_string\"}}],\"inLanguage\":\"en-US\"}]}<\/script>\n<!-- \/ Yoast SEO plugin. -->","yoast_head_json":{"title":"Puressentiel assainissant spray a\u00e9rien 41 huiles essentielles \u2013 spray de 500 ml - paragaleriedetalborjt","robots":{"index":"index","follow":"follow","max-snippet":"max-snippet:-1","max-image-preview":"max-image-preview:large","max-video-preview":"max-video-preview:-1"},"canonical":"https:\/\/paragaleriedetalborjt.com\/en\/boutique\/puressentiel-assainissant-spray-aerien-41-huiles-essentielles-spray-de-500-ml\/","og_locale":"en_US","og_type":"article","og_title":"Puressentiel assainissant spray a\u00e9rien 41 huiles essentielles \u2013 spray de 500 ml - paragaleriedetalborjt","og_description":"Highlights:Puressentiel assainissant spray a\u00e9rien 41 huiles essentiellesse pr\u00e9sente sous la forme d\u2019un spray de 500 ml","og_url":"https:\/\/paragaleriedetalborjt.com\/en\/boutique\/puressentiel-assainissant-spray-aerien-41-huiles-essentielles-spray-de-500-ml\/","og_site_name":"paragaleriedetalborjt","article_modified_time":"2026-01-04T13:31:34+00:00","og_image":[{"width":595,"height":735,"url":"https:\/\/paragaleriedetalborjt.com\/wp-content\/uploads\/2026\/01\/Layer-1-25.jpg","type":"image\/jpeg"}],"twitter_card":"summary_large_image","twitter_misc":{"Est. reading time":"1 minute"},"schema":{"@context":"https:\/\/schema.org","@graph":[{"@type":"WebPage","@id":"https:\/\/paragaleriedetalborjt.com\/boutique\/puressentiel-assainissant-spray-aerien-41-huiles-essentielles-spray-de-500-ml\/","url":"https:\/\/paragaleriedetalborjt.com\/boutique\/puressentiel-assainissant-spray-aerien-41-huiles-essentielles-spray-de-500-ml\/","name":"Puressentiel assainissant spray a\u00e9rien 41 huiles essentielles \u2013 spray de 500 ml - paragaleriedetalborjt","isPartOf":{"@id":"https:\/\/paragaleriedetalborjt.com\/#website"},"primaryImageOfPage":{"@id":"https:\/\/paragaleriedetalborjt.com\/boutique\/puressentiel-assainissant-spray-aerien-41-huiles-essentielles-spray-de-500-ml\/#primaryimage"},"image":{"@id":"https:\/\/paragaleriedetalborjt.com\/boutique\/puressentiel-assainissant-spray-aerien-41-huiles-essentielles-spray-de-500-ml\/#primaryimage"},"thumbnailUrl":"https:\/\/paragaleriedetalborjt.com\/wp-content\/uploads\/2026\/01\/Layer-1-25.jpg","datePublished":"2026-01-04T00:14:43+00:00","dateModified":"2026-01-04T13:31:34+00:00","breadcrumb":{"@id":"https:\/\/paragaleriedetalborjt.com\/boutique\/puressentiel-assainissant-spray-aerien-41-huiles-essentielles-spray-de-500-ml\/#breadcrumb"},"inLanguage":"en-US","potentialAction":[{"@type":"ReadAction","target":["https:\/\/paragaleriedetalborjt.com\/boutique\/puressentiel-assainissant-spray-aerien-41-huiles-essentielles-spray-de-500-ml\/"]}]},{"@type":"ImageObject","inLanguage":"en-US","@id":"https:\/\/paragaleriedetalborjt.com\/boutique\/puressentiel-assainissant-spray-aerien-41-huiles-essentielles-spray-de-500-ml\/#primaryimage","url":"https:\/\/paragaleriedetalborjt.com\/wp-content\/uploads\/2026\/01\/Layer-1-25.jpg","contentUrl":"https:\/\/paragaleriedetalborjt.com\/wp-content\/uploads\/2026\/01\/Layer-1-25.jpg","width":595,"height":735},{"@type":"BreadcrumbList","@id":"https:\/\/paragaleriedetalborjt.com\/boutique\/puressentiel-assainissant-spray-aerien-41-huiles-essentielles-spray-de-500-ml\/#breadcrumb","itemListElement":[{"@type":"ListItem","position":1,"name":"Accueil","item":"https:\/\/paragaleriedetalborjt.com\/"},{"@type":"ListItem","position":2,"name":"Boutique","item":"https:\/\/paragaleriedetalborjt.com\/boutique\/"},{"@type":"ListItem","position":3,"name":"Puressentiel assainissant spray a\u00e9rien 41 huiles essentielles \u2013 spray de 500 ml"}]},{"@type":"WebSite","@id":"https:\/\/paragaleriedetalborjt.com\/#website","url":"https:\/\/paragaleriedetalborjt.com\/","name":"paragaleriedetalborjt","description":"","potentialAction":[{"@type":"SearchAction","target":{"@type":"EntryPoint","urlTemplate":"https:\/\/paragaleriedetalborjt.com\/?s={search_term_string}"},"query-input":{"@type":"PropertyValueSpecification","valueRequired":true,"valueName":"search_term_string"}}],"inLanguage":"en-US"}]}},"brands":[{"id":1824,"name":"PURESSENTIEL","slug":"puressentiel"}],"_links":{"self":[{"href":"https:\/\/paragaleriedetalborjt.com\/en\/wp-json\/wp\/v2\/product\/47422","targetHints":{"allow":["GET"]}}],"collection":[{"href":"https:\/\/paragaleriedetalborjt.com\/en\/wp-json\/wp\/v2\/product"}],"about":[{"href":"https:\/\/paragaleriedetalborjt.com\/en\/wp-json\/wp\/v2\/types\/product"}],"replies":[{"embeddable":true,"href":"https:\/\/paragaleriedetalborjt.com\/en\/wp-json\/wp\/v2\/comments?post=47422"}],"version-history":[{"count":1,"href":"https:\/\/paragaleriedetalborjt.com\/en\/wp-json\/wp\/v2\/product\/47422\/revisions"}],"predecessor-version":[{"id":47424,"href":"https:\/\/paragaleriedetalborjt.com\/en\/wp-json\/wp\/v2\/product\/47422\/revisions\/47424"}],"wp:featuredmedia":[{"embeddable":true,"href":"https:\/\/paragaleriedetalborjt.com\/en\/wp-json\/wp\/v2\/media\/47423"}],"wp:attachment":[{"href":"https:\/\/paragaleriedetalborjt.com\/en\/wp-json\/wp\/v2\/media?parent=47422"}],"wp:term":[{"taxonomy":"pwb-brand","embeddable":true,"href":"https:\/\/paragaleriedetalborjt.com\/en\/wp-json\/wp\/v2\/pwb-brand?post=47422"},{"taxonomy":"product_cat","embeddable":true,"href":"https:\/\/paragaleriedetalborjt.com\/en\/wp-json\/wp\/v2\/product_cat?post=47422"},{"taxonomy":"product_tag","embeddable":true,"href":"https:\/\/paragaleriedetalborjt.com\/en\/wp-json\/wp\/v2\/product_tag?post=47422"}],"curies":[{"name":"wp","href":"https:\/\/api.w.org\/{rel}","templated":true}]}}