{"id":47416,"date":"2026-01-04T01:14:31","date_gmt":"2026-01-04T00:14:31","guid":{"rendered":"https:\/\/paragaleriedetalborjt.com\/?post_type=product&#038;p=47416"},"modified":"2026-01-04T14:31:34","modified_gmt":"2026-01-04T13:31:34","slug":"puressentiel-creme-multi-apaisante-anti-pique-tube-de-40-ml","status":"publish","type":"product","link":"https:\/\/paragaleriedetalborjt.com\/en\/boutique\/puressentiel-creme-multi-apaisante-anti-pique-tube-de-40-ml\/","title":{"rendered":"Puressentiel Cr\u00e8me multi-apaisante anti-pique- tube de 40 ml"},"content":{"rendered":"<div aria-labelledby=\"tab-title-description\" class=\"woocommerce-Tabs-panel woocommerce-Tabs-panel--description panel entry-content wc-tab\" id=\"tab-description\" role=\"tabpanel\" style=\"\">\n<h2>Description<\/h2>\n<p>Certains v\u00e9g\u00e9taux, particuli\u00e8rement ceux qui sont dot\u00e9s d\u2019\u00e9pines, provoquent des piq\u00fbres lorsqu\u2019on se met en contact avec eux. De m\u00eame pour les insectes, certains d\u2019entre eux piquent pour se nourrir ou pour se d\u00e9fendre. Ce qui provoque une sensation d\u2019inconfort comme les\u00a0d\u00e9mangeaisons, les boutons, les rougeurs ou les irritations cutan\u00e9es. Plus grave, cette piq\u00fbre peut m\u00eame engendrer des maladies. Pour apaiser voire soigner ses r\u00e9actions cutan\u00e9es, Puressentiel a cr\u00e9\u00e9 l\u2019anti-pique cr\u00e8me multi-apaisante de 40 ml. Efficace, naturelle et simple d\u2019utilisation, cette cr\u00e8me est le produit star pour ceux qui veulent se mettre en contact avec la nature.<\/p>\n<div class=\"mod_fa_onglets_onglet mod_fa_onglets_onglet_selected mod_fa_onglets_onglet_hover\" data-idx=\"2\">UTILISATION<\/div>\n<div data-idx=\"2\"><\/div>\n<div data-idx=\"2\">Appliquer une petite couche de produit sur les zones concern\u00e9es et faire p\u00e9n\u00e9trer par un l\u00e9ger massage. Bien se laver les mains apr\u00e8s utilisation.<\/div>\n<\/div>","protected":false},"excerpt":{"rendered":"<p>Highlights:Ce soin anti-imperfections et anti-r\u00e9cidive* apaise et hydrate les peaux \u00e0 tendance acn\u00e9ique et s\u2019emploie d\u00e8s l\u2019\u00e2ge de neuf ans.<\/p>","protected":false},"featured_media":47417,"comment_status":"open","ping_status":"closed","template":"","meta":[],"pwb-brand":[1824],"product_cat":[16],"product_tag":[],"class_list":{"0":"post-47416","1":"product","2":"type-product","3":"status-publish","4":"has-post-thumbnail","6":"pwb-brand-puressentiel","7":"product_cat-non-classe","8":"pa_brands-puressentiel","10":"first","11":"instock","12":"sale","13":"shipping-taxable","14":"purchasable","15":"product-type-simple"},"yoast_head":"<!-- This site is optimized with the Yoast SEO plugin v27.5 - https:\/\/yoast.com\/product\/yoast-seo-wordpress\/ -->\n<title>Puressentiel Cr\u00e8me multi-apaisante anti-pique- tube de 40 ml - paragaleriedetalborjt<\/title>\n<meta name=\"robots\" content=\"index, follow, max-snippet:-1, max-image-preview:large, max-video-preview:-1\" \/>\n<link rel=\"canonical\" href=\"https:\/\/paragaleriedetalborjt.com\/en\/boutique\/puressentiel-creme-multi-apaisante-anti-pique-tube-de-40-ml\/\" \/>\n<meta property=\"og:locale\" content=\"en_US\" \/>\n<meta property=\"og:type\" content=\"article\" \/>\n<meta property=\"og:title\" content=\"Puressentiel Cr\u00e8me multi-apaisante anti-pique- tube de 40 ml - paragaleriedetalborjt\" \/>\n<meta property=\"og:description\" content=\"Highlights:Ce soin anti-imperfections et anti-r\u00e9cidive* apaise et hydrate les peaux \u00e0 tendance acn\u00e9ique et s\u2019emploie d\u00e8s l\u2019\u00e2ge de neuf ans.\" \/>\n<meta property=\"og:url\" content=\"https:\/\/paragaleriedetalborjt.com\/en\/boutique\/puressentiel-creme-multi-apaisante-anti-pique-tube-de-40-ml\/\" \/>\n<meta property=\"og:site_name\" content=\"paragaleriedetalborjt\" \/>\n<meta property=\"article:modified_time\" content=\"2026-01-04T13:31:34+00:00\" \/>\n<meta property=\"og:image\" content=\"https:\/\/paragaleriedetalborjt.com\/wp-content\/uploads\/2026\/01\/Layer-1-26.jpg\" \/>\n\t<meta property=\"og:image:width\" content=\"595\" \/>\n\t<meta property=\"og:image:height\" content=\"735\" \/>\n\t<meta property=\"og:image:type\" content=\"image\/jpeg\" \/>\n<meta name=\"twitter:card\" content=\"summary_large_image\" \/>\n<meta name=\"twitter:label1\" content=\"Est. reading time\" \/>\n\t<meta name=\"twitter:data1\" content=\"1 minute\" \/>\n<script type=\"application\/ld+json\" class=\"yoast-schema-graph\">{\"@context\":\"https:\\\/\\\/schema.org\",\"@graph\":[{\"@type\":\"WebPage\",\"@id\":\"https:\\\/\\\/paragaleriedetalborjt.com\\\/boutique\\\/puressentiel-creme-multi-apaisante-anti-pique-tube-de-40-ml\\\/\",\"url\":\"https:\\\/\\\/paragaleriedetalborjt.com\\\/boutique\\\/puressentiel-creme-multi-apaisante-anti-pique-tube-de-40-ml\\\/\",\"name\":\"Puressentiel Cr\u00e8me multi-apaisante anti-pique- tube de 40 ml - paragaleriedetalborjt\",\"isPartOf\":{\"@id\":\"https:\\\/\\\/paragaleriedetalborjt.com\\\/#website\"},\"primaryImageOfPage\":{\"@id\":\"https:\\\/\\\/paragaleriedetalborjt.com\\\/boutique\\\/puressentiel-creme-multi-apaisante-anti-pique-tube-de-40-ml\\\/#primaryimage\"},\"image\":{\"@id\":\"https:\\\/\\\/paragaleriedetalborjt.com\\\/boutique\\\/puressentiel-creme-multi-apaisante-anti-pique-tube-de-40-ml\\\/#primaryimage\"},\"thumbnailUrl\":\"https:\\\/\\\/paragaleriedetalborjt.com\\\/wp-content\\\/uploads\\\/2026\\\/01\\\/Layer-1-26.jpg\",\"datePublished\":\"2026-01-04T00:14:31+00:00\",\"dateModified\":\"2026-01-04T13:31:34+00:00\",\"breadcrumb\":{\"@id\":\"https:\\\/\\\/paragaleriedetalborjt.com\\\/boutique\\\/puressentiel-creme-multi-apaisante-anti-pique-tube-de-40-ml\\\/#breadcrumb\"},\"inLanguage\":\"en-US\",\"potentialAction\":[{\"@type\":\"ReadAction\",\"target\":[\"https:\\\/\\\/paragaleriedetalborjt.com\\\/boutique\\\/puressentiel-creme-multi-apaisante-anti-pique-tube-de-40-ml\\\/\"]}]},{\"@type\":\"ImageObject\",\"inLanguage\":\"en-US\",\"@id\":\"https:\\\/\\\/paragaleriedetalborjt.com\\\/boutique\\\/puressentiel-creme-multi-apaisante-anti-pique-tube-de-40-ml\\\/#primaryimage\",\"url\":\"https:\\\/\\\/paragaleriedetalborjt.com\\\/wp-content\\\/uploads\\\/2026\\\/01\\\/Layer-1-26.jpg\",\"contentUrl\":\"https:\\\/\\\/paragaleriedetalborjt.com\\\/wp-content\\\/uploads\\\/2026\\\/01\\\/Layer-1-26.jpg\",\"width\":595,\"height\":735},{\"@type\":\"BreadcrumbList\",\"@id\":\"https:\\\/\\\/paragaleriedetalborjt.com\\\/boutique\\\/puressentiel-creme-multi-apaisante-anti-pique-tube-de-40-ml\\\/#breadcrumb\",\"itemListElement\":[{\"@type\":\"ListItem\",\"position\":1,\"name\":\"Accueil\",\"item\":\"https:\\\/\\\/paragaleriedetalborjt.com\\\/\"},{\"@type\":\"ListItem\",\"position\":2,\"name\":\"Boutique\",\"item\":\"https:\\\/\\\/paragaleriedetalborjt.com\\\/boutique\\\/\"},{\"@type\":\"ListItem\",\"position\":3,\"name\":\"Puressentiel Cr\u00e8me multi-apaisante anti-pique- tube de 40 ml\"}]},{\"@type\":\"WebSite\",\"@id\":\"https:\\\/\\\/paragaleriedetalborjt.com\\\/#website\",\"url\":\"https:\\\/\\\/paragaleriedetalborjt.com\\\/\",\"name\":\"paragaleriedetalborjt\",\"description\":\"\",\"potentialAction\":[{\"@type\":\"SearchAction\",\"target\":{\"@type\":\"EntryPoint\",\"urlTemplate\":\"https:\\\/\\\/paragaleriedetalborjt.com\\\/?s={search_term_string}\"},\"query-input\":{\"@type\":\"PropertyValueSpecification\",\"valueRequired\":true,\"valueName\":\"search_term_string\"}}],\"inLanguage\":\"en-US\"}]}<\/script>\n<!-- \/ Yoast SEO plugin. -->","yoast_head_json":{"title":"Puressentiel Cr\u00e8me multi-apaisante anti-pique- tube de 40 ml - paragaleriedetalborjt","robots":{"index":"index","follow":"follow","max-snippet":"max-snippet:-1","max-image-preview":"max-image-preview:large","max-video-preview":"max-video-preview:-1"},"canonical":"https:\/\/paragaleriedetalborjt.com\/en\/boutique\/puressentiel-creme-multi-apaisante-anti-pique-tube-de-40-ml\/","og_locale":"en_US","og_type":"article","og_title":"Puressentiel Cr\u00e8me multi-apaisante anti-pique- tube de 40 ml - paragaleriedetalborjt","og_description":"Highlights:Ce soin anti-imperfections et anti-r\u00e9cidive* apaise et hydrate les peaux \u00e0 tendance acn\u00e9ique et s\u2019emploie d\u00e8s l\u2019\u00e2ge de neuf ans.","og_url":"https:\/\/paragaleriedetalborjt.com\/en\/boutique\/puressentiel-creme-multi-apaisante-anti-pique-tube-de-40-ml\/","og_site_name":"paragaleriedetalborjt","article_modified_time":"2026-01-04T13:31:34+00:00","og_image":[{"width":595,"height":735,"url":"https:\/\/paragaleriedetalborjt.com\/wp-content\/uploads\/2026\/01\/Layer-1-26.jpg","type":"image\/jpeg"}],"twitter_card":"summary_large_image","twitter_misc":{"Est. reading time":"1 minute"},"schema":{"@context":"https:\/\/schema.org","@graph":[{"@type":"WebPage","@id":"https:\/\/paragaleriedetalborjt.com\/boutique\/puressentiel-creme-multi-apaisante-anti-pique-tube-de-40-ml\/","url":"https:\/\/paragaleriedetalborjt.com\/boutique\/puressentiel-creme-multi-apaisante-anti-pique-tube-de-40-ml\/","name":"Puressentiel Cr\u00e8me multi-apaisante anti-pique- tube de 40 ml - paragaleriedetalborjt","isPartOf":{"@id":"https:\/\/paragaleriedetalborjt.com\/#website"},"primaryImageOfPage":{"@id":"https:\/\/paragaleriedetalborjt.com\/boutique\/puressentiel-creme-multi-apaisante-anti-pique-tube-de-40-ml\/#primaryimage"},"image":{"@id":"https:\/\/paragaleriedetalborjt.com\/boutique\/puressentiel-creme-multi-apaisante-anti-pique-tube-de-40-ml\/#primaryimage"},"thumbnailUrl":"https:\/\/paragaleriedetalborjt.com\/wp-content\/uploads\/2026\/01\/Layer-1-26.jpg","datePublished":"2026-01-04T00:14:31+00:00","dateModified":"2026-01-04T13:31:34+00:00","breadcrumb":{"@id":"https:\/\/paragaleriedetalborjt.com\/boutique\/puressentiel-creme-multi-apaisante-anti-pique-tube-de-40-ml\/#breadcrumb"},"inLanguage":"en-US","potentialAction":[{"@type":"ReadAction","target":["https:\/\/paragaleriedetalborjt.com\/boutique\/puressentiel-creme-multi-apaisante-anti-pique-tube-de-40-ml\/"]}]},{"@type":"ImageObject","inLanguage":"en-US","@id":"https:\/\/paragaleriedetalborjt.com\/boutique\/puressentiel-creme-multi-apaisante-anti-pique-tube-de-40-ml\/#primaryimage","url":"https:\/\/paragaleriedetalborjt.com\/wp-content\/uploads\/2026\/01\/Layer-1-26.jpg","contentUrl":"https:\/\/paragaleriedetalborjt.com\/wp-content\/uploads\/2026\/01\/Layer-1-26.jpg","width":595,"height":735},{"@type":"BreadcrumbList","@id":"https:\/\/paragaleriedetalborjt.com\/boutique\/puressentiel-creme-multi-apaisante-anti-pique-tube-de-40-ml\/#breadcrumb","itemListElement":[{"@type":"ListItem","position":1,"name":"Accueil","item":"https:\/\/paragaleriedetalborjt.com\/"},{"@type":"ListItem","position":2,"name":"Boutique","item":"https:\/\/paragaleriedetalborjt.com\/boutique\/"},{"@type":"ListItem","position":3,"name":"Puressentiel Cr\u00e8me multi-apaisante anti-pique- tube de 40 ml"}]},{"@type":"WebSite","@id":"https:\/\/paragaleriedetalborjt.com\/#website","url":"https:\/\/paragaleriedetalborjt.com\/","name":"paragaleriedetalborjt","description":"","potentialAction":[{"@type":"SearchAction","target":{"@type":"EntryPoint","urlTemplate":"https:\/\/paragaleriedetalborjt.com\/?s={search_term_string}"},"query-input":{"@type":"PropertyValueSpecification","valueRequired":true,"valueName":"search_term_string"}}],"inLanguage":"en-US"}]}},"brands":[{"id":1824,"name":"PURESSENTIEL","slug":"puressentiel"}],"_links":{"self":[{"href":"https:\/\/paragaleriedetalborjt.com\/en\/wp-json\/wp\/v2\/product\/47416","targetHints":{"allow":["GET"]}}],"collection":[{"href":"https:\/\/paragaleriedetalborjt.com\/en\/wp-json\/wp\/v2\/product"}],"about":[{"href":"https:\/\/paragaleriedetalborjt.com\/en\/wp-json\/wp\/v2\/types\/product"}],"replies":[{"embeddable":true,"href":"https:\/\/paragaleriedetalborjt.com\/en\/wp-json\/wp\/v2\/comments?post=47416"}],"version-history":[{"count":1,"href":"https:\/\/paragaleriedetalborjt.com\/en\/wp-json\/wp\/v2\/product\/47416\/revisions"}],"predecessor-version":[{"id":47418,"href":"https:\/\/paragaleriedetalborjt.com\/en\/wp-json\/wp\/v2\/product\/47416\/revisions\/47418"}],"wp:featuredmedia":[{"embeddable":true,"href":"https:\/\/paragaleriedetalborjt.com\/en\/wp-json\/wp\/v2\/media\/47417"}],"wp:attachment":[{"href":"https:\/\/paragaleriedetalborjt.com\/en\/wp-json\/wp\/v2\/media?parent=47416"}],"wp:term":[{"taxonomy":"pwb-brand","embeddable":true,"href":"https:\/\/paragaleriedetalborjt.com\/en\/wp-json\/wp\/v2\/pwb-brand?post=47416"},{"taxonomy":"product_cat","embeddable":true,"href":"https:\/\/paragaleriedetalborjt.com\/en\/wp-json\/wp\/v2\/product_cat?post=47416"},{"taxonomy":"product_tag","embeddable":true,"href":"https:\/\/paragaleriedetalborjt.com\/en\/wp-json\/wp\/v2\/product_tag?post=47416"}],"curies":[{"name":"wp","href":"https:\/\/api.w.org\/{rel}","templated":true}]}}