{"id":47413,"date":"2026-01-04T01:14:22","date_gmt":"2026-01-04T00:14:22","guid":{"rendered":"https:\/\/paragaleriedetalborjt.com\/?post_type=product&#038;p=47413"},"modified":"2026-01-04T14:31:32","modified_gmt":"2026-01-04T13:31:32","slug":"puressentiel-zoom-anti-pique-spray-repulsif-et-apisant-anti-moustiques-spray-de-200ml","status":"publish","type":"product","link":"https:\/\/paragaleriedetalborjt.com\/en\/boutique\/puressentiel-zoom-anti-pique-spray-repulsif-et-apisant-anti-moustiques-spray-de-200ml\/","title":{"rendered":"Puressentiel Zoom Anti-pique spray repulsif et apisant anti-moustiques \u2013 spray de 200ml"},"content":{"rendered":"<div aria-labelledby=\"tab-title-description\" class=\"woocommerce-Tabs-panel woocommerce-Tabs-panel--description panel entry-content wc-tab\" id=\"tab-description\" role=\"tabpanel\" style=\"\">\n<h2>Description<\/h2>\n<p><strong>Le Puressentiel Anti-Pique\u00a0<\/strong>est un r\u00e9pulsif et un apaisant, qui aide \u00e0 repousser, de mani\u00e8re fiable, les diff\u00e9rents types d\u2019insectes. Dans les zones temp\u00e9r\u00e9es, sa protection maximum dure 7 heures, tandis qu\u2019elle dure 6 heures dans les zones tropicales. Les principales cibles sont les moustiques, telles que l\u2019Aedes aegypti, le Culex pipiens, l\u2019Aedes albopictus et l\u2019Anopheles gambiae.N\u00e9anmoins, beaucoup d\u2019autres insectes et acariens sont davantage repouss\u00e9s par ce r\u00e9pulsif. En outre, il a \u00e9galement une propri\u00e9t\u00e9 apaisante, ce qui le rend id\u00e9al pour\u00a0apaiser les piq\u00fbres de moustiques. Cependant, il est servi en tant qu\u2019un\u00a0anti-inflammatoire.<\/p>\n<p>UTILISATION<\/p>\n<p>Commencez par agiter ce\u00a0spray anti-moustique\u00a0avant emploi, puis, effectuez 6 pulv\u00e9risations par zone \u00e0 prot\u00e9ger. Pensez \u00e0 frictionner la zone pour bien r\u00e9partir le produit.<\/p>\n<p>A noter : pour les enfants (&gt;\u00a030 mois), ne pas d\u00e9passer plus de 7 pulv\u00e9risations par jour (1 pulv\u00e9risation = 0,18ml).<br \/>\nPour le visage, vaporisez le produit sur les mains (1 pulv\u00e9risation), puis appliquez sur les joues et le front. Renouvelez l\u2019application si n\u00e9cessaire sans d\u00e9passer 3 applications par jour.<\/p>\n<p>Pensez \u00e0 vous laver soigneusement les mains apr\u00e8s chaque utilisation et \u00e0 r\u00e9appliquer ce r\u00e9pulsif moustique en cas de baignade ou de transpiration.<\/p>\n<p>Utiliser le spray anti-moustiques avec pr\u00e9caution, avant toute utilisation, lisez l\u2019\u00e9tiquette et les informations concernant ce produit.<\/p>\n<\/div>","protected":false},"excerpt":{"rendered":"<p>Highlights:Cr\u00e8me exfoliante pour hyperk\u00e9ratoses<\/p>","protected":false},"featured_media":47414,"comment_status":"open","ping_status":"closed","template":"","meta":[],"pwb-brand":[1824],"product_cat":[16],"product_tag":[],"class_list":{"0":"post-47413","1":"product","2":"type-product","3":"status-publish","4":"has-post-thumbnail","6":"pwb-brand-puressentiel","7":"product_cat-non-classe","8":"pa_brands-puressentiel","10":"first","11":"instock","12":"sale","13":"shipping-taxable","14":"purchasable","15":"product-type-simple"},"yoast_head":"<!-- This site is optimized with the Yoast SEO plugin v27.5 - https:\/\/yoast.com\/product\/yoast-seo-wordpress\/ -->\n<title>Puressentiel Zoom Anti-pique spray repulsif et apisant anti-moustiques \u2013 spray de 200ml - paragaleriedetalborjt<\/title>\n<meta name=\"robots\" content=\"index, follow, max-snippet:-1, max-image-preview:large, max-video-preview:-1\" \/>\n<link rel=\"canonical\" href=\"https:\/\/paragaleriedetalborjt.com\/en\/boutique\/puressentiel-zoom-anti-pique-spray-repulsif-et-apisant-anti-moustiques-spray-de-200ml\/\" \/>\n<meta property=\"og:locale\" content=\"en_US\" \/>\n<meta property=\"og:type\" content=\"article\" \/>\n<meta property=\"og:title\" content=\"Puressentiel Zoom Anti-pique spray repulsif et apisant anti-moustiques \u2013 spray de 200ml - paragaleriedetalborjt\" \/>\n<meta property=\"og:description\" content=\"Highlights:Cr\u00e8me exfoliante pour hyperk\u00e9ratoses\" \/>\n<meta property=\"og:url\" content=\"https:\/\/paragaleriedetalborjt.com\/en\/boutique\/puressentiel-zoom-anti-pique-spray-repulsif-et-apisant-anti-moustiques-spray-de-200ml\/\" \/>\n<meta property=\"og:site_name\" content=\"paragaleriedetalborjt\" \/>\n<meta property=\"article:modified_time\" content=\"2026-01-04T13:31:32+00:00\" \/>\n<meta property=\"og:image\" content=\"https:\/\/paragaleriedetalborjt.com\/wp-content\/uploads\/2026\/01\/Layer-1-28.jpg\" \/>\n\t<meta property=\"og:image:width\" content=\"595\" \/>\n\t<meta property=\"og:image:height\" content=\"735\" \/>\n\t<meta property=\"og:image:type\" content=\"image\/jpeg\" \/>\n<meta name=\"twitter:card\" content=\"summary_large_image\" \/>\n<meta name=\"twitter:label1\" content=\"Est. reading time\" \/>\n\t<meta name=\"twitter:data1\" content=\"1 minute\" \/>\n<script type=\"application\/ld+json\" class=\"yoast-schema-graph\">{\"@context\":\"https:\\\/\\\/schema.org\",\"@graph\":[{\"@type\":\"WebPage\",\"@id\":\"https:\\\/\\\/paragaleriedetalborjt.com\\\/boutique\\\/puressentiel-zoom-anti-pique-spray-repulsif-et-apisant-anti-moustiques-spray-de-200ml\\\/\",\"url\":\"https:\\\/\\\/paragaleriedetalborjt.com\\\/boutique\\\/puressentiel-zoom-anti-pique-spray-repulsif-et-apisant-anti-moustiques-spray-de-200ml\\\/\",\"name\":\"Puressentiel Zoom Anti-pique spray repulsif et apisant anti-moustiques \u2013 spray de 200ml - paragaleriedetalborjt\",\"isPartOf\":{\"@id\":\"https:\\\/\\\/paragaleriedetalborjt.com\\\/#website\"},\"primaryImageOfPage\":{\"@id\":\"https:\\\/\\\/paragaleriedetalborjt.com\\\/boutique\\\/puressentiel-zoom-anti-pique-spray-repulsif-et-apisant-anti-moustiques-spray-de-200ml\\\/#primaryimage\"},\"image\":{\"@id\":\"https:\\\/\\\/paragaleriedetalborjt.com\\\/boutique\\\/puressentiel-zoom-anti-pique-spray-repulsif-et-apisant-anti-moustiques-spray-de-200ml\\\/#primaryimage\"},\"thumbnailUrl\":\"https:\\\/\\\/paragaleriedetalborjt.com\\\/wp-content\\\/uploads\\\/2026\\\/01\\\/Layer-1-28.jpg\",\"datePublished\":\"2026-01-04T00:14:22+00:00\",\"dateModified\":\"2026-01-04T13:31:32+00:00\",\"breadcrumb\":{\"@id\":\"https:\\\/\\\/paragaleriedetalborjt.com\\\/boutique\\\/puressentiel-zoom-anti-pique-spray-repulsif-et-apisant-anti-moustiques-spray-de-200ml\\\/#breadcrumb\"},\"inLanguage\":\"en-US\",\"potentialAction\":[{\"@type\":\"ReadAction\",\"target\":[\"https:\\\/\\\/paragaleriedetalborjt.com\\\/boutique\\\/puressentiel-zoom-anti-pique-spray-repulsif-et-apisant-anti-moustiques-spray-de-200ml\\\/\"]}]},{\"@type\":\"ImageObject\",\"inLanguage\":\"en-US\",\"@id\":\"https:\\\/\\\/paragaleriedetalborjt.com\\\/boutique\\\/puressentiel-zoom-anti-pique-spray-repulsif-et-apisant-anti-moustiques-spray-de-200ml\\\/#primaryimage\",\"url\":\"https:\\\/\\\/paragaleriedetalborjt.com\\\/wp-content\\\/uploads\\\/2026\\\/01\\\/Layer-1-28.jpg\",\"contentUrl\":\"https:\\\/\\\/paragaleriedetalborjt.com\\\/wp-content\\\/uploads\\\/2026\\\/01\\\/Layer-1-28.jpg\",\"width\":595,\"height\":735},{\"@type\":\"BreadcrumbList\",\"@id\":\"https:\\\/\\\/paragaleriedetalborjt.com\\\/boutique\\\/puressentiel-zoom-anti-pique-spray-repulsif-et-apisant-anti-moustiques-spray-de-200ml\\\/#breadcrumb\",\"itemListElement\":[{\"@type\":\"ListItem\",\"position\":1,\"name\":\"Accueil\",\"item\":\"https:\\\/\\\/paragaleriedetalborjt.com\\\/\"},{\"@type\":\"ListItem\",\"position\":2,\"name\":\"Boutique\",\"item\":\"https:\\\/\\\/paragaleriedetalborjt.com\\\/boutique\\\/\"},{\"@type\":\"ListItem\",\"position\":3,\"name\":\"Puressentiel Zoom Anti-pique spray repulsif et apisant anti-moustiques \u2013 spray de 200ml\"}]},{\"@type\":\"WebSite\",\"@id\":\"https:\\\/\\\/paragaleriedetalborjt.com\\\/#website\",\"url\":\"https:\\\/\\\/paragaleriedetalborjt.com\\\/\",\"name\":\"paragaleriedetalborjt\",\"description\":\"\",\"potentialAction\":[{\"@type\":\"SearchAction\",\"target\":{\"@type\":\"EntryPoint\",\"urlTemplate\":\"https:\\\/\\\/paragaleriedetalborjt.com\\\/?s={search_term_string}\"},\"query-input\":{\"@type\":\"PropertyValueSpecification\",\"valueRequired\":true,\"valueName\":\"search_term_string\"}}],\"inLanguage\":\"en-US\"}]}<\/script>\n<!-- \/ Yoast SEO plugin. -->","yoast_head_json":{"title":"Puressentiel Zoom Anti-pique spray repulsif et apisant anti-moustiques \u2013 spray de 200ml - paragaleriedetalborjt","robots":{"index":"index","follow":"follow","max-snippet":"max-snippet:-1","max-image-preview":"max-image-preview:large","max-video-preview":"max-video-preview:-1"},"canonical":"https:\/\/paragaleriedetalborjt.com\/en\/boutique\/puressentiel-zoom-anti-pique-spray-repulsif-et-apisant-anti-moustiques-spray-de-200ml\/","og_locale":"en_US","og_type":"article","og_title":"Puressentiel Zoom Anti-pique spray repulsif et apisant anti-moustiques \u2013 spray de 200ml - paragaleriedetalborjt","og_description":"Highlights:Cr\u00e8me exfoliante pour hyperk\u00e9ratoses","og_url":"https:\/\/paragaleriedetalborjt.com\/en\/boutique\/puressentiel-zoom-anti-pique-spray-repulsif-et-apisant-anti-moustiques-spray-de-200ml\/","og_site_name":"paragaleriedetalborjt","article_modified_time":"2026-01-04T13:31:32+00:00","og_image":[{"width":595,"height":735,"url":"https:\/\/paragaleriedetalborjt.com\/wp-content\/uploads\/2026\/01\/Layer-1-28.jpg","type":"image\/jpeg"}],"twitter_card":"summary_large_image","twitter_misc":{"Est. reading time":"1 minute"},"schema":{"@context":"https:\/\/schema.org","@graph":[{"@type":"WebPage","@id":"https:\/\/paragaleriedetalborjt.com\/boutique\/puressentiel-zoom-anti-pique-spray-repulsif-et-apisant-anti-moustiques-spray-de-200ml\/","url":"https:\/\/paragaleriedetalborjt.com\/boutique\/puressentiel-zoom-anti-pique-spray-repulsif-et-apisant-anti-moustiques-spray-de-200ml\/","name":"Puressentiel Zoom Anti-pique spray repulsif et apisant anti-moustiques \u2013 spray de 200ml - paragaleriedetalborjt","isPartOf":{"@id":"https:\/\/paragaleriedetalborjt.com\/#website"},"primaryImageOfPage":{"@id":"https:\/\/paragaleriedetalborjt.com\/boutique\/puressentiel-zoom-anti-pique-spray-repulsif-et-apisant-anti-moustiques-spray-de-200ml\/#primaryimage"},"image":{"@id":"https:\/\/paragaleriedetalborjt.com\/boutique\/puressentiel-zoom-anti-pique-spray-repulsif-et-apisant-anti-moustiques-spray-de-200ml\/#primaryimage"},"thumbnailUrl":"https:\/\/paragaleriedetalborjt.com\/wp-content\/uploads\/2026\/01\/Layer-1-28.jpg","datePublished":"2026-01-04T00:14:22+00:00","dateModified":"2026-01-04T13:31:32+00:00","breadcrumb":{"@id":"https:\/\/paragaleriedetalborjt.com\/boutique\/puressentiel-zoom-anti-pique-spray-repulsif-et-apisant-anti-moustiques-spray-de-200ml\/#breadcrumb"},"inLanguage":"en-US","potentialAction":[{"@type":"ReadAction","target":["https:\/\/paragaleriedetalborjt.com\/boutique\/puressentiel-zoom-anti-pique-spray-repulsif-et-apisant-anti-moustiques-spray-de-200ml\/"]}]},{"@type":"ImageObject","inLanguage":"en-US","@id":"https:\/\/paragaleriedetalborjt.com\/boutique\/puressentiel-zoom-anti-pique-spray-repulsif-et-apisant-anti-moustiques-spray-de-200ml\/#primaryimage","url":"https:\/\/paragaleriedetalborjt.com\/wp-content\/uploads\/2026\/01\/Layer-1-28.jpg","contentUrl":"https:\/\/paragaleriedetalborjt.com\/wp-content\/uploads\/2026\/01\/Layer-1-28.jpg","width":595,"height":735},{"@type":"BreadcrumbList","@id":"https:\/\/paragaleriedetalborjt.com\/boutique\/puressentiel-zoom-anti-pique-spray-repulsif-et-apisant-anti-moustiques-spray-de-200ml\/#breadcrumb","itemListElement":[{"@type":"ListItem","position":1,"name":"Accueil","item":"https:\/\/paragaleriedetalborjt.com\/"},{"@type":"ListItem","position":2,"name":"Boutique","item":"https:\/\/paragaleriedetalborjt.com\/boutique\/"},{"@type":"ListItem","position":3,"name":"Puressentiel Zoom Anti-pique spray repulsif et apisant anti-moustiques \u2013 spray de 200ml"}]},{"@type":"WebSite","@id":"https:\/\/paragaleriedetalborjt.com\/#website","url":"https:\/\/paragaleriedetalborjt.com\/","name":"paragaleriedetalborjt","description":"","potentialAction":[{"@type":"SearchAction","target":{"@type":"EntryPoint","urlTemplate":"https:\/\/paragaleriedetalborjt.com\/?s={search_term_string}"},"query-input":{"@type":"PropertyValueSpecification","valueRequired":true,"valueName":"search_term_string"}}],"inLanguage":"en-US"}]}},"brands":[{"id":1824,"name":"PURESSENTIEL","slug":"puressentiel"}],"_links":{"self":[{"href":"https:\/\/paragaleriedetalborjt.com\/en\/wp-json\/wp\/v2\/product\/47413","targetHints":{"allow":["GET"]}}],"collection":[{"href":"https:\/\/paragaleriedetalborjt.com\/en\/wp-json\/wp\/v2\/product"}],"about":[{"href":"https:\/\/paragaleriedetalborjt.com\/en\/wp-json\/wp\/v2\/types\/product"}],"replies":[{"embeddable":true,"href":"https:\/\/paragaleriedetalborjt.com\/en\/wp-json\/wp\/v2\/comments?post=47413"}],"version-history":[{"count":1,"href":"https:\/\/paragaleriedetalborjt.com\/en\/wp-json\/wp\/v2\/product\/47413\/revisions"}],"predecessor-version":[{"id":47415,"href":"https:\/\/paragaleriedetalborjt.com\/en\/wp-json\/wp\/v2\/product\/47413\/revisions\/47415"}],"wp:featuredmedia":[{"embeddable":true,"href":"https:\/\/paragaleriedetalborjt.com\/en\/wp-json\/wp\/v2\/media\/47414"}],"wp:attachment":[{"href":"https:\/\/paragaleriedetalborjt.com\/en\/wp-json\/wp\/v2\/media?parent=47413"}],"wp:term":[{"taxonomy":"pwb-brand","embeddable":true,"href":"https:\/\/paragaleriedetalborjt.com\/en\/wp-json\/wp\/v2\/pwb-brand?post=47413"},{"taxonomy":"product_cat","embeddable":true,"href":"https:\/\/paragaleriedetalborjt.com\/en\/wp-json\/wp\/v2\/product_cat?post=47413"},{"taxonomy":"product_tag","embeddable":true,"href":"https:\/\/paragaleriedetalborjt.com\/en\/wp-json\/wp\/v2\/product_tag?post=47413"}],"curies":[{"name":"wp","href":"https:\/\/api.w.org\/{rel}","templated":true}]}}