{"id":47407,"date":"2026-01-04T01:14:11","date_gmt":"2026-01-04T00:14:11","guid":{"rendered":"https:\/\/paragaleriedetalborjt.com\/?post_type=product&#038;p=47407"},"modified":"2026-01-04T14:31:32","modified_gmt":"2026-01-04T13:31:32","slug":"puressentiel-gel-bobos-bosses-33-huiles-essentielles-30ml","status":"publish","type":"product","link":"https:\/\/paragaleriedetalborjt.com\/en\/boutique\/puressentiel-gel-bobos-bosses-33-huiles-essentielles-30ml\/","title":{"rendered":"PURESSENTIEL GEL BOBOS BOSSES 33 HUILES ESSENTIELLES 30ML"},"content":{"rendered":"<div aria-labelledby=\"tab-title-description\" class=\"woocommerce-Tabs-panel woocommerce-Tabs-panel--description panel entry-content wc-tab\" id=\"tab-description\" role=\"tabpanel\" style=\"\">\n<h2>Description<\/h2>\n<div class=\"primary_block row\">\n<div class=\"col-xs-12 col-md-7\">\n<div class=\"product_description_block\">\n<div class=\"tab_container\">\n<div class=\"tab_content contant\" id=\"tab1\">\n<p>C\u2019est un gel protecteur, qui booste les capacit\u00e9s Pro- r\u00e9g\u00e9n\u00e9ratrices de la peau. Avec le 3 huiles essentielles qu\u2019elle contient, le gel Bobos et Bosses att\u00e9nue de fa\u00e7on naturelle et efficace les inflammations et les bleus caus\u00e9s par des \u00e9gratignures, coupures, morsures, piq\u00fbres d\u2019insectes et araign\u00e9es, traumatismes, ecchymoses, contractures musculaires, crampes, courbatures, br\u00fblures l\u00e9g\u00e8res ou coups de soleil, et autres.<\/p>\n<p>Conseils<\/p>\n<\/div>\n<\/div>\n<\/div>\n<div class=\"pb-right-column\">Appliquer une g\u00e9n\u00e9reuse dose de gel, en massant tr\u00e8s doucement. Le gel va d\u00e9sinfecter les petites plaies, faciliter l\u2019\u00e9limination des h\u00e9matomes et calmer la douleur.<br \/>\nEn cas de piq\u00fbre, appliquer le gel et faire ensuite un pansement avec une compresse impr\u00e9gn\u00e9e de gel que vous posez sur la piq\u00fbre. Laissez agir une heure. A renouveler si la douleur persiste. Le gel va d\u00e9sinfecter et calmer la d\u00e9mangeaison.<br \/>\nEn cas de brulure ou coup de soleil: pour les petites surfaces, appliquer une compresse impr\u00e9gn\u00e9e de gel. Pour les plus grandes surfaces, appliquer une couche \u00e9paisse de gel et laissez p\u00e9n\u00e9trer. A renouveler 2 \u00e0 3 fois par jour jusqu\u2019\u00e0 parfaite cicatrisation.<br \/>\nUtiliser aussi ce gel pour les ampoules (percez l\u2019ampoule au pr\u00e9alable avec une aiguille st\u00e9rilis\u00e9e et appliquez le gel en compresse), les crampes ou courbatures, appliquez le gel en massages profonds.<\/div>\n<\/div>\n<\/div>\n<div class=\"clear\"><\/div>\n<\/div>","protected":false},"excerpt":{"rendered":"<p>Highlights:COMPL\u00c9MENT ID\u00c9AL DES SOINS ANTI-CHUTE.UN BAIN D\u2019\u00c9NERGIE, V\u00c9RITABLE SOURCE DE BEAUT\u00c9 ET DE VIGUEUR, DESTIN\u00c9 AUX CHEVEUX FINS, FRAGILES ET SANS VOLUME.<\/p>","protected":false},"featured_media":47408,"comment_status":"open","ping_status":"closed","template":"","meta":[],"pwb-brand":[1824],"product_cat":[16],"product_tag":[],"class_list":{"0":"post-47407","1":"product","2":"type-product","3":"status-publish","4":"has-post-thumbnail","6":"pwb-brand-puressentiel","7":"product_cat-non-classe","8":"pa_brands-puressentiel","10":"first","11":"instock","12":"sale","13":"shipping-taxable","14":"purchasable","15":"product-type-simple"},"yoast_head":"<!-- This site is optimized with the Yoast SEO plugin v27.5 - https:\/\/yoast.com\/product\/yoast-seo-wordpress\/ -->\n<title>PURESSENTIEL GEL BOBOS BOSSES 33 HUILES ESSENTIELLES 30ML - paragaleriedetalborjt<\/title>\n<meta name=\"robots\" content=\"index, follow, max-snippet:-1, max-image-preview:large, max-video-preview:-1\" \/>\n<link rel=\"canonical\" href=\"https:\/\/paragaleriedetalborjt.com\/en\/boutique\/puressentiel-gel-bobos-bosses-33-huiles-essentielles-30ml\/\" \/>\n<meta property=\"og:locale\" content=\"en_US\" \/>\n<meta property=\"og:type\" content=\"article\" \/>\n<meta property=\"og:title\" content=\"PURESSENTIEL GEL BOBOS BOSSES 33 HUILES ESSENTIELLES 30ML - paragaleriedetalborjt\" \/>\n<meta property=\"og:description\" content=\"Highlights:COMPL\u00c9MENT ID\u00c9AL DES SOINS ANTI-CHUTE.UN BAIN D\u2019\u00c9NERGIE, V\u00c9RITABLE SOURCE DE BEAUT\u00c9 ET DE VIGUEUR, DESTIN\u00c9 AUX CHEVEUX FINS, FRAGILES ET SANS VOLUME.\" \/>\n<meta property=\"og:url\" content=\"https:\/\/paragaleriedetalborjt.com\/en\/boutique\/puressentiel-gel-bobos-bosses-33-huiles-essentielles-30ml\/\" \/>\n<meta property=\"og:site_name\" content=\"paragaleriedetalborjt\" \/>\n<meta property=\"article:modified_time\" content=\"2026-01-04T13:31:32+00:00\" \/>\n<meta property=\"og:image\" content=\"https:\/\/paragaleriedetalborjt.com\/wp-content\/uploads\/2026\/01\/Layer-1-29.jpg\" \/>\n\t<meta property=\"og:image:width\" content=\"595\" \/>\n\t<meta property=\"og:image:height\" content=\"735\" \/>\n\t<meta property=\"og:image:type\" content=\"image\/jpeg\" \/>\n<meta name=\"twitter:card\" content=\"summary_large_image\" \/>\n<meta name=\"twitter:label1\" content=\"Est. reading time\" \/>\n\t<meta name=\"twitter:data1\" content=\"1 minute\" \/>\n<script type=\"application\/ld+json\" class=\"yoast-schema-graph\">{\"@context\":\"https:\\\/\\\/schema.org\",\"@graph\":[{\"@type\":\"WebPage\",\"@id\":\"https:\\\/\\\/paragaleriedetalborjt.com\\\/boutique\\\/puressentiel-gel-bobos-bosses-33-huiles-essentielles-30ml\\\/\",\"url\":\"https:\\\/\\\/paragaleriedetalborjt.com\\\/boutique\\\/puressentiel-gel-bobos-bosses-33-huiles-essentielles-30ml\\\/\",\"name\":\"PURESSENTIEL GEL BOBOS BOSSES 33 HUILES ESSENTIELLES 30ML - paragaleriedetalborjt\",\"isPartOf\":{\"@id\":\"https:\\\/\\\/paragaleriedetalborjt.com\\\/#website\"},\"primaryImageOfPage\":{\"@id\":\"https:\\\/\\\/paragaleriedetalborjt.com\\\/boutique\\\/puressentiel-gel-bobos-bosses-33-huiles-essentielles-30ml\\\/#primaryimage\"},\"image\":{\"@id\":\"https:\\\/\\\/paragaleriedetalborjt.com\\\/boutique\\\/puressentiel-gel-bobos-bosses-33-huiles-essentielles-30ml\\\/#primaryimage\"},\"thumbnailUrl\":\"https:\\\/\\\/paragaleriedetalborjt.com\\\/wp-content\\\/uploads\\\/2026\\\/01\\\/Layer-1-29.jpg\",\"datePublished\":\"2026-01-04T00:14:11+00:00\",\"dateModified\":\"2026-01-04T13:31:32+00:00\",\"breadcrumb\":{\"@id\":\"https:\\\/\\\/paragaleriedetalborjt.com\\\/boutique\\\/puressentiel-gel-bobos-bosses-33-huiles-essentielles-30ml\\\/#breadcrumb\"},\"inLanguage\":\"en-US\",\"potentialAction\":[{\"@type\":\"ReadAction\",\"target\":[\"https:\\\/\\\/paragaleriedetalborjt.com\\\/boutique\\\/puressentiel-gel-bobos-bosses-33-huiles-essentielles-30ml\\\/\"]}]},{\"@type\":\"ImageObject\",\"inLanguage\":\"en-US\",\"@id\":\"https:\\\/\\\/paragaleriedetalborjt.com\\\/boutique\\\/puressentiel-gel-bobos-bosses-33-huiles-essentielles-30ml\\\/#primaryimage\",\"url\":\"https:\\\/\\\/paragaleriedetalborjt.com\\\/wp-content\\\/uploads\\\/2026\\\/01\\\/Layer-1-29.jpg\",\"contentUrl\":\"https:\\\/\\\/paragaleriedetalborjt.com\\\/wp-content\\\/uploads\\\/2026\\\/01\\\/Layer-1-29.jpg\",\"width\":595,\"height\":735},{\"@type\":\"BreadcrumbList\",\"@id\":\"https:\\\/\\\/paragaleriedetalborjt.com\\\/boutique\\\/puressentiel-gel-bobos-bosses-33-huiles-essentielles-30ml\\\/#breadcrumb\",\"itemListElement\":[{\"@type\":\"ListItem\",\"position\":1,\"name\":\"Accueil\",\"item\":\"https:\\\/\\\/paragaleriedetalborjt.com\\\/\"},{\"@type\":\"ListItem\",\"position\":2,\"name\":\"Boutique\",\"item\":\"https:\\\/\\\/paragaleriedetalborjt.com\\\/boutique\\\/\"},{\"@type\":\"ListItem\",\"position\":3,\"name\":\"PURESSENTIEL GEL BOBOS BOSSES 33 HUILES ESSENTIELLES 30ML\"}]},{\"@type\":\"WebSite\",\"@id\":\"https:\\\/\\\/paragaleriedetalborjt.com\\\/#website\",\"url\":\"https:\\\/\\\/paragaleriedetalborjt.com\\\/\",\"name\":\"paragaleriedetalborjt\",\"description\":\"\",\"potentialAction\":[{\"@type\":\"SearchAction\",\"target\":{\"@type\":\"EntryPoint\",\"urlTemplate\":\"https:\\\/\\\/paragaleriedetalborjt.com\\\/?s={search_term_string}\"},\"query-input\":{\"@type\":\"PropertyValueSpecification\",\"valueRequired\":true,\"valueName\":\"search_term_string\"}}],\"inLanguage\":\"en-US\"}]}<\/script>\n<!-- \/ Yoast SEO plugin. -->","yoast_head_json":{"title":"PURESSENTIEL GEL BOBOS BOSSES 33 HUILES ESSENTIELLES 30ML - paragaleriedetalborjt","robots":{"index":"index","follow":"follow","max-snippet":"max-snippet:-1","max-image-preview":"max-image-preview:large","max-video-preview":"max-video-preview:-1"},"canonical":"https:\/\/paragaleriedetalborjt.com\/en\/boutique\/puressentiel-gel-bobos-bosses-33-huiles-essentielles-30ml\/","og_locale":"en_US","og_type":"article","og_title":"PURESSENTIEL GEL BOBOS BOSSES 33 HUILES ESSENTIELLES 30ML - paragaleriedetalborjt","og_description":"Highlights:COMPL\u00c9MENT ID\u00c9AL DES SOINS ANTI-CHUTE.UN BAIN D\u2019\u00c9NERGIE, V\u00c9RITABLE SOURCE DE BEAUT\u00c9 ET DE VIGUEUR, DESTIN\u00c9 AUX CHEVEUX FINS, FRAGILES ET SANS VOLUME.","og_url":"https:\/\/paragaleriedetalborjt.com\/en\/boutique\/puressentiel-gel-bobos-bosses-33-huiles-essentielles-30ml\/","og_site_name":"paragaleriedetalborjt","article_modified_time":"2026-01-04T13:31:32+00:00","og_image":[{"width":595,"height":735,"url":"https:\/\/paragaleriedetalborjt.com\/wp-content\/uploads\/2026\/01\/Layer-1-29.jpg","type":"image\/jpeg"}],"twitter_card":"summary_large_image","twitter_misc":{"Est. reading time":"1 minute"},"schema":{"@context":"https:\/\/schema.org","@graph":[{"@type":"WebPage","@id":"https:\/\/paragaleriedetalborjt.com\/boutique\/puressentiel-gel-bobos-bosses-33-huiles-essentielles-30ml\/","url":"https:\/\/paragaleriedetalborjt.com\/boutique\/puressentiel-gel-bobos-bosses-33-huiles-essentielles-30ml\/","name":"PURESSENTIEL GEL BOBOS BOSSES 33 HUILES ESSENTIELLES 30ML - paragaleriedetalborjt","isPartOf":{"@id":"https:\/\/paragaleriedetalborjt.com\/#website"},"primaryImageOfPage":{"@id":"https:\/\/paragaleriedetalborjt.com\/boutique\/puressentiel-gel-bobos-bosses-33-huiles-essentielles-30ml\/#primaryimage"},"image":{"@id":"https:\/\/paragaleriedetalborjt.com\/boutique\/puressentiel-gel-bobos-bosses-33-huiles-essentielles-30ml\/#primaryimage"},"thumbnailUrl":"https:\/\/paragaleriedetalborjt.com\/wp-content\/uploads\/2026\/01\/Layer-1-29.jpg","datePublished":"2026-01-04T00:14:11+00:00","dateModified":"2026-01-04T13:31:32+00:00","breadcrumb":{"@id":"https:\/\/paragaleriedetalborjt.com\/boutique\/puressentiel-gel-bobos-bosses-33-huiles-essentielles-30ml\/#breadcrumb"},"inLanguage":"en-US","potentialAction":[{"@type":"ReadAction","target":["https:\/\/paragaleriedetalborjt.com\/boutique\/puressentiel-gel-bobos-bosses-33-huiles-essentielles-30ml\/"]}]},{"@type":"ImageObject","inLanguage":"en-US","@id":"https:\/\/paragaleriedetalborjt.com\/boutique\/puressentiel-gel-bobos-bosses-33-huiles-essentielles-30ml\/#primaryimage","url":"https:\/\/paragaleriedetalborjt.com\/wp-content\/uploads\/2026\/01\/Layer-1-29.jpg","contentUrl":"https:\/\/paragaleriedetalborjt.com\/wp-content\/uploads\/2026\/01\/Layer-1-29.jpg","width":595,"height":735},{"@type":"BreadcrumbList","@id":"https:\/\/paragaleriedetalborjt.com\/boutique\/puressentiel-gel-bobos-bosses-33-huiles-essentielles-30ml\/#breadcrumb","itemListElement":[{"@type":"ListItem","position":1,"name":"Accueil","item":"https:\/\/paragaleriedetalborjt.com\/"},{"@type":"ListItem","position":2,"name":"Boutique","item":"https:\/\/paragaleriedetalborjt.com\/boutique\/"},{"@type":"ListItem","position":3,"name":"PURESSENTIEL GEL BOBOS BOSSES 33 HUILES ESSENTIELLES 30ML"}]},{"@type":"WebSite","@id":"https:\/\/paragaleriedetalborjt.com\/#website","url":"https:\/\/paragaleriedetalborjt.com\/","name":"paragaleriedetalborjt","description":"","potentialAction":[{"@type":"SearchAction","target":{"@type":"EntryPoint","urlTemplate":"https:\/\/paragaleriedetalborjt.com\/?s={search_term_string}"},"query-input":{"@type":"PropertyValueSpecification","valueRequired":true,"valueName":"search_term_string"}}],"inLanguage":"en-US"}]}},"brands":[{"id":1824,"name":"PURESSENTIEL","slug":"puressentiel"}],"_links":{"self":[{"href":"https:\/\/paragaleriedetalborjt.com\/en\/wp-json\/wp\/v2\/product\/47407","targetHints":{"allow":["GET"]}}],"collection":[{"href":"https:\/\/paragaleriedetalborjt.com\/en\/wp-json\/wp\/v2\/product"}],"about":[{"href":"https:\/\/paragaleriedetalborjt.com\/en\/wp-json\/wp\/v2\/types\/product"}],"replies":[{"embeddable":true,"href":"https:\/\/paragaleriedetalborjt.com\/en\/wp-json\/wp\/v2\/comments?post=47407"}],"version-history":[{"count":1,"href":"https:\/\/paragaleriedetalborjt.com\/en\/wp-json\/wp\/v2\/product\/47407\/revisions"}],"predecessor-version":[{"id":47409,"href":"https:\/\/paragaleriedetalborjt.com\/en\/wp-json\/wp\/v2\/product\/47407\/revisions\/47409"}],"wp:featuredmedia":[{"embeddable":true,"href":"https:\/\/paragaleriedetalborjt.com\/en\/wp-json\/wp\/v2\/media\/47408"}],"wp:attachment":[{"href":"https:\/\/paragaleriedetalborjt.com\/en\/wp-json\/wp\/v2\/media?parent=47407"}],"wp:term":[{"taxonomy":"pwb-brand","embeddable":true,"href":"https:\/\/paragaleriedetalborjt.com\/en\/wp-json\/wp\/v2\/pwb-brand?post=47407"},{"taxonomy":"product_cat","embeddable":true,"href":"https:\/\/paragaleriedetalborjt.com\/en\/wp-json\/wp\/v2\/product_cat?post=47407"},{"taxonomy":"product_tag","embeddable":true,"href":"https:\/\/paragaleriedetalborjt.com\/en\/wp-json\/wp\/v2\/product_tag?post=47407"}],"curies":[{"name":"wp","href":"https:\/\/api.w.org\/{rel}","templated":true}]}}