{"id":47353,"date":"2026-01-04T01:12:03","date_gmt":"2026-01-04T00:12:03","guid":{"rendered":"https:\/\/paragaleriedetalborjt.com\/?post_type=product&#038;p=47353"},"modified":"2026-01-04T14:31:23","modified_gmt":"2026-01-04T13:31:23","slug":"hartmann-sterilux-disque-demaquillant-70sachet-918660","status":"publish","type":"product","link":"https:\/\/paragaleriedetalborjt.com\/en\/boutique\/hartmann-sterilux-disque-demaquillant-70sachet-918660\/","title":{"rendered":"Hartmann Sterilux disque demaquillant 70sachet 918660"},"content":{"rendered":"<div aria-labelledby=\"tab-title-description\" class=\"woocommerce-Tabs-panel woocommerce-Tabs-panel--description panel entry-content wc-tab\" id=\"tab-description\" role=\"tabpanel\" style=\"\">\n<h2>Description<\/h2>\n<p>Doux et respectueux de tous les types de peaux, m\u00eame les plus sensibles, ils apportent une\u00a0sensation de confort\u00a0lors du d\u00e9maquillage quotidien.<\/p>\n<p>Test\u00e9s dermatologiquement, ils peuvent \u00e9galement \u00eatre utilis\u00e9s pour les\u00a0soins du nourrisson, notamment pour nettoyer le visage du b\u00e9b\u00e9 apr\u00e8s le repas. Ce dernier poss\u00e8de une peau fragile, il est donc important d\u2019utiliser un produit doux et agr\u00e9able, afin d\u2019\u00e9viter toute irritation.<\/p>\n<p>Ces disques de coton St\u00e9rilux permettent de\u00a0nettoyer facilement et efficacement la peau. Leur\u00a0format \u00e9conomique et pratique\u00a0vous permet de les emmener dans vos bagages partout o\u00f9 vous allez. Ils ont \u00e9galement pour particularit\u00e9 de ne pas prendre de place non plus dans votre trousse \u00e0 pharmacie.<\/p>\n<p>De plus, ces cotons dermatologiques\u00a0ne laissent aucune peluche ni trace de r\u00e9sidus\u00a0sur l\u2019\u00e9piderme apr\u00e8s utilisation. Ils \u00e9liminent le maquillage, mais aussi les impuret\u00e9s li\u00e9es \u00e0 la pollution et \u00e0 l\u2019exc\u00e8s de s\u00e9bum. Le d\u00e9maquillage est une \u00e9tape indispensable lors de votre routine quotidienne !<\/p>\n<p>En \u00e9liminant votre maquillage, vos cils, et la peau autour de vos yeux, tout comme celle du visage respirent et resteront visiblement plus jeunes. Les cotons St\u00e9rilux apaisent et procurent une sensation de bien-\u00eatre. N\u2019h\u00e9sitez plus et optez pour ces cotons d\u00e9maquillants, pour un soin du visage r\u00e9ussi !<\/p>\n<p>Conditionnement\u00a0: 70 disques dermatologiques.<\/p>\n<ul>\n<li>D\u00e9posez le produit d\u00e9maquillant ou le soin directement sur le coton \u00e0 d\u00e9maquiller.<\/li>\n<li>\u00c9talez sur la peau et frottez d\u00e9licatement.<\/li>\n<li>Ne pas h\u00e9siter \u00e0 utiliser plusieurs disques si le maquillage est tenace et n\u2019est pas retir\u00e9 au premier passage.<\/li>\n<\/ul>\n<\/div>","protected":false},"excerpt":{"rendered":"<p>Highlights:Les disques de coton St\u00e9rilux\u00a0ont \u00e9t\u00e9 formul\u00e9s sp\u00e9cialement pour\u00a0d\u00e9maquiller le visage\u00a0et procurer un\u00a0soin de peau irr\u00e9prochable.<\/p>","protected":false},"featured_media":47354,"comment_status":"open","ping_status":"closed","template":"","meta":[],"pwb-brand":[1698],"product_cat":[16],"product_tag":[],"class_list":{"0":"post-47353","1":"product","2":"type-product","3":"status-publish","4":"has-post-thumbnail","6":"pwb-brand-hartmann","7":"product_cat-non-classe","8":"pa_brands-hartmann","10":"first","11":"instock","12":"sale","13":"shipping-taxable","14":"purchasable","15":"product-type-simple"},"yoast_head":"<!-- This site is optimized with the Yoast SEO plugin v27.5 - https:\/\/yoast.com\/product\/yoast-seo-wordpress\/ -->\n<title>Hartmann Sterilux disque demaquillant 70sachet 918660 - paragaleriedetalborjt<\/title>\n<meta name=\"robots\" content=\"index, follow, max-snippet:-1, max-image-preview:large, max-video-preview:-1\" \/>\n<link rel=\"canonical\" href=\"https:\/\/paragaleriedetalborjt.com\/en\/boutique\/hartmann-sterilux-disque-demaquillant-70sachet-918660\/\" \/>\n<meta property=\"og:locale\" content=\"en_US\" \/>\n<meta property=\"og:type\" content=\"article\" \/>\n<meta property=\"og:title\" content=\"Hartmann Sterilux disque demaquillant 70sachet 918660 - paragaleriedetalborjt\" \/>\n<meta property=\"og:description\" content=\"Highlights:Les disques de coton St\u00e9rilux\u00a0ont \u00e9t\u00e9 formul\u00e9s sp\u00e9cialement pour\u00a0d\u00e9maquiller le visage\u00a0et procurer un\u00a0soin de peau irr\u00e9prochable.\" \/>\n<meta property=\"og:url\" content=\"https:\/\/paragaleriedetalborjt.com\/en\/boutique\/hartmann-sterilux-disque-demaquillant-70sachet-918660\/\" \/>\n<meta property=\"og:site_name\" content=\"paragaleriedetalborjt\" \/>\n<meta property=\"article:modified_time\" content=\"2026-01-04T13:31:23+00:00\" \/>\n<meta property=\"og:image\" content=\"https:\/\/paragaleriedetalborjt.com\/wp-content\/uploads\/2026\/01\/hartmann-sterilux-coton-disques-a-demaquiller-x70u-1.jpg\" \/>\n\t<meta property=\"og:image:width\" content=\"595\" \/>\n\t<meta property=\"og:image:height\" content=\"655\" \/>\n\t<meta property=\"og:image:type\" content=\"image\/jpeg\" \/>\n<meta name=\"twitter:card\" content=\"summary_large_image\" \/>\n<meta name=\"twitter:label1\" content=\"Est. reading time\" \/>\n\t<meta name=\"twitter:data1\" content=\"1 minute\" \/>\n<script type=\"application\/ld+json\" class=\"yoast-schema-graph\">{\"@context\":\"https:\\\/\\\/schema.org\",\"@graph\":[{\"@type\":\"WebPage\",\"@id\":\"https:\\\/\\\/paragaleriedetalborjt.com\\\/boutique\\\/hartmann-sterilux-disque-demaquillant-70sachet-918660\\\/\",\"url\":\"https:\\\/\\\/paragaleriedetalborjt.com\\\/boutique\\\/hartmann-sterilux-disque-demaquillant-70sachet-918660\\\/\",\"name\":\"Hartmann Sterilux disque demaquillant 70sachet 918660 - paragaleriedetalborjt\",\"isPartOf\":{\"@id\":\"https:\\\/\\\/paragaleriedetalborjt.com\\\/#website\"},\"primaryImageOfPage\":{\"@id\":\"https:\\\/\\\/paragaleriedetalborjt.com\\\/boutique\\\/hartmann-sterilux-disque-demaquillant-70sachet-918660\\\/#primaryimage\"},\"image\":{\"@id\":\"https:\\\/\\\/paragaleriedetalborjt.com\\\/boutique\\\/hartmann-sterilux-disque-demaquillant-70sachet-918660\\\/#primaryimage\"},\"thumbnailUrl\":\"https:\\\/\\\/paragaleriedetalborjt.com\\\/wp-content\\\/uploads\\\/2026\\\/01\\\/hartmann-sterilux-coton-disques-a-demaquiller-x70u-1.jpg\",\"datePublished\":\"2026-01-04T00:12:03+00:00\",\"dateModified\":\"2026-01-04T13:31:23+00:00\",\"breadcrumb\":{\"@id\":\"https:\\\/\\\/paragaleriedetalborjt.com\\\/boutique\\\/hartmann-sterilux-disque-demaquillant-70sachet-918660\\\/#breadcrumb\"},\"inLanguage\":\"en-US\",\"potentialAction\":[{\"@type\":\"ReadAction\",\"target\":[\"https:\\\/\\\/paragaleriedetalborjt.com\\\/boutique\\\/hartmann-sterilux-disque-demaquillant-70sachet-918660\\\/\"]}]},{\"@type\":\"ImageObject\",\"inLanguage\":\"en-US\",\"@id\":\"https:\\\/\\\/paragaleriedetalborjt.com\\\/boutique\\\/hartmann-sterilux-disque-demaquillant-70sachet-918660\\\/#primaryimage\",\"url\":\"https:\\\/\\\/paragaleriedetalborjt.com\\\/wp-content\\\/uploads\\\/2026\\\/01\\\/hartmann-sterilux-coton-disques-a-demaquiller-x70u-1.jpg\",\"contentUrl\":\"https:\\\/\\\/paragaleriedetalborjt.com\\\/wp-content\\\/uploads\\\/2026\\\/01\\\/hartmann-sterilux-coton-disques-a-demaquiller-x70u-1.jpg\",\"width\":595,\"height\":655},{\"@type\":\"BreadcrumbList\",\"@id\":\"https:\\\/\\\/paragaleriedetalborjt.com\\\/boutique\\\/hartmann-sterilux-disque-demaquillant-70sachet-918660\\\/#breadcrumb\",\"itemListElement\":[{\"@type\":\"ListItem\",\"position\":1,\"name\":\"Accueil\",\"item\":\"https:\\\/\\\/paragaleriedetalborjt.com\\\/\"},{\"@type\":\"ListItem\",\"position\":2,\"name\":\"Boutique\",\"item\":\"https:\\\/\\\/paragaleriedetalborjt.com\\\/boutique\\\/\"},{\"@type\":\"ListItem\",\"position\":3,\"name\":\"Hartmann Sterilux disque demaquillant 70sachet 918660\"}]},{\"@type\":\"WebSite\",\"@id\":\"https:\\\/\\\/paragaleriedetalborjt.com\\\/#website\",\"url\":\"https:\\\/\\\/paragaleriedetalborjt.com\\\/\",\"name\":\"paragaleriedetalborjt\",\"description\":\"\",\"potentialAction\":[{\"@type\":\"SearchAction\",\"target\":{\"@type\":\"EntryPoint\",\"urlTemplate\":\"https:\\\/\\\/paragaleriedetalborjt.com\\\/?s={search_term_string}\"},\"query-input\":{\"@type\":\"PropertyValueSpecification\",\"valueRequired\":true,\"valueName\":\"search_term_string\"}}],\"inLanguage\":\"en-US\"}]}<\/script>\n<!-- \/ Yoast SEO plugin. -->","yoast_head_json":{"title":"Hartmann Sterilux disque demaquillant 70sachet 918660 - paragaleriedetalborjt","robots":{"index":"index","follow":"follow","max-snippet":"max-snippet:-1","max-image-preview":"max-image-preview:large","max-video-preview":"max-video-preview:-1"},"canonical":"https:\/\/paragaleriedetalborjt.com\/en\/boutique\/hartmann-sterilux-disque-demaquillant-70sachet-918660\/","og_locale":"en_US","og_type":"article","og_title":"Hartmann Sterilux disque demaquillant 70sachet 918660 - paragaleriedetalborjt","og_description":"Highlights:Les disques de coton St\u00e9rilux\u00a0ont \u00e9t\u00e9 formul\u00e9s sp\u00e9cialement pour\u00a0d\u00e9maquiller le visage\u00a0et procurer un\u00a0soin de peau irr\u00e9prochable.","og_url":"https:\/\/paragaleriedetalborjt.com\/en\/boutique\/hartmann-sterilux-disque-demaquillant-70sachet-918660\/","og_site_name":"paragaleriedetalborjt","article_modified_time":"2026-01-04T13:31:23+00:00","og_image":[{"width":595,"height":655,"url":"https:\/\/paragaleriedetalborjt.com\/wp-content\/uploads\/2026\/01\/hartmann-sterilux-coton-disques-a-demaquiller-x70u-1.jpg","type":"image\/jpeg"}],"twitter_card":"summary_large_image","twitter_misc":{"Est. reading time":"1 minute"},"schema":{"@context":"https:\/\/schema.org","@graph":[{"@type":"WebPage","@id":"https:\/\/paragaleriedetalborjt.com\/boutique\/hartmann-sterilux-disque-demaquillant-70sachet-918660\/","url":"https:\/\/paragaleriedetalborjt.com\/boutique\/hartmann-sterilux-disque-demaquillant-70sachet-918660\/","name":"Hartmann Sterilux disque demaquillant 70sachet 918660 - paragaleriedetalborjt","isPartOf":{"@id":"https:\/\/paragaleriedetalborjt.com\/#website"},"primaryImageOfPage":{"@id":"https:\/\/paragaleriedetalborjt.com\/boutique\/hartmann-sterilux-disque-demaquillant-70sachet-918660\/#primaryimage"},"image":{"@id":"https:\/\/paragaleriedetalborjt.com\/boutique\/hartmann-sterilux-disque-demaquillant-70sachet-918660\/#primaryimage"},"thumbnailUrl":"https:\/\/paragaleriedetalborjt.com\/wp-content\/uploads\/2026\/01\/hartmann-sterilux-coton-disques-a-demaquiller-x70u-1.jpg","datePublished":"2026-01-04T00:12:03+00:00","dateModified":"2026-01-04T13:31:23+00:00","breadcrumb":{"@id":"https:\/\/paragaleriedetalborjt.com\/boutique\/hartmann-sterilux-disque-demaquillant-70sachet-918660\/#breadcrumb"},"inLanguage":"en-US","potentialAction":[{"@type":"ReadAction","target":["https:\/\/paragaleriedetalborjt.com\/boutique\/hartmann-sterilux-disque-demaquillant-70sachet-918660\/"]}]},{"@type":"ImageObject","inLanguage":"en-US","@id":"https:\/\/paragaleriedetalborjt.com\/boutique\/hartmann-sterilux-disque-demaquillant-70sachet-918660\/#primaryimage","url":"https:\/\/paragaleriedetalborjt.com\/wp-content\/uploads\/2026\/01\/hartmann-sterilux-coton-disques-a-demaquiller-x70u-1.jpg","contentUrl":"https:\/\/paragaleriedetalborjt.com\/wp-content\/uploads\/2026\/01\/hartmann-sterilux-coton-disques-a-demaquiller-x70u-1.jpg","width":595,"height":655},{"@type":"BreadcrumbList","@id":"https:\/\/paragaleriedetalborjt.com\/boutique\/hartmann-sterilux-disque-demaquillant-70sachet-918660\/#breadcrumb","itemListElement":[{"@type":"ListItem","position":1,"name":"Accueil","item":"https:\/\/paragaleriedetalborjt.com\/"},{"@type":"ListItem","position":2,"name":"Boutique","item":"https:\/\/paragaleriedetalborjt.com\/boutique\/"},{"@type":"ListItem","position":3,"name":"Hartmann Sterilux disque demaquillant 70sachet 918660"}]},{"@type":"WebSite","@id":"https:\/\/paragaleriedetalborjt.com\/#website","url":"https:\/\/paragaleriedetalborjt.com\/","name":"paragaleriedetalborjt","description":"","potentialAction":[{"@type":"SearchAction","target":{"@type":"EntryPoint","urlTemplate":"https:\/\/paragaleriedetalborjt.com\/?s={search_term_string}"},"query-input":{"@type":"PropertyValueSpecification","valueRequired":true,"valueName":"search_term_string"}}],"inLanguage":"en-US"}]}},"brands":[{"id":1698,"name":"Hartmann","slug":"hartmann"}],"_links":{"self":[{"href":"https:\/\/paragaleriedetalborjt.com\/en\/wp-json\/wp\/v2\/product\/47353","targetHints":{"allow":["GET"]}}],"collection":[{"href":"https:\/\/paragaleriedetalborjt.com\/en\/wp-json\/wp\/v2\/product"}],"about":[{"href":"https:\/\/paragaleriedetalborjt.com\/en\/wp-json\/wp\/v2\/types\/product"}],"replies":[{"embeddable":true,"href":"https:\/\/paragaleriedetalborjt.com\/en\/wp-json\/wp\/v2\/comments?post=47353"}],"version-history":[{"count":1,"href":"https:\/\/paragaleriedetalborjt.com\/en\/wp-json\/wp\/v2\/product\/47353\/revisions"}],"predecessor-version":[{"id":47355,"href":"https:\/\/paragaleriedetalborjt.com\/en\/wp-json\/wp\/v2\/product\/47353\/revisions\/47355"}],"wp:featuredmedia":[{"embeddable":true,"href":"https:\/\/paragaleriedetalborjt.com\/en\/wp-json\/wp\/v2\/media\/47354"}],"wp:attachment":[{"href":"https:\/\/paragaleriedetalborjt.com\/en\/wp-json\/wp\/v2\/media?parent=47353"}],"wp:term":[{"taxonomy":"pwb-brand","embeddable":true,"href":"https:\/\/paragaleriedetalborjt.com\/en\/wp-json\/wp\/v2\/pwb-brand?post=47353"},{"taxonomy":"product_cat","embeddable":true,"href":"https:\/\/paragaleriedetalborjt.com\/en\/wp-json\/wp\/v2\/product_cat?post=47353"},{"taxonomy":"product_tag","embeddable":true,"href":"https:\/\/paragaleriedetalborjt.com\/en\/wp-json\/wp\/v2\/product_tag?post=47353"}],"curies":[{"name":"wp","href":"https:\/\/api.w.org\/{rel}","templated":true}]}}