{"id":47350,"date":"2026-01-04T01:11:57","date_gmt":"2026-01-04T00:11:57","guid":{"rendered":"https:\/\/paragaleriedetalborjt.com\/?post_type=product&#038;p=47350"},"modified":"2026-01-04T14:31:23","modified_gmt":"2026-01-04T13:31:23","slug":"arnidol-gel-stick-15g","status":"publish","type":"product","link":"https:\/\/paragaleriedetalborjt.com\/en\/boutique\/arnidol-gel-stick-15g\/","title":{"rendered":"Arnidol Gel stick 15G"},"content":{"rendered":"<div aria-labelledby=\"tab-title-description\" class=\"woocommerce-Tabs-panel woocommerce-Tabs-panel--description panel entry-content wc-tab\" id=\"tab-description\" role=\"tabpanel\" style=\"\">\n<h2>Description<\/h2>\n<p><strong><strong>Caract\u00e9ristiques : <\/strong> <\/strong><\/p>\n<p>ARNICA<br \/>\nC\u2019est une plante originaire du centre et du sud de l\u2019Europe. Ses fleurs jaunes sont la partie la plus int\u00e9ressante en raison de leurs propri\u00e9t\u00e9s cutan\u00e9es. L\u2019arnica adoucit, hydrate et calme la peau.<br \/>\nBEURRE DE KARIT\u00c9<br \/>\nLe beurre de karit\u00e9 est obtenu par pression des noix d\u2019un arbre appel\u00e9 karit\u00e9. Il est utilis\u00e9 dans les cosm\u00e9tiques pour ses propri\u00e9t\u00e9s bienfaisantes. Son fort pouvoir nutritif est id\u00e9al pour les peaux d\u00e9licates des enfants.<br \/>\nL\u2019EFFET \u00c9CRAN DES FILTRES MIN\u00c9RAUX<br \/>\nLes filtres min\u00e9raux apportant une protection imm\u00e9diate, il est inutile d\u2019appliquer le produit 30 minutes avant. Les rayons du soleil n\u2019agresseront pas la peau de vos enfants gr\u00e2ce \u00e0 l\u2019effet \u00e9cran naturel de ces ingr\u00e9dients qui, contrairement aux filtres chimiques, ne seront pas absorb\u00e9s par la peau.<br \/>\nArnidol\u00ae sun est semblable \u00e0 un halo magique ; il prot\u00e8ge la peau d\u00e9licate de vos enfants contre l\u2019agression des rayons de soleil. Les fleurs d\u2019arnica, le beurre de karit\u00e9 et les filtres solaires min\u00e9raux lui apporteront une protection excellente et instantan\u00e9e. C\u2019est un compl\u00e9ment parfait de la cr\u00e8me solaire pour le visage, les \u00e9paules et le torse pour les journ\u00e9es \u00e0 la plage et un bon \u00e9cran solaire pour les promenades et au parc.<\/p>\n<\/div>","protected":false},"excerpt":{"rendered":"<p>Highlights:Arnidol\u00ae Sun associe un m\u00e9lange de fleurs d\u2019arnica et de beurre de karit\u00e9 \u00e0 des filtres solaires min\u00e9raux ayant un effet barri\u00e8re imm\u00e9diat et non absorbables par la peau. Gr\u00e2ce \u00e0 la combinaison exclusive de ces ingr\u00e9dients actifs, Arnidol\u00ae Sun prot\u00e8ge et hydrate les peaux sensibles en leur apportant une excellente protection contre les UVA et les UVB.<\/p>","protected":false},"featured_media":47351,"comment_status":"open","ping_status":"closed","template":"","meta":[],"pwb-brand":[2296],"product_cat":[16],"product_tag":[],"class_list":{"0":"post-47350","1":"product","2":"type-product","3":"status-publish","4":"has-post-thumbnail","6":"pwb-brand-arnidol","7":"product_cat-non-classe","8":"pa_brands-arnidol","10":"first","11":"instock","12":"sale","13":"shipping-taxable","14":"purchasable","15":"product-type-simple"},"yoast_head":"<!-- This site is optimized with the Yoast SEO plugin v26.9 - https:\/\/yoast.com\/product\/yoast-seo-wordpress\/ -->\n<title>Arnidol Gel stick 15G - paragaleriedetalborjt<\/title>\n<meta name=\"robots\" content=\"index, follow, max-snippet:-1, max-image-preview:large, max-video-preview:-1\" \/>\n<link rel=\"canonical\" href=\"https:\/\/paragaleriedetalborjt.com\/en\/boutique\/arnidol-gel-stick-15g\/\" \/>\n<meta property=\"og:locale\" content=\"en_US\" \/>\n<meta property=\"og:type\" content=\"article\" \/>\n<meta property=\"og:title\" content=\"Arnidol Gel stick 15G - paragaleriedetalborjt\" \/>\n<meta property=\"og:description\" content=\"Highlights:Arnidol\u00ae Sun associe un m\u00e9lange de fleurs d\u2019arnica et de beurre de karit\u00e9 \u00e0 des filtres solaires min\u00e9raux ayant un effet barri\u00e8re imm\u00e9diat et non absorbables par la peau. Gr\u00e2ce \u00e0 la combinaison exclusive de ces ingr\u00e9dients actifs, Arnidol\u00ae Sun prot\u00e8ge et hydrate les peaux sensibles en leur apportant une excellente protection contre les UVA et les UVB.\" \/>\n<meta property=\"og:url\" content=\"https:\/\/paragaleriedetalborjt.com\/en\/boutique\/arnidol-gel-stick-15g\/\" \/>\n<meta property=\"og:site_name\" content=\"paragaleriedetalborjt\" \/>\n<meta property=\"article:modified_time\" content=\"2026-01-04T13:31:23+00:00\" \/>\n<meta property=\"og:image\" content=\"https:\/\/paragaleriedetalborjt.com\/wp-content\/uploads\/2026\/01\/arnidol-gel-stick-15-gr.jpg\" \/>\n\t<meta property=\"og:image:width\" content=\"430\" \/>\n\t<meta property=\"og:image:height\" content=\"528\" \/>\n\t<meta property=\"og:image:type\" content=\"image\/jpeg\" \/>\n<meta name=\"twitter:card\" content=\"summary_large_image\" \/>\n<meta name=\"twitter:label1\" content=\"Est. reading time\" \/>\n\t<meta name=\"twitter:data1\" content=\"1 minute\" \/>\n<script type=\"application\/ld+json\" class=\"yoast-schema-graph\">{\"@context\":\"https:\/\/schema.org\",\"@graph\":[{\"@type\":\"WebPage\",\"@id\":\"https:\/\/paragaleriedetalborjt.com\/boutique\/arnidol-gel-stick-15g\/\",\"url\":\"https:\/\/paragaleriedetalborjt.com\/boutique\/arnidol-gel-stick-15g\/\",\"name\":\"Arnidol Gel stick 15G - paragaleriedetalborjt\",\"isPartOf\":{\"@id\":\"https:\/\/paragaleriedetalborjt.com\/#website\"},\"primaryImageOfPage\":{\"@id\":\"https:\/\/paragaleriedetalborjt.com\/boutique\/arnidol-gel-stick-15g\/#primaryimage\"},\"image\":{\"@id\":\"https:\/\/paragaleriedetalborjt.com\/boutique\/arnidol-gel-stick-15g\/#primaryimage\"},\"thumbnailUrl\":\"https:\/\/paragaleriedetalborjt.com\/wp-content\/uploads\/2026\/01\/arnidol-gel-stick-15-gr.jpg\",\"datePublished\":\"2026-01-04T00:11:57+00:00\",\"dateModified\":\"2026-01-04T13:31:23+00:00\",\"breadcrumb\":{\"@id\":\"https:\/\/paragaleriedetalborjt.com\/boutique\/arnidol-gel-stick-15g\/#breadcrumb\"},\"inLanguage\":\"en-US\",\"potentialAction\":[{\"@type\":\"ReadAction\",\"target\":[\"https:\/\/paragaleriedetalborjt.com\/boutique\/arnidol-gel-stick-15g\/\"]}]},{\"@type\":\"ImageObject\",\"inLanguage\":\"en-US\",\"@id\":\"https:\/\/paragaleriedetalborjt.com\/boutique\/arnidol-gel-stick-15g\/#primaryimage\",\"url\":\"https:\/\/paragaleriedetalborjt.com\/wp-content\/uploads\/2026\/01\/arnidol-gel-stick-15-gr.jpg\",\"contentUrl\":\"https:\/\/paragaleriedetalborjt.com\/wp-content\/uploads\/2026\/01\/arnidol-gel-stick-15-gr.jpg\",\"width\":430,\"height\":528},{\"@type\":\"BreadcrumbList\",\"@id\":\"https:\/\/paragaleriedetalborjt.com\/boutique\/arnidol-gel-stick-15g\/#breadcrumb\",\"itemListElement\":[{\"@type\":\"ListItem\",\"position\":1,\"name\":\"Accueil\",\"item\":\"https:\/\/paragaleriedetalborjt.com\/\"},{\"@type\":\"ListItem\",\"position\":2,\"name\":\"Boutique\",\"item\":\"https:\/\/paragaleriedetalborjt.com\/boutique\/\"},{\"@type\":\"ListItem\",\"position\":3,\"name\":\"Arnidol Gel stick 15G\"}]},{\"@type\":\"WebSite\",\"@id\":\"https:\/\/paragaleriedetalborjt.com\/#website\",\"url\":\"https:\/\/paragaleriedetalborjt.com\/\",\"name\":\"paragaleriedetalborjt\",\"description\":\"\",\"potentialAction\":[{\"@type\":\"SearchAction\",\"target\":{\"@type\":\"EntryPoint\",\"urlTemplate\":\"https:\/\/paragaleriedetalborjt.com\/?s={search_term_string}\"},\"query-input\":{\"@type\":\"PropertyValueSpecification\",\"valueRequired\":true,\"valueName\":\"search_term_string\"}}],\"inLanguage\":\"en-US\"}]}<\/script>\n<!-- \/ Yoast SEO plugin. -->","yoast_head_json":{"title":"Arnidol Gel stick 15G - paragaleriedetalborjt","robots":{"index":"index","follow":"follow","max-snippet":"max-snippet:-1","max-image-preview":"max-image-preview:large","max-video-preview":"max-video-preview:-1"},"canonical":"https:\/\/paragaleriedetalborjt.com\/en\/boutique\/arnidol-gel-stick-15g\/","og_locale":"en_US","og_type":"article","og_title":"Arnidol Gel stick 15G - paragaleriedetalborjt","og_description":"Highlights:Arnidol\u00ae Sun associe un m\u00e9lange de fleurs d\u2019arnica et de beurre de karit\u00e9 \u00e0 des filtres solaires min\u00e9raux ayant un effet barri\u00e8re imm\u00e9diat et non absorbables par la peau. Gr\u00e2ce \u00e0 la combinaison exclusive de ces ingr\u00e9dients actifs, Arnidol\u00ae Sun prot\u00e8ge et hydrate les peaux sensibles en leur apportant une excellente protection contre les UVA et les UVB.","og_url":"https:\/\/paragaleriedetalborjt.com\/en\/boutique\/arnidol-gel-stick-15g\/","og_site_name":"paragaleriedetalborjt","article_modified_time":"2026-01-04T13:31:23+00:00","og_image":[{"width":430,"height":528,"url":"https:\/\/paragaleriedetalborjt.com\/wp-content\/uploads\/2026\/01\/arnidol-gel-stick-15-gr.jpg","type":"image\/jpeg"}],"twitter_card":"summary_large_image","twitter_misc":{"Est. reading time":"1 minute"},"schema":{"@context":"https:\/\/schema.org","@graph":[{"@type":"WebPage","@id":"https:\/\/paragaleriedetalborjt.com\/boutique\/arnidol-gel-stick-15g\/","url":"https:\/\/paragaleriedetalborjt.com\/boutique\/arnidol-gel-stick-15g\/","name":"Arnidol Gel stick 15G - paragaleriedetalborjt","isPartOf":{"@id":"https:\/\/paragaleriedetalborjt.com\/#website"},"primaryImageOfPage":{"@id":"https:\/\/paragaleriedetalborjt.com\/boutique\/arnidol-gel-stick-15g\/#primaryimage"},"image":{"@id":"https:\/\/paragaleriedetalborjt.com\/boutique\/arnidol-gel-stick-15g\/#primaryimage"},"thumbnailUrl":"https:\/\/paragaleriedetalborjt.com\/wp-content\/uploads\/2026\/01\/arnidol-gel-stick-15-gr.jpg","datePublished":"2026-01-04T00:11:57+00:00","dateModified":"2026-01-04T13:31:23+00:00","breadcrumb":{"@id":"https:\/\/paragaleriedetalborjt.com\/boutique\/arnidol-gel-stick-15g\/#breadcrumb"},"inLanguage":"en-US","potentialAction":[{"@type":"ReadAction","target":["https:\/\/paragaleriedetalborjt.com\/boutique\/arnidol-gel-stick-15g\/"]}]},{"@type":"ImageObject","inLanguage":"en-US","@id":"https:\/\/paragaleriedetalborjt.com\/boutique\/arnidol-gel-stick-15g\/#primaryimage","url":"https:\/\/paragaleriedetalborjt.com\/wp-content\/uploads\/2026\/01\/arnidol-gel-stick-15-gr.jpg","contentUrl":"https:\/\/paragaleriedetalborjt.com\/wp-content\/uploads\/2026\/01\/arnidol-gel-stick-15-gr.jpg","width":430,"height":528},{"@type":"BreadcrumbList","@id":"https:\/\/paragaleriedetalborjt.com\/boutique\/arnidol-gel-stick-15g\/#breadcrumb","itemListElement":[{"@type":"ListItem","position":1,"name":"Accueil","item":"https:\/\/paragaleriedetalborjt.com\/"},{"@type":"ListItem","position":2,"name":"Boutique","item":"https:\/\/paragaleriedetalborjt.com\/boutique\/"},{"@type":"ListItem","position":3,"name":"Arnidol Gel stick 15G"}]},{"@type":"WebSite","@id":"https:\/\/paragaleriedetalborjt.com\/#website","url":"https:\/\/paragaleriedetalborjt.com\/","name":"paragaleriedetalborjt","description":"","potentialAction":[{"@type":"SearchAction","target":{"@type":"EntryPoint","urlTemplate":"https:\/\/paragaleriedetalborjt.com\/?s={search_term_string}"},"query-input":{"@type":"PropertyValueSpecification","valueRequired":true,"valueName":"search_term_string"}}],"inLanguage":"en-US"}]}},"brands":[{"id":2296,"name":"ARNIDOL","slug":"arnidol"}],"_links":{"self":[{"href":"https:\/\/paragaleriedetalborjt.com\/en\/wp-json\/wp\/v2\/product\/47350","targetHints":{"allow":["GET"]}}],"collection":[{"href":"https:\/\/paragaleriedetalborjt.com\/en\/wp-json\/wp\/v2\/product"}],"about":[{"href":"https:\/\/paragaleriedetalborjt.com\/en\/wp-json\/wp\/v2\/types\/product"}],"replies":[{"embeddable":true,"href":"https:\/\/paragaleriedetalborjt.com\/en\/wp-json\/wp\/v2\/comments?post=47350"}],"version-history":[{"count":1,"href":"https:\/\/paragaleriedetalborjt.com\/en\/wp-json\/wp\/v2\/product\/47350\/revisions"}],"predecessor-version":[{"id":47352,"href":"https:\/\/paragaleriedetalborjt.com\/en\/wp-json\/wp\/v2\/product\/47350\/revisions\/47352"}],"wp:featuredmedia":[{"embeddable":true,"href":"https:\/\/paragaleriedetalborjt.com\/en\/wp-json\/wp\/v2\/media\/47351"}],"wp:attachment":[{"href":"https:\/\/paragaleriedetalborjt.com\/en\/wp-json\/wp\/v2\/media?parent=47350"}],"wp:term":[{"taxonomy":"pwb-brand","embeddable":true,"href":"https:\/\/paragaleriedetalborjt.com\/en\/wp-json\/wp\/v2\/pwb-brand?post=47350"},{"taxonomy":"product_cat","embeddable":true,"href":"https:\/\/paragaleriedetalborjt.com\/en\/wp-json\/wp\/v2\/product_cat?post=47350"},{"taxonomy":"product_tag","embeddable":true,"href":"https:\/\/paragaleriedetalborjt.com\/en\/wp-json\/wp\/v2\/product_tag?post=47350"}],"curies":[{"name":"wp","href":"https:\/\/api.w.org\/{rel}","templated":true}]}}