{"id":47347,"date":"2026-01-04T01:11:51","date_gmt":"2026-01-04T00:11:51","guid":{"rendered":"https:\/\/paragaleriedetalborjt.com\/?post_type=product&#038;p=47347"},"modified":"2026-01-04T14:31:22","modified_gmt":"2026-01-04T13:31:22","slug":"puressentiel-mousse-lavante-douceur-bio-hygiene-intime150ml","status":"publish","type":"product","link":"https:\/\/paragaleriedetalborjt.com\/en\/boutique\/puressentiel-mousse-lavante-douceur-bio-hygiene-intime150ml\/","title":{"rendered":"Puressentiel Mousse Lavante Douceur BIO Hygi\u00e8ne Intime150ml"},"content":{"rendered":"<div aria-labelledby=\"tab-title-description\" class=\"woocommerce-Tabs-panel woocommerce-Tabs-panel--description panel entry-content wc-tab\" id=\"tab-description\" role=\"tabpanel\" style=\"\">\n<h2>Description<\/h2>\n<p>La Mousse Lavante Douceur Hygi\u00e8ne intime est la protection bio et naturelle de votre intimit\u00e9 au quotidien. Sa base lavante ultra douce, formul\u00e9e \u00e0 base de 99,5% d\u2019ingr\u00e9dients d\u2019origine naturelle, nettoie en douceur gr\u00e2ce \u00e0 sa texture onctueuse. Cette mousse hygi\u00e8ne intime apaise imm\u00e9diatement et durablement les muqueuses irrit\u00e9es, tout en limitant et en pr\u00e9venant les irritations et d\u00e9mangeaisons intimes. Il convient \u00e0 la toilette des femmes &amp; petites filles d\u00e8s 3 ans.<br \/>\nSon efficacit\u00e9 et sa tol\u00e9rance optimale ont \u00e9t\u00e9 test\u00e9es sous contr\u00f4le gyn\u00e9cologique, dermatologique et p\u00e9diatrique(1).<\/p>\n<p><strong>Conseils :<\/strong><\/p>\n<p>Cette mousse lavante douceur s\u2019utilise au quotidien comme un savon liquide en usage externe lors de la toilette intime. Rincer soigneusement \u00e0 l\u2019eau apr\u00e8s application.<br \/>\nElle s\u2019utilise \u00e9galement pour l\u2019hygi\u00e8ne de l\u2019ensemble du corps.<\/p>\n<p><strong>Pr\u00e9cautions d\u2019emploi :<\/strong><br \/>\nCe produit est un cosm\u00e9tique \u00e0 usage externe. En cas de contact avec les yeux, rincer abondamment \u00e0 l\u2019eau. D\u00e9conseill\u00e9 aux personnes allergiques \u00e0 l\u2019un des constituants. D\u00e9conseill\u00e9 aux enfants de moins de 3 ans.<\/p>\n<p>\u00a0<\/p>\n<p>\u00a0<\/p>\n<p>\u00a0<\/p>\n<p>\u00a0<\/p>\n<p>\u00a0<\/p>\n<p>\u00a0<\/p>\n<\/div>","protected":false},"excerpt":{"rendered":"<p>Highlights:La Mousse Lavante Douceur est la protection bio et naturelle de votre intimit\u00e9 au quotidien. Sa base lavante ultra douce, formul\u00e9e \u00e0 base de 99,5% d\u2019ingr\u00e9dients d\u2019origine naturelle, nettoie en douceur gr\u00e2ce \u00e0 sa texture onctueuse.<\/p>","protected":false},"featured_media":47348,"comment_status":"open","ping_status":"closed","template":"","meta":[],"pwb-brand":[1824],"product_cat":[16],"product_tag":[],"class_list":{"0":"post-47347","1":"product","2":"type-product","3":"status-publish","4":"has-post-thumbnail","6":"pwb-brand-puressentiel","7":"product_cat-non-classe","8":"pa_brands-puressentiel","10":"first","11":"instock","12":"sale","13":"shipping-taxable","14":"purchasable","15":"product-type-simple"},"yoast_head":"<!-- This site is optimized with the Yoast SEO plugin v27.5 - https:\/\/yoast.com\/product\/yoast-seo-wordpress\/ -->\n<title>Puressentiel Mousse Lavante Douceur BIO Hygi\u00e8ne Intime150ml - paragaleriedetalborjt<\/title>\n<meta name=\"robots\" content=\"index, follow, max-snippet:-1, max-image-preview:large, max-video-preview:-1\" \/>\n<link rel=\"canonical\" href=\"https:\/\/paragaleriedetalborjt.com\/en\/boutique\/puressentiel-mousse-lavante-douceur-bio-hygiene-intime150ml\/\" \/>\n<meta property=\"og:locale\" content=\"en_US\" \/>\n<meta property=\"og:type\" content=\"article\" \/>\n<meta property=\"og:title\" content=\"Puressentiel Mousse Lavante Douceur BIO Hygi\u00e8ne Intime150ml - paragaleriedetalborjt\" \/>\n<meta property=\"og:description\" content=\"Highlights:La Mousse Lavante Douceur est la protection bio et naturelle de votre intimit\u00e9 au quotidien. Sa base lavante ultra douce, formul\u00e9e \u00e0 base de 99,5% d\u2019ingr\u00e9dients d\u2019origine naturelle, nettoie en douceur gr\u00e2ce \u00e0 sa texture onctueuse.\" \/>\n<meta property=\"og:url\" content=\"https:\/\/paragaleriedetalborjt.com\/en\/boutique\/puressentiel-mousse-lavante-douceur-bio-hygiene-intime150ml\/\" \/>\n<meta property=\"og:site_name\" content=\"paragaleriedetalborjt\" \/>\n<meta property=\"article:modified_time\" content=\"2026-01-04T13:31:22+00:00\" \/>\n<meta property=\"og:image\" content=\"https:\/\/paragaleriedetalborjt.com\/wp-content\/uploads\/2026\/01\/PURESSENTIEL_HYGIENE_INTIME_mousse_hygiene_intime.jpg\" \/>\n\t<meta property=\"og:image:width\" content=\"595\" \/>\n\t<meta property=\"og:image:height\" content=\"655\" \/>\n\t<meta property=\"og:image:type\" content=\"image\/jpeg\" \/>\n<meta name=\"twitter:card\" content=\"summary_large_image\" \/>\n<meta name=\"twitter:label1\" content=\"Est. reading time\" \/>\n\t<meta name=\"twitter:data1\" content=\"1 minute\" \/>\n<script type=\"application\/ld+json\" class=\"yoast-schema-graph\">{\"@context\":\"https:\\\/\\\/schema.org\",\"@graph\":[{\"@type\":\"WebPage\",\"@id\":\"https:\\\/\\\/paragaleriedetalborjt.com\\\/boutique\\\/puressentiel-mousse-lavante-douceur-bio-hygiene-intime150ml\\\/\",\"url\":\"https:\\\/\\\/paragaleriedetalborjt.com\\\/boutique\\\/puressentiel-mousse-lavante-douceur-bio-hygiene-intime150ml\\\/\",\"name\":\"Puressentiel Mousse Lavante Douceur BIO Hygi\u00e8ne Intime150ml - paragaleriedetalborjt\",\"isPartOf\":{\"@id\":\"https:\\\/\\\/paragaleriedetalborjt.com\\\/#website\"},\"primaryImageOfPage\":{\"@id\":\"https:\\\/\\\/paragaleriedetalborjt.com\\\/boutique\\\/puressentiel-mousse-lavante-douceur-bio-hygiene-intime150ml\\\/#primaryimage\"},\"image\":{\"@id\":\"https:\\\/\\\/paragaleriedetalborjt.com\\\/boutique\\\/puressentiel-mousse-lavante-douceur-bio-hygiene-intime150ml\\\/#primaryimage\"},\"thumbnailUrl\":\"https:\\\/\\\/paragaleriedetalborjt.com\\\/wp-content\\\/uploads\\\/2026\\\/01\\\/PURESSENTIEL_HYGIENE_INTIME_mousse_hygiene_intime.jpg\",\"datePublished\":\"2026-01-04T00:11:51+00:00\",\"dateModified\":\"2026-01-04T13:31:22+00:00\",\"breadcrumb\":{\"@id\":\"https:\\\/\\\/paragaleriedetalborjt.com\\\/boutique\\\/puressentiel-mousse-lavante-douceur-bio-hygiene-intime150ml\\\/#breadcrumb\"},\"inLanguage\":\"en-US\",\"potentialAction\":[{\"@type\":\"ReadAction\",\"target\":[\"https:\\\/\\\/paragaleriedetalborjt.com\\\/boutique\\\/puressentiel-mousse-lavante-douceur-bio-hygiene-intime150ml\\\/\"]}]},{\"@type\":\"ImageObject\",\"inLanguage\":\"en-US\",\"@id\":\"https:\\\/\\\/paragaleriedetalborjt.com\\\/boutique\\\/puressentiel-mousse-lavante-douceur-bio-hygiene-intime150ml\\\/#primaryimage\",\"url\":\"https:\\\/\\\/paragaleriedetalborjt.com\\\/wp-content\\\/uploads\\\/2026\\\/01\\\/PURESSENTIEL_HYGIENE_INTIME_mousse_hygiene_intime.jpg\",\"contentUrl\":\"https:\\\/\\\/paragaleriedetalborjt.com\\\/wp-content\\\/uploads\\\/2026\\\/01\\\/PURESSENTIEL_HYGIENE_INTIME_mousse_hygiene_intime.jpg\",\"width\":595,\"height\":655},{\"@type\":\"BreadcrumbList\",\"@id\":\"https:\\\/\\\/paragaleriedetalborjt.com\\\/boutique\\\/puressentiel-mousse-lavante-douceur-bio-hygiene-intime150ml\\\/#breadcrumb\",\"itemListElement\":[{\"@type\":\"ListItem\",\"position\":1,\"name\":\"Accueil\",\"item\":\"https:\\\/\\\/paragaleriedetalborjt.com\\\/\"},{\"@type\":\"ListItem\",\"position\":2,\"name\":\"Boutique\",\"item\":\"https:\\\/\\\/paragaleriedetalborjt.com\\\/boutique\\\/\"},{\"@type\":\"ListItem\",\"position\":3,\"name\":\"Puressentiel Mousse Lavante Douceur BIO Hygi\u00e8ne Intime150ml\"}]},{\"@type\":\"WebSite\",\"@id\":\"https:\\\/\\\/paragaleriedetalborjt.com\\\/#website\",\"url\":\"https:\\\/\\\/paragaleriedetalborjt.com\\\/\",\"name\":\"paragaleriedetalborjt\",\"description\":\"\",\"potentialAction\":[{\"@type\":\"SearchAction\",\"target\":{\"@type\":\"EntryPoint\",\"urlTemplate\":\"https:\\\/\\\/paragaleriedetalborjt.com\\\/?s={search_term_string}\"},\"query-input\":{\"@type\":\"PropertyValueSpecification\",\"valueRequired\":true,\"valueName\":\"search_term_string\"}}],\"inLanguage\":\"en-US\"}]}<\/script>\n<!-- \/ Yoast SEO plugin. -->","yoast_head_json":{"title":"Puressentiel Mousse Lavante Douceur BIO Hygi\u00e8ne Intime150ml - paragaleriedetalborjt","robots":{"index":"index","follow":"follow","max-snippet":"max-snippet:-1","max-image-preview":"max-image-preview:large","max-video-preview":"max-video-preview:-1"},"canonical":"https:\/\/paragaleriedetalborjt.com\/en\/boutique\/puressentiel-mousse-lavante-douceur-bio-hygiene-intime150ml\/","og_locale":"en_US","og_type":"article","og_title":"Puressentiel Mousse Lavante Douceur BIO Hygi\u00e8ne Intime150ml - paragaleriedetalborjt","og_description":"Highlights:La Mousse Lavante Douceur est la protection bio et naturelle de votre intimit\u00e9 au quotidien. Sa base lavante ultra douce, formul\u00e9e \u00e0 base de 99,5% d\u2019ingr\u00e9dients d\u2019origine naturelle, nettoie en douceur gr\u00e2ce \u00e0 sa texture onctueuse.","og_url":"https:\/\/paragaleriedetalborjt.com\/en\/boutique\/puressentiel-mousse-lavante-douceur-bio-hygiene-intime150ml\/","og_site_name":"paragaleriedetalborjt","article_modified_time":"2026-01-04T13:31:22+00:00","og_image":[{"width":595,"height":655,"url":"https:\/\/paragaleriedetalborjt.com\/wp-content\/uploads\/2026\/01\/PURESSENTIEL_HYGIENE_INTIME_mousse_hygiene_intime.jpg","type":"image\/jpeg"}],"twitter_card":"summary_large_image","twitter_misc":{"Est. reading time":"1 minute"},"schema":{"@context":"https:\/\/schema.org","@graph":[{"@type":"WebPage","@id":"https:\/\/paragaleriedetalborjt.com\/boutique\/puressentiel-mousse-lavante-douceur-bio-hygiene-intime150ml\/","url":"https:\/\/paragaleriedetalborjt.com\/boutique\/puressentiel-mousse-lavante-douceur-bio-hygiene-intime150ml\/","name":"Puressentiel Mousse Lavante Douceur BIO Hygi\u00e8ne Intime150ml - paragaleriedetalborjt","isPartOf":{"@id":"https:\/\/paragaleriedetalborjt.com\/#website"},"primaryImageOfPage":{"@id":"https:\/\/paragaleriedetalborjt.com\/boutique\/puressentiel-mousse-lavante-douceur-bio-hygiene-intime150ml\/#primaryimage"},"image":{"@id":"https:\/\/paragaleriedetalborjt.com\/boutique\/puressentiel-mousse-lavante-douceur-bio-hygiene-intime150ml\/#primaryimage"},"thumbnailUrl":"https:\/\/paragaleriedetalborjt.com\/wp-content\/uploads\/2026\/01\/PURESSENTIEL_HYGIENE_INTIME_mousse_hygiene_intime.jpg","datePublished":"2026-01-04T00:11:51+00:00","dateModified":"2026-01-04T13:31:22+00:00","breadcrumb":{"@id":"https:\/\/paragaleriedetalborjt.com\/boutique\/puressentiel-mousse-lavante-douceur-bio-hygiene-intime150ml\/#breadcrumb"},"inLanguage":"en-US","potentialAction":[{"@type":"ReadAction","target":["https:\/\/paragaleriedetalborjt.com\/boutique\/puressentiel-mousse-lavante-douceur-bio-hygiene-intime150ml\/"]}]},{"@type":"ImageObject","inLanguage":"en-US","@id":"https:\/\/paragaleriedetalborjt.com\/boutique\/puressentiel-mousse-lavante-douceur-bio-hygiene-intime150ml\/#primaryimage","url":"https:\/\/paragaleriedetalborjt.com\/wp-content\/uploads\/2026\/01\/PURESSENTIEL_HYGIENE_INTIME_mousse_hygiene_intime.jpg","contentUrl":"https:\/\/paragaleriedetalborjt.com\/wp-content\/uploads\/2026\/01\/PURESSENTIEL_HYGIENE_INTIME_mousse_hygiene_intime.jpg","width":595,"height":655},{"@type":"BreadcrumbList","@id":"https:\/\/paragaleriedetalborjt.com\/boutique\/puressentiel-mousse-lavante-douceur-bio-hygiene-intime150ml\/#breadcrumb","itemListElement":[{"@type":"ListItem","position":1,"name":"Accueil","item":"https:\/\/paragaleriedetalborjt.com\/"},{"@type":"ListItem","position":2,"name":"Boutique","item":"https:\/\/paragaleriedetalborjt.com\/boutique\/"},{"@type":"ListItem","position":3,"name":"Puressentiel Mousse Lavante Douceur BIO Hygi\u00e8ne Intime150ml"}]},{"@type":"WebSite","@id":"https:\/\/paragaleriedetalborjt.com\/#website","url":"https:\/\/paragaleriedetalborjt.com\/","name":"paragaleriedetalborjt","description":"","potentialAction":[{"@type":"SearchAction","target":{"@type":"EntryPoint","urlTemplate":"https:\/\/paragaleriedetalborjt.com\/?s={search_term_string}"},"query-input":{"@type":"PropertyValueSpecification","valueRequired":true,"valueName":"search_term_string"}}],"inLanguage":"en-US"}]}},"brands":[{"id":1824,"name":"PURESSENTIEL","slug":"puressentiel"}],"_links":{"self":[{"href":"https:\/\/paragaleriedetalborjt.com\/en\/wp-json\/wp\/v2\/product\/47347","targetHints":{"allow":["GET"]}}],"collection":[{"href":"https:\/\/paragaleriedetalborjt.com\/en\/wp-json\/wp\/v2\/product"}],"about":[{"href":"https:\/\/paragaleriedetalborjt.com\/en\/wp-json\/wp\/v2\/types\/product"}],"replies":[{"embeddable":true,"href":"https:\/\/paragaleriedetalborjt.com\/en\/wp-json\/wp\/v2\/comments?post=47347"}],"version-history":[{"count":1,"href":"https:\/\/paragaleriedetalborjt.com\/en\/wp-json\/wp\/v2\/product\/47347\/revisions"}],"predecessor-version":[{"id":47349,"href":"https:\/\/paragaleriedetalborjt.com\/en\/wp-json\/wp\/v2\/product\/47347\/revisions\/47349"}],"wp:featuredmedia":[{"embeddable":true,"href":"https:\/\/paragaleriedetalborjt.com\/en\/wp-json\/wp\/v2\/media\/47348"}],"wp:attachment":[{"href":"https:\/\/paragaleriedetalborjt.com\/en\/wp-json\/wp\/v2\/media?parent=47347"}],"wp:term":[{"taxonomy":"pwb-brand","embeddable":true,"href":"https:\/\/paragaleriedetalborjt.com\/en\/wp-json\/wp\/v2\/pwb-brand?post=47347"},{"taxonomy":"product_cat","embeddable":true,"href":"https:\/\/paragaleriedetalborjt.com\/en\/wp-json\/wp\/v2\/product_cat?post=47347"},{"taxonomy":"product_tag","embeddable":true,"href":"https:\/\/paragaleriedetalborjt.com\/en\/wp-json\/wp\/v2\/product_tag?post=47347"}],"curies":[{"name":"wp","href":"https:\/\/api.w.org\/{rel}","templated":true}]}}