{"id":47320,"date":"2026-01-04T01:10:48","date_gmt":"2026-01-04T00:10:48","guid":{"rendered":"https:\/\/paragaleriedetalborjt.com\/?post_type=product&#038;p=47320"},"modified":"2026-01-04T14:31:17","modified_gmt":"2026-01-04T13:31:17","slug":"hartmann-molicare-mobile-super-slip-absorbant-taille-l-nuit-x14-unites","status":"publish","type":"product","link":"https:\/\/paragaleriedetalborjt.com\/en\/boutique\/hartmann-molicare-mobile-super-slip-absorbant-taille-l-nuit-x14-unites\/","title":{"rendered":"HARTMANN MOLICARE MOBILE SUPER SLIP ABSORBANT TAILLE L\/NUIT X14 Unit\u00e9s"},"content":{"rendered":"<div aria-labelledby=\"tab-title-description\" class=\"woocommerce-Tabs-panel woocommerce-Tabs-panel--description panel entry-content wc-tab\" id=\"tab-description\" role=\"tabpanel\" style=\"\">\n<h2>Description<\/h2>\n<h3><\/h3>\n<p>Pour l\u2019incontinence urinaire des personnes valides.<\/p>\n<p><strong>Composition :<\/strong><\/p>\n<p>Un triple coussin absorbant constitu\u00e9 de cellulose d\u00e9fibr\u00e9e, de super absorbant et d\u2019un coussin diffuseur garantissant une diffusion rapide des urines et un effet garde au sec.<br \/>\nUn non tiss\u00e9 hydrophile, plac\u00e9 au niveau de la zone absorbante<br \/>\nUn non tiss\u00e9 hydrophobe dans lequel sont ins\u00e9r\u00e9s les \u00e9lastiques faisant office de barri\u00e8res anti-fuites.<br \/>\nUn voile externe en non tiss\u00e9 au toucher textile, intraversable et respirant.<br \/>\n2 x 2 \u00e9lastiques souples au niveau de l\u2019entrejambe.<br \/>\nUn indicateur d\u2019humidit\u00e9 (virant au pH de l\u2019urine) indiquant progressivement le degr\u00e9 de saturation du change.<br \/>\nLa taille du slip est indiqu\u00e9e par la lettre et le nombre de fils de couleur int\u00e9gr\u00e9 dans la ceinture (XS\/0 = Extra Small, S\/1 = Small, M\/2 = Medium, L\/3 = Large, XL\/4 = Extra large).<br \/>\nSachet de 14 pi\u00e8ces.<\/p>\n<h3><\/h3>\n<\/div>","protected":false},"excerpt":{"rendered":"<p>Highlights:Procure de la confiance la nuit et est indiqu\u00e9 pour l\u2019incontinence urinaire et \/ ou f\u00e9cale mod\u00e9r\u00e9e \u00e0 s\u00e9v\u00e8re.<\/p>","protected":false},"featured_media":47321,"comment_status":"open","ping_status":"closed","template":"","meta":[],"pwb-brand":[1698],"product_cat":[16],"product_tag":[],"class_list":{"0":"post-47320","1":"product","2":"type-product","3":"status-publish","4":"has-post-thumbnail","6":"pwb-brand-hartmann","7":"product_cat-non-classe","8":"pa_brands-hartmann","10":"first","11":"instock","12":"sale","13":"shipping-taxable","14":"purchasable","15":"product-type-simple"},"yoast_head":"<!-- This site is optimized with the Yoast SEO plugin v27.5 - https:\/\/yoast.com\/product\/yoast-seo-wordpress\/ -->\n<title>HARTMANN MOLICARE MOBILE SUPER SLIP ABSORBANT TAILLE L\/NUIT X14 Unit\u00e9s - paragaleriedetalborjt<\/title>\n<meta name=\"robots\" content=\"index, follow, max-snippet:-1, max-image-preview:large, max-video-preview:-1\" \/>\n<link rel=\"canonical\" href=\"https:\/\/paragaleriedetalborjt.com\/en\/boutique\/hartmann-molicare-mobile-super-slip-absorbant-taille-l-nuit-x14-unites\/\" \/>\n<meta property=\"og:locale\" content=\"en_US\" \/>\n<meta property=\"og:type\" content=\"article\" \/>\n<meta property=\"og:title\" content=\"HARTMANN MOLICARE MOBILE SUPER SLIP ABSORBANT TAILLE L\/NUIT X14 Unit\u00e9s - paragaleriedetalborjt\" \/>\n<meta property=\"og:description\" content=\"Highlights:Procure de la confiance la nuit et est indiqu\u00e9 pour l\u2019incontinence urinaire et \/ ou f\u00e9cale mod\u00e9r\u00e9e \u00e0 s\u00e9v\u00e8re.\" \/>\n<meta property=\"og:url\" content=\"https:\/\/paragaleriedetalborjt.com\/en\/boutique\/hartmann-molicare-mobile-super-slip-absorbant-taille-l-nuit-x14-unites\/\" \/>\n<meta property=\"og:site_name\" content=\"paragaleriedetalborjt\" \/>\n<meta property=\"article:modified_time\" content=\"2026-01-04T13:31:17+00:00\" \/>\n<meta property=\"og:image\" content=\"https:\/\/paragaleriedetalborjt.com\/wp-content\/uploads\/2026\/01\/4052199275543.png\" \/>\n\t<meta property=\"og:image:width\" content=\"595\" \/>\n\t<meta property=\"og:image:height\" content=\"655\" \/>\n\t<meta property=\"og:image:type\" content=\"image\/png\" \/>\n<meta name=\"twitter:card\" content=\"summary_large_image\" \/>\n<meta name=\"twitter:label1\" content=\"Est. reading time\" \/>\n\t<meta name=\"twitter:data1\" content=\"1 minute\" \/>\n<script type=\"application\/ld+json\" class=\"yoast-schema-graph\">{\"@context\":\"https:\\\/\\\/schema.org\",\"@graph\":[{\"@type\":\"WebPage\",\"@id\":\"https:\\\/\\\/paragaleriedetalborjt.com\\\/boutique\\\/hartmann-molicare-mobile-super-slip-absorbant-taille-l-nuit-x14-unites\\\/\",\"url\":\"https:\\\/\\\/paragaleriedetalborjt.com\\\/boutique\\\/hartmann-molicare-mobile-super-slip-absorbant-taille-l-nuit-x14-unites\\\/\",\"name\":\"HARTMANN MOLICARE MOBILE SUPER SLIP ABSORBANT TAILLE L\\\/NUIT X14 Unit\u00e9s - paragaleriedetalborjt\",\"isPartOf\":{\"@id\":\"https:\\\/\\\/paragaleriedetalborjt.com\\\/#website\"},\"primaryImageOfPage\":{\"@id\":\"https:\\\/\\\/paragaleriedetalborjt.com\\\/boutique\\\/hartmann-molicare-mobile-super-slip-absorbant-taille-l-nuit-x14-unites\\\/#primaryimage\"},\"image\":{\"@id\":\"https:\\\/\\\/paragaleriedetalborjt.com\\\/boutique\\\/hartmann-molicare-mobile-super-slip-absorbant-taille-l-nuit-x14-unites\\\/#primaryimage\"},\"thumbnailUrl\":\"https:\\\/\\\/paragaleriedetalborjt.com\\\/wp-content\\\/uploads\\\/2026\\\/01\\\/4052199275543.png\",\"datePublished\":\"2026-01-04T00:10:48+00:00\",\"dateModified\":\"2026-01-04T13:31:17+00:00\",\"breadcrumb\":{\"@id\":\"https:\\\/\\\/paragaleriedetalborjt.com\\\/boutique\\\/hartmann-molicare-mobile-super-slip-absorbant-taille-l-nuit-x14-unites\\\/#breadcrumb\"},\"inLanguage\":\"en-US\",\"potentialAction\":[{\"@type\":\"ReadAction\",\"target\":[\"https:\\\/\\\/paragaleriedetalborjt.com\\\/boutique\\\/hartmann-molicare-mobile-super-slip-absorbant-taille-l-nuit-x14-unites\\\/\"]}]},{\"@type\":\"ImageObject\",\"inLanguage\":\"en-US\",\"@id\":\"https:\\\/\\\/paragaleriedetalborjt.com\\\/boutique\\\/hartmann-molicare-mobile-super-slip-absorbant-taille-l-nuit-x14-unites\\\/#primaryimage\",\"url\":\"https:\\\/\\\/paragaleriedetalborjt.com\\\/wp-content\\\/uploads\\\/2026\\\/01\\\/4052199275543.png\",\"contentUrl\":\"https:\\\/\\\/paragaleriedetalborjt.com\\\/wp-content\\\/uploads\\\/2026\\\/01\\\/4052199275543.png\",\"width\":595,\"height\":655},{\"@type\":\"BreadcrumbList\",\"@id\":\"https:\\\/\\\/paragaleriedetalborjt.com\\\/boutique\\\/hartmann-molicare-mobile-super-slip-absorbant-taille-l-nuit-x14-unites\\\/#breadcrumb\",\"itemListElement\":[{\"@type\":\"ListItem\",\"position\":1,\"name\":\"Accueil\",\"item\":\"https:\\\/\\\/paragaleriedetalborjt.com\\\/\"},{\"@type\":\"ListItem\",\"position\":2,\"name\":\"Boutique\",\"item\":\"https:\\\/\\\/paragaleriedetalborjt.com\\\/boutique\\\/\"},{\"@type\":\"ListItem\",\"position\":3,\"name\":\"HARTMANN MOLICARE MOBILE SUPER SLIP ABSORBANT TAILLE L\\\/NUIT X14 Unit\u00e9s\"}]},{\"@type\":\"WebSite\",\"@id\":\"https:\\\/\\\/paragaleriedetalborjt.com\\\/#website\",\"url\":\"https:\\\/\\\/paragaleriedetalborjt.com\\\/\",\"name\":\"paragaleriedetalborjt\",\"description\":\"\",\"potentialAction\":[{\"@type\":\"SearchAction\",\"target\":{\"@type\":\"EntryPoint\",\"urlTemplate\":\"https:\\\/\\\/paragaleriedetalborjt.com\\\/?s={search_term_string}\"},\"query-input\":{\"@type\":\"PropertyValueSpecification\",\"valueRequired\":true,\"valueName\":\"search_term_string\"}}],\"inLanguage\":\"en-US\"}]}<\/script>\n<!-- \/ Yoast SEO plugin. -->","yoast_head_json":{"title":"HARTMANN MOLICARE MOBILE SUPER SLIP ABSORBANT TAILLE L\/NUIT X14 Unit\u00e9s - paragaleriedetalborjt","robots":{"index":"index","follow":"follow","max-snippet":"max-snippet:-1","max-image-preview":"max-image-preview:large","max-video-preview":"max-video-preview:-1"},"canonical":"https:\/\/paragaleriedetalborjt.com\/en\/boutique\/hartmann-molicare-mobile-super-slip-absorbant-taille-l-nuit-x14-unites\/","og_locale":"en_US","og_type":"article","og_title":"HARTMANN MOLICARE MOBILE SUPER SLIP ABSORBANT TAILLE L\/NUIT X14 Unit\u00e9s - paragaleriedetalborjt","og_description":"Highlights:Procure de la confiance la nuit et est indiqu\u00e9 pour l\u2019incontinence urinaire et \/ ou f\u00e9cale mod\u00e9r\u00e9e \u00e0 s\u00e9v\u00e8re.","og_url":"https:\/\/paragaleriedetalborjt.com\/en\/boutique\/hartmann-molicare-mobile-super-slip-absorbant-taille-l-nuit-x14-unites\/","og_site_name":"paragaleriedetalborjt","article_modified_time":"2026-01-04T13:31:17+00:00","og_image":[{"width":595,"height":655,"url":"https:\/\/paragaleriedetalborjt.com\/wp-content\/uploads\/2026\/01\/4052199275543.png","type":"image\/png"}],"twitter_card":"summary_large_image","twitter_misc":{"Est. reading time":"1 minute"},"schema":{"@context":"https:\/\/schema.org","@graph":[{"@type":"WebPage","@id":"https:\/\/paragaleriedetalborjt.com\/boutique\/hartmann-molicare-mobile-super-slip-absorbant-taille-l-nuit-x14-unites\/","url":"https:\/\/paragaleriedetalborjt.com\/boutique\/hartmann-molicare-mobile-super-slip-absorbant-taille-l-nuit-x14-unites\/","name":"HARTMANN MOLICARE MOBILE SUPER SLIP ABSORBANT TAILLE L\/NUIT X14 Unit\u00e9s - paragaleriedetalborjt","isPartOf":{"@id":"https:\/\/paragaleriedetalborjt.com\/#website"},"primaryImageOfPage":{"@id":"https:\/\/paragaleriedetalborjt.com\/boutique\/hartmann-molicare-mobile-super-slip-absorbant-taille-l-nuit-x14-unites\/#primaryimage"},"image":{"@id":"https:\/\/paragaleriedetalborjt.com\/boutique\/hartmann-molicare-mobile-super-slip-absorbant-taille-l-nuit-x14-unites\/#primaryimage"},"thumbnailUrl":"https:\/\/paragaleriedetalborjt.com\/wp-content\/uploads\/2026\/01\/4052199275543.png","datePublished":"2026-01-04T00:10:48+00:00","dateModified":"2026-01-04T13:31:17+00:00","breadcrumb":{"@id":"https:\/\/paragaleriedetalborjt.com\/boutique\/hartmann-molicare-mobile-super-slip-absorbant-taille-l-nuit-x14-unites\/#breadcrumb"},"inLanguage":"en-US","potentialAction":[{"@type":"ReadAction","target":["https:\/\/paragaleriedetalborjt.com\/boutique\/hartmann-molicare-mobile-super-slip-absorbant-taille-l-nuit-x14-unites\/"]}]},{"@type":"ImageObject","inLanguage":"en-US","@id":"https:\/\/paragaleriedetalborjt.com\/boutique\/hartmann-molicare-mobile-super-slip-absorbant-taille-l-nuit-x14-unites\/#primaryimage","url":"https:\/\/paragaleriedetalborjt.com\/wp-content\/uploads\/2026\/01\/4052199275543.png","contentUrl":"https:\/\/paragaleriedetalborjt.com\/wp-content\/uploads\/2026\/01\/4052199275543.png","width":595,"height":655},{"@type":"BreadcrumbList","@id":"https:\/\/paragaleriedetalborjt.com\/boutique\/hartmann-molicare-mobile-super-slip-absorbant-taille-l-nuit-x14-unites\/#breadcrumb","itemListElement":[{"@type":"ListItem","position":1,"name":"Accueil","item":"https:\/\/paragaleriedetalborjt.com\/"},{"@type":"ListItem","position":2,"name":"Boutique","item":"https:\/\/paragaleriedetalborjt.com\/boutique\/"},{"@type":"ListItem","position":3,"name":"HARTMANN MOLICARE MOBILE SUPER SLIP ABSORBANT TAILLE L\/NUIT X14 Unit\u00e9s"}]},{"@type":"WebSite","@id":"https:\/\/paragaleriedetalborjt.com\/#website","url":"https:\/\/paragaleriedetalborjt.com\/","name":"paragaleriedetalborjt","description":"","potentialAction":[{"@type":"SearchAction","target":{"@type":"EntryPoint","urlTemplate":"https:\/\/paragaleriedetalborjt.com\/?s={search_term_string}"},"query-input":{"@type":"PropertyValueSpecification","valueRequired":true,"valueName":"search_term_string"}}],"inLanguage":"en-US"}]}},"brands":[{"id":1698,"name":"Hartmann","slug":"hartmann"}],"_links":{"self":[{"href":"https:\/\/paragaleriedetalborjt.com\/en\/wp-json\/wp\/v2\/product\/47320","targetHints":{"allow":["GET"]}}],"collection":[{"href":"https:\/\/paragaleriedetalborjt.com\/en\/wp-json\/wp\/v2\/product"}],"about":[{"href":"https:\/\/paragaleriedetalborjt.com\/en\/wp-json\/wp\/v2\/types\/product"}],"replies":[{"embeddable":true,"href":"https:\/\/paragaleriedetalborjt.com\/en\/wp-json\/wp\/v2\/comments?post=47320"}],"version-history":[{"count":1,"href":"https:\/\/paragaleriedetalborjt.com\/en\/wp-json\/wp\/v2\/product\/47320\/revisions"}],"predecessor-version":[{"id":47322,"href":"https:\/\/paragaleriedetalborjt.com\/en\/wp-json\/wp\/v2\/product\/47320\/revisions\/47322"}],"wp:featuredmedia":[{"embeddable":true,"href":"https:\/\/paragaleriedetalborjt.com\/en\/wp-json\/wp\/v2\/media\/47321"}],"wp:attachment":[{"href":"https:\/\/paragaleriedetalborjt.com\/en\/wp-json\/wp\/v2\/media?parent=47320"}],"wp:term":[{"taxonomy":"pwb-brand","embeddable":true,"href":"https:\/\/paragaleriedetalborjt.com\/en\/wp-json\/wp\/v2\/pwb-brand?post=47320"},{"taxonomy":"product_cat","embeddable":true,"href":"https:\/\/paragaleriedetalborjt.com\/en\/wp-json\/wp\/v2\/product_cat?post=47320"},{"taxonomy":"product_tag","embeddable":true,"href":"https:\/\/paragaleriedetalborjt.com\/en\/wp-json\/wp\/v2\/product_tag?post=47320"}],"curies":[{"name":"wp","href":"https:\/\/api.w.org\/{rel}","templated":true}]}}