{"id":47317,"date":"2026-01-04T01:10:42","date_gmt":"2026-01-04T00:10:42","guid":{"rendered":"https:\/\/paragaleriedetalborjt.com\/?post_type=product&#038;p=47317"},"modified":"2026-01-04T14:31:17","modified_gmt":"2026-01-04T13:31:17","slug":"hartmann-thermoval-baby-thermometre","status":"publish","type":"product","link":"https:\/\/paragaleriedetalborjt.com\/en\/boutique\/hartmann-thermoval-baby-thermometre\/","title":{"rendered":"Hartmann Thermoval baby Thermometre"},"content":{"rendered":"<div aria-labelledby=\"tab-title-description\" class=\"woocommerce-Tabs-panel woocommerce-Tabs-panel--description panel entry-content wc-tab\" id=\"tab-description\" role=\"tabpanel\" style=\"\">\n<h2>Description<\/h2>\n<p>Thermom\u00e8tre infrarouge pour une mesure frontale sans contact \/ Id\u00e9al pour les familles avec enfants et\/ ou b\u00e9b\u00e9s \/ Assure une mesure pr\u00e9cise gr\u00e2ce \u00e0 la technologie infrarouge du capteur \/ Facilite la prise de mesure gr\u00e2ce \u00e0 l\u2019aide au positionnement par LED et \u00e0 la forme ergonomique de l\u2019appareil \/ Mesure confortable et silencieuse en 3 secondes seulement \/ Alarme fi\u00e8vre optique \/ \u00c9galement indiqu\u00e9 pour la mesure en surface d\u2019objets ou de la temp\u00e9rature ambiante \/ Avec bo\u00eete de rangement, 2 piles AAA de 1,5 V et mode d\u2019emploi \/ 10 espaces m\u00e9moire<\/p>\n<\/div>","protected":false},"excerpt":{"rendered":"<p>Highlights:Hartmann Thermoval baby Thermometre<\/p>","protected":false},"featured_media":47318,"comment_status":"open","ping_status":"closed","template":"","meta":[],"pwb-brand":[1698],"product_cat":[16],"product_tag":[],"class_list":{"0":"post-47317","1":"product","2":"type-product","3":"status-publish","4":"has-post-thumbnail","6":"pwb-brand-hartmann","7":"product_cat-non-classe","8":"pa_brands-hartmann","10":"first","11":"instock","12":"sale","13":"shipping-taxable","14":"purchasable","15":"product-type-simple"},"yoast_head":"<!-- This site is optimized with the Yoast SEO plugin v27.5 - https:\/\/yoast.com\/product\/yoast-seo-wordpress\/ -->\n<title>Hartmann Thermoval baby Thermometre - paragaleriedetalborjt<\/title>\n<meta name=\"robots\" content=\"index, follow, max-snippet:-1, max-image-preview:large, max-video-preview:-1\" \/>\n<link rel=\"canonical\" href=\"https:\/\/paragaleriedetalborjt.com\/en\/boutique\/hartmann-thermoval-baby-thermometre\/\" \/>\n<meta property=\"og:locale\" content=\"en_US\" \/>\n<meta property=\"og:type\" content=\"article\" \/>\n<meta property=\"og:title\" content=\"Hartmann Thermoval baby Thermometre - paragaleriedetalborjt\" \/>\n<meta property=\"og:description\" content=\"Highlights:Hartmann Thermoval baby Thermometre\" \/>\n<meta property=\"og:url\" content=\"https:\/\/paragaleriedetalborjt.com\/en\/boutique\/hartmann-thermoval-baby-thermometre\/\" \/>\n<meta property=\"og:site_name\" content=\"paragaleriedetalborjt\" \/>\n<meta property=\"article:modified_time\" content=\"2026-01-04T13:31:17+00:00\" \/>\n<meta property=\"og:image\" content=\"https:\/\/paragaleriedetalborjt.com\/wp-content\/uploads\/2026\/01\/hartmann-thermoval-baby-thermometre.jpg\" \/>\n\t<meta property=\"og:image:width\" content=\"395\" \/>\n\t<meta property=\"og:image:height\" content=\"492\" \/>\n\t<meta property=\"og:image:type\" content=\"image\/jpeg\" \/>\n<meta name=\"twitter:card\" content=\"summary_large_image\" \/>\n<script type=\"application\/ld+json\" class=\"yoast-schema-graph\">{\"@context\":\"https:\\\/\\\/schema.org\",\"@graph\":[{\"@type\":\"WebPage\",\"@id\":\"https:\\\/\\\/paragaleriedetalborjt.com\\\/boutique\\\/hartmann-thermoval-baby-thermometre\\\/\",\"url\":\"https:\\\/\\\/paragaleriedetalborjt.com\\\/boutique\\\/hartmann-thermoval-baby-thermometre\\\/\",\"name\":\"Hartmann Thermoval baby Thermometre - paragaleriedetalborjt\",\"isPartOf\":{\"@id\":\"https:\\\/\\\/paragaleriedetalborjt.com\\\/#website\"},\"primaryImageOfPage\":{\"@id\":\"https:\\\/\\\/paragaleriedetalborjt.com\\\/boutique\\\/hartmann-thermoval-baby-thermometre\\\/#primaryimage\"},\"image\":{\"@id\":\"https:\\\/\\\/paragaleriedetalborjt.com\\\/boutique\\\/hartmann-thermoval-baby-thermometre\\\/#primaryimage\"},\"thumbnailUrl\":\"https:\\\/\\\/paragaleriedetalborjt.com\\\/wp-content\\\/uploads\\\/2026\\\/01\\\/hartmann-thermoval-baby-thermometre.jpg\",\"datePublished\":\"2026-01-04T00:10:42+00:00\",\"dateModified\":\"2026-01-04T13:31:17+00:00\",\"breadcrumb\":{\"@id\":\"https:\\\/\\\/paragaleriedetalborjt.com\\\/boutique\\\/hartmann-thermoval-baby-thermometre\\\/#breadcrumb\"},\"inLanguage\":\"en-US\",\"potentialAction\":[{\"@type\":\"ReadAction\",\"target\":[\"https:\\\/\\\/paragaleriedetalborjt.com\\\/boutique\\\/hartmann-thermoval-baby-thermometre\\\/\"]}]},{\"@type\":\"ImageObject\",\"inLanguage\":\"en-US\",\"@id\":\"https:\\\/\\\/paragaleriedetalborjt.com\\\/boutique\\\/hartmann-thermoval-baby-thermometre\\\/#primaryimage\",\"url\":\"https:\\\/\\\/paragaleriedetalborjt.com\\\/wp-content\\\/uploads\\\/2026\\\/01\\\/hartmann-thermoval-baby-thermometre.jpg\",\"contentUrl\":\"https:\\\/\\\/paragaleriedetalborjt.com\\\/wp-content\\\/uploads\\\/2026\\\/01\\\/hartmann-thermoval-baby-thermometre.jpg\",\"width\":395,\"height\":492},{\"@type\":\"BreadcrumbList\",\"@id\":\"https:\\\/\\\/paragaleriedetalborjt.com\\\/boutique\\\/hartmann-thermoval-baby-thermometre\\\/#breadcrumb\",\"itemListElement\":[{\"@type\":\"ListItem\",\"position\":1,\"name\":\"Accueil\",\"item\":\"https:\\\/\\\/paragaleriedetalborjt.com\\\/\"},{\"@type\":\"ListItem\",\"position\":2,\"name\":\"Boutique\",\"item\":\"https:\\\/\\\/paragaleriedetalborjt.com\\\/boutique\\\/\"},{\"@type\":\"ListItem\",\"position\":3,\"name\":\"Hartmann Thermoval baby Thermometre\"}]},{\"@type\":\"WebSite\",\"@id\":\"https:\\\/\\\/paragaleriedetalborjt.com\\\/#website\",\"url\":\"https:\\\/\\\/paragaleriedetalborjt.com\\\/\",\"name\":\"paragaleriedetalborjt\",\"description\":\"\",\"potentialAction\":[{\"@type\":\"SearchAction\",\"target\":{\"@type\":\"EntryPoint\",\"urlTemplate\":\"https:\\\/\\\/paragaleriedetalborjt.com\\\/?s={search_term_string}\"},\"query-input\":{\"@type\":\"PropertyValueSpecification\",\"valueRequired\":true,\"valueName\":\"search_term_string\"}}],\"inLanguage\":\"en-US\"}]}<\/script>\n<!-- \/ Yoast SEO plugin. -->","yoast_head_json":{"title":"Hartmann Thermoval baby Thermometre - paragaleriedetalborjt","robots":{"index":"index","follow":"follow","max-snippet":"max-snippet:-1","max-image-preview":"max-image-preview:large","max-video-preview":"max-video-preview:-1"},"canonical":"https:\/\/paragaleriedetalborjt.com\/en\/boutique\/hartmann-thermoval-baby-thermometre\/","og_locale":"en_US","og_type":"article","og_title":"Hartmann Thermoval baby Thermometre - paragaleriedetalborjt","og_description":"Highlights:Hartmann Thermoval baby Thermometre","og_url":"https:\/\/paragaleriedetalborjt.com\/en\/boutique\/hartmann-thermoval-baby-thermometre\/","og_site_name":"paragaleriedetalborjt","article_modified_time":"2026-01-04T13:31:17+00:00","og_image":[{"width":395,"height":492,"url":"https:\/\/paragaleriedetalborjt.com\/wp-content\/uploads\/2026\/01\/hartmann-thermoval-baby-thermometre.jpg","type":"image\/jpeg"}],"twitter_card":"summary_large_image","schema":{"@context":"https:\/\/schema.org","@graph":[{"@type":"WebPage","@id":"https:\/\/paragaleriedetalborjt.com\/boutique\/hartmann-thermoval-baby-thermometre\/","url":"https:\/\/paragaleriedetalborjt.com\/boutique\/hartmann-thermoval-baby-thermometre\/","name":"Hartmann Thermoval baby Thermometre - paragaleriedetalborjt","isPartOf":{"@id":"https:\/\/paragaleriedetalborjt.com\/#website"},"primaryImageOfPage":{"@id":"https:\/\/paragaleriedetalborjt.com\/boutique\/hartmann-thermoval-baby-thermometre\/#primaryimage"},"image":{"@id":"https:\/\/paragaleriedetalborjt.com\/boutique\/hartmann-thermoval-baby-thermometre\/#primaryimage"},"thumbnailUrl":"https:\/\/paragaleriedetalborjt.com\/wp-content\/uploads\/2026\/01\/hartmann-thermoval-baby-thermometre.jpg","datePublished":"2026-01-04T00:10:42+00:00","dateModified":"2026-01-04T13:31:17+00:00","breadcrumb":{"@id":"https:\/\/paragaleriedetalborjt.com\/boutique\/hartmann-thermoval-baby-thermometre\/#breadcrumb"},"inLanguage":"en-US","potentialAction":[{"@type":"ReadAction","target":["https:\/\/paragaleriedetalborjt.com\/boutique\/hartmann-thermoval-baby-thermometre\/"]}]},{"@type":"ImageObject","inLanguage":"en-US","@id":"https:\/\/paragaleriedetalborjt.com\/boutique\/hartmann-thermoval-baby-thermometre\/#primaryimage","url":"https:\/\/paragaleriedetalborjt.com\/wp-content\/uploads\/2026\/01\/hartmann-thermoval-baby-thermometre.jpg","contentUrl":"https:\/\/paragaleriedetalborjt.com\/wp-content\/uploads\/2026\/01\/hartmann-thermoval-baby-thermometre.jpg","width":395,"height":492},{"@type":"BreadcrumbList","@id":"https:\/\/paragaleriedetalborjt.com\/boutique\/hartmann-thermoval-baby-thermometre\/#breadcrumb","itemListElement":[{"@type":"ListItem","position":1,"name":"Accueil","item":"https:\/\/paragaleriedetalborjt.com\/"},{"@type":"ListItem","position":2,"name":"Boutique","item":"https:\/\/paragaleriedetalborjt.com\/boutique\/"},{"@type":"ListItem","position":3,"name":"Hartmann Thermoval baby Thermometre"}]},{"@type":"WebSite","@id":"https:\/\/paragaleriedetalborjt.com\/#website","url":"https:\/\/paragaleriedetalborjt.com\/","name":"paragaleriedetalborjt","description":"","potentialAction":[{"@type":"SearchAction","target":{"@type":"EntryPoint","urlTemplate":"https:\/\/paragaleriedetalborjt.com\/?s={search_term_string}"},"query-input":{"@type":"PropertyValueSpecification","valueRequired":true,"valueName":"search_term_string"}}],"inLanguage":"en-US"}]}},"brands":[{"id":1698,"name":"Hartmann","slug":"hartmann"}],"_links":{"self":[{"href":"https:\/\/paragaleriedetalborjt.com\/en\/wp-json\/wp\/v2\/product\/47317","targetHints":{"allow":["GET"]}}],"collection":[{"href":"https:\/\/paragaleriedetalborjt.com\/en\/wp-json\/wp\/v2\/product"}],"about":[{"href":"https:\/\/paragaleriedetalborjt.com\/en\/wp-json\/wp\/v2\/types\/product"}],"replies":[{"embeddable":true,"href":"https:\/\/paragaleriedetalborjt.com\/en\/wp-json\/wp\/v2\/comments?post=47317"}],"version-history":[{"count":1,"href":"https:\/\/paragaleriedetalborjt.com\/en\/wp-json\/wp\/v2\/product\/47317\/revisions"}],"predecessor-version":[{"id":47319,"href":"https:\/\/paragaleriedetalborjt.com\/en\/wp-json\/wp\/v2\/product\/47317\/revisions\/47319"}],"wp:featuredmedia":[{"embeddable":true,"href":"https:\/\/paragaleriedetalborjt.com\/en\/wp-json\/wp\/v2\/media\/47318"}],"wp:attachment":[{"href":"https:\/\/paragaleriedetalborjt.com\/en\/wp-json\/wp\/v2\/media?parent=47317"}],"wp:term":[{"taxonomy":"pwb-brand","embeddable":true,"href":"https:\/\/paragaleriedetalborjt.com\/en\/wp-json\/wp\/v2\/pwb-brand?post=47317"},{"taxonomy":"product_cat","embeddable":true,"href":"https:\/\/paragaleriedetalborjt.com\/en\/wp-json\/wp\/v2\/product_cat?post=47317"},{"taxonomy":"product_tag","embeddable":true,"href":"https:\/\/paragaleriedetalborjt.com\/en\/wp-json\/wp\/v2\/product_tag?post=47317"}],"curies":[{"name":"wp","href":"https:\/\/api.w.org\/{rel}","templated":true}]}}