{"id":47314,"date":"2026-01-04T01:10:35","date_gmt":"2026-01-04T00:10:35","guid":{"rendered":"https:\/\/paragaleriedetalborjt.com\/?post_type=product&#038;p=47314"},"modified":"2026-01-04T14:31:16","modified_gmt":"2026-01-04T13:31:16","slug":"puressentiel-assainissant-spray-aerien-200-ml-41-huiles-essentielles","status":"publish","type":"product","link":"https:\/\/paragaleriedetalborjt.com\/en\/boutique\/puressentiel-assainissant-spray-aerien-200-ml-41-huiles-essentielles\/","title":{"rendered":"PurEssentiel Assainissant spray aerien 200 Ml 41 Huiles Essentielles"},"content":{"rendered":"<div aria-labelledby=\"tab-title-description\" class=\"woocommerce-Tabs-panel woocommerce-Tabs-panel--description panel entry-content wc-tab\" id=\"tab-description\" role=\"tabpanel\" style=\"\">\n<h2>Description<\/h2>\n<p>Le\u00a0<b>Spray assainissant Puressentiel<\/b>, avec sa formule brevet\u00e9e aux\u00a0<b>41 huiles essentielles<\/b>, d\u00e9truit les\u00a0<b>germes<\/b>\u00a0(bact\u00e9ries, virus, champignons microscopiques), les\u00a0<b>mauvaises odeurs<\/b>\u00a0 et a \u00e9galement une action\u00a0<b>anti-acariens<\/b>.<\/p>\n<p>Odeurs de literie, d\u2019animaux, chambre d\u2019enfants et d\u2019adultes, pi\u00e8ces humides, w-c, cuisine, bureaux, ateliers, lieux publics, voiture : ce Spray assainissant Puressentiel limite les\u00a0<b>sources d\u2019allergies<\/b>, assainit l\u2019air et purifie l\u2019atmosph\u00e8re pollu\u00e9e ou enfum\u00e9e.<\/p>\n<p>Produit issu de l\u2019aromath\u00e9rapie \u2013 Huiles essentielles HEBBD (Huile Essentielle Botaniquement et Biochimiquement D\u00e9finie) \u2013\u00a0 Huiles essentielles et alcool v\u00e9g\u00e9tal non d\u00e9natur\u00e9 par des phtalates : 100% d\u2019origine v\u00e9g\u00e9tale\u00a0 \u2013 Sans gaz propulseur* \u2013 Sans colorant \u2013 Sans conservateur \u2013 Sans parfum de synth\u00e8se.<\/p>\n<p>Utilisation d\u2019attaque, assainissement de la pi\u00e8ce :<br \/>\nVaporisez 6 \u00e0 8 pulv\u00e9risations (3 \u00e0 5 ml) du Spray assainissant Puressentiel \u00e0 usage atmosph\u00e9rique dans l\u2019air, aux quatre coins de l\u2019endroit \u00e0 assainir.Vous pouvez vaporisez ce spray sur les moquettes et autres surfaces en r\u00e9alisant un test\u00a0 au pr\u00e9alable. Anti-acarien, vous pouvez l\u2019utiliser pour traiter votre literie. Sortir de la pi\u00e8ce. Laisser agir au moins 30 minutes et a\u00e9rer ensuite.<\/p>\n<p>Utilisation quotidienne :<br \/>\n2 pulv\u00e9risations par jour du Spray assainissant en 1 ou 2 fois. Utiliser le Sray assainissant avec pr\u00e9caution, avant toute utilisation, lisez l\u2019\u00e9tiquette et les informations concernant ce produit.<\/p>\n<\/div>","protected":false},"excerpt":{"rendered":"<p>Highlights:Fort\u00e9 Pharma TurboDraine Minceur 500 ml est une d\u00e9licieuse boisson minceur drainante, au go\u00fbt th\u00e9-p\u00eache, \u00e0 boire tout au long de la journ\u00e9e.<\/p>","protected":false},"featured_media":47315,"comment_status":"open","ping_status":"closed","template":"","meta":[],"pwb-brand":[1824],"product_cat":[16],"product_tag":[],"class_list":{"0":"post-47314","1":"product","2":"type-product","3":"status-publish","4":"has-post-thumbnail","6":"pwb-brand-puressentiel","7":"product_cat-non-classe","8":"pa_brands-puressentiel","10":"first","11":"instock","12":"sale","13":"shipping-taxable","14":"purchasable","15":"product-type-simple"},"yoast_head":"<!-- This site is optimized with the Yoast SEO plugin v27.5 - https:\/\/yoast.com\/product\/yoast-seo-wordpress\/ -->\n<title>PurEssentiel Assainissant spray aerien 200 Ml 41 Huiles Essentielles - paragaleriedetalborjt<\/title>\n<meta name=\"robots\" content=\"index, follow, max-snippet:-1, max-image-preview:large, max-video-preview:-1\" \/>\n<link rel=\"canonical\" href=\"https:\/\/paragaleriedetalborjt.com\/en\/boutique\/puressentiel-assainissant-spray-aerien-200-ml-41-huiles-essentielles\/\" \/>\n<meta property=\"og:locale\" content=\"en_US\" \/>\n<meta property=\"og:type\" content=\"article\" \/>\n<meta property=\"og:title\" content=\"PurEssentiel Assainissant spray aerien 200 Ml 41 Huiles Essentielles - paragaleriedetalborjt\" \/>\n<meta property=\"og:description\" content=\"Highlights:Fort\u00e9 Pharma TurboDraine Minceur 500 ml est une d\u00e9licieuse boisson minceur drainante, au go\u00fbt th\u00e9-p\u00eache, \u00e0 boire tout au long de la journ\u00e9e.\" \/>\n<meta property=\"og:url\" content=\"https:\/\/paragaleriedetalborjt.com\/en\/boutique\/puressentiel-assainissant-spray-aerien-200-ml-41-huiles-essentielles\/\" \/>\n<meta property=\"og:site_name\" content=\"paragaleriedetalborjt\" \/>\n<meta property=\"article:modified_time\" content=\"2026-01-04T13:31:16+00:00\" \/>\n<meta property=\"og:image\" content=\"https:\/\/paragaleriedetalborjt.com\/wp-content\/uploads\/2026\/01\/unnamed-3.jpg\" \/>\n\t<meta property=\"og:image:width\" content=\"458\" \/>\n\t<meta property=\"og:image:height\" content=\"458\" \/>\n\t<meta property=\"og:image:type\" content=\"image\/jpeg\" \/>\n<meta name=\"twitter:card\" content=\"summary_large_image\" \/>\n<meta name=\"twitter:label1\" content=\"Est. reading time\" \/>\n\t<meta name=\"twitter:data1\" content=\"1 minute\" \/>\n<script type=\"application\/ld+json\" class=\"yoast-schema-graph\">{\"@context\":\"https:\\\/\\\/schema.org\",\"@graph\":[{\"@type\":\"WebPage\",\"@id\":\"https:\\\/\\\/paragaleriedetalborjt.com\\\/boutique\\\/puressentiel-assainissant-spray-aerien-200-ml-41-huiles-essentielles\\\/\",\"url\":\"https:\\\/\\\/paragaleriedetalborjt.com\\\/boutique\\\/puressentiel-assainissant-spray-aerien-200-ml-41-huiles-essentielles\\\/\",\"name\":\"PurEssentiel Assainissant spray aerien 200 Ml 41 Huiles Essentielles - paragaleriedetalborjt\",\"isPartOf\":{\"@id\":\"https:\\\/\\\/paragaleriedetalborjt.com\\\/#website\"},\"primaryImageOfPage\":{\"@id\":\"https:\\\/\\\/paragaleriedetalborjt.com\\\/boutique\\\/puressentiel-assainissant-spray-aerien-200-ml-41-huiles-essentielles\\\/#primaryimage\"},\"image\":{\"@id\":\"https:\\\/\\\/paragaleriedetalborjt.com\\\/boutique\\\/puressentiel-assainissant-spray-aerien-200-ml-41-huiles-essentielles\\\/#primaryimage\"},\"thumbnailUrl\":\"https:\\\/\\\/paragaleriedetalborjt.com\\\/wp-content\\\/uploads\\\/2026\\\/01\\\/unnamed-3.jpg\",\"datePublished\":\"2026-01-04T00:10:35+00:00\",\"dateModified\":\"2026-01-04T13:31:16+00:00\",\"breadcrumb\":{\"@id\":\"https:\\\/\\\/paragaleriedetalborjt.com\\\/boutique\\\/puressentiel-assainissant-spray-aerien-200-ml-41-huiles-essentielles\\\/#breadcrumb\"},\"inLanguage\":\"en-US\",\"potentialAction\":[{\"@type\":\"ReadAction\",\"target\":[\"https:\\\/\\\/paragaleriedetalborjt.com\\\/boutique\\\/puressentiel-assainissant-spray-aerien-200-ml-41-huiles-essentielles\\\/\"]}]},{\"@type\":\"ImageObject\",\"inLanguage\":\"en-US\",\"@id\":\"https:\\\/\\\/paragaleriedetalborjt.com\\\/boutique\\\/puressentiel-assainissant-spray-aerien-200-ml-41-huiles-essentielles\\\/#primaryimage\",\"url\":\"https:\\\/\\\/paragaleriedetalborjt.com\\\/wp-content\\\/uploads\\\/2026\\\/01\\\/unnamed-3.jpg\",\"contentUrl\":\"https:\\\/\\\/paragaleriedetalborjt.com\\\/wp-content\\\/uploads\\\/2026\\\/01\\\/unnamed-3.jpg\",\"width\":458,\"height\":458},{\"@type\":\"BreadcrumbList\",\"@id\":\"https:\\\/\\\/paragaleriedetalborjt.com\\\/boutique\\\/puressentiel-assainissant-spray-aerien-200-ml-41-huiles-essentielles\\\/#breadcrumb\",\"itemListElement\":[{\"@type\":\"ListItem\",\"position\":1,\"name\":\"Accueil\",\"item\":\"https:\\\/\\\/paragaleriedetalborjt.com\\\/\"},{\"@type\":\"ListItem\",\"position\":2,\"name\":\"Boutique\",\"item\":\"https:\\\/\\\/paragaleriedetalborjt.com\\\/boutique\\\/\"},{\"@type\":\"ListItem\",\"position\":3,\"name\":\"PurEssentiel Assainissant spray aerien 200 Ml 41 Huiles Essentielles\"}]},{\"@type\":\"WebSite\",\"@id\":\"https:\\\/\\\/paragaleriedetalborjt.com\\\/#website\",\"url\":\"https:\\\/\\\/paragaleriedetalborjt.com\\\/\",\"name\":\"paragaleriedetalborjt\",\"description\":\"\",\"potentialAction\":[{\"@type\":\"SearchAction\",\"target\":{\"@type\":\"EntryPoint\",\"urlTemplate\":\"https:\\\/\\\/paragaleriedetalborjt.com\\\/?s={search_term_string}\"},\"query-input\":{\"@type\":\"PropertyValueSpecification\",\"valueRequired\":true,\"valueName\":\"search_term_string\"}}],\"inLanguage\":\"en-US\"}]}<\/script>\n<!-- \/ Yoast SEO plugin. -->","yoast_head_json":{"title":"PurEssentiel Assainissant spray aerien 200 Ml 41 Huiles Essentielles - paragaleriedetalborjt","robots":{"index":"index","follow":"follow","max-snippet":"max-snippet:-1","max-image-preview":"max-image-preview:large","max-video-preview":"max-video-preview:-1"},"canonical":"https:\/\/paragaleriedetalborjt.com\/en\/boutique\/puressentiel-assainissant-spray-aerien-200-ml-41-huiles-essentielles\/","og_locale":"en_US","og_type":"article","og_title":"PurEssentiel Assainissant spray aerien 200 Ml 41 Huiles Essentielles - paragaleriedetalborjt","og_description":"Highlights:Fort\u00e9 Pharma TurboDraine Minceur 500 ml est une d\u00e9licieuse boisson minceur drainante, au go\u00fbt th\u00e9-p\u00eache, \u00e0 boire tout au long de la journ\u00e9e.","og_url":"https:\/\/paragaleriedetalborjt.com\/en\/boutique\/puressentiel-assainissant-spray-aerien-200-ml-41-huiles-essentielles\/","og_site_name":"paragaleriedetalborjt","article_modified_time":"2026-01-04T13:31:16+00:00","og_image":[{"width":458,"height":458,"url":"https:\/\/paragaleriedetalborjt.com\/wp-content\/uploads\/2026\/01\/unnamed-3.jpg","type":"image\/jpeg"}],"twitter_card":"summary_large_image","twitter_misc":{"Est. reading time":"1 minute"},"schema":{"@context":"https:\/\/schema.org","@graph":[{"@type":"WebPage","@id":"https:\/\/paragaleriedetalborjt.com\/boutique\/puressentiel-assainissant-spray-aerien-200-ml-41-huiles-essentielles\/","url":"https:\/\/paragaleriedetalborjt.com\/boutique\/puressentiel-assainissant-spray-aerien-200-ml-41-huiles-essentielles\/","name":"PurEssentiel Assainissant spray aerien 200 Ml 41 Huiles Essentielles - paragaleriedetalborjt","isPartOf":{"@id":"https:\/\/paragaleriedetalborjt.com\/#website"},"primaryImageOfPage":{"@id":"https:\/\/paragaleriedetalborjt.com\/boutique\/puressentiel-assainissant-spray-aerien-200-ml-41-huiles-essentielles\/#primaryimage"},"image":{"@id":"https:\/\/paragaleriedetalborjt.com\/boutique\/puressentiel-assainissant-spray-aerien-200-ml-41-huiles-essentielles\/#primaryimage"},"thumbnailUrl":"https:\/\/paragaleriedetalborjt.com\/wp-content\/uploads\/2026\/01\/unnamed-3.jpg","datePublished":"2026-01-04T00:10:35+00:00","dateModified":"2026-01-04T13:31:16+00:00","breadcrumb":{"@id":"https:\/\/paragaleriedetalborjt.com\/boutique\/puressentiel-assainissant-spray-aerien-200-ml-41-huiles-essentielles\/#breadcrumb"},"inLanguage":"en-US","potentialAction":[{"@type":"ReadAction","target":["https:\/\/paragaleriedetalborjt.com\/boutique\/puressentiel-assainissant-spray-aerien-200-ml-41-huiles-essentielles\/"]}]},{"@type":"ImageObject","inLanguage":"en-US","@id":"https:\/\/paragaleriedetalborjt.com\/boutique\/puressentiel-assainissant-spray-aerien-200-ml-41-huiles-essentielles\/#primaryimage","url":"https:\/\/paragaleriedetalborjt.com\/wp-content\/uploads\/2026\/01\/unnamed-3.jpg","contentUrl":"https:\/\/paragaleriedetalborjt.com\/wp-content\/uploads\/2026\/01\/unnamed-3.jpg","width":458,"height":458},{"@type":"BreadcrumbList","@id":"https:\/\/paragaleriedetalborjt.com\/boutique\/puressentiel-assainissant-spray-aerien-200-ml-41-huiles-essentielles\/#breadcrumb","itemListElement":[{"@type":"ListItem","position":1,"name":"Accueil","item":"https:\/\/paragaleriedetalborjt.com\/"},{"@type":"ListItem","position":2,"name":"Boutique","item":"https:\/\/paragaleriedetalborjt.com\/boutique\/"},{"@type":"ListItem","position":3,"name":"PurEssentiel Assainissant spray aerien 200 Ml 41 Huiles Essentielles"}]},{"@type":"WebSite","@id":"https:\/\/paragaleriedetalborjt.com\/#website","url":"https:\/\/paragaleriedetalborjt.com\/","name":"paragaleriedetalborjt","description":"","potentialAction":[{"@type":"SearchAction","target":{"@type":"EntryPoint","urlTemplate":"https:\/\/paragaleriedetalborjt.com\/?s={search_term_string}"},"query-input":{"@type":"PropertyValueSpecification","valueRequired":true,"valueName":"search_term_string"}}],"inLanguage":"en-US"}]}},"brands":[{"id":1824,"name":"PURESSENTIEL","slug":"puressentiel"}],"_links":{"self":[{"href":"https:\/\/paragaleriedetalborjt.com\/en\/wp-json\/wp\/v2\/product\/47314","targetHints":{"allow":["GET"]}}],"collection":[{"href":"https:\/\/paragaleriedetalborjt.com\/en\/wp-json\/wp\/v2\/product"}],"about":[{"href":"https:\/\/paragaleriedetalborjt.com\/en\/wp-json\/wp\/v2\/types\/product"}],"replies":[{"embeddable":true,"href":"https:\/\/paragaleriedetalborjt.com\/en\/wp-json\/wp\/v2\/comments?post=47314"}],"version-history":[{"count":1,"href":"https:\/\/paragaleriedetalborjt.com\/en\/wp-json\/wp\/v2\/product\/47314\/revisions"}],"predecessor-version":[{"id":47316,"href":"https:\/\/paragaleriedetalborjt.com\/en\/wp-json\/wp\/v2\/product\/47314\/revisions\/47316"}],"wp:featuredmedia":[{"embeddable":true,"href":"https:\/\/paragaleriedetalborjt.com\/en\/wp-json\/wp\/v2\/media\/47315"}],"wp:attachment":[{"href":"https:\/\/paragaleriedetalborjt.com\/en\/wp-json\/wp\/v2\/media?parent=47314"}],"wp:term":[{"taxonomy":"pwb-brand","embeddable":true,"href":"https:\/\/paragaleriedetalborjt.com\/en\/wp-json\/wp\/v2\/pwb-brand?post=47314"},{"taxonomy":"product_cat","embeddable":true,"href":"https:\/\/paragaleriedetalborjt.com\/en\/wp-json\/wp\/v2\/product_cat?post=47314"},{"taxonomy":"product_tag","embeddable":true,"href":"https:\/\/paragaleriedetalborjt.com\/en\/wp-json\/wp\/v2\/product_tag?post=47314"}],"curies":[{"name":"wp","href":"https:\/\/api.w.org\/{rel}","templated":true}]}}