{"id":47308,"date":"2026-01-04T01:10:19","date_gmt":"2026-01-04T00:10:19","guid":{"rendered":"https:\/\/paragaleriedetalborjt.com\/?post_type=product&#038;p=47308"},"modified":"2026-01-04T14:31:14","modified_gmt":"2026-01-04T13:31:14","slug":"hartmann-thermometre-thermoval-basic","status":"publish","type":"product","link":"https:\/\/paragaleriedetalborjt.com\/en\/boutique\/hartmann-thermometre-thermoval-basic\/","title":{"rendered":"HARTMANN THERMOMETRE THERMOVAL BASIC"},"content":{"rendered":"<div aria-labelledby=\"tab-title-description\" class=\"woocommerce-Tabs-panel woocommerce-Tabs-panel--description panel entry-content wc-tab\" id=\"tab-description\" role=\"tabpanel\" style=\"\">\n<h2>Description<\/h2>\n<p>Thermom\u00e8tre m\u00e9dical \u00e9lectronique avec un affichage num\u00e9rique facilement lisible; temps de mesure env. 60-90 secondes; un signal acoustique indique quand le thermom\u00e8tre est pr\u00eat \u00e0 fonctionner et \u00e0 la fin de la mesure;<\/p>\n<p>fonction de m\u00e9moire; fonction d\u2019arr\u00eat automatique; bo\u00eetier \u00e9tanche et r\u00e9sistant aux chocs; peut \u00eatre d\u00e9sinfect\u00e9; avec batterie longue dur\u00e9e rempla\u00e7able.<\/p>\n<\/div>","protected":false},"excerpt":{"rendered":"<p>Highlights:Compl\u00e9ment alimentaire pour agir sur la long\u00e9vit\u00e9 du cheveu en cas de situations durables.<\/p>","protected":false},"featured_media":47309,"comment_status":"open","ping_status":"closed","template":"","meta":[],"pwb-brand":[1698],"product_cat":[16],"product_tag":[],"class_list":{"0":"post-47308","1":"product","2":"type-product","3":"status-publish","4":"has-post-thumbnail","6":"pwb-brand-hartmann","7":"product_cat-non-classe","8":"pa_brands-hartmann","10":"first","11":"instock","12":"sale","13":"shipping-taxable","14":"purchasable","15":"product-type-simple"},"yoast_head":"<!-- This site is optimized with the Yoast SEO plugin v27.5 - https:\/\/yoast.com\/product\/yoast-seo-wordpress\/ -->\n<title>HARTMANN THERMOMETRE THERMOVAL BASIC - paragaleriedetalborjt<\/title>\n<meta name=\"robots\" content=\"index, follow, max-snippet:-1, max-image-preview:large, max-video-preview:-1\" \/>\n<link rel=\"canonical\" href=\"https:\/\/paragaleriedetalborjt.com\/en\/boutique\/hartmann-thermometre-thermoval-basic\/\" \/>\n<meta property=\"og:locale\" content=\"en_US\" \/>\n<meta property=\"og:type\" content=\"article\" \/>\n<meta property=\"og:title\" content=\"HARTMANN THERMOMETRE THERMOVAL BASIC - paragaleriedetalborjt\" \/>\n<meta property=\"og:description\" content=\"Highlights:Compl\u00e9ment alimentaire pour agir sur la long\u00e9vit\u00e9 du cheveu en cas de situations durables.\" \/>\n<meta property=\"og:url\" content=\"https:\/\/paragaleriedetalborjt.com\/en\/boutique\/hartmann-thermometre-thermoval-basic\/\" \/>\n<meta property=\"og:site_name\" content=\"paragaleriedetalborjt\" \/>\n<meta property=\"article:modified_time\" content=\"2026-01-04T13:31:14+00:00\" \/>\n<meta property=\"og:image\" content=\"https:\/\/paragaleriedetalborjt.com\/wp-content\/uploads\/2026\/01\/hartmann-thermoval-kids-flex.jpg\" \/>\n\t<meta property=\"og:image:width\" content=\"595\" \/>\n\t<meta property=\"og:image:height\" content=\"655\" \/>\n\t<meta property=\"og:image:type\" content=\"image\/jpeg\" \/>\n<meta name=\"twitter:card\" content=\"summary_large_image\" \/>\n<script type=\"application\/ld+json\" class=\"yoast-schema-graph\">{\"@context\":\"https:\\\/\\\/schema.org\",\"@graph\":[{\"@type\":\"WebPage\",\"@id\":\"https:\\\/\\\/paragaleriedetalborjt.com\\\/boutique\\\/hartmann-thermometre-thermoval-basic\\\/\",\"url\":\"https:\\\/\\\/paragaleriedetalborjt.com\\\/boutique\\\/hartmann-thermometre-thermoval-basic\\\/\",\"name\":\"HARTMANN THERMOMETRE THERMOVAL BASIC - paragaleriedetalborjt\",\"isPartOf\":{\"@id\":\"https:\\\/\\\/paragaleriedetalborjt.com\\\/#website\"},\"primaryImageOfPage\":{\"@id\":\"https:\\\/\\\/paragaleriedetalborjt.com\\\/boutique\\\/hartmann-thermometre-thermoval-basic\\\/#primaryimage\"},\"image\":{\"@id\":\"https:\\\/\\\/paragaleriedetalborjt.com\\\/boutique\\\/hartmann-thermometre-thermoval-basic\\\/#primaryimage\"},\"thumbnailUrl\":\"https:\\\/\\\/paragaleriedetalborjt.com\\\/wp-content\\\/uploads\\\/2026\\\/01\\\/hartmann-thermoval-kids-flex.jpg\",\"datePublished\":\"2026-01-04T00:10:19+00:00\",\"dateModified\":\"2026-01-04T13:31:14+00:00\",\"breadcrumb\":{\"@id\":\"https:\\\/\\\/paragaleriedetalborjt.com\\\/boutique\\\/hartmann-thermometre-thermoval-basic\\\/#breadcrumb\"},\"inLanguage\":\"en-US\",\"potentialAction\":[{\"@type\":\"ReadAction\",\"target\":[\"https:\\\/\\\/paragaleriedetalborjt.com\\\/boutique\\\/hartmann-thermometre-thermoval-basic\\\/\"]}]},{\"@type\":\"ImageObject\",\"inLanguage\":\"en-US\",\"@id\":\"https:\\\/\\\/paragaleriedetalborjt.com\\\/boutique\\\/hartmann-thermometre-thermoval-basic\\\/#primaryimage\",\"url\":\"https:\\\/\\\/paragaleriedetalborjt.com\\\/wp-content\\\/uploads\\\/2026\\\/01\\\/hartmann-thermoval-kids-flex.jpg\",\"contentUrl\":\"https:\\\/\\\/paragaleriedetalborjt.com\\\/wp-content\\\/uploads\\\/2026\\\/01\\\/hartmann-thermoval-kids-flex.jpg\",\"width\":595,\"height\":655},{\"@type\":\"BreadcrumbList\",\"@id\":\"https:\\\/\\\/paragaleriedetalborjt.com\\\/boutique\\\/hartmann-thermometre-thermoval-basic\\\/#breadcrumb\",\"itemListElement\":[{\"@type\":\"ListItem\",\"position\":1,\"name\":\"Accueil\",\"item\":\"https:\\\/\\\/paragaleriedetalborjt.com\\\/\"},{\"@type\":\"ListItem\",\"position\":2,\"name\":\"Boutique\",\"item\":\"https:\\\/\\\/paragaleriedetalborjt.com\\\/boutique\\\/\"},{\"@type\":\"ListItem\",\"position\":3,\"name\":\"HARTMANN THERMOMETRE THERMOVAL BASIC\"}]},{\"@type\":\"WebSite\",\"@id\":\"https:\\\/\\\/paragaleriedetalborjt.com\\\/#website\",\"url\":\"https:\\\/\\\/paragaleriedetalborjt.com\\\/\",\"name\":\"paragaleriedetalborjt\",\"description\":\"\",\"potentialAction\":[{\"@type\":\"SearchAction\",\"target\":{\"@type\":\"EntryPoint\",\"urlTemplate\":\"https:\\\/\\\/paragaleriedetalborjt.com\\\/?s={search_term_string}\"},\"query-input\":{\"@type\":\"PropertyValueSpecification\",\"valueRequired\":true,\"valueName\":\"search_term_string\"}}],\"inLanguage\":\"en-US\"}]}<\/script>\n<!-- \/ Yoast SEO plugin. -->","yoast_head_json":{"title":"HARTMANN THERMOMETRE THERMOVAL BASIC - paragaleriedetalborjt","robots":{"index":"index","follow":"follow","max-snippet":"max-snippet:-1","max-image-preview":"max-image-preview:large","max-video-preview":"max-video-preview:-1"},"canonical":"https:\/\/paragaleriedetalborjt.com\/en\/boutique\/hartmann-thermometre-thermoval-basic\/","og_locale":"en_US","og_type":"article","og_title":"HARTMANN THERMOMETRE THERMOVAL BASIC - paragaleriedetalborjt","og_description":"Highlights:Compl\u00e9ment alimentaire pour agir sur la long\u00e9vit\u00e9 du cheveu en cas de situations durables.","og_url":"https:\/\/paragaleriedetalborjt.com\/en\/boutique\/hartmann-thermometre-thermoval-basic\/","og_site_name":"paragaleriedetalborjt","article_modified_time":"2026-01-04T13:31:14+00:00","og_image":[{"width":595,"height":655,"url":"https:\/\/paragaleriedetalborjt.com\/wp-content\/uploads\/2026\/01\/hartmann-thermoval-kids-flex.jpg","type":"image\/jpeg"}],"twitter_card":"summary_large_image","schema":{"@context":"https:\/\/schema.org","@graph":[{"@type":"WebPage","@id":"https:\/\/paragaleriedetalborjt.com\/boutique\/hartmann-thermometre-thermoval-basic\/","url":"https:\/\/paragaleriedetalborjt.com\/boutique\/hartmann-thermometre-thermoval-basic\/","name":"HARTMANN THERMOMETRE THERMOVAL BASIC - paragaleriedetalborjt","isPartOf":{"@id":"https:\/\/paragaleriedetalborjt.com\/#website"},"primaryImageOfPage":{"@id":"https:\/\/paragaleriedetalborjt.com\/boutique\/hartmann-thermometre-thermoval-basic\/#primaryimage"},"image":{"@id":"https:\/\/paragaleriedetalborjt.com\/boutique\/hartmann-thermometre-thermoval-basic\/#primaryimage"},"thumbnailUrl":"https:\/\/paragaleriedetalborjt.com\/wp-content\/uploads\/2026\/01\/hartmann-thermoval-kids-flex.jpg","datePublished":"2026-01-04T00:10:19+00:00","dateModified":"2026-01-04T13:31:14+00:00","breadcrumb":{"@id":"https:\/\/paragaleriedetalborjt.com\/boutique\/hartmann-thermometre-thermoval-basic\/#breadcrumb"},"inLanguage":"en-US","potentialAction":[{"@type":"ReadAction","target":["https:\/\/paragaleriedetalborjt.com\/boutique\/hartmann-thermometre-thermoval-basic\/"]}]},{"@type":"ImageObject","inLanguage":"en-US","@id":"https:\/\/paragaleriedetalborjt.com\/boutique\/hartmann-thermometre-thermoval-basic\/#primaryimage","url":"https:\/\/paragaleriedetalborjt.com\/wp-content\/uploads\/2026\/01\/hartmann-thermoval-kids-flex.jpg","contentUrl":"https:\/\/paragaleriedetalborjt.com\/wp-content\/uploads\/2026\/01\/hartmann-thermoval-kids-flex.jpg","width":595,"height":655},{"@type":"BreadcrumbList","@id":"https:\/\/paragaleriedetalborjt.com\/boutique\/hartmann-thermometre-thermoval-basic\/#breadcrumb","itemListElement":[{"@type":"ListItem","position":1,"name":"Accueil","item":"https:\/\/paragaleriedetalborjt.com\/"},{"@type":"ListItem","position":2,"name":"Boutique","item":"https:\/\/paragaleriedetalborjt.com\/boutique\/"},{"@type":"ListItem","position":3,"name":"HARTMANN THERMOMETRE THERMOVAL BASIC"}]},{"@type":"WebSite","@id":"https:\/\/paragaleriedetalborjt.com\/#website","url":"https:\/\/paragaleriedetalborjt.com\/","name":"paragaleriedetalborjt","description":"","potentialAction":[{"@type":"SearchAction","target":{"@type":"EntryPoint","urlTemplate":"https:\/\/paragaleriedetalborjt.com\/?s={search_term_string}"},"query-input":{"@type":"PropertyValueSpecification","valueRequired":true,"valueName":"search_term_string"}}],"inLanguage":"en-US"}]}},"brands":[{"id":1698,"name":"Hartmann","slug":"hartmann"}],"_links":{"self":[{"href":"https:\/\/paragaleriedetalborjt.com\/en\/wp-json\/wp\/v2\/product\/47308","targetHints":{"allow":["GET"]}}],"collection":[{"href":"https:\/\/paragaleriedetalborjt.com\/en\/wp-json\/wp\/v2\/product"}],"about":[{"href":"https:\/\/paragaleriedetalborjt.com\/en\/wp-json\/wp\/v2\/types\/product"}],"replies":[{"embeddable":true,"href":"https:\/\/paragaleriedetalborjt.com\/en\/wp-json\/wp\/v2\/comments?post=47308"}],"version-history":[{"count":1,"href":"https:\/\/paragaleriedetalborjt.com\/en\/wp-json\/wp\/v2\/product\/47308\/revisions"}],"predecessor-version":[{"id":47310,"href":"https:\/\/paragaleriedetalborjt.com\/en\/wp-json\/wp\/v2\/product\/47308\/revisions\/47310"}],"wp:featuredmedia":[{"embeddable":true,"href":"https:\/\/paragaleriedetalborjt.com\/en\/wp-json\/wp\/v2\/media\/47309"}],"wp:attachment":[{"href":"https:\/\/paragaleriedetalborjt.com\/en\/wp-json\/wp\/v2\/media?parent=47308"}],"wp:term":[{"taxonomy":"pwb-brand","embeddable":true,"href":"https:\/\/paragaleriedetalborjt.com\/en\/wp-json\/wp\/v2\/pwb-brand?post=47308"},{"taxonomy":"product_cat","embeddable":true,"href":"https:\/\/paragaleriedetalborjt.com\/en\/wp-json\/wp\/v2\/product_cat?post=47308"},{"taxonomy":"product_tag","embeddable":true,"href":"https:\/\/paragaleriedetalborjt.com\/en\/wp-json\/wp\/v2\/product_tag?post=47308"}],"curies":[{"name":"wp","href":"https:\/\/api.w.org\/{rel}","templated":true}]}}