{"id":47155,"date":"2026-01-04T00:57:36","date_gmt":"2026-01-03T23:57:36","guid":{"rendered":"https:\/\/paragaleriedetalborjt.com\/?post_type=product&#038;p=47155"},"modified":"2026-01-04T00:57:36","modified_gmt":"2026-01-03T23:57:36","slug":"puressentiel-huile-essentielle-eucalyptus-citron-bio-10ml","status":"publish","type":"product","link":"https:\/\/paragaleriedetalborjt.com\/en\/boutique\/puressentiel-huile-essentielle-eucalyptus-citron-bio-10ml\/","title":{"rendered":"Puressentiel Huile Essentielle Eucalyptus Citron BIO 10ml"},"content":{"rendered":"<div aria-labelledby=\"tab-title-description\" class=\"woocommerce-Tabs-panel woocommerce-Tabs-panel--description panel entry-content wc-tab\" id=\"tab-description\" role=\"tabpanel\" style=\"\">\n<h2>Description<\/h2>\n<p>De couleur jaune p\u00e2le, l\u2019huile essentielle d\u2019eucalyptus citronn\u00e9 bio Puressentiel a une odeur de citron tr\u00e8s marqu\u00e9e due aux feuilles de l\u2019eucalyptus citronn\u00e9.<br \/>\nOriginaire d\u2019Australie, l\u2019eucalyptus citronn\u00e9 s\u2019est acclimat\u00e9 dans de nombreux pays comme le Br\u00e9sil, Madagascar, ou encore la Chine. C\u2019est un grand arbre pouvant atteindre 25 \u00e0 50 m\u00e8tres.<\/p>\n<p>Cette huile essentielle, compl\u00e9ment alimentaire, est HEBBD (Huile Essentielle Botaniquement et Biochimiquement D\u00e9finie).<\/p>\n<p><strong>Conseils :<\/strong><br \/>\nComment utiliser l\u2019Huile Essentielle d\u2019Eucalyptus Citronn\u00e9 BIO ?<\/p>\n<p>Prendre au maximum 2 gouttes d\u2019huile essentielle d\u2019eucalyptus citronn\u00e9 3 fois par jour (soit 0,21 ml) sur un comprim\u00e9 neutre Puressentiel (ou 1 cuill\u00e8re \u00e0 caf\u00e9 de miel, d\u2019huile d\u2019olive, ou 1\/4 de sucre).<br \/>\n\u00c9quivalence : 1ml = 29 gouttes.<\/p>\n<p>Pour d\u2019autres conseils d\u2019utilisation, demandez conseil \u00e0 votre pharmacien.<\/p>\n<p>D\u00e9couvrez notre roller apaisant les d\u00e9mangeaisons li\u00e9es aux piq\u00fbres de moustiques contenant de l\u2019huile essentielle d\u2019eucalyptus citronn\u00e9.<\/p>\n<p><strong>Pr\u00e9cautions d\u2019emploi :<\/strong><br \/>\nNe pas d\u00e9passer la dose journali\u00e8re recommand\u00e9e. Ne se substitue pas \u00e0 une alimentation vari\u00e9e et \u00e9quilibr\u00e9e et \u00e0 un mode de vie sain. Ne pas utiliser l\u2019huile essentielle d\u2019eucalyptus citronn\u00e9 pure sans support, ni m\u00e9lang\u00e9e \u00e0 l\u2019eau. Tenir hors de port\u00e9e des enfants. Ne pas utiliser chez les enfants de moins de 7 ans, chez les femmes enceintes ou allaitant, chez les personnes ayant des ant\u00e9c\u00e9dents de troubles convulsifs ou \u00e9pileptiques et chez les personnes allergiques aux huiles essentielles. Pour les personnes sous traitement m\u00e9dical et chez les enfants de plus de 7 ans, se rapprocher d\u2019un sp\u00e9cialiste de sant\u00e9.<br \/>\nConserver \u00e0 l\u2019abri de la lumi\u00e8re, de l\u2019air et de la chaleur.<\/p>\n<p>\u00a0<\/p>\n<\/div>","protected":false},"excerpt":{"rendered":"<p>Highlights:De couleur jaune p\u00e2le, l\u2019huile essentielle d\u2019eucalyptus citronn\u00e9 a une odeur de citron tr\u00e8s marqu\u00e9e due aux feuilles de l\u2019eucalyptus citronn\u00e9.<\/p>","protected":false},"featured_media":47156,"comment_status":"open","ping_status":"closed","template":"","meta":[],"pwb-brand":[1824],"product_cat":[16],"product_tag":[],"class_list":{"0":"post-47155","1":"product","2":"type-product","3":"status-publish","4":"has-post-thumbnail","6":"pwb-brand-puressentiel","7":"product_cat-non-classe","8":"pa_brands-puressentiel","10":"first","11":"instock","12":"sale","13":"shipping-taxable","14":"purchasable","15":"product-type-simple"},"yoast_head":"<!-- This site is optimized with the Yoast SEO plugin v27.5 - https:\/\/yoast.com\/product\/yoast-seo-wordpress\/ -->\n<title>Puressentiel Huile Essentielle Eucalyptus Citron BIO 10ml - paragaleriedetalborjt<\/title>\n<meta name=\"robots\" content=\"index, follow, max-snippet:-1, max-image-preview:large, max-video-preview:-1\" \/>\n<link rel=\"canonical\" href=\"https:\/\/paragaleriedetalborjt.com\/en\/boutique\/puressentiel-huile-essentielle-eucalyptus-citron-bio-10ml\/\" \/>\n<meta property=\"og:locale\" content=\"en_US\" \/>\n<meta property=\"og:type\" content=\"article\" \/>\n<meta property=\"og:title\" content=\"Puressentiel Huile Essentielle Eucalyptus Citron BIO 10ml - paragaleriedetalborjt\" \/>\n<meta property=\"og:description\" content=\"Highlights:De couleur jaune p\u00e2le, l\u2019huile essentielle d\u2019eucalyptus citronn\u00e9 a une odeur de citron tr\u00e8s marqu\u00e9e due aux feuilles de l\u2019eucalyptus citronn\u00e9.\" \/>\n<meta property=\"og:url\" content=\"https:\/\/paragaleriedetalborjt.com\/en\/boutique\/puressentiel-huile-essentielle-eucalyptus-citron-bio-10ml\/\" \/>\n<meta property=\"og:site_name\" content=\"paragaleriedetalborjt\" \/>\n<meta property=\"og:image\" content=\"https:\/\/paragaleriedetalborjt.com\/wp-content\/uploads\/2026\/01\/puressentiel-he-eucalyptus-citronne.jpg\" \/>\n\t<meta property=\"og:image:width\" content=\"595\" \/>\n\t<meta property=\"og:image:height\" content=\"655\" \/>\n\t<meta property=\"og:image:type\" content=\"image\/jpeg\" \/>\n<meta name=\"twitter:card\" content=\"summary_large_image\" \/>\n<meta name=\"twitter:label1\" content=\"Est. reading time\" \/>\n\t<meta name=\"twitter:data1\" content=\"1 minute\" \/>\n<script type=\"application\/ld+json\" class=\"yoast-schema-graph\">{\"@context\":\"https:\\\/\\\/schema.org\",\"@graph\":[{\"@type\":\"WebPage\",\"@id\":\"https:\\\/\\\/paragaleriedetalborjt.com\\\/boutique\\\/puressentiel-huile-essentielle-eucalyptus-citron-bio-10ml\\\/\",\"url\":\"https:\\\/\\\/paragaleriedetalborjt.com\\\/boutique\\\/puressentiel-huile-essentielle-eucalyptus-citron-bio-10ml\\\/\",\"name\":\"Puressentiel Huile Essentielle Eucalyptus Citron BIO 10ml - paragaleriedetalborjt\",\"isPartOf\":{\"@id\":\"https:\\\/\\\/paragaleriedetalborjt.com\\\/#website\"},\"primaryImageOfPage\":{\"@id\":\"https:\\\/\\\/paragaleriedetalborjt.com\\\/boutique\\\/puressentiel-huile-essentielle-eucalyptus-citron-bio-10ml\\\/#primaryimage\"},\"image\":{\"@id\":\"https:\\\/\\\/paragaleriedetalborjt.com\\\/boutique\\\/puressentiel-huile-essentielle-eucalyptus-citron-bio-10ml\\\/#primaryimage\"},\"thumbnailUrl\":\"https:\\\/\\\/paragaleriedetalborjt.com\\\/wp-content\\\/uploads\\\/2026\\\/01\\\/puressentiel-he-eucalyptus-citronne.jpg\",\"datePublished\":\"2026-01-03T23:57:36+00:00\",\"breadcrumb\":{\"@id\":\"https:\\\/\\\/paragaleriedetalborjt.com\\\/boutique\\\/puressentiel-huile-essentielle-eucalyptus-citron-bio-10ml\\\/#breadcrumb\"},\"inLanguage\":\"en-US\",\"potentialAction\":[{\"@type\":\"ReadAction\",\"target\":[\"https:\\\/\\\/paragaleriedetalborjt.com\\\/boutique\\\/puressentiel-huile-essentielle-eucalyptus-citron-bio-10ml\\\/\"]}]},{\"@type\":\"ImageObject\",\"inLanguage\":\"en-US\",\"@id\":\"https:\\\/\\\/paragaleriedetalborjt.com\\\/boutique\\\/puressentiel-huile-essentielle-eucalyptus-citron-bio-10ml\\\/#primaryimage\",\"url\":\"https:\\\/\\\/paragaleriedetalborjt.com\\\/wp-content\\\/uploads\\\/2026\\\/01\\\/puressentiel-he-eucalyptus-citronne.jpg\",\"contentUrl\":\"https:\\\/\\\/paragaleriedetalborjt.com\\\/wp-content\\\/uploads\\\/2026\\\/01\\\/puressentiel-he-eucalyptus-citronne.jpg\",\"width\":595,\"height\":655},{\"@type\":\"BreadcrumbList\",\"@id\":\"https:\\\/\\\/paragaleriedetalborjt.com\\\/boutique\\\/puressentiel-huile-essentielle-eucalyptus-citron-bio-10ml\\\/#breadcrumb\",\"itemListElement\":[{\"@type\":\"ListItem\",\"position\":1,\"name\":\"Accueil\",\"item\":\"https:\\\/\\\/paragaleriedetalborjt.com\\\/\"},{\"@type\":\"ListItem\",\"position\":2,\"name\":\"Boutique\",\"item\":\"https:\\\/\\\/paragaleriedetalborjt.com\\\/boutique\\\/\"},{\"@type\":\"ListItem\",\"position\":3,\"name\":\"Puressentiel Huile Essentielle Eucalyptus Citron BIO 10ml\"}]},{\"@type\":\"WebSite\",\"@id\":\"https:\\\/\\\/paragaleriedetalborjt.com\\\/#website\",\"url\":\"https:\\\/\\\/paragaleriedetalborjt.com\\\/\",\"name\":\"paragaleriedetalborjt\",\"description\":\"\",\"potentialAction\":[{\"@type\":\"SearchAction\",\"target\":{\"@type\":\"EntryPoint\",\"urlTemplate\":\"https:\\\/\\\/paragaleriedetalborjt.com\\\/?s={search_term_string}\"},\"query-input\":{\"@type\":\"PropertyValueSpecification\",\"valueRequired\":true,\"valueName\":\"search_term_string\"}}],\"inLanguage\":\"en-US\"}]}<\/script>\n<!-- \/ Yoast SEO plugin. -->","yoast_head_json":{"title":"Puressentiel Huile Essentielle Eucalyptus Citron BIO 10ml - paragaleriedetalborjt","robots":{"index":"index","follow":"follow","max-snippet":"max-snippet:-1","max-image-preview":"max-image-preview:large","max-video-preview":"max-video-preview:-1"},"canonical":"https:\/\/paragaleriedetalborjt.com\/en\/boutique\/puressentiel-huile-essentielle-eucalyptus-citron-bio-10ml\/","og_locale":"en_US","og_type":"article","og_title":"Puressentiel Huile Essentielle Eucalyptus Citron BIO 10ml - paragaleriedetalborjt","og_description":"Highlights:De couleur jaune p\u00e2le, l\u2019huile essentielle d\u2019eucalyptus citronn\u00e9 a une odeur de citron tr\u00e8s marqu\u00e9e due aux feuilles de l\u2019eucalyptus citronn\u00e9.","og_url":"https:\/\/paragaleriedetalborjt.com\/en\/boutique\/puressentiel-huile-essentielle-eucalyptus-citron-bio-10ml\/","og_site_name":"paragaleriedetalborjt","og_image":[{"width":595,"height":655,"url":"https:\/\/paragaleriedetalborjt.com\/wp-content\/uploads\/2026\/01\/puressentiel-he-eucalyptus-citronne.jpg","type":"image\/jpeg"}],"twitter_card":"summary_large_image","twitter_misc":{"Est. reading time":"1 minute"},"schema":{"@context":"https:\/\/schema.org","@graph":[{"@type":"WebPage","@id":"https:\/\/paragaleriedetalborjt.com\/boutique\/puressentiel-huile-essentielle-eucalyptus-citron-bio-10ml\/","url":"https:\/\/paragaleriedetalborjt.com\/boutique\/puressentiel-huile-essentielle-eucalyptus-citron-bio-10ml\/","name":"Puressentiel Huile Essentielle Eucalyptus Citron BIO 10ml - paragaleriedetalborjt","isPartOf":{"@id":"https:\/\/paragaleriedetalborjt.com\/#website"},"primaryImageOfPage":{"@id":"https:\/\/paragaleriedetalborjt.com\/boutique\/puressentiel-huile-essentielle-eucalyptus-citron-bio-10ml\/#primaryimage"},"image":{"@id":"https:\/\/paragaleriedetalborjt.com\/boutique\/puressentiel-huile-essentielle-eucalyptus-citron-bio-10ml\/#primaryimage"},"thumbnailUrl":"https:\/\/paragaleriedetalborjt.com\/wp-content\/uploads\/2026\/01\/puressentiel-he-eucalyptus-citronne.jpg","datePublished":"2026-01-03T23:57:36+00:00","breadcrumb":{"@id":"https:\/\/paragaleriedetalborjt.com\/boutique\/puressentiel-huile-essentielle-eucalyptus-citron-bio-10ml\/#breadcrumb"},"inLanguage":"en-US","potentialAction":[{"@type":"ReadAction","target":["https:\/\/paragaleriedetalborjt.com\/boutique\/puressentiel-huile-essentielle-eucalyptus-citron-bio-10ml\/"]}]},{"@type":"ImageObject","inLanguage":"en-US","@id":"https:\/\/paragaleriedetalborjt.com\/boutique\/puressentiel-huile-essentielle-eucalyptus-citron-bio-10ml\/#primaryimage","url":"https:\/\/paragaleriedetalborjt.com\/wp-content\/uploads\/2026\/01\/puressentiel-he-eucalyptus-citronne.jpg","contentUrl":"https:\/\/paragaleriedetalborjt.com\/wp-content\/uploads\/2026\/01\/puressentiel-he-eucalyptus-citronne.jpg","width":595,"height":655},{"@type":"BreadcrumbList","@id":"https:\/\/paragaleriedetalborjt.com\/boutique\/puressentiel-huile-essentielle-eucalyptus-citron-bio-10ml\/#breadcrumb","itemListElement":[{"@type":"ListItem","position":1,"name":"Accueil","item":"https:\/\/paragaleriedetalborjt.com\/"},{"@type":"ListItem","position":2,"name":"Boutique","item":"https:\/\/paragaleriedetalborjt.com\/boutique\/"},{"@type":"ListItem","position":3,"name":"Puressentiel Huile Essentielle Eucalyptus Citron BIO 10ml"}]},{"@type":"WebSite","@id":"https:\/\/paragaleriedetalborjt.com\/#website","url":"https:\/\/paragaleriedetalborjt.com\/","name":"paragaleriedetalborjt","description":"","potentialAction":[{"@type":"SearchAction","target":{"@type":"EntryPoint","urlTemplate":"https:\/\/paragaleriedetalborjt.com\/?s={search_term_string}"},"query-input":{"@type":"PropertyValueSpecification","valueRequired":true,"valueName":"search_term_string"}}],"inLanguage":"en-US"}]}},"brands":[{"id":1824,"name":"PURESSENTIEL","slug":"puressentiel"}],"_links":{"self":[{"href":"https:\/\/paragaleriedetalborjt.com\/en\/wp-json\/wp\/v2\/product\/47155","targetHints":{"allow":["GET"]}}],"collection":[{"href":"https:\/\/paragaleriedetalborjt.com\/en\/wp-json\/wp\/v2\/product"}],"about":[{"href":"https:\/\/paragaleriedetalborjt.com\/en\/wp-json\/wp\/v2\/types\/product"}],"replies":[{"embeddable":true,"href":"https:\/\/paragaleriedetalborjt.com\/en\/wp-json\/wp\/v2\/comments?post=47155"}],"version-history":[{"count":1,"href":"https:\/\/paragaleriedetalborjt.com\/en\/wp-json\/wp\/v2\/product\/47155\/revisions"}],"predecessor-version":[{"id":47157,"href":"https:\/\/paragaleriedetalborjt.com\/en\/wp-json\/wp\/v2\/product\/47155\/revisions\/47157"}],"wp:featuredmedia":[{"embeddable":true,"href":"https:\/\/paragaleriedetalborjt.com\/en\/wp-json\/wp\/v2\/media\/47156"}],"wp:attachment":[{"href":"https:\/\/paragaleriedetalborjt.com\/en\/wp-json\/wp\/v2\/media?parent=47155"}],"wp:term":[{"taxonomy":"pwb-brand","embeddable":true,"href":"https:\/\/paragaleriedetalborjt.com\/en\/wp-json\/wp\/v2\/pwb-brand?post=47155"},{"taxonomy":"product_cat","embeddable":true,"href":"https:\/\/paragaleriedetalborjt.com\/en\/wp-json\/wp\/v2\/product_cat?post=47155"},{"taxonomy":"product_tag","embeddable":true,"href":"https:\/\/paragaleriedetalborjt.com\/en\/wp-json\/wp\/v2\/product_tag?post=47155"}],"curies":[{"name":"wp","href":"https:\/\/api.w.org\/{rel}","templated":true}]}}