{"id":47137,"date":"2026-01-04T00:56:42","date_gmt":"2026-01-03T23:56:42","guid":{"rendered":"https:\/\/paragaleriedetalborjt.com\/?post_type=product&#038;p=47137"},"modified":"2026-01-04T00:56:42","modified_gmt":"2026-01-03T23:56:42","slug":"puressentielanti-pique-creme-multi-apasante-bebe-30ml","status":"publish","type":"product","link":"https:\/\/paragaleriedetalborjt.com\/en\/boutique\/puressentielanti-pique-creme-multi-apasante-bebe-30ml\/","title":{"rendered":"PuressentielAnti pique creme multi-apasante Bebe 30ml"},"content":{"rendered":"<div aria-labelledby=\"tab-title-description\" class=\"woocommerce-Tabs-panel woocommerce-Tabs-panel--description panel entry-content wc-tab\" id=\"tab-description\" role=\"tabpanel\" style=\"\">\n<h2>Description<\/h2>\n<p>Cette<strong>\u00a0cr\u00e8me anti-pique apaisante b\u00e9b\u00e9\u00a0<\/strong>pour piq\u00fbres de moustiques<strong>\u00a0<\/strong>est adapt\u00e9e aux peaux sensibles des tout-petits d\u00e8s 6 mois.<br \/>\nSa formule 99,8% d\u2019origine naturelle, compos\u00e9e de 4 huiles v\u00e9g\u00e9tales et de\u00a03 extraits v\u00e9g\u00e9taux, aide \u00e0 calmer les irritations et les sensations de d\u00e9mangeaisons dues aux piq\u00fbres d\u2019insectes et de v\u00e9g\u00e9taux. Sa texture nourrissante hydrate et aide \u00e0 prot\u00e9ger la peau de b\u00e9b\u00e9**.<\/p>\n<p>Complexe phyto apaisant \u00e0 l\u2019efficacit\u00e9 calmante sur les irritations et les d\u00e9mangeaisons<br \/>\nApprouv\u00e9e par 100% des mamans et des papas**<\/p>\n<\/div>","protected":false},"excerpt":{"rendered":"<p>Highlights:Cette cr\u00e8me anti-pique apaisante b\u00e9b\u00e9 pour piq\u00fbres de moustiques est adapt\u00e9e aux peaux sensibles des tout-petits d\u00e8s 6 mois.30 ml<\/p>","protected":false},"featured_media":47138,"comment_status":"open","ping_status":"closed","template":"","meta":[],"pwb-brand":[1824],"product_cat":[16],"product_tag":[],"class_list":{"0":"post-47137","1":"product","2":"type-product","3":"status-publish","4":"has-post-thumbnail","6":"pwb-brand-puressentiel","7":"product_cat-non-classe","8":"pa_brands-puressentiel","10":"first","11":"instock","12":"sale","13":"shipping-taxable","14":"purchasable","15":"product-type-simple"},"yoast_head":"<!-- This site is optimized with the Yoast SEO plugin v27.5 - https:\/\/yoast.com\/product\/yoast-seo-wordpress\/ -->\n<title>PuressentielAnti pique creme multi-apasante Bebe 30ml - paragaleriedetalborjt<\/title>\n<meta name=\"robots\" content=\"index, follow, max-snippet:-1, max-image-preview:large, max-video-preview:-1\" \/>\n<link rel=\"canonical\" href=\"https:\/\/paragaleriedetalborjt.com\/en\/boutique\/puressentielanti-pique-creme-multi-apasante-bebe-30ml\/\" \/>\n<meta property=\"og:locale\" content=\"en_US\" \/>\n<meta property=\"og:type\" content=\"article\" \/>\n<meta property=\"og:title\" content=\"PuressentielAnti pique creme multi-apasante Bebe 30ml - paragaleriedetalborjt\" \/>\n<meta property=\"og:description\" content=\"Highlights:Cette cr\u00e8me anti-pique apaisante b\u00e9b\u00e9 pour piq\u00fbres de moustiques est adapt\u00e9e aux peaux sensibles des tout-petits d\u00e8s 6 mois.30 ml\" \/>\n<meta property=\"og:url\" content=\"https:\/\/paragaleriedetalborjt.com\/en\/boutique\/puressentielanti-pique-creme-multi-apasante-bebe-30ml\/\" \/>\n<meta property=\"og:site_name\" content=\"paragaleriedetalborjt\" \/>\n<meta property=\"og:image\" content=\"https:\/\/paragaleriedetalborjt.com\/wp-content\/uploads\/2026\/01\/Puress-Anti-pique-creme-multi-apasante-Bebe-30ml.jpg\" \/>\n\t<meta property=\"og:image:width\" content=\"595\" \/>\n\t<meta property=\"og:image:height\" content=\"655\" \/>\n\t<meta property=\"og:image:type\" content=\"image\/jpeg\" \/>\n<meta name=\"twitter:card\" content=\"summary_large_image\" \/>\n<script type=\"application\/ld+json\" class=\"yoast-schema-graph\">{\"@context\":\"https:\\\/\\\/schema.org\",\"@graph\":[{\"@type\":\"WebPage\",\"@id\":\"https:\\\/\\\/paragaleriedetalborjt.com\\\/boutique\\\/puressentielanti-pique-creme-multi-apasante-bebe-30ml\\\/\",\"url\":\"https:\\\/\\\/paragaleriedetalborjt.com\\\/boutique\\\/puressentielanti-pique-creme-multi-apasante-bebe-30ml\\\/\",\"name\":\"PuressentielAnti pique creme multi-apasante Bebe 30ml - paragaleriedetalborjt\",\"isPartOf\":{\"@id\":\"https:\\\/\\\/paragaleriedetalborjt.com\\\/#website\"},\"primaryImageOfPage\":{\"@id\":\"https:\\\/\\\/paragaleriedetalborjt.com\\\/boutique\\\/puressentielanti-pique-creme-multi-apasante-bebe-30ml\\\/#primaryimage\"},\"image\":{\"@id\":\"https:\\\/\\\/paragaleriedetalborjt.com\\\/boutique\\\/puressentielanti-pique-creme-multi-apasante-bebe-30ml\\\/#primaryimage\"},\"thumbnailUrl\":\"https:\\\/\\\/paragaleriedetalborjt.com\\\/wp-content\\\/uploads\\\/2026\\\/01\\\/Puress-Anti-pique-creme-multi-apasante-Bebe-30ml.jpg\",\"datePublished\":\"2026-01-03T23:56:42+00:00\",\"breadcrumb\":{\"@id\":\"https:\\\/\\\/paragaleriedetalborjt.com\\\/boutique\\\/puressentielanti-pique-creme-multi-apasante-bebe-30ml\\\/#breadcrumb\"},\"inLanguage\":\"en-US\",\"potentialAction\":[{\"@type\":\"ReadAction\",\"target\":[\"https:\\\/\\\/paragaleriedetalborjt.com\\\/boutique\\\/puressentielanti-pique-creme-multi-apasante-bebe-30ml\\\/\"]}]},{\"@type\":\"ImageObject\",\"inLanguage\":\"en-US\",\"@id\":\"https:\\\/\\\/paragaleriedetalborjt.com\\\/boutique\\\/puressentielanti-pique-creme-multi-apasante-bebe-30ml\\\/#primaryimage\",\"url\":\"https:\\\/\\\/paragaleriedetalborjt.com\\\/wp-content\\\/uploads\\\/2026\\\/01\\\/Puress-Anti-pique-creme-multi-apasante-Bebe-30ml.jpg\",\"contentUrl\":\"https:\\\/\\\/paragaleriedetalborjt.com\\\/wp-content\\\/uploads\\\/2026\\\/01\\\/Puress-Anti-pique-creme-multi-apasante-Bebe-30ml.jpg\",\"width\":595,\"height\":655},{\"@type\":\"BreadcrumbList\",\"@id\":\"https:\\\/\\\/paragaleriedetalborjt.com\\\/boutique\\\/puressentielanti-pique-creme-multi-apasante-bebe-30ml\\\/#breadcrumb\",\"itemListElement\":[{\"@type\":\"ListItem\",\"position\":1,\"name\":\"Accueil\",\"item\":\"https:\\\/\\\/paragaleriedetalborjt.com\\\/\"},{\"@type\":\"ListItem\",\"position\":2,\"name\":\"Boutique\",\"item\":\"https:\\\/\\\/paragaleriedetalborjt.com\\\/boutique\\\/\"},{\"@type\":\"ListItem\",\"position\":3,\"name\":\"PuressentielAnti pique creme multi-apasante Bebe 30ml\"}]},{\"@type\":\"WebSite\",\"@id\":\"https:\\\/\\\/paragaleriedetalborjt.com\\\/#website\",\"url\":\"https:\\\/\\\/paragaleriedetalborjt.com\\\/\",\"name\":\"paragaleriedetalborjt\",\"description\":\"\",\"potentialAction\":[{\"@type\":\"SearchAction\",\"target\":{\"@type\":\"EntryPoint\",\"urlTemplate\":\"https:\\\/\\\/paragaleriedetalborjt.com\\\/?s={search_term_string}\"},\"query-input\":{\"@type\":\"PropertyValueSpecification\",\"valueRequired\":true,\"valueName\":\"search_term_string\"}}],\"inLanguage\":\"en-US\"}]}<\/script>\n<!-- \/ Yoast SEO plugin. -->","yoast_head_json":{"title":"PuressentielAnti pique creme multi-apasante Bebe 30ml - paragaleriedetalborjt","robots":{"index":"index","follow":"follow","max-snippet":"max-snippet:-1","max-image-preview":"max-image-preview:large","max-video-preview":"max-video-preview:-1"},"canonical":"https:\/\/paragaleriedetalborjt.com\/en\/boutique\/puressentielanti-pique-creme-multi-apasante-bebe-30ml\/","og_locale":"en_US","og_type":"article","og_title":"PuressentielAnti pique creme multi-apasante Bebe 30ml - paragaleriedetalborjt","og_description":"Highlights:Cette cr\u00e8me anti-pique apaisante b\u00e9b\u00e9 pour piq\u00fbres de moustiques est adapt\u00e9e aux peaux sensibles des tout-petits d\u00e8s 6 mois.30 ml","og_url":"https:\/\/paragaleriedetalborjt.com\/en\/boutique\/puressentielanti-pique-creme-multi-apasante-bebe-30ml\/","og_site_name":"paragaleriedetalborjt","og_image":[{"width":595,"height":655,"url":"https:\/\/paragaleriedetalborjt.com\/wp-content\/uploads\/2026\/01\/Puress-Anti-pique-creme-multi-apasante-Bebe-30ml.jpg","type":"image\/jpeg"}],"twitter_card":"summary_large_image","schema":{"@context":"https:\/\/schema.org","@graph":[{"@type":"WebPage","@id":"https:\/\/paragaleriedetalborjt.com\/boutique\/puressentielanti-pique-creme-multi-apasante-bebe-30ml\/","url":"https:\/\/paragaleriedetalborjt.com\/boutique\/puressentielanti-pique-creme-multi-apasante-bebe-30ml\/","name":"PuressentielAnti pique creme multi-apasante Bebe 30ml - paragaleriedetalborjt","isPartOf":{"@id":"https:\/\/paragaleriedetalborjt.com\/#website"},"primaryImageOfPage":{"@id":"https:\/\/paragaleriedetalborjt.com\/boutique\/puressentielanti-pique-creme-multi-apasante-bebe-30ml\/#primaryimage"},"image":{"@id":"https:\/\/paragaleriedetalborjt.com\/boutique\/puressentielanti-pique-creme-multi-apasante-bebe-30ml\/#primaryimage"},"thumbnailUrl":"https:\/\/paragaleriedetalborjt.com\/wp-content\/uploads\/2026\/01\/Puress-Anti-pique-creme-multi-apasante-Bebe-30ml.jpg","datePublished":"2026-01-03T23:56:42+00:00","breadcrumb":{"@id":"https:\/\/paragaleriedetalborjt.com\/boutique\/puressentielanti-pique-creme-multi-apasante-bebe-30ml\/#breadcrumb"},"inLanguage":"en-US","potentialAction":[{"@type":"ReadAction","target":["https:\/\/paragaleriedetalborjt.com\/boutique\/puressentielanti-pique-creme-multi-apasante-bebe-30ml\/"]}]},{"@type":"ImageObject","inLanguage":"en-US","@id":"https:\/\/paragaleriedetalborjt.com\/boutique\/puressentielanti-pique-creme-multi-apasante-bebe-30ml\/#primaryimage","url":"https:\/\/paragaleriedetalborjt.com\/wp-content\/uploads\/2026\/01\/Puress-Anti-pique-creme-multi-apasante-Bebe-30ml.jpg","contentUrl":"https:\/\/paragaleriedetalborjt.com\/wp-content\/uploads\/2026\/01\/Puress-Anti-pique-creme-multi-apasante-Bebe-30ml.jpg","width":595,"height":655},{"@type":"BreadcrumbList","@id":"https:\/\/paragaleriedetalborjt.com\/boutique\/puressentielanti-pique-creme-multi-apasante-bebe-30ml\/#breadcrumb","itemListElement":[{"@type":"ListItem","position":1,"name":"Accueil","item":"https:\/\/paragaleriedetalborjt.com\/"},{"@type":"ListItem","position":2,"name":"Boutique","item":"https:\/\/paragaleriedetalborjt.com\/boutique\/"},{"@type":"ListItem","position":3,"name":"PuressentielAnti pique creme multi-apasante Bebe 30ml"}]},{"@type":"WebSite","@id":"https:\/\/paragaleriedetalborjt.com\/#website","url":"https:\/\/paragaleriedetalborjt.com\/","name":"paragaleriedetalborjt","description":"","potentialAction":[{"@type":"SearchAction","target":{"@type":"EntryPoint","urlTemplate":"https:\/\/paragaleriedetalborjt.com\/?s={search_term_string}"},"query-input":{"@type":"PropertyValueSpecification","valueRequired":true,"valueName":"search_term_string"}}],"inLanguage":"en-US"}]}},"brands":[{"id":1824,"name":"PURESSENTIEL","slug":"puressentiel"}],"_links":{"self":[{"href":"https:\/\/paragaleriedetalborjt.com\/en\/wp-json\/wp\/v2\/product\/47137","targetHints":{"allow":["GET"]}}],"collection":[{"href":"https:\/\/paragaleriedetalborjt.com\/en\/wp-json\/wp\/v2\/product"}],"about":[{"href":"https:\/\/paragaleriedetalborjt.com\/en\/wp-json\/wp\/v2\/types\/product"}],"replies":[{"embeddable":true,"href":"https:\/\/paragaleriedetalborjt.com\/en\/wp-json\/wp\/v2\/comments?post=47137"}],"version-history":[{"count":1,"href":"https:\/\/paragaleriedetalborjt.com\/en\/wp-json\/wp\/v2\/product\/47137\/revisions"}],"predecessor-version":[{"id":47139,"href":"https:\/\/paragaleriedetalborjt.com\/en\/wp-json\/wp\/v2\/product\/47137\/revisions\/47139"}],"wp:featuredmedia":[{"embeddable":true,"href":"https:\/\/paragaleriedetalborjt.com\/en\/wp-json\/wp\/v2\/media\/47138"}],"wp:attachment":[{"href":"https:\/\/paragaleriedetalborjt.com\/en\/wp-json\/wp\/v2\/media?parent=47137"}],"wp:term":[{"taxonomy":"pwb-brand","embeddable":true,"href":"https:\/\/paragaleriedetalborjt.com\/en\/wp-json\/wp\/v2\/pwb-brand?post=47137"},{"taxonomy":"product_cat","embeddable":true,"href":"https:\/\/paragaleriedetalborjt.com\/en\/wp-json\/wp\/v2\/product_cat?post=47137"},{"taxonomy":"product_tag","embeddable":true,"href":"https:\/\/paragaleriedetalborjt.com\/en\/wp-json\/wp\/v2\/product_tag?post=47137"}],"curies":[{"name":"wp","href":"https:\/\/api.w.org\/{rel}","templated":true}]}}