{"id":47047,"date":"2026-01-04T00:51:34","date_gmt":"2026-01-03T23:51:34","guid":{"rendered":"https:\/\/paragaleriedetalborjt.com\/?post_type=product&#038;p=47047"},"modified":"2026-01-04T00:51:34","modified_gmt":"2026-01-03T23:51:34","slug":"puressentiel-assainissant-savon-liquide-surgras-250ml","status":"publish","type":"product","link":"https:\/\/paragaleriedetalborjt.com\/en\/boutique\/puressentiel-assainissant-savon-liquide-surgras-250ml\/","title":{"rendered":"Puressentiel assainissant savon liquide surgras 250ml"},"content":{"rendered":"<div aria-labelledby=\"tab-title-description\" class=\"woocommerce-Tabs-panel woocommerce-Tabs-panel--description panel entry-content wc-tab\" id=\"tab-description\" role=\"tabpanel\" style=\"\">\n<h2>Description<\/h2>\n<p>Le <strong>Savon Liquide Surgras Puressentiel<\/strong> nettoie en douceur et prot\u00e8ge intens\u00e9ment les peaux de toute la famille des impuret\u00e9s et des germes. Il s\u2019utilise pour nettoyer les mains fr\u00e9quemment, et sur le visage et le corps quotidiennement. Il restaure le film hydrolipidique et <strong>apaise les sensations de tiraillements<\/strong>. Il convient aux peaux <strong>s\u00e8ches, sensibles et r\u00e9actives<\/strong>, car il nourrit et a un effet ultra-apaisant. Ce savon laisse la peau saine et d\u00e9licatement parfum\u00e9e, et respecte l\u2019\u00e9quilibre physiologique de la peau. Formule<strong> 98,4% d\u2019origine naturelle<\/strong> aux Huiles Essentielles BIO de Citron, Lavandin et Tea tree.<\/p>\n<p>Ce savon surgras est sans alcool, sans conservateur, sans ph\u00e9noxyethanol,\u00a0sans paraben et sans parfum de synth\u00e8se. Il a \u00e9t\u00e9 test\u00e9 avec une tol\u00e9rance optimale sous contr\u00f4le dermatologique. Il est non com\u00e9dog\u00e8ne et v\u00e9gan.<\/p>\n<\/div>","protected":false},"excerpt":{"rendered":"<p>Highlights:\u2022 ANTI-D\u00c9MANGEAISONS : une efficacit\u00e9 reconnue par des dermatologues du Forum Europ\u00e9en de Dermatologie dans la prise en charge de l\u2019ecz\u00e9ma atopique (cat\u00e9gorie \u00ab\u00a0Emollient PLUS**).\u2022 RELIPIDANT : soulage les peaux tr\u00e8s s\u00e8ches sujettes \u00e0 l\u2019ecz\u00e9ma atopique et aux d\u00e9mangeaisons.\u2022 APAISANT gr\u00e2ce \u00e0 l\u2019Eau thermale d\u2019Av\u00e8ne.<\/p>","protected":false},"featured_media":47048,"comment_status":"open","ping_status":"closed","template":"","meta":[],"pwb-brand":[1824],"product_cat":[16],"product_tag":[],"class_list":{"0":"post-47047","1":"product","2":"type-product","3":"status-publish","4":"has-post-thumbnail","6":"pwb-brand-puressentiel","7":"product_cat-non-classe","8":"pa_brands-puressentiel","10":"first","11":"instock","12":"sale","13":"shipping-taxable","14":"purchasable","15":"product-type-simple"},"yoast_head":"<!-- This site is optimized with the Yoast SEO plugin v27.5 - https:\/\/yoast.com\/product\/yoast-seo-wordpress\/ -->\n<title>Puressentiel assainissant savon liquide surgras 250ml - paragaleriedetalborjt<\/title>\n<meta name=\"robots\" content=\"index, follow, max-snippet:-1, max-image-preview:large, max-video-preview:-1\" \/>\n<link rel=\"canonical\" href=\"https:\/\/paragaleriedetalborjt.com\/en\/boutique\/puressentiel-assainissant-savon-liquide-surgras-250ml\/\" \/>\n<meta property=\"og:locale\" content=\"en_US\" \/>\n<meta property=\"og:type\" content=\"article\" \/>\n<meta property=\"og:title\" content=\"Puressentiel assainissant savon liquide surgras 250ml - paragaleriedetalborjt\" \/>\n<meta property=\"og:description\" content=\"Highlights:\u2022 ANTI-D\u00c9MANGEAISONS : une efficacit\u00e9 reconnue par des dermatologues du Forum Europ\u00e9en de Dermatologie dans la prise en charge de l\u2019ecz\u00e9ma atopique (cat\u00e9gorie \u00ab\u00a0Emollient PLUS**).\u2022 RELIPIDANT : soulage les peaux tr\u00e8s s\u00e8ches sujettes \u00e0 l\u2019ecz\u00e9ma atopique et aux d\u00e9mangeaisons.\u2022 APAISANT gr\u00e2ce \u00e0 l\u2019Eau thermale d\u2019Av\u00e8ne.\" \/>\n<meta property=\"og:url\" content=\"https:\/\/paragaleriedetalborjt.com\/en\/boutique\/puressentiel-assainissant-savon-liquide-surgras-250ml\/\" \/>\n<meta property=\"og:site_name\" content=\"paragaleriedetalborjt\" \/>\n<meta property=\"og:image\" content=\"https:\/\/paragaleriedetalborjt.com\/wp-content\/uploads\/2026\/01\/Puress-assainissant-savon-liquide-surgras-250ml-1.jpg\" \/>\n\t<meta property=\"og:image:width\" content=\"595\" \/>\n\t<meta property=\"og:image:height\" content=\"655\" \/>\n\t<meta property=\"og:image:type\" content=\"image\/jpeg\" \/>\n<meta name=\"twitter:card\" content=\"summary_large_image\" \/>\n<meta name=\"twitter:label1\" content=\"Est. reading time\" \/>\n\t<meta name=\"twitter:data1\" content=\"1 minute\" \/>\n<script type=\"application\/ld+json\" class=\"yoast-schema-graph\">{\"@context\":\"https:\\\/\\\/schema.org\",\"@graph\":[{\"@type\":\"WebPage\",\"@id\":\"https:\\\/\\\/paragaleriedetalborjt.com\\\/boutique\\\/puressentiel-assainissant-savon-liquide-surgras-250ml\\\/\",\"url\":\"https:\\\/\\\/paragaleriedetalborjt.com\\\/boutique\\\/puressentiel-assainissant-savon-liquide-surgras-250ml\\\/\",\"name\":\"Puressentiel assainissant savon liquide surgras 250ml - paragaleriedetalborjt\",\"isPartOf\":{\"@id\":\"https:\\\/\\\/paragaleriedetalborjt.com\\\/#website\"},\"primaryImageOfPage\":{\"@id\":\"https:\\\/\\\/paragaleriedetalborjt.com\\\/boutique\\\/puressentiel-assainissant-savon-liquide-surgras-250ml\\\/#primaryimage\"},\"image\":{\"@id\":\"https:\\\/\\\/paragaleriedetalborjt.com\\\/boutique\\\/puressentiel-assainissant-savon-liquide-surgras-250ml\\\/#primaryimage\"},\"thumbnailUrl\":\"https:\\\/\\\/paragaleriedetalborjt.com\\\/wp-content\\\/uploads\\\/2026\\\/01\\\/Puress-assainissant-savon-liquide-surgras-250ml-1.jpg\",\"datePublished\":\"2026-01-03T23:51:34+00:00\",\"breadcrumb\":{\"@id\":\"https:\\\/\\\/paragaleriedetalborjt.com\\\/boutique\\\/puressentiel-assainissant-savon-liquide-surgras-250ml\\\/#breadcrumb\"},\"inLanguage\":\"en-US\",\"potentialAction\":[{\"@type\":\"ReadAction\",\"target\":[\"https:\\\/\\\/paragaleriedetalborjt.com\\\/boutique\\\/puressentiel-assainissant-savon-liquide-surgras-250ml\\\/\"]}]},{\"@type\":\"ImageObject\",\"inLanguage\":\"en-US\",\"@id\":\"https:\\\/\\\/paragaleriedetalborjt.com\\\/boutique\\\/puressentiel-assainissant-savon-liquide-surgras-250ml\\\/#primaryimage\",\"url\":\"https:\\\/\\\/paragaleriedetalborjt.com\\\/wp-content\\\/uploads\\\/2026\\\/01\\\/Puress-assainissant-savon-liquide-surgras-250ml-1.jpg\",\"contentUrl\":\"https:\\\/\\\/paragaleriedetalborjt.com\\\/wp-content\\\/uploads\\\/2026\\\/01\\\/Puress-assainissant-savon-liquide-surgras-250ml-1.jpg\",\"width\":595,\"height\":655},{\"@type\":\"BreadcrumbList\",\"@id\":\"https:\\\/\\\/paragaleriedetalborjt.com\\\/boutique\\\/puressentiel-assainissant-savon-liquide-surgras-250ml\\\/#breadcrumb\",\"itemListElement\":[{\"@type\":\"ListItem\",\"position\":1,\"name\":\"Accueil\",\"item\":\"https:\\\/\\\/paragaleriedetalborjt.com\\\/\"},{\"@type\":\"ListItem\",\"position\":2,\"name\":\"Boutique\",\"item\":\"https:\\\/\\\/paragaleriedetalborjt.com\\\/boutique\\\/\"},{\"@type\":\"ListItem\",\"position\":3,\"name\":\"Puressentiel assainissant savon liquide surgras 250ml\"}]},{\"@type\":\"WebSite\",\"@id\":\"https:\\\/\\\/paragaleriedetalborjt.com\\\/#website\",\"url\":\"https:\\\/\\\/paragaleriedetalborjt.com\\\/\",\"name\":\"paragaleriedetalborjt\",\"description\":\"\",\"potentialAction\":[{\"@type\":\"SearchAction\",\"target\":{\"@type\":\"EntryPoint\",\"urlTemplate\":\"https:\\\/\\\/paragaleriedetalborjt.com\\\/?s={search_term_string}\"},\"query-input\":{\"@type\":\"PropertyValueSpecification\",\"valueRequired\":true,\"valueName\":\"search_term_string\"}}],\"inLanguage\":\"en-US\"}]}<\/script>\n<!-- \/ Yoast SEO plugin. -->","yoast_head_json":{"title":"Puressentiel assainissant savon liquide surgras 250ml - paragaleriedetalborjt","robots":{"index":"index","follow":"follow","max-snippet":"max-snippet:-1","max-image-preview":"max-image-preview:large","max-video-preview":"max-video-preview:-1"},"canonical":"https:\/\/paragaleriedetalborjt.com\/en\/boutique\/puressentiel-assainissant-savon-liquide-surgras-250ml\/","og_locale":"en_US","og_type":"article","og_title":"Puressentiel assainissant savon liquide surgras 250ml - paragaleriedetalborjt","og_description":"Highlights:\u2022 ANTI-D\u00c9MANGEAISONS : une efficacit\u00e9 reconnue par des dermatologues du Forum Europ\u00e9en de Dermatologie dans la prise en charge de l\u2019ecz\u00e9ma atopique (cat\u00e9gorie \u00ab\u00a0Emollient PLUS**).\u2022 RELIPIDANT : soulage les peaux tr\u00e8s s\u00e8ches sujettes \u00e0 l\u2019ecz\u00e9ma atopique et aux d\u00e9mangeaisons.\u2022 APAISANT gr\u00e2ce \u00e0 l\u2019Eau thermale d\u2019Av\u00e8ne.","og_url":"https:\/\/paragaleriedetalborjt.com\/en\/boutique\/puressentiel-assainissant-savon-liquide-surgras-250ml\/","og_site_name":"paragaleriedetalborjt","og_image":[{"width":595,"height":655,"url":"https:\/\/paragaleriedetalborjt.com\/wp-content\/uploads\/2026\/01\/Puress-assainissant-savon-liquide-surgras-250ml-1.jpg","type":"image\/jpeg"}],"twitter_card":"summary_large_image","twitter_misc":{"Est. reading time":"1 minute"},"schema":{"@context":"https:\/\/schema.org","@graph":[{"@type":"WebPage","@id":"https:\/\/paragaleriedetalborjt.com\/boutique\/puressentiel-assainissant-savon-liquide-surgras-250ml\/","url":"https:\/\/paragaleriedetalborjt.com\/boutique\/puressentiel-assainissant-savon-liquide-surgras-250ml\/","name":"Puressentiel assainissant savon liquide surgras 250ml - paragaleriedetalborjt","isPartOf":{"@id":"https:\/\/paragaleriedetalborjt.com\/#website"},"primaryImageOfPage":{"@id":"https:\/\/paragaleriedetalborjt.com\/boutique\/puressentiel-assainissant-savon-liquide-surgras-250ml\/#primaryimage"},"image":{"@id":"https:\/\/paragaleriedetalborjt.com\/boutique\/puressentiel-assainissant-savon-liquide-surgras-250ml\/#primaryimage"},"thumbnailUrl":"https:\/\/paragaleriedetalborjt.com\/wp-content\/uploads\/2026\/01\/Puress-assainissant-savon-liquide-surgras-250ml-1.jpg","datePublished":"2026-01-03T23:51:34+00:00","breadcrumb":{"@id":"https:\/\/paragaleriedetalborjt.com\/boutique\/puressentiel-assainissant-savon-liquide-surgras-250ml\/#breadcrumb"},"inLanguage":"en-US","potentialAction":[{"@type":"ReadAction","target":["https:\/\/paragaleriedetalborjt.com\/boutique\/puressentiel-assainissant-savon-liquide-surgras-250ml\/"]}]},{"@type":"ImageObject","inLanguage":"en-US","@id":"https:\/\/paragaleriedetalborjt.com\/boutique\/puressentiel-assainissant-savon-liquide-surgras-250ml\/#primaryimage","url":"https:\/\/paragaleriedetalborjt.com\/wp-content\/uploads\/2026\/01\/Puress-assainissant-savon-liquide-surgras-250ml-1.jpg","contentUrl":"https:\/\/paragaleriedetalborjt.com\/wp-content\/uploads\/2026\/01\/Puress-assainissant-savon-liquide-surgras-250ml-1.jpg","width":595,"height":655},{"@type":"BreadcrumbList","@id":"https:\/\/paragaleriedetalborjt.com\/boutique\/puressentiel-assainissant-savon-liquide-surgras-250ml\/#breadcrumb","itemListElement":[{"@type":"ListItem","position":1,"name":"Accueil","item":"https:\/\/paragaleriedetalborjt.com\/"},{"@type":"ListItem","position":2,"name":"Boutique","item":"https:\/\/paragaleriedetalborjt.com\/boutique\/"},{"@type":"ListItem","position":3,"name":"Puressentiel assainissant savon liquide surgras 250ml"}]},{"@type":"WebSite","@id":"https:\/\/paragaleriedetalborjt.com\/#website","url":"https:\/\/paragaleriedetalborjt.com\/","name":"paragaleriedetalborjt","description":"","potentialAction":[{"@type":"SearchAction","target":{"@type":"EntryPoint","urlTemplate":"https:\/\/paragaleriedetalborjt.com\/?s={search_term_string}"},"query-input":{"@type":"PropertyValueSpecification","valueRequired":true,"valueName":"search_term_string"}}],"inLanguage":"en-US"}]}},"brands":[{"id":1824,"name":"PURESSENTIEL","slug":"puressentiel"}],"_links":{"self":[{"href":"https:\/\/paragaleriedetalborjt.com\/en\/wp-json\/wp\/v2\/product\/47047","targetHints":{"allow":["GET"]}}],"collection":[{"href":"https:\/\/paragaleriedetalborjt.com\/en\/wp-json\/wp\/v2\/product"}],"about":[{"href":"https:\/\/paragaleriedetalborjt.com\/en\/wp-json\/wp\/v2\/types\/product"}],"replies":[{"embeddable":true,"href":"https:\/\/paragaleriedetalborjt.com\/en\/wp-json\/wp\/v2\/comments?post=47047"}],"version-history":[{"count":1,"href":"https:\/\/paragaleriedetalborjt.com\/en\/wp-json\/wp\/v2\/product\/47047\/revisions"}],"predecessor-version":[{"id":47049,"href":"https:\/\/paragaleriedetalborjt.com\/en\/wp-json\/wp\/v2\/product\/47047\/revisions\/47049"}],"wp:featuredmedia":[{"embeddable":true,"href":"https:\/\/paragaleriedetalborjt.com\/en\/wp-json\/wp\/v2\/media\/47048"}],"wp:attachment":[{"href":"https:\/\/paragaleriedetalborjt.com\/en\/wp-json\/wp\/v2\/media?parent=47047"}],"wp:term":[{"taxonomy":"pwb-brand","embeddable":true,"href":"https:\/\/paragaleriedetalborjt.com\/en\/wp-json\/wp\/v2\/pwb-brand?post=47047"},{"taxonomy":"product_cat","embeddable":true,"href":"https:\/\/paragaleriedetalborjt.com\/en\/wp-json\/wp\/v2\/product_cat?post=47047"},{"taxonomy":"product_tag","embeddable":true,"href":"https:\/\/paragaleriedetalborjt.com\/en\/wp-json\/wp\/v2\/product_tag?post=47047"}],"curies":[{"name":"wp","href":"https:\/\/api.w.org\/{rel}","templated":true}]}}