{"id":46924,"date":"2026-01-04T00:45:16","date_gmt":"2026-01-03T23:45:16","guid":{"rendered":"https:\/\/paragaleriedetalborjt.com\/?post_type=product&#038;p=46924"},"modified":"2026-01-04T00:45:16","modified_gmt":"2026-01-03T23:45:16","slug":"puressentiel-anti-pique-roller-repulsif-bebe-30ml","status":"publish","type":"product","link":"https:\/\/paragaleriedetalborjt.com\/en\/boutique\/puressentiel-anti-pique-roller-repulsif-bebe-30ml\/","title":{"rendered":"puressentiel Anti-Pique Roller Repulsif Bebe 30ml"},"content":{"rendered":"<div aria-labelledby=\"tab-title-description\" class=\"woocommerce-Tabs-panel woocommerce-Tabs-panel--description panel entry-content wc-tab\" id=\"tab-description\" role=\"tabpanel\" style=\"\">\n<h2>Description<\/h2>\n<p>Il offre une protection efficace\u00b2 contre les moustiques dont le moustique tigre et autres insectes piqueurs comme les phl\u00e9botomes et les tiques.<\/p>\n<p>Gr\u00e2ce \u00e0 son actif puissant 100% d\u2019origine v\u00e9g\u00e9tale d\u00e9riv\u00e9 de l\u2019huile essentielle d\u2019Eucalyptus citronn\u00e9, le roller r\u00e9pulsif b\u00e9b\u00e9 est sans insectifuge neurotoxique, sans conservateur et sans parfum de synth\u00e8se.<\/p>\n<p>Test\u00e9 sous contr\u00f4le p\u00e9diatrique et dermatologique, il convient\u00a0<strong>aux peaux sensibles et aux femmes enceintes et allaitant.<\/strong><\/p>\n<p>Son format compact et sa bille pratique permettent une application facile et pr\u00e9cise.<\/p>\n<p><small>\u00b2Efficacit\u00e9 test\u00e9e en laboratoire: jusqu\u2019\u00e0 7h sur Aedes aegypti, jusqu\u2019\u00e0 6h30 sur Aedes albopictus, jusqu\u2019\u00e0 6h sur Anopheles gambiae et Culex pipiens ; jusqu\u2019\u00e0 5h30 sur les Phl\u00e9botomes et jusqu\u2019\u00e0 4h30 sur les tiques.<\/small><\/p>\n<p><small>*En conformit\u00e9 avec les r\u00e9glementations en vigueur, seuls ont \u00e9t\u00e9 r\u00e9alis\u00e9s des tests d\u2019efficacit\u00e9 sur invert\u00e9br\u00e9s (puces et punaises de lits, mites de v\u00eatements, poux, acariens, etc.) ou de d\u00e9monstration de non toxicit\u00e9 environnementale sur\u00a0<em>Danio rerio<\/em>.<\/small><\/p>\n<div id=\"gtx-trans\" style=\"position: absolute;left: -109px;top: -14px\">\n<div class=\"gtx-trans-icon\"><\/div>\n<\/div>\n<\/div>","protected":false},"excerpt":{"rendered":"<p>Highlights:LeRoller R\u00e9pulsif B\u00e9b\u00e9 Anti-Pique est un anti-moustique con\u00e7u sp\u00e9cialement pour les tout petits \u00e0 partir de 6 mois.<\/p>","protected":false},"featured_media":46925,"comment_status":"open","ping_status":"closed","template":"","meta":[],"pwb-brand":[1824],"product_cat":[16],"product_tag":[],"class_list":{"0":"post-46924","1":"product","2":"type-product","3":"status-publish","4":"has-post-thumbnail","6":"pwb-brand-puressentiel","7":"product_cat-non-classe","8":"pa_brands-puressentiel","10":"first","11":"instock","12":"sale","13":"shipping-taxable","14":"purchasable","15":"product-type-simple"},"yoast_head":"<!-- This site is optimized with the Yoast SEO plugin v27.5 - https:\/\/yoast.com\/product\/yoast-seo-wordpress\/ -->\n<title>puressentiel Anti-Pique Roller Repulsif Bebe 30ml - paragaleriedetalborjt<\/title>\n<meta name=\"robots\" content=\"index, follow, max-snippet:-1, max-image-preview:large, max-video-preview:-1\" \/>\n<link rel=\"canonical\" href=\"https:\/\/paragaleriedetalborjt.com\/en\/boutique\/puressentiel-anti-pique-roller-repulsif-bebe-30ml\/\" \/>\n<meta property=\"og:locale\" content=\"en_US\" \/>\n<meta property=\"og:type\" content=\"article\" \/>\n<meta property=\"og:title\" content=\"puressentiel Anti-Pique Roller Repulsif Bebe 30ml - paragaleriedetalborjt\" \/>\n<meta property=\"og:description\" content=\"Highlights:LeRoller R\u00e9pulsif B\u00e9b\u00e9 Anti-Pique est un anti-moustique con\u00e7u sp\u00e9cialement pour les tout petits \u00e0 partir de 6 mois.\" \/>\n<meta property=\"og:url\" content=\"https:\/\/paragaleriedetalborjt.com\/en\/boutique\/puressentiel-anti-pique-roller-repulsif-bebe-30ml\/\" \/>\n<meta property=\"og:site_name\" content=\"paragaleriedetalborjt\" \/>\n<meta property=\"og:image\" content=\"https:\/\/paragaleriedetalborjt.com\/wp-content\/uploads\/2026\/01\/Puress-Anti-pique-roller-repulsif-bebe-30ml.jpg\" \/>\n\t<meta property=\"og:image:width\" content=\"595\" \/>\n\t<meta property=\"og:image:height\" content=\"656\" \/>\n\t<meta property=\"og:image:type\" content=\"image\/jpeg\" \/>\n<meta name=\"twitter:card\" content=\"summary_large_image\" \/>\n<meta name=\"twitter:label1\" content=\"Est. reading time\" \/>\n\t<meta name=\"twitter:data1\" content=\"1 minute\" \/>\n<script type=\"application\/ld+json\" class=\"yoast-schema-graph\">{\"@context\":\"https:\\\/\\\/schema.org\",\"@graph\":[{\"@type\":\"WebPage\",\"@id\":\"https:\\\/\\\/paragaleriedetalborjt.com\\\/boutique\\\/puressentiel-anti-pique-roller-repulsif-bebe-30ml\\\/\",\"url\":\"https:\\\/\\\/paragaleriedetalborjt.com\\\/boutique\\\/puressentiel-anti-pique-roller-repulsif-bebe-30ml\\\/\",\"name\":\"puressentiel Anti-Pique Roller Repulsif Bebe 30ml - paragaleriedetalborjt\",\"isPartOf\":{\"@id\":\"https:\\\/\\\/paragaleriedetalborjt.com\\\/#website\"},\"primaryImageOfPage\":{\"@id\":\"https:\\\/\\\/paragaleriedetalborjt.com\\\/boutique\\\/puressentiel-anti-pique-roller-repulsif-bebe-30ml\\\/#primaryimage\"},\"image\":{\"@id\":\"https:\\\/\\\/paragaleriedetalborjt.com\\\/boutique\\\/puressentiel-anti-pique-roller-repulsif-bebe-30ml\\\/#primaryimage\"},\"thumbnailUrl\":\"https:\\\/\\\/paragaleriedetalborjt.com\\\/wp-content\\\/uploads\\\/2026\\\/01\\\/Puress-Anti-pique-roller-repulsif-bebe-30ml.jpg\",\"datePublished\":\"2026-01-03T23:45:16+00:00\",\"breadcrumb\":{\"@id\":\"https:\\\/\\\/paragaleriedetalborjt.com\\\/boutique\\\/puressentiel-anti-pique-roller-repulsif-bebe-30ml\\\/#breadcrumb\"},\"inLanguage\":\"en-US\",\"potentialAction\":[{\"@type\":\"ReadAction\",\"target\":[\"https:\\\/\\\/paragaleriedetalborjt.com\\\/boutique\\\/puressentiel-anti-pique-roller-repulsif-bebe-30ml\\\/\"]}]},{\"@type\":\"ImageObject\",\"inLanguage\":\"en-US\",\"@id\":\"https:\\\/\\\/paragaleriedetalborjt.com\\\/boutique\\\/puressentiel-anti-pique-roller-repulsif-bebe-30ml\\\/#primaryimage\",\"url\":\"https:\\\/\\\/paragaleriedetalborjt.com\\\/wp-content\\\/uploads\\\/2026\\\/01\\\/Puress-Anti-pique-roller-repulsif-bebe-30ml.jpg\",\"contentUrl\":\"https:\\\/\\\/paragaleriedetalborjt.com\\\/wp-content\\\/uploads\\\/2026\\\/01\\\/Puress-Anti-pique-roller-repulsif-bebe-30ml.jpg\",\"width\":595,\"height\":656},{\"@type\":\"BreadcrumbList\",\"@id\":\"https:\\\/\\\/paragaleriedetalborjt.com\\\/boutique\\\/puressentiel-anti-pique-roller-repulsif-bebe-30ml\\\/#breadcrumb\",\"itemListElement\":[{\"@type\":\"ListItem\",\"position\":1,\"name\":\"Accueil\",\"item\":\"https:\\\/\\\/paragaleriedetalborjt.com\\\/\"},{\"@type\":\"ListItem\",\"position\":2,\"name\":\"Boutique\",\"item\":\"https:\\\/\\\/paragaleriedetalborjt.com\\\/boutique\\\/\"},{\"@type\":\"ListItem\",\"position\":3,\"name\":\"puressentiel Anti-Pique Roller Repulsif Bebe 30ml\"}]},{\"@type\":\"WebSite\",\"@id\":\"https:\\\/\\\/paragaleriedetalborjt.com\\\/#website\",\"url\":\"https:\\\/\\\/paragaleriedetalborjt.com\\\/\",\"name\":\"paragaleriedetalborjt\",\"description\":\"\",\"potentialAction\":[{\"@type\":\"SearchAction\",\"target\":{\"@type\":\"EntryPoint\",\"urlTemplate\":\"https:\\\/\\\/paragaleriedetalborjt.com\\\/?s={search_term_string}\"},\"query-input\":{\"@type\":\"PropertyValueSpecification\",\"valueRequired\":true,\"valueName\":\"search_term_string\"}}],\"inLanguage\":\"en-US\"}]}<\/script>\n<!-- \/ Yoast SEO plugin. -->","yoast_head_json":{"title":"puressentiel Anti-Pique Roller Repulsif Bebe 30ml - paragaleriedetalborjt","robots":{"index":"index","follow":"follow","max-snippet":"max-snippet:-1","max-image-preview":"max-image-preview:large","max-video-preview":"max-video-preview:-1"},"canonical":"https:\/\/paragaleriedetalborjt.com\/en\/boutique\/puressentiel-anti-pique-roller-repulsif-bebe-30ml\/","og_locale":"en_US","og_type":"article","og_title":"puressentiel Anti-Pique Roller Repulsif Bebe 30ml - paragaleriedetalborjt","og_description":"Highlights:LeRoller R\u00e9pulsif B\u00e9b\u00e9 Anti-Pique est un anti-moustique con\u00e7u sp\u00e9cialement pour les tout petits \u00e0 partir de 6 mois.","og_url":"https:\/\/paragaleriedetalborjt.com\/en\/boutique\/puressentiel-anti-pique-roller-repulsif-bebe-30ml\/","og_site_name":"paragaleriedetalborjt","og_image":[{"width":595,"height":656,"url":"https:\/\/paragaleriedetalborjt.com\/wp-content\/uploads\/2026\/01\/Puress-Anti-pique-roller-repulsif-bebe-30ml.jpg","type":"image\/jpeg"}],"twitter_card":"summary_large_image","twitter_misc":{"Est. reading time":"1 minute"},"schema":{"@context":"https:\/\/schema.org","@graph":[{"@type":"WebPage","@id":"https:\/\/paragaleriedetalborjt.com\/boutique\/puressentiel-anti-pique-roller-repulsif-bebe-30ml\/","url":"https:\/\/paragaleriedetalborjt.com\/boutique\/puressentiel-anti-pique-roller-repulsif-bebe-30ml\/","name":"puressentiel Anti-Pique Roller Repulsif Bebe 30ml - paragaleriedetalborjt","isPartOf":{"@id":"https:\/\/paragaleriedetalborjt.com\/#website"},"primaryImageOfPage":{"@id":"https:\/\/paragaleriedetalborjt.com\/boutique\/puressentiel-anti-pique-roller-repulsif-bebe-30ml\/#primaryimage"},"image":{"@id":"https:\/\/paragaleriedetalborjt.com\/boutique\/puressentiel-anti-pique-roller-repulsif-bebe-30ml\/#primaryimage"},"thumbnailUrl":"https:\/\/paragaleriedetalborjt.com\/wp-content\/uploads\/2026\/01\/Puress-Anti-pique-roller-repulsif-bebe-30ml.jpg","datePublished":"2026-01-03T23:45:16+00:00","breadcrumb":{"@id":"https:\/\/paragaleriedetalborjt.com\/boutique\/puressentiel-anti-pique-roller-repulsif-bebe-30ml\/#breadcrumb"},"inLanguage":"en-US","potentialAction":[{"@type":"ReadAction","target":["https:\/\/paragaleriedetalborjt.com\/boutique\/puressentiel-anti-pique-roller-repulsif-bebe-30ml\/"]}]},{"@type":"ImageObject","inLanguage":"en-US","@id":"https:\/\/paragaleriedetalborjt.com\/boutique\/puressentiel-anti-pique-roller-repulsif-bebe-30ml\/#primaryimage","url":"https:\/\/paragaleriedetalborjt.com\/wp-content\/uploads\/2026\/01\/Puress-Anti-pique-roller-repulsif-bebe-30ml.jpg","contentUrl":"https:\/\/paragaleriedetalborjt.com\/wp-content\/uploads\/2026\/01\/Puress-Anti-pique-roller-repulsif-bebe-30ml.jpg","width":595,"height":656},{"@type":"BreadcrumbList","@id":"https:\/\/paragaleriedetalborjt.com\/boutique\/puressentiel-anti-pique-roller-repulsif-bebe-30ml\/#breadcrumb","itemListElement":[{"@type":"ListItem","position":1,"name":"Accueil","item":"https:\/\/paragaleriedetalborjt.com\/"},{"@type":"ListItem","position":2,"name":"Boutique","item":"https:\/\/paragaleriedetalborjt.com\/boutique\/"},{"@type":"ListItem","position":3,"name":"puressentiel Anti-Pique Roller Repulsif Bebe 30ml"}]},{"@type":"WebSite","@id":"https:\/\/paragaleriedetalborjt.com\/#website","url":"https:\/\/paragaleriedetalborjt.com\/","name":"paragaleriedetalborjt","description":"","potentialAction":[{"@type":"SearchAction","target":{"@type":"EntryPoint","urlTemplate":"https:\/\/paragaleriedetalborjt.com\/?s={search_term_string}"},"query-input":{"@type":"PropertyValueSpecification","valueRequired":true,"valueName":"search_term_string"}}],"inLanguage":"en-US"}]}},"brands":[{"id":1824,"name":"PURESSENTIEL","slug":"puressentiel"}],"_links":{"self":[{"href":"https:\/\/paragaleriedetalborjt.com\/en\/wp-json\/wp\/v2\/product\/46924","targetHints":{"allow":["GET"]}}],"collection":[{"href":"https:\/\/paragaleriedetalborjt.com\/en\/wp-json\/wp\/v2\/product"}],"about":[{"href":"https:\/\/paragaleriedetalborjt.com\/en\/wp-json\/wp\/v2\/types\/product"}],"replies":[{"embeddable":true,"href":"https:\/\/paragaleriedetalborjt.com\/en\/wp-json\/wp\/v2\/comments?post=46924"}],"version-history":[{"count":1,"href":"https:\/\/paragaleriedetalborjt.com\/en\/wp-json\/wp\/v2\/product\/46924\/revisions"}],"predecessor-version":[{"id":46926,"href":"https:\/\/paragaleriedetalborjt.com\/en\/wp-json\/wp\/v2\/product\/46924\/revisions\/46926"}],"wp:featuredmedia":[{"embeddable":true,"href":"https:\/\/paragaleriedetalborjt.com\/en\/wp-json\/wp\/v2\/media\/46925"}],"wp:attachment":[{"href":"https:\/\/paragaleriedetalborjt.com\/en\/wp-json\/wp\/v2\/media?parent=46924"}],"wp:term":[{"taxonomy":"pwb-brand","embeddable":true,"href":"https:\/\/paragaleriedetalborjt.com\/en\/wp-json\/wp\/v2\/pwb-brand?post=46924"},{"taxonomy":"product_cat","embeddable":true,"href":"https:\/\/paragaleriedetalborjt.com\/en\/wp-json\/wp\/v2\/product_cat?post=46924"},{"taxonomy":"product_tag","embeddable":true,"href":"https:\/\/paragaleriedetalborjt.com\/en\/wp-json\/wp\/v2\/product_tag?post=46924"}],"curies":[{"name":"wp","href":"https:\/\/api.w.org\/{rel}","templated":true}]}}