{"id":46921,"date":"2026-01-04T00:45:06","date_gmt":"2026-01-03T23:45:06","guid":{"rendered":"https:\/\/paragaleriedetalborjt.com\/?post_type=product&#038;p=46921"},"modified":"2026-01-04T00:45:07","modified_gmt":"2026-01-03T23:45:07","slug":"puressentiel-anti-pique-roller-repulsif-visage-corps-50ml","status":"publish","type":"product","link":"https:\/\/paragaleriedetalborjt.com\/en\/boutique\/puressentiel-anti-pique-roller-repulsif-visage-corps-50ml\/","title":{"rendered":"Puressentiel Anti-Pique Roller repulsif visage &#038; corps 50ml"},"content":{"rendered":"<div aria-labelledby=\"tab-title-description\" class=\"woocommerce-Tabs-panel woocommerce-Tabs-panel--description panel entry-content wc-tab\" id=\"tab-description\" role=\"tabpanel\" style=\"\">\n<h2>Description<\/h2>\n<p>\u00a0<\/p>\n<p>Sa formule lact\u00e9e est compos\u00e9e d\u2019huiles essentielles bio et d\u2019un puissant actif d\u2019origine v\u00e9g\u00e9tale d\u00e9riv\u00e9 de l\u2019huile essentielle d\u2019eucalyptus citronn\u00e9. Cet anti moustique est sans insectifuge neurotoxique, sans conservateur et sans parfum de synth\u00e8se. Test\u00e9 sous contr\u00f4le dermatologique, le roller r\u00e9pulsif visage &amp; corps convient aux peaux sensibles et hydrate jusqu\u2019\u00e0 6 heures\u00b2.<\/p>\n<p>Gr\u00e2ce \u00e0 son format pratique et compact, il permet une application facile et pr\u00e9cise sur toutes les zones d\u00e9couvertes (visage, cou, chevilles\u2026). Il est id\u00e9al en tout situation.<\/p>\n<div id=\"gtx-trans\" style=\"position: absolute;left: -63px;top: -16.25px\">\n<div class=\"gtx-trans-icon\"><\/div>\n<\/div>\n<\/div>","protected":false},"excerpt":{"rendered":"<p>Highlights:LeRoller R\u00e9pulsif visage &#038; corps Anti-Piqueest efficace jusqu\u2019\u00e0 7h1en zone infest\u00e9e sur les moustiques communs, tigres et tropicaux.<\/p>","protected":false},"featured_media":46922,"comment_status":"open","ping_status":"closed","template":"","meta":[],"pwb-brand":[1824],"product_cat":[16],"product_tag":[],"class_list":{"0":"post-46921","1":"product","2":"type-product","3":"status-publish","4":"has-post-thumbnail","6":"pwb-brand-puressentiel","7":"product_cat-non-classe","8":"pa_brands-puressentiel","10":"first","11":"instock","12":"sale","13":"shipping-taxable","14":"purchasable","15":"product-type-simple"},"yoast_head":"<!-- This site is optimized with the Yoast SEO plugin v27.5 - https:\/\/yoast.com\/product\/yoast-seo-wordpress\/ -->\n<title>Puressentiel Anti-Pique Roller repulsif visage &amp; corps 50ml - paragaleriedetalborjt<\/title>\n<meta name=\"robots\" content=\"index, follow, max-snippet:-1, max-image-preview:large, max-video-preview:-1\" \/>\n<link rel=\"canonical\" href=\"https:\/\/paragaleriedetalborjt.com\/en\/boutique\/puressentiel-anti-pique-roller-repulsif-visage-corps-50ml\/\" \/>\n<meta property=\"og:locale\" content=\"en_US\" \/>\n<meta property=\"og:type\" content=\"article\" \/>\n<meta property=\"og:title\" content=\"Puressentiel Anti-Pique Roller repulsif visage &amp; corps 50ml - paragaleriedetalborjt\" \/>\n<meta property=\"og:description\" content=\"Highlights:LeRoller R\u00e9pulsif visage &amp; corps Anti-Piqueest efficace jusqu\u2019\u00e0 7h1en zone infest\u00e9e sur les moustiques communs, tigres et tropicaux.\" \/>\n<meta property=\"og:url\" content=\"https:\/\/paragaleriedetalborjt.com\/en\/boutique\/puressentiel-anti-pique-roller-repulsif-visage-corps-50ml\/\" \/>\n<meta property=\"og:site_name\" content=\"paragaleriedetalborjt\" \/>\n<meta property=\"article:modified_time\" content=\"2026-01-03T23:45:07+00:00\" \/>\n<meta property=\"og:image\" content=\"https:\/\/paragaleriedetalborjt.com\/wp-content\/uploads\/2026\/01\/Puress-Anti-pique-roller-repulsif-visage-corps-50ml.jpg\" \/>\n\t<meta property=\"og:image:width\" content=\"595\" \/>\n\t<meta property=\"og:image:height\" content=\"656\" \/>\n\t<meta property=\"og:image:type\" content=\"image\/jpeg\" \/>\n<meta name=\"twitter:card\" content=\"summary_large_image\" \/>\n<script type=\"application\/ld+json\" class=\"yoast-schema-graph\">{\"@context\":\"https:\\\/\\\/schema.org\",\"@graph\":[{\"@type\":\"WebPage\",\"@id\":\"https:\\\/\\\/paragaleriedetalborjt.com\\\/boutique\\\/puressentiel-anti-pique-roller-repulsif-visage-corps-50ml\\\/\",\"url\":\"https:\\\/\\\/paragaleriedetalborjt.com\\\/boutique\\\/puressentiel-anti-pique-roller-repulsif-visage-corps-50ml\\\/\",\"name\":\"Puressentiel Anti-Pique Roller repulsif visage & corps 50ml - paragaleriedetalborjt\",\"isPartOf\":{\"@id\":\"https:\\\/\\\/paragaleriedetalborjt.com\\\/#website\"},\"primaryImageOfPage\":{\"@id\":\"https:\\\/\\\/paragaleriedetalborjt.com\\\/boutique\\\/puressentiel-anti-pique-roller-repulsif-visage-corps-50ml\\\/#primaryimage\"},\"image\":{\"@id\":\"https:\\\/\\\/paragaleriedetalborjt.com\\\/boutique\\\/puressentiel-anti-pique-roller-repulsif-visage-corps-50ml\\\/#primaryimage\"},\"thumbnailUrl\":\"https:\\\/\\\/paragaleriedetalborjt.com\\\/wp-content\\\/uploads\\\/2026\\\/01\\\/Puress-Anti-pique-roller-repulsif-visage-corps-50ml.jpg\",\"datePublished\":\"2026-01-03T23:45:06+00:00\",\"dateModified\":\"2026-01-03T23:45:07+00:00\",\"breadcrumb\":{\"@id\":\"https:\\\/\\\/paragaleriedetalborjt.com\\\/boutique\\\/puressentiel-anti-pique-roller-repulsif-visage-corps-50ml\\\/#breadcrumb\"},\"inLanguage\":\"en-US\",\"potentialAction\":[{\"@type\":\"ReadAction\",\"target\":[\"https:\\\/\\\/paragaleriedetalborjt.com\\\/boutique\\\/puressentiel-anti-pique-roller-repulsif-visage-corps-50ml\\\/\"]}]},{\"@type\":\"ImageObject\",\"inLanguage\":\"en-US\",\"@id\":\"https:\\\/\\\/paragaleriedetalborjt.com\\\/boutique\\\/puressentiel-anti-pique-roller-repulsif-visage-corps-50ml\\\/#primaryimage\",\"url\":\"https:\\\/\\\/paragaleriedetalborjt.com\\\/wp-content\\\/uploads\\\/2026\\\/01\\\/Puress-Anti-pique-roller-repulsif-visage-corps-50ml.jpg\",\"contentUrl\":\"https:\\\/\\\/paragaleriedetalborjt.com\\\/wp-content\\\/uploads\\\/2026\\\/01\\\/Puress-Anti-pique-roller-repulsif-visage-corps-50ml.jpg\",\"width\":595,\"height\":656},{\"@type\":\"BreadcrumbList\",\"@id\":\"https:\\\/\\\/paragaleriedetalborjt.com\\\/boutique\\\/puressentiel-anti-pique-roller-repulsif-visage-corps-50ml\\\/#breadcrumb\",\"itemListElement\":[{\"@type\":\"ListItem\",\"position\":1,\"name\":\"Accueil\",\"item\":\"https:\\\/\\\/paragaleriedetalborjt.com\\\/\"},{\"@type\":\"ListItem\",\"position\":2,\"name\":\"Boutique\",\"item\":\"https:\\\/\\\/paragaleriedetalborjt.com\\\/boutique\\\/\"},{\"@type\":\"ListItem\",\"position\":3,\"name\":\"Puressentiel Anti-Pique Roller repulsif visage &#038; corps 50ml\"}]},{\"@type\":\"WebSite\",\"@id\":\"https:\\\/\\\/paragaleriedetalborjt.com\\\/#website\",\"url\":\"https:\\\/\\\/paragaleriedetalborjt.com\\\/\",\"name\":\"paragaleriedetalborjt\",\"description\":\"\",\"potentialAction\":[{\"@type\":\"SearchAction\",\"target\":{\"@type\":\"EntryPoint\",\"urlTemplate\":\"https:\\\/\\\/paragaleriedetalborjt.com\\\/?s={search_term_string}\"},\"query-input\":{\"@type\":\"PropertyValueSpecification\",\"valueRequired\":true,\"valueName\":\"search_term_string\"}}],\"inLanguage\":\"en-US\"}]}<\/script>\n<!-- \/ Yoast SEO plugin. -->","yoast_head_json":{"title":"Puressentiel Anti-Pique Roller repulsif visage & corps 50ml - paragaleriedetalborjt","robots":{"index":"index","follow":"follow","max-snippet":"max-snippet:-1","max-image-preview":"max-image-preview:large","max-video-preview":"max-video-preview:-1"},"canonical":"https:\/\/paragaleriedetalborjt.com\/en\/boutique\/puressentiel-anti-pique-roller-repulsif-visage-corps-50ml\/","og_locale":"en_US","og_type":"article","og_title":"Puressentiel Anti-Pique Roller repulsif visage & corps 50ml - paragaleriedetalborjt","og_description":"Highlights:LeRoller R\u00e9pulsif visage & corps Anti-Piqueest efficace jusqu\u2019\u00e0 7h1en zone infest\u00e9e sur les moustiques communs, tigres et tropicaux.","og_url":"https:\/\/paragaleriedetalborjt.com\/en\/boutique\/puressentiel-anti-pique-roller-repulsif-visage-corps-50ml\/","og_site_name":"paragaleriedetalborjt","article_modified_time":"2026-01-03T23:45:07+00:00","og_image":[{"width":595,"height":656,"url":"https:\/\/paragaleriedetalborjt.com\/wp-content\/uploads\/2026\/01\/Puress-Anti-pique-roller-repulsif-visage-corps-50ml.jpg","type":"image\/jpeg"}],"twitter_card":"summary_large_image","schema":{"@context":"https:\/\/schema.org","@graph":[{"@type":"WebPage","@id":"https:\/\/paragaleriedetalborjt.com\/boutique\/puressentiel-anti-pique-roller-repulsif-visage-corps-50ml\/","url":"https:\/\/paragaleriedetalborjt.com\/boutique\/puressentiel-anti-pique-roller-repulsif-visage-corps-50ml\/","name":"Puressentiel Anti-Pique Roller repulsif visage & corps 50ml - paragaleriedetalborjt","isPartOf":{"@id":"https:\/\/paragaleriedetalborjt.com\/#website"},"primaryImageOfPage":{"@id":"https:\/\/paragaleriedetalborjt.com\/boutique\/puressentiel-anti-pique-roller-repulsif-visage-corps-50ml\/#primaryimage"},"image":{"@id":"https:\/\/paragaleriedetalborjt.com\/boutique\/puressentiel-anti-pique-roller-repulsif-visage-corps-50ml\/#primaryimage"},"thumbnailUrl":"https:\/\/paragaleriedetalborjt.com\/wp-content\/uploads\/2026\/01\/Puress-Anti-pique-roller-repulsif-visage-corps-50ml.jpg","datePublished":"2026-01-03T23:45:06+00:00","dateModified":"2026-01-03T23:45:07+00:00","breadcrumb":{"@id":"https:\/\/paragaleriedetalborjt.com\/boutique\/puressentiel-anti-pique-roller-repulsif-visage-corps-50ml\/#breadcrumb"},"inLanguage":"en-US","potentialAction":[{"@type":"ReadAction","target":["https:\/\/paragaleriedetalborjt.com\/boutique\/puressentiel-anti-pique-roller-repulsif-visage-corps-50ml\/"]}]},{"@type":"ImageObject","inLanguage":"en-US","@id":"https:\/\/paragaleriedetalborjt.com\/boutique\/puressentiel-anti-pique-roller-repulsif-visage-corps-50ml\/#primaryimage","url":"https:\/\/paragaleriedetalborjt.com\/wp-content\/uploads\/2026\/01\/Puress-Anti-pique-roller-repulsif-visage-corps-50ml.jpg","contentUrl":"https:\/\/paragaleriedetalborjt.com\/wp-content\/uploads\/2026\/01\/Puress-Anti-pique-roller-repulsif-visage-corps-50ml.jpg","width":595,"height":656},{"@type":"BreadcrumbList","@id":"https:\/\/paragaleriedetalborjt.com\/boutique\/puressentiel-anti-pique-roller-repulsif-visage-corps-50ml\/#breadcrumb","itemListElement":[{"@type":"ListItem","position":1,"name":"Accueil","item":"https:\/\/paragaleriedetalborjt.com\/"},{"@type":"ListItem","position":2,"name":"Boutique","item":"https:\/\/paragaleriedetalborjt.com\/boutique\/"},{"@type":"ListItem","position":3,"name":"Puressentiel Anti-Pique Roller repulsif visage &#038; corps 50ml"}]},{"@type":"WebSite","@id":"https:\/\/paragaleriedetalborjt.com\/#website","url":"https:\/\/paragaleriedetalborjt.com\/","name":"paragaleriedetalborjt","description":"","potentialAction":[{"@type":"SearchAction","target":{"@type":"EntryPoint","urlTemplate":"https:\/\/paragaleriedetalborjt.com\/?s={search_term_string}"},"query-input":{"@type":"PropertyValueSpecification","valueRequired":true,"valueName":"search_term_string"}}],"inLanguage":"en-US"}]}},"brands":[{"id":1824,"name":"PURESSENTIEL","slug":"puressentiel"}],"_links":{"self":[{"href":"https:\/\/paragaleriedetalborjt.com\/en\/wp-json\/wp\/v2\/product\/46921","targetHints":{"allow":["GET"]}}],"collection":[{"href":"https:\/\/paragaleriedetalborjt.com\/en\/wp-json\/wp\/v2\/product"}],"about":[{"href":"https:\/\/paragaleriedetalborjt.com\/en\/wp-json\/wp\/v2\/types\/product"}],"replies":[{"embeddable":true,"href":"https:\/\/paragaleriedetalborjt.com\/en\/wp-json\/wp\/v2\/comments?post=46921"}],"version-history":[{"count":1,"href":"https:\/\/paragaleriedetalborjt.com\/en\/wp-json\/wp\/v2\/product\/46921\/revisions"}],"predecessor-version":[{"id":46923,"href":"https:\/\/paragaleriedetalborjt.com\/en\/wp-json\/wp\/v2\/product\/46921\/revisions\/46923"}],"wp:featuredmedia":[{"embeddable":true,"href":"https:\/\/paragaleriedetalborjt.com\/en\/wp-json\/wp\/v2\/media\/46922"}],"wp:attachment":[{"href":"https:\/\/paragaleriedetalborjt.com\/en\/wp-json\/wp\/v2\/media?parent=46921"}],"wp:term":[{"taxonomy":"pwb-brand","embeddable":true,"href":"https:\/\/paragaleriedetalborjt.com\/en\/wp-json\/wp\/v2\/pwb-brand?post=46921"},{"taxonomy":"product_cat","embeddable":true,"href":"https:\/\/paragaleriedetalborjt.com\/en\/wp-json\/wp\/v2\/product_cat?post=46921"},{"taxonomy":"product_tag","embeddable":true,"href":"https:\/\/paragaleriedetalborjt.com\/en\/wp-json\/wp\/v2\/product_tag?post=46921"}],"curies":[{"name":"wp","href":"https:\/\/api.w.org\/{rel}","templated":true}]}}