{"id":46900,"date":"2026-01-04T00:44:01","date_gmt":"2026-01-03T23:44:01","guid":{"rendered":"https:\/\/paragaleriedetalborjt.com\/?post_type=product&#038;p=46900"},"modified":"2026-01-04T00:44:02","modified_gmt":"2026-01-03T23:44:02","slug":"ducray-diaseptyl-solution-aqueuse-ducray-diaseptyl-spray-125-ml","status":"publish","type":"product","link":"https:\/\/paragaleriedetalborjt.com\/en\/boutique\/ducray-diaseptyl-solution-aqueuse-ducray-diaseptyl-spray-125-ml\/","title":{"rendered":"Ducray \u2013 Diaseptyl solution aqueuse Ducray \u2013 Diaseptyl spray 125 ml"},"content":{"rendered":"<div aria-labelledby=\"tab-title-description\" class=\"woocommerce-Tabs-panel woocommerce-Tabs-panel--description panel entry-content wc-tab\" id=\"tab-description\" role=\"tabpanel\" style=\"\">\n<h2>Description<\/h2>\n<p>\u2022 La solution aqueuse\/spray DIASEPTYL contient du digluconate de chlorhexidine \u00e0 0,2 % qui lui conf\u00e8re des propri\u00e9t\u00e9s assainissantes et purifiantes<\/p>\n<p>\u2022 Cette formule sans rin\u00e7age ne pique pas et permet de nettoyer et d\u2019assainir les peaux fragilis\u00e9es<\/p>\n<p>conseils d\u2019utilisation :<\/p>\n<p>\u2022 Appliquer le produit directement sur les zones concern\u00e9es \u00e0 l\u2019aide d\u2019un tampon de coton<br \/>\n\u2022 Ne pas rincer<br \/>\n\u2022 Eviter le contact avec les yeux<br \/>\n\u2022 Ne pas appliquer sur les muqueuses<\/p>\n<\/div>","protected":false},"excerpt":{"rendered":"<p>Highlights:\u2022 NETTOIE et assainit les peaux fragiles et fragilis\u00e9es\u2022 NE PIQUE PAS les peaux l\u00e9s\u00e9e gr\u00e2ce \u00e0 son action tout en douceur\u2022 S\u2019APPLIQUE sans qu\u2019il soit n\u00e9cessaire de le rincer<\/p>","protected":false},"featured_media":46901,"comment_status":"open","ping_status":"closed","template":"","meta":[],"pwb-brand":[1583],"product_cat":[16],"product_tag":[],"class_list":{"0":"post-46900","1":"product","2":"type-product","3":"status-publish","4":"has-post-thumbnail","6":"pwb-brand-ducray","7":"product_cat-non-classe","8":"pa_brands-ducray","10":"first","11":"instock","12":"sale","13":"shipping-taxable","14":"purchasable","15":"product-type-simple"},"yoast_head":"<!-- This site is optimized with the Yoast SEO plugin v27.5 - https:\/\/yoast.com\/product\/yoast-seo-wordpress\/ -->\n<title>Ducray \u2013 Diaseptyl solution aqueuse Ducray \u2013 Diaseptyl spray 125 ml - paragaleriedetalborjt<\/title>\n<meta name=\"robots\" content=\"index, follow, max-snippet:-1, max-image-preview:large, max-video-preview:-1\" \/>\n<link rel=\"canonical\" href=\"https:\/\/paragaleriedetalborjt.com\/en\/boutique\/ducray-diaseptyl-solution-aqueuse-ducray-diaseptyl-spray-125-ml\/\" \/>\n<meta property=\"og:locale\" content=\"en_US\" \/>\n<meta property=\"og:type\" content=\"article\" \/>\n<meta property=\"og:title\" content=\"Ducray \u2013 Diaseptyl solution aqueuse Ducray \u2013 Diaseptyl spray 125 ml - paragaleriedetalborjt\" \/>\n<meta property=\"og:description\" content=\"Highlights:\u2022 NETTOIE et assainit les peaux fragiles et fragilis\u00e9es\u2022 NE PIQUE PAS les peaux l\u00e9s\u00e9e gr\u00e2ce \u00e0 son action tout en douceur\u2022 S\u2019APPLIQUE sans qu\u2019il soit n\u00e9cessaire de le rincer\" \/>\n<meta property=\"og:url\" content=\"https:\/\/paragaleriedetalborjt.com\/en\/boutique\/ducray-diaseptyl-solution-aqueuse-ducray-diaseptyl-spray-125-ml\/\" \/>\n<meta property=\"og:site_name\" content=\"paragaleriedetalborjt\" \/>\n<meta property=\"article:modified_time\" content=\"2026-01-03T23:44:02+00:00\" \/>\n<meta property=\"og:image\" content=\"https:\/\/paragaleriedetalborjt.com\/wp-content\/uploads\/2026\/01\/3282779392181.jpg\" \/>\n\t<meta property=\"og:image:width\" content=\"595\" \/>\n\t<meta property=\"og:image:height\" content=\"655\" \/>\n\t<meta property=\"og:image:type\" content=\"image\/jpeg\" \/>\n<meta name=\"twitter:card\" content=\"summary_large_image\" \/>\n<script type=\"application\/ld+json\" class=\"yoast-schema-graph\">{\"@context\":\"https:\\\/\\\/schema.org\",\"@graph\":[{\"@type\":\"WebPage\",\"@id\":\"https:\\\/\\\/paragaleriedetalborjt.com\\\/boutique\\\/ducray-diaseptyl-solution-aqueuse-ducray-diaseptyl-spray-125-ml\\\/\",\"url\":\"https:\\\/\\\/paragaleriedetalborjt.com\\\/boutique\\\/ducray-diaseptyl-solution-aqueuse-ducray-diaseptyl-spray-125-ml\\\/\",\"name\":\"Ducray \u2013 Diaseptyl solution aqueuse Ducray \u2013 Diaseptyl spray 125 ml - paragaleriedetalborjt\",\"isPartOf\":{\"@id\":\"https:\\\/\\\/paragaleriedetalborjt.com\\\/#website\"},\"primaryImageOfPage\":{\"@id\":\"https:\\\/\\\/paragaleriedetalborjt.com\\\/boutique\\\/ducray-diaseptyl-solution-aqueuse-ducray-diaseptyl-spray-125-ml\\\/#primaryimage\"},\"image\":{\"@id\":\"https:\\\/\\\/paragaleriedetalborjt.com\\\/boutique\\\/ducray-diaseptyl-solution-aqueuse-ducray-diaseptyl-spray-125-ml\\\/#primaryimage\"},\"thumbnailUrl\":\"https:\\\/\\\/paragaleriedetalborjt.com\\\/wp-content\\\/uploads\\\/2026\\\/01\\\/3282779392181.jpg\",\"datePublished\":\"2026-01-03T23:44:01+00:00\",\"dateModified\":\"2026-01-03T23:44:02+00:00\",\"breadcrumb\":{\"@id\":\"https:\\\/\\\/paragaleriedetalborjt.com\\\/boutique\\\/ducray-diaseptyl-solution-aqueuse-ducray-diaseptyl-spray-125-ml\\\/#breadcrumb\"},\"inLanguage\":\"en-US\",\"potentialAction\":[{\"@type\":\"ReadAction\",\"target\":[\"https:\\\/\\\/paragaleriedetalborjt.com\\\/boutique\\\/ducray-diaseptyl-solution-aqueuse-ducray-diaseptyl-spray-125-ml\\\/\"]}]},{\"@type\":\"ImageObject\",\"inLanguage\":\"en-US\",\"@id\":\"https:\\\/\\\/paragaleriedetalborjt.com\\\/boutique\\\/ducray-diaseptyl-solution-aqueuse-ducray-diaseptyl-spray-125-ml\\\/#primaryimage\",\"url\":\"https:\\\/\\\/paragaleriedetalborjt.com\\\/wp-content\\\/uploads\\\/2026\\\/01\\\/3282779392181.jpg\",\"contentUrl\":\"https:\\\/\\\/paragaleriedetalborjt.com\\\/wp-content\\\/uploads\\\/2026\\\/01\\\/3282779392181.jpg\",\"width\":595,\"height\":655},{\"@type\":\"BreadcrumbList\",\"@id\":\"https:\\\/\\\/paragaleriedetalborjt.com\\\/boutique\\\/ducray-diaseptyl-solution-aqueuse-ducray-diaseptyl-spray-125-ml\\\/#breadcrumb\",\"itemListElement\":[{\"@type\":\"ListItem\",\"position\":1,\"name\":\"Accueil\",\"item\":\"https:\\\/\\\/paragaleriedetalborjt.com\\\/\"},{\"@type\":\"ListItem\",\"position\":2,\"name\":\"Boutique\",\"item\":\"https:\\\/\\\/paragaleriedetalborjt.com\\\/boutique\\\/\"},{\"@type\":\"ListItem\",\"position\":3,\"name\":\"Ducray \u2013 Diaseptyl solution aqueuse Ducray \u2013 Diaseptyl spray 125 ml\"}]},{\"@type\":\"WebSite\",\"@id\":\"https:\\\/\\\/paragaleriedetalborjt.com\\\/#website\",\"url\":\"https:\\\/\\\/paragaleriedetalborjt.com\\\/\",\"name\":\"paragaleriedetalborjt\",\"description\":\"\",\"potentialAction\":[{\"@type\":\"SearchAction\",\"target\":{\"@type\":\"EntryPoint\",\"urlTemplate\":\"https:\\\/\\\/paragaleriedetalborjt.com\\\/?s={search_term_string}\"},\"query-input\":{\"@type\":\"PropertyValueSpecification\",\"valueRequired\":true,\"valueName\":\"search_term_string\"}}],\"inLanguage\":\"en-US\"}]}<\/script>\n<!-- \/ Yoast SEO plugin. -->","yoast_head_json":{"title":"Ducray \u2013 Diaseptyl solution aqueuse Ducray \u2013 Diaseptyl spray 125 ml - paragaleriedetalborjt","robots":{"index":"index","follow":"follow","max-snippet":"max-snippet:-1","max-image-preview":"max-image-preview:large","max-video-preview":"max-video-preview:-1"},"canonical":"https:\/\/paragaleriedetalborjt.com\/en\/boutique\/ducray-diaseptyl-solution-aqueuse-ducray-diaseptyl-spray-125-ml\/","og_locale":"en_US","og_type":"article","og_title":"Ducray \u2013 Diaseptyl solution aqueuse Ducray \u2013 Diaseptyl spray 125 ml - paragaleriedetalborjt","og_description":"Highlights:\u2022 NETTOIE et assainit les peaux fragiles et fragilis\u00e9es\u2022 NE PIQUE PAS les peaux l\u00e9s\u00e9e gr\u00e2ce \u00e0 son action tout en douceur\u2022 S\u2019APPLIQUE sans qu\u2019il soit n\u00e9cessaire de le rincer","og_url":"https:\/\/paragaleriedetalborjt.com\/en\/boutique\/ducray-diaseptyl-solution-aqueuse-ducray-diaseptyl-spray-125-ml\/","og_site_name":"paragaleriedetalborjt","article_modified_time":"2026-01-03T23:44:02+00:00","og_image":[{"width":595,"height":655,"url":"https:\/\/paragaleriedetalborjt.com\/wp-content\/uploads\/2026\/01\/3282779392181.jpg","type":"image\/jpeg"}],"twitter_card":"summary_large_image","schema":{"@context":"https:\/\/schema.org","@graph":[{"@type":"WebPage","@id":"https:\/\/paragaleriedetalborjt.com\/boutique\/ducray-diaseptyl-solution-aqueuse-ducray-diaseptyl-spray-125-ml\/","url":"https:\/\/paragaleriedetalborjt.com\/boutique\/ducray-diaseptyl-solution-aqueuse-ducray-diaseptyl-spray-125-ml\/","name":"Ducray \u2013 Diaseptyl solution aqueuse Ducray \u2013 Diaseptyl spray 125 ml - paragaleriedetalborjt","isPartOf":{"@id":"https:\/\/paragaleriedetalborjt.com\/#website"},"primaryImageOfPage":{"@id":"https:\/\/paragaleriedetalborjt.com\/boutique\/ducray-diaseptyl-solution-aqueuse-ducray-diaseptyl-spray-125-ml\/#primaryimage"},"image":{"@id":"https:\/\/paragaleriedetalborjt.com\/boutique\/ducray-diaseptyl-solution-aqueuse-ducray-diaseptyl-spray-125-ml\/#primaryimage"},"thumbnailUrl":"https:\/\/paragaleriedetalborjt.com\/wp-content\/uploads\/2026\/01\/3282779392181.jpg","datePublished":"2026-01-03T23:44:01+00:00","dateModified":"2026-01-03T23:44:02+00:00","breadcrumb":{"@id":"https:\/\/paragaleriedetalborjt.com\/boutique\/ducray-diaseptyl-solution-aqueuse-ducray-diaseptyl-spray-125-ml\/#breadcrumb"},"inLanguage":"en-US","potentialAction":[{"@type":"ReadAction","target":["https:\/\/paragaleriedetalborjt.com\/boutique\/ducray-diaseptyl-solution-aqueuse-ducray-diaseptyl-spray-125-ml\/"]}]},{"@type":"ImageObject","inLanguage":"en-US","@id":"https:\/\/paragaleriedetalborjt.com\/boutique\/ducray-diaseptyl-solution-aqueuse-ducray-diaseptyl-spray-125-ml\/#primaryimage","url":"https:\/\/paragaleriedetalborjt.com\/wp-content\/uploads\/2026\/01\/3282779392181.jpg","contentUrl":"https:\/\/paragaleriedetalborjt.com\/wp-content\/uploads\/2026\/01\/3282779392181.jpg","width":595,"height":655},{"@type":"BreadcrumbList","@id":"https:\/\/paragaleriedetalborjt.com\/boutique\/ducray-diaseptyl-solution-aqueuse-ducray-diaseptyl-spray-125-ml\/#breadcrumb","itemListElement":[{"@type":"ListItem","position":1,"name":"Accueil","item":"https:\/\/paragaleriedetalborjt.com\/"},{"@type":"ListItem","position":2,"name":"Boutique","item":"https:\/\/paragaleriedetalborjt.com\/boutique\/"},{"@type":"ListItem","position":3,"name":"Ducray \u2013 Diaseptyl solution aqueuse Ducray \u2013 Diaseptyl spray 125 ml"}]},{"@type":"WebSite","@id":"https:\/\/paragaleriedetalborjt.com\/#website","url":"https:\/\/paragaleriedetalborjt.com\/","name":"paragaleriedetalborjt","description":"","potentialAction":[{"@type":"SearchAction","target":{"@type":"EntryPoint","urlTemplate":"https:\/\/paragaleriedetalborjt.com\/?s={search_term_string}"},"query-input":{"@type":"PropertyValueSpecification","valueRequired":true,"valueName":"search_term_string"}}],"inLanguage":"en-US"}]}},"brands":[{"id":1583,"name":"DUCRAY","slug":"ducray"}],"_links":{"self":[{"href":"https:\/\/paragaleriedetalborjt.com\/en\/wp-json\/wp\/v2\/product\/46900","targetHints":{"allow":["GET"]}}],"collection":[{"href":"https:\/\/paragaleriedetalborjt.com\/en\/wp-json\/wp\/v2\/product"}],"about":[{"href":"https:\/\/paragaleriedetalborjt.com\/en\/wp-json\/wp\/v2\/types\/product"}],"replies":[{"embeddable":true,"href":"https:\/\/paragaleriedetalborjt.com\/en\/wp-json\/wp\/v2\/comments?post=46900"}],"version-history":[{"count":1,"href":"https:\/\/paragaleriedetalborjt.com\/en\/wp-json\/wp\/v2\/product\/46900\/revisions"}],"predecessor-version":[{"id":46902,"href":"https:\/\/paragaleriedetalborjt.com\/en\/wp-json\/wp\/v2\/product\/46900\/revisions\/46902"}],"wp:featuredmedia":[{"embeddable":true,"href":"https:\/\/paragaleriedetalborjt.com\/en\/wp-json\/wp\/v2\/media\/46901"}],"wp:attachment":[{"href":"https:\/\/paragaleriedetalborjt.com\/en\/wp-json\/wp\/v2\/media?parent=46900"}],"wp:term":[{"taxonomy":"pwb-brand","embeddable":true,"href":"https:\/\/paragaleriedetalborjt.com\/en\/wp-json\/wp\/v2\/pwb-brand?post=46900"},{"taxonomy":"product_cat","embeddable":true,"href":"https:\/\/paragaleriedetalborjt.com\/en\/wp-json\/wp\/v2\/product_cat?post=46900"},{"taxonomy":"product_tag","embeddable":true,"href":"https:\/\/paragaleriedetalborjt.com\/en\/wp-json\/wp\/v2\/product_tag?post=46900"}],"curies":[{"name":"wp","href":"https:\/\/api.w.org\/{rel}","templated":true}]}}