{"id":46897,"date":"2026-01-04T00:43:54","date_gmt":"2026-01-03T23:43:54","guid":{"rendered":"https:\/\/paragaleriedetalborjt.com\/?post_type=product&#038;p=46897"},"modified":"2026-01-04T00:43:54","modified_gmt":"2026-01-03T23:43:54","slug":"ducray-soin-global-mains-photo-vieillissement-creme-anti-tache-main-melascreen-50-ml","status":"publish","type":"product","link":"https:\/\/paragaleriedetalborjt.com\/en\/boutique\/ducray-soin-global-mains-photo-vieillissement-creme-anti-tache-main-melascreen-50-ml\/","title":{"rendered":"Ducray \u2014 Soin Global Mains Photo-vieillissement \u2013 Cr\u00e8me anti tache main \u2014 Melascreen 50 ml"},"content":{"rendered":"<div aria-labelledby=\"tab-title-description\" class=\"woocommerce-Tabs-panel woocommerce-Tabs-panel--description panel entry-content wc-tab\" id=\"tab-description\" role=\"tabpanel\" style=\"\">\n<h2>Description<\/h2>\n<p>\u2022 MELASCREEN PHOTO-VIEILLISSEMENT Soin global mains SPF50+ corrige les taches pigmentaires induites par l\u2019exposition au soleil<\/p>\n<p>\u2022 En plus de son action anti taches brunes, il assure une protection solaire maximale gr\u00e2ce \u00e0 un syst\u00e8me filtrant SPF50+<\/p>\n<p>\u2022 Sa formule \u00e0 base d\u2019ACIDE HYALURONIQUE nourrit et hydrate la peau qui retrouve ainsi souplesse et fermet\u00e9<\/p>\n<p><strong>conseils d\u2019utilisation :<\/strong><\/p>\n<p>\u2022 Appliquer 1 \u00e0 2 doses, aussi souvent que n\u00e9cessaire sur les mains<br \/>\n\u2022 Renouveler fr\u00e9quemment l\u2019application surtout apr\u00e8s avoir transpir\u00e9 ou s\u2019\u00eatre essuy\u00e9<\/p>\n<div id=\"gtx-trans\" style=\"position: absolute; left: 143px; top: 247px;\">\n<div class=\"gtx-trans-icon\"><\/div>\n<\/div>\n<\/div>","protected":false},"excerpt":{"rendered":"<p>Highlights:\u2022 ATT\u00c9NUE et estompe l\u2019apparence des\u00a0taches brunes jusqu\u2019\u00e0 74%\u00b9\u2022 PROT\u00c8GE la peau des mains face au photo-vieillissement\u2022 NOURRIT, hydrate intens\u00e9ment et am\u00e9liore la fermet\u00e9 de la peau<\/p>","protected":false},"featured_media":46898,"comment_status":"open","ping_status":"closed","template":"","meta":[],"pwb-brand":[1583],"product_cat":[16],"product_tag":[],"class_list":{"0":"post-46897","1":"product","2":"type-product","3":"status-publish","4":"has-post-thumbnail","6":"pwb-brand-ducray","7":"product_cat-non-classe","8":"pa_brands-ducray","10":"first","11":"instock","12":"sale","13":"shipping-taxable","14":"purchasable","15":"product-type-simple"},"yoast_head":"<!-- This site is optimized with the Yoast SEO plugin v27.5 - https:\/\/yoast.com\/product\/yoast-seo-wordpress\/ -->\n<title>Ducray \u2014 Soin Global Mains Photo-vieillissement \u2013 Cr\u00e8me anti tache main \u2014 Melascreen 50 ml - paragaleriedetalborjt<\/title>\n<meta name=\"robots\" content=\"index, follow, max-snippet:-1, max-image-preview:large, max-video-preview:-1\" \/>\n<link rel=\"canonical\" href=\"https:\/\/paragaleriedetalborjt.com\/en\/boutique\/ducray-soin-global-mains-photo-vieillissement-creme-anti-tache-main-melascreen-50-ml\/\" \/>\n<meta property=\"og:locale\" content=\"en_US\" \/>\n<meta property=\"og:type\" content=\"article\" \/>\n<meta property=\"og:title\" content=\"Ducray \u2014 Soin Global Mains Photo-vieillissement \u2013 Cr\u00e8me anti tache main \u2014 Melascreen 50 ml - paragaleriedetalborjt\" \/>\n<meta property=\"og:description\" content=\"Highlights:\u2022 ATT\u00c9NUE et estompe l\u2019apparence des\u00a0taches brunes jusqu\u2019\u00e0 74%\u00b9\u2022 PROT\u00c8GE la peau des mains face au photo-vieillissement\u2022 NOURRIT, hydrate intens\u00e9ment et am\u00e9liore la fermet\u00e9 de la peau\" \/>\n<meta property=\"og:url\" content=\"https:\/\/paragaleriedetalborjt.com\/en\/boutique\/ducray-soin-global-mains-photo-vieillissement-creme-anti-tache-main-melascreen-50-ml\/\" \/>\n<meta property=\"og:site_name\" content=\"paragaleriedetalborjt\" \/>\n<meta property=\"og:image\" content=\"https:\/\/paragaleriedetalborjt.com\/wp-content\/uploads\/2026\/01\/3282770073249.jpg\" \/>\n\t<meta property=\"og:image:width\" content=\"595\" \/>\n\t<meta property=\"og:image:height\" content=\"655\" \/>\n\t<meta property=\"og:image:type\" content=\"image\/jpeg\" \/>\n<meta name=\"twitter:card\" content=\"summary_large_image\" \/>\n<script type=\"application\/ld+json\" class=\"yoast-schema-graph\">{\"@context\":\"https:\\\/\\\/schema.org\",\"@graph\":[{\"@type\":\"WebPage\",\"@id\":\"https:\\\/\\\/paragaleriedetalborjt.com\\\/boutique\\\/ducray-soin-global-mains-photo-vieillissement-creme-anti-tache-main-melascreen-50-ml\\\/\",\"url\":\"https:\\\/\\\/paragaleriedetalborjt.com\\\/boutique\\\/ducray-soin-global-mains-photo-vieillissement-creme-anti-tache-main-melascreen-50-ml\\\/\",\"name\":\"Ducray \u2014 Soin Global Mains Photo-vieillissement \u2013 Cr\u00e8me anti tache main \u2014 Melascreen 50 ml - paragaleriedetalborjt\",\"isPartOf\":{\"@id\":\"https:\\\/\\\/paragaleriedetalborjt.com\\\/#website\"},\"primaryImageOfPage\":{\"@id\":\"https:\\\/\\\/paragaleriedetalborjt.com\\\/boutique\\\/ducray-soin-global-mains-photo-vieillissement-creme-anti-tache-main-melascreen-50-ml\\\/#primaryimage\"},\"image\":{\"@id\":\"https:\\\/\\\/paragaleriedetalborjt.com\\\/boutique\\\/ducray-soin-global-mains-photo-vieillissement-creme-anti-tache-main-melascreen-50-ml\\\/#primaryimage\"},\"thumbnailUrl\":\"https:\\\/\\\/paragaleriedetalborjt.com\\\/wp-content\\\/uploads\\\/2026\\\/01\\\/3282770073249.jpg\",\"datePublished\":\"2026-01-03T23:43:54+00:00\",\"breadcrumb\":{\"@id\":\"https:\\\/\\\/paragaleriedetalborjt.com\\\/boutique\\\/ducray-soin-global-mains-photo-vieillissement-creme-anti-tache-main-melascreen-50-ml\\\/#breadcrumb\"},\"inLanguage\":\"en-US\",\"potentialAction\":[{\"@type\":\"ReadAction\",\"target\":[\"https:\\\/\\\/paragaleriedetalborjt.com\\\/boutique\\\/ducray-soin-global-mains-photo-vieillissement-creme-anti-tache-main-melascreen-50-ml\\\/\"]}]},{\"@type\":\"ImageObject\",\"inLanguage\":\"en-US\",\"@id\":\"https:\\\/\\\/paragaleriedetalborjt.com\\\/boutique\\\/ducray-soin-global-mains-photo-vieillissement-creme-anti-tache-main-melascreen-50-ml\\\/#primaryimage\",\"url\":\"https:\\\/\\\/paragaleriedetalborjt.com\\\/wp-content\\\/uploads\\\/2026\\\/01\\\/3282770073249.jpg\",\"contentUrl\":\"https:\\\/\\\/paragaleriedetalborjt.com\\\/wp-content\\\/uploads\\\/2026\\\/01\\\/3282770073249.jpg\",\"width\":595,\"height\":655},{\"@type\":\"BreadcrumbList\",\"@id\":\"https:\\\/\\\/paragaleriedetalborjt.com\\\/boutique\\\/ducray-soin-global-mains-photo-vieillissement-creme-anti-tache-main-melascreen-50-ml\\\/#breadcrumb\",\"itemListElement\":[{\"@type\":\"ListItem\",\"position\":1,\"name\":\"Accueil\",\"item\":\"https:\\\/\\\/paragaleriedetalborjt.com\\\/\"},{\"@type\":\"ListItem\",\"position\":2,\"name\":\"Boutique\",\"item\":\"https:\\\/\\\/paragaleriedetalborjt.com\\\/boutique\\\/\"},{\"@type\":\"ListItem\",\"position\":3,\"name\":\"Ducray \u2014 Soin Global Mains Photo-vieillissement \u2013 Cr\u00e8me anti tache main \u2014 Melascreen 50 ml\"}]},{\"@type\":\"WebSite\",\"@id\":\"https:\\\/\\\/paragaleriedetalborjt.com\\\/#website\",\"url\":\"https:\\\/\\\/paragaleriedetalborjt.com\\\/\",\"name\":\"paragaleriedetalborjt\",\"description\":\"\",\"potentialAction\":[{\"@type\":\"SearchAction\",\"target\":{\"@type\":\"EntryPoint\",\"urlTemplate\":\"https:\\\/\\\/paragaleriedetalborjt.com\\\/?s={search_term_string}\"},\"query-input\":{\"@type\":\"PropertyValueSpecification\",\"valueRequired\":true,\"valueName\":\"search_term_string\"}}],\"inLanguage\":\"en-US\"}]}<\/script>\n<!-- \/ Yoast SEO plugin. -->","yoast_head_json":{"title":"Ducray \u2014 Soin Global Mains Photo-vieillissement \u2013 Cr\u00e8me anti tache main \u2014 Melascreen 50 ml - paragaleriedetalborjt","robots":{"index":"index","follow":"follow","max-snippet":"max-snippet:-1","max-image-preview":"max-image-preview:large","max-video-preview":"max-video-preview:-1"},"canonical":"https:\/\/paragaleriedetalborjt.com\/en\/boutique\/ducray-soin-global-mains-photo-vieillissement-creme-anti-tache-main-melascreen-50-ml\/","og_locale":"en_US","og_type":"article","og_title":"Ducray \u2014 Soin Global Mains Photo-vieillissement \u2013 Cr\u00e8me anti tache main \u2014 Melascreen 50 ml - paragaleriedetalborjt","og_description":"Highlights:\u2022 ATT\u00c9NUE et estompe l\u2019apparence des\u00a0taches brunes jusqu\u2019\u00e0 74%\u00b9\u2022 PROT\u00c8GE la peau des mains face au photo-vieillissement\u2022 NOURRIT, hydrate intens\u00e9ment et am\u00e9liore la fermet\u00e9 de la peau","og_url":"https:\/\/paragaleriedetalborjt.com\/en\/boutique\/ducray-soin-global-mains-photo-vieillissement-creme-anti-tache-main-melascreen-50-ml\/","og_site_name":"paragaleriedetalborjt","og_image":[{"width":595,"height":655,"url":"https:\/\/paragaleriedetalborjt.com\/wp-content\/uploads\/2026\/01\/3282770073249.jpg","type":"image\/jpeg"}],"twitter_card":"summary_large_image","schema":{"@context":"https:\/\/schema.org","@graph":[{"@type":"WebPage","@id":"https:\/\/paragaleriedetalborjt.com\/boutique\/ducray-soin-global-mains-photo-vieillissement-creme-anti-tache-main-melascreen-50-ml\/","url":"https:\/\/paragaleriedetalborjt.com\/boutique\/ducray-soin-global-mains-photo-vieillissement-creme-anti-tache-main-melascreen-50-ml\/","name":"Ducray \u2014 Soin Global Mains Photo-vieillissement \u2013 Cr\u00e8me anti tache main \u2014 Melascreen 50 ml - paragaleriedetalborjt","isPartOf":{"@id":"https:\/\/paragaleriedetalborjt.com\/#website"},"primaryImageOfPage":{"@id":"https:\/\/paragaleriedetalborjt.com\/boutique\/ducray-soin-global-mains-photo-vieillissement-creme-anti-tache-main-melascreen-50-ml\/#primaryimage"},"image":{"@id":"https:\/\/paragaleriedetalborjt.com\/boutique\/ducray-soin-global-mains-photo-vieillissement-creme-anti-tache-main-melascreen-50-ml\/#primaryimage"},"thumbnailUrl":"https:\/\/paragaleriedetalborjt.com\/wp-content\/uploads\/2026\/01\/3282770073249.jpg","datePublished":"2026-01-03T23:43:54+00:00","breadcrumb":{"@id":"https:\/\/paragaleriedetalborjt.com\/boutique\/ducray-soin-global-mains-photo-vieillissement-creme-anti-tache-main-melascreen-50-ml\/#breadcrumb"},"inLanguage":"en-US","potentialAction":[{"@type":"ReadAction","target":["https:\/\/paragaleriedetalborjt.com\/boutique\/ducray-soin-global-mains-photo-vieillissement-creme-anti-tache-main-melascreen-50-ml\/"]}]},{"@type":"ImageObject","inLanguage":"en-US","@id":"https:\/\/paragaleriedetalborjt.com\/boutique\/ducray-soin-global-mains-photo-vieillissement-creme-anti-tache-main-melascreen-50-ml\/#primaryimage","url":"https:\/\/paragaleriedetalborjt.com\/wp-content\/uploads\/2026\/01\/3282770073249.jpg","contentUrl":"https:\/\/paragaleriedetalborjt.com\/wp-content\/uploads\/2026\/01\/3282770073249.jpg","width":595,"height":655},{"@type":"BreadcrumbList","@id":"https:\/\/paragaleriedetalborjt.com\/boutique\/ducray-soin-global-mains-photo-vieillissement-creme-anti-tache-main-melascreen-50-ml\/#breadcrumb","itemListElement":[{"@type":"ListItem","position":1,"name":"Accueil","item":"https:\/\/paragaleriedetalborjt.com\/"},{"@type":"ListItem","position":2,"name":"Boutique","item":"https:\/\/paragaleriedetalborjt.com\/boutique\/"},{"@type":"ListItem","position":3,"name":"Ducray \u2014 Soin Global Mains Photo-vieillissement \u2013 Cr\u00e8me anti tache main \u2014 Melascreen 50 ml"}]},{"@type":"WebSite","@id":"https:\/\/paragaleriedetalborjt.com\/#website","url":"https:\/\/paragaleriedetalborjt.com\/","name":"paragaleriedetalborjt","description":"","potentialAction":[{"@type":"SearchAction","target":{"@type":"EntryPoint","urlTemplate":"https:\/\/paragaleriedetalborjt.com\/?s={search_term_string}"},"query-input":{"@type":"PropertyValueSpecification","valueRequired":true,"valueName":"search_term_string"}}],"inLanguage":"en-US"}]}},"brands":[{"id":1583,"name":"DUCRAY","slug":"ducray"}],"_links":{"self":[{"href":"https:\/\/paragaleriedetalborjt.com\/en\/wp-json\/wp\/v2\/product\/46897","targetHints":{"allow":["GET"]}}],"collection":[{"href":"https:\/\/paragaleriedetalborjt.com\/en\/wp-json\/wp\/v2\/product"}],"about":[{"href":"https:\/\/paragaleriedetalborjt.com\/en\/wp-json\/wp\/v2\/types\/product"}],"replies":[{"embeddable":true,"href":"https:\/\/paragaleriedetalborjt.com\/en\/wp-json\/wp\/v2\/comments?post=46897"}],"version-history":[{"count":1,"href":"https:\/\/paragaleriedetalborjt.com\/en\/wp-json\/wp\/v2\/product\/46897\/revisions"}],"predecessor-version":[{"id":46899,"href":"https:\/\/paragaleriedetalborjt.com\/en\/wp-json\/wp\/v2\/product\/46897\/revisions\/46899"}],"wp:featuredmedia":[{"embeddable":true,"href":"https:\/\/paragaleriedetalborjt.com\/en\/wp-json\/wp\/v2\/media\/46898"}],"wp:attachment":[{"href":"https:\/\/paragaleriedetalborjt.com\/en\/wp-json\/wp\/v2\/media?parent=46897"}],"wp:term":[{"taxonomy":"pwb-brand","embeddable":true,"href":"https:\/\/paragaleriedetalborjt.com\/en\/wp-json\/wp\/v2\/pwb-brand?post=46897"},{"taxonomy":"product_cat","embeddable":true,"href":"https:\/\/paragaleriedetalborjt.com\/en\/wp-json\/wp\/v2\/product_cat?post=46897"},{"taxonomy":"product_tag","embeddable":true,"href":"https:\/\/paragaleriedetalborjt.com\/en\/wp-json\/wp\/v2\/product_tag?post=46897"}],"curies":[{"name":"wp","href":"https:\/\/api.w.org\/{rel}","templated":true}]}}