{"id":46870,"date":"2026-01-04T00:42:37","date_gmt":"2026-01-03T23:42:37","guid":{"rendered":"https:\/\/paragaleriedetalborjt.com\/?post_type=product&#038;p=46870"},"modified":"2026-01-04T00:42:37","modified_gmt":"2026-01-03T23:42:37","slug":"uriage-eau-thermale-brume-deau-spf30-50-ml","status":"publish","type":"product","link":"https:\/\/paragaleriedetalborjt.com\/en\/boutique\/uriage-eau-thermale-brume-deau-spf30-50-ml\/","title":{"rendered":"Uriage \u2013 Eau Thermale \u2013 Brume d\u2019Eau SPF30 \u2013 50 ml"},"content":{"rendered":"<div aria-labelledby=\"tab-title-description\" class=\"woocommerce-Tabs-panel woocommerce-Tabs-panel--description panel entry-content wc-tab\" id=\"tab-description\" role=\"tabpanel\" style=\"\">\n<h2>Description<\/h2>\n<p>Probl\u00e9matique sp\u00e9cifique<br \/>\nPeaux d\u00e9shydrat\u00e9es<\/p>\n<p>B\u00e9n\u00e9fice produit<br \/>\nInnovation thermale : pour la premi\u00e8re fois, une brume thermale hydrate et prot\u00e8ge parfaitement la peau des UV et de la pollution ! Un geste facile et rapide \u00e0 renouveler dans la journ\u00e9e. Aussi invisible qu\u2019efficace, cette brume s\u00e8che et fine fond d\u00e9licieusement sur la peau et l\u2019infuse de son complexe hydratant unique.<\/p>\n<p>R\u00e9g\u00e9n\u00e8re l\u2019hydratation de la peau<br \/>\nEnrichie en Eau Thermale d\u2019Uriage, cette brume s\u00e8che ultra-hydratante aide \u00e0 reconstruire la barri\u00e8re cutan\u00e9e pour maintenir un taux d\u2019hydratation optimal.<\/p>\n<p>Optimise l\u2019hydratation en continu de l\u2019\u00e9piderme et Prot\u00e8ge la peau<br \/>\nPermet de reformer un film de surface et de lib\u00e9rer progressivement les agents hydratants contenus dans la Brume d\u2019Eau. Bouclier anti-pollution et filtre UV pour une protection UVA\/UVB.<\/p>\n<p>Restaure l\u2019effet barri\u00e8re de la peau et limite sa d\u00e9shydratation<br \/>\nAgit sur la reconstruction du ciment corn\u00e9ocytaire pour booster durablement l\u2019hydratation.<\/p>\n<p>Caract\u00e9ristiques<br \/>\nComplexe Hydro-Thermal \u2014 Vitamine C &amp; E \u2014 Filtres UVA &amp; UVB \u2014 Test\u00e9 sous contr\u00f4le dermatologique \u2014 Protection UVA\/UVB \u2014 Anti-pollution \u2014 Parfum<\/p>\n<p>Conseil d\u2019utilisation<br \/>\nBien agiter avant emploi.<br \/>\nFermer les yeux puis brumiser en tenant le flacon \u00e0 20cm du visage et du cou.<br \/>\nPulv\u00e9risez aussi souvent que vous en ressentez le besoin.<br \/>\nUn geste de soin \u00e0 consommer sans mod\u00e9ration.<br \/>\nLaissez agir.<br \/>\nNe pas s\u00e9cher, ni tamponner pour renforcer la p\u00e9n\u00e9tration de ses composants.<\/p>\n<\/div>","protected":false},"excerpt":{"rendered":"<p>Highlights:Brume Ultra-Hydratante, Anti-Pollution Protectrice SPF30 \u2013 8h d\u2019Hydratation<\/p>","protected":false},"featured_media":46871,"comment_status":"open","ping_status":"closed","template":"","meta":[],"pwb-brand":[1579],"product_cat":[16],"product_tag":[],"class_list":{"0":"post-46870","1":"product","2":"type-product","3":"status-publish","4":"has-post-thumbnail","6":"pwb-brand-uriage","7":"product_cat-non-classe","8":"pa_brands-uriage","10":"first","11":"instock","12":"sale","13":"shipping-taxable","14":"purchasable","15":"product-type-simple"},"yoast_head":"<!-- This site is optimized with the Yoast SEO plugin v27.5 - https:\/\/yoast.com\/product\/yoast-seo-wordpress\/ -->\n<title>Uriage \u2013 Eau Thermale \u2013 Brume d\u2019Eau SPF30 \u2013 50 ml - paragaleriedetalborjt<\/title>\n<meta name=\"robots\" content=\"index, follow, max-snippet:-1, max-image-preview:large, max-video-preview:-1\" \/>\n<link rel=\"canonical\" href=\"https:\/\/paragaleriedetalborjt.com\/en\/boutique\/uriage-eau-thermale-brume-deau-spf30-50-ml\/\" \/>\n<meta property=\"og:locale\" content=\"en_US\" \/>\n<meta property=\"og:type\" content=\"article\" \/>\n<meta property=\"og:title\" content=\"Uriage \u2013 Eau Thermale \u2013 Brume d\u2019Eau SPF30 \u2013 50 ml - paragaleriedetalborjt\" \/>\n<meta property=\"og:description\" content=\"Highlights:Brume Ultra-Hydratante, Anti-Pollution Protectrice SPF30 \u2013 8h d\u2019Hydratation\" \/>\n<meta property=\"og:url\" content=\"https:\/\/paragaleriedetalborjt.com\/en\/boutique\/uriage-eau-thermale-brume-deau-spf30-50-ml\/\" \/>\n<meta property=\"og:site_name\" content=\"paragaleriedetalborjt\" \/>\n<meta property=\"og:image\" content=\"https:\/\/paragaleriedetalborjt.com\/wp-content\/uploads\/2026\/01\/3661434005602.jpg\" \/>\n\t<meta property=\"og:image:width\" content=\"595\" \/>\n\t<meta property=\"og:image:height\" content=\"655\" \/>\n\t<meta property=\"og:image:type\" content=\"image\/jpeg\" \/>\n<meta name=\"twitter:card\" content=\"summary_large_image\" \/>\n<meta name=\"twitter:label1\" content=\"Est. reading time\" \/>\n\t<meta name=\"twitter:data1\" content=\"1 minute\" \/>\n<script type=\"application\/ld+json\" class=\"yoast-schema-graph\">{\"@context\":\"https:\\\/\\\/schema.org\",\"@graph\":[{\"@type\":\"WebPage\",\"@id\":\"https:\\\/\\\/paragaleriedetalborjt.com\\\/en\\\/boutique\\\/uriage-eau-thermale-brume-deau-spf30-50-ml\\\/\",\"url\":\"https:\\\/\\\/paragaleriedetalborjt.com\\\/en\\\/boutique\\\/uriage-eau-thermale-brume-deau-spf30-50-ml\\\/\",\"name\":\"Uriage \u2013 Eau Thermale \u2013 Brume d\u2019Eau SPF30 \u2013 50 ml - paragaleriedetalborjt\",\"isPartOf\":{\"@id\":\"https:\\\/\\\/paragaleriedetalborjt.com\\\/#website\"},\"primaryImageOfPage\":{\"@id\":\"https:\\\/\\\/paragaleriedetalborjt.com\\\/en\\\/boutique\\\/uriage-eau-thermale-brume-deau-spf30-50-ml\\\/#primaryimage\"},\"image\":{\"@id\":\"https:\\\/\\\/paragaleriedetalborjt.com\\\/en\\\/boutique\\\/uriage-eau-thermale-brume-deau-spf30-50-ml\\\/#primaryimage\"},\"thumbnailUrl\":\"https:\\\/\\\/paragaleriedetalborjt.com\\\/wp-content\\\/uploads\\\/2026\\\/01\\\/3661434005602.jpg\",\"datePublished\":\"2026-01-03T23:42:37+00:00\",\"breadcrumb\":{\"@id\":\"https:\\\/\\\/paragaleriedetalborjt.com\\\/en\\\/boutique\\\/uriage-eau-thermale-brume-deau-spf30-50-ml\\\/#breadcrumb\"},\"inLanguage\":\"en-US\",\"potentialAction\":[{\"@type\":\"ReadAction\",\"target\":[\"https:\\\/\\\/paragaleriedetalborjt.com\\\/en\\\/boutique\\\/uriage-eau-thermale-brume-deau-spf30-50-ml\\\/\"]}]},{\"@type\":\"ImageObject\",\"inLanguage\":\"en-US\",\"@id\":\"https:\\\/\\\/paragaleriedetalborjt.com\\\/en\\\/boutique\\\/uriage-eau-thermale-brume-deau-spf30-50-ml\\\/#primaryimage\",\"url\":\"https:\\\/\\\/paragaleriedetalborjt.com\\\/wp-content\\\/uploads\\\/2026\\\/01\\\/3661434005602.jpg\",\"contentUrl\":\"https:\\\/\\\/paragaleriedetalborjt.com\\\/wp-content\\\/uploads\\\/2026\\\/01\\\/3661434005602.jpg\",\"width\":595,\"height\":655},{\"@type\":\"BreadcrumbList\",\"@id\":\"https:\\\/\\\/paragaleriedetalborjt.com\\\/en\\\/boutique\\\/uriage-eau-thermale-brume-deau-spf30-50-ml\\\/#breadcrumb\",\"itemListElement\":[{\"@type\":\"ListItem\",\"position\":1,\"name\":\"Accueil\",\"item\":\"https:\\\/\\\/paragaleriedetalborjt.com\\\/\"},{\"@type\":\"ListItem\",\"position\":2,\"name\":\"Boutique\",\"item\":\"https:\\\/\\\/paragaleriedetalborjt.com\\\/boutique\\\/\"},{\"@type\":\"ListItem\",\"position\":3,\"name\":\"Uriage \u2013 Eau Thermale \u2013 Brume d\u2019Eau SPF30 \u2013 50 ml\"}]},{\"@type\":\"WebSite\",\"@id\":\"https:\\\/\\\/paragaleriedetalborjt.com\\\/#website\",\"url\":\"https:\\\/\\\/paragaleriedetalborjt.com\\\/\",\"name\":\"paragaleriedetalborjt\",\"description\":\"\",\"potentialAction\":[{\"@type\":\"SearchAction\",\"target\":{\"@type\":\"EntryPoint\",\"urlTemplate\":\"https:\\\/\\\/paragaleriedetalborjt.com\\\/?s={search_term_string}\"},\"query-input\":{\"@type\":\"PropertyValueSpecification\",\"valueRequired\":true,\"valueName\":\"search_term_string\"}}],\"inLanguage\":\"en-US\"}]}<\/script>\n<!-- \/ Yoast SEO plugin. -->","yoast_head_json":{"title":"Uriage \u2013 Eau Thermale \u2013 Brume d\u2019Eau SPF30 \u2013 50 ml - paragaleriedetalborjt","robots":{"index":"index","follow":"follow","max-snippet":"max-snippet:-1","max-image-preview":"max-image-preview:large","max-video-preview":"max-video-preview:-1"},"canonical":"https:\/\/paragaleriedetalborjt.com\/en\/boutique\/uriage-eau-thermale-brume-deau-spf30-50-ml\/","og_locale":"en_US","og_type":"article","og_title":"Uriage \u2013 Eau Thermale \u2013 Brume d\u2019Eau SPF30 \u2013 50 ml - paragaleriedetalborjt","og_description":"Highlights:Brume Ultra-Hydratante, Anti-Pollution Protectrice SPF30 \u2013 8h d\u2019Hydratation","og_url":"https:\/\/paragaleriedetalborjt.com\/en\/boutique\/uriage-eau-thermale-brume-deau-spf30-50-ml\/","og_site_name":"paragaleriedetalborjt","og_image":[{"width":595,"height":655,"url":"https:\/\/paragaleriedetalborjt.com\/wp-content\/uploads\/2026\/01\/3661434005602.jpg","type":"image\/jpeg"}],"twitter_card":"summary_large_image","twitter_misc":{"Est. reading time":"1 minute"},"schema":{"@context":"https:\/\/schema.org","@graph":[{"@type":"WebPage","@id":"https:\/\/paragaleriedetalborjt.com\/en\/boutique\/uriage-eau-thermale-brume-deau-spf30-50-ml\/","url":"https:\/\/paragaleriedetalborjt.com\/en\/boutique\/uriage-eau-thermale-brume-deau-spf30-50-ml\/","name":"Uriage \u2013 Eau Thermale \u2013 Brume d\u2019Eau SPF30 \u2013 50 ml - paragaleriedetalborjt","isPartOf":{"@id":"https:\/\/paragaleriedetalborjt.com\/#website"},"primaryImageOfPage":{"@id":"https:\/\/paragaleriedetalborjt.com\/en\/boutique\/uriage-eau-thermale-brume-deau-spf30-50-ml\/#primaryimage"},"image":{"@id":"https:\/\/paragaleriedetalborjt.com\/en\/boutique\/uriage-eau-thermale-brume-deau-spf30-50-ml\/#primaryimage"},"thumbnailUrl":"https:\/\/paragaleriedetalborjt.com\/wp-content\/uploads\/2026\/01\/3661434005602.jpg","datePublished":"2026-01-03T23:42:37+00:00","breadcrumb":{"@id":"https:\/\/paragaleriedetalborjt.com\/en\/boutique\/uriage-eau-thermale-brume-deau-spf30-50-ml\/#breadcrumb"},"inLanguage":"en-US","potentialAction":[{"@type":"ReadAction","target":["https:\/\/paragaleriedetalborjt.com\/en\/boutique\/uriage-eau-thermale-brume-deau-spf30-50-ml\/"]}]},{"@type":"ImageObject","inLanguage":"en-US","@id":"https:\/\/paragaleriedetalborjt.com\/en\/boutique\/uriage-eau-thermale-brume-deau-spf30-50-ml\/#primaryimage","url":"https:\/\/paragaleriedetalborjt.com\/wp-content\/uploads\/2026\/01\/3661434005602.jpg","contentUrl":"https:\/\/paragaleriedetalborjt.com\/wp-content\/uploads\/2026\/01\/3661434005602.jpg","width":595,"height":655},{"@type":"BreadcrumbList","@id":"https:\/\/paragaleriedetalborjt.com\/en\/boutique\/uriage-eau-thermale-brume-deau-spf30-50-ml\/#breadcrumb","itemListElement":[{"@type":"ListItem","position":1,"name":"Accueil","item":"https:\/\/paragaleriedetalborjt.com\/"},{"@type":"ListItem","position":2,"name":"Boutique","item":"https:\/\/paragaleriedetalborjt.com\/boutique\/"},{"@type":"ListItem","position":3,"name":"Uriage \u2013 Eau Thermale \u2013 Brume d\u2019Eau SPF30 \u2013 50 ml"}]},{"@type":"WebSite","@id":"https:\/\/paragaleriedetalborjt.com\/#website","url":"https:\/\/paragaleriedetalborjt.com\/","name":"paragaleriedetalborjt","description":"","potentialAction":[{"@type":"SearchAction","target":{"@type":"EntryPoint","urlTemplate":"https:\/\/paragaleriedetalborjt.com\/?s={search_term_string}"},"query-input":{"@type":"PropertyValueSpecification","valueRequired":true,"valueName":"search_term_string"}}],"inLanguage":"en-US"}]}},"brands":[{"id":1579,"name":"URIAGE","slug":"uriage"}],"_links":{"self":[{"href":"https:\/\/paragaleriedetalborjt.com\/en\/wp-json\/wp\/v2\/product\/46870","targetHints":{"allow":["GET"]}}],"collection":[{"href":"https:\/\/paragaleriedetalborjt.com\/en\/wp-json\/wp\/v2\/product"}],"about":[{"href":"https:\/\/paragaleriedetalborjt.com\/en\/wp-json\/wp\/v2\/types\/product"}],"replies":[{"embeddable":true,"href":"https:\/\/paragaleriedetalborjt.com\/en\/wp-json\/wp\/v2\/comments?post=46870"}],"version-history":[{"count":1,"href":"https:\/\/paragaleriedetalborjt.com\/en\/wp-json\/wp\/v2\/product\/46870\/revisions"}],"predecessor-version":[{"id":46872,"href":"https:\/\/paragaleriedetalborjt.com\/en\/wp-json\/wp\/v2\/product\/46870\/revisions\/46872"}],"wp:featuredmedia":[{"embeddable":true,"href":"https:\/\/paragaleriedetalborjt.com\/en\/wp-json\/wp\/v2\/media\/46871"}],"wp:attachment":[{"href":"https:\/\/paragaleriedetalborjt.com\/en\/wp-json\/wp\/v2\/media?parent=46870"}],"wp:term":[{"taxonomy":"pwb-brand","embeddable":true,"href":"https:\/\/paragaleriedetalborjt.com\/en\/wp-json\/wp\/v2\/pwb-brand?post=46870"},{"taxonomy":"product_cat","embeddable":true,"href":"https:\/\/paragaleriedetalborjt.com\/en\/wp-json\/wp\/v2\/product_cat?post=46870"},{"taxonomy":"product_tag","embeddable":true,"href":"https:\/\/paragaleriedetalborjt.com\/en\/wp-json\/wp\/v2\/product_tag?post=46870"}],"curies":[{"name":"wp","href":"https:\/\/api.w.org\/{rel}","templated":true}]}}