{"id":46861,"date":"2026-01-04T00:42:17","date_gmt":"2026-01-03T23:42:17","guid":{"rendered":"https:\/\/paragaleriedetalborjt.com\/?post_type=product&#038;p=46861"},"modified":"2026-01-04T00:42:17","modified_gmt":"2026-01-03T23:42:17","slug":"klorane-lingettes-nettoyantes-douces-pour-le-corps-au-calendula-apaisant-bebe-peau-normale-a-seche-70-u","status":"publish","type":"product","link":"https:\/\/paragaleriedetalborjt.com\/en\/boutique\/klorane-lingettes-nettoyantes-douces-pour-le-corps-au-calendula-apaisant-bebe-peau-normale-a-seche-70-u\/","title":{"rendered":"Klorane \u2013 Lingettes nettoyantes douces pour le corps au Calendula apaisant \u2013 B\u00e9b\u00e9 \u2013 Peau normale \u00e0 s\u00e8che 70 u"},"content":{"rendered":"<div aria-labelledby=\"tab-title-description\" class=\"woocommerce-Tabs-panel woocommerce-Tabs-panel--description panel entry-content wc-tab\" id=\"tab-description\" role=\"tabpanel\" style=\"\">\n<h2>Description<\/h2>\n<p>\u00c9labor\u00e9es avec des fibres naturelles 100 % biod\u00e9gradables* et contenues dans un \u00e9tui refermable, elles sont sans rin\u00e7age pour faciliter la toilette en dehors de la maison. Inoffensives pour b\u00e9b\u00e9***, leur formule \u00e0 98 % d\u2019ingr\u00e9dients d\u2019origine naturelle apaise les rougeurs et lutte contre le dess\u00e8chement. La peau est douce, hydrat\u00e9e et prot\u00e9g\u00e9e***, pour un moment de soin entour\u00e9 d\u2019un parfum de tendresse.<\/p>\n<p>*Selon la norme EN13432.<br \/>\n***Peau douce, hydrat\u00e9e et prot\u00e9g\u00e9e du dess\u00e8chement : 100% de satisfaction apr\u00e8s 21j \u2013 test de satisfaction aupr\u00e8s des parents apr\u00e8s utilisation chez 32 b\u00e9b\u00e9s en conditions d\u2019usage sous contr\u00f4le p\u00e9diatrique.<\/p>\n<p>\u00ab\u00a0\u2013 Nettoyantes : en un seul geste, elles nettoient en douceur les petites salissures du quotidien et assainissent la peau. \u2013 Hydratantes : les agents hydratants associ\u00e9s au Calendula hydratent et prot\u00e8gent l\u2019\u00e9piderme du dess\u00e8chement. \u2013 Adoucissantes : pass\u00e9es sur le corps, les lingettes nettoyantes apaisent les irritations lors du change ou de la toilette et adoucissent la peau, sans coller.\u00a0\u00bb<\/p>\n<p>\u00a0<\/p>\n<p><strong style=\"font-size: 1rem\">conseils d\u2019utilisation :\u00a0<\/strong><\/p>\n<div class=\"layout-content\">\n<div class=\"region region-content\">\n<div class=\"block block-system block-system-main-block\" id=\"block-wecontent-theme-content\">\n<div class=\"container mt-3 mb-5\">\n<div class=\"tab-content\" id=\"tabsProductView\">\n<div class=\"tab-pane active\" id=\"basic-content\">\n<div class=\"row\">\n<div class=\"col-12 col-lg-8 aos-init aos-animate\" data-aos=\"fade-left\" data-aos-delay=\"500\">\n<div class=\"white-bg pb-4\">\n<div class=\"product-info-main\">\n<div class=\"description mt-4\">\n<div>\u00ab\u00a0Nettoyez avec une ou plusieurs lingettes jusqu\u2019\u00e0 obtention d\u2019une peau propre. Sans rin\u00e7age.\u00a0\u00bb<\/div>\n<\/div>\n<\/div>\n<\/div>\n<\/div>\n<\/div>\n<\/div>\n<\/div>\n<\/div>\n<\/div>\n<\/div>\n<\/div>\n<p>\u00a0<\/p>\n<footer role=\"contentinfo\">\n<div class=\"region region-footer pf-footer aos-init\" data-aos=\"fade\">\n<div class=\"container\"><\/div>\n<\/div>\n<\/footer>\n<div id=\"gtx-trans\" style=\"position: absolute;left: -56px;top: -14px\">\n<div class=\"gtx-trans-icon\"><\/div>\n<\/div>\n<\/div>","protected":false},"excerpt":{"rendered":"<p>Highlights:Les Lingettes nettoyantes Klorane B\u00e9b\u00e9 au Calendula sont enrichies en actifs doux d\u2019origine v\u00e9g\u00e9tale, pour purifier, hydrater et prot\u00e9ger la peau.<\/p>","protected":false},"featured_media":46862,"comment_status":"open","ping_status":"closed","template":"","meta":[],"pwb-brand":[1573],"product_cat":[16],"product_tag":[],"class_list":{"0":"post-46861","1":"product","2":"type-product","3":"status-publish","4":"has-post-thumbnail","6":"pwb-brand-klorane","7":"product_cat-non-classe","8":"pa_brands-klorane","10":"first","11":"instock","12":"sale","13":"shipping-taxable","14":"purchasable","15":"product-type-simple"},"yoast_head":"<!-- This site is optimized with the Yoast SEO plugin v27.5 - https:\/\/yoast.com\/product\/yoast-seo-wordpress\/ -->\n<title>Klorane \u2013 Lingettes nettoyantes douces pour le corps au Calendula apaisant \u2013 B\u00e9b\u00e9 \u2013 Peau normale \u00e0 s\u00e8che 70 u - paragaleriedetalborjt<\/title>\n<meta name=\"robots\" content=\"index, follow, max-snippet:-1, max-image-preview:large, max-video-preview:-1\" \/>\n<link rel=\"canonical\" href=\"https:\/\/paragaleriedetalborjt.com\/en\/boutique\/klorane-lingettes-nettoyantes-douces-pour-le-corps-au-calendula-apaisant-bebe-peau-normale-a-seche-70-u\/\" \/>\n<meta property=\"og:locale\" content=\"en_US\" \/>\n<meta property=\"og:type\" content=\"article\" \/>\n<meta property=\"og:title\" content=\"Klorane \u2013 Lingettes nettoyantes douces pour le corps au Calendula apaisant \u2013 B\u00e9b\u00e9 \u2013 Peau normale \u00e0 s\u00e8che 70 u - paragaleriedetalborjt\" \/>\n<meta property=\"og:description\" content=\"Highlights:Les Lingettes nettoyantes Klorane B\u00e9b\u00e9 au Calendula sont enrichies en actifs doux d\u2019origine v\u00e9g\u00e9tale, pour purifier, hydrater et prot\u00e9ger la peau.\" \/>\n<meta property=\"og:url\" content=\"https:\/\/paragaleriedetalborjt.com\/en\/boutique\/klorane-lingettes-nettoyantes-douces-pour-le-corps-au-calendula-apaisant-bebe-peau-normale-a-seche-70-u\/\" \/>\n<meta property=\"og:site_name\" content=\"paragaleriedetalborjt\" \/>\n<meta property=\"og:image\" content=\"https:\/\/paragaleriedetalborjt.com\/wp-content\/uploads\/2026\/01\/3282770105001.jpg\" \/>\n\t<meta property=\"og:image:width\" content=\"595\" \/>\n\t<meta property=\"og:image:height\" content=\"655\" \/>\n\t<meta property=\"og:image:type\" content=\"image\/jpeg\" \/>\n<meta name=\"twitter:card\" content=\"summary_large_image\" \/>\n<meta name=\"twitter:label1\" content=\"Est. reading time\" \/>\n\t<meta name=\"twitter:data1\" content=\"1 minute\" \/>\n<script type=\"application\/ld+json\" class=\"yoast-schema-graph\">{\"@context\":\"https:\\\/\\\/schema.org\",\"@graph\":[{\"@type\":\"WebPage\",\"@id\":\"https:\\\/\\\/paragaleriedetalborjt.com\\\/boutique\\\/klorane-lingettes-nettoyantes-douces-pour-le-corps-au-calendula-apaisant-bebe-peau-normale-a-seche-70-u\\\/\",\"url\":\"https:\\\/\\\/paragaleriedetalborjt.com\\\/boutique\\\/klorane-lingettes-nettoyantes-douces-pour-le-corps-au-calendula-apaisant-bebe-peau-normale-a-seche-70-u\\\/\",\"name\":\"Klorane \u2013 Lingettes nettoyantes douces pour le corps au Calendula apaisant \u2013 B\u00e9b\u00e9 \u2013 Peau normale \u00e0 s\u00e8che 70 u - paragaleriedetalborjt\",\"isPartOf\":{\"@id\":\"https:\\\/\\\/paragaleriedetalborjt.com\\\/#website\"},\"primaryImageOfPage\":{\"@id\":\"https:\\\/\\\/paragaleriedetalborjt.com\\\/boutique\\\/klorane-lingettes-nettoyantes-douces-pour-le-corps-au-calendula-apaisant-bebe-peau-normale-a-seche-70-u\\\/#primaryimage\"},\"image\":{\"@id\":\"https:\\\/\\\/paragaleriedetalborjt.com\\\/boutique\\\/klorane-lingettes-nettoyantes-douces-pour-le-corps-au-calendula-apaisant-bebe-peau-normale-a-seche-70-u\\\/#primaryimage\"},\"thumbnailUrl\":\"https:\\\/\\\/paragaleriedetalborjt.com\\\/wp-content\\\/uploads\\\/2026\\\/01\\\/3282770105001.jpg\",\"datePublished\":\"2026-01-03T23:42:17+00:00\",\"breadcrumb\":{\"@id\":\"https:\\\/\\\/paragaleriedetalborjt.com\\\/boutique\\\/klorane-lingettes-nettoyantes-douces-pour-le-corps-au-calendula-apaisant-bebe-peau-normale-a-seche-70-u\\\/#breadcrumb\"},\"inLanguage\":\"en-US\",\"potentialAction\":[{\"@type\":\"ReadAction\",\"target\":[\"https:\\\/\\\/paragaleriedetalborjt.com\\\/boutique\\\/klorane-lingettes-nettoyantes-douces-pour-le-corps-au-calendula-apaisant-bebe-peau-normale-a-seche-70-u\\\/\"]}]},{\"@type\":\"ImageObject\",\"inLanguage\":\"en-US\",\"@id\":\"https:\\\/\\\/paragaleriedetalborjt.com\\\/boutique\\\/klorane-lingettes-nettoyantes-douces-pour-le-corps-au-calendula-apaisant-bebe-peau-normale-a-seche-70-u\\\/#primaryimage\",\"url\":\"https:\\\/\\\/paragaleriedetalborjt.com\\\/wp-content\\\/uploads\\\/2026\\\/01\\\/3282770105001.jpg\",\"contentUrl\":\"https:\\\/\\\/paragaleriedetalborjt.com\\\/wp-content\\\/uploads\\\/2026\\\/01\\\/3282770105001.jpg\",\"width\":595,\"height\":655},{\"@type\":\"BreadcrumbList\",\"@id\":\"https:\\\/\\\/paragaleriedetalborjt.com\\\/boutique\\\/klorane-lingettes-nettoyantes-douces-pour-le-corps-au-calendula-apaisant-bebe-peau-normale-a-seche-70-u\\\/#breadcrumb\",\"itemListElement\":[{\"@type\":\"ListItem\",\"position\":1,\"name\":\"Accueil\",\"item\":\"https:\\\/\\\/paragaleriedetalborjt.com\\\/\"},{\"@type\":\"ListItem\",\"position\":2,\"name\":\"Boutique\",\"item\":\"https:\\\/\\\/paragaleriedetalborjt.com\\\/boutique\\\/\"},{\"@type\":\"ListItem\",\"position\":3,\"name\":\"Klorane \u2013 Lingettes nettoyantes douces pour le corps au Calendula apaisant \u2013 B\u00e9b\u00e9 \u2013 Peau normale \u00e0 s\u00e8che 70 u\"}]},{\"@type\":\"WebSite\",\"@id\":\"https:\\\/\\\/paragaleriedetalborjt.com\\\/#website\",\"url\":\"https:\\\/\\\/paragaleriedetalborjt.com\\\/\",\"name\":\"paragaleriedetalborjt\",\"description\":\"\",\"potentialAction\":[{\"@type\":\"SearchAction\",\"target\":{\"@type\":\"EntryPoint\",\"urlTemplate\":\"https:\\\/\\\/paragaleriedetalborjt.com\\\/?s={search_term_string}\"},\"query-input\":{\"@type\":\"PropertyValueSpecification\",\"valueRequired\":true,\"valueName\":\"search_term_string\"}}],\"inLanguage\":\"en-US\"}]}<\/script>\n<!-- \/ Yoast SEO plugin. -->","yoast_head_json":{"title":"Klorane \u2013 Lingettes nettoyantes douces pour le corps au Calendula apaisant \u2013 B\u00e9b\u00e9 \u2013 Peau normale \u00e0 s\u00e8che 70 u - paragaleriedetalborjt","robots":{"index":"index","follow":"follow","max-snippet":"max-snippet:-1","max-image-preview":"max-image-preview:large","max-video-preview":"max-video-preview:-1"},"canonical":"https:\/\/paragaleriedetalborjt.com\/en\/boutique\/klorane-lingettes-nettoyantes-douces-pour-le-corps-au-calendula-apaisant-bebe-peau-normale-a-seche-70-u\/","og_locale":"en_US","og_type":"article","og_title":"Klorane \u2013 Lingettes nettoyantes douces pour le corps au Calendula apaisant \u2013 B\u00e9b\u00e9 \u2013 Peau normale \u00e0 s\u00e8che 70 u - paragaleriedetalborjt","og_description":"Highlights:Les Lingettes nettoyantes Klorane B\u00e9b\u00e9 au Calendula sont enrichies en actifs doux d\u2019origine v\u00e9g\u00e9tale, pour purifier, hydrater et prot\u00e9ger la peau.","og_url":"https:\/\/paragaleriedetalborjt.com\/en\/boutique\/klorane-lingettes-nettoyantes-douces-pour-le-corps-au-calendula-apaisant-bebe-peau-normale-a-seche-70-u\/","og_site_name":"paragaleriedetalborjt","og_image":[{"width":595,"height":655,"url":"https:\/\/paragaleriedetalborjt.com\/wp-content\/uploads\/2026\/01\/3282770105001.jpg","type":"image\/jpeg"}],"twitter_card":"summary_large_image","twitter_misc":{"Est. reading time":"1 minute"},"schema":{"@context":"https:\/\/schema.org","@graph":[{"@type":"WebPage","@id":"https:\/\/paragaleriedetalborjt.com\/boutique\/klorane-lingettes-nettoyantes-douces-pour-le-corps-au-calendula-apaisant-bebe-peau-normale-a-seche-70-u\/","url":"https:\/\/paragaleriedetalborjt.com\/boutique\/klorane-lingettes-nettoyantes-douces-pour-le-corps-au-calendula-apaisant-bebe-peau-normale-a-seche-70-u\/","name":"Klorane \u2013 Lingettes nettoyantes douces pour le corps au Calendula apaisant \u2013 B\u00e9b\u00e9 \u2013 Peau normale \u00e0 s\u00e8che 70 u - paragaleriedetalborjt","isPartOf":{"@id":"https:\/\/paragaleriedetalborjt.com\/#website"},"primaryImageOfPage":{"@id":"https:\/\/paragaleriedetalborjt.com\/boutique\/klorane-lingettes-nettoyantes-douces-pour-le-corps-au-calendula-apaisant-bebe-peau-normale-a-seche-70-u\/#primaryimage"},"image":{"@id":"https:\/\/paragaleriedetalborjt.com\/boutique\/klorane-lingettes-nettoyantes-douces-pour-le-corps-au-calendula-apaisant-bebe-peau-normale-a-seche-70-u\/#primaryimage"},"thumbnailUrl":"https:\/\/paragaleriedetalborjt.com\/wp-content\/uploads\/2026\/01\/3282770105001.jpg","datePublished":"2026-01-03T23:42:17+00:00","breadcrumb":{"@id":"https:\/\/paragaleriedetalborjt.com\/boutique\/klorane-lingettes-nettoyantes-douces-pour-le-corps-au-calendula-apaisant-bebe-peau-normale-a-seche-70-u\/#breadcrumb"},"inLanguage":"en-US","potentialAction":[{"@type":"ReadAction","target":["https:\/\/paragaleriedetalborjt.com\/boutique\/klorane-lingettes-nettoyantes-douces-pour-le-corps-au-calendula-apaisant-bebe-peau-normale-a-seche-70-u\/"]}]},{"@type":"ImageObject","inLanguage":"en-US","@id":"https:\/\/paragaleriedetalborjt.com\/boutique\/klorane-lingettes-nettoyantes-douces-pour-le-corps-au-calendula-apaisant-bebe-peau-normale-a-seche-70-u\/#primaryimage","url":"https:\/\/paragaleriedetalborjt.com\/wp-content\/uploads\/2026\/01\/3282770105001.jpg","contentUrl":"https:\/\/paragaleriedetalborjt.com\/wp-content\/uploads\/2026\/01\/3282770105001.jpg","width":595,"height":655},{"@type":"BreadcrumbList","@id":"https:\/\/paragaleriedetalborjt.com\/boutique\/klorane-lingettes-nettoyantes-douces-pour-le-corps-au-calendula-apaisant-bebe-peau-normale-a-seche-70-u\/#breadcrumb","itemListElement":[{"@type":"ListItem","position":1,"name":"Accueil","item":"https:\/\/paragaleriedetalborjt.com\/"},{"@type":"ListItem","position":2,"name":"Boutique","item":"https:\/\/paragaleriedetalborjt.com\/boutique\/"},{"@type":"ListItem","position":3,"name":"Klorane \u2013 Lingettes nettoyantes douces pour le corps au Calendula apaisant \u2013 B\u00e9b\u00e9 \u2013 Peau normale \u00e0 s\u00e8che 70 u"}]},{"@type":"WebSite","@id":"https:\/\/paragaleriedetalborjt.com\/#website","url":"https:\/\/paragaleriedetalborjt.com\/","name":"paragaleriedetalborjt","description":"","potentialAction":[{"@type":"SearchAction","target":{"@type":"EntryPoint","urlTemplate":"https:\/\/paragaleriedetalborjt.com\/?s={search_term_string}"},"query-input":{"@type":"PropertyValueSpecification","valueRequired":true,"valueName":"search_term_string"}}],"inLanguage":"en-US"}]}},"brands":[{"id":1573,"name":"KLORANE","slug":"klorane"}],"_links":{"self":[{"href":"https:\/\/paragaleriedetalborjt.com\/en\/wp-json\/wp\/v2\/product\/46861","targetHints":{"allow":["GET"]}}],"collection":[{"href":"https:\/\/paragaleriedetalborjt.com\/en\/wp-json\/wp\/v2\/product"}],"about":[{"href":"https:\/\/paragaleriedetalborjt.com\/en\/wp-json\/wp\/v2\/types\/product"}],"replies":[{"embeddable":true,"href":"https:\/\/paragaleriedetalborjt.com\/en\/wp-json\/wp\/v2\/comments?post=46861"}],"version-history":[{"count":1,"href":"https:\/\/paragaleriedetalborjt.com\/en\/wp-json\/wp\/v2\/product\/46861\/revisions"}],"predecessor-version":[{"id":46863,"href":"https:\/\/paragaleriedetalborjt.com\/en\/wp-json\/wp\/v2\/product\/46861\/revisions\/46863"}],"wp:featuredmedia":[{"embeddable":true,"href":"https:\/\/paragaleriedetalborjt.com\/en\/wp-json\/wp\/v2\/media\/46862"}],"wp:attachment":[{"href":"https:\/\/paragaleriedetalborjt.com\/en\/wp-json\/wp\/v2\/media?parent=46861"}],"wp:term":[{"taxonomy":"pwb-brand","embeddable":true,"href":"https:\/\/paragaleriedetalborjt.com\/en\/wp-json\/wp\/v2\/pwb-brand?post=46861"},{"taxonomy":"product_cat","embeddable":true,"href":"https:\/\/paragaleriedetalborjt.com\/en\/wp-json\/wp\/v2\/product_cat?post=46861"},{"taxonomy":"product_tag","embeddable":true,"href":"https:\/\/paragaleriedetalborjt.com\/en\/wp-json\/wp\/v2\/product_tag?post=46861"}],"curies":[{"name":"wp","href":"https:\/\/api.w.org\/{rel}","templated":true}]}}