{"id":46852,"date":"2026-01-04T00:41:52","date_gmt":"2026-01-03T23:41:52","guid":{"rendered":"https:\/\/paragaleriedetalborjt.com\/?post_type=product&#038;p=46852"},"modified":"2026-01-04T00:41:52","modified_gmt":"2026-01-03T23:41:52","slug":"klorane-shampoing-extra-doux-au-lait-davoine-400-ml","status":"publish","type":"product","link":"https:\/\/paragaleriedetalborjt.com\/en\/boutique\/klorane-shampoing-extra-doux-au-lait-davoine-400-ml\/","title":{"rendered":"Klorane Shampoing Extra-Doux au Lait d\u2019Avoine \u2013 400 ml"},"content":{"rendered":"<div aria-labelledby=\"tab-title-description\" class=\"woocommerce-Tabs-panel woocommerce-Tabs-panel--description panel entry-content wc-tab\" id=\"tab-description\" role=\"tabpanel\" style=\"\">\n<h2>Description<\/h2>\n<p>Description<br \/>\nDestin\u00e9 aux cheveux d\u00e9licats et fragilis\u00e9s, ce shampooing les adoucit, les prot\u00e8ge et facilite leur d\u00e9m\u00ealage. Il respecte le cuir chevelu et la tige pilaire. D\u2019une tr\u00e8s haute tol\u00e9rance p\u00e9diatrique et test\u00e9 sous contr\u00f4le dermatologique, ce shampooing d\u2019une extr\u00eame douceur et SANS CONSERVATEURS PARABENS convient aussi parfaitement aux enfants. Hydrat\u00e9s et prot\u00e9g\u00e9s, les cheveux de toute la famille retrouvent douceur et souplesse.<\/p>\n<p>Conseils d\u2019utilisation<br \/>\nAppliquer sur cheveux mouill\u00e9s. Un seul shampooing suffit. Rincer \u00e0 l\u2019eau claire. En cas de contact avec les yeux, rincer abondamment. D\u2019une tr\u00e8s grande douceur, il peut \u00eatre utiliser aussi souvent que n\u00e9cessaire par toute la famille.<\/p>\n<\/div>","protected":false},"excerpt":{"rendered":"<p>Highlights:Shampoing extra doux et protecteur, destin\u00e9 \u00e0 l\u2019usage fr\u00e9quent de toute la famille, m\u00eame pour les cheveux les plus d\u00e9licats.<\/p>","protected":false},"featured_media":46853,"comment_status":"open","ping_status":"closed","template":"","meta":[],"pwb-brand":[1573],"product_cat":[16],"product_tag":[],"class_list":{"0":"post-46852","1":"product","2":"type-product","3":"status-publish","4":"has-post-thumbnail","6":"pwb-brand-klorane","7":"product_cat-non-classe","8":"pa_brands-klorane","10":"first","11":"instock","12":"sale","13":"shipping-taxable","14":"purchasable","15":"product-type-simple"},"yoast_head":"<!-- This site is optimized with the Yoast SEO plugin v27.5 - https:\/\/yoast.com\/product\/yoast-seo-wordpress\/ -->\n<title>Klorane Shampoing Extra-Doux au Lait d\u2019Avoine \u2013 400 ml - paragaleriedetalborjt<\/title>\n<meta name=\"robots\" content=\"index, follow, max-snippet:-1, max-image-preview:large, max-video-preview:-1\" \/>\n<link rel=\"canonical\" href=\"https:\/\/paragaleriedetalborjt.com\/en\/boutique\/klorane-shampoing-extra-doux-au-lait-davoine-400-ml\/\" \/>\n<meta property=\"og:locale\" content=\"en_US\" \/>\n<meta property=\"og:type\" content=\"article\" \/>\n<meta property=\"og:title\" content=\"Klorane Shampoing Extra-Doux au Lait d\u2019Avoine \u2013 400 ml - paragaleriedetalborjt\" \/>\n<meta property=\"og:description\" content=\"Highlights:Shampoing extra doux et protecteur, destin\u00e9 \u00e0 l\u2019usage fr\u00e9quent de toute la famille, m\u00eame pour les cheveux les plus d\u00e9licats.\" \/>\n<meta property=\"og:url\" content=\"https:\/\/paragaleriedetalborjt.com\/en\/boutique\/klorane-shampoing-extra-doux-au-lait-davoine-400-ml\/\" \/>\n<meta property=\"og:site_name\" content=\"paragaleriedetalborjt\" \/>\n<meta property=\"og:image\" content=\"https:\/\/paragaleriedetalborjt.com\/wp-content\/uploads\/2026\/01\/klorane-shampooing-extra-doux-lait-davoine.jpg\" \/>\n\t<meta property=\"og:image:width\" content=\"595\" \/>\n\t<meta property=\"og:image:height\" content=\"655\" \/>\n\t<meta property=\"og:image:type\" content=\"image\/jpeg\" \/>\n<meta name=\"twitter:card\" content=\"summary_large_image\" \/>\n<meta name=\"twitter:label1\" content=\"Est. reading time\" \/>\n\t<meta name=\"twitter:data1\" content=\"1 minute\" \/>\n<script type=\"application\/ld+json\" class=\"yoast-schema-graph\">{\"@context\":\"https:\\\/\\\/schema.org\",\"@graph\":[{\"@type\":\"WebPage\",\"@id\":\"https:\\\/\\\/paragaleriedetalborjt.com\\\/boutique\\\/klorane-shampoing-extra-doux-au-lait-davoine-400-ml\\\/\",\"url\":\"https:\\\/\\\/paragaleriedetalborjt.com\\\/boutique\\\/klorane-shampoing-extra-doux-au-lait-davoine-400-ml\\\/\",\"name\":\"Klorane Shampoing Extra-Doux au Lait d\u2019Avoine \u2013 400 ml - paragaleriedetalborjt\",\"isPartOf\":{\"@id\":\"https:\\\/\\\/paragaleriedetalborjt.com\\\/#website\"},\"primaryImageOfPage\":{\"@id\":\"https:\\\/\\\/paragaleriedetalborjt.com\\\/boutique\\\/klorane-shampoing-extra-doux-au-lait-davoine-400-ml\\\/#primaryimage\"},\"image\":{\"@id\":\"https:\\\/\\\/paragaleriedetalborjt.com\\\/boutique\\\/klorane-shampoing-extra-doux-au-lait-davoine-400-ml\\\/#primaryimage\"},\"thumbnailUrl\":\"https:\\\/\\\/paragaleriedetalborjt.com\\\/wp-content\\\/uploads\\\/2026\\\/01\\\/klorane-shampooing-extra-doux-lait-davoine.jpg\",\"datePublished\":\"2026-01-03T23:41:52+00:00\",\"breadcrumb\":{\"@id\":\"https:\\\/\\\/paragaleriedetalborjt.com\\\/boutique\\\/klorane-shampoing-extra-doux-au-lait-davoine-400-ml\\\/#breadcrumb\"},\"inLanguage\":\"en-US\",\"potentialAction\":[{\"@type\":\"ReadAction\",\"target\":[\"https:\\\/\\\/paragaleriedetalborjt.com\\\/boutique\\\/klorane-shampoing-extra-doux-au-lait-davoine-400-ml\\\/\"]}]},{\"@type\":\"ImageObject\",\"inLanguage\":\"en-US\",\"@id\":\"https:\\\/\\\/paragaleriedetalborjt.com\\\/boutique\\\/klorane-shampoing-extra-doux-au-lait-davoine-400-ml\\\/#primaryimage\",\"url\":\"https:\\\/\\\/paragaleriedetalborjt.com\\\/wp-content\\\/uploads\\\/2026\\\/01\\\/klorane-shampooing-extra-doux-lait-davoine.jpg\",\"contentUrl\":\"https:\\\/\\\/paragaleriedetalborjt.com\\\/wp-content\\\/uploads\\\/2026\\\/01\\\/klorane-shampooing-extra-doux-lait-davoine.jpg\",\"width\":595,\"height\":655},{\"@type\":\"BreadcrumbList\",\"@id\":\"https:\\\/\\\/paragaleriedetalborjt.com\\\/boutique\\\/klorane-shampoing-extra-doux-au-lait-davoine-400-ml\\\/#breadcrumb\",\"itemListElement\":[{\"@type\":\"ListItem\",\"position\":1,\"name\":\"Accueil\",\"item\":\"https:\\\/\\\/paragaleriedetalborjt.com\\\/\"},{\"@type\":\"ListItem\",\"position\":2,\"name\":\"Boutique\",\"item\":\"https:\\\/\\\/paragaleriedetalborjt.com\\\/boutique\\\/\"},{\"@type\":\"ListItem\",\"position\":3,\"name\":\"Klorane Shampoing Extra-Doux au Lait d\u2019Avoine \u2013 400 ml\"}]},{\"@type\":\"WebSite\",\"@id\":\"https:\\\/\\\/paragaleriedetalborjt.com\\\/#website\",\"url\":\"https:\\\/\\\/paragaleriedetalborjt.com\\\/\",\"name\":\"paragaleriedetalborjt\",\"description\":\"\",\"potentialAction\":[{\"@type\":\"SearchAction\",\"target\":{\"@type\":\"EntryPoint\",\"urlTemplate\":\"https:\\\/\\\/paragaleriedetalborjt.com\\\/?s={search_term_string}\"},\"query-input\":{\"@type\":\"PropertyValueSpecification\",\"valueRequired\":true,\"valueName\":\"search_term_string\"}}],\"inLanguage\":\"en-US\"}]}<\/script>\n<!-- \/ Yoast SEO plugin. -->","yoast_head_json":{"title":"Klorane Shampoing Extra-Doux au Lait d\u2019Avoine \u2013 400 ml - paragaleriedetalborjt","robots":{"index":"index","follow":"follow","max-snippet":"max-snippet:-1","max-image-preview":"max-image-preview:large","max-video-preview":"max-video-preview:-1"},"canonical":"https:\/\/paragaleriedetalborjt.com\/en\/boutique\/klorane-shampoing-extra-doux-au-lait-davoine-400-ml\/","og_locale":"en_US","og_type":"article","og_title":"Klorane Shampoing Extra-Doux au Lait d\u2019Avoine \u2013 400 ml - paragaleriedetalborjt","og_description":"Highlights:Shampoing extra doux et protecteur, destin\u00e9 \u00e0 l\u2019usage fr\u00e9quent de toute la famille, m\u00eame pour les cheveux les plus d\u00e9licats.","og_url":"https:\/\/paragaleriedetalborjt.com\/en\/boutique\/klorane-shampoing-extra-doux-au-lait-davoine-400-ml\/","og_site_name":"paragaleriedetalborjt","og_image":[{"width":595,"height":655,"url":"https:\/\/paragaleriedetalborjt.com\/wp-content\/uploads\/2026\/01\/klorane-shampooing-extra-doux-lait-davoine.jpg","type":"image\/jpeg"}],"twitter_card":"summary_large_image","twitter_misc":{"Est. reading time":"1 minute"},"schema":{"@context":"https:\/\/schema.org","@graph":[{"@type":"WebPage","@id":"https:\/\/paragaleriedetalborjt.com\/boutique\/klorane-shampoing-extra-doux-au-lait-davoine-400-ml\/","url":"https:\/\/paragaleriedetalborjt.com\/boutique\/klorane-shampoing-extra-doux-au-lait-davoine-400-ml\/","name":"Klorane Shampoing Extra-Doux au Lait d\u2019Avoine \u2013 400 ml - paragaleriedetalborjt","isPartOf":{"@id":"https:\/\/paragaleriedetalborjt.com\/#website"},"primaryImageOfPage":{"@id":"https:\/\/paragaleriedetalborjt.com\/boutique\/klorane-shampoing-extra-doux-au-lait-davoine-400-ml\/#primaryimage"},"image":{"@id":"https:\/\/paragaleriedetalborjt.com\/boutique\/klorane-shampoing-extra-doux-au-lait-davoine-400-ml\/#primaryimage"},"thumbnailUrl":"https:\/\/paragaleriedetalborjt.com\/wp-content\/uploads\/2026\/01\/klorane-shampooing-extra-doux-lait-davoine.jpg","datePublished":"2026-01-03T23:41:52+00:00","breadcrumb":{"@id":"https:\/\/paragaleriedetalborjt.com\/boutique\/klorane-shampoing-extra-doux-au-lait-davoine-400-ml\/#breadcrumb"},"inLanguage":"en-US","potentialAction":[{"@type":"ReadAction","target":["https:\/\/paragaleriedetalborjt.com\/boutique\/klorane-shampoing-extra-doux-au-lait-davoine-400-ml\/"]}]},{"@type":"ImageObject","inLanguage":"en-US","@id":"https:\/\/paragaleriedetalborjt.com\/boutique\/klorane-shampoing-extra-doux-au-lait-davoine-400-ml\/#primaryimage","url":"https:\/\/paragaleriedetalborjt.com\/wp-content\/uploads\/2026\/01\/klorane-shampooing-extra-doux-lait-davoine.jpg","contentUrl":"https:\/\/paragaleriedetalborjt.com\/wp-content\/uploads\/2026\/01\/klorane-shampooing-extra-doux-lait-davoine.jpg","width":595,"height":655},{"@type":"BreadcrumbList","@id":"https:\/\/paragaleriedetalborjt.com\/boutique\/klorane-shampoing-extra-doux-au-lait-davoine-400-ml\/#breadcrumb","itemListElement":[{"@type":"ListItem","position":1,"name":"Accueil","item":"https:\/\/paragaleriedetalborjt.com\/"},{"@type":"ListItem","position":2,"name":"Boutique","item":"https:\/\/paragaleriedetalborjt.com\/boutique\/"},{"@type":"ListItem","position":3,"name":"Klorane Shampoing Extra-Doux au Lait d\u2019Avoine \u2013 400 ml"}]},{"@type":"WebSite","@id":"https:\/\/paragaleriedetalborjt.com\/#website","url":"https:\/\/paragaleriedetalborjt.com\/","name":"paragaleriedetalborjt","description":"","potentialAction":[{"@type":"SearchAction","target":{"@type":"EntryPoint","urlTemplate":"https:\/\/paragaleriedetalborjt.com\/?s={search_term_string}"},"query-input":{"@type":"PropertyValueSpecification","valueRequired":true,"valueName":"search_term_string"}}],"inLanguage":"en-US"}]}},"brands":[{"id":1573,"name":"KLORANE","slug":"klorane"}],"_links":{"self":[{"href":"https:\/\/paragaleriedetalborjt.com\/en\/wp-json\/wp\/v2\/product\/46852","targetHints":{"allow":["GET"]}}],"collection":[{"href":"https:\/\/paragaleriedetalborjt.com\/en\/wp-json\/wp\/v2\/product"}],"about":[{"href":"https:\/\/paragaleriedetalborjt.com\/en\/wp-json\/wp\/v2\/types\/product"}],"replies":[{"embeddable":true,"href":"https:\/\/paragaleriedetalborjt.com\/en\/wp-json\/wp\/v2\/comments?post=46852"}],"version-history":[{"count":1,"href":"https:\/\/paragaleriedetalborjt.com\/en\/wp-json\/wp\/v2\/product\/46852\/revisions"}],"predecessor-version":[{"id":46854,"href":"https:\/\/paragaleriedetalborjt.com\/en\/wp-json\/wp\/v2\/product\/46852\/revisions\/46854"}],"wp:featuredmedia":[{"embeddable":true,"href":"https:\/\/paragaleriedetalborjt.com\/en\/wp-json\/wp\/v2\/media\/46853"}],"wp:attachment":[{"href":"https:\/\/paragaleriedetalborjt.com\/en\/wp-json\/wp\/v2\/media?parent=46852"}],"wp:term":[{"taxonomy":"pwb-brand","embeddable":true,"href":"https:\/\/paragaleriedetalborjt.com\/en\/wp-json\/wp\/v2\/pwb-brand?post=46852"},{"taxonomy":"product_cat","embeddable":true,"href":"https:\/\/paragaleriedetalborjt.com\/en\/wp-json\/wp\/v2\/product_cat?post=46852"},{"taxonomy":"product_tag","embeddable":true,"href":"https:\/\/paragaleriedetalborjt.com\/en\/wp-json\/wp\/v2\/product_tag?post=46852"}],"curies":[{"name":"wp","href":"https:\/\/api.w.org\/{rel}","templated":true}]}}