{"id":46729,"date":"2026-01-04T00:36:26","date_gmt":"2026-01-03T23:36:26","guid":{"rendered":"https:\/\/paragaleriedetalborjt.com\/?post_type=product&#038;p=46729"},"modified":"2026-01-04T00:36:26","modified_gmt":"2026-01-03T23:36:26","slug":"ducray-creme-desincrustante-keracnyl-glycolic-30-ml","status":"publish","type":"product","link":"https:\/\/paragaleriedetalborjt.com\/en\/boutique\/ducray-creme-desincrustante-keracnyl-glycolic-30-ml\/","title":{"rendered":"Ducray Cr\u00e8me D\u00e9sincrustante KERACNYL GLYCOLIC+ 30 ml"},"content":{"rendered":"<div aria-labelledby=\"tab-title-description\" class=\"woocommerce-Tabs-panel woocommerce-Tabs-panel--description panel entry-content wc-tab\" id=\"tab-description\" role=\"tabpanel\" style=\"\">\n<h2>Description<\/h2>\n<header class=\"m-Collapsible__header m-Collapsible__header--last m-Collapsible__header--first@small-tiny\">\n<p class=\"m-Collapsible__button u-no-margin a-h3\">\u2022 La\u00a0cr\u00e8me\u00a0KERACNYL GLYCOLIC+\u00a0est un soin d\u00e9sincrustant \u00e0 destination des peaux jeunes \u00e0 tendance acn\u00e9ique ou adultes<br \/>\n\u2022 Elle favorise la disparition des boutons et\u00a0points noirs, et limite la brillance de la peau due \u00e0 la surproduction de s\u00e9bum<br \/>\n\u2022 Tr\u00e8s bonne base de maquillage pour les peaux sujettes \u00e0 tendance acn\u00e9ique<\/p>\n<p>\u2022 FAVORISE la disparition des points noirs avec l\u2019ACIDE GLYCOLIQUE, actif k\u00e9ratolytique, qui d\u00e9sincruste les pores et permet une exfoliation douce de la peau<br \/>\n\u2022 FAVORISE le r\u00e9\u00e9quilibre de la flore bact\u00e9rienne et contribue \u00e0 \u00e9liminer les boutons avec l\u2019extrait naturel de MYRTACINE\u00ae<br \/>\n\u2022 PEUT ETRE UTILISE comme base de maquillage<\/p>\n<p><strong>Conseils d\u2019utilisation :<\/strong><\/p>\n<p>\u2022 Appliquer 1 \u00e0 2 fois par jour sur une peau s\u00e8che, nettoy\u00e9e pr\u00e9alablement avec KERACNYL Gel Moussant<br \/>\n\u2022 Non com\u00e9dog\u00e8ne<br \/>\n\u2022 Elabor\u00e9 pour minimiser les risques de r\u00e9actions allergiques<\/p>\n<p><strong>Pr\u00e9cautions d\u2019emploi :<\/strong><br \/>\n\u2022 Eviter le contact avec les yeux<br \/>\n\u2022 Limiter l\u2019exposition solaire durant l\u2019utilisation du produit ou utiliser une protection solaire<\/p>\n<\/header>\n<\/div>","protected":false},"excerpt":{"rendered":"<p>Highlights:\u2022 La\u00a0cr\u00e8me\u00a0KERACNYL GLYCOLIC+\u00a0est un soin d\u00e9sincrustant \u00e0 destination des peaux jeunes \u00e0 tendance acn\u00e9ique ou adultes<\/p>","protected":false},"featured_media":46730,"comment_status":"open","ping_status":"closed","template":"","meta":[],"pwb-brand":[1583],"product_cat":[16],"product_tag":[],"class_list":{"0":"post-46729","1":"product","2":"type-product","3":"status-publish","4":"has-post-thumbnail","6":"pwb-brand-ducray","7":"product_cat-non-classe","8":"pa_brands-ducray","10":"first","11":"instock","12":"sale","13":"shipping-taxable","14":"purchasable","15":"product-type-simple"},"yoast_head":"<!-- This site is optimized with the Yoast SEO plugin v27.5 - https:\/\/yoast.com\/product\/yoast-seo-wordpress\/ -->\n<title>Ducray Cr\u00e8me D\u00e9sincrustante KERACNYL GLYCOLIC+ 30 ml - paragaleriedetalborjt<\/title>\n<meta name=\"robots\" content=\"index, follow, max-snippet:-1, max-image-preview:large, max-video-preview:-1\" \/>\n<link rel=\"canonical\" href=\"https:\/\/paragaleriedetalborjt.com\/en\/boutique\/ducray-creme-desincrustante-keracnyl-glycolic-30-ml\/\" \/>\n<meta property=\"og:locale\" content=\"en_US\" \/>\n<meta property=\"og:type\" content=\"article\" \/>\n<meta property=\"og:title\" content=\"Ducray Cr\u00e8me D\u00e9sincrustante KERACNYL GLYCOLIC+ 30 ml - paragaleriedetalborjt\" \/>\n<meta property=\"og:description\" content=\"Highlights:\u2022 La\u00a0cr\u00e8me\u00a0KERACNYL GLYCOLIC+\u00a0est un soin d\u00e9sincrustant \u00e0 destination des peaux jeunes \u00e0 tendance acn\u00e9ique ou adultes\" \/>\n<meta property=\"og:url\" content=\"https:\/\/paragaleriedetalborjt.com\/en\/boutique\/ducray-creme-desincrustante-keracnyl-glycolic-30-ml\/\" \/>\n<meta property=\"og:site_name\" content=\"paragaleriedetalborjt\" \/>\n<meta property=\"og:image\" content=\"https:\/\/paragaleriedetalborjt.com\/wp-content\/uploads\/2026\/01\/keracnyl-glycolic.jpg\" \/>\n\t<meta property=\"og:image:width\" content=\"595\" \/>\n\t<meta property=\"og:image:height\" content=\"655\" \/>\n\t<meta property=\"og:image:type\" content=\"image\/jpeg\" \/>\n<meta name=\"twitter:card\" content=\"summary_large_image\" \/>\n<meta name=\"twitter:label1\" content=\"Est. reading time\" \/>\n\t<meta name=\"twitter:data1\" content=\"1 minute\" \/>\n<script type=\"application\/ld+json\" class=\"yoast-schema-graph\">{\"@context\":\"https:\\\/\\\/schema.org\",\"@graph\":[{\"@type\":\"WebPage\",\"@id\":\"https:\\\/\\\/paragaleriedetalborjt.com\\\/boutique\\\/ducray-creme-desincrustante-keracnyl-glycolic-30-ml\\\/\",\"url\":\"https:\\\/\\\/paragaleriedetalborjt.com\\\/boutique\\\/ducray-creme-desincrustante-keracnyl-glycolic-30-ml\\\/\",\"name\":\"Ducray Cr\u00e8me D\u00e9sincrustante KERACNYL GLYCOLIC+ 30 ml - paragaleriedetalborjt\",\"isPartOf\":{\"@id\":\"https:\\\/\\\/paragaleriedetalborjt.com\\\/#website\"},\"primaryImageOfPage\":{\"@id\":\"https:\\\/\\\/paragaleriedetalborjt.com\\\/boutique\\\/ducray-creme-desincrustante-keracnyl-glycolic-30-ml\\\/#primaryimage\"},\"image\":{\"@id\":\"https:\\\/\\\/paragaleriedetalborjt.com\\\/boutique\\\/ducray-creme-desincrustante-keracnyl-glycolic-30-ml\\\/#primaryimage\"},\"thumbnailUrl\":\"https:\\\/\\\/paragaleriedetalborjt.com\\\/wp-content\\\/uploads\\\/2026\\\/01\\\/keracnyl-glycolic.jpg\",\"datePublished\":\"2026-01-03T23:36:26+00:00\",\"breadcrumb\":{\"@id\":\"https:\\\/\\\/paragaleriedetalborjt.com\\\/boutique\\\/ducray-creme-desincrustante-keracnyl-glycolic-30-ml\\\/#breadcrumb\"},\"inLanguage\":\"en-US\",\"potentialAction\":[{\"@type\":\"ReadAction\",\"target\":[\"https:\\\/\\\/paragaleriedetalborjt.com\\\/boutique\\\/ducray-creme-desincrustante-keracnyl-glycolic-30-ml\\\/\"]}]},{\"@type\":\"ImageObject\",\"inLanguage\":\"en-US\",\"@id\":\"https:\\\/\\\/paragaleriedetalborjt.com\\\/boutique\\\/ducray-creme-desincrustante-keracnyl-glycolic-30-ml\\\/#primaryimage\",\"url\":\"https:\\\/\\\/paragaleriedetalborjt.com\\\/wp-content\\\/uploads\\\/2026\\\/01\\\/keracnyl-glycolic.jpg\",\"contentUrl\":\"https:\\\/\\\/paragaleriedetalborjt.com\\\/wp-content\\\/uploads\\\/2026\\\/01\\\/keracnyl-glycolic.jpg\",\"width\":595,\"height\":655},{\"@type\":\"BreadcrumbList\",\"@id\":\"https:\\\/\\\/paragaleriedetalborjt.com\\\/boutique\\\/ducray-creme-desincrustante-keracnyl-glycolic-30-ml\\\/#breadcrumb\",\"itemListElement\":[{\"@type\":\"ListItem\",\"position\":1,\"name\":\"Accueil\",\"item\":\"https:\\\/\\\/paragaleriedetalborjt.com\\\/\"},{\"@type\":\"ListItem\",\"position\":2,\"name\":\"Boutique\",\"item\":\"https:\\\/\\\/paragaleriedetalborjt.com\\\/boutique\\\/\"},{\"@type\":\"ListItem\",\"position\":3,\"name\":\"Ducray Cr\u00e8me D\u00e9sincrustante KERACNYL GLYCOLIC+ 30 ml\"}]},{\"@type\":\"WebSite\",\"@id\":\"https:\\\/\\\/paragaleriedetalborjt.com\\\/#website\",\"url\":\"https:\\\/\\\/paragaleriedetalborjt.com\\\/\",\"name\":\"paragaleriedetalborjt\",\"description\":\"\",\"potentialAction\":[{\"@type\":\"SearchAction\",\"target\":{\"@type\":\"EntryPoint\",\"urlTemplate\":\"https:\\\/\\\/paragaleriedetalborjt.com\\\/?s={search_term_string}\"},\"query-input\":{\"@type\":\"PropertyValueSpecification\",\"valueRequired\":true,\"valueName\":\"search_term_string\"}}],\"inLanguage\":\"en-US\"}]}<\/script>\n<!-- \/ Yoast SEO plugin. -->","yoast_head_json":{"title":"Ducray Cr\u00e8me D\u00e9sincrustante KERACNYL GLYCOLIC+ 30 ml - paragaleriedetalborjt","robots":{"index":"index","follow":"follow","max-snippet":"max-snippet:-1","max-image-preview":"max-image-preview:large","max-video-preview":"max-video-preview:-1"},"canonical":"https:\/\/paragaleriedetalborjt.com\/en\/boutique\/ducray-creme-desincrustante-keracnyl-glycolic-30-ml\/","og_locale":"en_US","og_type":"article","og_title":"Ducray Cr\u00e8me D\u00e9sincrustante KERACNYL GLYCOLIC+ 30 ml - paragaleriedetalborjt","og_description":"Highlights:\u2022 La\u00a0cr\u00e8me\u00a0KERACNYL GLYCOLIC+\u00a0est un soin d\u00e9sincrustant \u00e0 destination des peaux jeunes \u00e0 tendance acn\u00e9ique ou adultes","og_url":"https:\/\/paragaleriedetalborjt.com\/en\/boutique\/ducray-creme-desincrustante-keracnyl-glycolic-30-ml\/","og_site_name":"paragaleriedetalborjt","og_image":[{"width":595,"height":655,"url":"https:\/\/paragaleriedetalborjt.com\/wp-content\/uploads\/2026\/01\/keracnyl-glycolic.jpg","type":"image\/jpeg"}],"twitter_card":"summary_large_image","twitter_misc":{"Est. reading time":"1 minute"},"schema":{"@context":"https:\/\/schema.org","@graph":[{"@type":"WebPage","@id":"https:\/\/paragaleriedetalborjt.com\/boutique\/ducray-creme-desincrustante-keracnyl-glycolic-30-ml\/","url":"https:\/\/paragaleriedetalborjt.com\/boutique\/ducray-creme-desincrustante-keracnyl-glycolic-30-ml\/","name":"Ducray Cr\u00e8me D\u00e9sincrustante KERACNYL GLYCOLIC+ 30 ml - paragaleriedetalborjt","isPartOf":{"@id":"https:\/\/paragaleriedetalborjt.com\/#website"},"primaryImageOfPage":{"@id":"https:\/\/paragaleriedetalborjt.com\/boutique\/ducray-creme-desincrustante-keracnyl-glycolic-30-ml\/#primaryimage"},"image":{"@id":"https:\/\/paragaleriedetalborjt.com\/boutique\/ducray-creme-desincrustante-keracnyl-glycolic-30-ml\/#primaryimage"},"thumbnailUrl":"https:\/\/paragaleriedetalborjt.com\/wp-content\/uploads\/2026\/01\/keracnyl-glycolic.jpg","datePublished":"2026-01-03T23:36:26+00:00","breadcrumb":{"@id":"https:\/\/paragaleriedetalborjt.com\/boutique\/ducray-creme-desincrustante-keracnyl-glycolic-30-ml\/#breadcrumb"},"inLanguage":"en-US","potentialAction":[{"@type":"ReadAction","target":["https:\/\/paragaleriedetalborjt.com\/boutique\/ducray-creme-desincrustante-keracnyl-glycolic-30-ml\/"]}]},{"@type":"ImageObject","inLanguage":"en-US","@id":"https:\/\/paragaleriedetalborjt.com\/boutique\/ducray-creme-desincrustante-keracnyl-glycolic-30-ml\/#primaryimage","url":"https:\/\/paragaleriedetalborjt.com\/wp-content\/uploads\/2026\/01\/keracnyl-glycolic.jpg","contentUrl":"https:\/\/paragaleriedetalborjt.com\/wp-content\/uploads\/2026\/01\/keracnyl-glycolic.jpg","width":595,"height":655},{"@type":"BreadcrumbList","@id":"https:\/\/paragaleriedetalborjt.com\/boutique\/ducray-creme-desincrustante-keracnyl-glycolic-30-ml\/#breadcrumb","itemListElement":[{"@type":"ListItem","position":1,"name":"Accueil","item":"https:\/\/paragaleriedetalborjt.com\/"},{"@type":"ListItem","position":2,"name":"Boutique","item":"https:\/\/paragaleriedetalborjt.com\/boutique\/"},{"@type":"ListItem","position":3,"name":"Ducray Cr\u00e8me D\u00e9sincrustante KERACNYL GLYCOLIC+ 30 ml"}]},{"@type":"WebSite","@id":"https:\/\/paragaleriedetalborjt.com\/#website","url":"https:\/\/paragaleriedetalborjt.com\/","name":"paragaleriedetalborjt","description":"","potentialAction":[{"@type":"SearchAction","target":{"@type":"EntryPoint","urlTemplate":"https:\/\/paragaleriedetalborjt.com\/?s={search_term_string}"},"query-input":{"@type":"PropertyValueSpecification","valueRequired":true,"valueName":"search_term_string"}}],"inLanguage":"en-US"}]}},"brands":[{"id":1583,"name":"DUCRAY","slug":"ducray"}],"_links":{"self":[{"href":"https:\/\/paragaleriedetalborjt.com\/en\/wp-json\/wp\/v2\/product\/46729","targetHints":{"allow":["GET"]}}],"collection":[{"href":"https:\/\/paragaleriedetalborjt.com\/en\/wp-json\/wp\/v2\/product"}],"about":[{"href":"https:\/\/paragaleriedetalborjt.com\/en\/wp-json\/wp\/v2\/types\/product"}],"replies":[{"embeddable":true,"href":"https:\/\/paragaleriedetalborjt.com\/en\/wp-json\/wp\/v2\/comments?post=46729"}],"version-history":[{"count":1,"href":"https:\/\/paragaleriedetalborjt.com\/en\/wp-json\/wp\/v2\/product\/46729\/revisions"}],"predecessor-version":[{"id":46731,"href":"https:\/\/paragaleriedetalborjt.com\/en\/wp-json\/wp\/v2\/product\/46729\/revisions\/46731"}],"wp:featuredmedia":[{"embeddable":true,"href":"https:\/\/paragaleriedetalborjt.com\/en\/wp-json\/wp\/v2\/media\/46730"}],"wp:attachment":[{"href":"https:\/\/paragaleriedetalborjt.com\/en\/wp-json\/wp\/v2\/media?parent=46729"}],"wp:term":[{"taxonomy":"pwb-brand","embeddable":true,"href":"https:\/\/paragaleriedetalborjt.com\/en\/wp-json\/wp\/v2\/pwb-brand?post=46729"},{"taxonomy":"product_cat","embeddable":true,"href":"https:\/\/paragaleriedetalborjt.com\/en\/wp-json\/wp\/v2\/product_cat?post=46729"},{"taxonomy":"product_tag","embeddable":true,"href":"https:\/\/paragaleriedetalborjt.com\/en\/wp-json\/wp\/v2\/product_tag?post=46729"}],"curies":[{"name":"wp","href":"https:\/\/api.w.org\/{rel}","templated":true}]}}