{"id":46628,"date":"2026-01-04T00:31:38","date_gmt":"2026-01-03T23:31:38","guid":{"rendered":"https:\/\/paragaleriedetalborjt.com\/?post_type=product&#038;p=46628"},"modified":"2026-01-04T00:31:39","modified_gmt":"2026-01-03T23:31:39","slug":"bjorn-axen-dry-spray-texture-volume-200ml","status":"publish","type":"product","link":"https:\/\/paragaleriedetalborjt.com\/en\/boutique\/bjorn-axen-dry-spray-texture-volume-200ml\/","title":{"rendered":"Bjorn Axen Dry Spray Texture &#038; Volume 200ml"},"content":{"rendered":"<div aria-labelledby=\"tab-title-description\" class=\"woocommerce-Tabs-panel woocommerce-Tabs-panel--description panel entry-content wc-tab\" id=\"tab-description\" role=\"tabpanel\" style=\"\">\n<h2>Description<\/h2>\n<div class=\"woocommerce-product-details__short-description\">\n<div class=\"woocommerce-product-details__short-description\">\n<div class=\"woocommerce-product-details__short-description\">\n<p>\u00a0Parfait pour les franges. Laisse les cheveux volumineux et pleins de texture, sans sensation de raideur. Le produit est v\u00e9g\u00e9talien et test\u00e9 dermatologiquement.<\/p>\n<div class=\"woocommerce-tabs wc-tabs-wrapper\">\n<div aria-labelledby=\"tab-title-mode-dapplication\" class=\"woocommerce-Tabs-panel woocommerce-Tabs-panel--mode-dapplication panel entry-content wc-tab\" id=\"tab-mode-dapplication\" role=\"tabpanel\" style=\"display: none;\">\n<p>Appliquer sur cheveux secs. Vaporiser pr\u00e8s des racines pour un maximum de volume. Pour cr\u00e9er \u00e0 la fois de la texture et du volume, appliquer sur l\u2019ensemble de la chevelure \u00e0 une distance de 15 cm<\/p>\n<\/div>\n<\/div>\n<div aria-hidden=\"true\" class=\"sticky-cart-form sticky-cart-form--bottom sticky-cart-form--unpin\" data-position=\"bottom\">\n<div class=\"konte-container sticky-cart-form__container\">\n<div class=\"sticky-cart-form__product-summary\"><\/div>\n<\/div>\n<\/div>\n<\/div>\n<\/div>\n<\/div>\n<div id=\"gtx-trans\" style=\"position: absolute;left: -207px;top: -3px\">\n<div class=\"gtx-trans-icon\"><\/div>\n<\/div>\n<\/div>","protected":false},"excerpt":{"rendered":"<p>Highlights:Un spray sec qui cr\u00e9e instantan\u00e9ment une texture et un volume durables, sans laisser de r\u00e9sidus.<\/p>","protected":false},"featured_media":46629,"comment_status":"open","ping_status":"closed","template":"","meta":[],"pwb-brand":[1748],"product_cat":[16],"product_tag":[],"class_list":{"0":"post-46628","1":"product","2":"type-product","3":"status-publish","4":"has-post-thumbnail","6":"pwb-brand-bjorn-axen","7":"product_cat-non-classe","8":"pa_brands-bjorn-axen","10":"first","11":"instock","12":"sale","13":"shipping-taxable","14":"purchasable","15":"product-type-simple"},"yoast_head":"<!-- This site is optimized with the Yoast SEO plugin v27.5 - https:\/\/yoast.com\/product\/yoast-seo-wordpress\/ -->\n<title>Bjorn Axen Dry Spray Texture &amp; Volume 200ml - paragaleriedetalborjt<\/title>\n<meta name=\"robots\" content=\"index, follow, max-snippet:-1, max-image-preview:large, max-video-preview:-1\" \/>\n<link rel=\"canonical\" href=\"https:\/\/paragaleriedetalborjt.com\/en\/boutique\/bjorn-axen-dry-spray-texture-volume-200ml\/\" \/>\n<meta property=\"og:locale\" content=\"en_US\" \/>\n<meta property=\"og:type\" content=\"article\" \/>\n<meta property=\"og:title\" content=\"Bjorn Axen Dry Spray Texture &amp; Volume 200ml - paragaleriedetalborjt\" \/>\n<meta property=\"og:description\" content=\"Highlights:Un spray sec qui cr\u00e9e instantan\u00e9ment une texture et un volume durables, sans laisser de r\u00e9sidus.\" \/>\n<meta property=\"og:url\" content=\"https:\/\/paragaleriedetalborjt.com\/en\/boutique\/bjorn-axen-dry-spray-texture-volume-200ml\/\" \/>\n<meta property=\"og:site_name\" content=\"paragaleriedetalborjt\" \/>\n<meta property=\"article:modified_time\" content=\"2026-01-03T23:31:39+00:00\" \/>\n<meta property=\"og:image\" content=\"https:\/\/paragaleriedetalborjt.com\/wp-content\/uploads\/2026\/01\/Bjorn-Axen-Dry-spray-texture-volume-200ml-600x600-1.jpg\" \/>\n\t<meta property=\"og:image:width\" content=\"600\" \/>\n\t<meta property=\"og:image:height\" content=\"600\" \/>\n\t<meta property=\"og:image:type\" content=\"image\/jpeg\" \/>\n<meta name=\"twitter:card\" content=\"summary_large_image\" \/>\n<script type=\"application\/ld+json\" class=\"yoast-schema-graph\">{\"@context\":\"https:\\\/\\\/schema.org\",\"@graph\":[{\"@type\":\"WebPage\",\"@id\":\"https:\\\/\\\/paragaleriedetalborjt.com\\\/boutique\\\/bjorn-axen-dry-spray-texture-volume-200ml\\\/\",\"url\":\"https:\\\/\\\/paragaleriedetalborjt.com\\\/boutique\\\/bjorn-axen-dry-spray-texture-volume-200ml\\\/\",\"name\":\"Bjorn Axen Dry Spray Texture & Volume 200ml - paragaleriedetalborjt\",\"isPartOf\":{\"@id\":\"https:\\\/\\\/paragaleriedetalborjt.com\\\/#website\"},\"primaryImageOfPage\":{\"@id\":\"https:\\\/\\\/paragaleriedetalborjt.com\\\/boutique\\\/bjorn-axen-dry-spray-texture-volume-200ml\\\/#primaryimage\"},\"image\":{\"@id\":\"https:\\\/\\\/paragaleriedetalborjt.com\\\/boutique\\\/bjorn-axen-dry-spray-texture-volume-200ml\\\/#primaryimage\"},\"thumbnailUrl\":\"https:\\\/\\\/paragaleriedetalborjt.com\\\/wp-content\\\/uploads\\\/2026\\\/01\\\/Bjorn-Axen-Dry-spray-texture-volume-200ml-600x600-1.jpg\",\"datePublished\":\"2026-01-03T23:31:38+00:00\",\"dateModified\":\"2026-01-03T23:31:39+00:00\",\"breadcrumb\":{\"@id\":\"https:\\\/\\\/paragaleriedetalborjt.com\\\/boutique\\\/bjorn-axen-dry-spray-texture-volume-200ml\\\/#breadcrumb\"},\"inLanguage\":\"en-US\",\"potentialAction\":[{\"@type\":\"ReadAction\",\"target\":[\"https:\\\/\\\/paragaleriedetalborjt.com\\\/boutique\\\/bjorn-axen-dry-spray-texture-volume-200ml\\\/\"]}]},{\"@type\":\"ImageObject\",\"inLanguage\":\"en-US\",\"@id\":\"https:\\\/\\\/paragaleriedetalborjt.com\\\/boutique\\\/bjorn-axen-dry-spray-texture-volume-200ml\\\/#primaryimage\",\"url\":\"https:\\\/\\\/paragaleriedetalborjt.com\\\/wp-content\\\/uploads\\\/2026\\\/01\\\/Bjorn-Axen-Dry-spray-texture-volume-200ml-600x600-1.jpg\",\"contentUrl\":\"https:\\\/\\\/paragaleriedetalborjt.com\\\/wp-content\\\/uploads\\\/2026\\\/01\\\/Bjorn-Axen-Dry-spray-texture-volume-200ml-600x600-1.jpg\",\"width\":600,\"height\":600},{\"@type\":\"BreadcrumbList\",\"@id\":\"https:\\\/\\\/paragaleriedetalborjt.com\\\/boutique\\\/bjorn-axen-dry-spray-texture-volume-200ml\\\/#breadcrumb\",\"itemListElement\":[{\"@type\":\"ListItem\",\"position\":1,\"name\":\"Accueil\",\"item\":\"https:\\\/\\\/paragaleriedetalborjt.com\\\/\"},{\"@type\":\"ListItem\",\"position\":2,\"name\":\"Boutique\",\"item\":\"https:\\\/\\\/paragaleriedetalborjt.com\\\/boutique\\\/\"},{\"@type\":\"ListItem\",\"position\":3,\"name\":\"Bjorn Axen Dry Spray Texture &#038; Volume 200ml\"}]},{\"@type\":\"WebSite\",\"@id\":\"https:\\\/\\\/paragaleriedetalborjt.com\\\/#website\",\"url\":\"https:\\\/\\\/paragaleriedetalborjt.com\\\/\",\"name\":\"paragaleriedetalborjt\",\"description\":\"\",\"potentialAction\":[{\"@type\":\"SearchAction\",\"target\":{\"@type\":\"EntryPoint\",\"urlTemplate\":\"https:\\\/\\\/paragaleriedetalborjt.com\\\/?s={search_term_string}\"},\"query-input\":{\"@type\":\"PropertyValueSpecification\",\"valueRequired\":true,\"valueName\":\"search_term_string\"}}],\"inLanguage\":\"en-US\"}]}<\/script>\n<!-- \/ Yoast SEO plugin. -->","yoast_head_json":{"title":"Bjorn Axen Dry Spray Texture & Volume 200ml - paragaleriedetalborjt","robots":{"index":"index","follow":"follow","max-snippet":"max-snippet:-1","max-image-preview":"max-image-preview:large","max-video-preview":"max-video-preview:-1"},"canonical":"https:\/\/paragaleriedetalborjt.com\/en\/boutique\/bjorn-axen-dry-spray-texture-volume-200ml\/","og_locale":"en_US","og_type":"article","og_title":"Bjorn Axen Dry Spray Texture & Volume 200ml - paragaleriedetalborjt","og_description":"Highlights:Un spray sec qui cr\u00e9e instantan\u00e9ment une texture et un volume durables, sans laisser de r\u00e9sidus.","og_url":"https:\/\/paragaleriedetalborjt.com\/en\/boutique\/bjorn-axen-dry-spray-texture-volume-200ml\/","og_site_name":"paragaleriedetalborjt","article_modified_time":"2026-01-03T23:31:39+00:00","og_image":[{"width":600,"height":600,"url":"https:\/\/paragaleriedetalborjt.com\/wp-content\/uploads\/2026\/01\/Bjorn-Axen-Dry-spray-texture-volume-200ml-600x600-1.jpg","type":"image\/jpeg"}],"twitter_card":"summary_large_image","schema":{"@context":"https:\/\/schema.org","@graph":[{"@type":"WebPage","@id":"https:\/\/paragaleriedetalborjt.com\/boutique\/bjorn-axen-dry-spray-texture-volume-200ml\/","url":"https:\/\/paragaleriedetalborjt.com\/boutique\/bjorn-axen-dry-spray-texture-volume-200ml\/","name":"Bjorn Axen Dry Spray Texture & Volume 200ml - paragaleriedetalborjt","isPartOf":{"@id":"https:\/\/paragaleriedetalborjt.com\/#website"},"primaryImageOfPage":{"@id":"https:\/\/paragaleriedetalborjt.com\/boutique\/bjorn-axen-dry-spray-texture-volume-200ml\/#primaryimage"},"image":{"@id":"https:\/\/paragaleriedetalborjt.com\/boutique\/bjorn-axen-dry-spray-texture-volume-200ml\/#primaryimage"},"thumbnailUrl":"https:\/\/paragaleriedetalborjt.com\/wp-content\/uploads\/2026\/01\/Bjorn-Axen-Dry-spray-texture-volume-200ml-600x600-1.jpg","datePublished":"2026-01-03T23:31:38+00:00","dateModified":"2026-01-03T23:31:39+00:00","breadcrumb":{"@id":"https:\/\/paragaleriedetalborjt.com\/boutique\/bjorn-axen-dry-spray-texture-volume-200ml\/#breadcrumb"},"inLanguage":"en-US","potentialAction":[{"@type":"ReadAction","target":["https:\/\/paragaleriedetalborjt.com\/boutique\/bjorn-axen-dry-spray-texture-volume-200ml\/"]}]},{"@type":"ImageObject","inLanguage":"en-US","@id":"https:\/\/paragaleriedetalborjt.com\/boutique\/bjorn-axen-dry-spray-texture-volume-200ml\/#primaryimage","url":"https:\/\/paragaleriedetalborjt.com\/wp-content\/uploads\/2026\/01\/Bjorn-Axen-Dry-spray-texture-volume-200ml-600x600-1.jpg","contentUrl":"https:\/\/paragaleriedetalborjt.com\/wp-content\/uploads\/2026\/01\/Bjorn-Axen-Dry-spray-texture-volume-200ml-600x600-1.jpg","width":600,"height":600},{"@type":"BreadcrumbList","@id":"https:\/\/paragaleriedetalborjt.com\/boutique\/bjorn-axen-dry-spray-texture-volume-200ml\/#breadcrumb","itemListElement":[{"@type":"ListItem","position":1,"name":"Accueil","item":"https:\/\/paragaleriedetalborjt.com\/"},{"@type":"ListItem","position":2,"name":"Boutique","item":"https:\/\/paragaleriedetalborjt.com\/boutique\/"},{"@type":"ListItem","position":3,"name":"Bjorn Axen Dry Spray Texture &#038; Volume 200ml"}]},{"@type":"WebSite","@id":"https:\/\/paragaleriedetalborjt.com\/#website","url":"https:\/\/paragaleriedetalborjt.com\/","name":"paragaleriedetalborjt","description":"","potentialAction":[{"@type":"SearchAction","target":{"@type":"EntryPoint","urlTemplate":"https:\/\/paragaleriedetalborjt.com\/?s={search_term_string}"},"query-input":{"@type":"PropertyValueSpecification","valueRequired":true,"valueName":"search_term_string"}}],"inLanguage":"en-US"}]}},"brands":[{"id":1748,"name":"Bjorn Axen","slug":"bjorn-axen"}],"_links":{"self":[{"href":"https:\/\/paragaleriedetalborjt.com\/en\/wp-json\/wp\/v2\/product\/46628","targetHints":{"allow":["GET"]}}],"collection":[{"href":"https:\/\/paragaleriedetalborjt.com\/en\/wp-json\/wp\/v2\/product"}],"about":[{"href":"https:\/\/paragaleriedetalborjt.com\/en\/wp-json\/wp\/v2\/types\/product"}],"replies":[{"embeddable":true,"href":"https:\/\/paragaleriedetalborjt.com\/en\/wp-json\/wp\/v2\/comments?post=46628"}],"version-history":[{"count":1,"href":"https:\/\/paragaleriedetalborjt.com\/en\/wp-json\/wp\/v2\/product\/46628\/revisions"}],"predecessor-version":[{"id":46630,"href":"https:\/\/paragaleriedetalborjt.com\/en\/wp-json\/wp\/v2\/product\/46628\/revisions\/46630"}],"wp:featuredmedia":[{"embeddable":true,"href":"https:\/\/paragaleriedetalborjt.com\/en\/wp-json\/wp\/v2\/media\/46629"}],"wp:attachment":[{"href":"https:\/\/paragaleriedetalborjt.com\/en\/wp-json\/wp\/v2\/media?parent=46628"}],"wp:term":[{"taxonomy":"pwb-brand","embeddable":true,"href":"https:\/\/paragaleriedetalborjt.com\/en\/wp-json\/wp\/v2\/pwb-brand?post=46628"},{"taxonomy":"product_cat","embeddable":true,"href":"https:\/\/paragaleriedetalborjt.com\/en\/wp-json\/wp\/v2\/product_cat?post=46628"},{"taxonomy":"product_tag","embeddable":true,"href":"https:\/\/paragaleriedetalborjt.com\/en\/wp-json\/wp\/v2\/product_tag?post=46628"}],"curies":[{"name":"wp","href":"https:\/\/api.w.org\/{rel}","templated":true}]}}