{"id":46625,"date":"2026-01-04T00:31:31","date_gmt":"2026-01-03T23:31:31","guid":{"rendered":"https:\/\/paragaleriedetalborjt.com\/?post_type=product&#038;p=46625"},"modified":"2026-01-04T00:31:32","modified_gmt":"2026-01-03T23:31:32","slug":"bjorn-axen-argan-oil-conditioner-250ml","status":"publish","type":"product","link":"https:\/\/paragaleriedetalborjt.com\/en\/boutique\/bjorn-axen-argan-oil-conditioner-250ml\/","title":{"rendered":"Bjorn Axen Argan Oil Conditioner 250ml"},"content":{"rendered":"<div aria-labelledby=\"tab-title-description\" class=\"woocommerce-Tabs-panel woocommerce-Tabs-panel--description panel entry-content wc-tab\" id=\"tab-description\" role=\"tabpanel\" style=\"\">\n<h2>Description<\/h2>\n<div class=\"woocommerce-product-details__short-description\">\n<div class=\"woocommerce-product-details__short-description\">\n<div class=\"woocommerce-product-details__short-description\">\n<div class=\"woocommerce-product-details__short-description\">\n<p>\u00a0<\/p>\n<p>Le revitalisant rend \u00e9galement les cheveux plus lisses et r\u00e9duit les frisottis, ce qui le rend id\u00e9al pour les cheveux r\u00eaches, secs, ab\u00eem\u00e9s et boucl\u00e9s qui ont un besoin suppl\u00e9mentaire de nourriture et d\u2019hydratation. Laisse les cheveux brillants, sains et lisses.<\/p>\n<p>Le produit est v\u00e9g\u00e9talien et test\u00e9 dermatologiquement.<\/p>\n<ol>\n<li>Appliquer sur cheveux et cuir chevelu mouill\u00e9s apr\u00e8s le shampooing.<\/li>\n<li>Pour de meilleurs r\u00e9sultats, laissez agir quelques minutes.<\/li>\n<li>Rincez abondamment.<\/li>\n<li>Combinez avec le shampooing \u00e0 l\u2019huile d\u2019argan pour renforcer l\u2019effet hydratant et nourrissant.<\/li>\n<li>Pour un maximum d\u2019hydratation et de nutrition, utilisez r\u00e9guli\u00e8rement le masque capillaire \u00e0 l\u2019huile d\u2019argan.<\/li>\n<\/ol>\n<\/div>\n<\/div>\n<\/div>\n<\/div>\n<div id=\"gtx-trans\" style=\"position: absolute;left: -96px;top: -3px\">\n<div class=\"gtx-trans-icon\"><\/div>\n<\/div>\n<\/div>","protected":false},"excerpt":{"rendered":"<p>Highlights:Un apr\u00e8s-shampoing intens\u00e9ment hydratant et d\u00e9m\u00ealant, enrichi en huile d\u2019argan biologique et en k\u00e9ratine v\u00e9g\u00e9talienne, qui prend soin des cheveux et du cuir chevelu.<\/p>","protected":false},"featured_media":46626,"comment_status":"open","ping_status":"closed","template":"","meta":[],"pwb-brand":[1748],"product_cat":[16],"product_tag":[],"class_list":{"0":"post-46625","1":"product","2":"type-product","3":"status-publish","4":"has-post-thumbnail","6":"pwb-brand-bjorn-axen","7":"product_cat-non-classe","8":"pa_brands-bjorn-axen","10":"first","11":"instock","12":"sale","13":"shipping-taxable","14":"purchasable","15":"product-type-simple"},"yoast_head":"<!-- This site is optimized with the Yoast SEO plugin v27.5 - https:\/\/yoast.com\/product\/yoast-seo-wordpress\/ -->\n<title>Bjorn Axen Argan Oil Conditioner 250ml - paragaleriedetalborjt<\/title>\n<meta name=\"robots\" content=\"index, follow, max-snippet:-1, max-image-preview:large, max-video-preview:-1\" \/>\n<link rel=\"canonical\" href=\"https:\/\/paragaleriedetalborjt.com\/en\/boutique\/bjorn-axen-argan-oil-conditioner-250ml\/\" \/>\n<meta property=\"og:locale\" content=\"en_US\" \/>\n<meta property=\"og:type\" content=\"article\" \/>\n<meta property=\"og:title\" content=\"Bjorn Axen Argan Oil Conditioner 250ml - paragaleriedetalborjt\" \/>\n<meta property=\"og:description\" content=\"Highlights:Un apr\u00e8s-shampoing intens\u00e9ment hydratant et d\u00e9m\u00ealant, enrichi en huile d\u2019argan biologique et en k\u00e9ratine v\u00e9g\u00e9talienne, qui prend soin des cheveux et du cuir chevelu.\" \/>\n<meta property=\"og:url\" content=\"https:\/\/paragaleriedetalborjt.com\/en\/boutique\/bjorn-axen-argan-oil-conditioner-250ml\/\" \/>\n<meta property=\"og:site_name\" content=\"paragaleriedetalborjt\" \/>\n<meta property=\"article:modified_time\" content=\"2026-01-03T23:31:32+00:00\" \/>\n<meta property=\"og:image\" content=\"https:\/\/paragaleriedetalborjt.com\/wp-content\/uploads\/2026\/01\/Bjorn-Axen-Argan-oil-conditioner-250ml-600x600-1.jpg\" \/>\n\t<meta property=\"og:image:width\" content=\"600\" \/>\n\t<meta property=\"og:image:height\" content=\"600\" \/>\n\t<meta property=\"og:image:type\" content=\"image\/jpeg\" \/>\n<meta name=\"twitter:card\" content=\"summary_large_image\" \/>\n<meta name=\"twitter:label1\" content=\"Est. reading time\" \/>\n\t<meta name=\"twitter:data1\" content=\"1 minute\" \/>\n<script type=\"application\/ld+json\" class=\"yoast-schema-graph\">{\"@context\":\"https:\\\/\\\/schema.org\",\"@graph\":[{\"@type\":\"WebPage\",\"@id\":\"https:\\\/\\\/paragaleriedetalborjt.com\\\/boutique\\\/bjorn-axen-argan-oil-conditioner-250ml\\\/\",\"url\":\"https:\\\/\\\/paragaleriedetalborjt.com\\\/boutique\\\/bjorn-axen-argan-oil-conditioner-250ml\\\/\",\"name\":\"Bjorn Axen Argan Oil Conditioner 250ml - paragaleriedetalborjt\",\"isPartOf\":{\"@id\":\"https:\\\/\\\/paragaleriedetalborjt.com\\\/#website\"},\"primaryImageOfPage\":{\"@id\":\"https:\\\/\\\/paragaleriedetalborjt.com\\\/boutique\\\/bjorn-axen-argan-oil-conditioner-250ml\\\/#primaryimage\"},\"image\":{\"@id\":\"https:\\\/\\\/paragaleriedetalborjt.com\\\/boutique\\\/bjorn-axen-argan-oil-conditioner-250ml\\\/#primaryimage\"},\"thumbnailUrl\":\"https:\\\/\\\/paragaleriedetalborjt.com\\\/wp-content\\\/uploads\\\/2026\\\/01\\\/Bjorn-Axen-Argan-oil-conditioner-250ml-600x600-1.jpg\",\"datePublished\":\"2026-01-03T23:31:31+00:00\",\"dateModified\":\"2026-01-03T23:31:32+00:00\",\"breadcrumb\":{\"@id\":\"https:\\\/\\\/paragaleriedetalborjt.com\\\/boutique\\\/bjorn-axen-argan-oil-conditioner-250ml\\\/#breadcrumb\"},\"inLanguage\":\"en-US\",\"potentialAction\":[{\"@type\":\"ReadAction\",\"target\":[\"https:\\\/\\\/paragaleriedetalborjt.com\\\/boutique\\\/bjorn-axen-argan-oil-conditioner-250ml\\\/\"]}]},{\"@type\":\"ImageObject\",\"inLanguage\":\"en-US\",\"@id\":\"https:\\\/\\\/paragaleriedetalborjt.com\\\/boutique\\\/bjorn-axen-argan-oil-conditioner-250ml\\\/#primaryimage\",\"url\":\"https:\\\/\\\/paragaleriedetalborjt.com\\\/wp-content\\\/uploads\\\/2026\\\/01\\\/Bjorn-Axen-Argan-oil-conditioner-250ml-600x600-1.jpg\",\"contentUrl\":\"https:\\\/\\\/paragaleriedetalborjt.com\\\/wp-content\\\/uploads\\\/2026\\\/01\\\/Bjorn-Axen-Argan-oil-conditioner-250ml-600x600-1.jpg\",\"width\":600,\"height\":600},{\"@type\":\"BreadcrumbList\",\"@id\":\"https:\\\/\\\/paragaleriedetalborjt.com\\\/boutique\\\/bjorn-axen-argan-oil-conditioner-250ml\\\/#breadcrumb\",\"itemListElement\":[{\"@type\":\"ListItem\",\"position\":1,\"name\":\"Accueil\",\"item\":\"https:\\\/\\\/paragaleriedetalborjt.com\\\/\"},{\"@type\":\"ListItem\",\"position\":2,\"name\":\"Boutique\",\"item\":\"https:\\\/\\\/paragaleriedetalborjt.com\\\/boutique\\\/\"},{\"@type\":\"ListItem\",\"position\":3,\"name\":\"Bjorn Axen Argan Oil Conditioner 250ml\"}]},{\"@type\":\"WebSite\",\"@id\":\"https:\\\/\\\/paragaleriedetalborjt.com\\\/#website\",\"url\":\"https:\\\/\\\/paragaleriedetalborjt.com\\\/\",\"name\":\"paragaleriedetalborjt\",\"description\":\"\",\"potentialAction\":[{\"@type\":\"SearchAction\",\"target\":{\"@type\":\"EntryPoint\",\"urlTemplate\":\"https:\\\/\\\/paragaleriedetalborjt.com\\\/?s={search_term_string}\"},\"query-input\":{\"@type\":\"PropertyValueSpecification\",\"valueRequired\":true,\"valueName\":\"search_term_string\"}}],\"inLanguage\":\"en-US\"}]}<\/script>\n<!-- \/ Yoast SEO plugin. -->","yoast_head_json":{"title":"Bjorn Axen Argan Oil Conditioner 250ml - paragaleriedetalborjt","robots":{"index":"index","follow":"follow","max-snippet":"max-snippet:-1","max-image-preview":"max-image-preview:large","max-video-preview":"max-video-preview:-1"},"canonical":"https:\/\/paragaleriedetalborjt.com\/en\/boutique\/bjorn-axen-argan-oil-conditioner-250ml\/","og_locale":"en_US","og_type":"article","og_title":"Bjorn Axen Argan Oil Conditioner 250ml - paragaleriedetalborjt","og_description":"Highlights:Un apr\u00e8s-shampoing intens\u00e9ment hydratant et d\u00e9m\u00ealant, enrichi en huile d\u2019argan biologique et en k\u00e9ratine v\u00e9g\u00e9talienne, qui prend soin des cheveux et du cuir chevelu.","og_url":"https:\/\/paragaleriedetalborjt.com\/en\/boutique\/bjorn-axen-argan-oil-conditioner-250ml\/","og_site_name":"paragaleriedetalborjt","article_modified_time":"2026-01-03T23:31:32+00:00","og_image":[{"width":600,"height":600,"url":"https:\/\/paragaleriedetalborjt.com\/wp-content\/uploads\/2026\/01\/Bjorn-Axen-Argan-oil-conditioner-250ml-600x600-1.jpg","type":"image\/jpeg"}],"twitter_card":"summary_large_image","twitter_misc":{"Est. reading time":"1 minute"},"schema":{"@context":"https:\/\/schema.org","@graph":[{"@type":"WebPage","@id":"https:\/\/paragaleriedetalborjt.com\/boutique\/bjorn-axen-argan-oil-conditioner-250ml\/","url":"https:\/\/paragaleriedetalborjt.com\/boutique\/bjorn-axen-argan-oil-conditioner-250ml\/","name":"Bjorn Axen Argan Oil Conditioner 250ml - paragaleriedetalborjt","isPartOf":{"@id":"https:\/\/paragaleriedetalborjt.com\/#website"},"primaryImageOfPage":{"@id":"https:\/\/paragaleriedetalborjt.com\/boutique\/bjorn-axen-argan-oil-conditioner-250ml\/#primaryimage"},"image":{"@id":"https:\/\/paragaleriedetalborjt.com\/boutique\/bjorn-axen-argan-oil-conditioner-250ml\/#primaryimage"},"thumbnailUrl":"https:\/\/paragaleriedetalborjt.com\/wp-content\/uploads\/2026\/01\/Bjorn-Axen-Argan-oil-conditioner-250ml-600x600-1.jpg","datePublished":"2026-01-03T23:31:31+00:00","dateModified":"2026-01-03T23:31:32+00:00","breadcrumb":{"@id":"https:\/\/paragaleriedetalborjt.com\/boutique\/bjorn-axen-argan-oil-conditioner-250ml\/#breadcrumb"},"inLanguage":"en-US","potentialAction":[{"@type":"ReadAction","target":["https:\/\/paragaleriedetalborjt.com\/boutique\/bjorn-axen-argan-oil-conditioner-250ml\/"]}]},{"@type":"ImageObject","inLanguage":"en-US","@id":"https:\/\/paragaleriedetalborjt.com\/boutique\/bjorn-axen-argan-oil-conditioner-250ml\/#primaryimage","url":"https:\/\/paragaleriedetalborjt.com\/wp-content\/uploads\/2026\/01\/Bjorn-Axen-Argan-oil-conditioner-250ml-600x600-1.jpg","contentUrl":"https:\/\/paragaleriedetalborjt.com\/wp-content\/uploads\/2026\/01\/Bjorn-Axen-Argan-oil-conditioner-250ml-600x600-1.jpg","width":600,"height":600},{"@type":"BreadcrumbList","@id":"https:\/\/paragaleriedetalborjt.com\/boutique\/bjorn-axen-argan-oil-conditioner-250ml\/#breadcrumb","itemListElement":[{"@type":"ListItem","position":1,"name":"Accueil","item":"https:\/\/paragaleriedetalborjt.com\/"},{"@type":"ListItem","position":2,"name":"Boutique","item":"https:\/\/paragaleriedetalborjt.com\/boutique\/"},{"@type":"ListItem","position":3,"name":"Bjorn Axen Argan Oil Conditioner 250ml"}]},{"@type":"WebSite","@id":"https:\/\/paragaleriedetalborjt.com\/#website","url":"https:\/\/paragaleriedetalborjt.com\/","name":"paragaleriedetalborjt","description":"","potentialAction":[{"@type":"SearchAction","target":{"@type":"EntryPoint","urlTemplate":"https:\/\/paragaleriedetalborjt.com\/?s={search_term_string}"},"query-input":{"@type":"PropertyValueSpecification","valueRequired":true,"valueName":"search_term_string"}}],"inLanguage":"en-US"}]}},"brands":[{"id":1748,"name":"Bjorn Axen","slug":"bjorn-axen"}],"_links":{"self":[{"href":"https:\/\/paragaleriedetalborjt.com\/en\/wp-json\/wp\/v2\/product\/46625","targetHints":{"allow":["GET"]}}],"collection":[{"href":"https:\/\/paragaleriedetalborjt.com\/en\/wp-json\/wp\/v2\/product"}],"about":[{"href":"https:\/\/paragaleriedetalborjt.com\/en\/wp-json\/wp\/v2\/types\/product"}],"replies":[{"embeddable":true,"href":"https:\/\/paragaleriedetalborjt.com\/en\/wp-json\/wp\/v2\/comments?post=46625"}],"version-history":[{"count":1,"href":"https:\/\/paragaleriedetalborjt.com\/en\/wp-json\/wp\/v2\/product\/46625\/revisions"}],"predecessor-version":[{"id":46627,"href":"https:\/\/paragaleriedetalborjt.com\/en\/wp-json\/wp\/v2\/product\/46625\/revisions\/46627"}],"wp:featuredmedia":[{"embeddable":true,"href":"https:\/\/paragaleriedetalborjt.com\/en\/wp-json\/wp\/v2\/media\/46626"}],"wp:attachment":[{"href":"https:\/\/paragaleriedetalborjt.com\/en\/wp-json\/wp\/v2\/media?parent=46625"}],"wp:term":[{"taxonomy":"pwb-brand","embeddable":true,"href":"https:\/\/paragaleriedetalborjt.com\/en\/wp-json\/wp\/v2\/pwb-brand?post=46625"},{"taxonomy":"product_cat","embeddable":true,"href":"https:\/\/paragaleriedetalborjt.com\/en\/wp-json\/wp\/v2\/product_cat?post=46625"},{"taxonomy":"product_tag","embeddable":true,"href":"https:\/\/paragaleriedetalborjt.com\/en\/wp-json\/wp\/v2\/product_tag?post=46625"}],"curies":[{"name":"wp","href":"https:\/\/api.w.org\/{rel}","templated":true}]}}