{"id":46243,"date":"2026-01-04T00:13:56","date_gmt":"2026-01-03T23:13:56","guid":{"rendered":"https:\/\/paragaleriedetalborjt.com\/?post_type=product&#038;p=46243"},"modified":"2026-01-04T00:13:56","modified_gmt":"2026-01-03T23:13:56","slug":"la-saponaria-activateur-bio-fermente-30ml","status":"publish","type":"product","link":"https:\/\/paragaleriedetalborjt.com\/en\/boutique\/la-saponaria-activateur-bio-fermente-30ml\/","title":{"rendered":"La Saponaria Activateur Bio-Ferment\u00e9 30ml"},"content":{"rendered":"<div aria-labelledby=\"tab-title-description\" class=\"woocommerce-Tabs-panel woocommerce-Tabs-panel--description panel entry-content wc-tab\" id=\"tab-description\" role=\"tabpanel\" style=\"\">\n<h2>Description<\/h2>\n<p>L\u2019activateur bio-ferment\u00e9 de La Saponaria est un complexe multiactif de diff\u00e9rents ingr\u00e9dients actifs naturels, parmi lesquels un phyto-complexe de microalgues ferment\u00e9es. Il permet d\u2019obtenir un effet raffermissant en 15 minutes, a un effet lissant \u00e0 long terme et uniformise le teint. La fermentation d\u2019ingr\u00e9dients actifs biologiques est originaire de la cosm\u00e9tique cor\u00e9enne et permet une meilleure absorption des principes actifs.<\/p>\n<p>En outre, le s\u00e9rum stimule la synth\u00e8se naturelle d\u2019\u00e9lastine, de collag\u00e8ne et d\u2019acide hylauronique et neutralise les radicaux libres \u2013 pour une peau plus \u00e9lastique et plus fra\u00eeche, avec un teint de porcelaine homog\u00e8ne.<\/p>\n<p><strong>Application :<\/strong> Le produit peut \u00eatre utilis\u00e9 le matin et le soir de deux fa\u00e7ons :<\/p>\n<p>Pure comme alternative ou avant la cr\u00e8me hydratante. Massez doucement 2 gouttes de produit sur la peau du visage.<br \/>\nEn guise de booster, ajoutez 1 \u00e0 2 gouttes \u00e0 votre cr\u00e8me ou s\u00e9rum pr\u00e9f\u00e9r\u00e9. Il rend la texture de la cr\u00e8me plus l\u00e9g\u00e8re et assure une absorption plus rapide tout en renfor\u00e7ant son action.<\/p>\n<\/div>","protected":false},"excerpt":{"rendered":"<p>Highlights:Pour tous les types de peauEffet lissant et uniformisant.Favorise la synth\u00e8se du collag\u00e8ne et de l\u2019\u00e9lastine<\/p>","protected":false},"featured_media":46244,"comment_status":"open","ping_status":"closed","template":"","meta":[],"pwb-brand":[2275],"product_cat":[16],"product_tag":[],"class_list":{"0":"post-46243","1":"product","2":"type-product","3":"status-publish","4":"has-post-thumbnail","6":"pwb-brand-la-saponaria","7":"product_cat-non-classe","8":"pa_brands-la-saponaria","10":"first","11":"instock","12":"sale","13":"shipping-taxable","14":"purchasable","15":"product-type-simple"},"yoast_head":"<!-- This site is optimized with the Yoast SEO plugin v27.5 - https:\/\/yoast.com\/product\/yoast-seo-wordpress\/ -->\n<title>La Saponaria Activateur Bio-Ferment\u00e9 30ml - paragaleriedetalborjt<\/title>\n<meta name=\"robots\" content=\"index, follow, max-snippet:-1, max-image-preview:large, max-video-preview:-1\" \/>\n<link rel=\"canonical\" href=\"https:\/\/paragaleriedetalborjt.com\/en\/boutique\/la-saponaria-activateur-bio-fermente-30ml\/\" \/>\n<meta property=\"og:locale\" content=\"en_US\" \/>\n<meta property=\"og:type\" content=\"article\" \/>\n<meta property=\"og:title\" content=\"La Saponaria Activateur Bio-Ferment\u00e9 30ml - paragaleriedetalborjt\" \/>\n<meta property=\"og:description\" content=\"Highlights:Pour tous les types de peauEffet lissant et uniformisant.Favorise la synth\u00e8se du collag\u00e8ne et de l\u2019\u00e9lastine\" \/>\n<meta property=\"og:url\" content=\"https:\/\/paragaleriedetalborjt.com\/en\/boutique\/la-saponaria-activateur-bio-fermente-30ml\/\" \/>\n<meta property=\"og:site_name\" content=\"paragaleriedetalborjt\" \/>\n<meta property=\"og:image\" content=\"https:\/\/paragaleriedetalborjt.com\/wp-content\/uploads\/2026\/01\/la-saponaria-activateur-bio-fermente-30-ml.jpg\" \/>\n\t<meta property=\"og:image:width\" content=\"594\" \/>\n\t<meta property=\"og:image:height\" content=\"654\" \/>\n\t<meta property=\"og:image:type\" content=\"image\/jpeg\" \/>\n<meta name=\"twitter:card\" content=\"summary_large_image\" \/>\n<meta name=\"twitter:label1\" content=\"Est. reading time\" \/>\n\t<meta name=\"twitter:data1\" content=\"1 minute\" \/>\n<script type=\"application\/ld+json\" class=\"yoast-schema-graph\">{\"@context\":\"https:\\\/\\\/schema.org\",\"@graph\":[{\"@type\":\"WebPage\",\"@id\":\"https:\\\/\\\/paragaleriedetalborjt.com\\\/boutique\\\/la-saponaria-activateur-bio-fermente-30ml\\\/\",\"url\":\"https:\\\/\\\/paragaleriedetalborjt.com\\\/boutique\\\/la-saponaria-activateur-bio-fermente-30ml\\\/\",\"name\":\"La Saponaria Activateur Bio-Ferment\u00e9 30ml - paragaleriedetalborjt\",\"isPartOf\":{\"@id\":\"https:\\\/\\\/paragaleriedetalborjt.com\\\/#website\"},\"primaryImageOfPage\":{\"@id\":\"https:\\\/\\\/paragaleriedetalborjt.com\\\/boutique\\\/la-saponaria-activateur-bio-fermente-30ml\\\/#primaryimage\"},\"image\":{\"@id\":\"https:\\\/\\\/paragaleriedetalborjt.com\\\/boutique\\\/la-saponaria-activateur-bio-fermente-30ml\\\/#primaryimage\"},\"thumbnailUrl\":\"https:\\\/\\\/paragaleriedetalborjt.com\\\/wp-content\\\/uploads\\\/2026\\\/01\\\/la-saponaria-activateur-bio-fermente-30-ml.jpg\",\"datePublished\":\"2026-01-03T23:13:56+00:00\",\"breadcrumb\":{\"@id\":\"https:\\\/\\\/paragaleriedetalborjt.com\\\/boutique\\\/la-saponaria-activateur-bio-fermente-30ml\\\/#breadcrumb\"},\"inLanguage\":\"en-US\",\"potentialAction\":[{\"@type\":\"ReadAction\",\"target\":[\"https:\\\/\\\/paragaleriedetalborjt.com\\\/boutique\\\/la-saponaria-activateur-bio-fermente-30ml\\\/\"]}]},{\"@type\":\"ImageObject\",\"inLanguage\":\"en-US\",\"@id\":\"https:\\\/\\\/paragaleriedetalborjt.com\\\/boutique\\\/la-saponaria-activateur-bio-fermente-30ml\\\/#primaryimage\",\"url\":\"https:\\\/\\\/paragaleriedetalborjt.com\\\/wp-content\\\/uploads\\\/2026\\\/01\\\/la-saponaria-activateur-bio-fermente-30-ml.jpg\",\"contentUrl\":\"https:\\\/\\\/paragaleriedetalborjt.com\\\/wp-content\\\/uploads\\\/2026\\\/01\\\/la-saponaria-activateur-bio-fermente-30-ml.jpg\",\"width\":594,\"height\":654},{\"@type\":\"BreadcrumbList\",\"@id\":\"https:\\\/\\\/paragaleriedetalborjt.com\\\/boutique\\\/la-saponaria-activateur-bio-fermente-30ml\\\/#breadcrumb\",\"itemListElement\":[{\"@type\":\"ListItem\",\"position\":1,\"name\":\"Accueil\",\"item\":\"https:\\\/\\\/paragaleriedetalborjt.com\\\/\"},{\"@type\":\"ListItem\",\"position\":2,\"name\":\"Boutique\",\"item\":\"https:\\\/\\\/paragaleriedetalborjt.com\\\/boutique\\\/\"},{\"@type\":\"ListItem\",\"position\":3,\"name\":\"La Saponaria Activateur Bio-Ferment\u00e9 30ml\"}]},{\"@type\":\"WebSite\",\"@id\":\"https:\\\/\\\/paragaleriedetalborjt.com\\\/#website\",\"url\":\"https:\\\/\\\/paragaleriedetalborjt.com\\\/\",\"name\":\"paragaleriedetalborjt\",\"description\":\"\",\"potentialAction\":[{\"@type\":\"SearchAction\",\"target\":{\"@type\":\"EntryPoint\",\"urlTemplate\":\"https:\\\/\\\/paragaleriedetalborjt.com\\\/?s={search_term_string}\"},\"query-input\":{\"@type\":\"PropertyValueSpecification\",\"valueRequired\":true,\"valueName\":\"search_term_string\"}}],\"inLanguage\":\"en-US\"}]}<\/script>\n<!-- \/ Yoast SEO plugin. -->","yoast_head_json":{"title":"La Saponaria Activateur Bio-Ferment\u00e9 30ml - paragaleriedetalborjt","robots":{"index":"index","follow":"follow","max-snippet":"max-snippet:-1","max-image-preview":"max-image-preview:large","max-video-preview":"max-video-preview:-1"},"canonical":"https:\/\/paragaleriedetalborjt.com\/en\/boutique\/la-saponaria-activateur-bio-fermente-30ml\/","og_locale":"en_US","og_type":"article","og_title":"La Saponaria Activateur Bio-Ferment\u00e9 30ml - paragaleriedetalborjt","og_description":"Highlights:Pour tous les types de peauEffet lissant et uniformisant.Favorise la synth\u00e8se du collag\u00e8ne et de l\u2019\u00e9lastine","og_url":"https:\/\/paragaleriedetalborjt.com\/en\/boutique\/la-saponaria-activateur-bio-fermente-30ml\/","og_site_name":"paragaleriedetalborjt","og_image":[{"width":594,"height":654,"url":"https:\/\/paragaleriedetalborjt.com\/wp-content\/uploads\/2026\/01\/la-saponaria-activateur-bio-fermente-30-ml.jpg","type":"image\/jpeg"}],"twitter_card":"summary_large_image","twitter_misc":{"Est. reading time":"1 minute"},"schema":{"@context":"https:\/\/schema.org","@graph":[{"@type":"WebPage","@id":"https:\/\/paragaleriedetalborjt.com\/boutique\/la-saponaria-activateur-bio-fermente-30ml\/","url":"https:\/\/paragaleriedetalborjt.com\/boutique\/la-saponaria-activateur-bio-fermente-30ml\/","name":"La Saponaria Activateur Bio-Ferment\u00e9 30ml - paragaleriedetalborjt","isPartOf":{"@id":"https:\/\/paragaleriedetalborjt.com\/#website"},"primaryImageOfPage":{"@id":"https:\/\/paragaleriedetalborjt.com\/boutique\/la-saponaria-activateur-bio-fermente-30ml\/#primaryimage"},"image":{"@id":"https:\/\/paragaleriedetalborjt.com\/boutique\/la-saponaria-activateur-bio-fermente-30ml\/#primaryimage"},"thumbnailUrl":"https:\/\/paragaleriedetalborjt.com\/wp-content\/uploads\/2026\/01\/la-saponaria-activateur-bio-fermente-30-ml.jpg","datePublished":"2026-01-03T23:13:56+00:00","breadcrumb":{"@id":"https:\/\/paragaleriedetalborjt.com\/boutique\/la-saponaria-activateur-bio-fermente-30ml\/#breadcrumb"},"inLanguage":"en-US","potentialAction":[{"@type":"ReadAction","target":["https:\/\/paragaleriedetalborjt.com\/boutique\/la-saponaria-activateur-bio-fermente-30ml\/"]}]},{"@type":"ImageObject","inLanguage":"en-US","@id":"https:\/\/paragaleriedetalborjt.com\/boutique\/la-saponaria-activateur-bio-fermente-30ml\/#primaryimage","url":"https:\/\/paragaleriedetalborjt.com\/wp-content\/uploads\/2026\/01\/la-saponaria-activateur-bio-fermente-30-ml.jpg","contentUrl":"https:\/\/paragaleriedetalborjt.com\/wp-content\/uploads\/2026\/01\/la-saponaria-activateur-bio-fermente-30-ml.jpg","width":594,"height":654},{"@type":"BreadcrumbList","@id":"https:\/\/paragaleriedetalborjt.com\/boutique\/la-saponaria-activateur-bio-fermente-30ml\/#breadcrumb","itemListElement":[{"@type":"ListItem","position":1,"name":"Accueil","item":"https:\/\/paragaleriedetalborjt.com\/"},{"@type":"ListItem","position":2,"name":"Boutique","item":"https:\/\/paragaleriedetalborjt.com\/boutique\/"},{"@type":"ListItem","position":3,"name":"La Saponaria Activateur Bio-Ferment\u00e9 30ml"}]},{"@type":"WebSite","@id":"https:\/\/paragaleriedetalborjt.com\/#website","url":"https:\/\/paragaleriedetalborjt.com\/","name":"paragaleriedetalborjt","description":"","potentialAction":[{"@type":"SearchAction","target":{"@type":"EntryPoint","urlTemplate":"https:\/\/paragaleriedetalborjt.com\/?s={search_term_string}"},"query-input":{"@type":"PropertyValueSpecification","valueRequired":true,"valueName":"search_term_string"}}],"inLanguage":"en-US"}]}},"brands":[{"id":2275,"name":"La Saponaria","slug":"la-saponaria"}],"_links":{"self":[{"href":"https:\/\/paragaleriedetalborjt.com\/en\/wp-json\/wp\/v2\/product\/46243","targetHints":{"allow":["GET"]}}],"collection":[{"href":"https:\/\/paragaleriedetalborjt.com\/en\/wp-json\/wp\/v2\/product"}],"about":[{"href":"https:\/\/paragaleriedetalborjt.com\/en\/wp-json\/wp\/v2\/types\/product"}],"replies":[{"embeddable":true,"href":"https:\/\/paragaleriedetalborjt.com\/en\/wp-json\/wp\/v2\/comments?post=46243"}],"version-history":[{"count":1,"href":"https:\/\/paragaleriedetalborjt.com\/en\/wp-json\/wp\/v2\/product\/46243\/revisions"}],"predecessor-version":[{"id":46245,"href":"https:\/\/paragaleriedetalborjt.com\/en\/wp-json\/wp\/v2\/product\/46243\/revisions\/46245"}],"wp:featuredmedia":[{"embeddable":true,"href":"https:\/\/paragaleriedetalborjt.com\/en\/wp-json\/wp\/v2\/media\/46244"}],"wp:attachment":[{"href":"https:\/\/paragaleriedetalborjt.com\/en\/wp-json\/wp\/v2\/media?parent=46243"}],"wp:term":[{"taxonomy":"pwb-brand","embeddable":true,"href":"https:\/\/paragaleriedetalborjt.com\/en\/wp-json\/wp\/v2\/pwb-brand?post=46243"},{"taxonomy":"product_cat","embeddable":true,"href":"https:\/\/paragaleriedetalborjt.com\/en\/wp-json\/wp\/v2\/product_cat?post=46243"},{"taxonomy":"product_tag","embeddable":true,"href":"https:\/\/paragaleriedetalborjt.com\/en\/wp-json\/wp\/v2\/product_tag?post=46243"}],"curies":[{"name":"wp","href":"https:\/\/api.w.org\/{rel}","templated":true}]}}