{"id":46240,"date":"2026-01-04T00:13:50","date_gmt":"2026-01-03T23:13:50","guid":{"rendered":"https:\/\/paragaleriedetalborjt.com\/?post_type=product&#038;p=46240"},"modified":"2026-01-04T00:13:50","modified_gmt":"2026-01-03T23:13:50","slug":"la-saponaria-acide-hyaluronique-de-differents-poids-moleculaires-30ml","status":"publish","type":"product","link":"https:\/\/paragaleriedetalborjt.com\/en\/boutique\/la-saponaria-acide-hyaluronique-de-differents-poids-moleculaires-30ml\/","title":{"rendered":"La Saponaria Acide Hyaluronique de Diff\u00e9rents Poids Mol\u00e9culaires 30ml"},"content":{"rendered":"<div aria-labelledby=\"tab-title-description\" class=\"woocommerce-Tabs-panel woocommerce-Tabs-panel--description panel entry-content wc-tab\" id=\"tab-description\" role=\"tabpanel\" style=\"\">\n<h2>Description<\/h2>\n<p>L\u2019acide hyaluronique est l\u2019une des substances actives les plus efficaces, m\u00eame \u00e0 petites doses : il repulpe et hydrate intens\u00e9ment la peau. Cette solution peut \u00eatre utilis\u00e9e pure, directement sur la peau, ou m\u00e9lang\u00e9e \u00e0 d\u2019autres ingr\u00e9dients pour pr\u00e9parer un cosm\u00e9tique fait maison aux propri\u00e9t\u00e9s anti-\u00e2ge.<\/p>\n<p>Ce produit de La Saponaria a \u00e9t\u00e9 obtenu par bio-fermentation, et est un m\u00e9lange d\u2019acides hyaluroniques de diff\u00e9rents poids mol\u00e9culaire, pour une efficacit\u00e9 maximale :<\/p>\n<ul>\n<li>L\u2019acide hyaluronique \u00e0 faible et \u00e0 tr\u00e8s faible poids mol\u00e9culaire peut p\u00e9n\u00e9trer en profondeur dans les couches cutan\u00e9es et avoir un effet repulpant et lissant.<\/li>\n<li>L\u2019acide hyaluronique \u00e0 poids mol\u00e9culaire moyen et \u00e9lev\u00e9 assure quant \u00e0 lui une hydratation intensive.<\/li>\n<\/ul>\n<p><strong>Application :<\/strong><\/p>\n<ul>\n<li>Peut \u00eatre utilis\u00e9 comme un s\u00e9rum, de mani\u00e8re pure, sur la peau \u2013 il suffit de masser doucement quelques gouttes sur la peau.<\/li>\n<li>L\u2019acide hyaluronique peut \u00eatre ajout\u00e9 \u00e0 raison de 0,1 \u00e0 1 % dans les cr\u00e8mes DIY sinon.<\/li>\n<\/ul>\n<p>\u00a0<\/p>\n<\/div>","protected":false},"excerpt":{"rendered":"<p>Highlights:Substance active repulpante et hydratante.<\/p>","protected":false},"featured_media":46241,"comment_status":"open","ping_status":"closed","template":"","meta":[],"pwb-brand":[2275],"product_cat":[16],"product_tag":[],"class_list":{"0":"post-46240","1":"product","2":"type-product","3":"status-publish","4":"has-post-thumbnail","6":"pwb-brand-la-saponaria","7":"product_cat-non-classe","8":"pa_brands-la-saponaria","10":"first","11":"instock","12":"sale","13":"shipping-taxable","14":"purchasable","15":"product-type-simple"},"yoast_head":"<!-- This site is optimized with the Yoast SEO plugin v27.5 - https:\/\/yoast.com\/product\/yoast-seo-wordpress\/ -->\n<title>La Saponaria Acide Hyaluronique de Diff\u00e9rents Poids Mol\u00e9culaires 30ml - paragaleriedetalborjt<\/title>\n<meta name=\"robots\" content=\"index, follow, max-snippet:-1, max-image-preview:large, max-video-preview:-1\" \/>\n<link rel=\"canonical\" href=\"https:\/\/paragaleriedetalborjt.com\/en\/boutique\/la-saponaria-acide-hyaluronique-de-differents-poids-moleculaires-30ml\/\" \/>\n<meta property=\"og:locale\" content=\"en_US\" \/>\n<meta property=\"og:type\" content=\"article\" \/>\n<meta property=\"og:title\" content=\"La Saponaria Acide Hyaluronique de Diff\u00e9rents Poids Mol\u00e9culaires 30ml - paragaleriedetalborjt\" \/>\n<meta property=\"og:description\" content=\"Highlights:Substance active repulpante et hydratante.\" \/>\n<meta property=\"og:url\" content=\"https:\/\/paragaleriedetalborjt.com\/en\/boutique\/la-saponaria-acide-hyaluronique-de-differents-poids-moleculaires-30ml\/\" \/>\n<meta property=\"og:site_name\" content=\"paragaleriedetalborjt\" \/>\n<meta property=\"og:image\" content=\"https:\/\/paragaleriedetalborjt.com\/wp-content\/uploads\/2026\/01\/hyaluronic-acid-multiple-molecular-weight-pure-antiage-face-active.jpg\" \/>\n\t<meta property=\"og:image:width\" content=\"595\" \/>\n\t<meta property=\"og:image:height\" content=\"655\" \/>\n\t<meta property=\"og:image:type\" content=\"image\/jpeg\" \/>\n<meta name=\"twitter:card\" content=\"summary_large_image\" \/>\n<meta name=\"twitter:label1\" content=\"Est. reading time\" \/>\n\t<meta name=\"twitter:data1\" content=\"1 minute\" \/>\n<script type=\"application\/ld+json\" class=\"yoast-schema-graph\">{\"@context\":\"https:\\\/\\\/schema.org\",\"@graph\":[{\"@type\":\"WebPage\",\"@id\":\"https:\\\/\\\/paragaleriedetalborjt.com\\\/boutique\\\/la-saponaria-acide-hyaluronique-de-differents-poids-moleculaires-30ml\\\/\",\"url\":\"https:\\\/\\\/paragaleriedetalborjt.com\\\/boutique\\\/la-saponaria-acide-hyaluronique-de-differents-poids-moleculaires-30ml\\\/\",\"name\":\"La Saponaria Acide Hyaluronique de Diff\u00e9rents Poids Mol\u00e9culaires 30ml - paragaleriedetalborjt\",\"isPartOf\":{\"@id\":\"https:\\\/\\\/paragaleriedetalborjt.com\\\/#website\"},\"primaryImageOfPage\":{\"@id\":\"https:\\\/\\\/paragaleriedetalborjt.com\\\/boutique\\\/la-saponaria-acide-hyaluronique-de-differents-poids-moleculaires-30ml\\\/#primaryimage\"},\"image\":{\"@id\":\"https:\\\/\\\/paragaleriedetalborjt.com\\\/boutique\\\/la-saponaria-acide-hyaluronique-de-differents-poids-moleculaires-30ml\\\/#primaryimage\"},\"thumbnailUrl\":\"https:\\\/\\\/paragaleriedetalborjt.com\\\/wp-content\\\/uploads\\\/2026\\\/01\\\/hyaluronic-acid-multiple-molecular-weight-pure-antiage-face-active.jpg\",\"datePublished\":\"2026-01-03T23:13:50+00:00\",\"breadcrumb\":{\"@id\":\"https:\\\/\\\/paragaleriedetalborjt.com\\\/boutique\\\/la-saponaria-acide-hyaluronique-de-differents-poids-moleculaires-30ml\\\/#breadcrumb\"},\"inLanguage\":\"en-US\",\"potentialAction\":[{\"@type\":\"ReadAction\",\"target\":[\"https:\\\/\\\/paragaleriedetalborjt.com\\\/boutique\\\/la-saponaria-acide-hyaluronique-de-differents-poids-moleculaires-30ml\\\/\"]}]},{\"@type\":\"ImageObject\",\"inLanguage\":\"en-US\",\"@id\":\"https:\\\/\\\/paragaleriedetalborjt.com\\\/boutique\\\/la-saponaria-acide-hyaluronique-de-differents-poids-moleculaires-30ml\\\/#primaryimage\",\"url\":\"https:\\\/\\\/paragaleriedetalborjt.com\\\/wp-content\\\/uploads\\\/2026\\\/01\\\/hyaluronic-acid-multiple-molecular-weight-pure-antiage-face-active.jpg\",\"contentUrl\":\"https:\\\/\\\/paragaleriedetalborjt.com\\\/wp-content\\\/uploads\\\/2026\\\/01\\\/hyaluronic-acid-multiple-molecular-weight-pure-antiage-face-active.jpg\",\"width\":595,\"height\":655},{\"@type\":\"BreadcrumbList\",\"@id\":\"https:\\\/\\\/paragaleriedetalborjt.com\\\/boutique\\\/la-saponaria-acide-hyaluronique-de-differents-poids-moleculaires-30ml\\\/#breadcrumb\",\"itemListElement\":[{\"@type\":\"ListItem\",\"position\":1,\"name\":\"Accueil\",\"item\":\"https:\\\/\\\/paragaleriedetalborjt.com\\\/\"},{\"@type\":\"ListItem\",\"position\":2,\"name\":\"Boutique\",\"item\":\"https:\\\/\\\/paragaleriedetalborjt.com\\\/boutique\\\/\"},{\"@type\":\"ListItem\",\"position\":3,\"name\":\"La Saponaria Acide Hyaluronique de Diff\u00e9rents Poids Mol\u00e9culaires 30ml\"}]},{\"@type\":\"WebSite\",\"@id\":\"https:\\\/\\\/paragaleriedetalborjt.com\\\/#website\",\"url\":\"https:\\\/\\\/paragaleriedetalborjt.com\\\/\",\"name\":\"paragaleriedetalborjt\",\"description\":\"\",\"potentialAction\":[{\"@type\":\"SearchAction\",\"target\":{\"@type\":\"EntryPoint\",\"urlTemplate\":\"https:\\\/\\\/paragaleriedetalborjt.com\\\/?s={search_term_string}\"},\"query-input\":{\"@type\":\"PropertyValueSpecification\",\"valueRequired\":true,\"valueName\":\"search_term_string\"}}],\"inLanguage\":\"en-US\"}]}<\/script>\n<!-- \/ Yoast SEO plugin. -->","yoast_head_json":{"title":"La Saponaria Acide Hyaluronique de Diff\u00e9rents Poids Mol\u00e9culaires 30ml - paragaleriedetalborjt","robots":{"index":"index","follow":"follow","max-snippet":"max-snippet:-1","max-image-preview":"max-image-preview:large","max-video-preview":"max-video-preview:-1"},"canonical":"https:\/\/paragaleriedetalborjt.com\/en\/boutique\/la-saponaria-acide-hyaluronique-de-differents-poids-moleculaires-30ml\/","og_locale":"en_US","og_type":"article","og_title":"La Saponaria Acide Hyaluronique de Diff\u00e9rents Poids Mol\u00e9culaires 30ml - paragaleriedetalborjt","og_description":"Highlights:Substance active repulpante et hydratante.","og_url":"https:\/\/paragaleriedetalborjt.com\/en\/boutique\/la-saponaria-acide-hyaluronique-de-differents-poids-moleculaires-30ml\/","og_site_name":"paragaleriedetalborjt","og_image":[{"width":595,"height":655,"url":"https:\/\/paragaleriedetalborjt.com\/wp-content\/uploads\/2026\/01\/hyaluronic-acid-multiple-molecular-weight-pure-antiage-face-active.jpg","type":"image\/jpeg"}],"twitter_card":"summary_large_image","twitter_misc":{"Est. reading time":"1 minute"},"schema":{"@context":"https:\/\/schema.org","@graph":[{"@type":"WebPage","@id":"https:\/\/paragaleriedetalborjt.com\/boutique\/la-saponaria-acide-hyaluronique-de-differents-poids-moleculaires-30ml\/","url":"https:\/\/paragaleriedetalborjt.com\/boutique\/la-saponaria-acide-hyaluronique-de-differents-poids-moleculaires-30ml\/","name":"La Saponaria Acide Hyaluronique de Diff\u00e9rents Poids Mol\u00e9culaires 30ml - paragaleriedetalborjt","isPartOf":{"@id":"https:\/\/paragaleriedetalborjt.com\/#website"},"primaryImageOfPage":{"@id":"https:\/\/paragaleriedetalborjt.com\/boutique\/la-saponaria-acide-hyaluronique-de-differents-poids-moleculaires-30ml\/#primaryimage"},"image":{"@id":"https:\/\/paragaleriedetalborjt.com\/boutique\/la-saponaria-acide-hyaluronique-de-differents-poids-moleculaires-30ml\/#primaryimage"},"thumbnailUrl":"https:\/\/paragaleriedetalborjt.com\/wp-content\/uploads\/2026\/01\/hyaluronic-acid-multiple-molecular-weight-pure-antiage-face-active.jpg","datePublished":"2026-01-03T23:13:50+00:00","breadcrumb":{"@id":"https:\/\/paragaleriedetalborjt.com\/boutique\/la-saponaria-acide-hyaluronique-de-differents-poids-moleculaires-30ml\/#breadcrumb"},"inLanguage":"en-US","potentialAction":[{"@type":"ReadAction","target":["https:\/\/paragaleriedetalborjt.com\/boutique\/la-saponaria-acide-hyaluronique-de-differents-poids-moleculaires-30ml\/"]}]},{"@type":"ImageObject","inLanguage":"en-US","@id":"https:\/\/paragaleriedetalborjt.com\/boutique\/la-saponaria-acide-hyaluronique-de-differents-poids-moleculaires-30ml\/#primaryimage","url":"https:\/\/paragaleriedetalborjt.com\/wp-content\/uploads\/2026\/01\/hyaluronic-acid-multiple-molecular-weight-pure-antiage-face-active.jpg","contentUrl":"https:\/\/paragaleriedetalborjt.com\/wp-content\/uploads\/2026\/01\/hyaluronic-acid-multiple-molecular-weight-pure-antiage-face-active.jpg","width":595,"height":655},{"@type":"BreadcrumbList","@id":"https:\/\/paragaleriedetalborjt.com\/boutique\/la-saponaria-acide-hyaluronique-de-differents-poids-moleculaires-30ml\/#breadcrumb","itemListElement":[{"@type":"ListItem","position":1,"name":"Accueil","item":"https:\/\/paragaleriedetalborjt.com\/"},{"@type":"ListItem","position":2,"name":"Boutique","item":"https:\/\/paragaleriedetalborjt.com\/boutique\/"},{"@type":"ListItem","position":3,"name":"La Saponaria Acide Hyaluronique de Diff\u00e9rents Poids Mol\u00e9culaires 30ml"}]},{"@type":"WebSite","@id":"https:\/\/paragaleriedetalborjt.com\/#website","url":"https:\/\/paragaleriedetalborjt.com\/","name":"paragaleriedetalborjt","description":"","potentialAction":[{"@type":"SearchAction","target":{"@type":"EntryPoint","urlTemplate":"https:\/\/paragaleriedetalborjt.com\/?s={search_term_string}"},"query-input":{"@type":"PropertyValueSpecification","valueRequired":true,"valueName":"search_term_string"}}],"inLanguage":"en-US"}]}},"brands":[{"id":2275,"name":"La Saponaria","slug":"la-saponaria"}],"_links":{"self":[{"href":"https:\/\/paragaleriedetalborjt.com\/en\/wp-json\/wp\/v2\/product\/46240","targetHints":{"allow":["GET"]}}],"collection":[{"href":"https:\/\/paragaleriedetalborjt.com\/en\/wp-json\/wp\/v2\/product"}],"about":[{"href":"https:\/\/paragaleriedetalborjt.com\/en\/wp-json\/wp\/v2\/types\/product"}],"replies":[{"embeddable":true,"href":"https:\/\/paragaleriedetalborjt.com\/en\/wp-json\/wp\/v2\/comments?post=46240"}],"version-history":[{"count":1,"href":"https:\/\/paragaleriedetalborjt.com\/en\/wp-json\/wp\/v2\/product\/46240\/revisions"}],"predecessor-version":[{"id":46242,"href":"https:\/\/paragaleriedetalborjt.com\/en\/wp-json\/wp\/v2\/product\/46240\/revisions\/46242"}],"wp:featuredmedia":[{"embeddable":true,"href":"https:\/\/paragaleriedetalborjt.com\/en\/wp-json\/wp\/v2\/media\/46241"}],"wp:attachment":[{"href":"https:\/\/paragaleriedetalborjt.com\/en\/wp-json\/wp\/v2\/media?parent=46240"}],"wp:term":[{"taxonomy":"pwb-brand","embeddable":true,"href":"https:\/\/paragaleriedetalborjt.com\/en\/wp-json\/wp\/v2\/pwb-brand?post=46240"},{"taxonomy":"product_cat","embeddable":true,"href":"https:\/\/paragaleriedetalborjt.com\/en\/wp-json\/wp\/v2\/product_cat?post=46240"},{"taxonomy":"product_tag","embeddable":true,"href":"https:\/\/paragaleriedetalborjt.com\/en\/wp-json\/wp\/v2\/product_tag?post=46240"}],"curies":[{"name":"wp","href":"https:\/\/api.w.org\/{rel}","templated":true}]}}