{"id":46237,"date":"2026-01-04T00:13:43","date_gmt":"2026-01-03T23:13:43","guid":{"rendered":"https:\/\/paragaleriedetalborjt.com\/?post_type=product&#038;p=46237"},"modified":"2026-01-04T00:13:43","modified_gmt":"2026-01-03T23:13:43","slug":"la-saponaria-vitamine-c-30ml","status":"publish","type":"product","link":"https:\/\/paragaleriedetalborjt.com\/en\/boutique\/la-saponaria-vitamine-c-30ml\/","title":{"rendered":"La Saponaria Vitamine C 30ml"},"content":{"rendered":"<div aria-labelledby=\"tab-title-description\" class=\"woocommerce-Tabs-panel woocommerce-Tabs-panel--description panel entry-content wc-tab\" id=\"tab-description\" role=\"tabpanel\" style=\"\">\n<h2>Description<\/h2>\n<p>L\u2019acide ascorbique, ou plus connu sous le nom de vitamine C, est un v\u00e9ritable alli\u00e9 de beaut\u00e9, non seulement sous forme de jus d\u2019orange et d\u2019agrumes, mais aussi pour les soins de la peau. Cette vitamine est consid\u00e9r\u00e9e comme le nec plus ultra des soins de la peau et poss\u00e8de une multitude de propri\u00e9t\u00e9s b\u00e9n\u00e9fiques. La vitamine C \u00e9tant une mol\u00e9cule tr\u00e8s instable, elle a \u00e9t\u00e9 stabilis\u00e9e dans ce produit \u00e0 l\u2019aide de la vitamine E. La vitamine C a un fort effet antioxydant, prot\u00e8ge la peau contre les agressions ext\u00e9rieures et r\u00e9duit les signes de l\u2019\u00e2ge en stimulant la production de collag\u00e8ne. La vitamine C de La Saponaria permet d\u2019embellir visiblement le teint, de le rendre plus homog\u00e8ne, d\u2019att\u00e9nuer les taches de pigmentation et de raffermir la peau.<\/p>\n<p><strong>Application :<\/strong><\/p>\n<p>Pure : Soit en remplacement de votre cr\u00e8me de soin, soit en appliquant 2 gouttes de s\u00e9rum directement sur le visage et en massant jusqu\u2019\u00e0 absorption compl\u00e8te.<br \/>\nEn booster : M\u00e9langez 1 \u00e0 2 gouttes du produit avec votre cr\u00e8me ou un s\u00e9rum de soin pour la peau. La cr\u00e8me est alors encore mieux absorb\u00e9e par la peau et ses effets positifs sont amplifi\u00e9s !<\/p>\n<\/div>","protected":false},"excerpt":{"rendered":"<p>Highlights:Formule de soin \u00e0 l\u2019effet raffermissant et r\u00e9g\u00e9n\u00e9rant.<\/p>","protected":false},"featured_media":46238,"comment_status":"open","ping_status":"closed","template":"","meta":[],"pwb-brand":[2275],"product_cat":[16],"product_tag":[],"class_list":{"0":"post-46237","1":"product","2":"type-product","3":"status-publish","4":"has-post-thumbnail","6":"pwb-brand-la-saponaria","7":"product_cat-non-classe","8":"pa_brands-la-saponaria","10":"first","11":"instock","12":"sale","13":"shipping-taxable","14":"purchasable","15":"product-type-simple"},"yoast_head":"<!-- This site is optimized with the Yoast SEO plugin v27.5 - https:\/\/yoast.com\/product\/yoast-seo-wordpress\/ -->\n<title>La Saponaria Vitamine C 30ml - paragaleriedetalborjt<\/title>\n<meta name=\"robots\" content=\"index, follow, max-snippet:-1, max-image-preview:large, max-video-preview:-1\" \/>\n<link rel=\"canonical\" href=\"https:\/\/paragaleriedetalborjt.com\/en\/boutique\/la-saponaria-vitamine-c-30ml\/\" \/>\n<meta property=\"og:locale\" content=\"en_US\" \/>\n<meta property=\"og:type\" content=\"article\" \/>\n<meta property=\"og:title\" content=\"La Saponaria Vitamine C 30ml - paragaleriedetalborjt\" \/>\n<meta property=\"og:description\" content=\"Highlights:Formule de soin \u00e0 l\u2019effet raffermissant et r\u00e9g\u00e9n\u00e9rant.\" \/>\n<meta property=\"og:url\" content=\"https:\/\/paragaleriedetalborjt.com\/en\/boutique\/la-saponaria-vitamine-c-30ml\/\" \/>\n<meta property=\"og:site_name\" content=\"paragaleriedetalborjt\" \/>\n<meta property=\"og:image\" content=\"https:\/\/paragaleriedetalborjt.com\/wp-content\/uploads\/2026\/01\/vitamina-c-activa-pura-cosmetico-30ml-la-saponaria.jpg\" \/>\n\t<meta property=\"og:image:width\" content=\"595\" \/>\n\t<meta property=\"og:image:height\" content=\"655\" \/>\n\t<meta property=\"og:image:type\" content=\"image\/jpeg\" \/>\n<meta name=\"twitter:card\" content=\"summary_large_image\" \/>\n<meta name=\"twitter:label1\" content=\"Est. reading time\" \/>\n\t<meta name=\"twitter:data1\" content=\"1 minute\" \/>\n<script type=\"application\/ld+json\" class=\"yoast-schema-graph\">{\"@context\":\"https:\\\/\\\/schema.org\",\"@graph\":[{\"@type\":\"WebPage\",\"@id\":\"https:\\\/\\\/paragaleriedetalborjt.com\\\/boutique\\\/la-saponaria-vitamine-c-30ml\\\/\",\"url\":\"https:\\\/\\\/paragaleriedetalborjt.com\\\/boutique\\\/la-saponaria-vitamine-c-30ml\\\/\",\"name\":\"La Saponaria Vitamine C 30ml - paragaleriedetalborjt\",\"isPartOf\":{\"@id\":\"https:\\\/\\\/paragaleriedetalborjt.com\\\/#website\"},\"primaryImageOfPage\":{\"@id\":\"https:\\\/\\\/paragaleriedetalborjt.com\\\/boutique\\\/la-saponaria-vitamine-c-30ml\\\/#primaryimage\"},\"image\":{\"@id\":\"https:\\\/\\\/paragaleriedetalborjt.com\\\/boutique\\\/la-saponaria-vitamine-c-30ml\\\/#primaryimage\"},\"thumbnailUrl\":\"https:\\\/\\\/paragaleriedetalborjt.com\\\/wp-content\\\/uploads\\\/2026\\\/01\\\/vitamina-c-activa-pura-cosmetico-30ml-la-saponaria.jpg\",\"datePublished\":\"2026-01-03T23:13:43+00:00\",\"breadcrumb\":{\"@id\":\"https:\\\/\\\/paragaleriedetalborjt.com\\\/boutique\\\/la-saponaria-vitamine-c-30ml\\\/#breadcrumb\"},\"inLanguage\":\"en-US\",\"potentialAction\":[{\"@type\":\"ReadAction\",\"target\":[\"https:\\\/\\\/paragaleriedetalborjt.com\\\/boutique\\\/la-saponaria-vitamine-c-30ml\\\/\"]}]},{\"@type\":\"ImageObject\",\"inLanguage\":\"en-US\",\"@id\":\"https:\\\/\\\/paragaleriedetalborjt.com\\\/boutique\\\/la-saponaria-vitamine-c-30ml\\\/#primaryimage\",\"url\":\"https:\\\/\\\/paragaleriedetalborjt.com\\\/wp-content\\\/uploads\\\/2026\\\/01\\\/vitamina-c-activa-pura-cosmetico-30ml-la-saponaria.jpg\",\"contentUrl\":\"https:\\\/\\\/paragaleriedetalborjt.com\\\/wp-content\\\/uploads\\\/2026\\\/01\\\/vitamina-c-activa-pura-cosmetico-30ml-la-saponaria.jpg\",\"width\":595,\"height\":655},{\"@type\":\"BreadcrumbList\",\"@id\":\"https:\\\/\\\/paragaleriedetalborjt.com\\\/boutique\\\/la-saponaria-vitamine-c-30ml\\\/#breadcrumb\",\"itemListElement\":[{\"@type\":\"ListItem\",\"position\":1,\"name\":\"Accueil\",\"item\":\"https:\\\/\\\/paragaleriedetalborjt.com\\\/\"},{\"@type\":\"ListItem\",\"position\":2,\"name\":\"Boutique\",\"item\":\"https:\\\/\\\/paragaleriedetalborjt.com\\\/boutique\\\/\"},{\"@type\":\"ListItem\",\"position\":3,\"name\":\"La Saponaria Vitamine C 30ml\"}]},{\"@type\":\"WebSite\",\"@id\":\"https:\\\/\\\/paragaleriedetalborjt.com\\\/#website\",\"url\":\"https:\\\/\\\/paragaleriedetalborjt.com\\\/\",\"name\":\"paragaleriedetalborjt\",\"description\":\"\",\"potentialAction\":[{\"@type\":\"SearchAction\",\"target\":{\"@type\":\"EntryPoint\",\"urlTemplate\":\"https:\\\/\\\/paragaleriedetalborjt.com\\\/?s={search_term_string}\"},\"query-input\":{\"@type\":\"PropertyValueSpecification\",\"valueRequired\":true,\"valueName\":\"search_term_string\"}}],\"inLanguage\":\"en-US\"}]}<\/script>\n<!-- \/ Yoast SEO plugin. -->","yoast_head_json":{"title":"La Saponaria Vitamine C 30ml - paragaleriedetalborjt","robots":{"index":"index","follow":"follow","max-snippet":"max-snippet:-1","max-image-preview":"max-image-preview:large","max-video-preview":"max-video-preview:-1"},"canonical":"https:\/\/paragaleriedetalborjt.com\/en\/boutique\/la-saponaria-vitamine-c-30ml\/","og_locale":"en_US","og_type":"article","og_title":"La Saponaria Vitamine C 30ml - paragaleriedetalborjt","og_description":"Highlights:Formule de soin \u00e0 l\u2019effet raffermissant et r\u00e9g\u00e9n\u00e9rant.","og_url":"https:\/\/paragaleriedetalborjt.com\/en\/boutique\/la-saponaria-vitamine-c-30ml\/","og_site_name":"paragaleriedetalborjt","og_image":[{"width":595,"height":655,"url":"https:\/\/paragaleriedetalborjt.com\/wp-content\/uploads\/2026\/01\/vitamina-c-activa-pura-cosmetico-30ml-la-saponaria.jpg","type":"image\/jpeg"}],"twitter_card":"summary_large_image","twitter_misc":{"Est. reading time":"1 minute"},"schema":{"@context":"https:\/\/schema.org","@graph":[{"@type":"WebPage","@id":"https:\/\/paragaleriedetalborjt.com\/boutique\/la-saponaria-vitamine-c-30ml\/","url":"https:\/\/paragaleriedetalborjt.com\/boutique\/la-saponaria-vitamine-c-30ml\/","name":"La Saponaria Vitamine C 30ml - paragaleriedetalborjt","isPartOf":{"@id":"https:\/\/paragaleriedetalborjt.com\/#website"},"primaryImageOfPage":{"@id":"https:\/\/paragaleriedetalborjt.com\/boutique\/la-saponaria-vitamine-c-30ml\/#primaryimage"},"image":{"@id":"https:\/\/paragaleriedetalborjt.com\/boutique\/la-saponaria-vitamine-c-30ml\/#primaryimage"},"thumbnailUrl":"https:\/\/paragaleriedetalborjt.com\/wp-content\/uploads\/2026\/01\/vitamina-c-activa-pura-cosmetico-30ml-la-saponaria.jpg","datePublished":"2026-01-03T23:13:43+00:00","breadcrumb":{"@id":"https:\/\/paragaleriedetalborjt.com\/boutique\/la-saponaria-vitamine-c-30ml\/#breadcrumb"},"inLanguage":"en-US","potentialAction":[{"@type":"ReadAction","target":["https:\/\/paragaleriedetalborjt.com\/boutique\/la-saponaria-vitamine-c-30ml\/"]}]},{"@type":"ImageObject","inLanguage":"en-US","@id":"https:\/\/paragaleriedetalborjt.com\/boutique\/la-saponaria-vitamine-c-30ml\/#primaryimage","url":"https:\/\/paragaleriedetalborjt.com\/wp-content\/uploads\/2026\/01\/vitamina-c-activa-pura-cosmetico-30ml-la-saponaria.jpg","contentUrl":"https:\/\/paragaleriedetalborjt.com\/wp-content\/uploads\/2026\/01\/vitamina-c-activa-pura-cosmetico-30ml-la-saponaria.jpg","width":595,"height":655},{"@type":"BreadcrumbList","@id":"https:\/\/paragaleriedetalborjt.com\/boutique\/la-saponaria-vitamine-c-30ml\/#breadcrumb","itemListElement":[{"@type":"ListItem","position":1,"name":"Accueil","item":"https:\/\/paragaleriedetalborjt.com\/"},{"@type":"ListItem","position":2,"name":"Boutique","item":"https:\/\/paragaleriedetalborjt.com\/boutique\/"},{"@type":"ListItem","position":3,"name":"La Saponaria Vitamine C 30ml"}]},{"@type":"WebSite","@id":"https:\/\/paragaleriedetalborjt.com\/#website","url":"https:\/\/paragaleriedetalborjt.com\/","name":"paragaleriedetalborjt","description":"","potentialAction":[{"@type":"SearchAction","target":{"@type":"EntryPoint","urlTemplate":"https:\/\/paragaleriedetalborjt.com\/?s={search_term_string}"},"query-input":{"@type":"PropertyValueSpecification","valueRequired":true,"valueName":"search_term_string"}}],"inLanguage":"en-US"}]}},"brands":[{"id":2275,"name":"La Saponaria","slug":"la-saponaria"}],"_links":{"self":[{"href":"https:\/\/paragaleriedetalborjt.com\/en\/wp-json\/wp\/v2\/product\/46237","targetHints":{"allow":["GET"]}}],"collection":[{"href":"https:\/\/paragaleriedetalborjt.com\/en\/wp-json\/wp\/v2\/product"}],"about":[{"href":"https:\/\/paragaleriedetalborjt.com\/en\/wp-json\/wp\/v2\/types\/product"}],"replies":[{"embeddable":true,"href":"https:\/\/paragaleriedetalborjt.com\/en\/wp-json\/wp\/v2\/comments?post=46237"}],"version-history":[{"count":1,"href":"https:\/\/paragaleriedetalborjt.com\/en\/wp-json\/wp\/v2\/product\/46237\/revisions"}],"predecessor-version":[{"id":46239,"href":"https:\/\/paragaleriedetalborjt.com\/en\/wp-json\/wp\/v2\/product\/46237\/revisions\/46239"}],"wp:featuredmedia":[{"embeddable":true,"href":"https:\/\/paragaleriedetalborjt.com\/en\/wp-json\/wp\/v2\/media\/46238"}],"wp:attachment":[{"href":"https:\/\/paragaleriedetalborjt.com\/en\/wp-json\/wp\/v2\/media?parent=46237"}],"wp:term":[{"taxonomy":"pwb-brand","embeddable":true,"href":"https:\/\/paragaleriedetalborjt.com\/en\/wp-json\/wp\/v2\/pwb-brand?post=46237"},{"taxonomy":"product_cat","embeddable":true,"href":"https:\/\/paragaleriedetalborjt.com\/en\/wp-json\/wp\/v2\/product_cat?post=46237"},{"taxonomy":"product_tag","embeddable":true,"href":"https:\/\/paragaleriedetalborjt.com\/en\/wp-json\/wp\/v2\/product_tag?post=46237"}],"curies":[{"name":"wp","href":"https:\/\/api.w.org\/{rel}","templated":true}]}}