{"id":46177,"date":"2026-01-04T00:11:12","date_gmt":"2026-01-03T23:11:12","guid":{"rendered":"https:\/\/paragaleriedetalborjt.com\/?post_type=product&#038;p=46177"},"modified":"2026-01-04T00:11:13","modified_gmt":"2026-01-03T23:11:13","slug":"eau-thermale-avene-cleanance-soin-matifiant-40ml","status":"publish","type":"product","link":"https:\/\/paragaleriedetalborjt.com\/en\/boutique\/eau-thermale-avene-cleanance-soin-matifiant-40ml\/","title":{"rendered":"EAU THERMALE AVENE Cleanance Soin matifiant 40ml"},"content":{"rendered":"<div aria-labelledby=\"tab-title-description\" class=\"woocommerce-Tabs-panel woocommerce-Tabs-panel--description panel entry-content wc-tab\" id=\"tab-description\" role=\"tabpanel\" style=\"\">\n<h2>Description<\/h2>\n<p>Cleanance Soin matifiant est un soin quotidien qui r\u00e9duit l\u2019exc\u00e8s de s\u00e9bum et apporte aux peaux grasses confort et hydratation \u2013 sans brillance \u2013 pendant 24h*. La peau, douce au toucher, est matifi\u00e9e durant 6h**. La brillance est r\u00e9duite imm\u00e9diatement et durablement***. Sa texture mate et non collante, formul\u00e9e \u00e0 l\u2019aide d\u2019une s\u00e9lection rigoureuse de poudres matifiantes, d\u2019agents hydratants et de la Comedoclastin\u2122, actif v\u00e9g\u00e9tal extrait des graines de Chardon-Marie s\u00e9bo-r\u00e9ducteur, garantit une efficacit\u00e9 imm\u00e9diate et durable. Un soin est respectueux des peaux sensibles, gr\u00e2ce \u00e0 l\u2019Eau thermale d\u2019Av\u00e8ne qui restitue toutes ses propri\u00e9t\u00e9s apaisantes et adoucissantes. Cleanance Soin matifiant constitue \u00e9galement une bonne base de maquillage.<\/p>\n<p><strong>Avantage<\/strong><br \/>\nCleanance Soin matifiant offre un effet matifiant durant 6h*.<\/p>\n<p><strong>B\u00e9n\u00e9fices<\/strong><br \/>\n\u2022 MATIFIE : R\u00e9duit l\u2019exc\u00e8s de s\u00e9bum et la brillance.<br \/>\n\u2022 HYDRATE les peaux grasses.<br \/>\n\u2022 APAISE gr\u00e2ce \u00e0 l\u2019Eau thermale d\u2019Av\u00e8ne.<\/p>\n<\/div>","protected":false},"excerpt":{"rendered":"<p>Highlights:Soin matifiant s\u00e9bo-r\u00e9ducteur et hydratant longue-dur\u00e9e des peaux grasses et brillantes.<\/p>","protected":false},"featured_media":46178,"comment_status":"open","ping_status":"closed","template":"","meta":[],"pwb-brand":[1771],"product_cat":[16],"product_tag":[],"class_list":{"0":"post-46177","1":"product","2":"type-product","3":"status-publish","4":"has-post-thumbnail","6":"pwb-brand-avene","7":"product_cat-non-classe","8":"pa_brands-avene","10":"first","11":"instock","12":"sale","13":"shipping-taxable","14":"purchasable","15":"product-type-simple"},"yoast_head":"<!-- This site is optimized with the Yoast SEO plugin v27.5 - https:\/\/yoast.com\/product\/yoast-seo-wordpress\/ -->\n<title>EAU THERMALE AVENE Cleanance Soin matifiant 40ml - paragaleriedetalborjt<\/title>\n<meta name=\"robots\" content=\"index, follow, max-snippet:-1, max-image-preview:large, max-video-preview:-1\" \/>\n<link rel=\"canonical\" href=\"https:\/\/paragaleriedetalborjt.com\/en\/boutique\/eau-thermale-avene-cleanance-soin-matifiant-40ml\/\" \/>\n<meta property=\"og:locale\" content=\"en_US\" \/>\n<meta property=\"og:type\" content=\"article\" \/>\n<meta property=\"og:title\" content=\"EAU THERMALE AVENE Cleanance Soin matifiant 40ml - paragaleriedetalborjt\" \/>\n<meta property=\"og:description\" content=\"Highlights:Soin matifiant s\u00e9bo-r\u00e9ducteur et hydratant longue-dur\u00e9e des peaux grasses et brillantes.\" \/>\n<meta property=\"og:url\" content=\"https:\/\/paragaleriedetalborjt.com\/en\/boutique\/eau-thermale-avene-cleanance-soin-matifiant-40ml\/\" \/>\n<meta property=\"og:site_name\" content=\"paragaleriedetalborjt\" \/>\n<meta property=\"article:modified_time\" content=\"2026-01-03T23:11:13+00:00\" \/>\n<meta property=\"og:image\" content=\"https:\/\/paragaleriedetalborjt.com\/wp-content\/uploads\/2026\/01\/avene-cleanance-soin-matifiant.jpg\" \/>\n\t<meta property=\"og:image:width\" content=\"595\" \/>\n\t<meta property=\"og:image:height\" content=\"655\" \/>\n\t<meta property=\"og:image:type\" content=\"image\/jpeg\" \/>\n<meta name=\"twitter:card\" content=\"summary_large_image\" \/>\n<meta name=\"twitter:label1\" content=\"Est. reading time\" \/>\n\t<meta name=\"twitter:data1\" content=\"1 minute\" \/>\n<script type=\"application\/ld+json\" class=\"yoast-schema-graph\">{\"@context\":\"https:\\\/\\\/schema.org\",\"@graph\":[{\"@type\":\"WebPage\",\"@id\":\"https:\\\/\\\/paragaleriedetalborjt.com\\\/boutique\\\/eau-thermale-avene-cleanance-soin-matifiant-40ml\\\/\",\"url\":\"https:\\\/\\\/paragaleriedetalborjt.com\\\/boutique\\\/eau-thermale-avene-cleanance-soin-matifiant-40ml\\\/\",\"name\":\"EAU THERMALE AVENE Cleanance Soin matifiant 40ml - paragaleriedetalborjt\",\"isPartOf\":{\"@id\":\"https:\\\/\\\/paragaleriedetalborjt.com\\\/#website\"},\"primaryImageOfPage\":{\"@id\":\"https:\\\/\\\/paragaleriedetalborjt.com\\\/boutique\\\/eau-thermale-avene-cleanance-soin-matifiant-40ml\\\/#primaryimage\"},\"image\":{\"@id\":\"https:\\\/\\\/paragaleriedetalborjt.com\\\/boutique\\\/eau-thermale-avene-cleanance-soin-matifiant-40ml\\\/#primaryimage\"},\"thumbnailUrl\":\"https:\\\/\\\/paragaleriedetalborjt.com\\\/wp-content\\\/uploads\\\/2026\\\/01\\\/avene-cleanance-soin-matifiant.jpg\",\"datePublished\":\"2026-01-03T23:11:12+00:00\",\"dateModified\":\"2026-01-03T23:11:13+00:00\",\"breadcrumb\":{\"@id\":\"https:\\\/\\\/paragaleriedetalborjt.com\\\/boutique\\\/eau-thermale-avene-cleanance-soin-matifiant-40ml\\\/#breadcrumb\"},\"inLanguage\":\"en-US\",\"potentialAction\":[{\"@type\":\"ReadAction\",\"target\":[\"https:\\\/\\\/paragaleriedetalborjt.com\\\/boutique\\\/eau-thermale-avene-cleanance-soin-matifiant-40ml\\\/\"]}]},{\"@type\":\"ImageObject\",\"inLanguage\":\"en-US\",\"@id\":\"https:\\\/\\\/paragaleriedetalborjt.com\\\/boutique\\\/eau-thermale-avene-cleanance-soin-matifiant-40ml\\\/#primaryimage\",\"url\":\"https:\\\/\\\/paragaleriedetalborjt.com\\\/wp-content\\\/uploads\\\/2026\\\/01\\\/avene-cleanance-soin-matifiant.jpg\",\"contentUrl\":\"https:\\\/\\\/paragaleriedetalborjt.com\\\/wp-content\\\/uploads\\\/2026\\\/01\\\/avene-cleanance-soin-matifiant.jpg\",\"width\":595,\"height\":655},{\"@type\":\"BreadcrumbList\",\"@id\":\"https:\\\/\\\/paragaleriedetalborjt.com\\\/boutique\\\/eau-thermale-avene-cleanance-soin-matifiant-40ml\\\/#breadcrumb\",\"itemListElement\":[{\"@type\":\"ListItem\",\"position\":1,\"name\":\"Accueil\",\"item\":\"https:\\\/\\\/paragaleriedetalborjt.com\\\/\"},{\"@type\":\"ListItem\",\"position\":2,\"name\":\"Boutique\",\"item\":\"https:\\\/\\\/paragaleriedetalborjt.com\\\/boutique\\\/\"},{\"@type\":\"ListItem\",\"position\":3,\"name\":\"EAU THERMALE AVENE Cleanance Soin matifiant 40ml\"}]},{\"@type\":\"WebSite\",\"@id\":\"https:\\\/\\\/paragaleriedetalborjt.com\\\/#website\",\"url\":\"https:\\\/\\\/paragaleriedetalborjt.com\\\/\",\"name\":\"paragaleriedetalborjt\",\"description\":\"\",\"potentialAction\":[{\"@type\":\"SearchAction\",\"target\":{\"@type\":\"EntryPoint\",\"urlTemplate\":\"https:\\\/\\\/paragaleriedetalborjt.com\\\/?s={search_term_string}\"},\"query-input\":{\"@type\":\"PropertyValueSpecification\",\"valueRequired\":true,\"valueName\":\"search_term_string\"}}],\"inLanguage\":\"en-US\"}]}<\/script>\n<!-- \/ Yoast SEO plugin. -->","yoast_head_json":{"title":"EAU THERMALE AVENE Cleanance Soin matifiant 40ml - paragaleriedetalborjt","robots":{"index":"index","follow":"follow","max-snippet":"max-snippet:-1","max-image-preview":"max-image-preview:large","max-video-preview":"max-video-preview:-1"},"canonical":"https:\/\/paragaleriedetalborjt.com\/en\/boutique\/eau-thermale-avene-cleanance-soin-matifiant-40ml\/","og_locale":"en_US","og_type":"article","og_title":"EAU THERMALE AVENE Cleanance Soin matifiant 40ml - paragaleriedetalborjt","og_description":"Highlights:Soin matifiant s\u00e9bo-r\u00e9ducteur et hydratant longue-dur\u00e9e des peaux grasses et brillantes.","og_url":"https:\/\/paragaleriedetalborjt.com\/en\/boutique\/eau-thermale-avene-cleanance-soin-matifiant-40ml\/","og_site_name":"paragaleriedetalborjt","article_modified_time":"2026-01-03T23:11:13+00:00","og_image":[{"width":595,"height":655,"url":"https:\/\/paragaleriedetalborjt.com\/wp-content\/uploads\/2026\/01\/avene-cleanance-soin-matifiant.jpg","type":"image\/jpeg"}],"twitter_card":"summary_large_image","twitter_misc":{"Est. reading time":"1 minute"},"schema":{"@context":"https:\/\/schema.org","@graph":[{"@type":"WebPage","@id":"https:\/\/paragaleriedetalborjt.com\/boutique\/eau-thermale-avene-cleanance-soin-matifiant-40ml\/","url":"https:\/\/paragaleriedetalborjt.com\/boutique\/eau-thermale-avene-cleanance-soin-matifiant-40ml\/","name":"EAU THERMALE AVENE Cleanance Soin matifiant 40ml - paragaleriedetalborjt","isPartOf":{"@id":"https:\/\/paragaleriedetalborjt.com\/#website"},"primaryImageOfPage":{"@id":"https:\/\/paragaleriedetalborjt.com\/boutique\/eau-thermale-avene-cleanance-soin-matifiant-40ml\/#primaryimage"},"image":{"@id":"https:\/\/paragaleriedetalborjt.com\/boutique\/eau-thermale-avene-cleanance-soin-matifiant-40ml\/#primaryimage"},"thumbnailUrl":"https:\/\/paragaleriedetalborjt.com\/wp-content\/uploads\/2026\/01\/avene-cleanance-soin-matifiant.jpg","datePublished":"2026-01-03T23:11:12+00:00","dateModified":"2026-01-03T23:11:13+00:00","breadcrumb":{"@id":"https:\/\/paragaleriedetalborjt.com\/boutique\/eau-thermale-avene-cleanance-soin-matifiant-40ml\/#breadcrumb"},"inLanguage":"en-US","potentialAction":[{"@type":"ReadAction","target":["https:\/\/paragaleriedetalborjt.com\/boutique\/eau-thermale-avene-cleanance-soin-matifiant-40ml\/"]}]},{"@type":"ImageObject","inLanguage":"en-US","@id":"https:\/\/paragaleriedetalborjt.com\/boutique\/eau-thermale-avene-cleanance-soin-matifiant-40ml\/#primaryimage","url":"https:\/\/paragaleriedetalborjt.com\/wp-content\/uploads\/2026\/01\/avene-cleanance-soin-matifiant.jpg","contentUrl":"https:\/\/paragaleriedetalborjt.com\/wp-content\/uploads\/2026\/01\/avene-cleanance-soin-matifiant.jpg","width":595,"height":655},{"@type":"BreadcrumbList","@id":"https:\/\/paragaleriedetalborjt.com\/boutique\/eau-thermale-avene-cleanance-soin-matifiant-40ml\/#breadcrumb","itemListElement":[{"@type":"ListItem","position":1,"name":"Accueil","item":"https:\/\/paragaleriedetalborjt.com\/"},{"@type":"ListItem","position":2,"name":"Boutique","item":"https:\/\/paragaleriedetalborjt.com\/boutique\/"},{"@type":"ListItem","position":3,"name":"EAU THERMALE AVENE Cleanance Soin matifiant 40ml"}]},{"@type":"WebSite","@id":"https:\/\/paragaleriedetalborjt.com\/#website","url":"https:\/\/paragaleriedetalborjt.com\/","name":"paragaleriedetalborjt","description":"","potentialAction":[{"@type":"SearchAction","target":{"@type":"EntryPoint","urlTemplate":"https:\/\/paragaleriedetalborjt.com\/?s={search_term_string}"},"query-input":{"@type":"PropertyValueSpecification","valueRequired":true,"valueName":"search_term_string"}}],"inLanguage":"en-US"}]}},"brands":[{"id":1771,"name":"AV\u00c8NE","slug":"avene"}],"_links":{"self":[{"href":"https:\/\/paragaleriedetalborjt.com\/en\/wp-json\/wp\/v2\/product\/46177","targetHints":{"allow":["GET"]}}],"collection":[{"href":"https:\/\/paragaleriedetalborjt.com\/en\/wp-json\/wp\/v2\/product"}],"about":[{"href":"https:\/\/paragaleriedetalborjt.com\/en\/wp-json\/wp\/v2\/types\/product"}],"replies":[{"embeddable":true,"href":"https:\/\/paragaleriedetalborjt.com\/en\/wp-json\/wp\/v2\/comments?post=46177"}],"version-history":[{"count":1,"href":"https:\/\/paragaleriedetalborjt.com\/en\/wp-json\/wp\/v2\/product\/46177\/revisions"}],"predecessor-version":[{"id":46179,"href":"https:\/\/paragaleriedetalborjt.com\/en\/wp-json\/wp\/v2\/product\/46177\/revisions\/46179"}],"wp:featuredmedia":[{"embeddable":true,"href":"https:\/\/paragaleriedetalborjt.com\/en\/wp-json\/wp\/v2\/media\/46178"}],"wp:attachment":[{"href":"https:\/\/paragaleriedetalborjt.com\/en\/wp-json\/wp\/v2\/media?parent=46177"}],"wp:term":[{"taxonomy":"pwb-brand","embeddable":true,"href":"https:\/\/paragaleriedetalborjt.com\/en\/wp-json\/wp\/v2\/pwb-brand?post=46177"},{"taxonomy":"product_cat","embeddable":true,"href":"https:\/\/paragaleriedetalborjt.com\/en\/wp-json\/wp\/v2\/product_cat?post=46177"},{"taxonomy":"product_tag","embeddable":true,"href":"https:\/\/paragaleriedetalborjt.com\/en\/wp-json\/wp\/v2\/product_tag?post=46177"}],"curies":[{"name":"wp","href":"https:\/\/api.w.org\/{rel}","templated":true}]}}