{"id":46168,"date":"2026-01-04T00:10:49","date_gmt":"2026-01-03T23:10:49","guid":{"rendered":"https:\/\/paragaleriedetalborjt.com\/?post_type=product&#038;p=46168"},"modified":"2026-01-04T00:10:49","modified_gmt":"2026-01-03T23:10:49","slug":"puressentiel-anti-poux-lotion-100-ml-peigne","status":"publish","type":"product","link":"https:\/\/paragaleriedetalborjt.com\/en\/boutique\/puressentiel-anti-poux-lotion-100-ml-peigne\/","title":{"rendered":"Puressentiel Anti-poux Lotion 100 ml + Peigne"},"content":{"rendered":"<div aria-labelledby=\"tab-title-description\" class=\"woocommerce-Tabs-panel woocommerce-Tabs-panel--description panel entry-content wc-tab\" id=\"tab-description\" role=\"tabpanel\" style=\"\">\n<h2>Description<\/h2>\n<p>Le traitement anti-poux Puressentiel renferme une lotion 100% naturelle qui \u00e9limine les poux, les larves et les lentes et laisse les cheveux soyeux et brillants. Les huiles v\u00e9g\u00e9tales qu\u2019elle contient ont une action antiseptique et d\u2019apaisement du cuir chevelu, elles calment les d\u00e9mangeaisons. Son action est efficace d\u00e8s 10 mn d\u2019application. Ce pack renferme \u00e9galement un peigne en acier aux dents microcannel\u00e9es que vous utiliserez apr\u00e8s la lotion pour \u00e9liminer les larves.<\/p>\n<\/div>","protected":false},"excerpt":{"rendered":"<p>Highlights:A partir de 3 ansElimine poux, larves et lentesFormule 100 % naturelleActif d\u00e8s 10 mn \u2013 Pas de r\u00e9sistance des pouxPeigne acier, dents microcannel\u00e9esSans insecticide de synth\u00e8se \u2013 Sans dimethiconeSans silicone<\/p>","protected":false},"featured_media":46169,"comment_status":"open","ping_status":"closed","template":"","meta":[],"pwb-brand":[1824],"product_cat":[16],"product_tag":[],"class_list":{"0":"post-46168","1":"product","2":"type-product","3":"status-publish","4":"has-post-thumbnail","6":"pwb-brand-puressentiel","7":"product_cat-non-classe","8":"pa_brands-puressentiel","10":"first","11":"instock","12":"sale","13":"shipping-taxable","14":"purchasable","15":"product-type-simple"},"yoast_head":"<!-- This site is optimized with the Yoast SEO plugin v27.5 - https:\/\/yoast.com\/product\/yoast-seo-wordpress\/ -->\n<title>Puressentiel Anti-poux Lotion 100 ml + Peigne - paragaleriedetalborjt<\/title>\n<meta name=\"robots\" content=\"index, follow, max-snippet:-1, max-image-preview:large, max-video-preview:-1\" \/>\n<link rel=\"canonical\" href=\"https:\/\/paragaleriedetalborjt.com\/en\/boutique\/puressentiel-anti-poux-lotion-100-ml-peigne\/\" \/>\n<meta property=\"og:locale\" content=\"en_US\" \/>\n<meta property=\"og:type\" content=\"article\" \/>\n<meta property=\"og:title\" content=\"Puressentiel Anti-poux Lotion 100 ml + Peigne - paragaleriedetalborjt\" \/>\n<meta property=\"og:description\" content=\"Highlights:A partir de 3 ansElimine poux, larves et lentesFormule 100 % naturelleActif d\u00e8s 10 mn \u2013 Pas de r\u00e9sistance des pouxPeigne acier, dents microcannel\u00e9esSans insecticide de synth\u00e8se \u2013 Sans dimethiconeSans silicone\" \/>\n<meta property=\"og:url\" content=\"https:\/\/paragaleriedetalborjt.com\/en\/boutique\/puressentiel-anti-poux-lotion-100-ml-peigne\/\" \/>\n<meta property=\"og:site_name\" content=\"paragaleriedetalborjt\" \/>\n<meta property=\"og:image\" content=\"https:\/\/paragaleriedetalborjt.com\/wp-content\/uploads\/2026\/01\/3401098489505.jpg\" \/>\n\t<meta property=\"og:image:width\" content=\"595\" \/>\n\t<meta property=\"og:image:height\" content=\"655\" \/>\n\t<meta property=\"og:image:type\" content=\"image\/jpeg\" \/>\n<meta name=\"twitter:card\" content=\"summary_large_image\" \/>\n<script type=\"application\/ld+json\" class=\"yoast-schema-graph\">{\"@context\":\"https:\\\/\\\/schema.org\",\"@graph\":[{\"@type\":\"WebPage\",\"@id\":\"https:\\\/\\\/paragaleriedetalborjt.com\\\/boutique\\\/puressentiel-anti-poux-lotion-100-ml-peigne\\\/\",\"url\":\"https:\\\/\\\/paragaleriedetalborjt.com\\\/boutique\\\/puressentiel-anti-poux-lotion-100-ml-peigne\\\/\",\"name\":\"Puressentiel Anti-poux Lotion 100 ml + Peigne - paragaleriedetalborjt\",\"isPartOf\":{\"@id\":\"https:\\\/\\\/paragaleriedetalborjt.com\\\/#website\"},\"primaryImageOfPage\":{\"@id\":\"https:\\\/\\\/paragaleriedetalborjt.com\\\/boutique\\\/puressentiel-anti-poux-lotion-100-ml-peigne\\\/#primaryimage\"},\"image\":{\"@id\":\"https:\\\/\\\/paragaleriedetalborjt.com\\\/boutique\\\/puressentiel-anti-poux-lotion-100-ml-peigne\\\/#primaryimage\"},\"thumbnailUrl\":\"https:\\\/\\\/paragaleriedetalborjt.com\\\/wp-content\\\/uploads\\\/2026\\\/01\\\/3401098489505.jpg\",\"datePublished\":\"2026-01-03T23:10:49+00:00\",\"breadcrumb\":{\"@id\":\"https:\\\/\\\/paragaleriedetalborjt.com\\\/boutique\\\/puressentiel-anti-poux-lotion-100-ml-peigne\\\/#breadcrumb\"},\"inLanguage\":\"en-US\",\"potentialAction\":[{\"@type\":\"ReadAction\",\"target\":[\"https:\\\/\\\/paragaleriedetalborjt.com\\\/boutique\\\/puressentiel-anti-poux-lotion-100-ml-peigne\\\/\"]}]},{\"@type\":\"ImageObject\",\"inLanguage\":\"en-US\",\"@id\":\"https:\\\/\\\/paragaleriedetalborjt.com\\\/boutique\\\/puressentiel-anti-poux-lotion-100-ml-peigne\\\/#primaryimage\",\"url\":\"https:\\\/\\\/paragaleriedetalborjt.com\\\/wp-content\\\/uploads\\\/2026\\\/01\\\/3401098489505.jpg\",\"contentUrl\":\"https:\\\/\\\/paragaleriedetalborjt.com\\\/wp-content\\\/uploads\\\/2026\\\/01\\\/3401098489505.jpg\",\"width\":595,\"height\":655},{\"@type\":\"BreadcrumbList\",\"@id\":\"https:\\\/\\\/paragaleriedetalborjt.com\\\/boutique\\\/puressentiel-anti-poux-lotion-100-ml-peigne\\\/#breadcrumb\",\"itemListElement\":[{\"@type\":\"ListItem\",\"position\":1,\"name\":\"Accueil\",\"item\":\"https:\\\/\\\/paragaleriedetalborjt.com\\\/\"},{\"@type\":\"ListItem\",\"position\":2,\"name\":\"Boutique\",\"item\":\"https:\\\/\\\/paragaleriedetalborjt.com\\\/boutique\\\/\"},{\"@type\":\"ListItem\",\"position\":3,\"name\":\"Puressentiel Anti-poux Lotion 100 ml + Peigne\"}]},{\"@type\":\"WebSite\",\"@id\":\"https:\\\/\\\/paragaleriedetalborjt.com\\\/#website\",\"url\":\"https:\\\/\\\/paragaleriedetalborjt.com\\\/\",\"name\":\"paragaleriedetalborjt\",\"description\":\"\",\"potentialAction\":[{\"@type\":\"SearchAction\",\"target\":{\"@type\":\"EntryPoint\",\"urlTemplate\":\"https:\\\/\\\/paragaleriedetalborjt.com\\\/?s={search_term_string}\"},\"query-input\":{\"@type\":\"PropertyValueSpecification\",\"valueRequired\":true,\"valueName\":\"search_term_string\"}}],\"inLanguage\":\"en-US\"}]}<\/script>\n<!-- \/ Yoast SEO plugin. -->","yoast_head_json":{"title":"Puressentiel Anti-poux Lotion 100 ml + Peigne - paragaleriedetalborjt","robots":{"index":"index","follow":"follow","max-snippet":"max-snippet:-1","max-image-preview":"max-image-preview:large","max-video-preview":"max-video-preview:-1"},"canonical":"https:\/\/paragaleriedetalborjt.com\/en\/boutique\/puressentiel-anti-poux-lotion-100-ml-peigne\/","og_locale":"en_US","og_type":"article","og_title":"Puressentiel Anti-poux Lotion 100 ml + Peigne - paragaleriedetalborjt","og_description":"Highlights:A partir de 3 ansElimine poux, larves et lentesFormule 100 % naturelleActif d\u00e8s 10 mn \u2013 Pas de r\u00e9sistance des pouxPeigne acier, dents microcannel\u00e9esSans insecticide de synth\u00e8se \u2013 Sans dimethiconeSans silicone","og_url":"https:\/\/paragaleriedetalborjt.com\/en\/boutique\/puressentiel-anti-poux-lotion-100-ml-peigne\/","og_site_name":"paragaleriedetalborjt","og_image":[{"width":595,"height":655,"url":"https:\/\/paragaleriedetalborjt.com\/wp-content\/uploads\/2026\/01\/3401098489505.jpg","type":"image\/jpeg"}],"twitter_card":"summary_large_image","schema":{"@context":"https:\/\/schema.org","@graph":[{"@type":"WebPage","@id":"https:\/\/paragaleriedetalborjt.com\/boutique\/puressentiel-anti-poux-lotion-100-ml-peigne\/","url":"https:\/\/paragaleriedetalborjt.com\/boutique\/puressentiel-anti-poux-lotion-100-ml-peigne\/","name":"Puressentiel Anti-poux Lotion 100 ml + Peigne - paragaleriedetalborjt","isPartOf":{"@id":"https:\/\/paragaleriedetalborjt.com\/#website"},"primaryImageOfPage":{"@id":"https:\/\/paragaleriedetalborjt.com\/boutique\/puressentiel-anti-poux-lotion-100-ml-peigne\/#primaryimage"},"image":{"@id":"https:\/\/paragaleriedetalborjt.com\/boutique\/puressentiel-anti-poux-lotion-100-ml-peigne\/#primaryimage"},"thumbnailUrl":"https:\/\/paragaleriedetalborjt.com\/wp-content\/uploads\/2026\/01\/3401098489505.jpg","datePublished":"2026-01-03T23:10:49+00:00","breadcrumb":{"@id":"https:\/\/paragaleriedetalborjt.com\/boutique\/puressentiel-anti-poux-lotion-100-ml-peigne\/#breadcrumb"},"inLanguage":"en-US","potentialAction":[{"@type":"ReadAction","target":["https:\/\/paragaleriedetalborjt.com\/boutique\/puressentiel-anti-poux-lotion-100-ml-peigne\/"]}]},{"@type":"ImageObject","inLanguage":"en-US","@id":"https:\/\/paragaleriedetalborjt.com\/boutique\/puressentiel-anti-poux-lotion-100-ml-peigne\/#primaryimage","url":"https:\/\/paragaleriedetalborjt.com\/wp-content\/uploads\/2026\/01\/3401098489505.jpg","contentUrl":"https:\/\/paragaleriedetalborjt.com\/wp-content\/uploads\/2026\/01\/3401098489505.jpg","width":595,"height":655},{"@type":"BreadcrumbList","@id":"https:\/\/paragaleriedetalborjt.com\/boutique\/puressentiel-anti-poux-lotion-100-ml-peigne\/#breadcrumb","itemListElement":[{"@type":"ListItem","position":1,"name":"Accueil","item":"https:\/\/paragaleriedetalborjt.com\/"},{"@type":"ListItem","position":2,"name":"Boutique","item":"https:\/\/paragaleriedetalborjt.com\/boutique\/"},{"@type":"ListItem","position":3,"name":"Puressentiel Anti-poux Lotion 100 ml + Peigne"}]},{"@type":"WebSite","@id":"https:\/\/paragaleriedetalborjt.com\/#website","url":"https:\/\/paragaleriedetalborjt.com\/","name":"paragaleriedetalborjt","description":"","potentialAction":[{"@type":"SearchAction","target":{"@type":"EntryPoint","urlTemplate":"https:\/\/paragaleriedetalborjt.com\/?s={search_term_string}"},"query-input":{"@type":"PropertyValueSpecification","valueRequired":true,"valueName":"search_term_string"}}],"inLanguage":"en-US"}]}},"brands":[{"id":1824,"name":"PURESSENTIEL","slug":"puressentiel"}],"_links":{"self":[{"href":"https:\/\/paragaleriedetalborjt.com\/en\/wp-json\/wp\/v2\/product\/46168","targetHints":{"allow":["GET"]}}],"collection":[{"href":"https:\/\/paragaleriedetalborjt.com\/en\/wp-json\/wp\/v2\/product"}],"about":[{"href":"https:\/\/paragaleriedetalborjt.com\/en\/wp-json\/wp\/v2\/types\/product"}],"replies":[{"embeddable":true,"href":"https:\/\/paragaleriedetalborjt.com\/en\/wp-json\/wp\/v2\/comments?post=46168"}],"version-history":[{"count":1,"href":"https:\/\/paragaleriedetalborjt.com\/en\/wp-json\/wp\/v2\/product\/46168\/revisions"}],"predecessor-version":[{"id":46170,"href":"https:\/\/paragaleriedetalborjt.com\/en\/wp-json\/wp\/v2\/product\/46168\/revisions\/46170"}],"wp:featuredmedia":[{"embeddable":true,"href":"https:\/\/paragaleriedetalborjt.com\/en\/wp-json\/wp\/v2\/media\/46169"}],"wp:attachment":[{"href":"https:\/\/paragaleriedetalborjt.com\/en\/wp-json\/wp\/v2\/media?parent=46168"}],"wp:term":[{"taxonomy":"pwb-brand","embeddable":true,"href":"https:\/\/paragaleriedetalborjt.com\/en\/wp-json\/wp\/v2\/pwb-brand?post=46168"},{"taxonomy":"product_cat","embeddable":true,"href":"https:\/\/paragaleriedetalborjt.com\/en\/wp-json\/wp\/v2\/product_cat?post=46168"},{"taxonomy":"product_tag","embeddable":true,"href":"https:\/\/paragaleriedetalborjt.com\/en\/wp-json\/wp\/v2\/product_tag?post=46168"}],"curies":[{"name":"wp","href":"https:\/\/api.w.org\/{rel}","templated":true}]}}