{"id":46124,"date":"2026-01-04T00:08:56","date_gmt":"2026-01-03T23:08:56","guid":{"rendered":"https:\/\/paragaleriedetalborjt.com\/?post_type=product&#038;p=46124"},"modified":"2026-01-04T00:08:56","modified_gmt":"2026-01-03T23:08:56","slug":"puressentiel-baume-calmant-articulations-muscles-30ml","status":"publish","type":"product","link":"https:\/\/paragaleriedetalborjt.com\/en\/boutique\/puressentiel-baume-calmant-articulations-muscles-30ml\/","title":{"rendered":"PURESSENTIEL Baume Calmant Articulations &#038; Muscles 30ml"},"content":{"rendered":"<div aria-labelledby=\"tab-title-description\" class=\"woocommerce-Tabs-panel woocommerce-Tabs-panel--description panel entry-content wc-tab\" id=\"tab-description\" role=\"tabpanel\" style=\"\">\n<h2>Description<\/h2>\n<p>Ce\u00a0baume calmant Articulations &amp; Muscles Puressentiel\u00a0contient 14 huiles essentielles aux vertus apaisantes, du camphre et du menthol d\u2019origine naturelle. Enrichi de beurre de karit\u00e9, de cire d\u2019abeille et d\u2019huile de tournesol, trois actifs nourrissants parfaits pour un massage tout en douceur, ce baume aidera \u00e0 d\u00e9tendre et apaiser les zones sensibles. L\u2019efficacit\u00e9 test\u00e9e et approuv\u00e9e par les utilisateurs et les professionnels**, fait de ce baume calmant Articulations &amp; Muscles Puressentiel, un indispensable pour les sportifs. Avant et apr\u00e8s l\u2019effort ou pour toute activit\u00e9 quotidienne, il saura apaiser les zones sensibles tout en vous relaxant.<\/p>\n<p>Produit issu de l\u2019aromath\u00e9rapie<br \/>\nFormule 100% d\u2019origine naturelle \u2013 Sans colorant \u2013 Sans conservateur \u2013 Sans parfum de synth\u00e8se \u2013 Sans huiles min\u00e9rales<\/p>\n<p><strong>Conseils d\u2019utilisation :<\/strong><\/p>\n<p><strong>Comment utiliser le Baume Calmant Articulations &amp; Muscles ?<\/strong><\/p>\n<p>Appliquez ce baume calmant Articulations &amp; Muscles Puressentiel en massage sur les zones sensibles, 3 fois par jour. Puis, massez les zones\u00a0musculaires et articulaires\u00a0afin de bien faire p\u00e9n\u00e9trer le produit.<br \/>\nPensez \u00e0 vous laver soigneusement les mains apr\u00e8s chaque utilisation.<\/p>\n<\/div>","protected":false},"excerpt":{"rendered":"<p>Highlights:Ce baume nourrissant aide \u00e0 apaiser les zones sensibles tout en vous relaxant. Il s\u2019utilise avant et apr\u00e8s l\u2019effort sportif, ou pour toute activit\u00e9 quotidienne.<\/p>","protected":false},"featured_media":46125,"comment_status":"open","ping_status":"closed","template":"","meta":[],"pwb-brand":[1824],"product_cat":[16],"product_tag":[],"class_list":{"0":"post-46124","1":"product","2":"type-product","3":"status-publish","4":"has-post-thumbnail","6":"pwb-brand-puressentiel","7":"product_cat-non-classe","8":"pa_brands-puressentiel","10":"first","11":"instock","12":"sale","13":"shipping-taxable","14":"purchasable","15":"product-type-simple"},"yoast_head":"<!-- This site is optimized with the Yoast SEO plugin v27.5 - https:\/\/yoast.com\/product\/yoast-seo-wordpress\/ -->\n<title>PURESSENTIEL Baume Calmant Articulations &amp; Muscles 30ml - paragaleriedetalborjt<\/title>\n<meta name=\"robots\" content=\"index, follow, max-snippet:-1, max-image-preview:large, max-video-preview:-1\" \/>\n<link rel=\"canonical\" href=\"https:\/\/paragaleriedetalborjt.com\/en\/boutique\/puressentiel-baume-calmant-articulations-muscles-30ml\/\" \/>\n<meta property=\"og:locale\" content=\"en_US\" \/>\n<meta property=\"og:type\" content=\"article\" \/>\n<meta property=\"og:title\" content=\"PURESSENTIEL Baume Calmant Articulations &amp; Muscles 30ml - paragaleriedetalborjt\" \/>\n<meta property=\"og:description\" content=\"Highlights:Ce baume nourrissant aide \u00e0 apaiser les zones sensibles tout en vous relaxant. Il s\u2019utilise avant et apr\u00e8s l\u2019effort sportif, ou pour toute activit\u00e9 quotidienne.\" \/>\n<meta property=\"og:url\" content=\"https:\/\/paragaleriedetalborjt.com\/en\/boutique\/puressentiel-baume-calmant-articulations-muscles-30ml\/\" \/>\n<meta property=\"og:site_name\" content=\"paragaleriedetalborjt\" \/>\n<meta property=\"og:image\" content=\"https:\/\/paragaleriedetalborjt.com\/wp-content\/uploads\/2026\/01\/3401352036995.jpg\" \/>\n\t<meta property=\"og:image:width\" content=\"595\" \/>\n\t<meta property=\"og:image:height\" content=\"655\" \/>\n\t<meta property=\"og:image:type\" content=\"image\/jpeg\" \/>\n<meta name=\"twitter:card\" content=\"summary_large_image\" \/>\n<meta name=\"twitter:label1\" content=\"Est. reading time\" \/>\n\t<meta name=\"twitter:data1\" content=\"1 minute\" \/>\n<script type=\"application\/ld+json\" class=\"yoast-schema-graph\">{\"@context\":\"https:\\\/\\\/schema.org\",\"@graph\":[{\"@type\":\"WebPage\",\"@id\":\"https:\\\/\\\/paragaleriedetalborjt.com\\\/boutique\\\/puressentiel-baume-calmant-articulations-muscles-30ml\\\/\",\"url\":\"https:\\\/\\\/paragaleriedetalborjt.com\\\/boutique\\\/puressentiel-baume-calmant-articulations-muscles-30ml\\\/\",\"name\":\"PURESSENTIEL Baume Calmant Articulations & Muscles 30ml - paragaleriedetalborjt\",\"isPartOf\":{\"@id\":\"https:\\\/\\\/paragaleriedetalborjt.com\\\/#website\"},\"primaryImageOfPage\":{\"@id\":\"https:\\\/\\\/paragaleriedetalborjt.com\\\/boutique\\\/puressentiel-baume-calmant-articulations-muscles-30ml\\\/#primaryimage\"},\"image\":{\"@id\":\"https:\\\/\\\/paragaleriedetalborjt.com\\\/boutique\\\/puressentiel-baume-calmant-articulations-muscles-30ml\\\/#primaryimage\"},\"thumbnailUrl\":\"https:\\\/\\\/paragaleriedetalborjt.com\\\/wp-content\\\/uploads\\\/2026\\\/01\\\/3401352036995.jpg\",\"datePublished\":\"2026-01-03T23:08:56+00:00\",\"breadcrumb\":{\"@id\":\"https:\\\/\\\/paragaleriedetalborjt.com\\\/boutique\\\/puressentiel-baume-calmant-articulations-muscles-30ml\\\/#breadcrumb\"},\"inLanguage\":\"en-US\",\"potentialAction\":[{\"@type\":\"ReadAction\",\"target\":[\"https:\\\/\\\/paragaleriedetalborjt.com\\\/boutique\\\/puressentiel-baume-calmant-articulations-muscles-30ml\\\/\"]}]},{\"@type\":\"ImageObject\",\"inLanguage\":\"en-US\",\"@id\":\"https:\\\/\\\/paragaleriedetalborjt.com\\\/boutique\\\/puressentiel-baume-calmant-articulations-muscles-30ml\\\/#primaryimage\",\"url\":\"https:\\\/\\\/paragaleriedetalborjt.com\\\/wp-content\\\/uploads\\\/2026\\\/01\\\/3401352036995.jpg\",\"contentUrl\":\"https:\\\/\\\/paragaleriedetalborjt.com\\\/wp-content\\\/uploads\\\/2026\\\/01\\\/3401352036995.jpg\",\"width\":595,\"height\":655},{\"@type\":\"BreadcrumbList\",\"@id\":\"https:\\\/\\\/paragaleriedetalborjt.com\\\/boutique\\\/puressentiel-baume-calmant-articulations-muscles-30ml\\\/#breadcrumb\",\"itemListElement\":[{\"@type\":\"ListItem\",\"position\":1,\"name\":\"Accueil\",\"item\":\"https:\\\/\\\/paragaleriedetalborjt.com\\\/\"},{\"@type\":\"ListItem\",\"position\":2,\"name\":\"Boutique\",\"item\":\"https:\\\/\\\/paragaleriedetalborjt.com\\\/boutique\\\/\"},{\"@type\":\"ListItem\",\"position\":3,\"name\":\"PURESSENTIEL Baume Calmant Articulations &#038; Muscles 30ml\"}]},{\"@type\":\"WebSite\",\"@id\":\"https:\\\/\\\/paragaleriedetalborjt.com\\\/#website\",\"url\":\"https:\\\/\\\/paragaleriedetalborjt.com\\\/\",\"name\":\"paragaleriedetalborjt\",\"description\":\"\",\"potentialAction\":[{\"@type\":\"SearchAction\",\"target\":{\"@type\":\"EntryPoint\",\"urlTemplate\":\"https:\\\/\\\/paragaleriedetalborjt.com\\\/?s={search_term_string}\"},\"query-input\":{\"@type\":\"PropertyValueSpecification\",\"valueRequired\":true,\"valueName\":\"search_term_string\"}}],\"inLanguage\":\"en-US\"}]}<\/script>\n<!-- \/ Yoast SEO plugin. -->","yoast_head_json":{"title":"PURESSENTIEL Baume Calmant Articulations & Muscles 30ml - paragaleriedetalborjt","robots":{"index":"index","follow":"follow","max-snippet":"max-snippet:-1","max-image-preview":"max-image-preview:large","max-video-preview":"max-video-preview:-1"},"canonical":"https:\/\/paragaleriedetalborjt.com\/en\/boutique\/puressentiel-baume-calmant-articulations-muscles-30ml\/","og_locale":"en_US","og_type":"article","og_title":"PURESSENTIEL Baume Calmant Articulations & Muscles 30ml - paragaleriedetalborjt","og_description":"Highlights:Ce baume nourrissant aide \u00e0 apaiser les zones sensibles tout en vous relaxant. Il s\u2019utilise avant et apr\u00e8s l\u2019effort sportif, ou pour toute activit\u00e9 quotidienne.","og_url":"https:\/\/paragaleriedetalborjt.com\/en\/boutique\/puressentiel-baume-calmant-articulations-muscles-30ml\/","og_site_name":"paragaleriedetalborjt","og_image":[{"width":595,"height":655,"url":"https:\/\/paragaleriedetalborjt.com\/wp-content\/uploads\/2026\/01\/3401352036995.jpg","type":"image\/jpeg"}],"twitter_card":"summary_large_image","twitter_misc":{"Est. reading time":"1 minute"},"schema":{"@context":"https:\/\/schema.org","@graph":[{"@type":"WebPage","@id":"https:\/\/paragaleriedetalborjt.com\/boutique\/puressentiel-baume-calmant-articulations-muscles-30ml\/","url":"https:\/\/paragaleriedetalborjt.com\/boutique\/puressentiel-baume-calmant-articulations-muscles-30ml\/","name":"PURESSENTIEL Baume Calmant Articulations & Muscles 30ml - paragaleriedetalborjt","isPartOf":{"@id":"https:\/\/paragaleriedetalborjt.com\/#website"},"primaryImageOfPage":{"@id":"https:\/\/paragaleriedetalborjt.com\/boutique\/puressentiel-baume-calmant-articulations-muscles-30ml\/#primaryimage"},"image":{"@id":"https:\/\/paragaleriedetalborjt.com\/boutique\/puressentiel-baume-calmant-articulations-muscles-30ml\/#primaryimage"},"thumbnailUrl":"https:\/\/paragaleriedetalborjt.com\/wp-content\/uploads\/2026\/01\/3401352036995.jpg","datePublished":"2026-01-03T23:08:56+00:00","breadcrumb":{"@id":"https:\/\/paragaleriedetalborjt.com\/boutique\/puressentiel-baume-calmant-articulations-muscles-30ml\/#breadcrumb"},"inLanguage":"en-US","potentialAction":[{"@type":"ReadAction","target":["https:\/\/paragaleriedetalborjt.com\/boutique\/puressentiel-baume-calmant-articulations-muscles-30ml\/"]}]},{"@type":"ImageObject","inLanguage":"en-US","@id":"https:\/\/paragaleriedetalborjt.com\/boutique\/puressentiel-baume-calmant-articulations-muscles-30ml\/#primaryimage","url":"https:\/\/paragaleriedetalborjt.com\/wp-content\/uploads\/2026\/01\/3401352036995.jpg","contentUrl":"https:\/\/paragaleriedetalborjt.com\/wp-content\/uploads\/2026\/01\/3401352036995.jpg","width":595,"height":655},{"@type":"BreadcrumbList","@id":"https:\/\/paragaleriedetalborjt.com\/boutique\/puressentiel-baume-calmant-articulations-muscles-30ml\/#breadcrumb","itemListElement":[{"@type":"ListItem","position":1,"name":"Accueil","item":"https:\/\/paragaleriedetalborjt.com\/"},{"@type":"ListItem","position":2,"name":"Boutique","item":"https:\/\/paragaleriedetalborjt.com\/boutique\/"},{"@type":"ListItem","position":3,"name":"PURESSENTIEL Baume Calmant Articulations &#038; Muscles 30ml"}]},{"@type":"WebSite","@id":"https:\/\/paragaleriedetalborjt.com\/#website","url":"https:\/\/paragaleriedetalborjt.com\/","name":"paragaleriedetalborjt","description":"","potentialAction":[{"@type":"SearchAction","target":{"@type":"EntryPoint","urlTemplate":"https:\/\/paragaleriedetalborjt.com\/?s={search_term_string}"},"query-input":{"@type":"PropertyValueSpecification","valueRequired":true,"valueName":"search_term_string"}}],"inLanguage":"en-US"}]}},"brands":[{"id":1824,"name":"PURESSENTIEL","slug":"puressentiel"}],"_links":{"self":[{"href":"https:\/\/paragaleriedetalborjt.com\/en\/wp-json\/wp\/v2\/product\/46124","targetHints":{"allow":["GET"]}}],"collection":[{"href":"https:\/\/paragaleriedetalborjt.com\/en\/wp-json\/wp\/v2\/product"}],"about":[{"href":"https:\/\/paragaleriedetalborjt.com\/en\/wp-json\/wp\/v2\/types\/product"}],"replies":[{"embeddable":true,"href":"https:\/\/paragaleriedetalborjt.com\/en\/wp-json\/wp\/v2\/comments?post=46124"}],"version-history":[{"count":1,"href":"https:\/\/paragaleriedetalborjt.com\/en\/wp-json\/wp\/v2\/product\/46124\/revisions"}],"predecessor-version":[{"id":46126,"href":"https:\/\/paragaleriedetalborjt.com\/en\/wp-json\/wp\/v2\/product\/46124\/revisions\/46126"}],"wp:featuredmedia":[{"embeddable":true,"href":"https:\/\/paragaleriedetalborjt.com\/en\/wp-json\/wp\/v2\/media\/46125"}],"wp:attachment":[{"href":"https:\/\/paragaleriedetalborjt.com\/en\/wp-json\/wp\/v2\/media?parent=46124"}],"wp:term":[{"taxonomy":"pwb-brand","embeddable":true,"href":"https:\/\/paragaleriedetalborjt.com\/en\/wp-json\/wp\/v2\/pwb-brand?post=46124"},{"taxonomy":"product_cat","embeddable":true,"href":"https:\/\/paragaleriedetalborjt.com\/en\/wp-json\/wp\/v2\/product_cat?post=46124"},{"taxonomy":"product_tag","embeddable":true,"href":"https:\/\/paragaleriedetalborjt.com\/en\/wp-json\/wp\/v2\/product_tag?post=46124"}],"curies":[{"name":"wp","href":"https:\/\/api.w.org\/{rel}","templated":true}]}}