{"id":46112,"date":"2026-01-04T00:08:25","date_gmt":"2026-01-03T23:08:25","guid":{"rendered":"https:\/\/paragaleriedetalborjt.com\/?post_type=product&#038;p=46112"},"modified":"2026-01-04T00:08:25","modified_gmt":"2026-01-03T23:08:25","slug":"puressentiel-bain-douche-tonus-7-bien-etre-100ml-bien-etre-puressentiel","status":"publish","type":"product","link":"https:\/\/paragaleriedetalborjt.com\/en\/boutique\/puressentiel-bain-douche-tonus-7-bien-etre-100ml-bien-etre-puressentiel\/","title":{"rendered":"PURESSENTIEL Bain Douche Tonus 7 Bien-etre 100ml Bien-\u00catre Puressentiel"},"content":{"rendered":"<div aria-labelledby=\"tab-title-description\" class=\"woocommerce-Tabs-panel woocommerce-Tabs-panel--description panel entry-content wc-tab\" id=\"tab-description\" role=\"tabpanel\" style=\"\">\n<h2>Description<\/h2>\n<div>\n<div class=\"content\" data-role=\"content\">\n<div class=\"product attribute description\">\n<div class=\"value\">Cette\u00a0huile de bain tonus\u00a0non moussante aux 7 huiles essentielles aide \u00e0 dynamiser le corps, vivifier l\u2019esprit et procure une sensation d\u2019\u00e9nergie instantan\u00e9e.<br \/>\nId\u00e9ale lors de r\u00e9veils difficiles ou de lendemains de f\u00eate, cette huile de bain formul\u00e9e sans savon peut s\u2019utiliser sous la douche, dans le bain ou en SPA.<\/div>\n<div><\/div>\n<\/div>\n<\/div>\n<\/div>\n<div>\n<div class=\"title\" data-role=\"title\">\n<p id=\"link-3\"><strong>COMPOSITIONS &amp; INGR\u00c9DIENTS<\/strong><\/p>\n<\/div>\n<div class=\"content\" data-role=\"content\">\n<div class=\"product attribute composition\">\n<div class=\"value\">La\u00a0liste\u00a0des\u00a0ingr\u00e9dients\u00a0peut\u00a0\u00eatre\u00a0soumise\u00a0\u00e0\u00a0des\u00a0variations,\u00a0nous\u00a0vous\u00a0conseillons\u00a0de\u00a0toujours\u00a0v\u00e9rifier\u00a0la\u00a0liste\u00a0figurant\u00a0sur\u00a0le\u00a0produit\u00a0achet\u00e9.Formule INCI : Sulfated castor oil, Aqua (water), Mentha piperita oil, Pinus sylvestris leaf oil, Rosmarinus officinalis (rosemary) leaf oil, Eucalyptus globulus leaf oil, Limonene, Camphor, Thymus serpillum oil, Thymus vulgaris (thyme) flower\/leaf oil, Juniperus communis wood oil, Linalool, Geraniol, Citronellol, Eugenol.<\/div>\n<div><\/div>\n<div class=\"value\"><em>Ne pas utiliser cette\u00a0huile de bain\u00a0pure \u2013 Ne pas appliquer sur le visage et les muqueuses \u2013 D\u00e9conseill\u00e9 aux enfants de moins de 7 ans, aux femmes enceintes ou allaitant.<br \/>\nTenir hors de port\u00e9e des enfants \u2013 Ne pas avaler \u2013 Usage externe.\u00a0Ce produit est un cosm\u00e9tique \u00e0 usage externe.\u00a0<\/em><\/div>\n<\/div>\n<\/div>\n<\/div>\n<div>\n<div class=\"title\" data-role=\"title\">\n<h2><\/h2>\n<p id=\"link-4\"><strong>CONSEILS D\u2019UTILISATION<\/strong><\/p>\n<\/div>\n<div class=\"content\" data-role=\"content\">\n<div class=\"product attribute tips\">\n<div class=\"value\">Pour profiter des b\u00e9n\u00e9fices de cette\u00a0huile de bain tonus, versez 1 \u00e0 2 bouchons dans la baignoire d\u00e9j\u00e0 remplie.<br \/>\nVous pouvez \u00e9galement l\u2019utiliser sous la douche (1 bouchon).<\/div>\n<\/div>\n<\/div>\n<\/div>\n<\/div>","protected":false},"excerpt":{"rendered":"<p>Highlights:Bien-\u00eatreBain DoucheTonusHuiles EssentiellesPour aider \u00e0 dynamiser le corps et l\u2019espritRetrouver l\u2019\u00e9nergie<\/p>","protected":false},"featured_media":46113,"comment_status":"open","ping_status":"closed","template":"","meta":[],"pwb-brand":[1824],"product_cat":[16],"product_tag":[],"class_list":{"0":"post-46112","1":"product","2":"type-product","3":"status-publish","4":"has-post-thumbnail","6":"pwb-brand-puressentiel","7":"product_cat-non-classe","8":"pa_brands-puressentiel","10":"first","11":"instock","12":"sale","13":"shipping-taxable","14":"purchasable","15":"product-type-simple"},"yoast_head":"<!-- This site is optimized with the Yoast SEO plugin v27.5 - https:\/\/yoast.com\/product\/yoast-seo-wordpress\/ -->\n<title>PURESSENTIEL Bain Douche Tonus 7 Bien-etre 100ml Bien-\u00catre Puressentiel - paragaleriedetalborjt<\/title>\n<meta name=\"robots\" content=\"index, follow, max-snippet:-1, max-image-preview:large, max-video-preview:-1\" \/>\n<link rel=\"canonical\" href=\"https:\/\/paragaleriedetalborjt.com\/en\/boutique\/puressentiel-bain-douche-tonus-7-bien-etre-100ml-bien-etre-puressentiel\/\" \/>\n<meta property=\"og:locale\" content=\"en_US\" \/>\n<meta property=\"og:type\" content=\"article\" \/>\n<meta property=\"og:title\" content=\"PURESSENTIEL Bain Douche Tonus 7 Bien-etre 100ml Bien-\u00catre Puressentiel - paragaleriedetalborjt\" \/>\n<meta property=\"og:description\" content=\"Highlights:Bien-\u00eatreBain DoucheTonusHuiles EssentiellesPour aider \u00e0 dynamiser le corps et l\u2019espritRetrouver l\u2019\u00e9nergie\" \/>\n<meta property=\"og:url\" content=\"https:\/\/paragaleriedetalborjt.com\/en\/boutique\/puressentiel-bain-douche-tonus-7-bien-etre-100ml-bien-etre-puressentiel\/\" \/>\n<meta property=\"og:site_name\" content=\"paragaleriedetalborjt\" \/>\n<meta property=\"og:image\" content=\"https:\/\/paragaleriedetalborjt.com\/wp-content\/uploads\/2026\/01\/3401396610229.jpg\" \/>\n\t<meta property=\"og:image:width\" content=\"595\" \/>\n\t<meta property=\"og:image:height\" content=\"655\" \/>\n\t<meta property=\"og:image:type\" content=\"image\/jpeg\" \/>\n<meta name=\"twitter:card\" content=\"summary_large_image\" \/>\n<meta name=\"twitter:label1\" content=\"Est. reading time\" \/>\n\t<meta name=\"twitter:data1\" content=\"1 minute\" \/>\n<script type=\"application\/ld+json\" class=\"yoast-schema-graph\">{\"@context\":\"https:\\\/\\\/schema.org\",\"@graph\":[{\"@type\":\"WebPage\",\"@id\":\"https:\\\/\\\/paragaleriedetalborjt.com\\\/boutique\\\/puressentiel-bain-douche-tonus-7-bien-etre-100ml-bien-etre-puressentiel\\\/\",\"url\":\"https:\\\/\\\/paragaleriedetalborjt.com\\\/boutique\\\/puressentiel-bain-douche-tonus-7-bien-etre-100ml-bien-etre-puressentiel\\\/\",\"name\":\"PURESSENTIEL Bain Douche Tonus 7 Bien-etre 100ml Bien-\u00catre Puressentiel - paragaleriedetalborjt\",\"isPartOf\":{\"@id\":\"https:\\\/\\\/paragaleriedetalborjt.com\\\/#website\"},\"primaryImageOfPage\":{\"@id\":\"https:\\\/\\\/paragaleriedetalborjt.com\\\/boutique\\\/puressentiel-bain-douche-tonus-7-bien-etre-100ml-bien-etre-puressentiel\\\/#primaryimage\"},\"image\":{\"@id\":\"https:\\\/\\\/paragaleriedetalborjt.com\\\/boutique\\\/puressentiel-bain-douche-tonus-7-bien-etre-100ml-bien-etre-puressentiel\\\/#primaryimage\"},\"thumbnailUrl\":\"https:\\\/\\\/paragaleriedetalborjt.com\\\/wp-content\\\/uploads\\\/2026\\\/01\\\/3401396610229.jpg\",\"datePublished\":\"2026-01-03T23:08:25+00:00\",\"breadcrumb\":{\"@id\":\"https:\\\/\\\/paragaleriedetalborjt.com\\\/boutique\\\/puressentiel-bain-douche-tonus-7-bien-etre-100ml-bien-etre-puressentiel\\\/#breadcrumb\"},\"inLanguage\":\"en-US\",\"potentialAction\":[{\"@type\":\"ReadAction\",\"target\":[\"https:\\\/\\\/paragaleriedetalborjt.com\\\/boutique\\\/puressentiel-bain-douche-tonus-7-bien-etre-100ml-bien-etre-puressentiel\\\/\"]}]},{\"@type\":\"ImageObject\",\"inLanguage\":\"en-US\",\"@id\":\"https:\\\/\\\/paragaleriedetalborjt.com\\\/boutique\\\/puressentiel-bain-douche-tonus-7-bien-etre-100ml-bien-etre-puressentiel\\\/#primaryimage\",\"url\":\"https:\\\/\\\/paragaleriedetalborjt.com\\\/wp-content\\\/uploads\\\/2026\\\/01\\\/3401396610229.jpg\",\"contentUrl\":\"https:\\\/\\\/paragaleriedetalborjt.com\\\/wp-content\\\/uploads\\\/2026\\\/01\\\/3401396610229.jpg\",\"width\":595,\"height\":655},{\"@type\":\"BreadcrumbList\",\"@id\":\"https:\\\/\\\/paragaleriedetalborjt.com\\\/boutique\\\/puressentiel-bain-douche-tonus-7-bien-etre-100ml-bien-etre-puressentiel\\\/#breadcrumb\",\"itemListElement\":[{\"@type\":\"ListItem\",\"position\":1,\"name\":\"Accueil\",\"item\":\"https:\\\/\\\/paragaleriedetalborjt.com\\\/\"},{\"@type\":\"ListItem\",\"position\":2,\"name\":\"Boutique\",\"item\":\"https:\\\/\\\/paragaleriedetalborjt.com\\\/boutique\\\/\"},{\"@type\":\"ListItem\",\"position\":3,\"name\":\"PURESSENTIEL Bain Douche Tonus 7 Bien-etre 100ml Bien-\u00catre Puressentiel\"}]},{\"@type\":\"WebSite\",\"@id\":\"https:\\\/\\\/paragaleriedetalborjt.com\\\/#website\",\"url\":\"https:\\\/\\\/paragaleriedetalborjt.com\\\/\",\"name\":\"paragaleriedetalborjt\",\"description\":\"\",\"potentialAction\":[{\"@type\":\"SearchAction\",\"target\":{\"@type\":\"EntryPoint\",\"urlTemplate\":\"https:\\\/\\\/paragaleriedetalborjt.com\\\/?s={search_term_string}\"},\"query-input\":{\"@type\":\"PropertyValueSpecification\",\"valueRequired\":true,\"valueName\":\"search_term_string\"}}],\"inLanguage\":\"en-US\"}]}<\/script>\n<!-- \/ Yoast SEO plugin. -->","yoast_head_json":{"title":"PURESSENTIEL Bain Douche Tonus 7 Bien-etre 100ml Bien-\u00catre Puressentiel - paragaleriedetalborjt","robots":{"index":"index","follow":"follow","max-snippet":"max-snippet:-1","max-image-preview":"max-image-preview:large","max-video-preview":"max-video-preview:-1"},"canonical":"https:\/\/paragaleriedetalborjt.com\/en\/boutique\/puressentiel-bain-douche-tonus-7-bien-etre-100ml-bien-etre-puressentiel\/","og_locale":"en_US","og_type":"article","og_title":"PURESSENTIEL Bain Douche Tonus 7 Bien-etre 100ml Bien-\u00catre Puressentiel - paragaleriedetalborjt","og_description":"Highlights:Bien-\u00eatreBain DoucheTonusHuiles EssentiellesPour aider \u00e0 dynamiser le corps et l\u2019espritRetrouver l\u2019\u00e9nergie","og_url":"https:\/\/paragaleriedetalborjt.com\/en\/boutique\/puressentiel-bain-douche-tonus-7-bien-etre-100ml-bien-etre-puressentiel\/","og_site_name":"paragaleriedetalborjt","og_image":[{"width":595,"height":655,"url":"https:\/\/paragaleriedetalborjt.com\/wp-content\/uploads\/2026\/01\/3401396610229.jpg","type":"image\/jpeg"}],"twitter_card":"summary_large_image","twitter_misc":{"Est. reading time":"1 minute"},"schema":{"@context":"https:\/\/schema.org","@graph":[{"@type":"WebPage","@id":"https:\/\/paragaleriedetalborjt.com\/boutique\/puressentiel-bain-douche-tonus-7-bien-etre-100ml-bien-etre-puressentiel\/","url":"https:\/\/paragaleriedetalborjt.com\/boutique\/puressentiel-bain-douche-tonus-7-bien-etre-100ml-bien-etre-puressentiel\/","name":"PURESSENTIEL Bain Douche Tonus 7 Bien-etre 100ml Bien-\u00catre Puressentiel - paragaleriedetalborjt","isPartOf":{"@id":"https:\/\/paragaleriedetalborjt.com\/#website"},"primaryImageOfPage":{"@id":"https:\/\/paragaleriedetalborjt.com\/boutique\/puressentiel-bain-douche-tonus-7-bien-etre-100ml-bien-etre-puressentiel\/#primaryimage"},"image":{"@id":"https:\/\/paragaleriedetalborjt.com\/boutique\/puressentiel-bain-douche-tonus-7-bien-etre-100ml-bien-etre-puressentiel\/#primaryimage"},"thumbnailUrl":"https:\/\/paragaleriedetalborjt.com\/wp-content\/uploads\/2026\/01\/3401396610229.jpg","datePublished":"2026-01-03T23:08:25+00:00","breadcrumb":{"@id":"https:\/\/paragaleriedetalborjt.com\/boutique\/puressentiel-bain-douche-tonus-7-bien-etre-100ml-bien-etre-puressentiel\/#breadcrumb"},"inLanguage":"en-US","potentialAction":[{"@type":"ReadAction","target":["https:\/\/paragaleriedetalborjt.com\/boutique\/puressentiel-bain-douche-tonus-7-bien-etre-100ml-bien-etre-puressentiel\/"]}]},{"@type":"ImageObject","inLanguage":"en-US","@id":"https:\/\/paragaleriedetalborjt.com\/boutique\/puressentiel-bain-douche-tonus-7-bien-etre-100ml-bien-etre-puressentiel\/#primaryimage","url":"https:\/\/paragaleriedetalborjt.com\/wp-content\/uploads\/2026\/01\/3401396610229.jpg","contentUrl":"https:\/\/paragaleriedetalborjt.com\/wp-content\/uploads\/2026\/01\/3401396610229.jpg","width":595,"height":655},{"@type":"BreadcrumbList","@id":"https:\/\/paragaleriedetalborjt.com\/boutique\/puressentiel-bain-douche-tonus-7-bien-etre-100ml-bien-etre-puressentiel\/#breadcrumb","itemListElement":[{"@type":"ListItem","position":1,"name":"Accueil","item":"https:\/\/paragaleriedetalborjt.com\/"},{"@type":"ListItem","position":2,"name":"Boutique","item":"https:\/\/paragaleriedetalborjt.com\/boutique\/"},{"@type":"ListItem","position":3,"name":"PURESSENTIEL Bain Douche Tonus 7 Bien-etre 100ml Bien-\u00catre Puressentiel"}]},{"@type":"WebSite","@id":"https:\/\/paragaleriedetalborjt.com\/#website","url":"https:\/\/paragaleriedetalborjt.com\/","name":"paragaleriedetalborjt","description":"","potentialAction":[{"@type":"SearchAction","target":{"@type":"EntryPoint","urlTemplate":"https:\/\/paragaleriedetalborjt.com\/?s={search_term_string}"},"query-input":{"@type":"PropertyValueSpecification","valueRequired":true,"valueName":"search_term_string"}}],"inLanguage":"en-US"}]}},"brands":[{"id":1824,"name":"PURESSENTIEL","slug":"puressentiel"}],"_links":{"self":[{"href":"https:\/\/paragaleriedetalborjt.com\/en\/wp-json\/wp\/v2\/product\/46112","targetHints":{"allow":["GET"]}}],"collection":[{"href":"https:\/\/paragaleriedetalborjt.com\/en\/wp-json\/wp\/v2\/product"}],"about":[{"href":"https:\/\/paragaleriedetalborjt.com\/en\/wp-json\/wp\/v2\/types\/product"}],"replies":[{"embeddable":true,"href":"https:\/\/paragaleriedetalborjt.com\/en\/wp-json\/wp\/v2\/comments?post=46112"}],"version-history":[{"count":1,"href":"https:\/\/paragaleriedetalborjt.com\/en\/wp-json\/wp\/v2\/product\/46112\/revisions"}],"predecessor-version":[{"id":46114,"href":"https:\/\/paragaleriedetalborjt.com\/en\/wp-json\/wp\/v2\/product\/46112\/revisions\/46114"}],"wp:featuredmedia":[{"embeddable":true,"href":"https:\/\/paragaleriedetalborjt.com\/en\/wp-json\/wp\/v2\/media\/46113"}],"wp:attachment":[{"href":"https:\/\/paragaleriedetalborjt.com\/en\/wp-json\/wp\/v2\/media?parent=46112"}],"wp:term":[{"taxonomy":"pwb-brand","embeddable":true,"href":"https:\/\/paragaleriedetalborjt.com\/en\/wp-json\/wp\/v2\/pwb-brand?post=46112"},{"taxonomy":"product_cat","embeddable":true,"href":"https:\/\/paragaleriedetalborjt.com\/en\/wp-json\/wp\/v2\/product_cat?post=46112"},{"taxonomy":"product_tag","embeddable":true,"href":"https:\/\/paragaleriedetalborjt.com\/en\/wp-json\/wp\/v2\/product_tag?post=46112"}],"curies":[{"name":"wp","href":"https:\/\/api.w.org\/{rel}","templated":true}]}}