{"id":46091,"date":"2026-01-04T00:07:28","date_gmt":"2026-01-03T23:07:28","guid":{"rendered":"https:\/\/paragaleriedetalborjt.com\/?post_type=product&#038;p=46091"},"modified":"2026-01-04T00:07:28","modified_gmt":"2026-01-03T23:07:28","slug":"puressentiel-duo-oils-grossesse-vergetures-macadamia-paquerette-huiles-vegetales-bio-50-ml","status":"publish","type":"product","link":"https:\/\/paragaleriedetalborjt.com\/en\/boutique\/puressentiel-duo-oils-grossesse-vergetures-macadamia-paquerette-huiles-vegetales-bio-50-ml\/","title":{"rendered":"Puressentiel Duo-oils Grossesse &#038; Vergetures Macadamia\/P\u00e2querette Huiles V\u00e9g\u00e9tales Bio 50 ml"},"content":{"rendered":"<div aria-labelledby=\"tab-title-description\" class=\"woocommerce-Tabs-panel woocommerce-Tabs-panel--description panel entry-content wc-tab\" id=\"tab-description\" role=\"tabpanel\" style=\"\">\n<h2>Description<\/h2>\n<p>Les \u00ab\u00a0Duo-Oils\u00a0\u00bb, synergie parfaite de 2 huiles v\u00e9g\u00e9tales et de mac\u00e9ration bio de macadamia et de p\u00e2querette, enrichies en vitamine E naturelle, ont des vertus assouplissantes et r\u00e9paratrices, id\u00e9ales pour nourrir la peau et pr\u00e9venir ou att\u00e9nuer les verg\u00e9tures.<\/p>\n<p>Ces huiles v\u00e9g\u00e9tales sont enrichies en vitamine E naturelle, antioxydante.<\/p>\n<p>100% du total des ingr\u00e9dients sont d\u2019origine naturelle.<\/p>\n<p>99,7% du total des ingr\u00e9dients sont issus de l\u2019Agriculture Biologique.<\/p>\n<p>Cosm\u00e9tique Ecologique et Biologique certifi\u00e9 par ECOCERT Greenlife selon le r\u00e9f\u00e9rentiel Ecocert disponible sur : http:\/\/cosmetiques.ecocert.com<\/p>\n<p><strong><u>CONSEILS D\u2019UTILISATION:<\/u><\/strong><\/p>\n<p>Les \u00abDUO-OILS\u00bb s\u2019utilisent purs ou m\u00e9lang\u00e9s \u00e0 des huiles essentielles, vous offrant ainsi une palette de soins quotidiens de beaut\u00e9 BIO, sains, naturels et authentiques.<\/p>\n<p><strong><u>PRECAUTIONS D\u2019EMPLOI:<\/u><\/strong><\/p>\n<p>Ne pas avaler. Tenir hors de port\u00e9e et de la vue des enfants, de la lumi\u00e8re et de la chaleur. Utilisation avec des huiles essentielles, se reporter imp\u00e9rativement aux pr\u00e9cautions d\u2019emploi de celles-ci.<\/p>\n<\/div>","protected":false},"excerpt":{"rendered":"<p>Highlights:Pour les soins de la peau pendant la grossesse et l\u2019allaitement.<\/p>","protected":false},"featured_media":46092,"comment_status":"open","ping_status":"closed","template":"","meta":[],"pwb-brand":[1824],"product_cat":[16],"product_tag":[],"class_list":{"0":"post-46091","1":"product","2":"type-product","3":"status-publish","4":"has-post-thumbnail","6":"pwb-brand-puressentiel","7":"product_cat-non-classe","8":"pa_brands-puressentiel","10":"first","11":"instock","12":"sale","13":"shipping-taxable","14":"purchasable","15":"product-type-simple"},"yoast_head":"<!-- This site is optimized with the Yoast SEO plugin v27.5 - https:\/\/yoast.com\/product\/yoast-seo-wordpress\/ -->\n<title>Puressentiel Duo-oils Grossesse &amp; Vergetures Macadamia\/P\u00e2querette Huiles V\u00e9g\u00e9tales Bio 50 ml - paragaleriedetalborjt<\/title>\n<meta name=\"robots\" content=\"index, follow, max-snippet:-1, max-image-preview:large, max-video-preview:-1\" \/>\n<link rel=\"canonical\" href=\"https:\/\/paragaleriedetalborjt.com\/en\/boutique\/puressentiel-duo-oils-grossesse-vergetures-macadamia-paquerette-huiles-vegetales-bio-50-ml\/\" \/>\n<meta property=\"og:locale\" content=\"en_US\" \/>\n<meta property=\"og:type\" content=\"article\" \/>\n<meta property=\"og:title\" content=\"Puressentiel Duo-oils Grossesse &amp; Vergetures Macadamia\/P\u00e2querette Huiles V\u00e9g\u00e9tales Bio 50 ml - paragaleriedetalborjt\" \/>\n<meta property=\"og:description\" content=\"Highlights:Pour les soins de la peau pendant la grossesse et l\u2019allaitement.\" \/>\n<meta property=\"og:url\" content=\"https:\/\/paragaleriedetalborjt.com\/en\/boutique\/puressentiel-duo-oils-grossesse-vergetures-macadamia-paquerette-huiles-vegetales-bio-50-ml\/\" \/>\n<meta property=\"og:site_name\" content=\"paragaleriedetalborjt\" \/>\n<meta property=\"og:image\" content=\"https:\/\/paragaleriedetalborjt.com\/wp-content\/uploads\/2026\/01\/puressentiel-macadamia-paquerette-bio-huile-vegetale-50-ml.jpg\" \/>\n\t<meta property=\"og:image:width\" content=\"595\" \/>\n\t<meta property=\"og:image:height\" content=\"655\" \/>\n\t<meta property=\"og:image:type\" content=\"image\/jpeg\" \/>\n<meta name=\"twitter:card\" content=\"summary_large_image\" \/>\n<meta name=\"twitter:label1\" content=\"Est. reading time\" \/>\n\t<meta name=\"twitter:data1\" content=\"1 minute\" \/>\n<script type=\"application\/ld+json\" class=\"yoast-schema-graph\">{\"@context\":\"https:\\\/\\\/schema.org\",\"@graph\":[{\"@type\":\"WebPage\",\"@id\":\"https:\\\/\\\/paragaleriedetalborjt.com\\\/boutique\\\/puressentiel-duo-oils-grossesse-vergetures-macadamia-paquerette-huiles-vegetales-bio-50-ml\\\/\",\"url\":\"https:\\\/\\\/paragaleriedetalborjt.com\\\/boutique\\\/puressentiel-duo-oils-grossesse-vergetures-macadamia-paquerette-huiles-vegetales-bio-50-ml\\\/\",\"name\":\"Puressentiel Duo-oils Grossesse & Vergetures Macadamia\\\/P\u00e2querette Huiles V\u00e9g\u00e9tales Bio 50 ml - paragaleriedetalborjt\",\"isPartOf\":{\"@id\":\"https:\\\/\\\/paragaleriedetalborjt.com\\\/#website\"},\"primaryImageOfPage\":{\"@id\":\"https:\\\/\\\/paragaleriedetalborjt.com\\\/boutique\\\/puressentiel-duo-oils-grossesse-vergetures-macadamia-paquerette-huiles-vegetales-bio-50-ml\\\/#primaryimage\"},\"image\":{\"@id\":\"https:\\\/\\\/paragaleriedetalborjt.com\\\/boutique\\\/puressentiel-duo-oils-grossesse-vergetures-macadamia-paquerette-huiles-vegetales-bio-50-ml\\\/#primaryimage\"},\"thumbnailUrl\":\"https:\\\/\\\/paragaleriedetalborjt.com\\\/wp-content\\\/uploads\\\/2026\\\/01\\\/puressentiel-macadamia-paquerette-bio-huile-vegetale-50-ml.jpg\",\"datePublished\":\"2026-01-03T23:07:28+00:00\",\"breadcrumb\":{\"@id\":\"https:\\\/\\\/paragaleriedetalborjt.com\\\/boutique\\\/puressentiel-duo-oils-grossesse-vergetures-macadamia-paquerette-huiles-vegetales-bio-50-ml\\\/#breadcrumb\"},\"inLanguage\":\"en-US\",\"potentialAction\":[{\"@type\":\"ReadAction\",\"target\":[\"https:\\\/\\\/paragaleriedetalborjt.com\\\/boutique\\\/puressentiel-duo-oils-grossesse-vergetures-macadamia-paquerette-huiles-vegetales-bio-50-ml\\\/\"]}]},{\"@type\":\"ImageObject\",\"inLanguage\":\"en-US\",\"@id\":\"https:\\\/\\\/paragaleriedetalborjt.com\\\/boutique\\\/puressentiel-duo-oils-grossesse-vergetures-macadamia-paquerette-huiles-vegetales-bio-50-ml\\\/#primaryimage\",\"url\":\"https:\\\/\\\/paragaleriedetalborjt.com\\\/wp-content\\\/uploads\\\/2026\\\/01\\\/puressentiel-macadamia-paquerette-bio-huile-vegetale-50-ml.jpg\",\"contentUrl\":\"https:\\\/\\\/paragaleriedetalborjt.com\\\/wp-content\\\/uploads\\\/2026\\\/01\\\/puressentiel-macadamia-paquerette-bio-huile-vegetale-50-ml.jpg\",\"width\":595,\"height\":655},{\"@type\":\"BreadcrumbList\",\"@id\":\"https:\\\/\\\/paragaleriedetalborjt.com\\\/boutique\\\/puressentiel-duo-oils-grossesse-vergetures-macadamia-paquerette-huiles-vegetales-bio-50-ml\\\/#breadcrumb\",\"itemListElement\":[{\"@type\":\"ListItem\",\"position\":1,\"name\":\"Accueil\",\"item\":\"https:\\\/\\\/paragaleriedetalborjt.com\\\/\"},{\"@type\":\"ListItem\",\"position\":2,\"name\":\"Boutique\",\"item\":\"https:\\\/\\\/paragaleriedetalborjt.com\\\/boutique\\\/\"},{\"@type\":\"ListItem\",\"position\":3,\"name\":\"Puressentiel Duo-oils Grossesse &#038; Vergetures Macadamia\\\/P\u00e2querette Huiles V\u00e9g\u00e9tales Bio 50 ml\"}]},{\"@type\":\"WebSite\",\"@id\":\"https:\\\/\\\/paragaleriedetalborjt.com\\\/#website\",\"url\":\"https:\\\/\\\/paragaleriedetalborjt.com\\\/\",\"name\":\"paragaleriedetalborjt\",\"description\":\"\",\"potentialAction\":[{\"@type\":\"SearchAction\",\"target\":{\"@type\":\"EntryPoint\",\"urlTemplate\":\"https:\\\/\\\/paragaleriedetalborjt.com\\\/?s={search_term_string}\"},\"query-input\":{\"@type\":\"PropertyValueSpecification\",\"valueRequired\":true,\"valueName\":\"search_term_string\"}}],\"inLanguage\":\"en-US\"}]}<\/script>\n<!-- \/ Yoast SEO plugin. -->","yoast_head_json":{"title":"Puressentiel Duo-oils Grossesse & Vergetures Macadamia\/P\u00e2querette Huiles V\u00e9g\u00e9tales Bio 50 ml - paragaleriedetalborjt","robots":{"index":"index","follow":"follow","max-snippet":"max-snippet:-1","max-image-preview":"max-image-preview:large","max-video-preview":"max-video-preview:-1"},"canonical":"https:\/\/paragaleriedetalborjt.com\/en\/boutique\/puressentiel-duo-oils-grossesse-vergetures-macadamia-paquerette-huiles-vegetales-bio-50-ml\/","og_locale":"en_US","og_type":"article","og_title":"Puressentiel Duo-oils Grossesse & Vergetures Macadamia\/P\u00e2querette Huiles V\u00e9g\u00e9tales Bio 50 ml - paragaleriedetalborjt","og_description":"Highlights:Pour les soins de la peau pendant la grossesse et l\u2019allaitement.","og_url":"https:\/\/paragaleriedetalborjt.com\/en\/boutique\/puressentiel-duo-oils-grossesse-vergetures-macadamia-paquerette-huiles-vegetales-bio-50-ml\/","og_site_name":"paragaleriedetalborjt","og_image":[{"width":595,"height":655,"url":"https:\/\/paragaleriedetalborjt.com\/wp-content\/uploads\/2026\/01\/puressentiel-macadamia-paquerette-bio-huile-vegetale-50-ml.jpg","type":"image\/jpeg"}],"twitter_card":"summary_large_image","twitter_misc":{"Est. reading time":"1 minute"},"schema":{"@context":"https:\/\/schema.org","@graph":[{"@type":"WebPage","@id":"https:\/\/paragaleriedetalborjt.com\/boutique\/puressentiel-duo-oils-grossesse-vergetures-macadamia-paquerette-huiles-vegetales-bio-50-ml\/","url":"https:\/\/paragaleriedetalborjt.com\/boutique\/puressentiel-duo-oils-grossesse-vergetures-macadamia-paquerette-huiles-vegetales-bio-50-ml\/","name":"Puressentiel Duo-oils Grossesse & Vergetures Macadamia\/P\u00e2querette Huiles V\u00e9g\u00e9tales Bio 50 ml - paragaleriedetalborjt","isPartOf":{"@id":"https:\/\/paragaleriedetalborjt.com\/#website"},"primaryImageOfPage":{"@id":"https:\/\/paragaleriedetalborjt.com\/boutique\/puressentiel-duo-oils-grossesse-vergetures-macadamia-paquerette-huiles-vegetales-bio-50-ml\/#primaryimage"},"image":{"@id":"https:\/\/paragaleriedetalborjt.com\/boutique\/puressentiel-duo-oils-grossesse-vergetures-macadamia-paquerette-huiles-vegetales-bio-50-ml\/#primaryimage"},"thumbnailUrl":"https:\/\/paragaleriedetalborjt.com\/wp-content\/uploads\/2026\/01\/puressentiel-macadamia-paquerette-bio-huile-vegetale-50-ml.jpg","datePublished":"2026-01-03T23:07:28+00:00","breadcrumb":{"@id":"https:\/\/paragaleriedetalborjt.com\/boutique\/puressentiel-duo-oils-grossesse-vergetures-macadamia-paquerette-huiles-vegetales-bio-50-ml\/#breadcrumb"},"inLanguage":"en-US","potentialAction":[{"@type":"ReadAction","target":["https:\/\/paragaleriedetalborjt.com\/boutique\/puressentiel-duo-oils-grossesse-vergetures-macadamia-paquerette-huiles-vegetales-bio-50-ml\/"]}]},{"@type":"ImageObject","inLanguage":"en-US","@id":"https:\/\/paragaleriedetalborjt.com\/boutique\/puressentiel-duo-oils-grossesse-vergetures-macadamia-paquerette-huiles-vegetales-bio-50-ml\/#primaryimage","url":"https:\/\/paragaleriedetalborjt.com\/wp-content\/uploads\/2026\/01\/puressentiel-macadamia-paquerette-bio-huile-vegetale-50-ml.jpg","contentUrl":"https:\/\/paragaleriedetalborjt.com\/wp-content\/uploads\/2026\/01\/puressentiel-macadamia-paquerette-bio-huile-vegetale-50-ml.jpg","width":595,"height":655},{"@type":"BreadcrumbList","@id":"https:\/\/paragaleriedetalborjt.com\/boutique\/puressentiel-duo-oils-grossesse-vergetures-macadamia-paquerette-huiles-vegetales-bio-50-ml\/#breadcrumb","itemListElement":[{"@type":"ListItem","position":1,"name":"Accueil","item":"https:\/\/paragaleriedetalborjt.com\/"},{"@type":"ListItem","position":2,"name":"Boutique","item":"https:\/\/paragaleriedetalborjt.com\/boutique\/"},{"@type":"ListItem","position":3,"name":"Puressentiel Duo-oils Grossesse &#038; Vergetures Macadamia\/P\u00e2querette Huiles V\u00e9g\u00e9tales Bio 50 ml"}]},{"@type":"WebSite","@id":"https:\/\/paragaleriedetalborjt.com\/#website","url":"https:\/\/paragaleriedetalborjt.com\/","name":"paragaleriedetalborjt","description":"","potentialAction":[{"@type":"SearchAction","target":{"@type":"EntryPoint","urlTemplate":"https:\/\/paragaleriedetalborjt.com\/?s={search_term_string}"},"query-input":{"@type":"PropertyValueSpecification","valueRequired":true,"valueName":"search_term_string"}}],"inLanguage":"en-US"}]}},"brands":[{"id":1824,"name":"PURESSENTIEL","slug":"puressentiel"}],"_links":{"self":[{"href":"https:\/\/paragaleriedetalborjt.com\/en\/wp-json\/wp\/v2\/product\/46091","targetHints":{"allow":["GET"]}}],"collection":[{"href":"https:\/\/paragaleriedetalborjt.com\/en\/wp-json\/wp\/v2\/product"}],"about":[{"href":"https:\/\/paragaleriedetalborjt.com\/en\/wp-json\/wp\/v2\/types\/product"}],"replies":[{"embeddable":true,"href":"https:\/\/paragaleriedetalborjt.com\/en\/wp-json\/wp\/v2\/comments?post=46091"}],"version-history":[{"count":1,"href":"https:\/\/paragaleriedetalborjt.com\/en\/wp-json\/wp\/v2\/product\/46091\/revisions"}],"predecessor-version":[{"id":46093,"href":"https:\/\/paragaleriedetalborjt.com\/en\/wp-json\/wp\/v2\/product\/46091\/revisions\/46093"}],"wp:featuredmedia":[{"embeddable":true,"href":"https:\/\/paragaleriedetalborjt.com\/en\/wp-json\/wp\/v2\/media\/46092"}],"wp:attachment":[{"href":"https:\/\/paragaleriedetalborjt.com\/en\/wp-json\/wp\/v2\/media?parent=46091"}],"wp:term":[{"taxonomy":"pwb-brand","embeddable":true,"href":"https:\/\/paragaleriedetalborjt.com\/en\/wp-json\/wp\/v2\/pwb-brand?post=46091"},{"taxonomy":"product_cat","embeddable":true,"href":"https:\/\/paragaleriedetalborjt.com\/en\/wp-json\/wp\/v2\/product_cat?post=46091"},{"taxonomy":"product_tag","embeddable":true,"href":"https:\/\/paragaleriedetalborjt.com\/en\/wp-json\/wp\/v2\/product_tag?post=46091"}],"curies":[{"name":"wp","href":"https:\/\/api.w.org\/{rel}","templated":true}]}}