{"id":46049,"date":"2026-01-04T00:05:39","date_gmt":"2026-01-03T23:05:39","guid":{"rendered":"https:\/\/paragaleriedetalborjt.com\/?post_type=product&#038;p=46049"},"modified":"2026-01-04T00:05:40","modified_gmt":"2026-01-03T23:05:40","slug":"puressentiel-capillaire-huile-revitalisante-100ml","status":"publish","type":"product","link":"https:\/\/paragaleriedetalborjt.com\/en\/boutique\/puressentiel-capillaire-huile-revitalisante-100ml\/","title":{"rendered":"Puressentiel Capillaire Huile Revitalisante 100Ml"},"content":{"rendered":"<div aria-labelledby=\"tab-title-description\" class=\"woocommerce-Tabs-panel woocommerce-Tabs-panel--description panel entry-content wc-tab\" id=\"tab-description\" role=\"tabpanel\" style=\"\">\n<h2>Description<\/h2>\n<p>Cette huile au complexe brevet\u00e9 aux 7 racines s\u2019utilise comme revitalisant pour cheveux.<br \/>\nEn usage quotidien, elle sculpte les cheveux sans ass\u00e9cher le cuir chevelu.<br \/>\nUtilis\u00e9 en masque, ce\u00a0revitalisant cheveux\u00a0nourrit la fibre capillaire de la racine \u00e0 la pointe.<br \/>\nR\u00e9sultat ? Les cheveux sont moins cassants<sup>(1)<\/sup>\u00a0et les pellicules et d\u00e9mangeaisons du cuir chevelu sont r\u00e9duites<sup>(2)<\/sup>.<br \/>\nL\u2019efficacit\u00e9<sup>(1)\u00a0<\/sup>de ce revitalisant pour cheveux est approuv\u00e9e d\u00e8s 6 semaines et optimale \u00e0 partir de 3 mois pour redonner force et brillance aux cheveux.<\/p>\n<p><strong>COMPOSITIONS &amp; INGR\u00c9DIENTS :<\/strong><br \/>\nLa liste des ingr\u00e9dients peut \u00eatre soumise \u00e0 des variations, nous vous conseillons de toujours v\u00e9rifier la liste figurant sur le produit achet\u00e9.<\/p>\n<p>Formule INCI : Sesamum Indicum Seed Oil, Argania Spinosa Kernel Oil, Cedrus Atlantica Wood Oil, Helianthus Annuus Seed Oil, Citrus Aurantium Dulcis (Orange) Peel Oil, Citrus Limon Peel Oil, Tocopherol, Lavandula Angustifolia Oil, Melaleuca Viridiflora Leaf Oil, Rosmarinus Officinalis Leaf Oil, Thymus Vulgaris Flower\/Leaf Oil, Caprylic\/Capric Triglyceride, Vetiveria Zizanoides Root Oil, Cymbopogon Flexuosus Oil, Zingiber Officinale Root Oil, Mentha Piperita Oil, Leptospermum Petersonii Oil, Lepidium Meyenii Root Extract, Panax Ginseng Root Extract, Glycyrrhiza Glabra Root Extract, Harpagophytum Procumbens Root Extract, Curcuma Longa Root Extract, Limonene, Linalool, Citral, Geraniol.<\/p>\n<p><strong>CONSEILS D\u2019UTILISATION :<\/strong><br \/>\nVous pouvez appliquer ce revitalisant cheveux de mani\u00e8re quotidienne en huile coiffante ou comme soin des cheveux en masque hebdomadaire avant un shampooing.<\/p>\n<\/div>","protected":false},"excerpt":{"rendered":"<p>Highlights:Huile revitalisante7 racinesCheveux fortifi\u00e9s, pus vigoureux, plus r\u00e9sistantsCheveux moins cassantsCheveux nourris et plus brillants<\/p>","protected":false},"featured_media":46050,"comment_status":"open","ping_status":"closed","template":"","meta":[],"pwb-brand":[1824],"product_cat":[16],"product_tag":[],"class_list":{"0":"post-46049","1":"product","2":"type-product","3":"status-publish","4":"has-post-thumbnail","6":"pwb-brand-puressentiel","7":"product_cat-non-classe","8":"pa_brands-puressentiel","10":"first","11":"instock","12":"sale","13":"shipping-taxable","14":"purchasable","15":"product-type-simple"},"yoast_head":"<!-- This site is optimized with the Yoast SEO plugin v27.5 - https:\/\/yoast.com\/product\/yoast-seo-wordpress\/ -->\n<title>Puressentiel Capillaire Huile Revitalisante 100Ml - paragaleriedetalborjt<\/title>\n<meta name=\"robots\" content=\"index, follow, max-snippet:-1, max-image-preview:large, max-video-preview:-1\" \/>\n<link rel=\"canonical\" href=\"https:\/\/paragaleriedetalborjt.com\/en\/boutique\/puressentiel-capillaire-huile-revitalisante-100ml\/\" \/>\n<meta property=\"og:locale\" content=\"en_US\" \/>\n<meta property=\"og:type\" content=\"article\" \/>\n<meta property=\"og:title\" content=\"Puressentiel Capillaire Huile Revitalisante 100Ml - paragaleriedetalborjt\" \/>\n<meta property=\"og:description\" content=\"Highlights:Huile revitalisante7 racinesCheveux fortifi\u00e9s, pus vigoureux, plus r\u00e9sistantsCheveux moins cassantsCheveux nourris et plus brillants\" \/>\n<meta property=\"og:url\" content=\"https:\/\/paragaleriedetalborjt.com\/en\/boutique\/puressentiel-capillaire-huile-revitalisante-100ml\/\" \/>\n<meta property=\"og:site_name\" content=\"paragaleriedetalborjt\" \/>\n<meta property=\"article:modified_time\" content=\"2026-01-03T23:05:40+00:00\" \/>\n<meta property=\"og:image\" content=\"https:\/\/paragaleriedetalborjt.com\/wp-content\/uploads\/2026\/01\/puressentiel-anti-chute-huile-revitalisante-7-racines-100-ml.jpg\" \/>\n\t<meta property=\"og:image:width\" content=\"595\" \/>\n\t<meta property=\"og:image:height\" content=\"655\" \/>\n\t<meta property=\"og:image:type\" content=\"image\/jpeg\" \/>\n<meta name=\"twitter:card\" content=\"summary_large_image\" \/>\n<meta name=\"twitter:label1\" content=\"Est. reading time\" \/>\n\t<meta name=\"twitter:data1\" content=\"1 minute\" \/>\n<script type=\"application\/ld+json\" class=\"yoast-schema-graph\">{\"@context\":\"https:\\\/\\\/schema.org\",\"@graph\":[{\"@type\":\"WebPage\",\"@id\":\"https:\\\/\\\/paragaleriedetalborjt.com\\\/boutique\\\/puressentiel-capillaire-huile-revitalisante-100ml\\\/\",\"url\":\"https:\\\/\\\/paragaleriedetalborjt.com\\\/boutique\\\/puressentiel-capillaire-huile-revitalisante-100ml\\\/\",\"name\":\"Puressentiel Capillaire Huile Revitalisante 100Ml - paragaleriedetalborjt\",\"isPartOf\":{\"@id\":\"https:\\\/\\\/paragaleriedetalborjt.com\\\/#website\"},\"primaryImageOfPage\":{\"@id\":\"https:\\\/\\\/paragaleriedetalborjt.com\\\/boutique\\\/puressentiel-capillaire-huile-revitalisante-100ml\\\/#primaryimage\"},\"image\":{\"@id\":\"https:\\\/\\\/paragaleriedetalborjt.com\\\/boutique\\\/puressentiel-capillaire-huile-revitalisante-100ml\\\/#primaryimage\"},\"thumbnailUrl\":\"https:\\\/\\\/paragaleriedetalborjt.com\\\/wp-content\\\/uploads\\\/2026\\\/01\\\/puressentiel-anti-chute-huile-revitalisante-7-racines-100-ml.jpg\",\"datePublished\":\"2026-01-03T23:05:39+00:00\",\"dateModified\":\"2026-01-03T23:05:40+00:00\",\"breadcrumb\":{\"@id\":\"https:\\\/\\\/paragaleriedetalborjt.com\\\/boutique\\\/puressentiel-capillaire-huile-revitalisante-100ml\\\/#breadcrumb\"},\"inLanguage\":\"en-US\",\"potentialAction\":[{\"@type\":\"ReadAction\",\"target\":[\"https:\\\/\\\/paragaleriedetalborjt.com\\\/boutique\\\/puressentiel-capillaire-huile-revitalisante-100ml\\\/\"]}]},{\"@type\":\"ImageObject\",\"inLanguage\":\"en-US\",\"@id\":\"https:\\\/\\\/paragaleriedetalborjt.com\\\/boutique\\\/puressentiel-capillaire-huile-revitalisante-100ml\\\/#primaryimage\",\"url\":\"https:\\\/\\\/paragaleriedetalborjt.com\\\/wp-content\\\/uploads\\\/2026\\\/01\\\/puressentiel-anti-chute-huile-revitalisante-7-racines-100-ml.jpg\",\"contentUrl\":\"https:\\\/\\\/paragaleriedetalborjt.com\\\/wp-content\\\/uploads\\\/2026\\\/01\\\/puressentiel-anti-chute-huile-revitalisante-7-racines-100-ml.jpg\",\"width\":595,\"height\":655},{\"@type\":\"BreadcrumbList\",\"@id\":\"https:\\\/\\\/paragaleriedetalborjt.com\\\/boutique\\\/puressentiel-capillaire-huile-revitalisante-100ml\\\/#breadcrumb\",\"itemListElement\":[{\"@type\":\"ListItem\",\"position\":1,\"name\":\"Accueil\",\"item\":\"https:\\\/\\\/paragaleriedetalborjt.com\\\/\"},{\"@type\":\"ListItem\",\"position\":2,\"name\":\"Boutique\",\"item\":\"https:\\\/\\\/paragaleriedetalborjt.com\\\/boutique\\\/\"},{\"@type\":\"ListItem\",\"position\":3,\"name\":\"Puressentiel Capillaire Huile Revitalisante 100Ml\"}]},{\"@type\":\"WebSite\",\"@id\":\"https:\\\/\\\/paragaleriedetalborjt.com\\\/#website\",\"url\":\"https:\\\/\\\/paragaleriedetalborjt.com\\\/\",\"name\":\"paragaleriedetalborjt\",\"description\":\"\",\"potentialAction\":[{\"@type\":\"SearchAction\",\"target\":{\"@type\":\"EntryPoint\",\"urlTemplate\":\"https:\\\/\\\/paragaleriedetalborjt.com\\\/?s={search_term_string}\"},\"query-input\":{\"@type\":\"PropertyValueSpecification\",\"valueRequired\":true,\"valueName\":\"search_term_string\"}}],\"inLanguage\":\"en-US\"}]}<\/script>\n<!-- \/ Yoast SEO plugin. -->","yoast_head_json":{"title":"Puressentiel Capillaire Huile Revitalisante 100Ml - paragaleriedetalborjt","robots":{"index":"index","follow":"follow","max-snippet":"max-snippet:-1","max-image-preview":"max-image-preview:large","max-video-preview":"max-video-preview:-1"},"canonical":"https:\/\/paragaleriedetalborjt.com\/en\/boutique\/puressentiel-capillaire-huile-revitalisante-100ml\/","og_locale":"en_US","og_type":"article","og_title":"Puressentiel Capillaire Huile Revitalisante 100Ml - paragaleriedetalborjt","og_description":"Highlights:Huile revitalisante7 racinesCheveux fortifi\u00e9s, pus vigoureux, plus r\u00e9sistantsCheveux moins cassantsCheveux nourris et plus brillants","og_url":"https:\/\/paragaleriedetalborjt.com\/en\/boutique\/puressentiel-capillaire-huile-revitalisante-100ml\/","og_site_name":"paragaleriedetalborjt","article_modified_time":"2026-01-03T23:05:40+00:00","og_image":[{"width":595,"height":655,"url":"https:\/\/paragaleriedetalborjt.com\/wp-content\/uploads\/2026\/01\/puressentiel-anti-chute-huile-revitalisante-7-racines-100-ml.jpg","type":"image\/jpeg"}],"twitter_card":"summary_large_image","twitter_misc":{"Est. reading time":"1 minute"},"schema":{"@context":"https:\/\/schema.org","@graph":[{"@type":"WebPage","@id":"https:\/\/paragaleriedetalborjt.com\/boutique\/puressentiel-capillaire-huile-revitalisante-100ml\/","url":"https:\/\/paragaleriedetalborjt.com\/boutique\/puressentiel-capillaire-huile-revitalisante-100ml\/","name":"Puressentiel Capillaire Huile Revitalisante 100Ml - paragaleriedetalborjt","isPartOf":{"@id":"https:\/\/paragaleriedetalborjt.com\/#website"},"primaryImageOfPage":{"@id":"https:\/\/paragaleriedetalborjt.com\/boutique\/puressentiel-capillaire-huile-revitalisante-100ml\/#primaryimage"},"image":{"@id":"https:\/\/paragaleriedetalborjt.com\/boutique\/puressentiel-capillaire-huile-revitalisante-100ml\/#primaryimage"},"thumbnailUrl":"https:\/\/paragaleriedetalborjt.com\/wp-content\/uploads\/2026\/01\/puressentiel-anti-chute-huile-revitalisante-7-racines-100-ml.jpg","datePublished":"2026-01-03T23:05:39+00:00","dateModified":"2026-01-03T23:05:40+00:00","breadcrumb":{"@id":"https:\/\/paragaleriedetalborjt.com\/boutique\/puressentiel-capillaire-huile-revitalisante-100ml\/#breadcrumb"},"inLanguage":"en-US","potentialAction":[{"@type":"ReadAction","target":["https:\/\/paragaleriedetalborjt.com\/boutique\/puressentiel-capillaire-huile-revitalisante-100ml\/"]}]},{"@type":"ImageObject","inLanguage":"en-US","@id":"https:\/\/paragaleriedetalborjt.com\/boutique\/puressentiel-capillaire-huile-revitalisante-100ml\/#primaryimage","url":"https:\/\/paragaleriedetalborjt.com\/wp-content\/uploads\/2026\/01\/puressentiel-anti-chute-huile-revitalisante-7-racines-100-ml.jpg","contentUrl":"https:\/\/paragaleriedetalborjt.com\/wp-content\/uploads\/2026\/01\/puressentiel-anti-chute-huile-revitalisante-7-racines-100-ml.jpg","width":595,"height":655},{"@type":"BreadcrumbList","@id":"https:\/\/paragaleriedetalborjt.com\/boutique\/puressentiel-capillaire-huile-revitalisante-100ml\/#breadcrumb","itemListElement":[{"@type":"ListItem","position":1,"name":"Accueil","item":"https:\/\/paragaleriedetalborjt.com\/"},{"@type":"ListItem","position":2,"name":"Boutique","item":"https:\/\/paragaleriedetalborjt.com\/boutique\/"},{"@type":"ListItem","position":3,"name":"Puressentiel Capillaire Huile Revitalisante 100Ml"}]},{"@type":"WebSite","@id":"https:\/\/paragaleriedetalborjt.com\/#website","url":"https:\/\/paragaleriedetalborjt.com\/","name":"paragaleriedetalborjt","description":"","potentialAction":[{"@type":"SearchAction","target":{"@type":"EntryPoint","urlTemplate":"https:\/\/paragaleriedetalborjt.com\/?s={search_term_string}"},"query-input":{"@type":"PropertyValueSpecification","valueRequired":true,"valueName":"search_term_string"}}],"inLanguage":"en-US"}]}},"brands":[{"id":1824,"name":"PURESSENTIEL","slug":"puressentiel"}],"_links":{"self":[{"href":"https:\/\/paragaleriedetalborjt.com\/en\/wp-json\/wp\/v2\/product\/46049","targetHints":{"allow":["GET"]}}],"collection":[{"href":"https:\/\/paragaleriedetalborjt.com\/en\/wp-json\/wp\/v2\/product"}],"about":[{"href":"https:\/\/paragaleriedetalborjt.com\/en\/wp-json\/wp\/v2\/types\/product"}],"replies":[{"embeddable":true,"href":"https:\/\/paragaleriedetalborjt.com\/en\/wp-json\/wp\/v2\/comments?post=46049"}],"version-history":[{"count":1,"href":"https:\/\/paragaleriedetalborjt.com\/en\/wp-json\/wp\/v2\/product\/46049\/revisions"}],"predecessor-version":[{"id":46051,"href":"https:\/\/paragaleriedetalborjt.com\/en\/wp-json\/wp\/v2\/product\/46049\/revisions\/46051"}],"wp:featuredmedia":[{"embeddable":true,"href":"https:\/\/paragaleriedetalborjt.com\/en\/wp-json\/wp\/v2\/media\/46050"}],"wp:attachment":[{"href":"https:\/\/paragaleriedetalborjt.com\/en\/wp-json\/wp\/v2\/media?parent=46049"}],"wp:term":[{"taxonomy":"pwb-brand","embeddable":true,"href":"https:\/\/paragaleriedetalborjt.com\/en\/wp-json\/wp\/v2\/pwb-brand?post=46049"},{"taxonomy":"product_cat","embeddable":true,"href":"https:\/\/paragaleriedetalborjt.com\/en\/wp-json\/wp\/v2\/product_cat?post=46049"},{"taxonomy":"product_tag","embeddable":true,"href":"https:\/\/paragaleriedetalborjt.com\/en\/wp-json\/wp\/v2\/product_tag?post=46049"}],"curies":[{"name":"wp","href":"https:\/\/api.w.org\/{rel}","templated":true}]}}