{"id":46040,"date":"2026-01-04T00:05:20","date_gmt":"2026-01-03T23:05:20","guid":{"rendered":"https:\/\/paragaleriedetalborjt.com\/?post_type=product&#038;p=46040"},"modified":"2026-01-04T00:05:20","modified_gmt":"2026-01-03T23:05:20","slug":"puressentiel-huile-essentielle-gingembre-bio-5-ml","status":"publish","type":"product","link":"https:\/\/paragaleriedetalborjt.com\/en\/boutique\/puressentiel-huile-essentielle-gingembre-bio-5-ml\/","title":{"rendered":"Puressentiel Huile Essentielle Gingembre Bio 5 Ml"},"content":{"rendered":"<div aria-labelledby=\"tab-title-description\" class=\"woocommerce-Tabs-panel woocommerce-Tabs-panel--description panel entry-content wc-tab\" id=\"tab-description\" role=\"tabpanel\" style=\"\">\n<h2>Description<\/h2>\n<p>Epic\u00e9e et chaude, l\u2019odeur de l\u2019huile essentielle de gingembre\u00a0est caract\u00e9ristique.<br \/>\nPlante tropicale originaire du Malabar (Inde), le gingembre est cultiv\u00e9 en France dans la r\u00e9gion de Montpellier depuis le XIX\u00e8me si\u00e8cle. L\u2019Inde fournit le quart de la production mondiale, tout comme d\u2019autres pays au climat chaud et humide.<\/p>\n<p>Cette huile essentielle est HEBBD (Huile Essentielle Botaniquement et Biochimiquement D\u00e9finie).<\/p>\n<p><strong>Conseils d\u2019utilisation :<\/strong><\/p>\n<p><strong>Comment utiliser l\u2019Huile Essentielle de Gingembre Frais BIO ?<\/strong><\/p>\n<p>Prendre au maximum 1 goutte d\u2019huile essentielle de gingembre par jour sur un comprim\u00e9 neutre Puressentiel (ou 1 cuill\u00e8re \u00e0 caf\u00e9 de miel, d\u2019huile d\u2019olive, ou \u00bc de sucre) . Ne pas utiliser l\u2019huile essentielle de gingembre pure sans support, ni m\u00e9lang\u00e9e \u00e0 l\u2019eau. Pour d\u2019autres conseils d\u2019utilisation, demandez conseil \u00e0 votre pharmacien.<br \/>\n\u00c9quivalence : 1ml = 32 gouttes.<\/p>\n<\/div>","protected":false},"excerpt":{"rendered":"<p>Highlights:Epic\u00e9e et chaude, l\u2019odeur de l\u2019huile essentielle de gingembre est caract\u00e9ristique. Plante tropicale originaire du Malabar (Inde), le gingembre est cultiv\u00e9 en France dans la r\u00e9gion de Montpellier depuis le XIX\u00e8me si\u00e8cle.<\/p>","protected":false},"featured_media":46041,"comment_status":"open","ping_status":"closed","template":"","meta":[],"pwb-brand":[1824],"product_cat":[16],"product_tag":[],"class_list":{"0":"post-46040","1":"product","2":"type-product","3":"status-publish","4":"has-post-thumbnail","6":"pwb-brand-puressentiel","7":"product_cat-non-classe","8":"pa_brands-puressentiel","10":"first","11":"instock","12":"sale","13":"shipping-taxable","14":"purchasable","15":"product-type-simple"},"yoast_head":"<!-- This site is optimized with the Yoast SEO plugin v27.5 - https:\/\/yoast.com\/product\/yoast-seo-wordpress\/ -->\n<title>Puressentiel Huile Essentielle Gingembre Bio 5 Ml - paragaleriedetalborjt<\/title>\n<meta name=\"robots\" content=\"index, follow, max-snippet:-1, max-image-preview:large, max-video-preview:-1\" \/>\n<link rel=\"canonical\" href=\"https:\/\/paragaleriedetalborjt.com\/en\/boutique\/puressentiel-huile-essentielle-gingembre-bio-5-ml\/\" \/>\n<meta property=\"og:locale\" content=\"en_US\" \/>\n<meta property=\"og:type\" content=\"article\" \/>\n<meta property=\"og:title\" content=\"Puressentiel Huile Essentielle Gingembre Bio 5 Ml - paragaleriedetalborjt\" \/>\n<meta property=\"og:description\" content=\"Highlights:Epic\u00e9e et chaude, l\u2019odeur de l\u2019huile essentielle de gingembre est caract\u00e9ristique. Plante tropicale originaire du Malabar (Inde), le gingembre est cultiv\u00e9 en France dans la r\u00e9gion de Montpellier depuis le XIX\u00e8me si\u00e8cle.\" \/>\n<meta property=\"og:url\" content=\"https:\/\/paragaleriedetalborjt.com\/en\/boutique\/puressentiel-huile-essentielle-gingembre-bio-5-ml\/\" \/>\n<meta property=\"og:site_name\" content=\"paragaleriedetalborjt\" \/>\n<meta property=\"og:image\" content=\"https:\/\/paragaleriedetalborjt.com\/wp-content\/uploads\/2026\/01\/3401599424883.jpg\" \/>\n\t<meta property=\"og:image:width\" content=\"595\" \/>\n\t<meta property=\"og:image:height\" content=\"655\" \/>\n\t<meta property=\"og:image:type\" content=\"image\/jpeg\" \/>\n<meta name=\"twitter:card\" content=\"summary_large_image\" \/>\n<meta name=\"twitter:label1\" content=\"Est. reading time\" \/>\n\t<meta name=\"twitter:data1\" content=\"1 minute\" \/>\n<script type=\"application\/ld+json\" class=\"yoast-schema-graph\">{\"@context\":\"https:\\\/\\\/schema.org\",\"@graph\":[{\"@type\":\"WebPage\",\"@id\":\"https:\\\/\\\/paragaleriedetalborjt.com\\\/boutique\\\/puressentiel-huile-essentielle-gingembre-bio-5-ml\\\/\",\"url\":\"https:\\\/\\\/paragaleriedetalborjt.com\\\/boutique\\\/puressentiel-huile-essentielle-gingembre-bio-5-ml\\\/\",\"name\":\"Puressentiel Huile Essentielle Gingembre Bio 5 Ml - paragaleriedetalborjt\",\"isPartOf\":{\"@id\":\"https:\\\/\\\/paragaleriedetalborjt.com\\\/#website\"},\"primaryImageOfPage\":{\"@id\":\"https:\\\/\\\/paragaleriedetalborjt.com\\\/boutique\\\/puressentiel-huile-essentielle-gingembre-bio-5-ml\\\/#primaryimage\"},\"image\":{\"@id\":\"https:\\\/\\\/paragaleriedetalborjt.com\\\/boutique\\\/puressentiel-huile-essentielle-gingembre-bio-5-ml\\\/#primaryimage\"},\"thumbnailUrl\":\"https:\\\/\\\/paragaleriedetalborjt.com\\\/wp-content\\\/uploads\\\/2026\\\/01\\\/3401599424883.jpg\",\"datePublished\":\"2026-01-03T23:05:20+00:00\",\"breadcrumb\":{\"@id\":\"https:\\\/\\\/paragaleriedetalborjt.com\\\/boutique\\\/puressentiel-huile-essentielle-gingembre-bio-5-ml\\\/#breadcrumb\"},\"inLanguage\":\"en-US\",\"potentialAction\":[{\"@type\":\"ReadAction\",\"target\":[\"https:\\\/\\\/paragaleriedetalborjt.com\\\/boutique\\\/puressentiel-huile-essentielle-gingembre-bio-5-ml\\\/\"]}]},{\"@type\":\"ImageObject\",\"inLanguage\":\"en-US\",\"@id\":\"https:\\\/\\\/paragaleriedetalborjt.com\\\/boutique\\\/puressentiel-huile-essentielle-gingembre-bio-5-ml\\\/#primaryimage\",\"url\":\"https:\\\/\\\/paragaleriedetalborjt.com\\\/wp-content\\\/uploads\\\/2026\\\/01\\\/3401599424883.jpg\",\"contentUrl\":\"https:\\\/\\\/paragaleriedetalborjt.com\\\/wp-content\\\/uploads\\\/2026\\\/01\\\/3401599424883.jpg\",\"width\":595,\"height\":655},{\"@type\":\"BreadcrumbList\",\"@id\":\"https:\\\/\\\/paragaleriedetalborjt.com\\\/boutique\\\/puressentiel-huile-essentielle-gingembre-bio-5-ml\\\/#breadcrumb\",\"itemListElement\":[{\"@type\":\"ListItem\",\"position\":1,\"name\":\"Accueil\",\"item\":\"https:\\\/\\\/paragaleriedetalborjt.com\\\/\"},{\"@type\":\"ListItem\",\"position\":2,\"name\":\"Boutique\",\"item\":\"https:\\\/\\\/paragaleriedetalborjt.com\\\/boutique\\\/\"},{\"@type\":\"ListItem\",\"position\":3,\"name\":\"Puressentiel Huile Essentielle Gingembre Bio 5 Ml\"}]},{\"@type\":\"WebSite\",\"@id\":\"https:\\\/\\\/paragaleriedetalborjt.com\\\/#website\",\"url\":\"https:\\\/\\\/paragaleriedetalborjt.com\\\/\",\"name\":\"paragaleriedetalborjt\",\"description\":\"\",\"potentialAction\":[{\"@type\":\"SearchAction\",\"target\":{\"@type\":\"EntryPoint\",\"urlTemplate\":\"https:\\\/\\\/paragaleriedetalborjt.com\\\/?s={search_term_string}\"},\"query-input\":{\"@type\":\"PropertyValueSpecification\",\"valueRequired\":true,\"valueName\":\"search_term_string\"}}],\"inLanguage\":\"en-US\"}]}<\/script>\n<!-- \/ Yoast SEO plugin. -->","yoast_head_json":{"title":"Puressentiel Huile Essentielle Gingembre Bio 5 Ml - paragaleriedetalborjt","robots":{"index":"index","follow":"follow","max-snippet":"max-snippet:-1","max-image-preview":"max-image-preview:large","max-video-preview":"max-video-preview:-1"},"canonical":"https:\/\/paragaleriedetalborjt.com\/en\/boutique\/puressentiel-huile-essentielle-gingembre-bio-5-ml\/","og_locale":"en_US","og_type":"article","og_title":"Puressentiel Huile Essentielle Gingembre Bio 5 Ml - paragaleriedetalborjt","og_description":"Highlights:Epic\u00e9e et chaude, l\u2019odeur de l\u2019huile essentielle de gingembre est caract\u00e9ristique. Plante tropicale originaire du Malabar (Inde), le gingembre est cultiv\u00e9 en France dans la r\u00e9gion de Montpellier depuis le XIX\u00e8me si\u00e8cle.","og_url":"https:\/\/paragaleriedetalborjt.com\/en\/boutique\/puressentiel-huile-essentielle-gingembre-bio-5-ml\/","og_site_name":"paragaleriedetalborjt","og_image":[{"width":595,"height":655,"url":"https:\/\/paragaleriedetalborjt.com\/wp-content\/uploads\/2026\/01\/3401599424883.jpg","type":"image\/jpeg"}],"twitter_card":"summary_large_image","twitter_misc":{"Est. reading time":"1 minute"},"schema":{"@context":"https:\/\/schema.org","@graph":[{"@type":"WebPage","@id":"https:\/\/paragaleriedetalborjt.com\/boutique\/puressentiel-huile-essentielle-gingembre-bio-5-ml\/","url":"https:\/\/paragaleriedetalborjt.com\/boutique\/puressentiel-huile-essentielle-gingembre-bio-5-ml\/","name":"Puressentiel Huile Essentielle Gingembre Bio 5 Ml - paragaleriedetalborjt","isPartOf":{"@id":"https:\/\/paragaleriedetalborjt.com\/#website"},"primaryImageOfPage":{"@id":"https:\/\/paragaleriedetalborjt.com\/boutique\/puressentiel-huile-essentielle-gingembre-bio-5-ml\/#primaryimage"},"image":{"@id":"https:\/\/paragaleriedetalborjt.com\/boutique\/puressentiel-huile-essentielle-gingembre-bio-5-ml\/#primaryimage"},"thumbnailUrl":"https:\/\/paragaleriedetalborjt.com\/wp-content\/uploads\/2026\/01\/3401599424883.jpg","datePublished":"2026-01-03T23:05:20+00:00","breadcrumb":{"@id":"https:\/\/paragaleriedetalborjt.com\/boutique\/puressentiel-huile-essentielle-gingembre-bio-5-ml\/#breadcrumb"},"inLanguage":"en-US","potentialAction":[{"@type":"ReadAction","target":["https:\/\/paragaleriedetalborjt.com\/boutique\/puressentiel-huile-essentielle-gingembre-bio-5-ml\/"]}]},{"@type":"ImageObject","inLanguage":"en-US","@id":"https:\/\/paragaleriedetalborjt.com\/boutique\/puressentiel-huile-essentielle-gingembre-bio-5-ml\/#primaryimage","url":"https:\/\/paragaleriedetalborjt.com\/wp-content\/uploads\/2026\/01\/3401599424883.jpg","contentUrl":"https:\/\/paragaleriedetalborjt.com\/wp-content\/uploads\/2026\/01\/3401599424883.jpg","width":595,"height":655},{"@type":"BreadcrumbList","@id":"https:\/\/paragaleriedetalborjt.com\/boutique\/puressentiel-huile-essentielle-gingembre-bio-5-ml\/#breadcrumb","itemListElement":[{"@type":"ListItem","position":1,"name":"Accueil","item":"https:\/\/paragaleriedetalborjt.com\/"},{"@type":"ListItem","position":2,"name":"Boutique","item":"https:\/\/paragaleriedetalborjt.com\/boutique\/"},{"@type":"ListItem","position":3,"name":"Puressentiel Huile Essentielle Gingembre Bio 5 Ml"}]},{"@type":"WebSite","@id":"https:\/\/paragaleriedetalborjt.com\/#website","url":"https:\/\/paragaleriedetalborjt.com\/","name":"paragaleriedetalborjt","description":"","potentialAction":[{"@type":"SearchAction","target":{"@type":"EntryPoint","urlTemplate":"https:\/\/paragaleriedetalborjt.com\/?s={search_term_string}"},"query-input":{"@type":"PropertyValueSpecification","valueRequired":true,"valueName":"search_term_string"}}],"inLanguage":"en-US"}]}},"brands":[{"id":1824,"name":"PURESSENTIEL","slug":"puressentiel"}],"_links":{"self":[{"href":"https:\/\/paragaleriedetalborjt.com\/en\/wp-json\/wp\/v2\/product\/46040","targetHints":{"allow":["GET"]}}],"collection":[{"href":"https:\/\/paragaleriedetalborjt.com\/en\/wp-json\/wp\/v2\/product"}],"about":[{"href":"https:\/\/paragaleriedetalborjt.com\/en\/wp-json\/wp\/v2\/types\/product"}],"replies":[{"embeddable":true,"href":"https:\/\/paragaleriedetalborjt.com\/en\/wp-json\/wp\/v2\/comments?post=46040"}],"version-history":[{"count":1,"href":"https:\/\/paragaleriedetalborjt.com\/en\/wp-json\/wp\/v2\/product\/46040\/revisions"}],"predecessor-version":[{"id":46042,"href":"https:\/\/paragaleriedetalborjt.com\/en\/wp-json\/wp\/v2\/product\/46040\/revisions\/46042"}],"wp:featuredmedia":[{"embeddable":true,"href":"https:\/\/paragaleriedetalborjt.com\/en\/wp-json\/wp\/v2\/media\/46041"}],"wp:attachment":[{"href":"https:\/\/paragaleriedetalborjt.com\/en\/wp-json\/wp\/v2\/media?parent=46040"}],"wp:term":[{"taxonomy":"pwb-brand","embeddable":true,"href":"https:\/\/paragaleriedetalborjt.com\/en\/wp-json\/wp\/v2\/pwb-brand?post=46040"},{"taxonomy":"product_cat","embeddable":true,"href":"https:\/\/paragaleriedetalborjt.com\/en\/wp-json\/wp\/v2\/product_cat?post=46040"},{"taxonomy":"product_tag","embeddable":true,"href":"https:\/\/paragaleriedetalborjt.com\/en\/wp-json\/wp\/v2\/product_tag?post=46040"}],"curies":[{"name":"wp","href":"https:\/\/api.w.org\/{rel}","templated":true}]}}