{"id":45852,"date":"2026-01-03T23:57:31","date_gmt":"2026-01-03T22:57:31","guid":{"rendered":"https:\/\/paragaleriedetalborjt.com\/?post_type=product&#038;p=45852"},"modified":"2026-01-03T23:57:31","modified_gmt":"2026-01-03T22:57:31","slug":"lierac-supra-radiance-creme-renovatrice-nuit-50-ml-destockage","status":"publish","type":"product","link":"https:\/\/paragaleriedetalborjt.com\/en\/boutique\/lierac-supra-radiance-creme-renovatrice-nuit-50-ml-destockage\/","title":{"rendered":"LIERAC SUPRA RADIANCE CR\u00c8ME R\u00c9NOVATRICE \u2013 NUIT 50 ML \u2013 DESTOCKAGE"},"content":{"rendered":"<div aria-labelledby=\"tab-title-description\" class=\"woocommerce-Tabs-panel woocommerce-Tabs-panel--description panel entry-content wc-tab\" id=\"tab-description\" role=\"tabpanel\" style=\"\">\n<h2>Description<\/h2>\n<div><b>Le supra-d\u00e9tox \u00e9clat<\/b><\/div>\n<div><\/div>\n<div>Bas\u00e9e sur la m\u00e9decine nutritionnelle et environnementale,\u00a0 cette cr\u00e8me associe l\u2019extrait de marrube blanc, qui lutte contre le vieillissement toxinique, au concentr\u00e9 Hyalu-3 anti-\u00e2ge. Elle est enrichie en extrait d\u2019arbre \u00e0 soie d\u00e9toxifiant et acides lactique et glycolique lissants.<\/div>\n<div><\/div>\n<div><strong><strong>Conseils d\u2019Utilisation : <\/strong> <\/strong><\/div>\n<div>Appliquer le soir sur le visage.<\/div>\n<\/div>","protected":false},"excerpt":{"rendered":"<p>Highlights:Une texture active \u00e0 effet lissant imm\u00e9diat inspir\u00e9e des sleeping cr\u00e8mes asiatiques associant fra\u00eecheur et confort.<\/p>","protected":false},"featured_media":45853,"comment_status":"open","ping_status":"closed","template":"","meta":[],"pwb-brand":[2130],"product_cat":[16],"product_tag":[],"class_list":{"0":"post-45852","1":"product","2":"type-product","3":"status-publish","4":"has-post-thumbnail","6":"pwb-brand-lierac","7":"product_cat-non-classe","8":"pa_brands-lierac","10":"first","11":"instock","12":"sale","13":"shipping-taxable","14":"purchasable","15":"product-type-simple"},"yoast_head":"<!-- This site is optimized with the Yoast SEO plugin v26.9 - https:\/\/yoast.com\/product\/yoast-seo-wordpress\/ -->\n<title>LIERAC SUPRA RADIANCE CR\u00c8ME R\u00c9NOVATRICE \u2013 NUIT 50 ML \u2013 DESTOCKAGE - paragaleriedetalborjt<\/title>\n<meta name=\"robots\" content=\"index, follow, max-snippet:-1, max-image-preview:large, max-video-preview:-1\" \/>\n<link rel=\"canonical\" href=\"https:\/\/paragaleriedetalborjt.com\/en\/boutique\/lierac-supra-radiance-creme-renovatrice-nuit-50-ml-destockage\/\" \/>\n<meta property=\"og:locale\" content=\"en_US\" \/>\n<meta property=\"og:type\" content=\"article\" \/>\n<meta property=\"og:title\" content=\"LIERAC SUPRA RADIANCE CR\u00c8ME R\u00c9NOVATRICE \u2013 NUIT 50 ML \u2013 DESTOCKAGE - paragaleriedetalborjt\" \/>\n<meta property=\"og:description\" content=\"Highlights:Une texture active \u00e0 effet lissant imm\u00e9diat inspir\u00e9e des sleeping cr\u00e8mes asiatiques associant fra\u00eecheur et confort.\" \/>\n<meta property=\"og:url\" content=\"https:\/\/paragaleriedetalborjt.com\/en\/boutique\/lierac-supra-radiance-creme-renovatrice-nuit-50-ml-destockage\/\" \/>\n<meta property=\"og:site_name\" content=\"paragaleriedetalborjt\" \/>\n<meta property=\"og:image\" content=\"https:\/\/paragaleriedetalborjt.com\/wp-content\/uploads\/2026\/01\/LIERAC-SUPRA-RADIANCE-CREME-RENOVATRICE-NUIT-50-ML-DESTOCKAGE-600x600-1.jpg\" \/>\n\t<meta property=\"og:image:width\" content=\"600\" \/>\n\t<meta property=\"og:image:height\" content=\"600\" \/>\n\t<meta property=\"og:image:type\" content=\"image\/jpeg\" \/>\n<meta name=\"twitter:card\" content=\"summary_large_image\" \/>\n<script type=\"application\/ld+json\" class=\"yoast-schema-graph\">{\"@context\":\"https:\/\/schema.org\",\"@graph\":[{\"@type\":\"WebPage\",\"@id\":\"https:\/\/paragaleriedetalborjt.com\/boutique\/lierac-supra-radiance-creme-renovatrice-nuit-50-ml-destockage\/\",\"url\":\"https:\/\/paragaleriedetalborjt.com\/boutique\/lierac-supra-radiance-creme-renovatrice-nuit-50-ml-destockage\/\",\"name\":\"LIERAC SUPRA RADIANCE CR\u00c8ME R\u00c9NOVATRICE \u2013 NUIT 50 ML \u2013 DESTOCKAGE - paragaleriedetalborjt\",\"isPartOf\":{\"@id\":\"https:\/\/paragaleriedetalborjt.com\/#website\"},\"primaryImageOfPage\":{\"@id\":\"https:\/\/paragaleriedetalborjt.com\/boutique\/lierac-supra-radiance-creme-renovatrice-nuit-50-ml-destockage\/#primaryimage\"},\"image\":{\"@id\":\"https:\/\/paragaleriedetalborjt.com\/boutique\/lierac-supra-radiance-creme-renovatrice-nuit-50-ml-destockage\/#primaryimage\"},\"thumbnailUrl\":\"https:\/\/paragaleriedetalborjt.com\/wp-content\/uploads\/2026\/01\/LIERAC-SUPRA-RADIANCE-CREME-RENOVATRICE-NUIT-50-ML-DESTOCKAGE-600x600-1.jpg\",\"datePublished\":\"2026-01-03T22:57:31+00:00\",\"breadcrumb\":{\"@id\":\"https:\/\/paragaleriedetalborjt.com\/boutique\/lierac-supra-radiance-creme-renovatrice-nuit-50-ml-destockage\/#breadcrumb\"},\"inLanguage\":\"en-US\",\"potentialAction\":[{\"@type\":\"ReadAction\",\"target\":[\"https:\/\/paragaleriedetalborjt.com\/boutique\/lierac-supra-radiance-creme-renovatrice-nuit-50-ml-destockage\/\"]}]},{\"@type\":\"ImageObject\",\"inLanguage\":\"en-US\",\"@id\":\"https:\/\/paragaleriedetalborjt.com\/boutique\/lierac-supra-radiance-creme-renovatrice-nuit-50-ml-destockage\/#primaryimage\",\"url\":\"https:\/\/paragaleriedetalborjt.com\/wp-content\/uploads\/2026\/01\/LIERAC-SUPRA-RADIANCE-CREME-RENOVATRICE-NUIT-50-ML-DESTOCKAGE-600x600-1.jpg\",\"contentUrl\":\"https:\/\/paragaleriedetalborjt.com\/wp-content\/uploads\/2026\/01\/LIERAC-SUPRA-RADIANCE-CREME-RENOVATRICE-NUIT-50-ML-DESTOCKAGE-600x600-1.jpg\",\"width\":600,\"height\":600},{\"@type\":\"BreadcrumbList\",\"@id\":\"https:\/\/paragaleriedetalborjt.com\/boutique\/lierac-supra-radiance-creme-renovatrice-nuit-50-ml-destockage\/#breadcrumb\",\"itemListElement\":[{\"@type\":\"ListItem\",\"position\":1,\"name\":\"Accueil\",\"item\":\"https:\/\/paragaleriedetalborjt.com\/\"},{\"@type\":\"ListItem\",\"position\":2,\"name\":\"Boutique\",\"item\":\"https:\/\/paragaleriedetalborjt.com\/boutique\/\"},{\"@type\":\"ListItem\",\"position\":3,\"name\":\"LIERAC SUPRA RADIANCE CR\u00c8ME R\u00c9NOVATRICE \u2013 NUIT 50 ML \u2013 DESTOCKAGE\"}]},{\"@type\":\"WebSite\",\"@id\":\"https:\/\/paragaleriedetalborjt.com\/#website\",\"url\":\"https:\/\/paragaleriedetalborjt.com\/\",\"name\":\"paragaleriedetalborjt\",\"description\":\"\",\"potentialAction\":[{\"@type\":\"SearchAction\",\"target\":{\"@type\":\"EntryPoint\",\"urlTemplate\":\"https:\/\/paragaleriedetalborjt.com\/?s={search_term_string}\"},\"query-input\":{\"@type\":\"PropertyValueSpecification\",\"valueRequired\":true,\"valueName\":\"search_term_string\"}}],\"inLanguage\":\"en-US\"}]}<\/script>\n<!-- \/ Yoast SEO plugin. -->","yoast_head_json":{"title":"LIERAC SUPRA RADIANCE CR\u00c8ME R\u00c9NOVATRICE \u2013 NUIT 50 ML \u2013 DESTOCKAGE - paragaleriedetalborjt","robots":{"index":"index","follow":"follow","max-snippet":"max-snippet:-1","max-image-preview":"max-image-preview:large","max-video-preview":"max-video-preview:-1"},"canonical":"https:\/\/paragaleriedetalborjt.com\/en\/boutique\/lierac-supra-radiance-creme-renovatrice-nuit-50-ml-destockage\/","og_locale":"en_US","og_type":"article","og_title":"LIERAC SUPRA RADIANCE CR\u00c8ME R\u00c9NOVATRICE \u2013 NUIT 50 ML \u2013 DESTOCKAGE - paragaleriedetalborjt","og_description":"Highlights:Une texture active \u00e0 effet lissant imm\u00e9diat inspir\u00e9e des sleeping cr\u00e8mes asiatiques associant fra\u00eecheur et confort.","og_url":"https:\/\/paragaleriedetalborjt.com\/en\/boutique\/lierac-supra-radiance-creme-renovatrice-nuit-50-ml-destockage\/","og_site_name":"paragaleriedetalborjt","og_image":[{"width":600,"height":600,"url":"https:\/\/paragaleriedetalborjt.com\/wp-content\/uploads\/2026\/01\/LIERAC-SUPRA-RADIANCE-CREME-RENOVATRICE-NUIT-50-ML-DESTOCKAGE-600x600-1.jpg","type":"image\/jpeg"}],"twitter_card":"summary_large_image","schema":{"@context":"https:\/\/schema.org","@graph":[{"@type":"WebPage","@id":"https:\/\/paragaleriedetalborjt.com\/boutique\/lierac-supra-radiance-creme-renovatrice-nuit-50-ml-destockage\/","url":"https:\/\/paragaleriedetalborjt.com\/boutique\/lierac-supra-radiance-creme-renovatrice-nuit-50-ml-destockage\/","name":"LIERAC SUPRA RADIANCE CR\u00c8ME R\u00c9NOVATRICE \u2013 NUIT 50 ML \u2013 DESTOCKAGE - paragaleriedetalborjt","isPartOf":{"@id":"https:\/\/paragaleriedetalborjt.com\/#website"},"primaryImageOfPage":{"@id":"https:\/\/paragaleriedetalborjt.com\/boutique\/lierac-supra-radiance-creme-renovatrice-nuit-50-ml-destockage\/#primaryimage"},"image":{"@id":"https:\/\/paragaleriedetalborjt.com\/boutique\/lierac-supra-radiance-creme-renovatrice-nuit-50-ml-destockage\/#primaryimage"},"thumbnailUrl":"https:\/\/paragaleriedetalborjt.com\/wp-content\/uploads\/2026\/01\/LIERAC-SUPRA-RADIANCE-CREME-RENOVATRICE-NUIT-50-ML-DESTOCKAGE-600x600-1.jpg","datePublished":"2026-01-03T22:57:31+00:00","breadcrumb":{"@id":"https:\/\/paragaleriedetalborjt.com\/boutique\/lierac-supra-radiance-creme-renovatrice-nuit-50-ml-destockage\/#breadcrumb"},"inLanguage":"en-US","potentialAction":[{"@type":"ReadAction","target":["https:\/\/paragaleriedetalborjt.com\/boutique\/lierac-supra-radiance-creme-renovatrice-nuit-50-ml-destockage\/"]}]},{"@type":"ImageObject","inLanguage":"en-US","@id":"https:\/\/paragaleriedetalborjt.com\/boutique\/lierac-supra-radiance-creme-renovatrice-nuit-50-ml-destockage\/#primaryimage","url":"https:\/\/paragaleriedetalborjt.com\/wp-content\/uploads\/2026\/01\/LIERAC-SUPRA-RADIANCE-CREME-RENOVATRICE-NUIT-50-ML-DESTOCKAGE-600x600-1.jpg","contentUrl":"https:\/\/paragaleriedetalborjt.com\/wp-content\/uploads\/2026\/01\/LIERAC-SUPRA-RADIANCE-CREME-RENOVATRICE-NUIT-50-ML-DESTOCKAGE-600x600-1.jpg","width":600,"height":600},{"@type":"BreadcrumbList","@id":"https:\/\/paragaleriedetalborjt.com\/boutique\/lierac-supra-radiance-creme-renovatrice-nuit-50-ml-destockage\/#breadcrumb","itemListElement":[{"@type":"ListItem","position":1,"name":"Accueil","item":"https:\/\/paragaleriedetalborjt.com\/"},{"@type":"ListItem","position":2,"name":"Boutique","item":"https:\/\/paragaleriedetalborjt.com\/boutique\/"},{"@type":"ListItem","position":3,"name":"LIERAC SUPRA RADIANCE CR\u00c8ME R\u00c9NOVATRICE \u2013 NUIT 50 ML \u2013 DESTOCKAGE"}]},{"@type":"WebSite","@id":"https:\/\/paragaleriedetalborjt.com\/#website","url":"https:\/\/paragaleriedetalborjt.com\/","name":"paragaleriedetalborjt","description":"","potentialAction":[{"@type":"SearchAction","target":{"@type":"EntryPoint","urlTemplate":"https:\/\/paragaleriedetalborjt.com\/?s={search_term_string}"},"query-input":{"@type":"PropertyValueSpecification","valueRequired":true,"valueName":"search_term_string"}}],"inLanguage":"en-US"}]}},"brands":[{"id":2130,"name":"LIERAC","slug":"lierac"}],"_links":{"self":[{"href":"https:\/\/paragaleriedetalborjt.com\/en\/wp-json\/wp\/v2\/product\/45852","targetHints":{"allow":["GET"]}}],"collection":[{"href":"https:\/\/paragaleriedetalborjt.com\/en\/wp-json\/wp\/v2\/product"}],"about":[{"href":"https:\/\/paragaleriedetalborjt.com\/en\/wp-json\/wp\/v2\/types\/product"}],"replies":[{"embeddable":true,"href":"https:\/\/paragaleriedetalborjt.com\/en\/wp-json\/wp\/v2\/comments?post=45852"}],"version-history":[{"count":1,"href":"https:\/\/paragaleriedetalborjt.com\/en\/wp-json\/wp\/v2\/product\/45852\/revisions"}],"predecessor-version":[{"id":45854,"href":"https:\/\/paragaleriedetalborjt.com\/en\/wp-json\/wp\/v2\/product\/45852\/revisions\/45854"}],"wp:featuredmedia":[{"embeddable":true,"href":"https:\/\/paragaleriedetalborjt.com\/en\/wp-json\/wp\/v2\/media\/45853"}],"wp:attachment":[{"href":"https:\/\/paragaleriedetalborjt.com\/en\/wp-json\/wp\/v2\/media?parent=45852"}],"wp:term":[{"taxonomy":"pwb-brand","embeddable":true,"href":"https:\/\/paragaleriedetalborjt.com\/en\/wp-json\/wp\/v2\/pwb-brand?post=45852"},{"taxonomy":"product_cat","embeddable":true,"href":"https:\/\/paragaleriedetalborjt.com\/en\/wp-json\/wp\/v2\/product_cat?post=45852"},{"taxonomy":"product_tag","embeddable":true,"href":"https:\/\/paragaleriedetalborjt.com\/en\/wp-json\/wp\/v2\/product_tag?post=45852"}],"curies":[{"name":"wp","href":"https:\/\/api.w.org\/{rel}","templated":true}]}}