{"id":45827,"date":"2026-01-03T23:56:38","date_gmt":"2026-01-03T22:56:38","guid":{"rendered":"https:\/\/paragaleriedetalborjt.com\/?post_type=product&#038;p=45827"},"modified":"2026-01-03T23:56:38","modified_gmt":"2026-01-03T22:56:38","slug":"lierc-body-slim-concentre-cryoactif-cellulite-incrustee","status":"publish","type":"product","link":"https:\/\/paragaleriedetalborjt.com\/en\/boutique\/lierc-body-slim-concentre-cryoactif-cellulite-incrustee\/","title":{"rendered":"LIERC Body slim concentr\u00e9 cryoactif cellulite incrust\u00e9e"},"content":{"rendered":"<div aria-labelledby=\"tab-title-description\" class=\"woocommerce-Tabs-panel woocommerce-Tabs-panel--description panel entry-content wc-tab\" id=\"tab-description\" role=\"tabpanel\" style=\"\">\n<h2>Description<\/h2>\n<p>UN SOIN DERMO-COSM\u00c9TIQUE DE POINTE<br \/>\nMode d\u2019action du concentr\u00e9 cryoactif cellulite incrust\u00e9e:<\/p>\n<p>La formule du concentr\u00e9 cryoactif de Li\u00e9rac est con\u00e7ue pour activer la d\u00e9gradation des graisses stock\u00e9es dans les cellules adipeuses.<\/p>\n<p>le complexe de caf\u00e9ine active stimule le d\u00e9stockage<br \/>\nWTB System transforme les adipocytes blancs stockeurs en adipocytes bruns br\u00fbleurs de graisse<br \/>\nla Pro-Irisine, stimule l\u2019irisine naturellement produite par le corps et booste la transformation des adipocytes blancs en bruns<br \/>\n<strong>UNE TEXTURE ALLI\u00c9E DE LA MINCEUR<\/strong><br \/>\nLa texture en gel ros\u00e9 \u00e0 effet froid compl\u00e8te l\u2019action minceur des actifs de ce soin. Riche en acide hyaluronique, elle hydrate, lisse la peau en plus de la parfumer d\u2019une fragrance florale.<\/p>\n<p><strong>UNE EFFICACIT\u00c9 CLINIQUEMENT PROUV\u00c9E<\/strong><br \/>\nD\u00e8s 14 jours d\u2019utilisation, les testeurs ont remarqu\u00e9 que leur peau est raffermie et tonifi\u00e9e.<br \/>\nD\u00e8s 28 jours d\u2019utilisation, les testeurs ont remarqu\u00e9 que les capitons de la peau sont liss\u00e9s.<br \/>\nLe plus de ce soin: son action anti-r\u00e9cidive freine l\u2019entr\u00e9e du glucose dans les cellules graisseuses.<\/p>\n<p><strong>Conseils d\u2019utilisation:<\/strong><\/p>\n<p>appliquer en massages circulaires matin et soir sur les zones concern\u00e9es.<\/p>\n<\/div>","protected":false},"excerpt":{"rendered":"<p>Highlights:Body slim concentr\u00e9 cryoactif cellulite incrust\u00e9e est un soin pour le corps de Li\u00e9rac inspir\u00e9 du m\u00e9canisme de la cryolipolyse. Il est con\u00e7u pour traiter l\u2019une des cellulites la plus tenace la cellulite incrust\u00e9e dont il est difficile de venir \u00e0 bout en plus de redessiner la silhouette en estompant les rondeurs rebelles.<\/p>","protected":false},"featured_media":45828,"comment_status":"open","ping_status":"closed","template":"","meta":[],"pwb-brand":[2130],"product_cat":[16],"product_tag":[],"class_list":{"0":"post-45827","1":"product","2":"type-product","3":"status-publish","4":"has-post-thumbnail","6":"pwb-brand-lierac","7":"product_cat-non-classe","8":"pa_brands-lierac","10":"first","11":"instock","12":"sale","13":"shipping-taxable","14":"purchasable","15":"product-type-simple"},"yoast_head":"<!-- This site is optimized with the Yoast SEO plugin v26.9 - https:\/\/yoast.com\/product\/yoast-seo-wordpress\/ -->\n<title>LIERC Body slim concentr\u00e9 cryoactif cellulite incrust\u00e9e - paragaleriedetalborjt<\/title>\n<meta name=\"robots\" content=\"index, follow, max-snippet:-1, max-image-preview:large, max-video-preview:-1\" \/>\n<link rel=\"canonical\" href=\"https:\/\/paragaleriedetalborjt.com\/en\/boutique\/lierc-body-slim-concentre-cryoactif-cellulite-incrustee\/\" \/>\n<meta property=\"og:locale\" content=\"en_US\" \/>\n<meta property=\"og:type\" content=\"article\" \/>\n<meta property=\"og:title\" content=\"LIERC Body slim concentr\u00e9 cryoactif cellulite incrust\u00e9e - paragaleriedetalborjt\" \/>\n<meta property=\"og:description\" content=\"Highlights:Body slim concentr\u00e9 cryoactif cellulite incrust\u00e9e est un soin pour le corps de Li\u00e9rac inspir\u00e9 du m\u00e9canisme de la cryolipolyse. Il est con\u00e7u pour traiter l\u2019une des cellulites la plus tenace la cellulite incrust\u00e9e dont il est difficile de venir \u00e0 bout en plus de redessiner la silhouette en estompant les rondeurs rebelles.\" \/>\n<meta property=\"og:url\" content=\"https:\/\/paragaleriedetalborjt.com\/en\/boutique\/lierc-body-slim-concentre-cryoactif-cellulite-incrustee\/\" \/>\n<meta property=\"og:site_name\" content=\"paragaleriedetalborjt\" \/>\n<meta property=\"og:image\" content=\"https:\/\/paragaleriedetalborjt.com\/wp-content\/uploads\/2026\/01\/lierac-body-slim-concentre.jpg\" \/>\n\t<meta property=\"og:image:width\" content=\"595\" \/>\n\t<meta property=\"og:image:height\" content=\"655\" \/>\n\t<meta property=\"og:image:type\" content=\"image\/jpeg\" \/>\n<meta name=\"twitter:card\" content=\"summary_large_image\" \/>\n<meta name=\"twitter:label1\" content=\"Est. reading time\" \/>\n\t<meta name=\"twitter:data1\" content=\"1 minute\" \/>\n<script type=\"application\/ld+json\" class=\"yoast-schema-graph\">{\"@context\":\"https:\/\/schema.org\",\"@graph\":[{\"@type\":\"WebPage\",\"@id\":\"https:\/\/paragaleriedetalborjt.com\/boutique\/lierc-body-slim-concentre-cryoactif-cellulite-incrustee\/\",\"url\":\"https:\/\/paragaleriedetalborjt.com\/boutique\/lierc-body-slim-concentre-cryoactif-cellulite-incrustee\/\",\"name\":\"LIERC Body slim concentr\u00e9 cryoactif cellulite incrust\u00e9e - paragaleriedetalborjt\",\"isPartOf\":{\"@id\":\"https:\/\/paragaleriedetalborjt.com\/#website\"},\"primaryImageOfPage\":{\"@id\":\"https:\/\/paragaleriedetalborjt.com\/boutique\/lierc-body-slim-concentre-cryoactif-cellulite-incrustee\/#primaryimage\"},\"image\":{\"@id\":\"https:\/\/paragaleriedetalborjt.com\/boutique\/lierc-body-slim-concentre-cryoactif-cellulite-incrustee\/#primaryimage\"},\"thumbnailUrl\":\"https:\/\/paragaleriedetalborjt.com\/wp-content\/uploads\/2026\/01\/lierac-body-slim-concentre.jpg\",\"datePublished\":\"2026-01-03T22:56:38+00:00\",\"breadcrumb\":{\"@id\":\"https:\/\/paragaleriedetalborjt.com\/boutique\/lierc-body-slim-concentre-cryoactif-cellulite-incrustee\/#breadcrumb\"},\"inLanguage\":\"en-US\",\"potentialAction\":[{\"@type\":\"ReadAction\",\"target\":[\"https:\/\/paragaleriedetalborjt.com\/boutique\/lierc-body-slim-concentre-cryoactif-cellulite-incrustee\/\"]}]},{\"@type\":\"ImageObject\",\"inLanguage\":\"en-US\",\"@id\":\"https:\/\/paragaleriedetalborjt.com\/boutique\/lierc-body-slim-concentre-cryoactif-cellulite-incrustee\/#primaryimage\",\"url\":\"https:\/\/paragaleriedetalborjt.com\/wp-content\/uploads\/2026\/01\/lierac-body-slim-concentre.jpg\",\"contentUrl\":\"https:\/\/paragaleriedetalborjt.com\/wp-content\/uploads\/2026\/01\/lierac-body-slim-concentre.jpg\",\"width\":595,\"height\":655},{\"@type\":\"BreadcrumbList\",\"@id\":\"https:\/\/paragaleriedetalborjt.com\/boutique\/lierc-body-slim-concentre-cryoactif-cellulite-incrustee\/#breadcrumb\",\"itemListElement\":[{\"@type\":\"ListItem\",\"position\":1,\"name\":\"Accueil\",\"item\":\"https:\/\/paragaleriedetalborjt.com\/\"},{\"@type\":\"ListItem\",\"position\":2,\"name\":\"Boutique\",\"item\":\"https:\/\/paragaleriedetalborjt.com\/boutique\/\"},{\"@type\":\"ListItem\",\"position\":3,\"name\":\"LIERC Body slim concentr\u00e9 cryoactif cellulite incrust\u00e9e\"}]},{\"@type\":\"WebSite\",\"@id\":\"https:\/\/paragaleriedetalborjt.com\/#website\",\"url\":\"https:\/\/paragaleriedetalborjt.com\/\",\"name\":\"paragaleriedetalborjt\",\"description\":\"\",\"potentialAction\":[{\"@type\":\"SearchAction\",\"target\":{\"@type\":\"EntryPoint\",\"urlTemplate\":\"https:\/\/paragaleriedetalborjt.com\/?s={search_term_string}\"},\"query-input\":{\"@type\":\"PropertyValueSpecification\",\"valueRequired\":true,\"valueName\":\"search_term_string\"}}],\"inLanguage\":\"en-US\"}]}<\/script>\n<!-- \/ Yoast SEO plugin. -->","yoast_head_json":{"title":"LIERC Body slim concentr\u00e9 cryoactif cellulite incrust\u00e9e - paragaleriedetalborjt","robots":{"index":"index","follow":"follow","max-snippet":"max-snippet:-1","max-image-preview":"max-image-preview:large","max-video-preview":"max-video-preview:-1"},"canonical":"https:\/\/paragaleriedetalborjt.com\/en\/boutique\/lierc-body-slim-concentre-cryoactif-cellulite-incrustee\/","og_locale":"en_US","og_type":"article","og_title":"LIERC Body slim concentr\u00e9 cryoactif cellulite incrust\u00e9e - paragaleriedetalborjt","og_description":"Highlights:Body slim concentr\u00e9 cryoactif cellulite incrust\u00e9e est un soin pour le corps de Li\u00e9rac inspir\u00e9 du m\u00e9canisme de la cryolipolyse. Il est con\u00e7u pour traiter l\u2019une des cellulites la plus tenace la cellulite incrust\u00e9e dont il est difficile de venir \u00e0 bout en plus de redessiner la silhouette en estompant les rondeurs rebelles.","og_url":"https:\/\/paragaleriedetalborjt.com\/en\/boutique\/lierc-body-slim-concentre-cryoactif-cellulite-incrustee\/","og_site_name":"paragaleriedetalborjt","og_image":[{"width":595,"height":655,"url":"https:\/\/paragaleriedetalborjt.com\/wp-content\/uploads\/2026\/01\/lierac-body-slim-concentre.jpg","type":"image\/jpeg"}],"twitter_card":"summary_large_image","twitter_misc":{"Est. reading time":"1 minute"},"schema":{"@context":"https:\/\/schema.org","@graph":[{"@type":"WebPage","@id":"https:\/\/paragaleriedetalborjt.com\/boutique\/lierc-body-slim-concentre-cryoactif-cellulite-incrustee\/","url":"https:\/\/paragaleriedetalborjt.com\/boutique\/lierc-body-slim-concentre-cryoactif-cellulite-incrustee\/","name":"LIERC Body slim concentr\u00e9 cryoactif cellulite incrust\u00e9e - paragaleriedetalborjt","isPartOf":{"@id":"https:\/\/paragaleriedetalborjt.com\/#website"},"primaryImageOfPage":{"@id":"https:\/\/paragaleriedetalborjt.com\/boutique\/lierc-body-slim-concentre-cryoactif-cellulite-incrustee\/#primaryimage"},"image":{"@id":"https:\/\/paragaleriedetalborjt.com\/boutique\/lierc-body-slim-concentre-cryoactif-cellulite-incrustee\/#primaryimage"},"thumbnailUrl":"https:\/\/paragaleriedetalborjt.com\/wp-content\/uploads\/2026\/01\/lierac-body-slim-concentre.jpg","datePublished":"2026-01-03T22:56:38+00:00","breadcrumb":{"@id":"https:\/\/paragaleriedetalborjt.com\/boutique\/lierc-body-slim-concentre-cryoactif-cellulite-incrustee\/#breadcrumb"},"inLanguage":"en-US","potentialAction":[{"@type":"ReadAction","target":["https:\/\/paragaleriedetalborjt.com\/boutique\/lierc-body-slim-concentre-cryoactif-cellulite-incrustee\/"]}]},{"@type":"ImageObject","inLanguage":"en-US","@id":"https:\/\/paragaleriedetalborjt.com\/boutique\/lierc-body-slim-concentre-cryoactif-cellulite-incrustee\/#primaryimage","url":"https:\/\/paragaleriedetalborjt.com\/wp-content\/uploads\/2026\/01\/lierac-body-slim-concentre.jpg","contentUrl":"https:\/\/paragaleriedetalborjt.com\/wp-content\/uploads\/2026\/01\/lierac-body-slim-concentre.jpg","width":595,"height":655},{"@type":"BreadcrumbList","@id":"https:\/\/paragaleriedetalborjt.com\/boutique\/lierc-body-slim-concentre-cryoactif-cellulite-incrustee\/#breadcrumb","itemListElement":[{"@type":"ListItem","position":1,"name":"Accueil","item":"https:\/\/paragaleriedetalborjt.com\/"},{"@type":"ListItem","position":2,"name":"Boutique","item":"https:\/\/paragaleriedetalborjt.com\/boutique\/"},{"@type":"ListItem","position":3,"name":"LIERC Body slim concentr\u00e9 cryoactif cellulite incrust\u00e9e"}]},{"@type":"WebSite","@id":"https:\/\/paragaleriedetalborjt.com\/#website","url":"https:\/\/paragaleriedetalborjt.com\/","name":"paragaleriedetalborjt","description":"","potentialAction":[{"@type":"SearchAction","target":{"@type":"EntryPoint","urlTemplate":"https:\/\/paragaleriedetalborjt.com\/?s={search_term_string}"},"query-input":{"@type":"PropertyValueSpecification","valueRequired":true,"valueName":"search_term_string"}}],"inLanguage":"en-US"}]}},"brands":[{"id":2130,"name":"LIERAC","slug":"lierac"}],"_links":{"self":[{"href":"https:\/\/paragaleriedetalborjt.com\/en\/wp-json\/wp\/v2\/product\/45827","targetHints":{"allow":["GET"]}}],"collection":[{"href":"https:\/\/paragaleriedetalborjt.com\/en\/wp-json\/wp\/v2\/product"}],"about":[{"href":"https:\/\/paragaleriedetalborjt.com\/en\/wp-json\/wp\/v2\/types\/product"}],"replies":[{"embeddable":true,"href":"https:\/\/paragaleriedetalborjt.com\/en\/wp-json\/wp\/v2\/comments?post=45827"}],"version-history":[{"count":1,"href":"https:\/\/paragaleriedetalborjt.com\/en\/wp-json\/wp\/v2\/product\/45827\/revisions"}],"predecessor-version":[{"id":45830,"href":"https:\/\/paragaleriedetalborjt.com\/en\/wp-json\/wp\/v2\/product\/45827\/revisions\/45830"}],"wp:featuredmedia":[{"embeddable":true,"href":"https:\/\/paragaleriedetalborjt.com\/en\/wp-json\/wp\/v2\/media\/45828"}],"wp:attachment":[{"href":"https:\/\/paragaleriedetalborjt.com\/en\/wp-json\/wp\/v2\/media?parent=45827"}],"wp:term":[{"taxonomy":"pwb-brand","embeddable":true,"href":"https:\/\/paragaleriedetalborjt.com\/en\/wp-json\/wp\/v2\/pwb-brand?post=45827"},{"taxonomy":"product_cat","embeddable":true,"href":"https:\/\/paragaleriedetalborjt.com\/en\/wp-json\/wp\/v2\/product_cat?post=45827"},{"taxonomy":"product_tag","embeddable":true,"href":"https:\/\/paragaleriedetalborjt.com\/en\/wp-json\/wp\/v2\/product_tag?post=45827"}],"curies":[{"name":"wp","href":"https:\/\/api.w.org\/{rel}","templated":true}]}}