{"id":45814,"date":"2026-01-03T23:56:09","date_gmt":"2026-01-03T22:56:09","guid":{"rendered":"https:\/\/paragaleriedetalborjt.com\/?post_type=product&#038;p=45814"},"modified":"2026-01-03T23:56:09","modified_gmt":"2026-01-03T22:56:09","slug":"rilastil-hydrotenseur-creme-hydratante-50ml-aqua-gel-nettoyant-offert","status":"publish","type":"product","link":"https:\/\/paragaleriedetalborjt.com\/en\/boutique\/rilastil-hydrotenseur-creme-hydratante-50ml-aqua-gel-nettoyant-offert\/","title":{"rendered":"RILASTIL HYDROTENSEUR CR\u00c8ME HYDRATANTE 50ML = AQUA GEL NETTOYANT OFFERT"},"content":{"rendered":"<div aria-labelledby=\"tab-title-description\" class=\"woocommerce-Tabs-panel woocommerce-Tabs-panel--description panel entry-content wc-tab\" id=\"tab-description\" role=\"tabpanel\" style=\"\">\n<h2>Description<\/h2>\n<p>\u00c9mulsion hautement hydratante avec de fortes propri\u00e9t\u00e9s anti-rides et antioxydantes. Formul\u00e9 avec des ingr\u00e9dients actifs s\u00e9lectionn\u00e9s et innovants, il contraste efficacement les signes du temps, hydrate en profondeur et garde la peau fra\u00eeche et jeune.<\/p>\n<p><strong><strong>Conseils d\u2019Utilisation : <\/strong> <\/strong><\/p>\n<p>Appliquer matin et \/ ou soir sur une peau parfaitement nettoy\u00e9e en mouvements circulaires lents. Convient \u00e0 tous les types de peau.<\/p>\n<\/div>","protected":false},"excerpt":{"rendered":"<p>Highlights:\u2022 EXFOLIE, contient des microbilles de cellulose et de cire de jojoba.\u2022 PURIFIEgr\u00e2ce \u00e0 son effet peeling.\u2022 APAISEgr\u00e2ce aux propri\u00e9t\u00e9s de l\u2019Eau thermale d\u2019Av\u00e8ne.<\/p>","protected":false},"featured_media":45815,"comment_status":"open","ping_status":"closed","template":"","meta":[],"pwb-brand":[2014],"product_cat":[16],"product_tag":[],"class_list":{"0":"post-45814","1":"product","2":"type-product","3":"status-publish","4":"has-post-thumbnail","6":"pwb-brand-rilastil","7":"product_cat-non-classe","8":"pa_brands-rilastil","10":"first","11":"instock","12":"sale","13":"shipping-taxable","14":"purchasable","15":"product-type-simple"},"yoast_head":"<!-- This site is optimized with the Yoast SEO plugin v27.5 - https:\/\/yoast.com\/product\/yoast-seo-wordpress\/ -->\n<title>RILASTIL HYDROTENSEUR CR\u00c8ME HYDRATANTE 50ML = AQUA GEL NETTOYANT OFFERT - paragaleriedetalborjt<\/title>\n<meta name=\"robots\" content=\"index, follow, max-snippet:-1, max-image-preview:large, max-video-preview:-1\" \/>\n<link rel=\"canonical\" href=\"https:\/\/paragaleriedetalborjt.com\/en\/boutique\/rilastil-hydrotenseur-creme-hydratante-50ml-aqua-gel-nettoyant-offert\/\" \/>\n<meta property=\"og:locale\" content=\"en_US\" \/>\n<meta property=\"og:type\" content=\"article\" \/>\n<meta property=\"og:title\" content=\"RILASTIL HYDROTENSEUR CR\u00c8ME HYDRATANTE 50ML = AQUA GEL NETTOYANT OFFERT - paragaleriedetalborjt\" \/>\n<meta property=\"og:description\" content=\"Highlights:\u2022 EXFOLIE, contient des microbilles de cellulose et de cire de jojoba.\u2022 PURIFIEgr\u00e2ce \u00e0 son effet peeling.\u2022 APAISEgr\u00e2ce aux propri\u00e9t\u00e9s de l\u2019Eau thermale d\u2019Av\u00e8ne.\" \/>\n<meta property=\"og:url\" content=\"https:\/\/paragaleriedetalborjt.com\/en\/boutique\/rilastil-hydrotenseur-creme-hydratante-50ml-aqua-gel-nettoyant-offert\/\" \/>\n<meta property=\"og:site_name\" content=\"paragaleriedetalborjt\" \/>\n<meta property=\"og:image\" content=\"https:\/\/paragaleriedetalborjt.com\/wp-content\/uploads\/2026\/01\/Rilastil-Hydrotenseur-Creme-Anti-rides-Aqua-Gel-Nettoyant.jpg\" \/>\n\t<meta property=\"og:image:width\" content=\"300\" \/>\n\t<meta property=\"og:image:height\" content=\"300\" \/>\n\t<meta property=\"og:image:type\" content=\"image\/jpeg\" \/>\n<meta name=\"twitter:card\" content=\"summary_large_image\" \/>\n<script type=\"application\/ld+json\" class=\"yoast-schema-graph\">{\"@context\":\"https:\\\/\\\/schema.org\",\"@graph\":[{\"@type\":\"WebPage\",\"@id\":\"https:\\\/\\\/paragaleriedetalborjt.com\\\/boutique\\\/rilastil-hydrotenseur-creme-hydratante-50ml-aqua-gel-nettoyant-offert\\\/\",\"url\":\"https:\\\/\\\/paragaleriedetalborjt.com\\\/boutique\\\/rilastil-hydrotenseur-creme-hydratante-50ml-aqua-gel-nettoyant-offert\\\/\",\"name\":\"RILASTIL HYDROTENSEUR CR\u00c8ME HYDRATANTE 50ML = AQUA GEL NETTOYANT OFFERT - paragaleriedetalborjt\",\"isPartOf\":{\"@id\":\"https:\\\/\\\/paragaleriedetalborjt.com\\\/#website\"},\"primaryImageOfPage\":{\"@id\":\"https:\\\/\\\/paragaleriedetalborjt.com\\\/boutique\\\/rilastil-hydrotenseur-creme-hydratante-50ml-aqua-gel-nettoyant-offert\\\/#primaryimage\"},\"image\":{\"@id\":\"https:\\\/\\\/paragaleriedetalborjt.com\\\/boutique\\\/rilastil-hydrotenseur-creme-hydratante-50ml-aqua-gel-nettoyant-offert\\\/#primaryimage\"},\"thumbnailUrl\":\"https:\\\/\\\/paragaleriedetalborjt.com\\\/wp-content\\\/uploads\\\/2026\\\/01\\\/Rilastil-Hydrotenseur-Creme-Anti-rides-Aqua-Gel-Nettoyant.jpg\",\"datePublished\":\"2026-01-03T22:56:09+00:00\",\"breadcrumb\":{\"@id\":\"https:\\\/\\\/paragaleriedetalborjt.com\\\/boutique\\\/rilastil-hydrotenseur-creme-hydratante-50ml-aqua-gel-nettoyant-offert\\\/#breadcrumb\"},\"inLanguage\":\"en-US\",\"potentialAction\":[{\"@type\":\"ReadAction\",\"target\":[\"https:\\\/\\\/paragaleriedetalborjt.com\\\/boutique\\\/rilastil-hydrotenseur-creme-hydratante-50ml-aqua-gel-nettoyant-offert\\\/\"]}]},{\"@type\":\"ImageObject\",\"inLanguage\":\"en-US\",\"@id\":\"https:\\\/\\\/paragaleriedetalborjt.com\\\/boutique\\\/rilastil-hydrotenseur-creme-hydratante-50ml-aqua-gel-nettoyant-offert\\\/#primaryimage\",\"url\":\"https:\\\/\\\/paragaleriedetalborjt.com\\\/wp-content\\\/uploads\\\/2026\\\/01\\\/Rilastil-Hydrotenseur-Creme-Anti-rides-Aqua-Gel-Nettoyant.jpg\",\"contentUrl\":\"https:\\\/\\\/paragaleriedetalborjt.com\\\/wp-content\\\/uploads\\\/2026\\\/01\\\/Rilastil-Hydrotenseur-Creme-Anti-rides-Aqua-Gel-Nettoyant.jpg\",\"width\":300,\"height\":300},{\"@type\":\"BreadcrumbList\",\"@id\":\"https:\\\/\\\/paragaleriedetalborjt.com\\\/boutique\\\/rilastil-hydrotenseur-creme-hydratante-50ml-aqua-gel-nettoyant-offert\\\/#breadcrumb\",\"itemListElement\":[{\"@type\":\"ListItem\",\"position\":1,\"name\":\"Accueil\",\"item\":\"https:\\\/\\\/paragaleriedetalborjt.com\\\/\"},{\"@type\":\"ListItem\",\"position\":2,\"name\":\"Boutique\",\"item\":\"https:\\\/\\\/paragaleriedetalborjt.com\\\/boutique\\\/\"},{\"@type\":\"ListItem\",\"position\":3,\"name\":\"RILASTIL HYDROTENSEUR CR\u00c8ME HYDRATANTE 50ML = AQUA GEL NETTOYANT OFFERT\"}]},{\"@type\":\"WebSite\",\"@id\":\"https:\\\/\\\/paragaleriedetalborjt.com\\\/#website\",\"url\":\"https:\\\/\\\/paragaleriedetalborjt.com\\\/\",\"name\":\"paragaleriedetalborjt\",\"description\":\"\",\"potentialAction\":[{\"@type\":\"SearchAction\",\"target\":{\"@type\":\"EntryPoint\",\"urlTemplate\":\"https:\\\/\\\/paragaleriedetalborjt.com\\\/?s={search_term_string}\"},\"query-input\":{\"@type\":\"PropertyValueSpecification\",\"valueRequired\":true,\"valueName\":\"search_term_string\"}}],\"inLanguage\":\"en-US\"}]}<\/script>\n<!-- \/ Yoast SEO plugin. -->","yoast_head_json":{"title":"RILASTIL HYDROTENSEUR CR\u00c8ME HYDRATANTE 50ML = AQUA GEL NETTOYANT OFFERT - paragaleriedetalborjt","robots":{"index":"index","follow":"follow","max-snippet":"max-snippet:-1","max-image-preview":"max-image-preview:large","max-video-preview":"max-video-preview:-1"},"canonical":"https:\/\/paragaleriedetalborjt.com\/en\/boutique\/rilastil-hydrotenseur-creme-hydratante-50ml-aqua-gel-nettoyant-offert\/","og_locale":"en_US","og_type":"article","og_title":"RILASTIL HYDROTENSEUR CR\u00c8ME HYDRATANTE 50ML = AQUA GEL NETTOYANT OFFERT - paragaleriedetalborjt","og_description":"Highlights:\u2022 EXFOLIE, contient des microbilles de cellulose et de cire de jojoba.\u2022 PURIFIEgr\u00e2ce \u00e0 son effet peeling.\u2022 APAISEgr\u00e2ce aux propri\u00e9t\u00e9s de l\u2019Eau thermale d\u2019Av\u00e8ne.","og_url":"https:\/\/paragaleriedetalborjt.com\/en\/boutique\/rilastil-hydrotenseur-creme-hydratante-50ml-aqua-gel-nettoyant-offert\/","og_site_name":"paragaleriedetalborjt","og_image":[{"width":300,"height":300,"url":"https:\/\/paragaleriedetalborjt.com\/wp-content\/uploads\/2026\/01\/Rilastil-Hydrotenseur-Creme-Anti-rides-Aqua-Gel-Nettoyant.jpg","type":"image\/jpeg"}],"twitter_card":"summary_large_image","schema":{"@context":"https:\/\/schema.org","@graph":[{"@type":"WebPage","@id":"https:\/\/paragaleriedetalborjt.com\/boutique\/rilastil-hydrotenseur-creme-hydratante-50ml-aqua-gel-nettoyant-offert\/","url":"https:\/\/paragaleriedetalborjt.com\/boutique\/rilastil-hydrotenseur-creme-hydratante-50ml-aqua-gel-nettoyant-offert\/","name":"RILASTIL HYDROTENSEUR CR\u00c8ME HYDRATANTE 50ML = AQUA GEL NETTOYANT OFFERT - paragaleriedetalborjt","isPartOf":{"@id":"https:\/\/paragaleriedetalborjt.com\/#website"},"primaryImageOfPage":{"@id":"https:\/\/paragaleriedetalborjt.com\/boutique\/rilastil-hydrotenseur-creme-hydratante-50ml-aqua-gel-nettoyant-offert\/#primaryimage"},"image":{"@id":"https:\/\/paragaleriedetalborjt.com\/boutique\/rilastil-hydrotenseur-creme-hydratante-50ml-aqua-gel-nettoyant-offert\/#primaryimage"},"thumbnailUrl":"https:\/\/paragaleriedetalborjt.com\/wp-content\/uploads\/2026\/01\/Rilastil-Hydrotenseur-Creme-Anti-rides-Aqua-Gel-Nettoyant.jpg","datePublished":"2026-01-03T22:56:09+00:00","breadcrumb":{"@id":"https:\/\/paragaleriedetalborjt.com\/boutique\/rilastil-hydrotenseur-creme-hydratante-50ml-aqua-gel-nettoyant-offert\/#breadcrumb"},"inLanguage":"en-US","potentialAction":[{"@type":"ReadAction","target":["https:\/\/paragaleriedetalborjt.com\/boutique\/rilastil-hydrotenseur-creme-hydratante-50ml-aqua-gel-nettoyant-offert\/"]}]},{"@type":"ImageObject","inLanguage":"en-US","@id":"https:\/\/paragaleriedetalborjt.com\/boutique\/rilastil-hydrotenseur-creme-hydratante-50ml-aqua-gel-nettoyant-offert\/#primaryimage","url":"https:\/\/paragaleriedetalborjt.com\/wp-content\/uploads\/2026\/01\/Rilastil-Hydrotenseur-Creme-Anti-rides-Aqua-Gel-Nettoyant.jpg","contentUrl":"https:\/\/paragaleriedetalborjt.com\/wp-content\/uploads\/2026\/01\/Rilastil-Hydrotenseur-Creme-Anti-rides-Aqua-Gel-Nettoyant.jpg","width":300,"height":300},{"@type":"BreadcrumbList","@id":"https:\/\/paragaleriedetalborjt.com\/boutique\/rilastil-hydrotenseur-creme-hydratante-50ml-aqua-gel-nettoyant-offert\/#breadcrumb","itemListElement":[{"@type":"ListItem","position":1,"name":"Accueil","item":"https:\/\/paragaleriedetalborjt.com\/"},{"@type":"ListItem","position":2,"name":"Boutique","item":"https:\/\/paragaleriedetalborjt.com\/boutique\/"},{"@type":"ListItem","position":3,"name":"RILASTIL HYDROTENSEUR CR\u00c8ME HYDRATANTE 50ML = AQUA GEL NETTOYANT OFFERT"}]},{"@type":"WebSite","@id":"https:\/\/paragaleriedetalborjt.com\/#website","url":"https:\/\/paragaleriedetalborjt.com\/","name":"paragaleriedetalborjt","description":"","potentialAction":[{"@type":"SearchAction","target":{"@type":"EntryPoint","urlTemplate":"https:\/\/paragaleriedetalborjt.com\/?s={search_term_string}"},"query-input":{"@type":"PropertyValueSpecification","valueRequired":true,"valueName":"search_term_string"}}],"inLanguage":"en-US"}]}},"brands":[{"id":2014,"name":"RILASTIL","slug":"rilastil"}],"_links":{"self":[{"href":"https:\/\/paragaleriedetalborjt.com\/en\/wp-json\/wp\/v2\/product\/45814","targetHints":{"allow":["GET"]}}],"collection":[{"href":"https:\/\/paragaleriedetalborjt.com\/en\/wp-json\/wp\/v2\/product"}],"about":[{"href":"https:\/\/paragaleriedetalborjt.com\/en\/wp-json\/wp\/v2\/types\/product"}],"replies":[{"embeddable":true,"href":"https:\/\/paragaleriedetalborjt.com\/en\/wp-json\/wp\/v2\/comments?post=45814"}],"version-history":[{"count":1,"href":"https:\/\/paragaleriedetalborjt.com\/en\/wp-json\/wp\/v2\/product\/45814\/revisions"}],"predecessor-version":[{"id":45816,"href":"https:\/\/paragaleriedetalborjt.com\/en\/wp-json\/wp\/v2\/product\/45814\/revisions\/45816"}],"wp:featuredmedia":[{"embeddable":true,"href":"https:\/\/paragaleriedetalborjt.com\/en\/wp-json\/wp\/v2\/media\/45815"}],"wp:attachment":[{"href":"https:\/\/paragaleriedetalborjt.com\/en\/wp-json\/wp\/v2\/media?parent=45814"}],"wp:term":[{"taxonomy":"pwb-brand","embeddable":true,"href":"https:\/\/paragaleriedetalborjt.com\/en\/wp-json\/wp\/v2\/pwb-brand?post=45814"},{"taxonomy":"product_cat","embeddable":true,"href":"https:\/\/paragaleriedetalborjt.com\/en\/wp-json\/wp\/v2\/product_cat?post=45814"},{"taxonomy":"product_tag","embeddable":true,"href":"https:\/\/paragaleriedetalborjt.com\/en\/wp-json\/wp\/v2\/product_tag?post=45814"}],"curies":[{"name":"wp","href":"https:\/\/api.w.org\/{rel}","templated":true}]}}