{"id":45757,"date":"2026-01-03T23:53:52","date_gmt":"2026-01-03T22:53:52","guid":{"rendered":"https:\/\/paragaleriedetalborjt.com\/?post_type=product&#038;p=45757"},"modified":"2026-01-03T23:53:53","modified_gmt":"2026-01-03T22:53:53","slug":"manix-skyn-king-size-10-pieces","status":"publish","type":"product","link":"https:\/\/paragaleriedetalborjt.com\/en\/boutique\/manix-skyn-king-size-10-pieces\/","title":{"rendered":"MANIX Skyn King Size \u2013 10 pi\u00e8ces"},"content":{"rendered":"<div aria-labelledby=\"tab-title-description\" class=\"woocommerce-Tabs-panel woocommerce-Tabs-panel--description panel entry-content wc-tab\" id=\"tab-description\" role=\"tabpanel\" style=\"\">\n<h2>Description<\/h2>\n<p>Le 1er pr\u00e9servatif grande taille en polyisopr\u00e8ne.<\/p>\n<p>Pour ceux qui souhaitent profiter des avantages de SKYN\u00ae ORIGINAL mais en grande taille.<br \/>\nSensation ultime* : due \u00e0 sa formulation unique, SKYN\u00ae restitue un effet \u00ab seconde peau \u00bb<br \/>\nSouplesse* : plus confortable, SKYN\u00ae \u00e9pouse mieux l\u2019anatomie<br \/>\nSimplicit\u00e9* : SKYN\u00ae est plus facile \u00e0 d\u00e9rouler<br \/>\nSurface extr\u00eamement douce*<br \/>\nS\u00e9curit\u00e9 maximale* : \u00e9gale la r\u00e9sistance des pr\u00e9servatifs en latex d\u2019\u00e9paisseur standard.<br \/>\nSans latex<br \/>\n* Prouv\u00e9 par une \u00e9tude<\/p>\n<p>Test\u00e9 \u00e9lectroniquement \u00e0 100%, il affiche les normes les plus exigeantes pour votre s\u00e9r\u00e9nit\u00e9.<br \/>\nLubrifi\u00e9 avec r\u00e9servoir<br \/>\nLargeur nominale : 56 mm<\/p>\n<\/div>","protected":false},"excerpt":{"rendered":"<p>Highlights:Le 1er pr\u00e9servatif grande taille en polyisopr\u00e8ne.Pour ceux qui souhaitent profiter des avantages de SKYN\u00ae ORIGINAL mais en grande taille.<\/p>","protected":false},"featured_media":45758,"comment_status":"open","ping_status":"closed","template":"","meta":[],"pwb-brand":[1630],"product_cat":[16],"product_tag":[],"class_list":{"0":"post-45757","1":"product","2":"type-product","3":"status-publish","4":"has-post-thumbnail","6":"pwb-brand-manix","7":"product_cat-non-classe","8":"pa_brands-manix","10":"first","11":"instock","12":"sale","13":"shipping-taxable","14":"purchasable","15":"product-type-simple"},"yoast_head":"<!-- This site is optimized with the Yoast SEO plugin v26.9 - https:\/\/yoast.com\/product\/yoast-seo-wordpress\/ -->\n<title>MANIX Skyn King Size \u2013 10 pi\u00e8ces - paragaleriedetalborjt<\/title>\n<meta name=\"robots\" content=\"index, follow, max-snippet:-1, max-image-preview:large, max-video-preview:-1\" \/>\n<link rel=\"canonical\" href=\"https:\/\/paragaleriedetalborjt.com\/en\/boutique\/manix-skyn-king-size-10-pieces\/\" \/>\n<meta property=\"og:locale\" content=\"en_US\" \/>\n<meta property=\"og:type\" content=\"article\" \/>\n<meta property=\"og:title\" content=\"MANIX Skyn King Size \u2013 10 pi\u00e8ces - paragaleriedetalborjt\" \/>\n<meta property=\"og:description\" content=\"Highlights:Le 1er pr\u00e9servatif grande taille en polyisopr\u00e8ne.Pour ceux qui souhaitent profiter des avantages de SKYN\u00ae ORIGINAL mais en grande taille.\" \/>\n<meta property=\"og:url\" content=\"https:\/\/paragaleriedetalborjt.com\/en\/boutique\/manix-skyn-king-size-10-pieces\/\" \/>\n<meta property=\"og:site_name\" content=\"paragaleriedetalborjt\" \/>\n<meta property=\"article:modified_time\" content=\"2026-01-03T22:53:53+00:00\" \/>\n<meta property=\"og:image\" content=\"https:\/\/paragaleriedetalborjt.com\/wp-content\/uploads\/2026\/01\/manix-king-size-boitede10.png\" \/>\n\t<meta property=\"og:image:width\" content=\"595\" \/>\n\t<meta property=\"og:image:height\" content=\"655\" \/>\n\t<meta property=\"og:image:type\" content=\"image\/png\" \/>\n<meta name=\"twitter:card\" content=\"summary_large_image\" \/>\n<script type=\"application\/ld+json\" class=\"yoast-schema-graph\">{\"@context\":\"https:\/\/schema.org\",\"@graph\":[{\"@type\":\"WebPage\",\"@id\":\"https:\/\/paragaleriedetalborjt.com\/boutique\/manix-skyn-king-size-10-pieces\/\",\"url\":\"https:\/\/paragaleriedetalborjt.com\/boutique\/manix-skyn-king-size-10-pieces\/\",\"name\":\"MANIX Skyn King Size \u2013 10 pi\u00e8ces - paragaleriedetalborjt\",\"isPartOf\":{\"@id\":\"https:\/\/paragaleriedetalborjt.com\/#website\"},\"primaryImageOfPage\":{\"@id\":\"https:\/\/paragaleriedetalborjt.com\/boutique\/manix-skyn-king-size-10-pieces\/#primaryimage\"},\"image\":{\"@id\":\"https:\/\/paragaleriedetalborjt.com\/boutique\/manix-skyn-king-size-10-pieces\/#primaryimage\"},\"thumbnailUrl\":\"https:\/\/paragaleriedetalborjt.com\/wp-content\/uploads\/2026\/01\/manix-king-size-boitede10.png\",\"datePublished\":\"2026-01-03T22:53:52+00:00\",\"dateModified\":\"2026-01-03T22:53:53+00:00\",\"breadcrumb\":{\"@id\":\"https:\/\/paragaleriedetalborjt.com\/boutique\/manix-skyn-king-size-10-pieces\/#breadcrumb\"},\"inLanguage\":\"en-US\",\"potentialAction\":[{\"@type\":\"ReadAction\",\"target\":[\"https:\/\/paragaleriedetalborjt.com\/boutique\/manix-skyn-king-size-10-pieces\/\"]}]},{\"@type\":\"ImageObject\",\"inLanguage\":\"en-US\",\"@id\":\"https:\/\/paragaleriedetalborjt.com\/boutique\/manix-skyn-king-size-10-pieces\/#primaryimage\",\"url\":\"https:\/\/paragaleriedetalborjt.com\/wp-content\/uploads\/2026\/01\/manix-king-size-boitede10.png\",\"contentUrl\":\"https:\/\/paragaleriedetalborjt.com\/wp-content\/uploads\/2026\/01\/manix-king-size-boitede10.png\",\"width\":595,\"height\":655},{\"@type\":\"BreadcrumbList\",\"@id\":\"https:\/\/paragaleriedetalborjt.com\/boutique\/manix-skyn-king-size-10-pieces\/#breadcrumb\",\"itemListElement\":[{\"@type\":\"ListItem\",\"position\":1,\"name\":\"Accueil\",\"item\":\"https:\/\/paragaleriedetalborjt.com\/\"},{\"@type\":\"ListItem\",\"position\":2,\"name\":\"Boutique\",\"item\":\"https:\/\/paragaleriedetalborjt.com\/boutique\/\"},{\"@type\":\"ListItem\",\"position\":3,\"name\":\"MANIX Skyn King Size \u2013 10 pi\u00e8ces\"}]},{\"@type\":\"WebSite\",\"@id\":\"https:\/\/paragaleriedetalborjt.com\/#website\",\"url\":\"https:\/\/paragaleriedetalborjt.com\/\",\"name\":\"paragaleriedetalborjt\",\"description\":\"\",\"potentialAction\":[{\"@type\":\"SearchAction\",\"target\":{\"@type\":\"EntryPoint\",\"urlTemplate\":\"https:\/\/paragaleriedetalborjt.com\/?s={search_term_string}\"},\"query-input\":{\"@type\":\"PropertyValueSpecification\",\"valueRequired\":true,\"valueName\":\"search_term_string\"}}],\"inLanguage\":\"en-US\"}]}<\/script>\n<!-- \/ Yoast SEO plugin. -->","yoast_head_json":{"title":"MANIX Skyn King Size \u2013 10 pi\u00e8ces - paragaleriedetalborjt","robots":{"index":"index","follow":"follow","max-snippet":"max-snippet:-1","max-image-preview":"max-image-preview:large","max-video-preview":"max-video-preview:-1"},"canonical":"https:\/\/paragaleriedetalborjt.com\/en\/boutique\/manix-skyn-king-size-10-pieces\/","og_locale":"en_US","og_type":"article","og_title":"MANIX Skyn King Size \u2013 10 pi\u00e8ces - paragaleriedetalborjt","og_description":"Highlights:Le 1er pr\u00e9servatif grande taille en polyisopr\u00e8ne.Pour ceux qui souhaitent profiter des avantages de SKYN\u00ae ORIGINAL mais en grande taille.","og_url":"https:\/\/paragaleriedetalborjt.com\/en\/boutique\/manix-skyn-king-size-10-pieces\/","og_site_name":"paragaleriedetalborjt","article_modified_time":"2026-01-03T22:53:53+00:00","og_image":[{"width":595,"height":655,"url":"https:\/\/paragaleriedetalborjt.com\/wp-content\/uploads\/2026\/01\/manix-king-size-boitede10.png","type":"image\/png"}],"twitter_card":"summary_large_image","schema":{"@context":"https:\/\/schema.org","@graph":[{"@type":"WebPage","@id":"https:\/\/paragaleriedetalborjt.com\/boutique\/manix-skyn-king-size-10-pieces\/","url":"https:\/\/paragaleriedetalborjt.com\/boutique\/manix-skyn-king-size-10-pieces\/","name":"MANIX Skyn King Size \u2013 10 pi\u00e8ces - paragaleriedetalborjt","isPartOf":{"@id":"https:\/\/paragaleriedetalborjt.com\/#website"},"primaryImageOfPage":{"@id":"https:\/\/paragaleriedetalborjt.com\/boutique\/manix-skyn-king-size-10-pieces\/#primaryimage"},"image":{"@id":"https:\/\/paragaleriedetalborjt.com\/boutique\/manix-skyn-king-size-10-pieces\/#primaryimage"},"thumbnailUrl":"https:\/\/paragaleriedetalborjt.com\/wp-content\/uploads\/2026\/01\/manix-king-size-boitede10.png","datePublished":"2026-01-03T22:53:52+00:00","dateModified":"2026-01-03T22:53:53+00:00","breadcrumb":{"@id":"https:\/\/paragaleriedetalborjt.com\/boutique\/manix-skyn-king-size-10-pieces\/#breadcrumb"},"inLanguage":"en-US","potentialAction":[{"@type":"ReadAction","target":["https:\/\/paragaleriedetalborjt.com\/boutique\/manix-skyn-king-size-10-pieces\/"]}]},{"@type":"ImageObject","inLanguage":"en-US","@id":"https:\/\/paragaleriedetalborjt.com\/boutique\/manix-skyn-king-size-10-pieces\/#primaryimage","url":"https:\/\/paragaleriedetalborjt.com\/wp-content\/uploads\/2026\/01\/manix-king-size-boitede10.png","contentUrl":"https:\/\/paragaleriedetalborjt.com\/wp-content\/uploads\/2026\/01\/manix-king-size-boitede10.png","width":595,"height":655},{"@type":"BreadcrumbList","@id":"https:\/\/paragaleriedetalborjt.com\/boutique\/manix-skyn-king-size-10-pieces\/#breadcrumb","itemListElement":[{"@type":"ListItem","position":1,"name":"Accueil","item":"https:\/\/paragaleriedetalborjt.com\/"},{"@type":"ListItem","position":2,"name":"Boutique","item":"https:\/\/paragaleriedetalborjt.com\/boutique\/"},{"@type":"ListItem","position":3,"name":"MANIX Skyn King Size \u2013 10 pi\u00e8ces"}]},{"@type":"WebSite","@id":"https:\/\/paragaleriedetalborjt.com\/#website","url":"https:\/\/paragaleriedetalborjt.com\/","name":"paragaleriedetalborjt","description":"","potentialAction":[{"@type":"SearchAction","target":{"@type":"EntryPoint","urlTemplate":"https:\/\/paragaleriedetalborjt.com\/?s={search_term_string}"},"query-input":{"@type":"PropertyValueSpecification","valueRequired":true,"valueName":"search_term_string"}}],"inLanguage":"en-US"}]}},"brands":[{"id":1630,"name":"MANIX","slug":"manix"}],"_links":{"self":[{"href":"https:\/\/paragaleriedetalborjt.com\/en\/wp-json\/wp\/v2\/product\/45757","targetHints":{"allow":["GET"]}}],"collection":[{"href":"https:\/\/paragaleriedetalborjt.com\/en\/wp-json\/wp\/v2\/product"}],"about":[{"href":"https:\/\/paragaleriedetalborjt.com\/en\/wp-json\/wp\/v2\/types\/product"}],"replies":[{"embeddable":true,"href":"https:\/\/paragaleriedetalborjt.com\/en\/wp-json\/wp\/v2\/comments?post=45757"}],"version-history":[{"count":1,"href":"https:\/\/paragaleriedetalborjt.com\/en\/wp-json\/wp\/v2\/product\/45757\/revisions"}],"predecessor-version":[{"id":45759,"href":"https:\/\/paragaleriedetalborjt.com\/en\/wp-json\/wp\/v2\/product\/45757\/revisions\/45759"}],"wp:featuredmedia":[{"embeddable":true,"href":"https:\/\/paragaleriedetalborjt.com\/en\/wp-json\/wp\/v2\/media\/45758"}],"wp:attachment":[{"href":"https:\/\/paragaleriedetalborjt.com\/en\/wp-json\/wp\/v2\/media?parent=45757"}],"wp:term":[{"taxonomy":"pwb-brand","embeddable":true,"href":"https:\/\/paragaleriedetalborjt.com\/en\/wp-json\/wp\/v2\/pwb-brand?post=45757"},{"taxonomy":"product_cat","embeddable":true,"href":"https:\/\/paragaleriedetalborjt.com\/en\/wp-json\/wp\/v2\/product_cat?post=45757"},{"taxonomy":"product_tag","embeddable":true,"href":"https:\/\/paragaleriedetalborjt.com\/en\/wp-json\/wp\/v2\/product_tag?post=45757"}],"curies":[{"name":"wp","href":"https:\/\/api.w.org\/{rel}","templated":true}]}}