{"id":45701,"date":"2026-01-03T23:51:37","date_gmt":"2026-01-03T22:51:37","guid":{"rendered":"https:\/\/paragaleriedetalborjt.com\/?post_type=product&#038;p=45701"},"modified":"2026-01-03T23:51:38","modified_gmt":"2026-01-03T22:51:38","slug":"brosse-a-cheveux-spider-classic-vert-m-i-love-my-hair-1501","status":"publish","type":"product","link":"https:\/\/paragaleriedetalborjt.com\/en\/boutique\/brosse-a-cheveux-spider-classic-vert-m-i-love-my-hair-1501\/","title":{"rendered":"Brosse a Cheveux Spider Classic Vert \u2013 M \u2013 I Love My Hair 1501"},"content":{"rendered":"<div aria-labelledby=\"tab-title-description\" class=\"woocommerce-Tabs-panel woocommerce-Tabs-panel--description panel entry-content wc-tab\" id=\"tab-description\" role=\"tabpanel\" style=\"\">\n<h2>Description<\/h2>\n<p>Brosser les cheveux les plus emm\u00eal\u00e9s, raides ou boucl\u00e9s, d\u2019enfant ou d\u2019adulte, secs ou mouill\u00e9s, ns ou \u00e9pais sans douleur et sans larme, avec un effet de massage incroyable ?<\/p>\n<p>Pas de probl\u00e8me avec la collection des brosses \u00ab Spider Classic \u00bb ! \u00ab Spider Classic \u00bb est une brosse unique pour le brossage quotidien.<\/p>\n<p>Chaque touffe de poils \u00ab Spider Classic \u00bb est dot\u00e9e d\u2019une paire de picots en nylon de diff\u00e9rentes longueurs, sp\u00e9cialement s\u00e9lectionn\u00e9s et ultra-exibles, qui d\u00e9m\u00ealent parfaitement les cheveux et cr\u00e9ent un effet massant stimulant la circulation sanguine et favorisant la pousse des cheveux. Les brosses sont id\u00e9ales pour tous types de cheveux, y compris les extensions.<\/p>\n<p>Les couleurs vives ravissent les enfants et les adultes, en leur permettant de collectionner leurs brosses \u00e0 cheveux pr\u00e9f\u00e9r\u00e9es ! Le mod\u00e8le est recommand\u00e9 pour un usage professionnel. Pour les cheveux mouill\u00e9s apr\u00e8s toutes sortes de techniques complexes de coloration. Lors du s\u00e9chage des cheveux pour cr\u00e9er du volume sur les racines. Pour les cheveux secs apr\u00e8s le cr\u00eapage, l\u2019utilisation de produits coiffants, m\u00eame en ayant des m\u00e8ches rajout\u00e9es, des cheveux postiches et des extensions de cheveux.<\/p>\n<\/div>","protected":false},"excerpt":{"rendered":"<p>Highlights:I Love My Hair Brosse d\u00e9m\u00ealante pour tous types de cheveux Cheveux secs ou mouill\u00e9s S\u00e9rie Spider<\/p>","protected":false},"featured_media":45702,"comment_status":"open","ping_status":"closed","template":"","meta":[],"pwb-brand":[2266],"product_cat":[16],"product_tag":[],"class_list":{"0":"post-45701","1":"product","2":"type-product","3":"status-publish","4":"has-post-thumbnail","6":"pwb-brand-i-love-my-haire","7":"product_cat-non-classe","8":"pa_brands-i-love-my-haire","10":"first","11":"instock","12":"sale","13":"shipping-taxable","14":"purchasable","15":"product-type-simple"},"yoast_head":"<!-- This site is optimized with the Yoast SEO plugin v27.5 - https:\/\/yoast.com\/product\/yoast-seo-wordpress\/ -->\n<title>Brosse a Cheveux Spider Classic Vert \u2013 M \u2013 I Love My Hair 1501 - paragaleriedetalborjt<\/title>\n<meta name=\"robots\" content=\"index, follow, max-snippet:-1, max-image-preview:large, max-video-preview:-1\" \/>\n<link rel=\"canonical\" href=\"https:\/\/paragaleriedetalborjt.com\/en\/boutique\/brosse-a-cheveux-spider-classic-vert-m-i-love-my-hair-1501\/\" \/>\n<meta property=\"og:locale\" content=\"en_US\" \/>\n<meta property=\"og:type\" content=\"article\" \/>\n<meta property=\"og:title\" content=\"Brosse a Cheveux Spider Classic Vert \u2013 M \u2013 I Love My Hair 1501 - paragaleriedetalborjt\" \/>\n<meta property=\"og:description\" content=\"Highlights:I Love My Hair Brosse d\u00e9m\u00ealante pour tous types de cheveux Cheveux secs ou mouill\u00e9s S\u00e9rie Spider\" \/>\n<meta property=\"og:url\" content=\"https:\/\/paragaleriedetalborjt.com\/en\/boutique\/brosse-a-cheveux-spider-classic-vert-m-i-love-my-hair-1501\/\" \/>\n<meta property=\"og:site_name\" content=\"paragaleriedetalborjt\" \/>\n<meta property=\"article:modified_time\" content=\"2026-01-03T22:51:38+00:00\" \/>\n<meta property=\"og:image\" content=\"https:\/\/paragaleriedetalborjt.com\/wp-content\/uploads\/2026\/01\/Brosse-a-Cheveux-Spider-Classic-Vert-S-I-Love-My-Hair-1503-600x600-1.jpg\" \/>\n\t<meta property=\"og:image:width\" content=\"600\" \/>\n\t<meta property=\"og:image:height\" content=\"600\" \/>\n\t<meta property=\"og:image:type\" content=\"image\/jpeg\" \/>\n<meta name=\"twitter:card\" content=\"summary_large_image\" \/>\n<meta name=\"twitter:label1\" content=\"Est. reading time\" \/>\n\t<meta name=\"twitter:data1\" content=\"1 minute\" \/>\n<script type=\"application\/ld+json\" class=\"yoast-schema-graph\">{\"@context\":\"https:\\\/\\\/schema.org\",\"@graph\":[{\"@type\":\"WebPage\",\"@id\":\"https:\\\/\\\/paragaleriedetalborjt.com\\\/boutique\\\/brosse-a-cheveux-spider-classic-vert-m-i-love-my-hair-1501\\\/\",\"url\":\"https:\\\/\\\/paragaleriedetalborjt.com\\\/boutique\\\/brosse-a-cheveux-spider-classic-vert-m-i-love-my-hair-1501\\\/\",\"name\":\"Brosse a Cheveux Spider Classic Vert \u2013 M \u2013 I Love My Hair 1501 - paragaleriedetalborjt\",\"isPartOf\":{\"@id\":\"https:\\\/\\\/paragaleriedetalborjt.com\\\/#website\"},\"primaryImageOfPage\":{\"@id\":\"https:\\\/\\\/paragaleriedetalborjt.com\\\/boutique\\\/brosse-a-cheveux-spider-classic-vert-m-i-love-my-hair-1501\\\/#primaryimage\"},\"image\":{\"@id\":\"https:\\\/\\\/paragaleriedetalborjt.com\\\/boutique\\\/brosse-a-cheveux-spider-classic-vert-m-i-love-my-hair-1501\\\/#primaryimage\"},\"thumbnailUrl\":\"https:\\\/\\\/paragaleriedetalborjt.com\\\/wp-content\\\/uploads\\\/2026\\\/01\\\/Brosse-a-Cheveux-Spider-Classic-Vert-S-I-Love-My-Hair-1503-600x600-1.jpg\",\"datePublished\":\"2026-01-03T22:51:37+00:00\",\"dateModified\":\"2026-01-03T22:51:38+00:00\",\"breadcrumb\":{\"@id\":\"https:\\\/\\\/paragaleriedetalborjt.com\\\/boutique\\\/brosse-a-cheveux-spider-classic-vert-m-i-love-my-hair-1501\\\/#breadcrumb\"},\"inLanguage\":\"en-US\",\"potentialAction\":[{\"@type\":\"ReadAction\",\"target\":[\"https:\\\/\\\/paragaleriedetalborjt.com\\\/boutique\\\/brosse-a-cheveux-spider-classic-vert-m-i-love-my-hair-1501\\\/\"]}]},{\"@type\":\"ImageObject\",\"inLanguage\":\"en-US\",\"@id\":\"https:\\\/\\\/paragaleriedetalborjt.com\\\/boutique\\\/brosse-a-cheveux-spider-classic-vert-m-i-love-my-hair-1501\\\/#primaryimage\",\"url\":\"https:\\\/\\\/paragaleriedetalborjt.com\\\/wp-content\\\/uploads\\\/2026\\\/01\\\/Brosse-a-Cheveux-Spider-Classic-Vert-S-I-Love-My-Hair-1503-600x600-1.jpg\",\"contentUrl\":\"https:\\\/\\\/paragaleriedetalborjt.com\\\/wp-content\\\/uploads\\\/2026\\\/01\\\/Brosse-a-Cheveux-Spider-Classic-Vert-S-I-Love-My-Hair-1503-600x600-1.jpg\",\"width\":600,\"height\":600},{\"@type\":\"BreadcrumbList\",\"@id\":\"https:\\\/\\\/paragaleriedetalborjt.com\\\/boutique\\\/brosse-a-cheveux-spider-classic-vert-m-i-love-my-hair-1501\\\/#breadcrumb\",\"itemListElement\":[{\"@type\":\"ListItem\",\"position\":1,\"name\":\"Accueil\",\"item\":\"https:\\\/\\\/paragaleriedetalborjt.com\\\/\"},{\"@type\":\"ListItem\",\"position\":2,\"name\":\"Boutique\",\"item\":\"https:\\\/\\\/paragaleriedetalborjt.com\\\/boutique\\\/\"},{\"@type\":\"ListItem\",\"position\":3,\"name\":\"Brosse a Cheveux Spider Classic Vert \u2013 M \u2013 I Love My Hair 1501\"}]},{\"@type\":\"WebSite\",\"@id\":\"https:\\\/\\\/paragaleriedetalborjt.com\\\/#website\",\"url\":\"https:\\\/\\\/paragaleriedetalborjt.com\\\/\",\"name\":\"paragaleriedetalborjt\",\"description\":\"\",\"potentialAction\":[{\"@type\":\"SearchAction\",\"target\":{\"@type\":\"EntryPoint\",\"urlTemplate\":\"https:\\\/\\\/paragaleriedetalborjt.com\\\/?s={search_term_string}\"},\"query-input\":{\"@type\":\"PropertyValueSpecification\",\"valueRequired\":true,\"valueName\":\"search_term_string\"}}],\"inLanguage\":\"en-US\"}]}<\/script>\n<!-- \/ Yoast SEO plugin. -->","yoast_head_json":{"title":"Brosse a Cheveux Spider Classic Vert \u2013 M \u2013 I Love My Hair 1501 - paragaleriedetalborjt","robots":{"index":"index","follow":"follow","max-snippet":"max-snippet:-1","max-image-preview":"max-image-preview:large","max-video-preview":"max-video-preview:-1"},"canonical":"https:\/\/paragaleriedetalborjt.com\/en\/boutique\/brosse-a-cheveux-spider-classic-vert-m-i-love-my-hair-1501\/","og_locale":"en_US","og_type":"article","og_title":"Brosse a Cheveux Spider Classic Vert \u2013 M \u2013 I Love My Hair 1501 - paragaleriedetalborjt","og_description":"Highlights:I Love My Hair Brosse d\u00e9m\u00ealante pour tous types de cheveux Cheveux secs ou mouill\u00e9s S\u00e9rie Spider","og_url":"https:\/\/paragaleriedetalborjt.com\/en\/boutique\/brosse-a-cheveux-spider-classic-vert-m-i-love-my-hair-1501\/","og_site_name":"paragaleriedetalborjt","article_modified_time":"2026-01-03T22:51:38+00:00","og_image":[{"width":600,"height":600,"url":"https:\/\/paragaleriedetalborjt.com\/wp-content\/uploads\/2026\/01\/Brosse-a-Cheveux-Spider-Classic-Vert-S-I-Love-My-Hair-1503-600x600-1.jpg","type":"image\/jpeg"}],"twitter_card":"summary_large_image","twitter_misc":{"Est. reading time":"1 minute"},"schema":{"@context":"https:\/\/schema.org","@graph":[{"@type":"WebPage","@id":"https:\/\/paragaleriedetalborjt.com\/boutique\/brosse-a-cheveux-spider-classic-vert-m-i-love-my-hair-1501\/","url":"https:\/\/paragaleriedetalborjt.com\/boutique\/brosse-a-cheveux-spider-classic-vert-m-i-love-my-hair-1501\/","name":"Brosse a Cheveux Spider Classic Vert \u2013 M \u2013 I Love My Hair 1501 - paragaleriedetalborjt","isPartOf":{"@id":"https:\/\/paragaleriedetalborjt.com\/#website"},"primaryImageOfPage":{"@id":"https:\/\/paragaleriedetalborjt.com\/boutique\/brosse-a-cheveux-spider-classic-vert-m-i-love-my-hair-1501\/#primaryimage"},"image":{"@id":"https:\/\/paragaleriedetalborjt.com\/boutique\/brosse-a-cheveux-spider-classic-vert-m-i-love-my-hair-1501\/#primaryimage"},"thumbnailUrl":"https:\/\/paragaleriedetalborjt.com\/wp-content\/uploads\/2026\/01\/Brosse-a-Cheveux-Spider-Classic-Vert-S-I-Love-My-Hair-1503-600x600-1.jpg","datePublished":"2026-01-03T22:51:37+00:00","dateModified":"2026-01-03T22:51:38+00:00","breadcrumb":{"@id":"https:\/\/paragaleriedetalborjt.com\/boutique\/brosse-a-cheveux-spider-classic-vert-m-i-love-my-hair-1501\/#breadcrumb"},"inLanguage":"en-US","potentialAction":[{"@type":"ReadAction","target":["https:\/\/paragaleriedetalborjt.com\/boutique\/brosse-a-cheveux-spider-classic-vert-m-i-love-my-hair-1501\/"]}]},{"@type":"ImageObject","inLanguage":"en-US","@id":"https:\/\/paragaleriedetalborjt.com\/boutique\/brosse-a-cheveux-spider-classic-vert-m-i-love-my-hair-1501\/#primaryimage","url":"https:\/\/paragaleriedetalborjt.com\/wp-content\/uploads\/2026\/01\/Brosse-a-Cheveux-Spider-Classic-Vert-S-I-Love-My-Hair-1503-600x600-1.jpg","contentUrl":"https:\/\/paragaleriedetalborjt.com\/wp-content\/uploads\/2026\/01\/Brosse-a-Cheveux-Spider-Classic-Vert-S-I-Love-My-Hair-1503-600x600-1.jpg","width":600,"height":600},{"@type":"BreadcrumbList","@id":"https:\/\/paragaleriedetalborjt.com\/boutique\/brosse-a-cheveux-spider-classic-vert-m-i-love-my-hair-1501\/#breadcrumb","itemListElement":[{"@type":"ListItem","position":1,"name":"Accueil","item":"https:\/\/paragaleriedetalborjt.com\/"},{"@type":"ListItem","position":2,"name":"Boutique","item":"https:\/\/paragaleriedetalborjt.com\/boutique\/"},{"@type":"ListItem","position":3,"name":"Brosse a Cheveux Spider Classic Vert \u2013 M \u2013 I Love My Hair 1501"}]},{"@type":"WebSite","@id":"https:\/\/paragaleriedetalborjt.com\/#website","url":"https:\/\/paragaleriedetalborjt.com\/","name":"paragaleriedetalborjt","description":"","potentialAction":[{"@type":"SearchAction","target":{"@type":"EntryPoint","urlTemplate":"https:\/\/paragaleriedetalborjt.com\/?s={search_term_string}"},"query-input":{"@type":"PropertyValueSpecification","valueRequired":true,"valueName":"search_term_string"}}],"inLanguage":"en-US"}]}},"brands":[{"id":2266,"name":"I LOVE MY HAIRE","slug":"i-love-my-haire"}],"_links":{"self":[{"href":"https:\/\/paragaleriedetalborjt.com\/en\/wp-json\/wp\/v2\/product\/45701","targetHints":{"allow":["GET"]}}],"collection":[{"href":"https:\/\/paragaleriedetalborjt.com\/en\/wp-json\/wp\/v2\/product"}],"about":[{"href":"https:\/\/paragaleriedetalborjt.com\/en\/wp-json\/wp\/v2\/types\/product"}],"replies":[{"embeddable":true,"href":"https:\/\/paragaleriedetalborjt.com\/en\/wp-json\/wp\/v2\/comments?post=45701"}],"version-history":[{"count":1,"href":"https:\/\/paragaleriedetalborjt.com\/en\/wp-json\/wp\/v2\/product\/45701\/revisions"}],"predecessor-version":[{"id":45703,"href":"https:\/\/paragaleriedetalborjt.com\/en\/wp-json\/wp\/v2\/product\/45701\/revisions\/45703"}],"wp:featuredmedia":[{"embeddable":true,"href":"https:\/\/paragaleriedetalborjt.com\/en\/wp-json\/wp\/v2\/media\/45702"}],"wp:attachment":[{"href":"https:\/\/paragaleriedetalborjt.com\/en\/wp-json\/wp\/v2\/media?parent=45701"}],"wp:term":[{"taxonomy":"pwb-brand","embeddable":true,"href":"https:\/\/paragaleriedetalborjt.com\/en\/wp-json\/wp\/v2\/pwb-brand?post=45701"},{"taxonomy":"product_cat","embeddable":true,"href":"https:\/\/paragaleriedetalborjt.com\/en\/wp-json\/wp\/v2\/product_cat?post=45701"},{"taxonomy":"product_tag","embeddable":true,"href":"https:\/\/paragaleriedetalborjt.com\/en\/wp-json\/wp\/v2\/product_tag?post=45701"}],"curies":[{"name":"wp","href":"https:\/\/api.w.org\/{rel}","templated":true}]}}