{"id":45510,"date":"2026-01-03T23:44:28","date_gmt":"2026-01-03T22:44:28","guid":{"rendered":"https:\/\/paragaleriedetalborjt.com\/?post_type=product&#038;p=45510"},"modified":"2026-01-03T23:44:28","modified_gmt":"2026-01-03T22:44:28","slug":"royer-savon-saponifie-a-froid-a-la-bave-descargot-100g","status":"publish","type":"product","link":"https:\/\/paragaleriedetalborjt.com\/en\/boutique\/royer-savon-saponifie-a-froid-a-la-bave-descargot-100g\/","title":{"rendered":"Royer Savon Saponifi\u00e9 \u00e0 froid \u00e0 la bave d\u2019escargot 100g"},"content":{"rendered":"<div aria-labelledby=\"tab-title-description\" class=\"woocommerce-Tabs-panel woocommerce-Tabs-panel--description panel entry-content wc-tab\" id=\"tab-description\" role=\"tabpanel\" style=\"\">\n<h2>Description<\/h2>\n<p>Nouveau savon saponifi\u00e9 \u00e0 froid, un soin doux pour la peau. La saponification \u00e0 froid est une m\u00e9thode qui permet de fabriquer du savon sans avoir \u00e0 \u201ccuire\u201d la pr\u00e9paration. Cela permet de mieux conserver la qualit\u00e9 des mati\u00e8res premi\u00e8res et ainsi pr\u00e9server les bienfaits des huiles et des beurres v\u00e9g\u00e9taux.<\/p>\n<p>Id\u00e9al pour toute la famille, doux r\u00e9parateur et protecteur. Offre un nettoyage complet en respectant le film hydrolipidique.<\/p>\n<p><strong>Conseils d\u2019utilisation :<\/strong><br \/>\nFaire mousser le savon \u00e0 la bave d\u2019escargot dans les mains ou avec une \u00e9ponge naturelle. Appliquer sur l\u2019ensemble du corps et du visage. Id\u00e9al avant un soin du corps.<\/p>\n<p>Le savon RoyeR est \u00e0 utiliser dans votre routine quotidienne, matin et soir, pour le corps et le visage. Doux, il peut \u00eatre utilis\u00e9 pour toute la famille !<\/p>\n<p>Pour am\u00e9liorer la dur\u00e9e de vie du savon, conservez-le dans un endroit sec et frais, et \u00e0 l\u2019abri de la lumi\u00e8re.<\/p>\n<\/div>","protected":false},"excerpt":{"rendered":"<p>Highlights:Id\u00e9al pour toute la famille, doux r\u00e9parateur et protecteur. Offre un nettoyage complet en respectant le film hydrolipidique.<\/p>","protected":false},"featured_media":45511,"comment_status":"open","ping_status":"closed","template":"","meta":[],"pwb-brand":[2259],"product_cat":[16],"product_tag":[],"class_list":{"0":"post-45510","1":"product","2":"type-product","3":"status-publish","4":"has-post-thumbnail","6":"pwb-brand-royer","7":"product_cat-non-classe","8":"pa_brands-royer","10":"first","11":"instock","12":"sale","13":"shipping-taxable","14":"purchasable","15":"product-type-simple"},"yoast_head":"<!-- This site is optimized with the Yoast SEO plugin v27.5 - https:\/\/yoast.com\/product\/yoast-seo-wordpress\/ -->\n<title>Royer Savon Saponifi\u00e9 \u00e0 froid \u00e0 la bave d\u2019escargot 100g - paragaleriedetalborjt<\/title>\n<meta name=\"robots\" content=\"index, follow, max-snippet:-1, max-image-preview:large, max-video-preview:-1\" \/>\n<link rel=\"canonical\" href=\"https:\/\/paragaleriedetalborjt.com\/en\/boutique\/royer-savon-saponifie-a-froid-a-la-bave-descargot-100g\/\" \/>\n<meta property=\"og:locale\" content=\"en_US\" \/>\n<meta property=\"og:type\" content=\"article\" \/>\n<meta property=\"og:title\" content=\"Royer Savon Saponifi\u00e9 \u00e0 froid \u00e0 la bave d\u2019escargot 100g - paragaleriedetalborjt\" \/>\n<meta property=\"og:description\" content=\"Highlights:Id\u00e9al pour toute la famille, doux r\u00e9parateur et protecteur. Offre un nettoyage complet en respectant le film hydrolipidique.\" \/>\n<meta property=\"og:url\" content=\"https:\/\/paragaleriedetalborjt.com\/en\/boutique\/royer-savon-saponifie-a-froid-a-la-bave-descargot-100g\/\" \/>\n<meta property=\"og:site_name\" content=\"paragaleriedetalborjt\" \/>\n<meta property=\"og:image\" content=\"https:\/\/paragaleriedetalborjt.com\/wp-content\/uploads\/2026\/01\/royer-savon-a-la-bave-descargot-bio-fraiche.jpg\" \/>\n\t<meta property=\"og:image:width\" content=\"595\" \/>\n\t<meta property=\"og:image:height\" content=\"655\" \/>\n\t<meta property=\"og:image:type\" content=\"image\/jpeg\" \/>\n<meta name=\"twitter:card\" content=\"summary_large_image\" \/>\n<meta name=\"twitter:label1\" content=\"Est. reading time\" \/>\n\t<meta name=\"twitter:data1\" content=\"1 minute\" \/>\n<script type=\"application\/ld+json\" class=\"yoast-schema-graph\">{\"@context\":\"https:\\\/\\\/schema.org\",\"@graph\":[{\"@type\":\"WebPage\",\"@id\":\"https:\\\/\\\/paragaleriedetalborjt.com\\\/boutique\\\/royer-savon-saponifie-a-froid-a-la-bave-descargot-100g\\\/\",\"url\":\"https:\\\/\\\/paragaleriedetalborjt.com\\\/boutique\\\/royer-savon-saponifie-a-froid-a-la-bave-descargot-100g\\\/\",\"name\":\"Royer Savon Saponifi\u00e9 \u00e0 froid \u00e0 la bave d\u2019escargot 100g - paragaleriedetalborjt\",\"isPartOf\":{\"@id\":\"https:\\\/\\\/paragaleriedetalborjt.com\\\/#website\"},\"primaryImageOfPage\":{\"@id\":\"https:\\\/\\\/paragaleriedetalborjt.com\\\/boutique\\\/royer-savon-saponifie-a-froid-a-la-bave-descargot-100g\\\/#primaryimage\"},\"image\":{\"@id\":\"https:\\\/\\\/paragaleriedetalborjt.com\\\/boutique\\\/royer-savon-saponifie-a-froid-a-la-bave-descargot-100g\\\/#primaryimage\"},\"thumbnailUrl\":\"https:\\\/\\\/paragaleriedetalborjt.com\\\/wp-content\\\/uploads\\\/2026\\\/01\\\/royer-savon-a-la-bave-descargot-bio-fraiche.jpg\",\"datePublished\":\"2026-01-03T22:44:28+00:00\",\"breadcrumb\":{\"@id\":\"https:\\\/\\\/paragaleriedetalborjt.com\\\/boutique\\\/royer-savon-saponifie-a-froid-a-la-bave-descargot-100g\\\/#breadcrumb\"},\"inLanguage\":\"en-US\",\"potentialAction\":[{\"@type\":\"ReadAction\",\"target\":[\"https:\\\/\\\/paragaleriedetalborjt.com\\\/boutique\\\/royer-savon-saponifie-a-froid-a-la-bave-descargot-100g\\\/\"]}]},{\"@type\":\"ImageObject\",\"inLanguage\":\"en-US\",\"@id\":\"https:\\\/\\\/paragaleriedetalborjt.com\\\/boutique\\\/royer-savon-saponifie-a-froid-a-la-bave-descargot-100g\\\/#primaryimage\",\"url\":\"https:\\\/\\\/paragaleriedetalborjt.com\\\/wp-content\\\/uploads\\\/2026\\\/01\\\/royer-savon-a-la-bave-descargot-bio-fraiche.jpg\",\"contentUrl\":\"https:\\\/\\\/paragaleriedetalborjt.com\\\/wp-content\\\/uploads\\\/2026\\\/01\\\/royer-savon-a-la-bave-descargot-bio-fraiche.jpg\",\"width\":595,\"height\":655},{\"@type\":\"BreadcrumbList\",\"@id\":\"https:\\\/\\\/paragaleriedetalborjt.com\\\/boutique\\\/royer-savon-saponifie-a-froid-a-la-bave-descargot-100g\\\/#breadcrumb\",\"itemListElement\":[{\"@type\":\"ListItem\",\"position\":1,\"name\":\"Accueil\",\"item\":\"https:\\\/\\\/paragaleriedetalborjt.com\\\/\"},{\"@type\":\"ListItem\",\"position\":2,\"name\":\"Boutique\",\"item\":\"https:\\\/\\\/paragaleriedetalborjt.com\\\/boutique\\\/\"},{\"@type\":\"ListItem\",\"position\":3,\"name\":\"Royer Savon Saponifi\u00e9 \u00e0 froid \u00e0 la bave d\u2019escargot 100g\"}]},{\"@type\":\"WebSite\",\"@id\":\"https:\\\/\\\/paragaleriedetalborjt.com\\\/#website\",\"url\":\"https:\\\/\\\/paragaleriedetalborjt.com\\\/\",\"name\":\"paragaleriedetalborjt\",\"description\":\"\",\"potentialAction\":[{\"@type\":\"SearchAction\",\"target\":{\"@type\":\"EntryPoint\",\"urlTemplate\":\"https:\\\/\\\/paragaleriedetalborjt.com\\\/?s={search_term_string}\"},\"query-input\":{\"@type\":\"PropertyValueSpecification\",\"valueRequired\":true,\"valueName\":\"search_term_string\"}}],\"inLanguage\":\"en-US\"}]}<\/script>\n<!-- \/ Yoast SEO plugin. -->","yoast_head_json":{"title":"Royer Savon Saponifi\u00e9 \u00e0 froid \u00e0 la bave d\u2019escargot 100g - paragaleriedetalborjt","robots":{"index":"index","follow":"follow","max-snippet":"max-snippet:-1","max-image-preview":"max-image-preview:large","max-video-preview":"max-video-preview:-1"},"canonical":"https:\/\/paragaleriedetalborjt.com\/en\/boutique\/royer-savon-saponifie-a-froid-a-la-bave-descargot-100g\/","og_locale":"en_US","og_type":"article","og_title":"Royer Savon Saponifi\u00e9 \u00e0 froid \u00e0 la bave d\u2019escargot 100g - paragaleriedetalborjt","og_description":"Highlights:Id\u00e9al pour toute la famille, doux r\u00e9parateur et protecteur. Offre un nettoyage complet en respectant le film hydrolipidique.","og_url":"https:\/\/paragaleriedetalborjt.com\/en\/boutique\/royer-savon-saponifie-a-froid-a-la-bave-descargot-100g\/","og_site_name":"paragaleriedetalborjt","og_image":[{"width":595,"height":655,"url":"https:\/\/paragaleriedetalborjt.com\/wp-content\/uploads\/2026\/01\/royer-savon-a-la-bave-descargot-bio-fraiche.jpg","type":"image\/jpeg"}],"twitter_card":"summary_large_image","twitter_misc":{"Est. reading time":"1 minute"},"schema":{"@context":"https:\/\/schema.org","@graph":[{"@type":"WebPage","@id":"https:\/\/paragaleriedetalborjt.com\/boutique\/royer-savon-saponifie-a-froid-a-la-bave-descargot-100g\/","url":"https:\/\/paragaleriedetalborjt.com\/boutique\/royer-savon-saponifie-a-froid-a-la-bave-descargot-100g\/","name":"Royer Savon Saponifi\u00e9 \u00e0 froid \u00e0 la bave d\u2019escargot 100g - paragaleriedetalborjt","isPartOf":{"@id":"https:\/\/paragaleriedetalborjt.com\/#website"},"primaryImageOfPage":{"@id":"https:\/\/paragaleriedetalborjt.com\/boutique\/royer-savon-saponifie-a-froid-a-la-bave-descargot-100g\/#primaryimage"},"image":{"@id":"https:\/\/paragaleriedetalborjt.com\/boutique\/royer-savon-saponifie-a-froid-a-la-bave-descargot-100g\/#primaryimage"},"thumbnailUrl":"https:\/\/paragaleriedetalborjt.com\/wp-content\/uploads\/2026\/01\/royer-savon-a-la-bave-descargot-bio-fraiche.jpg","datePublished":"2026-01-03T22:44:28+00:00","breadcrumb":{"@id":"https:\/\/paragaleriedetalborjt.com\/boutique\/royer-savon-saponifie-a-froid-a-la-bave-descargot-100g\/#breadcrumb"},"inLanguage":"en-US","potentialAction":[{"@type":"ReadAction","target":["https:\/\/paragaleriedetalborjt.com\/boutique\/royer-savon-saponifie-a-froid-a-la-bave-descargot-100g\/"]}]},{"@type":"ImageObject","inLanguage":"en-US","@id":"https:\/\/paragaleriedetalborjt.com\/boutique\/royer-savon-saponifie-a-froid-a-la-bave-descargot-100g\/#primaryimage","url":"https:\/\/paragaleriedetalborjt.com\/wp-content\/uploads\/2026\/01\/royer-savon-a-la-bave-descargot-bio-fraiche.jpg","contentUrl":"https:\/\/paragaleriedetalborjt.com\/wp-content\/uploads\/2026\/01\/royer-savon-a-la-bave-descargot-bio-fraiche.jpg","width":595,"height":655},{"@type":"BreadcrumbList","@id":"https:\/\/paragaleriedetalborjt.com\/boutique\/royer-savon-saponifie-a-froid-a-la-bave-descargot-100g\/#breadcrumb","itemListElement":[{"@type":"ListItem","position":1,"name":"Accueil","item":"https:\/\/paragaleriedetalborjt.com\/"},{"@type":"ListItem","position":2,"name":"Boutique","item":"https:\/\/paragaleriedetalborjt.com\/boutique\/"},{"@type":"ListItem","position":3,"name":"Royer Savon Saponifi\u00e9 \u00e0 froid \u00e0 la bave d\u2019escargot 100g"}]},{"@type":"WebSite","@id":"https:\/\/paragaleriedetalborjt.com\/#website","url":"https:\/\/paragaleriedetalborjt.com\/","name":"paragaleriedetalborjt","description":"","potentialAction":[{"@type":"SearchAction","target":{"@type":"EntryPoint","urlTemplate":"https:\/\/paragaleriedetalborjt.com\/?s={search_term_string}"},"query-input":{"@type":"PropertyValueSpecification","valueRequired":true,"valueName":"search_term_string"}}],"inLanguage":"en-US"}]}},"brands":[{"id":2259,"name":"ROYER","slug":"royer"}],"_links":{"self":[{"href":"https:\/\/paragaleriedetalborjt.com\/en\/wp-json\/wp\/v2\/product\/45510","targetHints":{"allow":["GET"]}}],"collection":[{"href":"https:\/\/paragaleriedetalborjt.com\/en\/wp-json\/wp\/v2\/product"}],"about":[{"href":"https:\/\/paragaleriedetalborjt.com\/en\/wp-json\/wp\/v2\/types\/product"}],"replies":[{"embeddable":true,"href":"https:\/\/paragaleriedetalborjt.com\/en\/wp-json\/wp\/v2\/comments?post=45510"}],"version-history":[{"count":1,"href":"https:\/\/paragaleriedetalborjt.com\/en\/wp-json\/wp\/v2\/product\/45510\/revisions"}],"predecessor-version":[{"id":45512,"href":"https:\/\/paragaleriedetalborjt.com\/en\/wp-json\/wp\/v2\/product\/45510\/revisions\/45512"}],"wp:featuredmedia":[{"embeddable":true,"href":"https:\/\/paragaleriedetalborjt.com\/en\/wp-json\/wp\/v2\/media\/45511"}],"wp:attachment":[{"href":"https:\/\/paragaleriedetalborjt.com\/en\/wp-json\/wp\/v2\/media?parent=45510"}],"wp:term":[{"taxonomy":"pwb-brand","embeddable":true,"href":"https:\/\/paragaleriedetalborjt.com\/en\/wp-json\/wp\/v2\/pwb-brand?post=45510"},{"taxonomy":"product_cat","embeddable":true,"href":"https:\/\/paragaleriedetalborjt.com\/en\/wp-json\/wp\/v2\/product_cat?post=45510"},{"taxonomy":"product_tag","embeddable":true,"href":"https:\/\/paragaleriedetalborjt.com\/en\/wp-json\/wp\/v2\/product_tag?post=45510"}],"curies":[{"name":"wp","href":"https:\/\/api.w.org\/{rel}","templated":true}]}}