{"id":45495,"date":"2026-01-03T23:43:52","date_gmt":"2026-01-03T22:43:52","guid":{"rendered":"https:\/\/paragaleriedetalborjt.com\/?post_type=product&#038;p=45495"},"modified":"2026-01-03T23:43:52","modified_gmt":"2026-01-03T22:43:52","slug":"manix-ultra-protect-12-pieces","status":"publish","type":"product","link":"https:\/\/paragaleriedetalborjt.com\/en\/boutique\/manix-ultra-protect-12-pieces\/","title":{"rendered":"Manix Ultra Protect \u2013 12 pi\u00e8ces"},"content":{"rendered":"<div aria-labelledby=\"tab-title-description\" class=\"woocommerce-Tabs-panel woocommerce-Tabs-panel--description panel entry-content wc-tab\" id=\"tab-description\" role=\"tabpanel\" style=\"\">\n<h2>Description<\/h2>\n<p>PROTECTION MAXIMUM<br \/>\nSensations naturelles<br \/>\nSon \u00e9paisseur renforc\u00e9e garantit une protection maximum.<br \/>\nManix Ultra Protect\u2019 est un pr\u00e9servatif classique pour un usage dans toutes les situations, m\u00eame les plus extr\u00eames.<br \/>\nTest\u00e9 \u00e9lectroniquement \u00e0 100%, il affiche les normes les plus exigeantes pour votre s\u00e9r\u00e9nit\u00e9.<br \/>\nEpaisseur renforc\u00e9e<br \/>\nSurface lisse<br \/>\nCouleur naturelle<br \/>\nLubrifi\u00e9 avec r\u00e9servoir<br \/>\nLargeur nominale : 53 mm \/ Largeur : 185 mm<\/p>\n<\/div>","protected":false},"excerpt":{"rendered":"<p>Highlights:PROTECTION MAXIMUMSensations naturellesSon \u00e9paisseur renforc\u00e9e garantit une protection maximum.Manix Ultra Protect\u2019 est un pr\u00e9servatif classique pour un usage dans toutes les situations, m\u00eame les plus extr\u00eames.<\/p>","protected":false},"featured_media":45496,"comment_status":"open","ping_status":"closed","template":"","meta":[],"pwb-brand":[1630],"product_cat":[16],"product_tag":[],"class_list":{"0":"post-45495","1":"product","2":"type-product","3":"status-publish","4":"has-post-thumbnail","6":"pwb-brand-manix","7":"product_cat-non-classe","8":"pa_brands-manix","10":"first","11":"instock","12":"sale","13":"shipping-taxable","14":"purchasable","15":"product-type-simple"},"yoast_head":"<!-- This site is optimized with the Yoast SEO plugin v26.9 - https:\/\/yoast.com\/product\/yoast-seo-wordpress\/ -->\n<title>Manix Ultra Protect \u2013 12 pi\u00e8ces - paragaleriedetalborjt<\/title>\n<meta name=\"robots\" content=\"index, follow, max-snippet:-1, max-image-preview:large, max-video-preview:-1\" \/>\n<link rel=\"canonical\" href=\"https:\/\/paragaleriedetalborjt.com\/en\/boutique\/manix-ultra-protect-12-pieces\/\" \/>\n<meta property=\"og:locale\" content=\"en_US\" \/>\n<meta property=\"og:type\" content=\"article\" \/>\n<meta property=\"og:title\" content=\"Manix Ultra Protect \u2013 12 pi\u00e8ces - paragaleriedetalborjt\" \/>\n<meta property=\"og:description\" content=\"Highlights:PROTECTION MAXIMUMSensations naturellesSon \u00e9paisseur renforc\u00e9e garantit une protection maximum.Manix Ultra Protect\u2019 est un pr\u00e9servatif classique pour un usage dans toutes les situations, m\u00eame les plus extr\u00eames.\" \/>\n<meta property=\"og:url\" content=\"https:\/\/paragaleriedetalborjt.com\/en\/boutique\/manix-ultra-protect-12-pieces\/\" \/>\n<meta property=\"og:site_name\" content=\"paragaleriedetalborjt\" \/>\n<meta property=\"og:image\" content=\"https:\/\/paragaleriedetalborjt.com\/wp-content\/uploads\/2026\/01\/Manix-Ultra-Protect-Boite-De-12-600x600-1.jpg\" \/>\n\t<meta property=\"og:image:width\" content=\"600\" \/>\n\t<meta property=\"og:image:height\" content=\"600\" \/>\n\t<meta property=\"og:image:type\" content=\"image\/jpeg\" \/>\n<meta name=\"twitter:card\" content=\"summary_large_image\" \/>\n<script type=\"application\/ld+json\" class=\"yoast-schema-graph\">{\"@context\":\"https:\/\/schema.org\",\"@graph\":[{\"@type\":\"WebPage\",\"@id\":\"https:\/\/paragaleriedetalborjt.com\/boutique\/manix-ultra-protect-12-pieces\/\",\"url\":\"https:\/\/paragaleriedetalborjt.com\/boutique\/manix-ultra-protect-12-pieces\/\",\"name\":\"Manix Ultra Protect \u2013 12 pi\u00e8ces - paragaleriedetalborjt\",\"isPartOf\":{\"@id\":\"https:\/\/paragaleriedetalborjt.com\/#website\"},\"primaryImageOfPage\":{\"@id\":\"https:\/\/paragaleriedetalborjt.com\/boutique\/manix-ultra-protect-12-pieces\/#primaryimage\"},\"image\":{\"@id\":\"https:\/\/paragaleriedetalborjt.com\/boutique\/manix-ultra-protect-12-pieces\/#primaryimage\"},\"thumbnailUrl\":\"https:\/\/paragaleriedetalborjt.com\/wp-content\/uploads\/2026\/01\/Manix-Ultra-Protect-Boite-De-12-600x600-1.jpg\",\"datePublished\":\"2026-01-03T22:43:52+00:00\",\"breadcrumb\":{\"@id\":\"https:\/\/paragaleriedetalborjt.com\/boutique\/manix-ultra-protect-12-pieces\/#breadcrumb\"},\"inLanguage\":\"en-US\",\"potentialAction\":[{\"@type\":\"ReadAction\",\"target\":[\"https:\/\/paragaleriedetalborjt.com\/boutique\/manix-ultra-protect-12-pieces\/\"]}]},{\"@type\":\"ImageObject\",\"inLanguage\":\"en-US\",\"@id\":\"https:\/\/paragaleriedetalborjt.com\/boutique\/manix-ultra-protect-12-pieces\/#primaryimage\",\"url\":\"https:\/\/paragaleriedetalborjt.com\/wp-content\/uploads\/2026\/01\/Manix-Ultra-Protect-Boite-De-12-600x600-1.jpg\",\"contentUrl\":\"https:\/\/paragaleriedetalborjt.com\/wp-content\/uploads\/2026\/01\/Manix-Ultra-Protect-Boite-De-12-600x600-1.jpg\",\"width\":600,\"height\":600},{\"@type\":\"BreadcrumbList\",\"@id\":\"https:\/\/paragaleriedetalborjt.com\/boutique\/manix-ultra-protect-12-pieces\/#breadcrumb\",\"itemListElement\":[{\"@type\":\"ListItem\",\"position\":1,\"name\":\"Accueil\",\"item\":\"https:\/\/paragaleriedetalborjt.com\/\"},{\"@type\":\"ListItem\",\"position\":2,\"name\":\"Boutique\",\"item\":\"https:\/\/paragaleriedetalborjt.com\/boutique\/\"},{\"@type\":\"ListItem\",\"position\":3,\"name\":\"Manix Ultra Protect \u2013 12 pi\u00e8ces\"}]},{\"@type\":\"WebSite\",\"@id\":\"https:\/\/paragaleriedetalborjt.com\/#website\",\"url\":\"https:\/\/paragaleriedetalborjt.com\/\",\"name\":\"paragaleriedetalborjt\",\"description\":\"\",\"potentialAction\":[{\"@type\":\"SearchAction\",\"target\":{\"@type\":\"EntryPoint\",\"urlTemplate\":\"https:\/\/paragaleriedetalborjt.com\/?s={search_term_string}\"},\"query-input\":{\"@type\":\"PropertyValueSpecification\",\"valueRequired\":true,\"valueName\":\"search_term_string\"}}],\"inLanguage\":\"en-US\"}]}<\/script>\n<!-- \/ Yoast SEO plugin. -->","yoast_head_json":{"title":"Manix Ultra Protect \u2013 12 pi\u00e8ces - paragaleriedetalborjt","robots":{"index":"index","follow":"follow","max-snippet":"max-snippet:-1","max-image-preview":"max-image-preview:large","max-video-preview":"max-video-preview:-1"},"canonical":"https:\/\/paragaleriedetalborjt.com\/en\/boutique\/manix-ultra-protect-12-pieces\/","og_locale":"en_US","og_type":"article","og_title":"Manix Ultra Protect \u2013 12 pi\u00e8ces - paragaleriedetalborjt","og_description":"Highlights:PROTECTION MAXIMUMSensations naturellesSon \u00e9paisseur renforc\u00e9e garantit une protection maximum.Manix Ultra Protect\u2019 est un pr\u00e9servatif classique pour un usage dans toutes les situations, m\u00eame les plus extr\u00eames.","og_url":"https:\/\/paragaleriedetalborjt.com\/en\/boutique\/manix-ultra-protect-12-pieces\/","og_site_name":"paragaleriedetalborjt","og_image":[{"width":600,"height":600,"url":"https:\/\/paragaleriedetalborjt.com\/wp-content\/uploads\/2026\/01\/Manix-Ultra-Protect-Boite-De-12-600x600-1.jpg","type":"image\/jpeg"}],"twitter_card":"summary_large_image","schema":{"@context":"https:\/\/schema.org","@graph":[{"@type":"WebPage","@id":"https:\/\/paragaleriedetalborjt.com\/boutique\/manix-ultra-protect-12-pieces\/","url":"https:\/\/paragaleriedetalborjt.com\/boutique\/manix-ultra-protect-12-pieces\/","name":"Manix Ultra Protect \u2013 12 pi\u00e8ces - paragaleriedetalborjt","isPartOf":{"@id":"https:\/\/paragaleriedetalborjt.com\/#website"},"primaryImageOfPage":{"@id":"https:\/\/paragaleriedetalborjt.com\/boutique\/manix-ultra-protect-12-pieces\/#primaryimage"},"image":{"@id":"https:\/\/paragaleriedetalborjt.com\/boutique\/manix-ultra-protect-12-pieces\/#primaryimage"},"thumbnailUrl":"https:\/\/paragaleriedetalborjt.com\/wp-content\/uploads\/2026\/01\/Manix-Ultra-Protect-Boite-De-12-600x600-1.jpg","datePublished":"2026-01-03T22:43:52+00:00","breadcrumb":{"@id":"https:\/\/paragaleriedetalborjt.com\/boutique\/manix-ultra-protect-12-pieces\/#breadcrumb"},"inLanguage":"en-US","potentialAction":[{"@type":"ReadAction","target":["https:\/\/paragaleriedetalborjt.com\/boutique\/manix-ultra-protect-12-pieces\/"]}]},{"@type":"ImageObject","inLanguage":"en-US","@id":"https:\/\/paragaleriedetalborjt.com\/boutique\/manix-ultra-protect-12-pieces\/#primaryimage","url":"https:\/\/paragaleriedetalborjt.com\/wp-content\/uploads\/2026\/01\/Manix-Ultra-Protect-Boite-De-12-600x600-1.jpg","contentUrl":"https:\/\/paragaleriedetalborjt.com\/wp-content\/uploads\/2026\/01\/Manix-Ultra-Protect-Boite-De-12-600x600-1.jpg","width":600,"height":600},{"@type":"BreadcrumbList","@id":"https:\/\/paragaleriedetalborjt.com\/boutique\/manix-ultra-protect-12-pieces\/#breadcrumb","itemListElement":[{"@type":"ListItem","position":1,"name":"Accueil","item":"https:\/\/paragaleriedetalborjt.com\/"},{"@type":"ListItem","position":2,"name":"Boutique","item":"https:\/\/paragaleriedetalborjt.com\/boutique\/"},{"@type":"ListItem","position":3,"name":"Manix Ultra Protect \u2013 12 pi\u00e8ces"}]},{"@type":"WebSite","@id":"https:\/\/paragaleriedetalborjt.com\/#website","url":"https:\/\/paragaleriedetalborjt.com\/","name":"paragaleriedetalborjt","description":"","potentialAction":[{"@type":"SearchAction","target":{"@type":"EntryPoint","urlTemplate":"https:\/\/paragaleriedetalborjt.com\/?s={search_term_string}"},"query-input":{"@type":"PropertyValueSpecification","valueRequired":true,"valueName":"search_term_string"}}],"inLanguage":"en-US"}]}},"brands":[{"id":1630,"name":"MANIX","slug":"manix"}],"_links":{"self":[{"href":"https:\/\/paragaleriedetalborjt.com\/en\/wp-json\/wp\/v2\/product\/45495","targetHints":{"allow":["GET"]}}],"collection":[{"href":"https:\/\/paragaleriedetalborjt.com\/en\/wp-json\/wp\/v2\/product"}],"about":[{"href":"https:\/\/paragaleriedetalborjt.com\/en\/wp-json\/wp\/v2\/types\/product"}],"replies":[{"embeddable":true,"href":"https:\/\/paragaleriedetalborjt.com\/en\/wp-json\/wp\/v2\/comments?post=45495"}],"version-history":[{"count":1,"href":"https:\/\/paragaleriedetalborjt.com\/en\/wp-json\/wp\/v2\/product\/45495\/revisions"}],"predecessor-version":[{"id":45497,"href":"https:\/\/paragaleriedetalborjt.com\/en\/wp-json\/wp\/v2\/product\/45495\/revisions\/45497"}],"wp:featuredmedia":[{"embeddable":true,"href":"https:\/\/paragaleriedetalborjt.com\/en\/wp-json\/wp\/v2\/media\/45496"}],"wp:attachment":[{"href":"https:\/\/paragaleriedetalborjt.com\/en\/wp-json\/wp\/v2\/media?parent=45495"}],"wp:term":[{"taxonomy":"pwb-brand","embeddable":true,"href":"https:\/\/paragaleriedetalborjt.com\/en\/wp-json\/wp\/v2\/pwb-brand?post=45495"},{"taxonomy":"product_cat","embeddable":true,"href":"https:\/\/paragaleriedetalborjt.com\/en\/wp-json\/wp\/v2\/product_cat?post=45495"},{"taxonomy":"product_tag","embeddable":true,"href":"https:\/\/paragaleriedetalborjt.com\/en\/wp-json\/wp\/v2\/product_tag?post=45495"}],"curies":[{"name":"wp","href":"https:\/\/api.w.org\/{rel}","templated":true}]}}