{"id":45356,"date":"2026-01-03T23:38:23","date_gmt":"2026-01-03T22:38:23","guid":{"rendered":"https:\/\/paragaleriedetalborjt.com\/?post_type=product&#038;p=45356"},"modified":"2026-01-03T23:38:23","modified_gmt":"2026-01-03T22:38:23","slug":"doppelherz-aktiv-uricalm-30-comprimes","status":"publish","type":"product","link":"https:\/\/paragaleriedetalborjt.com\/en\/boutique\/doppelherz-aktiv-uricalm-30-comprimes\/","title":{"rendered":"Doppelherz aktiv Uricalm 30 Comprim\u00e9s"},"content":{"rendered":"<div aria-labelledby=\"tab-title-description\" class=\"woocommerce-Tabs-panel woocommerce-Tabs-panel--description panel entry-content wc-tab\" id=\"tab-description\" role=\"tabpanel\" style=\"\">\n<h2>Description<\/h2>\n<div class=\"ce-frame layout-offset-both space-before-default space-after-default\" id=\"c31906001\">\n<div class=\"ce-header\">\n<div>Les infections urinaires sont assez fr\u00e9quentes. Elles sont provoqu\u00e9es par des bact\u00e9ries qui colonisent les voies urinaires et qui d\u00e9clenchent une inflammation.<\/div>\n<div class=\"lead\">Ces infections sont souvent accompagn\u00e9es par des br\u00fblures urinaires, des mictions douloureuses, fr\u00e9quentes et difficiles.<\/div>\n<\/div>\n<\/div>\n<div class=\"ce-frame default space-before-default space-after-default\" id=\"c31906002\">\n<div class=\"ce-text\">\n<div>\n<p><strong>Doppelherz\u00ae aktiv Uricalm<\/strong>\u00a0contient des extraits de plantes reconnues pour leur efficacit\u00e9 contre les infections urinaires r\u00e9currentes et leurs propri\u00e9t\u00e9s anti-oxydantes qui renforcent les d\u00e9fenses cellulaires naturelles.<\/p>\n<p><strong>La cranberry<\/strong>, naturellement riche en vitamine C, contient des flavono\u00efdes connus pour leur action b\u00e9n\u00e9fique contre les infections urinaires. Ces flavono\u00efdes emp\u00eachent l\u2019adh\u00e9sion des bact\u00e9ries responsables des infections sur les parois internes de l\u2019ur\u00e8tre et de la vessie, ce qui favorise leur \u00e9limination avec le flux d\u2018urine.<\/p>\n<p>Le\u00a0<strong>pissenlit<\/strong>\u00a0est connu pour ses qualit\u00e9s d\u00e9puratives et diur\u00e9tiques. En augmentant le d\u00e9bit urinaire, le pissenlit favorise le nettoyage du syst\u00e8me urinaire et l\u2019\u00e9limination des bact\u00e9ries. D\u2019une mani\u00e8re plus g\u00e9n\u00e9rale, il aide \u00e0 d\u00e9toxifier l\u2019organisme et \u00e9liminer plus rapidement les d\u00e9chets m\u00e9taboliques.<\/p>\n<\/div>\n<\/div>\n<\/div>\n<\/div>","protected":false},"excerpt":{"rendered":"<p>Highlights:400 mg Extrait de Cranberry50 mg Poudre de PissenlitConfort urinaire Aide \u00e0 pr\u00e9venir les infections urinaires r\u00e9p\u00e9titives<\/p>","protected":false},"featured_media":45357,"comment_status":"open","ping_status":"closed","template":"","meta":[],"pwb-brand":[1665],"product_cat":[16],"product_tag":[],"class_list":{"0":"post-45356","1":"product","2":"type-product","3":"status-publish","4":"has-post-thumbnail","6":"pwb-brand-doppel-herz","7":"product_cat-non-classe","8":"pa_brands-doppel-herz","10":"first","11":"instock","12":"sale","13":"shipping-taxable","14":"purchasable","15":"product-type-simple"},"yoast_head":"<!-- This site is optimized with the Yoast SEO plugin v27.5 - https:\/\/yoast.com\/product\/yoast-seo-wordpress\/ -->\n<title>Doppelherz aktiv Uricalm 30 Comprim\u00e9s - paragaleriedetalborjt<\/title>\n<meta name=\"robots\" content=\"index, follow, max-snippet:-1, max-image-preview:large, max-video-preview:-1\" \/>\n<link rel=\"canonical\" href=\"https:\/\/paragaleriedetalborjt.com\/en\/boutique\/doppelherz-aktiv-uricalm-30-comprimes\/\" \/>\n<meta property=\"og:locale\" content=\"en_US\" \/>\n<meta property=\"og:type\" content=\"article\" \/>\n<meta property=\"og:title\" content=\"Doppelherz aktiv Uricalm 30 Comprim\u00e9s - paragaleriedetalborjt\" \/>\n<meta property=\"og:description\" content=\"Highlights:400 mg Extrait de Cranberry50 mg Poudre de PissenlitConfort urinaire Aide \u00e0 pr\u00e9venir les infections urinaires r\u00e9p\u00e9titives\" \/>\n<meta property=\"og:url\" content=\"https:\/\/paragaleriedetalborjt.com\/en\/boutique\/doppelherz-aktiv-uricalm-30-comprimes\/\" \/>\n<meta property=\"og:site_name\" content=\"paragaleriedetalborjt\" \/>\n<meta property=\"og:image\" content=\"https:\/\/paragaleriedetalborjt.com\/wp-content\/uploads\/2026\/01\/uricalm.jpg\" \/>\n\t<meta property=\"og:image:width\" content=\"595\" \/>\n\t<meta property=\"og:image:height\" content=\"655\" \/>\n\t<meta property=\"og:image:type\" content=\"image\/jpeg\" \/>\n<meta name=\"twitter:card\" content=\"summary_large_image\" \/>\n<meta name=\"twitter:label1\" content=\"Est. reading time\" \/>\n\t<meta name=\"twitter:data1\" content=\"1 minute\" \/>\n<script type=\"application\/ld+json\" class=\"yoast-schema-graph\">{\"@context\":\"https:\\\/\\\/schema.org\",\"@graph\":[{\"@type\":\"WebPage\",\"@id\":\"https:\\\/\\\/paragaleriedetalborjt.com\\\/boutique\\\/doppelherz-aktiv-uricalm-30-comprimes\\\/\",\"url\":\"https:\\\/\\\/paragaleriedetalborjt.com\\\/boutique\\\/doppelherz-aktiv-uricalm-30-comprimes\\\/\",\"name\":\"Doppelherz aktiv Uricalm 30 Comprim\u00e9s - paragaleriedetalborjt\",\"isPartOf\":{\"@id\":\"https:\\\/\\\/paragaleriedetalborjt.com\\\/#website\"},\"primaryImageOfPage\":{\"@id\":\"https:\\\/\\\/paragaleriedetalborjt.com\\\/boutique\\\/doppelherz-aktiv-uricalm-30-comprimes\\\/#primaryimage\"},\"image\":{\"@id\":\"https:\\\/\\\/paragaleriedetalborjt.com\\\/boutique\\\/doppelherz-aktiv-uricalm-30-comprimes\\\/#primaryimage\"},\"thumbnailUrl\":\"https:\\\/\\\/paragaleriedetalborjt.com\\\/wp-content\\\/uploads\\\/2026\\\/01\\\/uricalm.jpg\",\"datePublished\":\"2026-01-03T22:38:23+00:00\",\"breadcrumb\":{\"@id\":\"https:\\\/\\\/paragaleriedetalborjt.com\\\/boutique\\\/doppelherz-aktiv-uricalm-30-comprimes\\\/#breadcrumb\"},\"inLanguage\":\"en-US\",\"potentialAction\":[{\"@type\":\"ReadAction\",\"target\":[\"https:\\\/\\\/paragaleriedetalborjt.com\\\/boutique\\\/doppelherz-aktiv-uricalm-30-comprimes\\\/\"]}]},{\"@type\":\"ImageObject\",\"inLanguage\":\"en-US\",\"@id\":\"https:\\\/\\\/paragaleriedetalborjt.com\\\/boutique\\\/doppelherz-aktiv-uricalm-30-comprimes\\\/#primaryimage\",\"url\":\"https:\\\/\\\/paragaleriedetalborjt.com\\\/wp-content\\\/uploads\\\/2026\\\/01\\\/uricalm.jpg\",\"contentUrl\":\"https:\\\/\\\/paragaleriedetalborjt.com\\\/wp-content\\\/uploads\\\/2026\\\/01\\\/uricalm.jpg\",\"width\":595,\"height\":655},{\"@type\":\"BreadcrumbList\",\"@id\":\"https:\\\/\\\/paragaleriedetalborjt.com\\\/boutique\\\/doppelherz-aktiv-uricalm-30-comprimes\\\/#breadcrumb\",\"itemListElement\":[{\"@type\":\"ListItem\",\"position\":1,\"name\":\"Accueil\",\"item\":\"https:\\\/\\\/paragaleriedetalborjt.com\\\/\"},{\"@type\":\"ListItem\",\"position\":2,\"name\":\"Boutique\",\"item\":\"https:\\\/\\\/paragaleriedetalborjt.com\\\/boutique\\\/\"},{\"@type\":\"ListItem\",\"position\":3,\"name\":\"Doppelherz aktiv Uricalm 30 Comprim\u00e9s\"}]},{\"@type\":\"WebSite\",\"@id\":\"https:\\\/\\\/paragaleriedetalborjt.com\\\/#website\",\"url\":\"https:\\\/\\\/paragaleriedetalborjt.com\\\/\",\"name\":\"paragaleriedetalborjt\",\"description\":\"\",\"potentialAction\":[{\"@type\":\"SearchAction\",\"target\":{\"@type\":\"EntryPoint\",\"urlTemplate\":\"https:\\\/\\\/paragaleriedetalborjt.com\\\/?s={search_term_string}\"},\"query-input\":{\"@type\":\"PropertyValueSpecification\",\"valueRequired\":true,\"valueName\":\"search_term_string\"}}],\"inLanguage\":\"en-US\"}]}<\/script>\n<!-- \/ Yoast SEO plugin. -->","yoast_head_json":{"title":"Doppelherz aktiv Uricalm 30 Comprim\u00e9s - paragaleriedetalborjt","robots":{"index":"index","follow":"follow","max-snippet":"max-snippet:-1","max-image-preview":"max-image-preview:large","max-video-preview":"max-video-preview:-1"},"canonical":"https:\/\/paragaleriedetalborjt.com\/en\/boutique\/doppelherz-aktiv-uricalm-30-comprimes\/","og_locale":"en_US","og_type":"article","og_title":"Doppelherz aktiv Uricalm 30 Comprim\u00e9s - paragaleriedetalborjt","og_description":"Highlights:400 mg Extrait de Cranberry50 mg Poudre de PissenlitConfort urinaire Aide \u00e0 pr\u00e9venir les infections urinaires r\u00e9p\u00e9titives","og_url":"https:\/\/paragaleriedetalborjt.com\/en\/boutique\/doppelherz-aktiv-uricalm-30-comprimes\/","og_site_name":"paragaleriedetalborjt","og_image":[{"width":595,"height":655,"url":"https:\/\/paragaleriedetalborjt.com\/wp-content\/uploads\/2026\/01\/uricalm.jpg","type":"image\/jpeg"}],"twitter_card":"summary_large_image","twitter_misc":{"Est. reading time":"1 minute"},"schema":{"@context":"https:\/\/schema.org","@graph":[{"@type":"WebPage","@id":"https:\/\/paragaleriedetalborjt.com\/boutique\/doppelherz-aktiv-uricalm-30-comprimes\/","url":"https:\/\/paragaleriedetalborjt.com\/boutique\/doppelherz-aktiv-uricalm-30-comprimes\/","name":"Doppelherz aktiv Uricalm 30 Comprim\u00e9s - paragaleriedetalborjt","isPartOf":{"@id":"https:\/\/paragaleriedetalborjt.com\/#website"},"primaryImageOfPage":{"@id":"https:\/\/paragaleriedetalborjt.com\/boutique\/doppelherz-aktiv-uricalm-30-comprimes\/#primaryimage"},"image":{"@id":"https:\/\/paragaleriedetalborjt.com\/boutique\/doppelherz-aktiv-uricalm-30-comprimes\/#primaryimage"},"thumbnailUrl":"https:\/\/paragaleriedetalborjt.com\/wp-content\/uploads\/2026\/01\/uricalm.jpg","datePublished":"2026-01-03T22:38:23+00:00","breadcrumb":{"@id":"https:\/\/paragaleriedetalborjt.com\/boutique\/doppelherz-aktiv-uricalm-30-comprimes\/#breadcrumb"},"inLanguage":"en-US","potentialAction":[{"@type":"ReadAction","target":["https:\/\/paragaleriedetalborjt.com\/boutique\/doppelherz-aktiv-uricalm-30-comprimes\/"]}]},{"@type":"ImageObject","inLanguage":"en-US","@id":"https:\/\/paragaleriedetalborjt.com\/boutique\/doppelherz-aktiv-uricalm-30-comprimes\/#primaryimage","url":"https:\/\/paragaleriedetalborjt.com\/wp-content\/uploads\/2026\/01\/uricalm.jpg","contentUrl":"https:\/\/paragaleriedetalborjt.com\/wp-content\/uploads\/2026\/01\/uricalm.jpg","width":595,"height":655},{"@type":"BreadcrumbList","@id":"https:\/\/paragaleriedetalborjt.com\/boutique\/doppelherz-aktiv-uricalm-30-comprimes\/#breadcrumb","itemListElement":[{"@type":"ListItem","position":1,"name":"Accueil","item":"https:\/\/paragaleriedetalborjt.com\/"},{"@type":"ListItem","position":2,"name":"Boutique","item":"https:\/\/paragaleriedetalborjt.com\/boutique\/"},{"@type":"ListItem","position":3,"name":"Doppelherz aktiv Uricalm 30 Comprim\u00e9s"}]},{"@type":"WebSite","@id":"https:\/\/paragaleriedetalborjt.com\/#website","url":"https:\/\/paragaleriedetalborjt.com\/","name":"paragaleriedetalborjt","description":"","potentialAction":[{"@type":"SearchAction","target":{"@type":"EntryPoint","urlTemplate":"https:\/\/paragaleriedetalborjt.com\/?s={search_term_string}"},"query-input":{"@type":"PropertyValueSpecification","valueRequired":true,"valueName":"search_term_string"}}],"inLanguage":"en-US"}]}},"brands":[{"id":1665,"name":"DOPPEL HERZ","slug":"doppel-herz"}],"_links":{"self":[{"href":"https:\/\/paragaleriedetalborjt.com\/en\/wp-json\/wp\/v2\/product\/45356","targetHints":{"allow":["GET"]}}],"collection":[{"href":"https:\/\/paragaleriedetalborjt.com\/en\/wp-json\/wp\/v2\/product"}],"about":[{"href":"https:\/\/paragaleriedetalborjt.com\/en\/wp-json\/wp\/v2\/types\/product"}],"replies":[{"embeddable":true,"href":"https:\/\/paragaleriedetalborjt.com\/en\/wp-json\/wp\/v2\/comments?post=45356"}],"version-history":[{"count":1,"href":"https:\/\/paragaleriedetalborjt.com\/en\/wp-json\/wp\/v2\/product\/45356\/revisions"}],"predecessor-version":[{"id":45358,"href":"https:\/\/paragaleriedetalborjt.com\/en\/wp-json\/wp\/v2\/product\/45356\/revisions\/45358"}],"wp:featuredmedia":[{"embeddable":true,"href":"https:\/\/paragaleriedetalborjt.com\/en\/wp-json\/wp\/v2\/media\/45357"}],"wp:attachment":[{"href":"https:\/\/paragaleriedetalborjt.com\/en\/wp-json\/wp\/v2\/media?parent=45356"}],"wp:term":[{"taxonomy":"pwb-brand","embeddable":true,"href":"https:\/\/paragaleriedetalborjt.com\/en\/wp-json\/wp\/v2\/pwb-brand?post=45356"},{"taxonomy":"product_cat","embeddable":true,"href":"https:\/\/paragaleriedetalborjt.com\/en\/wp-json\/wp\/v2\/product_cat?post=45356"},{"taxonomy":"product_tag","embeddable":true,"href":"https:\/\/paragaleriedetalborjt.com\/en\/wp-json\/wp\/v2\/product_tag?post=45356"}],"curies":[{"name":"wp","href":"https:\/\/api.w.org\/{rel}","templated":true}]}}