{"id":45350,"date":"2026-01-03T23:37:58","date_gmt":"2026-01-03T22:37:58","guid":{"rendered":"https:\/\/paragaleriedetalborjt.com\/?post_type=product&#038;p=45350"},"modified":"2026-01-03T23:37:59","modified_gmt":"2026-01-03T22:37:59","slug":"complemax-sublimes-90-gelules","status":"publish","type":"product","link":"https:\/\/paragaleriedetalborjt.com\/en\/boutique\/complemax-sublimes-90-gelules\/","title":{"rendered":"Complemax Sublimes 90 Gelules"},"content":{"rendered":"<div aria-labelledby=\"tab-title-description\" class=\"woocommerce-Tabs-panel woocommerce-Tabs-panel--description panel entry-content wc-tab\" id=\"tab-description\" role=\"tabpanel\" style=\"\">\n<h2>Description<\/h2>\n<div aria-hidden=\"true\" aria-label=\"myModalLabel\" class=\"modal fade in\" id=\"Modalquick\" role=\"dialog\" tabindex=\"-1\">\n<div class=\"modal-dialog modal-lg\">\n<div class=\"modal-content\">\n<form action=\"\">\n<div class=\"modal-body\">\n<div class=\"modal-quick-view\" id=\"quickyv\">\n<div class=\"row\">\n<div class=\"col-sm-7 col-lg-6\">\n<div class=\"product-info\">\n<div class=\"wrapper\"><\/div>\n<div class=\"wrapper\">Sublimes 90 g\u00e9lules est un compl\u00e9ment alimentaire \u00e9labor\u00e9 pour apporter un soutien holistique \u00e0 la sant\u00e9 et au bien \u00eatre.<\/div>\n<div class=\"wrapper\">Chaque g\u00e9lule renferme une combinaison \u00e9quilibr\u00e9e d\u2019ingr\u00e9dients soigneusement s\u00e9lectionn\u00e9s pour favoriser la vitalit\u00e9 et la beaut\u00e9 int\u00e9rieure. La formule sp\u00e9ciale de Sublimes vise \u00e0 nourrir le corps de l\u2019int\u00e9rieur. Avec des ingr\u00e9dients tels que des vitamines, des min\u00e9raux, et des extraits de plantes aux propri\u00e9t\u00e9s antioxydantes, ce compl\u00e9ment peut contribuer \u00e0 renforcer le syst\u00e8me immunitaire, \u00e0 favoriser la sant\u00e9 de la peau, des cheveux et des ongles, tout en soutenant l\u2019\u00e9nergie et la vitalit\u00e9 g\u00e9n\u00e9rales.<\/div>\n<\/div>\n<\/div>\n<\/div>\n<\/div>\n<\/div>\n<input type=\"hidden\" name=\"trp-form-language\" value=\"en\"\/><\/form>\n<\/div>\n<\/div>\n<\/div>\n<nav class=\"panel-menu\">\n<div class=\"mmpanels\">\n<div class=\"mmpanel mmopened mmcurrent\" id=\"mm0\">\n<p>\u00a0<\/p>\n<\/div>\n<\/div>\n<\/nav>\n<\/div>","protected":false},"excerpt":{"rendered":"<p>Highlights:Sant\u00e9 du diab\u00e8te<\/p>","protected":false},"featured_media":45351,"comment_status":"open","ping_status":"closed","template":"","meta":[],"pwb-brand":[1977],"product_cat":[16],"product_tag":[],"class_list":{"0":"post-45350","1":"product","2":"type-product","3":"status-publish","4":"has-post-thumbnail","6":"pwb-brand-complemax","7":"product_cat-non-classe","8":"pa_brands-complemax","10":"first","11":"instock","12":"sale","13":"shipping-taxable","14":"purchasable","15":"product-type-simple"},"yoast_head":"<!-- This site is optimized with the Yoast SEO plugin v27.5 - https:\/\/yoast.com\/product\/yoast-seo-wordpress\/ -->\n<title>Complemax Sublimes 90 Gelules - paragaleriedetalborjt<\/title>\n<meta name=\"robots\" content=\"index, follow, max-snippet:-1, max-image-preview:large, max-video-preview:-1\" \/>\n<link rel=\"canonical\" href=\"https:\/\/paragaleriedetalborjt.com\/en\/boutique\/complemax-sublimes-90-gelules\/\" \/>\n<meta property=\"og:locale\" content=\"en_US\" \/>\n<meta property=\"og:type\" content=\"article\" \/>\n<meta property=\"og:title\" content=\"Complemax Sublimes 90 Gelules - paragaleriedetalborjt\" \/>\n<meta property=\"og:description\" content=\"Highlights:Sant\u00e9 du diab\u00e8te\" \/>\n<meta property=\"og:url\" content=\"https:\/\/paragaleriedetalborjt.com\/en\/boutique\/complemax-sublimes-90-gelules\/\" \/>\n<meta property=\"og:site_name\" content=\"paragaleriedetalborjt\" \/>\n<meta property=\"article:modified_time\" content=\"2026-01-03T22:37:59+00:00\" \/>\n<meta property=\"og:image\" content=\"https:\/\/paragaleriedetalborjt.com\/wp-content\/uploads\/2026\/01\/4c7864da-6838-4f6c-a6b6-b9a293e7bc2b-600x454-1.jpg\" \/>\n\t<meta property=\"og:image:width\" content=\"600\" \/>\n\t<meta property=\"og:image:height\" content=\"454\" \/>\n\t<meta property=\"og:image:type\" content=\"image\/jpeg\" \/>\n<meta name=\"twitter:card\" content=\"summary_large_image\" \/>\n<meta name=\"twitter:label1\" content=\"Est. reading time\" \/>\n\t<meta name=\"twitter:data1\" content=\"1 minute\" \/>\n<script type=\"application\/ld+json\" class=\"yoast-schema-graph\">{\"@context\":\"https:\\\/\\\/schema.org\",\"@graph\":[{\"@type\":\"WebPage\",\"@id\":\"https:\\\/\\\/paragaleriedetalborjt.com\\\/boutique\\\/complemax-sublimes-90-gelules\\\/\",\"url\":\"https:\\\/\\\/paragaleriedetalborjt.com\\\/boutique\\\/complemax-sublimes-90-gelules\\\/\",\"name\":\"Complemax Sublimes 90 Gelules - paragaleriedetalborjt\",\"isPartOf\":{\"@id\":\"https:\\\/\\\/paragaleriedetalborjt.com\\\/#website\"},\"primaryImageOfPage\":{\"@id\":\"https:\\\/\\\/paragaleriedetalborjt.com\\\/boutique\\\/complemax-sublimes-90-gelules\\\/#primaryimage\"},\"image\":{\"@id\":\"https:\\\/\\\/paragaleriedetalborjt.com\\\/boutique\\\/complemax-sublimes-90-gelules\\\/#primaryimage\"},\"thumbnailUrl\":\"https:\\\/\\\/paragaleriedetalborjt.com\\\/wp-content\\\/uploads\\\/2026\\\/01\\\/4c7864da-6838-4f6c-a6b6-b9a293e7bc2b-600x454-1.jpg\",\"datePublished\":\"2026-01-03T22:37:58+00:00\",\"dateModified\":\"2026-01-03T22:37:59+00:00\",\"breadcrumb\":{\"@id\":\"https:\\\/\\\/paragaleriedetalborjt.com\\\/boutique\\\/complemax-sublimes-90-gelules\\\/#breadcrumb\"},\"inLanguage\":\"en-US\",\"potentialAction\":[{\"@type\":\"ReadAction\",\"target\":[\"https:\\\/\\\/paragaleriedetalborjt.com\\\/boutique\\\/complemax-sublimes-90-gelules\\\/\"]}]},{\"@type\":\"ImageObject\",\"inLanguage\":\"en-US\",\"@id\":\"https:\\\/\\\/paragaleriedetalborjt.com\\\/boutique\\\/complemax-sublimes-90-gelules\\\/#primaryimage\",\"url\":\"https:\\\/\\\/paragaleriedetalborjt.com\\\/wp-content\\\/uploads\\\/2026\\\/01\\\/4c7864da-6838-4f6c-a6b6-b9a293e7bc2b-600x454-1.jpg\",\"contentUrl\":\"https:\\\/\\\/paragaleriedetalborjt.com\\\/wp-content\\\/uploads\\\/2026\\\/01\\\/4c7864da-6838-4f6c-a6b6-b9a293e7bc2b-600x454-1.jpg\",\"width\":600,\"height\":454},{\"@type\":\"BreadcrumbList\",\"@id\":\"https:\\\/\\\/paragaleriedetalborjt.com\\\/boutique\\\/complemax-sublimes-90-gelules\\\/#breadcrumb\",\"itemListElement\":[{\"@type\":\"ListItem\",\"position\":1,\"name\":\"Accueil\",\"item\":\"https:\\\/\\\/paragaleriedetalborjt.com\\\/\"},{\"@type\":\"ListItem\",\"position\":2,\"name\":\"Boutique\",\"item\":\"https:\\\/\\\/paragaleriedetalborjt.com\\\/boutique\\\/\"},{\"@type\":\"ListItem\",\"position\":3,\"name\":\"Complemax Sublimes 90 Gelules\"}]},{\"@type\":\"WebSite\",\"@id\":\"https:\\\/\\\/paragaleriedetalborjt.com\\\/#website\",\"url\":\"https:\\\/\\\/paragaleriedetalborjt.com\\\/\",\"name\":\"paragaleriedetalborjt\",\"description\":\"\",\"potentialAction\":[{\"@type\":\"SearchAction\",\"target\":{\"@type\":\"EntryPoint\",\"urlTemplate\":\"https:\\\/\\\/paragaleriedetalborjt.com\\\/?s={search_term_string}\"},\"query-input\":{\"@type\":\"PropertyValueSpecification\",\"valueRequired\":true,\"valueName\":\"search_term_string\"}}],\"inLanguage\":\"en-US\"}]}<\/script>\n<!-- \/ Yoast SEO plugin. -->","yoast_head_json":{"title":"Complemax Sublimes 90 Gelules - paragaleriedetalborjt","robots":{"index":"index","follow":"follow","max-snippet":"max-snippet:-1","max-image-preview":"max-image-preview:large","max-video-preview":"max-video-preview:-1"},"canonical":"https:\/\/paragaleriedetalborjt.com\/en\/boutique\/complemax-sublimes-90-gelules\/","og_locale":"en_US","og_type":"article","og_title":"Complemax Sublimes 90 Gelules - paragaleriedetalborjt","og_description":"Highlights:Sant\u00e9 du diab\u00e8te","og_url":"https:\/\/paragaleriedetalborjt.com\/en\/boutique\/complemax-sublimes-90-gelules\/","og_site_name":"paragaleriedetalborjt","article_modified_time":"2026-01-03T22:37:59+00:00","og_image":[{"width":600,"height":454,"url":"https:\/\/paragaleriedetalborjt.com\/wp-content\/uploads\/2026\/01\/4c7864da-6838-4f6c-a6b6-b9a293e7bc2b-600x454-1.jpg","type":"image\/jpeg"}],"twitter_card":"summary_large_image","twitter_misc":{"Est. reading time":"1 minute"},"schema":{"@context":"https:\/\/schema.org","@graph":[{"@type":"WebPage","@id":"https:\/\/paragaleriedetalborjt.com\/boutique\/complemax-sublimes-90-gelules\/","url":"https:\/\/paragaleriedetalborjt.com\/boutique\/complemax-sublimes-90-gelules\/","name":"Complemax Sublimes 90 Gelules - paragaleriedetalborjt","isPartOf":{"@id":"https:\/\/paragaleriedetalborjt.com\/#website"},"primaryImageOfPage":{"@id":"https:\/\/paragaleriedetalborjt.com\/boutique\/complemax-sublimes-90-gelules\/#primaryimage"},"image":{"@id":"https:\/\/paragaleriedetalborjt.com\/boutique\/complemax-sublimes-90-gelules\/#primaryimage"},"thumbnailUrl":"https:\/\/paragaleriedetalborjt.com\/wp-content\/uploads\/2026\/01\/4c7864da-6838-4f6c-a6b6-b9a293e7bc2b-600x454-1.jpg","datePublished":"2026-01-03T22:37:58+00:00","dateModified":"2026-01-03T22:37:59+00:00","breadcrumb":{"@id":"https:\/\/paragaleriedetalborjt.com\/boutique\/complemax-sublimes-90-gelules\/#breadcrumb"},"inLanguage":"en-US","potentialAction":[{"@type":"ReadAction","target":["https:\/\/paragaleriedetalborjt.com\/boutique\/complemax-sublimes-90-gelules\/"]}]},{"@type":"ImageObject","inLanguage":"en-US","@id":"https:\/\/paragaleriedetalborjt.com\/boutique\/complemax-sublimes-90-gelules\/#primaryimage","url":"https:\/\/paragaleriedetalborjt.com\/wp-content\/uploads\/2026\/01\/4c7864da-6838-4f6c-a6b6-b9a293e7bc2b-600x454-1.jpg","contentUrl":"https:\/\/paragaleriedetalborjt.com\/wp-content\/uploads\/2026\/01\/4c7864da-6838-4f6c-a6b6-b9a293e7bc2b-600x454-1.jpg","width":600,"height":454},{"@type":"BreadcrumbList","@id":"https:\/\/paragaleriedetalborjt.com\/boutique\/complemax-sublimes-90-gelules\/#breadcrumb","itemListElement":[{"@type":"ListItem","position":1,"name":"Accueil","item":"https:\/\/paragaleriedetalborjt.com\/"},{"@type":"ListItem","position":2,"name":"Boutique","item":"https:\/\/paragaleriedetalborjt.com\/boutique\/"},{"@type":"ListItem","position":3,"name":"Complemax Sublimes 90 Gelules"}]},{"@type":"WebSite","@id":"https:\/\/paragaleriedetalborjt.com\/#website","url":"https:\/\/paragaleriedetalborjt.com\/","name":"paragaleriedetalborjt","description":"","potentialAction":[{"@type":"SearchAction","target":{"@type":"EntryPoint","urlTemplate":"https:\/\/paragaleriedetalborjt.com\/?s={search_term_string}"},"query-input":{"@type":"PropertyValueSpecification","valueRequired":true,"valueName":"search_term_string"}}],"inLanguage":"en-US"}]}},"brands":[{"id":1977,"name":"COMPLEMAX","slug":"complemax"}],"_links":{"self":[{"href":"https:\/\/paragaleriedetalborjt.com\/en\/wp-json\/wp\/v2\/product\/45350","targetHints":{"allow":["GET"]}}],"collection":[{"href":"https:\/\/paragaleriedetalborjt.com\/en\/wp-json\/wp\/v2\/product"}],"about":[{"href":"https:\/\/paragaleriedetalborjt.com\/en\/wp-json\/wp\/v2\/types\/product"}],"replies":[{"embeddable":true,"href":"https:\/\/paragaleriedetalborjt.com\/en\/wp-json\/wp\/v2\/comments?post=45350"}],"version-history":[{"count":1,"href":"https:\/\/paragaleriedetalborjt.com\/en\/wp-json\/wp\/v2\/product\/45350\/revisions"}],"predecessor-version":[{"id":45352,"href":"https:\/\/paragaleriedetalborjt.com\/en\/wp-json\/wp\/v2\/product\/45350\/revisions\/45352"}],"wp:featuredmedia":[{"embeddable":true,"href":"https:\/\/paragaleriedetalborjt.com\/en\/wp-json\/wp\/v2\/media\/45351"}],"wp:attachment":[{"href":"https:\/\/paragaleriedetalborjt.com\/en\/wp-json\/wp\/v2\/media?parent=45350"}],"wp:term":[{"taxonomy":"pwb-brand","embeddable":true,"href":"https:\/\/paragaleriedetalborjt.com\/en\/wp-json\/wp\/v2\/pwb-brand?post=45350"},{"taxonomy":"product_cat","embeddable":true,"href":"https:\/\/paragaleriedetalborjt.com\/en\/wp-json\/wp\/v2\/product_cat?post=45350"},{"taxonomy":"product_tag","embeddable":true,"href":"https:\/\/paragaleriedetalborjt.com\/en\/wp-json\/wp\/v2\/product_tag?post=45350"}],"curies":[{"name":"wp","href":"https:\/\/api.w.org\/{rel}","templated":true}]}}