{"id":45335,"date":"2026-01-03T23:37:17","date_gmt":"2026-01-03T22:37:17","guid":{"rendered":"https:\/\/paragaleriedetalborjt.com\/?post_type=product&#038;p=45335"},"modified":"2026-01-03T23:37:18","modified_gmt":"2026-01-03T22:37:18","slug":"oral-b-brosse-a-dents-3-effect-maxi-clean-40-medium","status":"publish","type":"product","link":"https:\/\/paragaleriedetalborjt.com\/en\/boutique\/oral-b-brosse-a-dents-3-effect-maxi-clean-40-medium\/","title":{"rendered":"Oral-B Brosse \u00e0 dents 3 Effect Maxi Clean 40 Medium"},"content":{"rendered":"<div aria-labelledby=\"tab-title-description\" class=\"woocommerce-Tabs-panel woocommerce-Tabs-panel--description panel entry-content wc-tab\" id=\"tab-description\" role=\"tabpanel\" style=\"\">\n<h2>Description<\/h2>\n<p>Qualit\u00e9 Oral-B. Technologie de brosse Maxi Clean.<\/p>\n<p>La brosse \u00e0 dents Maxi Clean allie qualit\u00e9 et innovation.<br \/>\nAvec ses poils uniques \u00e0 triple \u00e9ventail, sp\u00e9cialement con\u00e7us pour atteindre profond\u00e9ment entre les dents pour \u00e9liminer la plaque, le Maxi Clean.<br \/>\nLa brosse \u00e0 dents offre une performance de nettoyage exceptionnelle pour d\u2019excellents r\u00e9sultats.<\/p>\n<ul>\n<li>La pointe sur\u00e9lev\u00e9e est tuft\u00e9e pour entourer les dents arri\u00e8re.<\/li>\n<li>Les soies de l\u2019indicateur bleu s\u2019estompent avec l\u2019usage pour mesurer l\u2019usure et l\u2019efficacit\u00e9 restante de la brosse.<\/li>\n<li>Les poils \u00e0 triple \u00e9ventail sont con\u00e7us pour p\u00e9n\u00e9trer profond\u00e9ment entre les dents pour un nettoyage exceptionnel.<\/li>\n<li>La poign\u00e9e confortable offre confort et contr\u00f4le avec une poign\u00e9e ergonomique bi-mati\u00e8re.<\/li>\n<\/ul>\n<\/div>","protected":false},"excerpt":{"rendered":"<p>Highlights:Apr\u00e8s intervention, en cas d\u2019inflammations et de radioth\u00e9rapies buccales. D\u00e9velopp\u00e9e en collaboration avec l\u2019universit\u00e9 de Berne. 12000 filaments d\u2019un diam\u00e8tre de 0,06 mm.<\/p>","protected":false},"featured_media":45336,"comment_status":"open","ping_status":"closed","template":"","meta":[],"pwb-brand":[1922],"product_cat":[16],"product_tag":[],"class_list":{"0":"post-45335","1":"product","2":"type-product","3":"status-publish","4":"has-post-thumbnail","6":"pwb-brand-oral-b","7":"product_cat-non-classe","8":"pa_brands-oral-b","10":"first","11":"instock","12":"sale","13":"shipping-taxable","14":"purchasable","15":"product-type-simple"},"yoast_head":"<!-- This site is optimized with the Yoast SEO plugin v27.5 - https:\/\/yoast.com\/product\/yoast-seo-wordpress\/ -->\n<title>Oral-B Brosse \u00e0 dents 3 Effect Maxi Clean 40 Medium - paragaleriedetalborjt<\/title>\n<meta name=\"robots\" content=\"index, follow, max-snippet:-1, max-image-preview:large, max-video-preview:-1\" \/>\n<link rel=\"canonical\" href=\"https:\/\/paragaleriedetalborjt.com\/en\/boutique\/oral-b-brosse-a-dents-3-effect-maxi-clean-40-medium\/\" \/>\n<meta property=\"og:locale\" content=\"en_US\" \/>\n<meta property=\"og:type\" content=\"article\" \/>\n<meta property=\"og:title\" content=\"Oral-B Brosse \u00e0 dents 3 Effect Maxi Clean 40 Medium - paragaleriedetalborjt\" \/>\n<meta property=\"og:description\" content=\"Highlights:Apr\u00e8s intervention, en cas d\u2019inflammations et de radioth\u00e9rapies buccales. D\u00e9velopp\u00e9e en collaboration avec l\u2019universit\u00e9 de Berne. 12000 filaments d\u2019un diam\u00e8tre de 0,06 mm.\" \/>\n<meta property=\"og:url\" content=\"https:\/\/paragaleriedetalborjt.com\/en\/boutique\/oral-b-brosse-a-dents-3-effect-maxi-clean-40-medium\/\" \/>\n<meta property=\"og:site_name\" content=\"paragaleriedetalborjt\" \/>\n<meta property=\"article:modified_time\" content=\"2026-01-03T22:37:18+00:00\" \/>\n<meta property=\"og:image\" content=\"https:\/\/paragaleriedetalborjt.com\/wp-content\/uploads\/2026\/01\/New-Project-1-3-1.jpg\" \/>\n\t<meta property=\"og:image:width\" content=\"595\" \/>\n\t<meta property=\"og:image:height\" content=\"655\" \/>\n\t<meta property=\"og:image:type\" content=\"image\/jpeg\" \/>\n<meta name=\"twitter:card\" content=\"summary_large_image\" \/>\n<meta name=\"twitter:label1\" content=\"Est. reading time\" \/>\n\t<meta name=\"twitter:data1\" content=\"1 minute\" \/>\n<script type=\"application\/ld+json\" class=\"yoast-schema-graph\">{\"@context\":\"https:\\\/\\\/schema.org\",\"@graph\":[{\"@type\":\"WebPage\",\"@id\":\"https:\\\/\\\/paragaleriedetalborjt.com\\\/boutique\\\/oral-b-brosse-a-dents-3-effect-maxi-clean-40-medium\\\/\",\"url\":\"https:\\\/\\\/paragaleriedetalborjt.com\\\/boutique\\\/oral-b-brosse-a-dents-3-effect-maxi-clean-40-medium\\\/\",\"name\":\"Oral-B Brosse \u00e0 dents 3 Effect Maxi Clean 40 Medium - paragaleriedetalborjt\",\"isPartOf\":{\"@id\":\"https:\\\/\\\/paragaleriedetalborjt.com\\\/#website\"},\"primaryImageOfPage\":{\"@id\":\"https:\\\/\\\/paragaleriedetalborjt.com\\\/boutique\\\/oral-b-brosse-a-dents-3-effect-maxi-clean-40-medium\\\/#primaryimage\"},\"image\":{\"@id\":\"https:\\\/\\\/paragaleriedetalborjt.com\\\/boutique\\\/oral-b-brosse-a-dents-3-effect-maxi-clean-40-medium\\\/#primaryimage\"},\"thumbnailUrl\":\"https:\\\/\\\/paragaleriedetalborjt.com\\\/wp-content\\\/uploads\\\/2026\\\/01\\\/New-Project-1-3-1.jpg\",\"datePublished\":\"2026-01-03T22:37:17+00:00\",\"dateModified\":\"2026-01-03T22:37:18+00:00\",\"breadcrumb\":{\"@id\":\"https:\\\/\\\/paragaleriedetalborjt.com\\\/boutique\\\/oral-b-brosse-a-dents-3-effect-maxi-clean-40-medium\\\/#breadcrumb\"},\"inLanguage\":\"en-US\",\"potentialAction\":[{\"@type\":\"ReadAction\",\"target\":[\"https:\\\/\\\/paragaleriedetalborjt.com\\\/boutique\\\/oral-b-brosse-a-dents-3-effect-maxi-clean-40-medium\\\/\"]}]},{\"@type\":\"ImageObject\",\"inLanguage\":\"en-US\",\"@id\":\"https:\\\/\\\/paragaleriedetalborjt.com\\\/boutique\\\/oral-b-brosse-a-dents-3-effect-maxi-clean-40-medium\\\/#primaryimage\",\"url\":\"https:\\\/\\\/paragaleriedetalborjt.com\\\/wp-content\\\/uploads\\\/2026\\\/01\\\/New-Project-1-3-1.jpg\",\"contentUrl\":\"https:\\\/\\\/paragaleriedetalborjt.com\\\/wp-content\\\/uploads\\\/2026\\\/01\\\/New-Project-1-3-1.jpg\",\"width\":595,\"height\":655},{\"@type\":\"BreadcrumbList\",\"@id\":\"https:\\\/\\\/paragaleriedetalborjt.com\\\/boutique\\\/oral-b-brosse-a-dents-3-effect-maxi-clean-40-medium\\\/#breadcrumb\",\"itemListElement\":[{\"@type\":\"ListItem\",\"position\":1,\"name\":\"Accueil\",\"item\":\"https:\\\/\\\/paragaleriedetalborjt.com\\\/\"},{\"@type\":\"ListItem\",\"position\":2,\"name\":\"Boutique\",\"item\":\"https:\\\/\\\/paragaleriedetalborjt.com\\\/boutique\\\/\"},{\"@type\":\"ListItem\",\"position\":3,\"name\":\"Oral-B Brosse \u00e0 dents 3 Effect Maxi Clean 40 Medium\"}]},{\"@type\":\"WebSite\",\"@id\":\"https:\\\/\\\/paragaleriedetalborjt.com\\\/#website\",\"url\":\"https:\\\/\\\/paragaleriedetalborjt.com\\\/\",\"name\":\"paragaleriedetalborjt\",\"description\":\"\",\"potentialAction\":[{\"@type\":\"SearchAction\",\"target\":{\"@type\":\"EntryPoint\",\"urlTemplate\":\"https:\\\/\\\/paragaleriedetalborjt.com\\\/?s={search_term_string}\"},\"query-input\":{\"@type\":\"PropertyValueSpecification\",\"valueRequired\":true,\"valueName\":\"search_term_string\"}}],\"inLanguage\":\"en-US\"}]}<\/script>\n<!-- \/ Yoast SEO plugin. -->","yoast_head_json":{"title":"Oral-B Brosse \u00e0 dents 3 Effect Maxi Clean 40 Medium - paragaleriedetalborjt","robots":{"index":"index","follow":"follow","max-snippet":"max-snippet:-1","max-image-preview":"max-image-preview:large","max-video-preview":"max-video-preview:-1"},"canonical":"https:\/\/paragaleriedetalborjt.com\/en\/boutique\/oral-b-brosse-a-dents-3-effect-maxi-clean-40-medium\/","og_locale":"en_US","og_type":"article","og_title":"Oral-B Brosse \u00e0 dents 3 Effect Maxi Clean 40 Medium - paragaleriedetalborjt","og_description":"Highlights:Apr\u00e8s intervention, en cas d\u2019inflammations et de radioth\u00e9rapies buccales. D\u00e9velopp\u00e9e en collaboration avec l\u2019universit\u00e9 de Berne. 12000 filaments d\u2019un diam\u00e8tre de 0,06 mm.","og_url":"https:\/\/paragaleriedetalborjt.com\/en\/boutique\/oral-b-brosse-a-dents-3-effect-maxi-clean-40-medium\/","og_site_name":"paragaleriedetalborjt","article_modified_time":"2026-01-03T22:37:18+00:00","og_image":[{"width":595,"height":655,"url":"https:\/\/paragaleriedetalborjt.com\/wp-content\/uploads\/2026\/01\/New-Project-1-3-1.jpg","type":"image\/jpeg"}],"twitter_card":"summary_large_image","twitter_misc":{"Est. reading time":"1 minute"},"schema":{"@context":"https:\/\/schema.org","@graph":[{"@type":"WebPage","@id":"https:\/\/paragaleriedetalborjt.com\/boutique\/oral-b-brosse-a-dents-3-effect-maxi-clean-40-medium\/","url":"https:\/\/paragaleriedetalborjt.com\/boutique\/oral-b-brosse-a-dents-3-effect-maxi-clean-40-medium\/","name":"Oral-B Brosse \u00e0 dents 3 Effect Maxi Clean 40 Medium - paragaleriedetalborjt","isPartOf":{"@id":"https:\/\/paragaleriedetalborjt.com\/#website"},"primaryImageOfPage":{"@id":"https:\/\/paragaleriedetalborjt.com\/boutique\/oral-b-brosse-a-dents-3-effect-maxi-clean-40-medium\/#primaryimage"},"image":{"@id":"https:\/\/paragaleriedetalborjt.com\/boutique\/oral-b-brosse-a-dents-3-effect-maxi-clean-40-medium\/#primaryimage"},"thumbnailUrl":"https:\/\/paragaleriedetalborjt.com\/wp-content\/uploads\/2026\/01\/New-Project-1-3-1.jpg","datePublished":"2026-01-03T22:37:17+00:00","dateModified":"2026-01-03T22:37:18+00:00","breadcrumb":{"@id":"https:\/\/paragaleriedetalborjt.com\/boutique\/oral-b-brosse-a-dents-3-effect-maxi-clean-40-medium\/#breadcrumb"},"inLanguage":"en-US","potentialAction":[{"@type":"ReadAction","target":["https:\/\/paragaleriedetalborjt.com\/boutique\/oral-b-brosse-a-dents-3-effect-maxi-clean-40-medium\/"]}]},{"@type":"ImageObject","inLanguage":"en-US","@id":"https:\/\/paragaleriedetalborjt.com\/boutique\/oral-b-brosse-a-dents-3-effect-maxi-clean-40-medium\/#primaryimage","url":"https:\/\/paragaleriedetalborjt.com\/wp-content\/uploads\/2026\/01\/New-Project-1-3-1.jpg","contentUrl":"https:\/\/paragaleriedetalborjt.com\/wp-content\/uploads\/2026\/01\/New-Project-1-3-1.jpg","width":595,"height":655},{"@type":"BreadcrumbList","@id":"https:\/\/paragaleriedetalborjt.com\/boutique\/oral-b-brosse-a-dents-3-effect-maxi-clean-40-medium\/#breadcrumb","itemListElement":[{"@type":"ListItem","position":1,"name":"Accueil","item":"https:\/\/paragaleriedetalborjt.com\/"},{"@type":"ListItem","position":2,"name":"Boutique","item":"https:\/\/paragaleriedetalborjt.com\/boutique\/"},{"@type":"ListItem","position":3,"name":"Oral-B Brosse \u00e0 dents 3 Effect Maxi Clean 40 Medium"}]},{"@type":"WebSite","@id":"https:\/\/paragaleriedetalborjt.com\/#website","url":"https:\/\/paragaleriedetalborjt.com\/","name":"paragaleriedetalborjt","description":"","potentialAction":[{"@type":"SearchAction","target":{"@type":"EntryPoint","urlTemplate":"https:\/\/paragaleriedetalborjt.com\/?s={search_term_string}"},"query-input":{"@type":"PropertyValueSpecification","valueRequired":true,"valueName":"search_term_string"}}],"inLanguage":"en-US"}]}},"brands":[{"id":1922,"name":"oral-B","slug":"oral-b"}],"_links":{"self":[{"href":"https:\/\/paragaleriedetalborjt.com\/en\/wp-json\/wp\/v2\/product\/45335","targetHints":{"allow":["GET"]}}],"collection":[{"href":"https:\/\/paragaleriedetalborjt.com\/en\/wp-json\/wp\/v2\/product"}],"about":[{"href":"https:\/\/paragaleriedetalborjt.com\/en\/wp-json\/wp\/v2\/types\/product"}],"replies":[{"embeddable":true,"href":"https:\/\/paragaleriedetalborjt.com\/en\/wp-json\/wp\/v2\/comments?post=45335"}],"version-history":[{"count":1,"href":"https:\/\/paragaleriedetalborjt.com\/en\/wp-json\/wp\/v2\/product\/45335\/revisions"}],"predecessor-version":[{"id":45337,"href":"https:\/\/paragaleriedetalborjt.com\/en\/wp-json\/wp\/v2\/product\/45335\/revisions\/45337"}],"wp:featuredmedia":[{"embeddable":true,"href":"https:\/\/paragaleriedetalborjt.com\/en\/wp-json\/wp\/v2\/media\/45336"}],"wp:attachment":[{"href":"https:\/\/paragaleriedetalborjt.com\/en\/wp-json\/wp\/v2\/media?parent=45335"}],"wp:term":[{"taxonomy":"pwb-brand","embeddable":true,"href":"https:\/\/paragaleriedetalborjt.com\/en\/wp-json\/wp\/v2\/pwb-brand?post=45335"},{"taxonomy":"product_cat","embeddable":true,"href":"https:\/\/paragaleriedetalborjt.com\/en\/wp-json\/wp\/v2\/product_cat?post=45335"},{"taxonomy":"product_tag","embeddable":true,"href":"https:\/\/paragaleriedetalborjt.com\/en\/wp-json\/wp\/v2\/product_tag?post=45335"}],"curies":[{"name":"wp","href":"https:\/\/api.w.org\/{rel}","templated":true}]}}