{"id":45326,"date":"2026-01-03T23:36:55","date_gmt":"2026-01-03T22:36:55","guid":{"rendered":"https:\/\/paragaleriedetalborjt.com\/?post_type=product&#038;p=45326"},"modified":"2026-01-03T23:36:55","modified_gmt":"2026-01-03T22:36:55","slug":"oral-b-pro-expert-brosse-a-dents-a-piles","status":"publish","type":"product","link":"https:\/\/paragaleriedetalborjt.com\/en\/boutique\/oral-b-pro-expert-brosse-a-dents-a-piles\/","title":{"rendered":"Oral-B Pro-Expert Brosse \u00e0 dents \u00e0 piles"},"content":{"rendered":"<div aria-labelledby=\"tab-title-description\" class=\"woocommerce-Tabs-panel woocommerce-Tabs-panel--description panel entry-content wc-tab\" id=\"tab-description\" role=\"tabpanel\" style=\"\">\n<h2>Description<\/h2>\n<ul class=\"a-unordered-list a-vertical a-spacing-mini\">\n<li><span class=\"a-list-item\">Brosse \u00e0 dents \u00e0 piles<\/span><\/li>\n<li><span class=\"a-list-item\">Elimine plus de plaque qu\u2019une brosse \u00e0 dents manuelle classique<\/span><\/li>\n<li><span class=\"a-list-item\">Pour des gencives en bonne sant\u00e9<\/span><\/li>\n<li><span class=\"a-list-item\">Manche ergonomique<\/span><\/li>\n<li><span class=\"a-list-item\">Contenu : 1 brosse \u00e0 dents, 1 brossette Precision Clean, 2 piles<\/span><\/li>\n<li><span class=\"a-list-item\">Compatible avec toutes les brossettes (hors Pulsonic et Sonic)<\/span><\/li>\n<li><span class=\"a-list-item\">Changez de brossette tous les trois mois pour une hygi\u00e8ne optimale<\/span><\/li>\n<\/ul>\n<\/div>","protected":false},"excerpt":{"rendered":"<p>Highlights:\u00ab Best seller \u00bb des brosses Elgydium, la brosse \u00e0 dents ELGYDIUM INTERACTIVE est d\u00f4t\u00e9e de 2 hauteurs de brins : des brins courts pour l\u2019\u00e9mail, des brins longs pour les espaces interdentaires et le massage des gencives.<\/p>","protected":false},"featured_media":45327,"comment_status":"open","ping_status":"closed","template":"","meta":[],"pwb-brand":[1922],"product_cat":[16],"product_tag":[],"class_list":{"0":"post-45326","1":"product","2":"type-product","3":"status-publish","4":"has-post-thumbnail","6":"pwb-brand-oral-b","7":"product_cat-non-classe","8":"pa_brands-oral-b","10":"first","11":"instock","12":"sale","13":"shipping-taxable","14":"purchasable","15":"product-type-simple"},"yoast_head":"<!-- This site is optimized with the Yoast SEO plugin v27.5 - https:\/\/yoast.com\/product\/yoast-seo-wordpress\/ -->\n<title>Oral-B Pro-Expert Brosse \u00e0 dents \u00e0 piles - paragaleriedetalborjt<\/title>\n<meta name=\"robots\" content=\"index, follow, max-snippet:-1, max-image-preview:large, max-video-preview:-1\" \/>\n<link rel=\"canonical\" href=\"https:\/\/paragaleriedetalborjt.com\/en\/boutique\/oral-b-pro-expert-brosse-a-dents-a-piles\/\" \/>\n<meta property=\"og:locale\" content=\"en_US\" \/>\n<meta property=\"og:type\" content=\"article\" \/>\n<meta property=\"og:title\" content=\"Oral-B Pro-Expert Brosse \u00e0 dents \u00e0 piles - paragaleriedetalborjt\" \/>\n<meta property=\"og:description\" content=\"Highlights:\u00ab Best seller \u00bb des brosses Elgydium, la brosse \u00e0 dents ELGYDIUM INTERACTIVE est d\u00f4t\u00e9e de 2 hauteurs de brins : des brins courts pour l\u2019\u00e9mail, des brins longs pour les espaces interdentaires et le massage des gencives.\" \/>\n<meta property=\"og:url\" content=\"https:\/\/paragaleriedetalborjt.com\/en\/boutique\/oral-b-pro-expert-brosse-a-dents-a-piles\/\" \/>\n<meta property=\"og:site_name\" content=\"paragaleriedetalborjt\" \/>\n<meta property=\"og:image\" content=\"https:\/\/paragaleriedetalborjt.com\/wp-content\/uploads\/2026\/01\/New-Project-7-1-2.jpg\" \/>\n\t<meta property=\"og:image:width\" content=\"595\" \/>\n\t<meta property=\"og:image:height\" content=\"655\" \/>\n\t<meta property=\"og:image:type\" content=\"image\/jpeg\" \/>\n<meta name=\"twitter:card\" content=\"summary_large_image\" \/>\n<script type=\"application\/ld+json\" class=\"yoast-schema-graph\">{\"@context\":\"https:\\\/\\\/schema.org\",\"@graph\":[{\"@type\":\"WebPage\",\"@id\":\"https:\\\/\\\/paragaleriedetalborjt.com\\\/boutique\\\/oral-b-pro-expert-brosse-a-dents-a-piles\\\/\",\"url\":\"https:\\\/\\\/paragaleriedetalborjt.com\\\/boutique\\\/oral-b-pro-expert-brosse-a-dents-a-piles\\\/\",\"name\":\"Oral-B Pro-Expert Brosse \u00e0 dents \u00e0 piles - paragaleriedetalborjt\",\"isPartOf\":{\"@id\":\"https:\\\/\\\/paragaleriedetalborjt.com\\\/#website\"},\"primaryImageOfPage\":{\"@id\":\"https:\\\/\\\/paragaleriedetalborjt.com\\\/boutique\\\/oral-b-pro-expert-brosse-a-dents-a-piles\\\/#primaryimage\"},\"image\":{\"@id\":\"https:\\\/\\\/paragaleriedetalborjt.com\\\/boutique\\\/oral-b-pro-expert-brosse-a-dents-a-piles\\\/#primaryimage\"},\"thumbnailUrl\":\"https:\\\/\\\/paragaleriedetalborjt.com\\\/wp-content\\\/uploads\\\/2026\\\/01\\\/New-Project-7-1-2.jpg\",\"datePublished\":\"2026-01-03T22:36:55+00:00\",\"breadcrumb\":{\"@id\":\"https:\\\/\\\/paragaleriedetalborjt.com\\\/boutique\\\/oral-b-pro-expert-brosse-a-dents-a-piles\\\/#breadcrumb\"},\"inLanguage\":\"en-US\",\"potentialAction\":[{\"@type\":\"ReadAction\",\"target\":[\"https:\\\/\\\/paragaleriedetalborjt.com\\\/boutique\\\/oral-b-pro-expert-brosse-a-dents-a-piles\\\/\"]}]},{\"@type\":\"ImageObject\",\"inLanguage\":\"en-US\",\"@id\":\"https:\\\/\\\/paragaleriedetalborjt.com\\\/boutique\\\/oral-b-pro-expert-brosse-a-dents-a-piles\\\/#primaryimage\",\"url\":\"https:\\\/\\\/paragaleriedetalborjt.com\\\/wp-content\\\/uploads\\\/2026\\\/01\\\/New-Project-7-1-2.jpg\",\"contentUrl\":\"https:\\\/\\\/paragaleriedetalborjt.com\\\/wp-content\\\/uploads\\\/2026\\\/01\\\/New-Project-7-1-2.jpg\",\"width\":595,\"height\":655},{\"@type\":\"BreadcrumbList\",\"@id\":\"https:\\\/\\\/paragaleriedetalborjt.com\\\/boutique\\\/oral-b-pro-expert-brosse-a-dents-a-piles\\\/#breadcrumb\",\"itemListElement\":[{\"@type\":\"ListItem\",\"position\":1,\"name\":\"Accueil\",\"item\":\"https:\\\/\\\/paragaleriedetalborjt.com\\\/\"},{\"@type\":\"ListItem\",\"position\":2,\"name\":\"Boutique\",\"item\":\"https:\\\/\\\/paragaleriedetalborjt.com\\\/boutique\\\/\"},{\"@type\":\"ListItem\",\"position\":3,\"name\":\"Oral-B Pro-Expert Brosse \u00e0 dents \u00e0 piles\"}]},{\"@type\":\"WebSite\",\"@id\":\"https:\\\/\\\/paragaleriedetalborjt.com\\\/#website\",\"url\":\"https:\\\/\\\/paragaleriedetalborjt.com\\\/\",\"name\":\"paragaleriedetalborjt\",\"description\":\"\",\"potentialAction\":[{\"@type\":\"SearchAction\",\"target\":{\"@type\":\"EntryPoint\",\"urlTemplate\":\"https:\\\/\\\/paragaleriedetalborjt.com\\\/?s={search_term_string}\"},\"query-input\":{\"@type\":\"PropertyValueSpecification\",\"valueRequired\":true,\"valueName\":\"search_term_string\"}}],\"inLanguage\":\"en-US\"}]}<\/script>\n<!-- \/ Yoast SEO plugin. -->","yoast_head_json":{"title":"Oral-B Pro-Expert Brosse \u00e0 dents \u00e0 piles - paragaleriedetalborjt","robots":{"index":"index","follow":"follow","max-snippet":"max-snippet:-1","max-image-preview":"max-image-preview:large","max-video-preview":"max-video-preview:-1"},"canonical":"https:\/\/paragaleriedetalborjt.com\/en\/boutique\/oral-b-pro-expert-brosse-a-dents-a-piles\/","og_locale":"en_US","og_type":"article","og_title":"Oral-B Pro-Expert Brosse \u00e0 dents \u00e0 piles - paragaleriedetalborjt","og_description":"Highlights:\u00ab Best seller \u00bb des brosses Elgydium, la brosse \u00e0 dents ELGYDIUM INTERACTIVE est d\u00f4t\u00e9e de 2 hauteurs de brins : des brins courts pour l\u2019\u00e9mail, des brins longs pour les espaces interdentaires et le massage des gencives.","og_url":"https:\/\/paragaleriedetalborjt.com\/en\/boutique\/oral-b-pro-expert-brosse-a-dents-a-piles\/","og_site_name":"paragaleriedetalborjt","og_image":[{"width":595,"height":655,"url":"https:\/\/paragaleriedetalborjt.com\/wp-content\/uploads\/2026\/01\/New-Project-7-1-2.jpg","type":"image\/jpeg"}],"twitter_card":"summary_large_image","schema":{"@context":"https:\/\/schema.org","@graph":[{"@type":"WebPage","@id":"https:\/\/paragaleriedetalborjt.com\/boutique\/oral-b-pro-expert-brosse-a-dents-a-piles\/","url":"https:\/\/paragaleriedetalborjt.com\/boutique\/oral-b-pro-expert-brosse-a-dents-a-piles\/","name":"Oral-B Pro-Expert Brosse \u00e0 dents \u00e0 piles - paragaleriedetalborjt","isPartOf":{"@id":"https:\/\/paragaleriedetalborjt.com\/#website"},"primaryImageOfPage":{"@id":"https:\/\/paragaleriedetalborjt.com\/boutique\/oral-b-pro-expert-brosse-a-dents-a-piles\/#primaryimage"},"image":{"@id":"https:\/\/paragaleriedetalborjt.com\/boutique\/oral-b-pro-expert-brosse-a-dents-a-piles\/#primaryimage"},"thumbnailUrl":"https:\/\/paragaleriedetalborjt.com\/wp-content\/uploads\/2026\/01\/New-Project-7-1-2.jpg","datePublished":"2026-01-03T22:36:55+00:00","breadcrumb":{"@id":"https:\/\/paragaleriedetalborjt.com\/boutique\/oral-b-pro-expert-brosse-a-dents-a-piles\/#breadcrumb"},"inLanguage":"en-US","potentialAction":[{"@type":"ReadAction","target":["https:\/\/paragaleriedetalborjt.com\/boutique\/oral-b-pro-expert-brosse-a-dents-a-piles\/"]}]},{"@type":"ImageObject","inLanguage":"en-US","@id":"https:\/\/paragaleriedetalborjt.com\/boutique\/oral-b-pro-expert-brosse-a-dents-a-piles\/#primaryimage","url":"https:\/\/paragaleriedetalborjt.com\/wp-content\/uploads\/2026\/01\/New-Project-7-1-2.jpg","contentUrl":"https:\/\/paragaleriedetalborjt.com\/wp-content\/uploads\/2026\/01\/New-Project-7-1-2.jpg","width":595,"height":655},{"@type":"BreadcrumbList","@id":"https:\/\/paragaleriedetalborjt.com\/boutique\/oral-b-pro-expert-brosse-a-dents-a-piles\/#breadcrumb","itemListElement":[{"@type":"ListItem","position":1,"name":"Accueil","item":"https:\/\/paragaleriedetalborjt.com\/"},{"@type":"ListItem","position":2,"name":"Boutique","item":"https:\/\/paragaleriedetalborjt.com\/boutique\/"},{"@type":"ListItem","position":3,"name":"Oral-B Pro-Expert Brosse \u00e0 dents \u00e0 piles"}]},{"@type":"WebSite","@id":"https:\/\/paragaleriedetalborjt.com\/#website","url":"https:\/\/paragaleriedetalborjt.com\/","name":"paragaleriedetalborjt","description":"","potentialAction":[{"@type":"SearchAction","target":{"@type":"EntryPoint","urlTemplate":"https:\/\/paragaleriedetalborjt.com\/?s={search_term_string}"},"query-input":{"@type":"PropertyValueSpecification","valueRequired":true,"valueName":"search_term_string"}}],"inLanguage":"en-US"}]}},"brands":[{"id":1922,"name":"oral-B","slug":"oral-b"}],"_links":{"self":[{"href":"https:\/\/paragaleriedetalborjt.com\/en\/wp-json\/wp\/v2\/product\/45326","targetHints":{"allow":["GET"]}}],"collection":[{"href":"https:\/\/paragaleriedetalborjt.com\/en\/wp-json\/wp\/v2\/product"}],"about":[{"href":"https:\/\/paragaleriedetalborjt.com\/en\/wp-json\/wp\/v2\/types\/product"}],"replies":[{"embeddable":true,"href":"https:\/\/paragaleriedetalborjt.com\/en\/wp-json\/wp\/v2\/comments?post=45326"}],"version-history":[{"count":1,"href":"https:\/\/paragaleriedetalborjt.com\/en\/wp-json\/wp\/v2\/product\/45326\/revisions"}],"predecessor-version":[{"id":45328,"href":"https:\/\/paragaleriedetalborjt.com\/en\/wp-json\/wp\/v2\/product\/45326\/revisions\/45328"}],"wp:featuredmedia":[{"embeddable":true,"href":"https:\/\/paragaleriedetalborjt.com\/en\/wp-json\/wp\/v2\/media\/45327"}],"wp:attachment":[{"href":"https:\/\/paragaleriedetalborjt.com\/en\/wp-json\/wp\/v2\/media?parent=45326"}],"wp:term":[{"taxonomy":"pwb-brand","embeddable":true,"href":"https:\/\/paragaleriedetalborjt.com\/en\/wp-json\/wp\/v2\/pwb-brand?post=45326"},{"taxonomy":"product_cat","embeddable":true,"href":"https:\/\/paragaleriedetalborjt.com\/en\/wp-json\/wp\/v2\/product_cat?post=45326"},{"taxonomy":"product_tag","embeddable":true,"href":"https:\/\/paragaleriedetalborjt.com\/en\/wp-json\/wp\/v2\/product_tag?post=45326"}],"curies":[{"name":"wp","href":"https:\/\/api.w.org\/{rel}","templated":true}]}}